{"id":1002,"date":"2016-08-26T17:00:51","date_gmt":"2016-08-26T21:00:51","guid":{"rendered":"https:\/\/acadiantest.cocompass.com\/?page_id=1002"},"modified":"2018-11-25T15:17:17","modified_gmt":"2018-11-25T20:17:17","slug":"preliminary-program","status":"publish","type":"page","link":"https:\/\/acadiantest.cocompass.com\/fr\/culture\/acadian-world-congresscongres-mondial-acadien\/2014-acadian-world-congress\/preliminary-program\/","title":{"rendered":"Preliminary Program"},"content":{"rendered":"<p>&nbsp;<\/p>\n<p align=\"center\">2014 WAC organizers unveil preliminary program and announce first partners<br \/>\nWritten by CMA &#8211; WAC 2014. Posted in Press releases<\/p>\n<p align=\"center\">June 30, 2011<\/p>\n<p>Edmundston, NEW BRUNSWICK &#8211; The organizing committee of the 2014 World Acadian Congress today announced the preliminary program of events for the fifth Congress and the many partnerships that have been forged to date between the international organizing committee and businesses, government entities and organizations.<\/p>\n<p>In the presence of the regional committees and representatives of the participating governments of the three regions of Acadia of the Lands and Forests (New Brunswick-Maine-T\u00e9miscouata), the international chairman of the WAC, Emilien Nadeau, accompanied by members of his team and staff, also presented the organizational and operational structure for the event to be held from August 8 through 24, 2014.<\/p>\n<p>The kickoff of the organization of family reunions, which is central to the attraction of a large number of visitors, was unveiled on June 7 in Maine. The aim is to have 120 families reunite. Entry forms are already being received.<\/p>\n<p>The preliminary program of activities for the Congress in 2014 provides a good overview of the event calendar as it will develop in the coming months and years. The organizing committee unveiled its first list of activities in preparation for the 2014 Congress.<\/p>\n<p>\u2022 Pre-Congress Activities<\/p>\n<p>\u2022 Activities organized by the CMA and parallel activities up to 2014<\/p>\n<p>\u2022 Major events:<\/p>\n<p>\u2022 Opening ceremonies, August 8, 2014 (NB)<\/p>\n<p>\u2022 Acadian National Day, August 15, 2014 (ME)<\/p>\n<p>\u2022 Closing Ceremonies August 24, 2014 (QC)<\/p>\n<p>\u2022 Family reunions<\/p>\n<p>\u2022 Goal of 120 families<\/p>\n<p>\u2022 Community programming<\/p>\n<p>\u2022 Goal of one activity in each community<\/p>\n<p>\u2022 Heritage and outdoor activities<\/p>\n<p>\u2022 Regional Projects<\/p>\n<p>\u2022 Local projects<\/p>\n<p>\u2022 The international showcase<br \/>\n\u2022 The Large Youth Rally<br \/>\n\u2022 The Women&#8217;s Summit<br \/>\n\u2022 Forums \/Conferences \/ Roundtables<br \/>\n&#8211; 2014 WAC legacy and future component<br \/>\n&#8211; (UMCE, University of Maine at Fort Kent, UQAR)<br \/>\n&#8211; Economic component<br \/>\n&#8211; (Entreprise Mad., Vic., Rest., SADC T\u00e9mis, NMDC)<br \/>\n&#8211; International cooperation component<br \/>\n&#8211; (CND, US, NB, QC, and ME)<br \/>\n&#8211; Local government component<br \/>\n&#8211; (AFMNB, MRC and Maine)<br \/>\n&#8211; Sports and leisure component<br \/>\n&#8211; (Senior games, golf tournaments, etc.).<br \/>\n&#8211; Agriculture and forestry component<br \/>\n&#8211; And others<\/p>\n<p>\u2022 Theme days (inclusive)<\/p>\n<p>&#8211; Acadia of the Lands and Forests day<br \/>\n&#8211; Acadia Atlantic day<br \/>\n&#8211; Louisiana and Cajuns day<br \/>\n&#8211; Francophonie Canadian day<\/p>\n<p>&#8211; Francophonie International day<\/p>\n<p>&#8211; France day<br \/>\n&#8211; Maine day<br \/>\n&#8211; New Brunswick day<br \/>\n&#8211; Quebec day<br \/>\n&#8211; Scouts and girl guides day<br \/>\n&#8211; Children\u2019s day<br \/>\n&#8211; And other theme days<\/p>\n<p>\u2022 And many other events<\/p>\n<p>Given the international nature of the event, partnerships are crucial to the success of the project. Supported by a growing team, the executive director of the 2014 WAC, L\u00e9o-Paul Charest, has entered into numerous partnerships throughout the international region in recent months. This list will grow over the coming months with the development of a major sponsorship program.<\/p>\n<p>Here is the list of partners to date: (In alphabetical order)<\/p>\n<p>\u00b7 Centre local de d\u00e9veloppement du T\u00e9miscouata<\/p>\n<p>\u00b7 Centre local d\u2019emploi de Cabano<\/p>\n<p>\u00b7 \u00c9difice Maillet incorpor\u00e9<\/p>\n<p>\u00b7 Forum des maires et les municipalit\u00e9s du nord ouest du Nouveau-Brunswick<\/p>\n<p>\u00b7 Fromagerie Le D\u00e9tour<\/p>\n<p>\u00b7 Gauvin Family<\/p>\n<p>\u00b7 Gouvernement du Canada, Minist\u00e8re du Patrimoine Canadien \/ Government of Canada, Canadian Heritage<\/p>\n<p>\u00b7 Government of the State of Maine<\/p>\n<p>\u00b7 Gouvernement du Nouveau-Brunswick \/ Government of New-Brunswick<\/p>\n<p>\u00b7 Gouvernement du Qu\u00e9bec<\/p>\n<p>\u00b7 J.P. Martin and Sons Construction<\/p>\n<p>\u00b7 L\u2019association des scouts des provinces atlantiques<\/p>\n<p>\u00b7 Maine Acadian Heritage Council and the municipalities of the St-John Valley<\/p>\n<p>\u00b7 Municipalit\u00e9 r\u00e9gional de comt\u00e9 et les municipalit\u00e9s du T\u00e9miscouata<\/p>\n<p>\u00b7 Norstate Federal Credit Union<\/p>\n<p>\u00b7 Northern Maine Development Commission<\/p>\n<p>\u00b7 Soci\u00e9t\u00e9 nationale de l\u2019Acadie<\/p>\n<p>\u00b7 Spectacle \u00abL\u2019Acadie des terres et for\u00eats en f\u00eate\u00bb<\/p>\n<p>\u00b7 Town of Madawaska<\/p>\n<p>\u00b7 Universit\u00e9 de Moncton, Campus d\u2019Edmundston<\/p>\n<p>\u00b7 University of Maine at Fort Kent<\/p>\n<p>During the press conference, the executive committee of the World Acadian Congress paid tribute to the individual who initiated the international effort to attract the Congress to the region, the artist Etienne Desch\u00eanes; and to the first president of the organization, Jean-Paul Savoie.<\/p>\n<p>The president, monsieur Nadeau, concluded with these words: \u00abThe organizers are very satisfied with the work accomplished during the past year, and according to comments from former organizers of Acadian Congresses, we think we are on target and on schedule\u00bb.<\/p>\n<p align=\"center\">Contact Information<\/p>\n<p>\u2022Hugues Chiasson, responsible of communications, WAC 2014; 506-739-7640 <a href=\"mailto:hugueschiasson@yahoo.ca\">hugueschiasson@yahoo.ca<\/a><\/p>\n<p>\u2022\u00c9milien Nadeau, president WAC; 418-853-3844-home; 418-868-5822 -cell; <a href=\"mailto:emilien.nadeau@sympatico.ca\">emilien.nadeau@sympatico.ca<\/a><\/p>\n<p>\u2022L\u00e9o-Paul Charest, Executive director, 506-737-3938 cell; 506 737-5432-office; <a href=\"mailto:leo-paul.charest@umce.ca\">leo-paul.charest@umce.ca<\/a><\/p>\n<p>\u2022Web site: <a href=\"http:\/\/www.cma2014.org\/\" target=\"_blank\" rel=\"noopener\">cma2014.org<\/a><\/p>","protected":false},"excerpt":{"rendered":"<p>&nbsp; 2014 WAC organizers unveil preliminary program and announce first partners Written by CMA &#8211; WAC 2014. Posted in Press releases June 30, 2011 Edmundston, NEW BRUNSWICK &#8211; The organizing committee of the 2014 World Acadian Congress today announced the preliminary program of events for the fifth Congress and the many partnerships that have been [&hellip;]<\/p>","protected":false},"author":2,"featured_media":0,"parent":930,"menu_order":0,"comment_status":"closed","ping_status":"closed","template":"","meta":{"_crdt_document":"","_themeisle_gutenberg_block_has_review":false,"iawp_total_views":0,"footnotes":""},"class_list":["post-1002","page","type-page","status-publish","hentry"],"yoast_head":"<!-- This site is optimized with the Yoast SEO plugin v26.6 - https:\/\/yoast.com\/wordpress\/plugins\/seo\/ -->\n<title>Preliminary Program - Acadian Genealogy - Historical Acadian-Cajun Resources<\/title>\n<meta name=\"robots\" content=\"noindex, follow, max-snippet:-1, max-image-preview:large, max-video-preview:-1\" \/>\n<meta property=\"og:locale\" content=\"fr_CA\" \/>\n<meta property=\"og:type\" content=\"article\" \/>\n<meta property=\"og:title\" content=\"Preliminary Program - Acadian Genealogy - Historical Acadian-Cajun Resources\" \/>\n<meta property=\"og:description\" content=\"&nbsp; 2014 WAC organizers unveil preliminary program and announce first partners Written by CMA &#8211; WAC 2014. Posted in Press releases June 30, 2011 Edmundston, NEW BRUNSWICK &#8211; The organizing committee of the 2014 World Acadian Congress today announced the preliminary program of events for the fifth Congress and the many partnerships that have been [&hellip;]\" \/>\n<meta property=\"og:url\" content=\"https:\/\/acadiantest.cocompass.com\/fr\/culture\/acadian-world-congresscongres-mondial-acadien\/2014-acadian-world-congress\/preliminary-program\/\" \/>\n<meta property=\"og:site_name\" content=\"Acadian Genealogy - Historical Acadian-Cajun Resources\" \/>\n<meta property=\"article:modified_time\" content=\"2018-11-25T20:17:17+00:00\" \/>\n<meta name=\"twitter:card\" content=\"summary_large_image\" \/>\n<meta name=\"twitter:label1\" content=\"Estimation du temps de lecture\" \/>\n\t<meta name=\"twitter:data1\" content=\"4 minutes\" \/>\n<script type=\"application\/ld+json\" class=\"yoast-schema-graph\">{\"@context\":\"https:\/\/schema.org\",\"@graph\":[{\"@type\":\"WebPage\",\"@id\":\"https:\/\/acadiantest.cocompass.com\/culture\/acadian-world-congresscongres-mondial-acadien\/2014-acadian-world-congress\/preliminary-program\/\",\"url\":\"https:\/\/acadiantest.cocompass.com\/culture\/acadian-world-congresscongres-mondial-acadien\/2014-acadian-world-congress\/preliminary-program\/\",\"name\":\"Preliminary Program - Acadian Genealogy - Historical Acadian-Cajun Resources\",\"isPartOf\":{\"@id\":\"https:\/\/acadiantest.cocompass.com\/#website\"},\"datePublished\":\"2016-08-26T21:00:51+00:00\",\"dateModified\":\"2018-11-25T20:17:17+00:00\",\"breadcrumb\":{\"@id\":\"https:\/\/acadiantest.cocompass.com\/culture\/acadian-world-congresscongres-mondial-acadien\/2014-acadian-world-congress\/preliminary-program\/#breadcrumb\"},\"inLanguage\":\"fr-CA\",\"potentialAction\":[{\"@type\":\"ReadAction\",\"target\":[\"https:\/\/acadiantest.cocompass.com\/culture\/acadian-world-congresscongres-mondial-acadien\/2014-acadian-world-congress\/preliminary-program\/\"]}]},{\"@type\":\"BreadcrumbList\",\"@id\":\"https:\/\/acadiantest.cocompass.com\/culture\/acadian-world-congresscongres-mondial-acadien\/2014-acadian-world-congress\/preliminary-program\/#breadcrumb\",\"itemListElement\":[{\"@type\":\"ListItem\",\"position\":1,\"name\":\"Accueil\",\"item\":\"https:\/\/acadiantest.cocompass.com\/\"},{\"@type\":\"ListItem\",\"position\":2,\"name\":\"Culture\",\"item\":\"https:\/\/acadiantest.cocompass.com\/culture\/\"},{\"@type\":\"ListItem\",\"position\":3,\"name\":\"Acadian World Congress\/Congr\u00e8s Mondial Acadien\",\"item\":\"https:\/\/acadiantest.cocompass.com\/culture\/acadian-world-congresscongres-mondial-acadien\/\"},{\"@type\":\"ListItem\",\"position\":4,\"name\":\"2014 Acadian World Congress\",\"item\":\"https:\/\/acadiantest.cocompass.com\/culture\/acadian-world-congresscongres-mondial-acadien\/2014-acadian-world-congress\/\"},{\"@type\":\"ListItem\",\"position\":5,\"name\":\"Preliminary Program\"}]},{\"@type\":\"WebSite\",\"@id\":\"https:\/\/acadiantest.cocompass.com\/#website\",\"url\":\"https:\/\/acadiantest.cocompass.com\/\",\"name\":\"Acadian Genealogy - Historical Acadian-Cajun Resources\",\"description\":\"Learn About Acadians and Cajuns\",\"publisher\":{\"@id\":\"https:\/\/acadiantest.cocompass.com\/#organization\"},\"potentialAction\":[{\"@type\":\"SearchAction\",\"target\":{\"@type\":\"EntryPoint\",\"urlTemplate\":\"https:\/\/acadiantest.cocompass.com\/?s={search_term_string}\"},\"query-input\":{\"@type\":\"PropertyValueSpecification\",\"valueRequired\":true,\"valueName\":\"search_term_string\"}}],\"inLanguage\":\"fr-CA\"},{\"@type\":\"Organization\",\"@id\":\"https:\/\/acadiantest.cocompass.com\/#organization\",\"name\":\"Acadian Genealogy - Historical Acadian-Cajun Resources\",\"url\":\"https:\/\/acadiantest.cocompass.com\/\",\"logo\":{\"@type\":\"ImageObject\",\"inLanguage\":\"fr-CA\",\"@id\":\"https:\/\/acadiantest.cocompass.com\/#\/schema\/logo\/image\/\",\"url\":\"https:\/\/acadiantest.cocompass.com\/wp-content\/uploads\/logo.png\",\"contentUrl\":\"https:\/\/acadiantest.cocompass.com\/wp-content\/uploads\/logo.png\",\"width\":303,\"height\":125,\"caption\":\"Acadian Genealogy - Historical Acadian-Cajun Resources\"},\"image\":{\"@id\":\"https:\/\/acadiantest.cocompass.com\/#\/schema\/logo\/image\/\"}}]}<\/script>\n<!-- \/ Yoast SEO plugin. -->","yoast_head_json":{"title":"Preliminary Program - Acadian Genealogy - Historical Acadian-Cajun Resources","robots":{"index":"noindex","follow":"follow","max-snippet":"max-snippet:-1","max-image-preview":"max-image-preview:large","max-video-preview":"max-video-preview:-1"},"og_locale":"fr_CA","og_type":"article","og_title":"Preliminary Program - Acadian Genealogy - Historical Acadian-Cajun Resources","og_description":"&nbsp; 2014 WAC organizers unveil preliminary program and announce first partners Written by CMA &#8211; WAC 2014. Posted in Press releases June 30, 2011 Edmundston, NEW BRUNSWICK &#8211; The organizing committee of the 2014 World Acadian Congress today announced the preliminary program of events for the fifth Congress and the many partnerships that have been [&hellip;]","og_url":"https:\/\/acadiantest.cocompass.com\/fr\/culture\/acadian-world-congresscongres-mondial-acadien\/2014-acadian-world-congress\/preliminary-program\/","og_site_name":"Acadian Genealogy - Historical Acadian-Cajun Resources","article_modified_time":"2018-11-25T20:17:17+00:00","twitter_card":"summary_large_image","twitter_misc":{"Estimation du temps de lecture":"4 minutes"},"schema":{"@context":"https:\/\/schema.org","@graph":[{"@type":"WebPage","@id":"https:\/\/acadiantest.cocompass.com\/culture\/acadian-world-congresscongres-mondial-acadien\/2014-acadian-world-congress\/preliminary-program\/","url":"https:\/\/acadiantest.cocompass.com\/culture\/acadian-world-congresscongres-mondial-acadien\/2014-acadian-world-congress\/preliminary-program\/","name":"Preliminary Program - Acadian Genealogy - Historical Acadian-Cajun Resources","isPartOf":{"@id":"https:\/\/acadiantest.cocompass.com\/#website"},"datePublished":"2016-08-26T21:00:51+00:00","dateModified":"2018-11-25T20:17:17+00:00","breadcrumb":{"@id":"https:\/\/acadiantest.cocompass.com\/culture\/acadian-world-congresscongres-mondial-acadien\/2014-acadian-world-congress\/preliminary-program\/#breadcrumb"},"inLanguage":"fr-CA","potentialAction":[{"@type":"ReadAction","target":["https:\/\/acadiantest.cocompass.com\/culture\/acadian-world-congresscongres-mondial-acadien\/2014-acadian-world-congress\/preliminary-program\/"]}]},{"@type":"BreadcrumbList","@id":"https:\/\/acadiantest.cocompass.com\/culture\/acadian-world-congresscongres-mondial-acadien\/2014-acadian-world-congress\/preliminary-program\/#breadcrumb","itemListElement":[{"@type":"ListItem","position":1,"name":"Accueil","item":"https:\/\/acadiantest.cocompass.com\/"},{"@type":"ListItem","position":2,"name":"Culture","item":"https:\/\/acadiantest.cocompass.com\/culture\/"},{"@type":"ListItem","position":3,"name":"Acadian World Congress\/Congr\u00e8s Mondial Acadien","item":"https:\/\/acadiantest.cocompass.com\/culture\/acadian-world-congresscongres-mondial-acadien\/"},{"@type":"ListItem","position":4,"name":"2014 Acadian World Congress","item":"https:\/\/acadiantest.cocompass.com\/culture\/acadian-world-congresscongres-mondial-acadien\/2014-acadian-world-congress\/"},{"@type":"ListItem","position":5,"name":"Preliminary Program"}]},{"@type":"WebSite","@id":"https:\/\/acadiantest.cocompass.com\/#website","url":"https:\/\/acadiantest.cocompass.com\/","name":"Acadian Genealogy - Historical Acadian-Cajun Resources","description":"Learn About Acadians and Cajuns","publisher":{"@id":"https:\/\/acadiantest.cocompass.com\/#organization"},"potentialAction":[{"@type":"SearchAction","target":{"@type":"EntryPoint","urlTemplate":"https:\/\/acadiantest.cocompass.com\/?s={search_term_string}"},"query-input":{"@type":"PropertyValueSpecification","valueRequired":true,"valueName":"search_term_string"}}],"inLanguage":"fr-CA"},{"@type":"Organization","@id":"https:\/\/acadiantest.cocompass.com\/#organization","name":"Acadian Genealogy - Historical Acadian-Cajun Resources","url":"https:\/\/acadiantest.cocompass.com\/","logo":{"@type":"ImageObject","inLanguage":"fr-CA","@id":"https:\/\/acadiantest.cocompass.com\/#\/schema\/logo\/image\/","url":"https:\/\/acadiantest.cocompass.com\/wp-content\/uploads\/logo.png","contentUrl":"https:\/\/acadiantest.cocompass.com\/wp-content\/uploads\/logo.png","width":303,"height":125,"caption":"Acadian Genealogy - Historical Acadian-Cajun Resources"},"image":{"@id":"https:\/\/acadiantest.cocompass.com\/#\/schema\/logo\/image\/"}}]}},"_links":{"self":[{"href":"https:\/\/acadiantest.cocompass.com\/fr\/wp-json\/wp\/v2\/pages\/1002","targetHints":{"allow":["GET"]}}],"collection":[{"href":"https:\/\/acadiantest.cocompass.com\/fr\/wp-json\/wp\/v2\/pages"}],"about":[{"href":"https:\/\/acadiantest.cocompass.com\/fr\/wp-json\/wp\/v2\/types\/page"}],"author":[{"embeddable":true,"href":"https:\/\/acadiantest.cocompass.com\/fr\/wp-json\/wp\/v2\/users\/2"}],"replies":[{"embeddable":true,"href":"https:\/\/acadiantest.cocompass.com\/fr\/wp-json\/wp\/v2\/comments?post=1002"}],"version-history":[{"count":0,"href":"https:\/\/acadiantest.cocompass.com\/fr\/wp-json\/wp\/v2\/pages\/1002\/revisions"}],"up":[{"embeddable":true,"href":"https:\/\/acadiantest.cocompass.com\/fr\/wp-json\/wp\/v2\/pages\/930"}],"wp:attachment":[{"href":"https:\/\/acadiantest.cocompass.com\/fr\/wp-json\/wp\/v2\/media?parent=1002"}],"curies":[{"name":"wp","href":"https:\/\/api.w.org\/{rel}","templated":true}]}}