{"id":1008,"date":"2016-08-26T17:09:33","date_gmt":"2016-08-26T21:09:33","guid":{"rendered":"https:\/\/acadiantest.cocompass.com\/?page_id=1008"},"modified":"2018-11-27T18:26:32","modified_gmt":"2018-11-27T23:26:32","slug":"bureau-du-comite-organisateur-du-cma","status":"publish","type":"page","link":"https:\/\/acadiantest.cocompass.com\/fr\/culture\/acadian-world-congresscongres-mondial-acadien\/2014-acadian-world-congress\/bureau-du-comite-organisateur-du-cma\/","title":{"rendered":"Bureau du comit\u00e9 organisateur du CMA"},"content":{"rendered":"<p align=\"center\">L\u00e9o-Paul Charest, directeur g\u00e9n\u00e9ral<\/p>\n<p align=\"center\"><a href=\"mailto:leo-paul.charest@umce.ca\">leo-paul.charest@umce.ca<\/a><\/p>\n<p align=\"center\">(506) 737-5050 poste 5432<\/p>\n<p align=\"center\">165, boulevard H\u00e9bert<\/p>\n<p align=\"center\">Edmundston, Nouveau-Brunswick<\/p>\n<p align=\"center\">E3V 2S8<\/p>\n<table border=\"2\" width=\"90%\" align=\"center\">\n<tbody>\n<tr>\n<td>\n<h5>Coordonnateurs r\u00e9gionaux:<\/h5>\n<h5>Ren\u00e9e Anique Francoeur<\/h5>\n<h5>T\u00e9miscouata<\/h5>\n<h5>QU\u00c9BEC<\/h5>\n<h5><a href=\"mailto:rafrancoeur@mrctemis.ca\">rafrancoeur@mrctemis.ca<\/a><\/h5>\n<h5>(418) 899-6725<\/h5>\n<\/td>\n<td>\n<p align=\"center\">Coordonnateurs r\u00e9gionaux:<\/p>\n<p align=\"center\">Michelle Daigle<\/p>\n<p align=\"center\">Nord-Ouest (Mar\u00e9vie)<\/p>\n<p align=\"center\">NOUVEAU-BRUNSWICK<\/p>\n<p align=\"center\"><a href=\"mailto:michelle-daigle@hotmail.com\">michelle-daigle@hotmail.com<\/a><\/p>\n<p align=\"center\">(506) 735-6340<\/p>\n<\/td>\n<td>\n<h5>\u00a0 \u00a0 \u00a0 \u00a0 Coordonnateurs r\u00e9gionaux:<\/h5>\n<h5>\u00a0 \u00a0 \u00a0 \u00a0 \u00a0 \u00a0 \u00a0 \u00a0 \u00a0 \u00a0 \u00a0 \u00a0Jason Parent<\/h5>\n<p align=\"center\">Aroostook Nord<\/p>\n<p align=\"center\">MAINE, E.-U.<\/p>\n<p align=\"center\"><a href=\"mailto:njparent@nmcc.edu\">njparent@nmcc.edu<\/a><\/p>\n<p align=\"center\">(207) 768-2808<\/p>\n<\/td>\n<\/tr>\n<\/tbody>\n<\/table>\n<p align=\"center\">L\u2019Acadie des terres et for\u00eats<\/p>\n<p align=\"center\">R\u00e9gion h\u00f4tesse du Congr\u00e8s mondial acadien 2014<\/p>\n<p>La r\u00e9gion de l\u2019Acadie des terres et for\u00eats a \u00e9t\u00e9 s\u00e9lectionn\u00e9e par la Soci\u00e9t\u00e9 Nationale de l\u2019Acadie pour organiser le prochain Congr\u00e8s mondial acadien (CMA) en 2014.<br \/>\nNotre r\u00e9gion englobe les comt\u00e9s de Victoria, Restigouche et Madawaska au Nouveau-Brunswick, de m\u00eame que le comt\u00e9 d\u2019Aroostook dans l\u2019\u00c9tat du Maine aux \u00c9tats-Unis et le comt\u00e9 de T\u00e9miscouata au Qu\u00e9bec.<br \/>\nCette r\u00e9gion couvre une superficie d\u2019environ 13 250 km2 et comprend pr\u00e8s de 100 000 habitants regroup\u00e9s dans 50 municipalit\u00e9s.<br \/>\nLe CMA est un \u00e9v\u00e9nement de grande envergure qui attire plus de 50 000 visiteurs et engendre plus de 300 000 entr\u00e9es aux activit\u00e9s. Tenue tous les 5 ans depuis 1994 pendant deux \u00e0 trois semaines au mois d\u2019aout (incluant le 15 ao\u00fbt, la F\u00eate nationale de l\u2019Acadie), cette grande f\u00eate rassemble des Acadiennes, des Acadiens et leurs amis de partout dans le monde.<br \/>\nLe CMA se tiendra du 8 au 24 ao\u00fbt 2014.<br \/>\nLe th\u00e8me du Congr\u00e8s de 2014 est : L\u2019Acadie du monde&#8230; Une nouvelle Acadie!<\/p>","protected":false},"excerpt":{"rendered":"<p>L\u00e9o-Paul Charest, directeur g\u00e9n\u00e9ral leo-paul.charest@umce.ca (506) 737-5050 poste 5432 165, boulevard H\u00e9bert Edmundston, Nouveau-Brunswick E3V 2S8 Coordonnateurs r\u00e9gionaux: Ren\u00e9e Anique Francoeur T\u00e9miscouata QU\u00c9BEC rafrancoeur@mrctemis.ca (418) 899-6725 Coordonnateurs r\u00e9gionaux: Michelle Daigle Nord-Ouest (Mar\u00e9vie) NOUVEAU-BRUNSWICK michelle-daigle@hotmail.com (506) 735-6340 \u00a0 \u00a0 \u00a0 \u00a0 Coordonnateurs r\u00e9gionaux: \u00a0 \u00a0 \u00a0 \u00a0 \u00a0 \u00a0 \u00a0 \u00a0 \u00a0 \u00a0 \u00a0 \u00a0Jason Parent [&hellip;]<\/p>","protected":false},"author":2,"featured_media":0,"parent":930,"menu_order":0,"comment_status":"closed","ping_status":"closed","template":"","meta":{"_crdt_document":"","_themeisle_gutenberg_block_has_review":false,"iawp_total_views":0,"footnotes":""},"class_list":["post-1008","page","type-page","status-publish","hentry"],"yoast_head":"<!-- This site is optimized with the Yoast SEO plugin v26.6 - https:\/\/yoast.com\/wordpress\/plugins\/seo\/ -->\n<title>Bureau du comit\u00e9 organisateur du CMA - Acadian Genealogy - Historical Acadian-Cajun Resources<\/title>\n<meta name=\"robots\" content=\"noindex, follow, max-snippet:-1, max-image-preview:large, max-video-preview:-1\" \/>\n<meta property=\"og:locale\" content=\"fr_CA\" \/>\n<meta property=\"og:type\" content=\"article\" \/>\n<meta property=\"og:title\" content=\"Bureau du comit\u00e9 organisateur du CMA - Acadian Genealogy - Historical Acadian-Cajun Resources\" \/>\n<meta property=\"og:description\" content=\"L\u00e9o-Paul Charest, directeur g\u00e9n\u00e9ral leo-paul.charest@umce.ca (506) 737-5050 poste 5432 165, boulevard H\u00e9bert Edmundston, Nouveau-Brunswick E3V 2S8 Coordonnateurs r\u00e9gionaux: Ren\u00e9e Anique Francoeur T\u00e9miscouata QU\u00c9BEC rafrancoeur@mrctemis.ca (418) 899-6725 Coordonnateurs r\u00e9gionaux: Michelle Daigle Nord-Ouest (Mar\u00e9vie) NOUVEAU-BRUNSWICK michelle-daigle@hotmail.com (506) 735-6340 \u00a0 \u00a0 \u00a0 \u00a0 Coordonnateurs r\u00e9gionaux: \u00a0 \u00a0 \u00a0 \u00a0 \u00a0 \u00a0 \u00a0 \u00a0 \u00a0 \u00a0 \u00a0 \u00a0Jason Parent [&hellip;]\" \/>\n<meta property=\"og:url\" content=\"https:\/\/acadiantest.cocompass.com\/fr\/culture\/acadian-world-congresscongres-mondial-acadien\/2014-acadian-world-congress\/bureau-du-comite-organisateur-du-cma\/\" \/>\n<meta property=\"og:site_name\" content=\"Acadian Genealogy - Historical Acadian-Cajun Resources\" \/>\n<meta property=\"article:modified_time\" content=\"2018-11-27T23:26:32+00:00\" \/>\n<meta name=\"twitter:card\" content=\"summary_large_image\" \/>\n<meta name=\"twitter:label1\" content=\"Estimation du temps de lecture\" \/>\n\t<meta name=\"twitter:data1\" content=\"1 minute\" \/>\n<script type=\"application\/ld+json\" class=\"yoast-schema-graph\">{\"@context\":\"https:\/\/schema.org\",\"@graph\":[{\"@type\":\"WebPage\",\"@id\":\"https:\/\/acadiantest.cocompass.com\/culture\/acadian-world-congresscongres-mondial-acadien\/2014-acadian-world-congress\/bureau-du-comite-organisateur-du-cma\/\",\"url\":\"https:\/\/acadiantest.cocompass.com\/culture\/acadian-world-congresscongres-mondial-acadien\/2014-acadian-world-congress\/bureau-du-comite-organisateur-du-cma\/\",\"name\":\"Bureau du comit\u00e9 organisateur du CMA - Acadian Genealogy - Historical Acadian-Cajun Resources\",\"isPartOf\":{\"@id\":\"https:\/\/acadiantest.cocompass.com\/#website\"},\"datePublished\":\"2016-08-26T21:09:33+00:00\",\"dateModified\":\"2018-11-27T23:26:32+00:00\",\"breadcrumb\":{\"@id\":\"https:\/\/acadiantest.cocompass.com\/culture\/acadian-world-congresscongres-mondial-acadien\/2014-acadian-world-congress\/bureau-du-comite-organisateur-du-cma\/#breadcrumb\"},\"inLanguage\":\"fr-CA\",\"potentialAction\":[{\"@type\":\"ReadAction\",\"target\":[\"https:\/\/acadiantest.cocompass.com\/culture\/acadian-world-congresscongres-mondial-acadien\/2014-acadian-world-congress\/bureau-du-comite-organisateur-du-cma\/\"]}]},{\"@type\":\"BreadcrumbList\",\"@id\":\"https:\/\/acadiantest.cocompass.com\/culture\/acadian-world-congresscongres-mondial-acadien\/2014-acadian-world-congress\/bureau-du-comite-organisateur-du-cma\/#breadcrumb\",\"itemListElement\":[{\"@type\":\"ListItem\",\"position\":1,\"name\":\"Accueil\",\"item\":\"https:\/\/acadiantest.cocompass.com\/\"},{\"@type\":\"ListItem\",\"position\":2,\"name\":\"Culture\",\"item\":\"https:\/\/acadiantest.cocompass.com\/culture\/\"},{\"@type\":\"ListItem\",\"position\":3,\"name\":\"Acadian World Congress\/Congr\u00e8s Mondial Acadien\",\"item\":\"https:\/\/acadiantest.cocompass.com\/culture\/acadian-world-congresscongres-mondial-acadien\/\"},{\"@type\":\"ListItem\",\"position\":4,\"name\":\"2014 Acadian World Congress\",\"item\":\"https:\/\/acadiantest.cocompass.com\/culture\/acadian-world-congresscongres-mondial-acadien\/2014-acadian-world-congress\/\"},{\"@type\":\"ListItem\",\"position\":5,\"name\":\"Bureau du comit\u00e9 organisateur du CMA\"}]},{\"@type\":\"WebSite\",\"@id\":\"https:\/\/acadiantest.cocompass.com\/#website\",\"url\":\"https:\/\/acadiantest.cocompass.com\/\",\"name\":\"Acadian Genealogy - Historical Acadian-Cajun Resources\",\"description\":\"Learn About Acadians and Cajuns\",\"publisher\":{\"@id\":\"https:\/\/acadiantest.cocompass.com\/#organization\"},\"potentialAction\":[{\"@type\":\"SearchAction\",\"target\":{\"@type\":\"EntryPoint\",\"urlTemplate\":\"https:\/\/acadiantest.cocompass.com\/?s={search_term_string}\"},\"query-input\":{\"@type\":\"PropertyValueSpecification\",\"valueRequired\":true,\"valueName\":\"search_term_string\"}}],\"inLanguage\":\"fr-CA\"},{\"@type\":\"Organization\",\"@id\":\"https:\/\/acadiantest.cocompass.com\/#organization\",\"name\":\"Acadian Genealogy - Historical Acadian-Cajun Resources\",\"url\":\"https:\/\/acadiantest.cocompass.com\/\",\"logo\":{\"@type\":\"ImageObject\",\"inLanguage\":\"fr-CA\",\"@id\":\"https:\/\/acadiantest.cocompass.com\/#\/schema\/logo\/image\/\",\"url\":\"https:\/\/acadiantest.cocompass.com\/wp-content\/uploads\/logo.png\",\"contentUrl\":\"https:\/\/acadiantest.cocompass.com\/wp-content\/uploads\/logo.png\",\"width\":303,\"height\":125,\"caption\":\"Acadian Genealogy - Historical Acadian-Cajun Resources\"},\"image\":{\"@id\":\"https:\/\/acadiantest.cocompass.com\/#\/schema\/logo\/image\/\"}}]}<\/script>\n<!-- \/ Yoast SEO plugin. -->","yoast_head_json":{"title":"Bureau du comit\u00e9 organisateur du CMA - Acadian Genealogy - Historical Acadian-Cajun Resources","robots":{"index":"noindex","follow":"follow","max-snippet":"max-snippet:-1","max-image-preview":"max-image-preview:large","max-video-preview":"max-video-preview:-1"},"og_locale":"fr_CA","og_type":"article","og_title":"Bureau du comit\u00e9 organisateur du CMA - Acadian Genealogy - Historical Acadian-Cajun Resources","og_description":"L\u00e9o-Paul Charest, directeur g\u00e9n\u00e9ral leo-paul.charest@umce.ca (506) 737-5050 poste 5432 165, boulevard H\u00e9bert Edmundston, Nouveau-Brunswick E3V 2S8 Coordonnateurs r\u00e9gionaux: Ren\u00e9e Anique Francoeur T\u00e9miscouata QU\u00c9BEC rafrancoeur@mrctemis.ca (418) 899-6725 Coordonnateurs r\u00e9gionaux: Michelle Daigle Nord-Ouest (Mar\u00e9vie) NOUVEAU-BRUNSWICK michelle-daigle@hotmail.com (506) 735-6340 \u00a0 \u00a0 \u00a0 \u00a0 Coordonnateurs r\u00e9gionaux: \u00a0 \u00a0 \u00a0 \u00a0 \u00a0 \u00a0 \u00a0 \u00a0 \u00a0 \u00a0 \u00a0 \u00a0Jason Parent [&hellip;]","og_url":"https:\/\/acadiantest.cocompass.com\/fr\/culture\/acadian-world-congresscongres-mondial-acadien\/2014-acadian-world-congress\/bureau-du-comite-organisateur-du-cma\/","og_site_name":"Acadian Genealogy - Historical Acadian-Cajun Resources","article_modified_time":"2018-11-27T23:26:32+00:00","twitter_card":"summary_large_image","twitter_misc":{"Estimation du temps de lecture":"1 minute"},"schema":{"@context":"https:\/\/schema.org","@graph":[{"@type":"WebPage","@id":"https:\/\/acadiantest.cocompass.com\/culture\/acadian-world-congresscongres-mondial-acadien\/2014-acadian-world-congress\/bureau-du-comite-organisateur-du-cma\/","url":"https:\/\/acadiantest.cocompass.com\/culture\/acadian-world-congresscongres-mondial-acadien\/2014-acadian-world-congress\/bureau-du-comite-organisateur-du-cma\/","name":"Bureau du comit\u00e9 organisateur du CMA - Acadian Genealogy - Historical Acadian-Cajun Resources","isPartOf":{"@id":"https:\/\/acadiantest.cocompass.com\/#website"},"datePublished":"2016-08-26T21:09:33+00:00","dateModified":"2018-11-27T23:26:32+00:00","breadcrumb":{"@id":"https:\/\/acadiantest.cocompass.com\/culture\/acadian-world-congresscongres-mondial-acadien\/2014-acadian-world-congress\/bureau-du-comite-organisateur-du-cma\/#breadcrumb"},"inLanguage":"fr-CA","potentialAction":[{"@type":"ReadAction","target":["https:\/\/acadiantest.cocompass.com\/culture\/acadian-world-congresscongres-mondial-acadien\/2014-acadian-world-congress\/bureau-du-comite-organisateur-du-cma\/"]}]},{"@type":"BreadcrumbList","@id":"https:\/\/acadiantest.cocompass.com\/culture\/acadian-world-congresscongres-mondial-acadien\/2014-acadian-world-congress\/bureau-du-comite-organisateur-du-cma\/#breadcrumb","itemListElement":[{"@type":"ListItem","position":1,"name":"Accueil","item":"https:\/\/acadiantest.cocompass.com\/"},{"@type":"ListItem","position":2,"name":"Culture","item":"https:\/\/acadiantest.cocompass.com\/culture\/"},{"@type":"ListItem","position":3,"name":"Acadian World Congress\/Congr\u00e8s Mondial Acadien","item":"https:\/\/acadiantest.cocompass.com\/culture\/acadian-world-congresscongres-mondial-acadien\/"},{"@type":"ListItem","position":4,"name":"2014 Acadian World Congress","item":"https:\/\/acadiantest.cocompass.com\/culture\/acadian-world-congresscongres-mondial-acadien\/2014-acadian-world-congress\/"},{"@type":"ListItem","position":5,"name":"Bureau du comit\u00e9 organisateur du CMA"}]},{"@type":"WebSite","@id":"https:\/\/acadiantest.cocompass.com\/#website","url":"https:\/\/acadiantest.cocompass.com\/","name":"Acadian Genealogy - Historical Acadian-Cajun Resources","description":"Learn About Acadians and Cajuns","publisher":{"@id":"https:\/\/acadiantest.cocompass.com\/#organization"},"potentialAction":[{"@type":"SearchAction","target":{"@type":"EntryPoint","urlTemplate":"https:\/\/acadiantest.cocompass.com\/?s={search_term_string}"},"query-input":{"@type":"PropertyValueSpecification","valueRequired":true,"valueName":"search_term_string"}}],"inLanguage":"fr-CA"},{"@type":"Organization","@id":"https:\/\/acadiantest.cocompass.com\/#organization","name":"Acadian Genealogy - Historical Acadian-Cajun Resources","url":"https:\/\/acadiantest.cocompass.com\/","logo":{"@type":"ImageObject","inLanguage":"fr-CA","@id":"https:\/\/acadiantest.cocompass.com\/#\/schema\/logo\/image\/","url":"https:\/\/acadiantest.cocompass.com\/wp-content\/uploads\/logo.png","contentUrl":"https:\/\/acadiantest.cocompass.com\/wp-content\/uploads\/logo.png","width":303,"height":125,"caption":"Acadian Genealogy - Historical Acadian-Cajun Resources"},"image":{"@id":"https:\/\/acadiantest.cocompass.com\/#\/schema\/logo\/image\/"}}]}},"_links":{"self":[{"href":"https:\/\/acadiantest.cocompass.com\/fr\/wp-json\/wp\/v2\/pages\/1008","targetHints":{"allow":["GET"]}}],"collection":[{"href":"https:\/\/acadiantest.cocompass.com\/fr\/wp-json\/wp\/v2\/pages"}],"about":[{"href":"https:\/\/acadiantest.cocompass.com\/fr\/wp-json\/wp\/v2\/types\/page"}],"author":[{"embeddable":true,"href":"https:\/\/acadiantest.cocompass.com\/fr\/wp-json\/wp\/v2\/users\/2"}],"replies":[{"embeddable":true,"href":"https:\/\/acadiantest.cocompass.com\/fr\/wp-json\/wp\/v2\/comments?post=1008"}],"version-history":[{"count":0,"href":"https:\/\/acadiantest.cocompass.com\/fr\/wp-json\/wp\/v2\/pages\/1008\/revisions"}],"up":[{"embeddable":true,"href":"https:\/\/acadiantest.cocompass.com\/fr\/wp-json\/wp\/v2\/pages\/930"}],"wp:attachment":[{"href":"https:\/\/acadiantest.cocompass.com\/fr\/wp-json\/wp\/v2\/media?parent=1008"}],"curies":[{"name":"wp","href":"https:\/\/api.w.org\/{rel}","templated":true}]}}