{"id":1039,"date":"2016-08-26T17:42:33","date_gmt":"2016-08-26T21:42:33","guid":{"rendered":"https:\/\/acadiantest.cocompass.com\/?page_id=1039"},"modified":"2018-11-28T16:01:08","modified_gmt":"2018-11-28T21:01:08","slug":"invitation-host-2014-congres-mondial-acadien","status":"publish","type":"page","link":"https:\/\/acadiantest.cocompass.com\/fr\/culture\/acadian-world-congresscongres-mondial-acadien\/2014-acadian-world-congress\/news-releases-cma-2014\/invitation-host-2014-congres-mondial-acadien\/","title":{"rendered":"Invitation to host the 2014 Congr\u00e8s mondial acadien!"},"content":{"rendered":"<p align=\"center\">Invitation to host the 2014 Congr\u00e8s mondial acadien!<\/p>\n<p align=\"left\">DIEPPE (New Brunswick), October 22nd, 2008 \u2013 The Soci\u00e9t\u00e9 Nationale de l&#8217;Acadie (SNA) is reminding regions interested in hosting the Congr\u00e8s mondial acadien 2014 (World Acadian Congress) that the deadline to submit their declaration of interest is approaching fast.<\/p>\n<p align=\"left\">The regions that wish to present their nomination must do so no later than midnight, November 30th, 2008 (Atlantic Standard Time).<\/p>\n<p>The regions interested in organizing the 5th edition of the Congr\u00e8s mondial acadien (CMA) must first submit a declaration of interest in order to be considered for the following stage of the process. The regions will then have until March 2009 to submit their official nomination. The selection process will take place during the following months and the official announcement of the host region of the CMA 2014 will be done in August 2009 at the Congr\u00e8s mondial acadien, in New Brunswick\u2019s Acadian Peninsula.<\/p>\n<p>Mrs. Fran\u00e7oise Enguehard, chairperson of the SNA, is enthused by the interest shown by the various regions to hold the Congr\u00e8s.<\/p>\n<p>&#8220;We haven\u2019t received a formal declaration of interest yet, but we already know that several regions will be competing to host the CMA 2014. This shows that the event raises a lot of interest in the Atlantic Provinces, but also around the world. In less than two decades, the Congr\u00e8s mondial acadien has become an international institution and the SNA is particularly proud to be the guardian of this event and of its future,&#8221; says Mrs. Enguehard.<\/p>\n<p>In June 2008, the SNA introduced a new guide for the regions aspiring to host the event. The guide is designed to assist the regions in the preparation of their nomination. It includes details on all the elements that are subject to evaluation within the selection process. One will recall that in 2001, the SNA accepted the mandate to ensure the continuity of the CMA by developing the necessary tools for the selection of host regions including an assessment guide and a memorandum of understanding to be signed between the SNA and the host region.<\/p>\n<p>&nbsp;<\/p>","protected":false},"excerpt":{"rendered":"<p>Invitation to host the 2014 Congr\u00e8s mondial acadien! DIEPPE (New Brunswick), October 22nd, 2008 \u2013 The Soci\u00e9t\u00e9 Nationale de l&#8217;Acadie (SNA) is reminding regions interested in hosting the Congr\u00e8s mondial acadien 2014 (World Acadian Congress) that the deadline to submit their declaration of interest is approaching fast. The regions that wish to present their nomination [&hellip;]<\/p>","protected":false},"author":2,"featured_media":0,"parent":940,"menu_order":0,"comment_status":"closed","ping_status":"closed","template":"","meta":{"_crdt_document":"","_themeisle_gutenberg_block_has_review":false,"iawp_total_views":0,"footnotes":""},"class_list":["post-1039","page","type-page","status-publish","hentry"],"yoast_head":"<!-- This site is optimized with the Yoast SEO plugin v26.6 - https:\/\/yoast.com\/wordpress\/plugins\/seo\/ -->\n<title>Invitation to host the 2014 Congr\u00e8s mondial acadien! - Acadian Genealogy - Historical Acadian-Cajun Resources<\/title>\n<meta name=\"robots\" content=\"noindex, follow, max-snippet:-1, max-image-preview:large, max-video-preview:-1\" \/>\n<meta property=\"og:locale\" content=\"fr_CA\" \/>\n<meta property=\"og:type\" content=\"article\" \/>\n<meta property=\"og:title\" content=\"Invitation to host the 2014 Congr\u00e8s mondial acadien! - Acadian Genealogy - Historical Acadian-Cajun Resources\" \/>\n<meta property=\"og:description\" content=\"Invitation to host the 2014 Congr\u00e8s mondial acadien! DIEPPE (New Brunswick), October 22nd, 2008 \u2013 The Soci\u00e9t\u00e9 Nationale de l&#8217;Acadie (SNA) is reminding regions interested in hosting the Congr\u00e8s mondial acadien 2014 (World Acadian Congress) that the deadline to submit their declaration of interest is approaching fast. The regions that wish to present their nomination [&hellip;]\" \/>\n<meta property=\"og:url\" content=\"https:\/\/acadiantest.cocompass.com\/fr\/culture\/acadian-world-congresscongres-mondial-acadien\/2014-acadian-world-congress\/news-releases-cma-2014\/invitation-host-2014-congres-mondial-acadien\/\" \/>\n<meta property=\"og:site_name\" content=\"Acadian Genealogy - Historical Acadian-Cajun Resources\" \/>\n<meta property=\"article:modified_time\" content=\"2018-11-28T21:01:08+00:00\" \/>\n<meta name=\"twitter:card\" content=\"summary_large_image\" \/>\n<meta name=\"twitter:label1\" content=\"Estimation du temps de lecture\" \/>\n\t<meta name=\"twitter:data1\" content=\"2 minutes\" \/>\n<script type=\"application\/ld+json\" class=\"yoast-schema-graph\">{\"@context\":\"https:\/\/schema.org\",\"@graph\":[{\"@type\":\"WebPage\",\"@id\":\"https:\/\/acadiantest.cocompass.com\/culture\/acadian-world-congresscongres-mondial-acadien\/2014-acadian-world-congress\/news-releases-cma-2014\/invitation-host-2014-congres-mondial-acadien\/\",\"url\":\"https:\/\/acadiantest.cocompass.com\/culture\/acadian-world-congresscongres-mondial-acadien\/2014-acadian-world-congress\/news-releases-cma-2014\/invitation-host-2014-congres-mondial-acadien\/\",\"name\":\"Invitation to host the 2014 Congr\u00e8s mondial acadien! - Acadian Genealogy - Historical Acadian-Cajun Resources\",\"isPartOf\":{\"@id\":\"https:\/\/acadiantest.cocompass.com\/#website\"},\"datePublished\":\"2016-08-26T21:42:33+00:00\",\"dateModified\":\"2018-11-28T21:01:08+00:00\",\"breadcrumb\":{\"@id\":\"https:\/\/acadiantest.cocompass.com\/culture\/acadian-world-congresscongres-mondial-acadien\/2014-acadian-world-congress\/news-releases-cma-2014\/invitation-host-2014-congres-mondial-acadien\/#breadcrumb\"},\"inLanguage\":\"fr-CA\",\"potentialAction\":[{\"@type\":\"ReadAction\",\"target\":[\"https:\/\/acadiantest.cocompass.com\/culture\/acadian-world-congresscongres-mondial-acadien\/2014-acadian-world-congress\/news-releases-cma-2014\/invitation-host-2014-congres-mondial-acadien\/\"]}]},{\"@type\":\"BreadcrumbList\",\"@id\":\"https:\/\/acadiantest.cocompass.com\/culture\/acadian-world-congresscongres-mondial-acadien\/2014-acadian-world-congress\/news-releases-cma-2014\/invitation-host-2014-congres-mondial-acadien\/#breadcrumb\",\"itemListElement\":[{\"@type\":\"ListItem\",\"position\":1,\"name\":\"Accueil\",\"item\":\"https:\/\/acadiantest.cocompass.com\/\"},{\"@type\":\"ListItem\",\"position\":2,\"name\":\"Culture\",\"item\":\"https:\/\/acadiantest.cocompass.com\/culture\/\"},{\"@type\":\"ListItem\",\"position\":3,\"name\":\"Acadian World Congress\/Congr\u00e8s Mondial Acadien\",\"item\":\"https:\/\/acadiantest.cocompass.com\/culture\/acadian-world-congresscongres-mondial-acadien\/\"},{\"@type\":\"ListItem\",\"position\":4,\"name\":\"2014 Acadian World Congress\",\"item\":\"https:\/\/acadiantest.cocompass.com\/culture\/acadian-world-congresscongres-mondial-acadien\/2014-acadian-world-congress\/\"},{\"@type\":\"ListItem\",\"position\":5,\"name\":\"News Releases CMA 2014\",\"item\":\"https:\/\/acadiantest.cocompass.com\/culture\/acadian-world-congresscongres-mondial-acadien\/2014-acadian-world-congress\/news-releases-cma-2014\/\"},{\"@type\":\"ListItem\",\"position\":6,\"name\":\"Invitation to host the 2014 Congr\u00e8s mondial acadien!\"}]},{\"@type\":\"WebSite\",\"@id\":\"https:\/\/acadiantest.cocompass.com\/#website\",\"url\":\"https:\/\/acadiantest.cocompass.com\/\",\"name\":\"Acadian Genealogy - Historical Acadian-Cajun Resources\",\"description\":\"Learn About Acadians and Cajuns\",\"publisher\":{\"@id\":\"https:\/\/acadiantest.cocompass.com\/#organization\"},\"potentialAction\":[{\"@type\":\"SearchAction\",\"target\":{\"@type\":\"EntryPoint\",\"urlTemplate\":\"https:\/\/acadiantest.cocompass.com\/?s={search_term_string}\"},\"query-input\":{\"@type\":\"PropertyValueSpecification\",\"valueRequired\":true,\"valueName\":\"search_term_string\"}}],\"inLanguage\":\"fr-CA\"},{\"@type\":\"Organization\",\"@id\":\"https:\/\/acadiantest.cocompass.com\/#organization\",\"name\":\"Acadian Genealogy - Historical Acadian-Cajun Resources\",\"url\":\"https:\/\/acadiantest.cocompass.com\/\",\"logo\":{\"@type\":\"ImageObject\",\"inLanguage\":\"fr-CA\",\"@id\":\"https:\/\/acadiantest.cocompass.com\/#\/schema\/logo\/image\/\",\"url\":\"https:\/\/acadiantest.cocompass.com\/wp-content\/uploads\/logo.png\",\"contentUrl\":\"https:\/\/acadiantest.cocompass.com\/wp-content\/uploads\/logo.png\",\"width\":303,\"height\":125,\"caption\":\"Acadian Genealogy - Historical Acadian-Cajun Resources\"},\"image\":{\"@id\":\"https:\/\/acadiantest.cocompass.com\/#\/schema\/logo\/image\/\"}}]}<\/script>\n<!-- \/ Yoast SEO plugin. -->","yoast_head_json":{"title":"Invitation to host the 2014 Congr\u00e8s mondial acadien! - Acadian Genealogy - Historical Acadian-Cajun Resources","robots":{"index":"noindex","follow":"follow","max-snippet":"max-snippet:-1","max-image-preview":"max-image-preview:large","max-video-preview":"max-video-preview:-1"},"og_locale":"fr_CA","og_type":"article","og_title":"Invitation to host the 2014 Congr\u00e8s mondial acadien! - Acadian Genealogy - Historical Acadian-Cajun Resources","og_description":"Invitation to host the 2014 Congr\u00e8s mondial acadien! DIEPPE (New Brunswick), October 22nd, 2008 \u2013 The Soci\u00e9t\u00e9 Nationale de l&#8217;Acadie (SNA) is reminding regions interested in hosting the Congr\u00e8s mondial acadien 2014 (World Acadian Congress) that the deadline to submit their declaration of interest is approaching fast. The regions that wish to present their nomination [&hellip;]","og_url":"https:\/\/acadiantest.cocompass.com\/fr\/culture\/acadian-world-congresscongres-mondial-acadien\/2014-acadian-world-congress\/news-releases-cma-2014\/invitation-host-2014-congres-mondial-acadien\/","og_site_name":"Acadian Genealogy - Historical Acadian-Cajun Resources","article_modified_time":"2018-11-28T21:01:08+00:00","twitter_card":"summary_large_image","twitter_misc":{"Estimation du temps de lecture":"2 minutes"},"schema":{"@context":"https:\/\/schema.org","@graph":[{"@type":"WebPage","@id":"https:\/\/acadiantest.cocompass.com\/culture\/acadian-world-congresscongres-mondial-acadien\/2014-acadian-world-congress\/news-releases-cma-2014\/invitation-host-2014-congres-mondial-acadien\/","url":"https:\/\/acadiantest.cocompass.com\/culture\/acadian-world-congresscongres-mondial-acadien\/2014-acadian-world-congress\/news-releases-cma-2014\/invitation-host-2014-congres-mondial-acadien\/","name":"Invitation to host the 2014 Congr\u00e8s mondial acadien! - Acadian Genealogy - Historical Acadian-Cajun Resources","isPartOf":{"@id":"https:\/\/acadiantest.cocompass.com\/#website"},"datePublished":"2016-08-26T21:42:33+00:00","dateModified":"2018-11-28T21:01:08+00:00","breadcrumb":{"@id":"https:\/\/acadiantest.cocompass.com\/culture\/acadian-world-congresscongres-mondial-acadien\/2014-acadian-world-congress\/news-releases-cma-2014\/invitation-host-2014-congres-mondial-acadien\/#breadcrumb"},"inLanguage":"fr-CA","potentialAction":[{"@type":"ReadAction","target":["https:\/\/acadiantest.cocompass.com\/culture\/acadian-world-congresscongres-mondial-acadien\/2014-acadian-world-congress\/news-releases-cma-2014\/invitation-host-2014-congres-mondial-acadien\/"]}]},{"@type":"BreadcrumbList","@id":"https:\/\/acadiantest.cocompass.com\/culture\/acadian-world-congresscongres-mondial-acadien\/2014-acadian-world-congress\/news-releases-cma-2014\/invitation-host-2014-congres-mondial-acadien\/#breadcrumb","itemListElement":[{"@type":"ListItem","position":1,"name":"Accueil","item":"https:\/\/acadiantest.cocompass.com\/"},{"@type":"ListItem","position":2,"name":"Culture","item":"https:\/\/acadiantest.cocompass.com\/culture\/"},{"@type":"ListItem","position":3,"name":"Acadian World Congress\/Congr\u00e8s Mondial Acadien","item":"https:\/\/acadiantest.cocompass.com\/culture\/acadian-world-congresscongres-mondial-acadien\/"},{"@type":"ListItem","position":4,"name":"2014 Acadian World Congress","item":"https:\/\/acadiantest.cocompass.com\/culture\/acadian-world-congresscongres-mondial-acadien\/2014-acadian-world-congress\/"},{"@type":"ListItem","position":5,"name":"News Releases CMA 2014","item":"https:\/\/acadiantest.cocompass.com\/culture\/acadian-world-congresscongres-mondial-acadien\/2014-acadian-world-congress\/news-releases-cma-2014\/"},{"@type":"ListItem","position":6,"name":"Invitation to host the 2014 Congr\u00e8s mondial acadien!"}]},{"@type":"WebSite","@id":"https:\/\/acadiantest.cocompass.com\/#website","url":"https:\/\/acadiantest.cocompass.com\/","name":"Acadian Genealogy - Historical Acadian-Cajun Resources","description":"Learn About Acadians and Cajuns","publisher":{"@id":"https:\/\/acadiantest.cocompass.com\/#organization"},"potentialAction":[{"@type":"SearchAction","target":{"@type":"EntryPoint","urlTemplate":"https:\/\/acadiantest.cocompass.com\/?s={search_term_string}"},"query-input":{"@type":"PropertyValueSpecification","valueRequired":true,"valueName":"search_term_string"}}],"inLanguage":"fr-CA"},{"@type":"Organization","@id":"https:\/\/acadiantest.cocompass.com\/#organization","name":"Acadian Genealogy - Historical Acadian-Cajun Resources","url":"https:\/\/acadiantest.cocompass.com\/","logo":{"@type":"ImageObject","inLanguage":"fr-CA","@id":"https:\/\/acadiantest.cocompass.com\/#\/schema\/logo\/image\/","url":"https:\/\/acadiantest.cocompass.com\/wp-content\/uploads\/logo.png","contentUrl":"https:\/\/acadiantest.cocompass.com\/wp-content\/uploads\/logo.png","width":303,"height":125,"caption":"Acadian Genealogy - Historical Acadian-Cajun Resources"},"image":{"@id":"https:\/\/acadiantest.cocompass.com\/#\/schema\/logo\/image\/"}}]}},"_links":{"self":[{"href":"https:\/\/acadiantest.cocompass.com\/fr\/wp-json\/wp\/v2\/pages\/1039","targetHints":{"allow":["GET"]}}],"collection":[{"href":"https:\/\/acadiantest.cocompass.com\/fr\/wp-json\/wp\/v2\/pages"}],"about":[{"href":"https:\/\/acadiantest.cocompass.com\/fr\/wp-json\/wp\/v2\/types\/page"}],"author":[{"embeddable":true,"href":"https:\/\/acadiantest.cocompass.com\/fr\/wp-json\/wp\/v2\/users\/2"}],"replies":[{"embeddable":true,"href":"https:\/\/acadiantest.cocompass.com\/fr\/wp-json\/wp\/v2\/comments?post=1039"}],"version-history":[{"count":0,"href":"https:\/\/acadiantest.cocompass.com\/fr\/wp-json\/wp\/v2\/pages\/1039\/revisions"}],"up":[{"embeddable":true,"href":"https:\/\/acadiantest.cocompass.com\/fr\/wp-json\/wp\/v2\/pages\/940"}],"wp:attachment":[{"href":"https:\/\/acadiantest.cocompass.com\/fr\/wp-json\/wp\/v2\/media?parent=1039"}],"curies":[{"name":"wp","href":"https:\/\/api.w.org\/{rel}","templated":true}]}}