{"id":1045,"date":"2016-08-26T17:46:36","date_gmt":"2016-08-26T21:46:36","guid":{"rendered":"https:\/\/acadiantest.cocompass.com\/?page_id=1045"},"modified":"2018-12-01T12:01:42","modified_gmt":"2018-12-01T17:01:42","slug":"historique-de-la-sna","status":"publish","type":"page","link":"https:\/\/acadiantest.cocompass.com\/fr\/culture\/acadian-world-congresscongres-mondial-acadien\/2014-acadian-world-congress\/historique-de-la-sna\/","title":{"rendered":"Historique de la SNA"},"content":{"rendered":"<p align=\"left\">La fondation de la Soci\u00e9t\u00e9 Nationale de l\u2019Acadie remonte en 1881, lors de la premi\u00e8re convention acadienne tenue \u00e0 Memramcook, au Nouveau-Brunswick. Pr\u00e8s de 5000 personnes de tous les coins de l\u2019Acadie avaient particip\u00e9 \u00e0 cette r\u00e9union. On cr\u00e9a alors l\u2019organisme, la Soci\u00e9t\u00e9 Nationale l\u2019Assomption.<\/p>\n<p>De 1881 \u00e0 1955, la Soci\u00e9t\u00e9 Nationale l\u2019Assomption a tenu onze grands congr\u00e8s, \u00e0 des intervalles variant de trois \u00e0 dix ans. Les questions d\u00e9battues touchaient, entre autres, \u00e0 l\u2019\u00e9ducation, l\u2019agriculture, la colonisation, la presse et les probl\u00e8mes de l\u2019\u00e9migration.<\/p>\n<p>Lors du 12e congr\u00e8s g\u00e9n\u00e9ral des Acadiens tenu le 22 juin 1957, \u00e0 Memramcook, la Soci\u00e9t\u00e9 Nationale l\u2019Assomption devint la Soci\u00e9t\u00e9 Nationale des Acadiens. Pour la premi\u00e8re fois de son histoire, l\u2019organisme eut alors un secr\u00e9tariat permanent et un Conseil G\u00e9n\u00e9ral qui se r\u00e9unissait annuellement. Son r\u00f4le \u00e9tait de voir \u00e0 la d\u00e9fense et \u00e0 la promotion de la vie fran\u00e7aise en Acadie. Elle desservait les Acadiens et Acadiennes des trois provinces maritimes. Son premier bureau permanent ouvrit ses portes le 1er ao\u00fbt 1958, \u00e0 Moncton. Le projet de loi d\u2019incorporation de la SNA re\u00e7ut l\u2019assentiment de Fredericton, le 11 avril 1959.<\/p>\n<p>Vers la fin des ann\u00e9es 1960 et le d\u00e9but des ann\u00e9es 1970, avec l\u2019\u00e9mergence des diff\u00e9rentes associations acadiennes provinciales, la Soci\u00e9t\u00e9 Nationale des Acadiens diversifia un peu ses actions et, en plus de travailler sur des dossiers interprovinciaux, commen\u00e7a \u00e0 d\u00e9velopper des liens sur la sc\u00e8ne internationale, plus particuli\u00e8rement avec la France. Elle devint alors une f\u00e9d\u00e9ration form\u00e9e des trois organismes provinciaux: la Soci\u00e9t\u00e9 des Acadiens du Nouveau-Brunswick, la F\u00e9d\u00e9ration Acadienne de la Nouvelle-\u00c9cosse et la Soci\u00e9t\u00e9 Saint-Thomas d\u2019Aquin.<\/p>\n<p>En 1986, les Francophones de Terre-Neuve-et-Labrador, par le biais de leur association provinciale, la F\u00e9d\u00e9ration des Francophones de Terre-Neuve-et-Labrador, devinrent membres de la Soci\u00e9t\u00e9 Nationale des Acadiens. En 1988, c\u2019est au tour des quatre associations jeunesse provinciale d\u2019adh\u00e9rer \u00e0 la Soci\u00e9t\u00e9 Nationale des Acadiens. En 1994, l\u2019association fran\u00e7aise, les Amiti\u00e9s Acadiennes, dont le si\u00e8ge social se trouve \u00e0 Paris, devient membre associ\u00e9 de la SNA et en 1998, ce fut le tour de la corporation culturelle Arrimage, des \u00celes-de-la-Madeleine. La Corporation des Acadiens aux \u00celes remplace cette derni\u00e8re au sein de l\u2019organisme et deux nouveaux membres associ\u00e9s, soit Action cadienne et l\u2019Association St-Pierre et Miquelon\/Acadie, joignent les rangs de la SNA en 2001.<\/p>\n<p>La Soci\u00e9t\u00e9 Nationale des Acadiens devient la Soci\u00e9t\u00e9 nationale de l\u2019Acadie le 23 mai 1992, soit lors de sa premi\u00e8re assembl\u00e9e g\u00e9n\u00e9rale annuelle tenue dans la province de Terre-Neuve-et-Labrador.<\/p>\n<p align=\"left\">En juillet 2005, la SNA devient officiellement une organisation internationale non-gouvernementale accr\u00e9dit\u00e9e du statut consultatif aupr\u00e8s de l\u2019Organisation internationale de la Francophonie. Ce nouveau titre permettra dor\u00e9navant \u00e0 la SNA de prendre sa juste place dans la Francophonie internationale.<\/p>\n<p align=\"CENTER\"><a href=\"http:\/\/www.cma2009.ca\/\"><img decoding=\"async\" src=\"https:\/\/acadiantest.cocompass.com\/images\/cma2009.jpg\" width=\"193\" height=\"148\" border=\"0\" \/><\/a><\/p>\n<p align=\"CENTER\"><a href=\"http:\/\/www.cma2014.com\/\" target=\"_blank\" rel=\"noopener\">Click here to visit the Official CMA2014 Web Site<\/a><\/p>","protected":false},"excerpt":{"rendered":"<p>La fondation de la Soci\u00e9t\u00e9 Nationale de l\u2019Acadie remonte en 1881, lors de la premi\u00e8re convention acadienne tenue \u00e0 Memramcook, au Nouveau-Brunswick. Pr\u00e8s de 5000 personnes de tous les coins de l\u2019Acadie avaient particip\u00e9 \u00e0 cette r\u00e9union. On cr\u00e9a alors l\u2019organisme, la Soci\u00e9t\u00e9 Nationale l\u2019Assomption. De 1881 \u00e0 1955, la Soci\u00e9t\u00e9 Nationale l\u2019Assomption a tenu [&hellip;]<\/p>","protected":false},"author":2,"featured_media":0,"parent":930,"menu_order":0,"comment_status":"closed","ping_status":"closed","template":"","meta":{"_crdt_document":"","_themeisle_gutenberg_block_has_review":false,"iawp_total_views":0,"footnotes":""},"class_list":["post-1045","page","type-page","status-publish","hentry"],"yoast_head":"<!-- This site is optimized with the Yoast SEO plugin v26.6 - https:\/\/yoast.com\/wordpress\/plugins\/seo\/ -->\n<title>Historique de la SNA - Acadian Genealogy - Historical Acadian-Cajun Resources<\/title>\n<meta name=\"robots\" content=\"noindex, follow, max-snippet:-1, max-image-preview:large, max-video-preview:-1\" \/>\n<meta property=\"og:locale\" content=\"fr_CA\" \/>\n<meta property=\"og:type\" content=\"article\" \/>\n<meta property=\"og:title\" content=\"Historique de la SNA - Acadian Genealogy - Historical Acadian-Cajun Resources\" \/>\n<meta property=\"og:description\" content=\"La fondation de la Soci\u00e9t\u00e9 Nationale de l\u2019Acadie remonte en 1881, lors de la premi\u00e8re convention acadienne tenue \u00e0 Memramcook, au Nouveau-Brunswick. Pr\u00e8s de 5000 personnes de tous les coins de l\u2019Acadie avaient particip\u00e9 \u00e0 cette r\u00e9union. On cr\u00e9a alors l\u2019organisme, la Soci\u00e9t\u00e9 Nationale l\u2019Assomption. De 1881 \u00e0 1955, la Soci\u00e9t\u00e9 Nationale l\u2019Assomption a tenu [&hellip;]\" \/>\n<meta property=\"og:url\" content=\"https:\/\/acadiantest.cocompass.com\/fr\/culture\/acadian-world-congresscongres-mondial-acadien\/2014-acadian-world-congress\/historique-de-la-sna\/\" \/>\n<meta property=\"og:site_name\" content=\"Acadian Genealogy - Historical Acadian-Cajun Resources\" \/>\n<meta property=\"article:modified_time\" content=\"2018-12-01T17:01:42+00:00\" \/>\n<meta property=\"og:image\" content=\"https:\/\/acadian.mystagingwebsite.com\/images\/cma2009.jpg\" \/>\n<meta name=\"twitter:card\" content=\"summary_large_image\" \/>\n<meta name=\"twitter:label1\" content=\"Estimation du temps de lecture\" \/>\n\t<meta name=\"twitter:data1\" content=\"3 minutes\" \/>\n<script type=\"application\/ld+json\" class=\"yoast-schema-graph\">{\"@context\":\"https:\/\/schema.org\",\"@graph\":[{\"@type\":\"WebPage\",\"@id\":\"https:\/\/acadiantest.cocompass.com\/culture\/acadian-world-congresscongres-mondial-acadien\/2014-acadian-world-congress\/historique-de-la-sna\/\",\"url\":\"https:\/\/acadiantest.cocompass.com\/culture\/acadian-world-congresscongres-mondial-acadien\/2014-acadian-world-congress\/historique-de-la-sna\/\",\"name\":\"Historique de la SNA - Acadian Genealogy - Historical Acadian-Cajun Resources\",\"isPartOf\":{\"@id\":\"https:\/\/acadiantest.cocompass.com\/#website\"},\"primaryImageOfPage\":{\"@id\":\"https:\/\/acadiantest.cocompass.com\/culture\/acadian-world-congresscongres-mondial-acadien\/2014-acadian-world-congress\/historique-de-la-sna\/#primaryimage\"},\"image\":{\"@id\":\"https:\/\/acadiantest.cocompass.com\/culture\/acadian-world-congresscongres-mondial-acadien\/2014-acadian-world-congress\/historique-de-la-sna\/#primaryimage\"},\"thumbnailUrl\":\"https:\/\/acadiantest.cocompass.com\/images\/cma2009.jpg\",\"datePublished\":\"2016-08-26T21:46:36+00:00\",\"dateModified\":\"2018-12-01T17:01:42+00:00\",\"breadcrumb\":{\"@id\":\"https:\/\/acadiantest.cocompass.com\/culture\/acadian-world-congresscongres-mondial-acadien\/2014-acadian-world-congress\/historique-de-la-sna\/#breadcrumb\"},\"inLanguage\":\"fr-CA\",\"potentialAction\":[{\"@type\":\"ReadAction\",\"target\":[\"https:\/\/acadiantest.cocompass.com\/culture\/acadian-world-congresscongres-mondial-acadien\/2014-acadian-world-congress\/historique-de-la-sna\/\"]}]},{\"@type\":\"ImageObject\",\"inLanguage\":\"fr-CA\",\"@id\":\"https:\/\/acadiantest.cocompass.com\/culture\/acadian-world-congresscongres-mondial-acadien\/2014-acadian-world-congress\/historique-de-la-sna\/#primaryimage\",\"url\":\"https:\/\/acadiantest.cocompass.com\/images\/cma2009.jpg\",\"contentUrl\":\"https:\/\/acadiantest.cocompass.com\/images\/cma2009.jpg\"},{\"@type\":\"BreadcrumbList\",\"@id\":\"https:\/\/acadiantest.cocompass.com\/culture\/acadian-world-congresscongres-mondial-acadien\/2014-acadian-world-congress\/historique-de-la-sna\/#breadcrumb\",\"itemListElement\":[{\"@type\":\"ListItem\",\"position\":1,\"name\":\"Accueil\",\"item\":\"https:\/\/acadiantest.cocompass.com\/\"},{\"@type\":\"ListItem\",\"position\":2,\"name\":\"Culture\",\"item\":\"https:\/\/acadiantest.cocompass.com\/culture\/\"},{\"@type\":\"ListItem\",\"position\":3,\"name\":\"Acadian World Congress\/Congr\u00e8s Mondial Acadien\",\"item\":\"https:\/\/acadiantest.cocompass.com\/culture\/acadian-world-congresscongres-mondial-acadien\/\"},{\"@type\":\"ListItem\",\"position\":4,\"name\":\"2014 Acadian World Congress\",\"item\":\"https:\/\/acadiantest.cocompass.com\/culture\/acadian-world-congresscongres-mondial-acadien\/2014-acadian-world-congress\/\"},{\"@type\":\"ListItem\",\"position\":5,\"name\":\"Historique de la SNA\"}]},{\"@type\":\"WebSite\",\"@id\":\"https:\/\/acadiantest.cocompass.com\/#website\",\"url\":\"https:\/\/acadiantest.cocompass.com\/\",\"name\":\"Acadian Genealogy - Historical Acadian-Cajun Resources\",\"description\":\"Learn About Acadians and Cajuns\",\"publisher\":{\"@id\":\"https:\/\/acadiantest.cocompass.com\/#organization\"},\"potentialAction\":[{\"@type\":\"SearchAction\",\"target\":{\"@type\":\"EntryPoint\",\"urlTemplate\":\"https:\/\/acadiantest.cocompass.com\/?s={search_term_string}\"},\"query-input\":{\"@type\":\"PropertyValueSpecification\",\"valueRequired\":true,\"valueName\":\"search_term_string\"}}],\"inLanguage\":\"fr-CA\"},{\"@type\":\"Organization\",\"@id\":\"https:\/\/acadiantest.cocompass.com\/#organization\",\"name\":\"Acadian Genealogy - Historical Acadian-Cajun Resources\",\"url\":\"https:\/\/acadiantest.cocompass.com\/\",\"logo\":{\"@type\":\"ImageObject\",\"inLanguage\":\"fr-CA\",\"@id\":\"https:\/\/acadiantest.cocompass.com\/#\/schema\/logo\/image\/\",\"url\":\"https:\/\/acadiantest.cocompass.com\/wp-content\/uploads\/logo.png\",\"contentUrl\":\"https:\/\/acadiantest.cocompass.com\/wp-content\/uploads\/logo.png\",\"width\":303,\"height\":125,\"caption\":\"Acadian Genealogy - Historical Acadian-Cajun Resources\"},\"image\":{\"@id\":\"https:\/\/acadiantest.cocompass.com\/#\/schema\/logo\/image\/\"}}]}<\/script>\n<!-- \/ Yoast SEO plugin. -->","yoast_head_json":{"title":"Historique de la SNA - Acadian Genealogy - Historical Acadian-Cajun Resources","robots":{"index":"noindex","follow":"follow","max-snippet":"max-snippet:-1","max-image-preview":"max-image-preview:large","max-video-preview":"max-video-preview:-1"},"og_locale":"fr_CA","og_type":"article","og_title":"Historique de la SNA - Acadian Genealogy - Historical Acadian-Cajun Resources","og_description":"La fondation de la Soci\u00e9t\u00e9 Nationale de l\u2019Acadie remonte en 1881, lors de la premi\u00e8re convention acadienne tenue \u00e0 Memramcook, au Nouveau-Brunswick. Pr\u00e8s de 5000 personnes de tous les coins de l\u2019Acadie avaient particip\u00e9 \u00e0 cette r\u00e9union. On cr\u00e9a alors l\u2019organisme, la Soci\u00e9t\u00e9 Nationale l\u2019Assomption. De 1881 \u00e0 1955, la Soci\u00e9t\u00e9 Nationale l\u2019Assomption a tenu [&hellip;]","og_url":"https:\/\/acadiantest.cocompass.com\/fr\/culture\/acadian-world-congresscongres-mondial-acadien\/2014-acadian-world-congress\/historique-de-la-sna\/","og_site_name":"Acadian Genealogy - Historical Acadian-Cajun Resources","article_modified_time":"2018-12-01T17:01:42+00:00","og_image":[{"url":"https:\/\/acadian.mystagingwebsite.com\/images\/cma2009.jpg","type":"","width":"","height":""}],"twitter_card":"summary_large_image","twitter_misc":{"Estimation du temps de lecture":"3 minutes"},"schema":{"@context":"https:\/\/schema.org","@graph":[{"@type":"WebPage","@id":"https:\/\/acadiantest.cocompass.com\/culture\/acadian-world-congresscongres-mondial-acadien\/2014-acadian-world-congress\/historique-de-la-sna\/","url":"https:\/\/acadiantest.cocompass.com\/culture\/acadian-world-congresscongres-mondial-acadien\/2014-acadian-world-congress\/historique-de-la-sna\/","name":"Historique de la SNA - Acadian Genealogy - Historical Acadian-Cajun Resources","isPartOf":{"@id":"https:\/\/acadiantest.cocompass.com\/#website"},"primaryImageOfPage":{"@id":"https:\/\/acadiantest.cocompass.com\/culture\/acadian-world-congresscongres-mondial-acadien\/2014-acadian-world-congress\/historique-de-la-sna\/#primaryimage"},"image":{"@id":"https:\/\/acadiantest.cocompass.com\/culture\/acadian-world-congresscongres-mondial-acadien\/2014-acadian-world-congress\/historique-de-la-sna\/#primaryimage"},"thumbnailUrl":"https:\/\/acadiantest.cocompass.com\/images\/cma2009.jpg","datePublished":"2016-08-26T21:46:36+00:00","dateModified":"2018-12-01T17:01:42+00:00","breadcrumb":{"@id":"https:\/\/acadiantest.cocompass.com\/culture\/acadian-world-congresscongres-mondial-acadien\/2014-acadian-world-congress\/historique-de-la-sna\/#breadcrumb"},"inLanguage":"fr-CA","potentialAction":[{"@type":"ReadAction","target":["https:\/\/acadiantest.cocompass.com\/culture\/acadian-world-congresscongres-mondial-acadien\/2014-acadian-world-congress\/historique-de-la-sna\/"]}]},{"@type":"ImageObject","inLanguage":"fr-CA","@id":"https:\/\/acadiantest.cocompass.com\/culture\/acadian-world-congresscongres-mondial-acadien\/2014-acadian-world-congress\/historique-de-la-sna\/#primaryimage","url":"https:\/\/acadiantest.cocompass.com\/images\/cma2009.jpg","contentUrl":"https:\/\/acadiantest.cocompass.com\/images\/cma2009.jpg"},{"@type":"BreadcrumbList","@id":"https:\/\/acadiantest.cocompass.com\/culture\/acadian-world-congresscongres-mondial-acadien\/2014-acadian-world-congress\/historique-de-la-sna\/#breadcrumb","itemListElement":[{"@type":"ListItem","position":1,"name":"Accueil","item":"https:\/\/acadiantest.cocompass.com\/"},{"@type":"ListItem","position":2,"name":"Culture","item":"https:\/\/acadiantest.cocompass.com\/culture\/"},{"@type":"ListItem","position":3,"name":"Acadian World Congress\/Congr\u00e8s Mondial Acadien","item":"https:\/\/acadiantest.cocompass.com\/culture\/acadian-world-congresscongres-mondial-acadien\/"},{"@type":"ListItem","position":4,"name":"2014 Acadian World Congress","item":"https:\/\/acadiantest.cocompass.com\/culture\/acadian-world-congresscongres-mondial-acadien\/2014-acadian-world-congress\/"},{"@type":"ListItem","position":5,"name":"Historique de la SNA"}]},{"@type":"WebSite","@id":"https:\/\/acadiantest.cocompass.com\/#website","url":"https:\/\/acadiantest.cocompass.com\/","name":"Acadian Genealogy - Historical Acadian-Cajun Resources","description":"Learn About Acadians and Cajuns","publisher":{"@id":"https:\/\/acadiantest.cocompass.com\/#organization"},"potentialAction":[{"@type":"SearchAction","target":{"@type":"EntryPoint","urlTemplate":"https:\/\/acadiantest.cocompass.com\/?s={search_term_string}"},"query-input":{"@type":"PropertyValueSpecification","valueRequired":true,"valueName":"search_term_string"}}],"inLanguage":"fr-CA"},{"@type":"Organization","@id":"https:\/\/acadiantest.cocompass.com\/#organization","name":"Acadian Genealogy - Historical Acadian-Cajun Resources","url":"https:\/\/acadiantest.cocompass.com\/","logo":{"@type":"ImageObject","inLanguage":"fr-CA","@id":"https:\/\/acadiantest.cocompass.com\/#\/schema\/logo\/image\/","url":"https:\/\/acadiantest.cocompass.com\/wp-content\/uploads\/logo.png","contentUrl":"https:\/\/acadiantest.cocompass.com\/wp-content\/uploads\/logo.png","width":303,"height":125,"caption":"Acadian Genealogy - Historical Acadian-Cajun Resources"},"image":{"@id":"https:\/\/acadiantest.cocompass.com\/#\/schema\/logo\/image\/"}}]}},"_links":{"self":[{"href":"https:\/\/acadiantest.cocompass.com\/fr\/wp-json\/wp\/v2\/pages\/1045","targetHints":{"allow":["GET"]}}],"collection":[{"href":"https:\/\/acadiantest.cocompass.com\/fr\/wp-json\/wp\/v2\/pages"}],"about":[{"href":"https:\/\/acadiantest.cocompass.com\/fr\/wp-json\/wp\/v2\/types\/page"}],"author":[{"embeddable":true,"href":"https:\/\/acadiantest.cocompass.com\/fr\/wp-json\/wp\/v2\/users\/2"}],"replies":[{"embeddable":true,"href":"https:\/\/acadiantest.cocompass.com\/fr\/wp-json\/wp\/v2\/comments?post=1045"}],"version-history":[{"count":0,"href":"https:\/\/acadiantest.cocompass.com\/fr\/wp-json\/wp\/v2\/pages\/1045\/revisions"}],"up":[{"embeddable":true,"href":"https:\/\/acadiantest.cocompass.com\/fr\/wp-json\/wp\/v2\/pages\/930"}],"wp:attachment":[{"href":"https:\/\/acadiantest.cocompass.com\/fr\/wp-json\/wp\/v2\/media?parent=1045"}],"curies":[{"name":"wp","href":"https:\/\/api.w.org\/{rel}","templated":true}]}}