{"id":1061,"date":"2016-08-27T09:20:36","date_gmt":"2016-08-27T13:20:36","guid":{"rendered":"https:\/\/acadiantest.cocompass.com\/?page_id=1061"},"modified":"2018-12-01T12:02:53","modified_gmt":"2018-12-01T17:02:53","slug":"those-who-disappeared","status":"publish","type":"page","link":"https:\/\/acadiantest.cocompass.com\/fr\/genealogy\/families\/acadian-family-names\/those-who-disappeared\/","title":{"rendered":"Those Who Disappeared"},"content":{"rendered":"<p>Nearly three-fourths of the families whose names comprise this list did not reappear in Acadia after the Dispersion (1755). Of these, a certain number disappeared naturally either because the couple in question had no surviving children at all (Gis\u00e9, Lambourt, Poupart, Racois for example), or at least no surviving sons (Belou, B\u00e9zier, Flan, Forton, Gadrau, Gentil, Gouzille, LeJuge and so forth). Others perished as a direct result of their deportation (Apart, Froiquingont, Oudy, Tillard), especially in group disasters such as shipwrecks and epidemics. Other families saw their numbers drastically reduced in these tragedies, but were not entirely extinguished (Arcement, La Vache, Le Prieur).<\/p>\n<p>Certain families survived and even flourished in the new Acadia into which they were eventually transplanted, but their names came to be found only in those areas, and may consequently appear to be somewhat alien to Acadians from other regions. Among the names that persist only among the Cajuns in Louisiana, are Arcement, Gravois, Heus\u00e9\/Us\u00e9, Hugon, Mouton and Naquin. Only in Qu\u00e9bec does one find Fontaine, Garceau, Gourdeau, Grandmaison, H\u00e9on, Long, Lord, Lucas, Messaguay, Poitevin, Rousse and Saindon. The Cloistre, Orillon dit Champagne and Part families, carry on in both Louisiana and Qu\u00e9bec, but not in Acadia. Marcadetand Pugnant dit Destouches persisted in Saint-Pierre and Miquelon until the Napoleonic Wars. Even in Acadia itself, certain families re-established themselves only in certain areas. The Bugeauds were thus only to be found on Chaleurs Bay. The Bastarache dit Basque family survived only in New Brunswick and northern Nova Scotia. The Bruns were almost exclusively in southern New Brunswick and northern Nova Scotia. The Caissysand the Gu\u00e9guens became distinctly New Brunswick Acadians too, although a few spread from there into other provinces. Many Acadians from New Brunswick think of Boutin, Forgeron, Marchand, Martel and Samson, as French-Canadian names and the Acadians of the first, fourth and fifth families just named, can indeed trace their ancestry back to Qu\u00e9bec, but these are also the names of important Acadian families in southern Cape Breton. Amirault (Mius) d&#8217;Entremont and Moulaison, are concentrated in western Nova Scotia. Corporon, DeCoste (formerly Coste), Poitier (or Pothier) and Trahan, are also names that could only be found in Nova Scotia (immediately) after the Dispersion. Although there appears to be few Potier\/Pothier&#8217;s now living in Louisiana, many Trahan&#8217;s now reside there (including by friends, Ray Trahan and his wife <a href=\"mailto:bctrahan@acadianmemorial.org\">Brenda Comeaux-Trahan<\/a>, Director of the <a href=\"https:\/\/acadiantest.cocompass.com\/fr\/acadmemorial.html\/\">Acadian Memorial Museum<\/a> in St. Martinville, Louisiana). Similarly, mention of Bernard, Buote, or Longu\u00e9p\u00e9e families in a genealogy, necessarily means that the Acadians of Prince Edward Island, must be involved in the lineage.<\/p>\n<p>A few families dropped out of sight because they apparently chose to remain in exile. The Bodard, Boisseau and C\u00e9lestin dit Bellem\u00e8re families, come to mind in this regard. Branches of some well-known widespread Acadian families, stayed in certain British American colonies, but they changed or modified their names. There were Acadians named Doiron, Dupuis and LeBlanc in Maryland, but they became Gold, Wells and White. In Pennsylvania, some Trahans became Strahans. Further south in the Carolinas, Lanoue became Lanneau, while Deschamps was transformed into Dishongh. Turcots, who were refugees in Qu\u00e9bec, crossed over into New York where they they changed to Tarkets. A Michel family in Connecticut, began using the name Mitchell and across the state line in Massachusetts, Dugas changed to Dugar and Robichaud to Robertshaw. Three generations later, innumerable name changes resulted from Acadian emigration to New England. In this second dispersion, Benoit became Bennett; Bourg, Burke; Doiron, Durant; Foug\u00e8re, Frazier; H\u00e9bert, Hubert; Langlois, Langley; LeJeune, Young; Petitpas, Pitts; Pitre, Peters; Poirier, Perry; Roy, King; and Vigneau, Veno.<\/p>\n<p>The list of Acadian family names, provide the careful reader with some interesting and valuable insights into Acadian history. The small tragedies of normal human existence and the over-overwhelming tragedies of the Acadian Diaspora, have left their marks on this list, to the extent that any present-day Acadian, from any area, will find but few familiar names here; the others were scattered to far-off destinations, or destroyed altogether, through the dangers and hardships of the great trauma inflicted on our people. In a way, the following list stands as a tribute and a monument to them. For after two centuries, we still strive to preserve the memory of those who suffered the loss of their property, their country and even their lives&#8230; because of their loyalty to their ideals and faith.<\/p>\n<p style=\"text-align: left;\" align=\"CENTER\">The above-noted was written by Stephen White for Parks Canada and permission to reproduce provided me by Stephen, as well as Portage Technologies Inc., producers of &#8220;The Acadia CD-ROM&#8221;. I am also grateful to Parks Canada for allowing reproduction.<\/p>","protected":false},"excerpt":{"rendered":"<p>Nearly three-fourths of the families whose names comprise this list did not reappear in Acadia after the Dispersion (1755). Of these, a certain number disappeared naturally either because the couple in question had no surviving children at all (Gis\u00e9, Lambourt, Poupart, Racois for example), or at least no surviving sons (Belou, B\u00e9zier, Flan, Forton, Gadrau, [&hellip;]<\/p>","protected":false},"author":2,"featured_media":0,"parent":1049,"menu_order":0,"comment_status":"closed","ping_status":"closed","template":"","meta":{"_crdt_document":"","_themeisle_gutenberg_block_has_review":false,"iawp_total_views":0,"footnotes":""},"class_list":["post-1061","page","type-page","status-publish","hentry"],"yoast_head":"<!-- This site is optimized with the Yoast SEO plugin v26.6 - https:\/\/yoast.com\/wordpress\/plugins\/seo\/ -->\n<title>Those Who Disappeared - Acadian Genealogy - Historical Acadian-Cajun Resources<\/title>\n<meta name=\"robots\" content=\"noindex, follow, max-snippet:-1, max-image-preview:large, max-video-preview:-1\" \/>\n<meta property=\"og:locale\" content=\"fr_CA\" \/>\n<meta property=\"og:type\" content=\"article\" \/>\n<meta property=\"og:title\" content=\"Those Who Disappeared - Acadian Genealogy - Historical Acadian-Cajun Resources\" \/>\n<meta property=\"og:description\" content=\"Nearly three-fourths of the families whose names comprise this list did not reappear in Acadia after the Dispersion (1755). Of these, a certain number disappeared naturally either because the couple in question had no surviving children at all (Gis\u00e9, Lambourt, Poupart, Racois for example), or at least no surviving sons (Belou, B\u00e9zier, Flan, Forton, Gadrau, [&hellip;]\" \/>\n<meta property=\"og:url\" content=\"https:\/\/acadiantest.cocompass.com\/fr\/genealogy\/families\/acadian-family-names\/those-who-disappeared\/\" \/>\n<meta property=\"og:site_name\" content=\"Acadian Genealogy - Historical Acadian-Cajun Resources\" \/>\n<meta property=\"article:modified_time\" content=\"2018-12-01T17:02:53+00:00\" \/>\n<meta name=\"twitter:card\" content=\"summary_large_image\" \/>\n<meta name=\"twitter:label1\" content=\"Estimation du temps de lecture\" \/>\n\t<meta name=\"twitter:data1\" content=\"4 minutes\" \/>\n<script type=\"application\/ld+json\" class=\"yoast-schema-graph\">{\"@context\":\"https:\/\/schema.org\",\"@graph\":[{\"@type\":\"WebPage\",\"@id\":\"https:\/\/acadiantest.cocompass.com\/genealogy\/families\/acadian-family-names\/those-who-disappeared\/\",\"url\":\"https:\/\/acadiantest.cocompass.com\/genealogy\/families\/acadian-family-names\/those-who-disappeared\/\",\"name\":\"Those Who Disappeared - Acadian Genealogy - Historical Acadian-Cajun Resources\",\"isPartOf\":{\"@id\":\"https:\/\/acadiantest.cocompass.com\/#website\"},\"datePublished\":\"2016-08-27T13:20:36+00:00\",\"dateModified\":\"2018-12-01T17:02:53+00:00\",\"breadcrumb\":{\"@id\":\"https:\/\/acadiantest.cocompass.com\/genealogy\/families\/acadian-family-names\/those-who-disappeared\/#breadcrumb\"},\"inLanguage\":\"fr-CA\",\"potentialAction\":[{\"@type\":\"ReadAction\",\"target\":[\"https:\/\/acadiantest.cocompass.com\/genealogy\/families\/acadian-family-names\/those-who-disappeared\/\"]}]},{\"@type\":\"BreadcrumbList\",\"@id\":\"https:\/\/acadiantest.cocompass.com\/genealogy\/families\/acadian-family-names\/those-who-disappeared\/#breadcrumb\",\"itemListElement\":[{\"@type\":\"ListItem\",\"position\":1,\"name\":\"Accueil\",\"item\":\"https:\/\/acadiantest.cocompass.com\/\"},{\"@type\":\"ListItem\",\"position\":2,\"name\":\"Genealogy\",\"item\":\"https:\/\/acadiantest.cocompass.com\/genealogy\/\"},{\"@type\":\"ListItem\",\"position\":3,\"name\":\"Families\",\"item\":\"https:\/\/acadiantest.cocompass.com\/genealogy\/families\/\"},{\"@type\":\"ListItem\",\"position\":4,\"name\":\"Acadian Family Names 1700 to 1755 and Variations\",\"item\":\"https:\/\/acadiantest.cocompass.com\/genealogy\/families\/acadian-family-names\/\"},{\"@type\":\"ListItem\",\"position\":5,\"name\":\"Those Who Disappeared\"}]},{\"@type\":\"WebSite\",\"@id\":\"https:\/\/acadiantest.cocompass.com\/#website\",\"url\":\"https:\/\/acadiantest.cocompass.com\/\",\"name\":\"Acadian Genealogy - Historical Acadian-Cajun Resources\",\"description\":\"Learn About Acadians and Cajuns\",\"publisher\":{\"@id\":\"https:\/\/acadiantest.cocompass.com\/#organization\"},\"potentialAction\":[{\"@type\":\"SearchAction\",\"target\":{\"@type\":\"EntryPoint\",\"urlTemplate\":\"https:\/\/acadiantest.cocompass.com\/?s={search_term_string}\"},\"query-input\":{\"@type\":\"PropertyValueSpecification\",\"valueRequired\":true,\"valueName\":\"search_term_string\"}}],\"inLanguage\":\"fr-CA\"},{\"@type\":\"Organization\",\"@id\":\"https:\/\/acadiantest.cocompass.com\/#organization\",\"name\":\"Acadian Genealogy - Historical Acadian-Cajun Resources\",\"url\":\"https:\/\/acadiantest.cocompass.com\/\",\"logo\":{\"@type\":\"ImageObject\",\"inLanguage\":\"fr-CA\",\"@id\":\"https:\/\/acadiantest.cocompass.com\/#\/schema\/logo\/image\/\",\"url\":\"https:\/\/acadiantest.cocompass.com\/wp-content\/uploads\/logo.png\",\"contentUrl\":\"https:\/\/acadiantest.cocompass.com\/wp-content\/uploads\/logo.png\",\"width\":303,\"height\":125,\"caption\":\"Acadian Genealogy - Historical Acadian-Cajun Resources\"},\"image\":{\"@id\":\"https:\/\/acadiantest.cocompass.com\/#\/schema\/logo\/image\/\"}}]}<\/script>\n<!-- \/ Yoast SEO plugin. -->","yoast_head_json":{"title":"Those Who Disappeared - Acadian Genealogy - Historical Acadian-Cajun Resources","robots":{"index":"noindex","follow":"follow","max-snippet":"max-snippet:-1","max-image-preview":"max-image-preview:large","max-video-preview":"max-video-preview:-1"},"og_locale":"fr_CA","og_type":"article","og_title":"Those Who Disappeared - Acadian Genealogy - Historical Acadian-Cajun Resources","og_description":"Nearly three-fourths of the families whose names comprise this list did not reappear in Acadia after the Dispersion (1755). Of these, a certain number disappeared naturally either because the couple in question had no surviving children at all (Gis\u00e9, Lambourt, Poupart, Racois for example), or at least no surviving sons (Belou, B\u00e9zier, Flan, Forton, Gadrau, [&hellip;]","og_url":"https:\/\/acadiantest.cocompass.com\/fr\/genealogy\/families\/acadian-family-names\/those-who-disappeared\/","og_site_name":"Acadian Genealogy - Historical Acadian-Cajun Resources","article_modified_time":"2018-12-01T17:02:53+00:00","twitter_card":"summary_large_image","twitter_misc":{"Estimation du temps de lecture":"4 minutes"},"schema":{"@context":"https:\/\/schema.org","@graph":[{"@type":"WebPage","@id":"https:\/\/acadiantest.cocompass.com\/genealogy\/families\/acadian-family-names\/those-who-disappeared\/","url":"https:\/\/acadiantest.cocompass.com\/genealogy\/families\/acadian-family-names\/those-who-disappeared\/","name":"Those Who Disappeared - Acadian Genealogy - Historical Acadian-Cajun Resources","isPartOf":{"@id":"https:\/\/acadiantest.cocompass.com\/#website"},"datePublished":"2016-08-27T13:20:36+00:00","dateModified":"2018-12-01T17:02:53+00:00","breadcrumb":{"@id":"https:\/\/acadiantest.cocompass.com\/genealogy\/families\/acadian-family-names\/those-who-disappeared\/#breadcrumb"},"inLanguage":"fr-CA","potentialAction":[{"@type":"ReadAction","target":["https:\/\/acadiantest.cocompass.com\/genealogy\/families\/acadian-family-names\/those-who-disappeared\/"]}]},{"@type":"BreadcrumbList","@id":"https:\/\/acadiantest.cocompass.com\/genealogy\/families\/acadian-family-names\/those-who-disappeared\/#breadcrumb","itemListElement":[{"@type":"ListItem","position":1,"name":"Accueil","item":"https:\/\/acadiantest.cocompass.com\/"},{"@type":"ListItem","position":2,"name":"Genealogy","item":"https:\/\/acadiantest.cocompass.com\/genealogy\/"},{"@type":"ListItem","position":3,"name":"Families","item":"https:\/\/acadiantest.cocompass.com\/genealogy\/families\/"},{"@type":"ListItem","position":4,"name":"Acadian Family Names 1700 to 1755 and Variations","item":"https:\/\/acadiantest.cocompass.com\/genealogy\/families\/acadian-family-names\/"},{"@type":"ListItem","position":5,"name":"Those Who Disappeared"}]},{"@type":"WebSite","@id":"https:\/\/acadiantest.cocompass.com\/#website","url":"https:\/\/acadiantest.cocompass.com\/","name":"Acadian Genealogy - Historical Acadian-Cajun Resources","description":"Learn About Acadians and Cajuns","publisher":{"@id":"https:\/\/acadiantest.cocompass.com\/#organization"},"potentialAction":[{"@type":"SearchAction","target":{"@type":"EntryPoint","urlTemplate":"https:\/\/acadiantest.cocompass.com\/?s={search_term_string}"},"query-input":{"@type":"PropertyValueSpecification","valueRequired":true,"valueName":"search_term_string"}}],"inLanguage":"fr-CA"},{"@type":"Organization","@id":"https:\/\/acadiantest.cocompass.com\/#organization","name":"Acadian Genealogy - Historical Acadian-Cajun Resources","url":"https:\/\/acadiantest.cocompass.com\/","logo":{"@type":"ImageObject","inLanguage":"fr-CA","@id":"https:\/\/acadiantest.cocompass.com\/#\/schema\/logo\/image\/","url":"https:\/\/acadiantest.cocompass.com\/wp-content\/uploads\/logo.png","contentUrl":"https:\/\/acadiantest.cocompass.com\/wp-content\/uploads\/logo.png","width":303,"height":125,"caption":"Acadian Genealogy - Historical Acadian-Cajun Resources"},"image":{"@id":"https:\/\/acadiantest.cocompass.com\/#\/schema\/logo\/image\/"}}]}},"_links":{"self":[{"href":"https:\/\/acadiantest.cocompass.com\/fr\/wp-json\/wp\/v2\/pages\/1061","targetHints":{"allow":["GET"]}}],"collection":[{"href":"https:\/\/acadiantest.cocompass.com\/fr\/wp-json\/wp\/v2\/pages"}],"about":[{"href":"https:\/\/acadiantest.cocompass.com\/fr\/wp-json\/wp\/v2\/types\/page"}],"author":[{"embeddable":true,"href":"https:\/\/acadiantest.cocompass.com\/fr\/wp-json\/wp\/v2\/users\/2"}],"replies":[{"embeddable":true,"href":"https:\/\/acadiantest.cocompass.com\/fr\/wp-json\/wp\/v2\/comments?post=1061"}],"version-history":[{"count":0,"href":"https:\/\/acadiantest.cocompass.com\/fr\/wp-json\/wp\/v2\/pages\/1061\/revisions"}],"up":[{"embeddable":true,"href":"https:\/\/acadiantest.cocompass.com\/fr\/wp-json\/wp\/v2\/pages\/1049"}],"wp:attachment":[{"href":"https:\/\/acadiantest.cocompass.com\/fr\/wp-json\/wp\/v2\/media?parent=1061"}],"curies":[{"name":"wp","href":"https:\/\/api.w.org\/{rel}","templated":true}]}}