{"id":1065,"date":"2016-08-27T09:27:53","date_gmt":"2016-08-27T13:27:53","guid":{"rendered":"https:\/\/acadiantest.cocompass.com\/?page_id=1065"},"modified":"2018-12-01T12:05:01","modified_gmt":"2018-12-01T17:05:01","slug":"family-names-nicknames-colonial-quebec","status":"publish","type":"page","link":"https:\/\/acadiantest.cocompass.com\/fr\/genealogy\/families\/family-names-nicknames-colonial-quebec\/","title":{"rendered":"Family Names and Nicknames in Colonial Qu\u00e9bec"},"content":{"rendered":"<p>Introduction<\/p>\n<p>The inhabitants of the Saint Lawrence Valley in the 17th and 18th centuries were subject to the laws and customs of France. Each of them had a family name and a given name. Children had the family name of their father. Married women kept their family name from birth, on official documents, although they were commonly known by their husband\u2019s family name. For instance, after Jeanne Marie-Louise Gagn\u00e9 married Guillaume-Fran\u00e7ois Baret, she was listed as \u201cJeanne Gagn\u00e9\u201d on the baptismal certificates of her children, but was known as \u201cMadame Baret\u201d to her neighbors.<\/p>\n<p>Though the practice of handing on family names from one generation to the next is helpful for genealogists, there are some problems. First, there are many variations for some names, for several reasons. Most colonists in early Qu\u00e9bec were unable to read and write, or even of signing their names. Even for the literate, spelling was not standardized. Priests and notaries, charged with recording vital statistics, wrote the names as they heard them. For instance, Guillaume Baret\u2019s family name might also be written Barette or Barrette, and Jeanne Gagn\u00e9\u2019s family name might be also be written Gagnier or Gasnier. Another factor for those who decipher colonial documents is that the data can be difficult to read because some letters such as m, n, r, and u are easily confused in handwriting. And, of course, there are the inevitable \u201ctranscription errors\u201d made by the person who entered the data. For instance, a priest who served in the same parish for two or three decades might write the family name of the bride\u2019s grandmother instead of that of her mother in the marriage register, or the name of another brother of the baby\u2019s father instead of the name of the actual godfather.<\/p>\n<p>Another problem concerns the use of \u201cdit\u201d names, so called because they are introduced by the French word \u201cdit\u2019 (called). \u201cDit\u201d names have many origins. Many were originally the \u201cnom de guerre\u201d adopted by the troops in a specific military company. The name \u201cLafleur\u201d is the most common of the \u201cnoms de guerre\u201d, associated with about 220 family names. There are nicknames associated with a physical characteristic, as \u201cLegrand\u201d or with a place of origin, as \u201cNormand\u201d, or the location of a property, as \u201cLapointe\u201d. In some cases, the mother\u2019s family name is associated with the father\u2019s, as Jacques Couillard dit Despr\u00e9s. As for our exemplar couple, the husband has a dit name: Guillaume-Fran\u00e7ois Baret dit Courville, while his spouse is known simply as Jeanne Marie-Louise Gagn\u00e9. Their granddaughter Marie-Josephe, spouse of Pierre-Amable Baret dit Courville is known sometimes as \u201cMarie-Josephe Gagn\u00e9\u201d, sometimes as \u201cMarie-Josephe Catin\u201d. But that, as they say, is another story!<\/p>\n<p>Introduction composed by Fr. John L. Sullivan &#8211; <a href=\"mailto:owentagart@aol.com\">owentagart@aol.com<\/a><\/p>","protected":false},"excerpt":{"rendered":"<p>Introduction The inhabitants of the Saint Lawrence Valley in the 17th and 18th centuries were subject to the laws and customs of France. Each of them had a family name and a given name. Children had the family name of their father. Married women kept their family name from birth, on official documents, although they [&hellip;]<\/p>","protected":false},"author":2,"featured_media":0,"parent":67,"menu_order":0,"comment_status":"closed","ping_status":"closed","template":"","meta":{"_crdt_document":"","_themeisle_gutenberg_block_has_review":false,"iawp_total_views":0,"footnotes":""},"class_list":["post-1065","page","type-page","status-publish","hentry"],"yoast_head":"<!-- This site is optimized with the Yoast SEO plugin v26.6 - https:\/\/yoast.com\/wordpress\/plugins\/seo\/ -->\n<title>Family Names and Nicknames in Colonial Qu\u00e9bec - Acadian Genealogy - Historical Acadian-Cajun Resources<\/title>\n<meta name=\"robots\" content=\"noindex, follow, max-snippet:-1, max-image-preview:large, max-video-preview:-1\" \/>\n<meta property=\"og:locale\" content=\"fr_CA\" \/>\n<meta property=\"og:type\" content=\"article\" \/>\n<meta property=\"og:title\" content=\"Family Names and Nicknames in Colonial Qu\u00e9bec - Acadian Genealogy - Historical Acadian-Cajun Resources\" \/>\n<meta property=\"og:description\" content=\"Introduction The inhabitants of the Saint Lawrence Valley in the 17th and 18th centuries were subject to the laws and customs of France. Each of them had a family name and a given name. Children had the family name of their father. Married women kept their family name from birth, on official documents, although they [&hellip;]\" \/>\n<meta property=\"og:url\" content=\"https:\/\/acadiantest.cocompass.com\/fr\/genealogy\/families\/family-names-nicknames-colonial-quebec\/\" \/>\n<meta property=\"og:site_name\" content=\"Acadian Genealogy - Historical Acadian-Cajun Resources\" \/>\n<meta property=\"article:modified_time\" content=\"2018-12-01T17:05:01+00:00\" \/>\n<meta name=\"twitter:card\" content=\"summary_large_image\" \/>\n<meta name=\"twitter:label1\" content=\"Estimation du temps de lecture\" \/>\n\t<meta name=\"twitter:data1\" content=\"2 minutes\" \/>\n<script type=\"application\/ld+json\" class=\"yoast-schema-graph\">{\"@context\":\"https:\/\/schema.org\",\"@graph\":[{\"@type\":\"WebPage\",\"@id\":\"https:\/\/acadiantest.cocompass.com\/genealogy\/families\/family-names-nicknames-colonial-quebec\/\",\"url\":\"https:\/\/acadiantest.cocompass.com\/genealogy\/families\/family-names-nicknames-colonial-quebec\/\",\"name\":\"Family Names and Nicknames in Colonial Qu\u00e9bec - Acadian Genealogy - Historical Acadian-Cajun Resources\",\"isPartOf\":{\"@id\":\"https:\/\/acadiantest.cocompass.com\/#website\"},\"datePublished\":\"2016-08-27T13:27:53+00:00\",\"dateModified\":\"2018-12-01T17:05:01+00:00\",\"breadcrumb\":{\"@id\":\"https:\/\/acadiantest.cocompass.com\/genealogy\/families\/family-names-nicknames-colonial-quebec\/#breadcrumb\"},\"inLanguage\":\"fr-CA\",\"potentialAction\":[{\"@type\":\"ReadAction\",\"target\":[\"https:\/\/acadiantest.cocompass.com\/genealogy\/families\/family-names-nicknames-colonial-quebec\/\"]}]},{\"@type\":\"BreadcrumbList\",\"@id\":\"https:\/\/acadiantest.cocompass.com\/genealogy\/families\/family-names-nicknames-colonial-quebec\/#breadcrumb\",\"itemListElement\":[{\"@type\":\"ListItem\",\"position\":1,\"name\":\"Accueil\",\"item\":\"https:\/\/acadiantest.cocompass.com\/\"},{\"@type\":\"ListItem\",\"position\":2,\"name\":\"Genealogy\",\"item\":\"https:\/\/acadiantest.cocompass.com\/genealogy\/\"},{\"@type\":\"ListItem\",\"position\":3,\"name\":\"Families\",\"item\":\"https:\/\/acadiantest.cocompass.com\/genealogy\/families\/\"},{\"@type\":\"ListItem\",\"position\":4,\"name\":\"Family Names and Nicknames in Colonial Qu\u00e9bec\"}]},{\"@type\":\"WebSite\",\"@id\":\"https:\/\/acadiantest.cocompass.com\/#website\",\"url\":\"https:\/\/acadiantest.cocompass.com\/\",\"name\":\"Acadian Genealogy - Historical Acadian-Cajun Resources\",\"description\":\"Learn About Acadians and Cajuns\",\"publisher\":{\"@id\":\"https:\/\/acadiantest.cocompass.com\/#organization\"},\"potentialAction\":[{\"@type\":\"SearchAction\",\"target\":{\"@type\":\"EntryPoint\",\"urlTemplate\":\"https:\/\/acadiantest.cocompass.com\/?s={search_term_string}\"},\"query-input\":{\"@type\":\"PropertyValueSpecification\",\"valueRequired\":true,\"valueName\":\"search_term_string\"}}],\"inLanguage\":\"fr-CA\"},{\"@type\":\"Organization\",\"@id\":\"https:\/\/acadiantest.cocompass.com\/#organization\",\"name\":\"Acadian Genealogy - Historical Acadian-Cajun Resources\",\"url\":\"https:\/\/acadiantest.cocompass.com\/\",\"logo\":{\"@type\":\"ImageObject\",\"inLanguage\":\"fr-CA\",\"@id\":\"https:\/\/acadiantest.cocompass.com\/#\/schema\/logo\/image\/\",\"url\":\"https:\/\/acadiantest.cocompass.com\/wp-content\/uploads\/logo.png\",\"contentUrl\":\"https:\/\/acadiantest.cocompass.com\/wp-content\/uploads\/logo.png\",\"width\":303,\"height\":125,\"caption\":\"Acadian Genealogy - Historical Acadian-Cajun Resources\"},\"image\":{\"@id\":\"https:\/\/acadiantest.cocompass.com\/#\/schema\/logo\/image\/\"}}]}<\/script>\n<!-- \/ Yoast SEO plugin. -->","yoast_head_json":{"title":"Family Names and Nicknames in Colonial Qu\u00e9bec - Acadian Genealogy - Historical Acadian-Cajun Resources","robots":{"index":"noindex","follow":"follow","max-snippet":"max-snippet:-1","max-image-preview":"max-image-preview:large","max-video-preview":"max-video-preview:-1"},"og_locale":"fr_CA","og_type":"article","og_title":"Family Names and Nicknames in Colonial Qu\u00e9bec - Acadian Genealogy - Historical Acadian-Cajun Resources","og_description":"Introduction The inhabitants of the Saint Lawrence Valley in the 17th and 18th centuries were subject to the laws and customs of France. Each of them had a family name and a given name. Children had the family name of their father. Married women kept their family name from birth, on official documents, although they [&hellip;]","og_url":"https:\/\/acadiantest.cocompass.com\/fr\/genealogy\/families\/family-names-nicknames-colonial-quebec\/","og_site_name":"Acadian Genealogy - Historical Acadian-Cajun Resources","article_modified_time":"2018-12-01T17:05:01+00:00","twitter_card":"summary_large_image","twitter_misc":{"Estimation du temps de lecture":"2 minutes"},"schema":{"@context":"https:\/\/schema.org","@graph":[{"@type":"WebPage","@id":"https:\/\/acadiantest.cocompass.com\/genealogy\/families\/family-names-nicknames-colonial-quebec\/","url":"https:\/\/acadiantest.cocompass.com\/genealogy\/families\/family-names-nicknames-colonial-quebec\/","name":"Family Names and Nicknames in Colonial Qu\u00e9bec - Acadian Genealogy - Historical Acadian-Cajun Resources","isPartOf":{"@id":"https:\/\/acadiantest.cocompass.com\/#website"},"datePublished":"2016-08-27T13:27:53+00:00","dateModified":"2018-12-01T17:05:01+00:00","breadcrumb":{"@id":"https:\/\/acadiantest.cocompass.com\/genealogy\/families\/family-names-nicknames-colonial-quebec\/#breadcrumb"},"inLanguage":"fr-CA","potentialAction":[{"@type":"ReadAction","target":["https:\/\/acadiantest.cocompass.com\/genealogy\/families\/family-names-nicknames-colonial-quebec\/"]}]},{"@type":"BreadcrumbList","@id":"https:\/\/acadiantest.cocompass.com\/genealogy\/families\/family-names-nicknames-colonial-quebec\/#breadcrumb","itemListElement":[{"@type":"ListItem","position":1,"name":"Accueil","item":"https:\/\/acadiantest.cocompass.com\/"},{"@type":"ListItem","position":2,"name":"Genealogy","item":"https:\/\/acadiantest.cocompass.com\/genealogy\/"},{"@type":"ListItem","position":3,"name":"Families","item":"https:\/\/acadiantest.cocompass.com\/genealogy\/families\/"},{"@type":"ListItem","position":4,"name":"Family Names and Nicknames in Colonial Qu\u00e9bec"}]},{"@type":"WebSite","@id":"https:\/\/acadiantest.cocompass.com\/#website","url":"https:\/\/acadiantest.cocompass.com\/","name":"Acadian Genealogy - Historical Acadian-Cajun Resources","description":"Learn About Acadians and Cajuns","publisher":{"@id":"https:\/\/acadiantest.cocompass.com\/#organization"},"potentialAction":[{"@type":"SearchAction","target":{"@type":"EntryPoint","urlTemplate":"https:\/\/acadiantest.cocompass.com\/?s={search_term_string}"},"query-input":{"@type":"PropertyValueSpecification","valueRequired":true,"valueName":"search_term_string"}}],"inLanguage":"fr-CA"},{"@type":"Organization","@id":"https:\/\/acadiantest.cocompass.com\/#organization","name":"Acadian Genealogy - Historical Acadian-Cajun Resources","url":"https:\/\/acadiantest.cocompass.com\/","logo":{"@type":"ImageObject","inLanguage":"fr-CA","@id":"https:\/\/acadiantest.cocompass.com\/#\/schema\/logo\/image\/","url":"https:\/\/acadiantest.cocompass.com\/wp-content\/uploads\/logo.png","contentUrl":"https:\/\/acadiantest.cocompass.com\/wp-content\/uploads\/logo.png","width":303,"height":125,"caption":"Acadian Genealogy - Historical Acadian-Cajun Resources"},"image":{"@id":"https:\/\/acadiantest.cocompass.com\/#\/schema\/logo\/image\/"}}]}},"_links":{"self":[{"href":"https:\/\/acadiantest.cocompass.com\/fr\/wp-json\/wp\/v2\/pages\/1065","targetHints":{"allow":["GET"]}}],"collection":[{"href":"https:\/\/acadiantest.cocompass.com\/fr\/wp-json\/wp\/v2\/pages"}],"about":[{"href":"https:\/\/acadiantest.cocompass.com\/fr\/wp-json\/wp\/v2\/types\/page"}],"author":[{"embeddable":true,"href":"https:\/\/acadiantest.cocompass.com\/fr\/wp-json\/wp\/v2\/users\/2"}],"replies":[{"embeddable":true,"href":"https:\/\/acadiantest.cocompass.com\/fr\/wp-json\/wp\/v2\/comments?post=1065"}],"version-history":[{"count":0,"href":"https:\/\/acadiantest.cocompass.com\/fr\/wp-json\/wp\/v2\/pages\/1065\/revisions"}],"up":[{"embeddable":true,"href":"https:\/\/acadiantest.cocompass.com\/fr\/wp-json\/wp\/v2\/pages\/67"}],"wp:attachment":[{"href":"https:\/\/acadiantest.cocompass.com\/fr\/wp-json\/wp\/v2\/media?parent=1065"}],"curies":[{"name":"wp","href":"https:\/\/api.w.org\/{rel}","templated":true}]}}