{"id":1179,"date":"2016-08-27T14:26:50","date_gmt":"2016-08-27T18:26:50","guid":{"rendered":"https:\/\/acadiantest.cocompass.com\/?page_id=1179"},"modified":"2018-06-29T15:36:53","modified_gmt":"2018-06-29T19:36:53","slug":"theriault","status":"publish","type":"page","link":"https:\/\/acadiantest.cocompass.com\/fr\/genealogy\/families\/theriault\/","title":{"rendered":"Th\u00e9riault"},"content":{"rendered":"<p align=\"CENTER\"><img fetchpriority=\"high\" decoding=\"async\" src=\"https:\/\/acadiantest.cocompass.com\/images\/theriaultheader2.jpg\" width=\"780\" height=\"200\" \/><\/p>\n<p align=\"CENTER\"><img decoding=\"async\" src=\"https:\/\/acadiantest.cocompass.com\/images\/Theriault%20Crest.png\" width=\"169\" height=\"210\" \/><\/p>\n<p align=\"CENTER\"><a href=\"http:\/\/www.cafepress.com\/acadstore\/778055\" target=\"_blank\" rel=\"noopener\">Click here to view Great THERIAULT Product\/Gift Ideas!<\/a><\/p>\n<p align=\"CENTER\"><a href=\"https:\/\/acadiantest.cocompass.com\/fr\/shop\/\">Click here for details on the THERIAULT Family Genealogy CD-ROM<\/a><\/p>\n<p align=\"CENTER\">Les Th\u00e9riault \u00e0 L&#8217;Acadie, de 1604 \u00e0 1763<\/p>\n<p>C&#8217;est en aout 1604 que Samuel de Champlain d\u00e9barque \u00e0 Port-Royal (\u00e9chancrure dans la Baie Fran\u00e7aise) avec 70 colons recrut\u00e9s en France. De ce nombre, plus de la moiti\u00e9 \u00e9taient d\u00e9c\u00e9d\u00e9s au printemps suivant, de la petite v\u00e9role (maladie contagieuse) et du scorbut (carence alimentaire), deux des maladies pour lesquelles on ne connaissait pas de rem\u00e8de \u00e0 l&#8217;\u00e9poque. C&#8217;est vers 1634 ou 1636 que d\u00e9buta pour de bon le recruitement en France, de volontaires laboureurs pour coloniser cette partie de la Nouvelle-France.<\/p>\n<p align=\"CENTER\">Vers 1640, notre anc\u00eatre Jehan Terriot quittait son Poitou natal pour l&#8217;Acadie.<\/p>\n<p>On recommence donc \u00e0 Port-Royal, avec le premier arrivage de colons fran\u00e7ais en 1636. En 1670, la population \u00e9tait de 400, et an 1714 de 2,900. Il ne faut pas croire cependant que nos anc\u00eatres vivaient toujours en toute qui\u00e9tude car, entre 1604 et 1713, l&#8217;Acadie a chang\u00e9 de main \u00e0 sept reproses.<\/p>\n<p>A partir de 1670, la population se d\u00e9place vers le fond de la baie fran\u00e7aise, dans la r\u00e9gion de Beaubassin en 1672, et celle du Bassin des Mines en 1686. L\u00e0 ils y d\u00e9couvrent un sol fertile mais inond\u00e9 tr\u00e8s souvent par les fortes mar\u00e9es de la baie fran\u00e7aise (Fundy). Ing\u00e9nieux, les acadiens construisent des digues dans lesquelles on installe des aboiteaux qui laissent \u00e9couler les eaux de ruissellement, en emp\u00eachant les inondations.<\/p>\n<p>En 1710 \u00e0 la suite d&#8217;une guerre entre anglais et fran\u00e7ais, Port-Royal tombe aux mains des anglais. On rebaptise l&#8217;endroit Annapolis Royal en l&#8217;honneur de Anne Stuart, reine d&#8217;Angleterre.<\/p>\n<p>En 1744, la guerre \u00e9clate entre les deux bellig\u00e9rants, Louisbourg ayant pris beaucoup d&#8217;ampleur durant les derni\u00e8res ann\u00e9es, l&#8217;Angleterre am\u00e8ne 2,000 colons militaires anglais et \u00e9cossais pour faire contrepoids. Les fran\u00e7ais essuient un s\u00e9rieux revers, la flotte du Duc d&#8217;Anville ayant \u00e9t\u00e9 d\u00e9cim\u00e9e par une temp\u00eate. Mais au grand m\u00e9contentement des colonies anglaises, Louisbourg est rendu \u00e0 la France par le trait\u00e9 d&#8217;Aix-la-Chapelle.<\/p>\n<p>En 1749, l&#8217;anglais s&#8217;installe \u00e0 Grand-Pr\u00e9, et \u00e0 Beaubassin en 1751.<\/p>\n<p>En 1754, Charles Lawrence est nomm\u00e9 gouverneur de la Nouvelle-\u00c9cosse. A partir de ce moment, la situation \u00e9volue rapidement. Ce dernier envisage ouvertement la d\u00e9portation.<\/p>\n<p align=\"CENTER\">La d\u00e9portation de 1755 \u00e0 1763<\/p>\n<p>Lawrence d\u00e9cide donc de r\u00e9gler une fois pour toute la question du serment et par l\u00e0 m\u00eame, le sort des acadiens. Lawrence et Murray convoquent les repr\u00e9sentants des acadiens en juillet, pour leur faire signer le serment. Ces derniers refusent et sont faits prisonniers sur le champ.<\/p>\n<p>Le plan de Lawrence est d&#8217;expulser les acadiens et de les remplacer par des colons de la Nouvelle-Angleterre.<\/p>\n<p>Le colonel Winslow est nomm\u00e9 par Lawrence pour le district des Mines. L&#8217;ordre est donn\u00e9 de capturer les hommes et de les d\u00e9tenir en attendant les bateaux. C&#8217;est la m\u00eame situation pour Monkton \u00e0 Beaus\u00e9jour, Frie \u00e0 Petcandiac. Winslow \u00e9tablit ses quartiers dans le presbyt\u00e8re et dans l&#8217;\u00e9glise de Grand-Pr\u00e9. Il y convoque le 5 septembre, 418 acadiens (hommes) qu&#8217;il fait prisonniers dans l&#8217;\u00e9glise m\u00eame.<\/p>\n<p>Parmi les d\u00e9port\u00e9s, nous trouvons au moins une demi-douzaine de famille Th\u00e9riault. Dans tous ces pr\u00e9paratifs d&#8217;embarquement, plusieurs r\u00e9ussissent \u00e0 prendre la fuite. C&#8217;est bien sur un temps de confusion et de d\u00e9solations.<\/p>\n<p>Le 1er novembre, 1,500 acadiens sont entass\u00e9s sur des bateaux pour \u00eatre d\u00e9port\u00e9s au Maryland, en Pennsylvanie et en Virginie. Le 13 d\u00e9cembre, les derniers acadiens de Grand-Pr\u00e9, soit 600 sont d\u00e9port\u00e9s \u00e0 leur tour. On proc\u00e8de ensuite \u00e0 la destruction des villages.<\/p>\n<p>La vie sur les bateaux n&#8217;est pas facile, l&#8217;entassement, la mauvaise alimentation, le manque d&#8217;hygi\u00e8ne et les maladies, emportent plusieurs vies.<\/p>\n<p>En 1756, la Virginie refuse d&#8217;accepter 1,150 acadiens et les retourne en Angleterre ou ils sont cantonn\u00e9s dans les entrepots avant d&#8217;\u00eatre retourn\u00e9s en France, \u00e0 St-Malo, \u00e0 Belle-Ile-en-Mer en Normandie et dans le Poitou.<\/p>\n<p>En 1758 reprend la d\u00e9portation massive. Lord Rollo entreprend de vider l&#8217;Ile-St-Jean. Pendant que l&#8217;on vide les grands centres, 600 personnes r\u00e9ussissent \u00e0 s&#8217;enfuir vers la Miramichi et le Canada. Les fr\u00e8res Paul et Joseph Th\u00e9riault se sont install\u00e9s \u00e0 Rivi\u00e8re-Ouelle vers 1765. Ils sont les anc\u00eatres des Th\u00e9riault de la cote du sud.<\/p>\n<p>En 1760, on d\u00e9tient \u00e0 Halifax 2,000 personnes en attendant les bateaux, pour les d\u00e9porter.<\/p>\n<p>En 1762, 1,300 acadiens sont d\u00e9port\u00e9s \u00e0 Boston. Le Massachusetts refuse de les recevoir. Ils sont retourn\u00e9s \u00e0 Halifax et sont d\u00e9tenus comme prisonniers.<\/p>\n<p>En Virginie, de peur ques les acadiens ne se joignent aux esclaves et organisent une r\u00e9bellion, les autorit\u00e9s d\u00e9cident de les envoyer en Angleterre. Lawrence envoie une lettre aux diff\u00e9rents gouvernements pour emp\u00eacher les acadiens de revenir en Acadie. On ne saura jamais le nombre d&#8217;acadiens qui furent d\u00e9port\u00e9s, ni combien sont morts de maladie, d&#8217;errance, de d\u00e9solation et de chagrin.<\/p>\n<p>Un peuple pacifique, travailleur, honn\u00eate n&#8217;ayant pour d\u00e9fauts que sa langue et sa foi, fut donc exil\u00e9 de fa\u00e7on afflictive et infamante, hors de ses foyers et de ses terres.<\/p>\n<p align=\"CENTER\">L&#8217;apr\u00e8s d\u00e9portation<\/p>\n<p>Au retour de la paix en 1763, on assiste \u00e0 une vague de migrations acadiennes, hors des colonies am\u00e9ricaines. Plusieurs retournent en Nouvelle-\u00c9cosse. Une centaines du Massachusetts s&#8217;installe aux Iles-St-Pierre-et-Miquelon. D&#8217;autres se dirigent vers les Antilles.<\/p>\n<p>En 1766, quelques centaines d&#8217;acadiens de la Nouvelle-\u00c9cosse arrivent en Louisiane, territoire espagnol depuis 1762. Une centaine se rendent \u00e0 Qu\u00e9bec en 1766. La vague d&#8217;immigration la plus importante en Louisiane, a lieu en 1785.<\/p>\n<p>Les espagnols soucieux de renforcer leur position en Louisiane, recrutent 1,600 acadiens qui avaient \u00e9t\u00e9 d\u00e9port\u00e9s en France et en Angleterre.<\/p>\n<p>En 1764, environ 600 acadiens passent aux Antilles pour ensuite revenir en Louisiane. Les Iles-St-Pierre-et-Miquelon accueillent 300 acadiens en 1764-65. Les Th\u00e9riault des Iles-de-la-Madeleine sont venus de Miquelon en 1792.<\/p>\n<p>Pour les acadiens qui ont \u00e9chapp\u00e9 \u00e0 la d\u00e9portation, leur sort n&#8217;est pas beaucoup plus enviable. C&#8217;est par centaines qu&#8217;ils voyagent sur les fleuves St-Jean et Miramichi, pour arriver dans ce qui est aujourd&#8217;hui la p\u00e9ninsule acadienne du Nouveau-Brunswick.<\/p>\n<p>Acadiens et am\u00e9rindiens guerroient contre les anglais et les tiennent en respect. Cach\u00e9s dans le bois, ils vivent mis\u00e9rablement, mais debout devant l&#8217;anglais. Plusieurs se dirigent vers le Canada et s&#8217;installent sur les deux rives du St-Laurent.<\/p>\n<p>A la fin des hostilit\u00e9s en 1763, on estime qu&#8217;il reste dans les maritimes, environ 4,700 acadiens.<\/p>\n<p>Par le trait\u00e9 de Pris en 1763, la Nouvelle-France passe \u00e0 l&#8217;Angleterre. En 1764, on permet aux acadiens de revenir en Nouvelle-\u00c9cosse, mais de s&#8217;installer en petit groupes.<\/p>\n<p align=\"CENTER\">A CEUX DE NOTRE ( Th\u00e9riault ) NOM<\/p>\n<p>Tu as souvent r\u00eav\u00e9 d&#8217;aventure,<br \/>\nDans une terre o\u00f9 tout \u00e9tait permis,<br \/>\nTu as souvent pri\u00e9 pour que ne dure,<br \/>\nLa mis\u00e8re, l&#8217;infortune et le soucis.<\/p>\n<p>Et sur ton continent, dans tes r\u00eaveries,<br \/>\nTu as souvent invoqu\u00e9 la providence,<br \/>\nEn convoitant ce pays d&#8217;Acadie,<br \/>\nCette terre enchant\u00e9e, habit\u00e9e d&#8217;esp\u00e9rance.<\/p>\n<p>Tu as brav\u00e9 l&#8217;incertitude et les flots,<br \/>\nSur un bateau aux voiles gonfl\u00e9es de promesses,<br \/>\nEmportant comme bagage tes croyances et ton cr\u00e9do,<br \/>\nTon coeur, tes bras, ta foi et ta jeunesss.<\/p>\n<p>Tu es d\u00e9barqu\u00e9 dans la Baie de Fundy,<br \/>\nT&#8217;offrant ses rives comme une m\u00e8re ses bras,<br \/>\nTa bouche \u00e0 embrass\u00e9 ta nouvelle Patrie,<br \/>\nC&#8217;\u00e9tait ton premier matin, tes premiers pas.<\/p>\n<p>Et dans la maison de Dieu \u00e9rig\u00e9e de tes mains,<br \/>\nQuand le conqu\u00e9rant a \u00e9teint les derni\u00e8res lueurs,<br \/>\nEn jetant les d\u00e9s sur ton destin,<br \/>\nL&#8217;on peut encore entendre tes pleurs.<\/p>\n<p>Aujourd&#8217;hui et toujours noble aieul,<br \/>\nTes descendants s\u00e8meront ton renom,<br \/>\nDans l&#8217;Am\u00e9rique qui f\u00fbt ta terre d&#8217;acceuil,<br \/>\nIls feront toujours honneur \u00e0 ton nom.<\/p>\n<p align=\"CENTER\">Philippe 1992<\/p>\n<p>Conf\u00e9rence pr\u00e9sent\u00e9e par M. Philippe Th\u00e9riault, Pr\u00e9sident de <a href=\"mailto:ass.fam.terio@videotron.ca\">l&#8217;Association des familles Th\u00e9riault d&#8217;Am\u00e9rique Inc<\/a>, devant les membres de la section &#8220;Renaissance&#8221;, le 6 juin, 1999 et publi\u00e9 dans le bulletin &#8220;Le Terriot&#8221;. Reproduit avec permission de M. Th\u00e9riault. Pour devenir membre de l&#8217;Association Th\u00e9riault, contacter <a href=\"mailto:ass.fam.terio@videotron.ca\">l&#8217;Association<\/a>.<\/p>\n<p align=\"CENTER\">","protected":false},"excerpt":{"rendered":"<p>Click here to view Great THERIAULT Product\/Gift Ideas! Click here for details on the THERIAULT Family Genealogy CD-ROM Les Th\u00e9riault \u00e0 L&#8217;Acadie, de 1604 \u00e0 1763 C&#8217;est en aout 1604 que Samuel de Champlain d\u00e9barque \u00e0 Port-Royal (\u00e9chancrure dans la Baie Fran\u00e7aise) avec 70 colons recrut\u00e9s en France. De ce nombre, plus de la moiti\u00e9 [&hellip;]<\/p>","protected":false},"author":2,"featured_media":0,"parent":67,"menu_order":0,"comment_status":"closed","ping_status":"closed","template":"","meta":{"_crdt_document":"","_themeisle_gutenberg_block_has_review":false,"iawp_total_views":0,"footnotes":""},"class_list":["post-1179","page","type-page","status-publish","hentry"],"yoast_head":"<!-- This site is optimized with the Yoast SEO plugin v26.6 - https:\/\/yoast.com\/wordpress\/plugins\/seo\/ -->\n<title>Th\u00e9riault - Acadian Genealogy - Historical Acadian-Cajun Resources<\/title>\n<meta name=\"robots\" content=\"noindex, follow, max-snippet:-1, max-image-preview:large, max-video-preview:-1\" \/>\n<meta property=\"og:locale\" content=\"fr_CA\" \/>\n<meta property=\"og:type\" content=\"article\" \/>\n<meta property=\"og:title\" content=\"Th\u00e9riault - Acadian Genealogy - Historical Acadian-Cajun Resources\" \/>\n<meta property=\"og:description\" content=\"Click here to view Great THERIAULT Product\/Gift Ideas! Click here for details on the THERIAULT Family Genealogy CD-ROM Les Th\u00e9riault \u00e0 L&#8217;Acadie, de 1604 \u00e0 1763 C&#8217;est en aout 1604 que Samuel de Champlain d\u00e9barque \u00e0 Port-Royal (\u00e9chancrure dans la Baie Fran\u00e7aise) avec 70 colons recrut\u00e9s en France. De ce nombre, plus de la moiti\u00e9 [&hellip;]\" \/>\n<meta property=\"og:url\" content=\"https:\/\/acadiantest.cocompass.com\/fr\/genealogy\/families\/theriault\/\" \/>\n<meta property=\"og:site_name\" content=\"Acadian Genealogy - Historical Acadian-Cajun Resources\" \/>\n<meta property=\"article:modified_time\" content=\"2018-06-29T19:36:53+00:00\" \/>\n<meta property=\"og:image\" content=\"https:\/\/acadian.mystagingwebsite.com\/images\/theriaultheader2.jpg\" \/>\n<meta name=\"twitter:card\" content=\"summary_large_image\" \/>\n<meta name=\"twitter:label1\" content=\"Estimation du temps de lecture\" \/>\n\t<meta name=\"twitter:data1\" content=\"7 minutes\" \/>\n<script type=\"application\/ld+json\" class=\"yoast-schema-graph\">{\"@context\":\"https:\/\/schema.org\",\"@graph\":[{\"@type\":\"WebPage\",\"@id\":\"https:\/\/acadiantest.cocompass.com\/genealogy\/families\/theriault\/\",\"url\":\"https:\/\/acadiantest.cocompass.com\/genealogy\/families\/theriault\/\",\"name\":\"Th\u00e9riault - Acadian Genealogy - Historical Acadian-Cajun Resources\",\"isPartOf\":{\"@id\":\"https:\/\/acadiantest.cocompass.com\/#website\"},\"primaryImageOfPage\":{\"@id\":\"https:\/\/acadiantest.cocompass.com\/genealogy\/families\/theriault\/#primaryimage\"},\"image\":{\"@id\":\"https:\/\/acadiantest.cocompass.com\/genealogy\/families\/theriault\/#primaryimage\"},\"thumbnailUrl\":\"https:\/\/acadiantest.cocompass.com\/images\/theriaultheader2.jpg\",\"datePublished\":\"2016-08-27T18:26:50+00:00\",\"dateModified\":\"2018-06-29T19:36:53+00:00\",\"breadcrumb\":{\"@id\":\"https:\/\/acadiantest.cocompass.com\/genealogy\/families\/theriault\/#breadcrumb\"},\"inLanguage\":\"fr-CA\",\"potentialAction\":[{\"@type\":\"ReadAction\",\"target\":[\"https:\/\/acadiantest.cocompass.com\/genealogy\/families\/theriault\/\"]}]},{\"@type\":\"ImageObject\",\"inLanguage\":\"fr-CA\",\"@id\":\"https:\/\/acadiantest.cocompass.com\/genealogy\/families\/theriault\/#primaryimage\",\"url\":\"https:\/\/acadiantest.cocompass.com\/images\/theriaultheader2.jpg\",\"contentUrl\":\"https:\/\/acadiantest.cocompass.com\/images\/theriaultheader2.jpg\"},{\"@type\":\"BreadcrumbList\",\"@id\":\"https:\/\/acadiantest.cocompass.com\/genealogy\/families\/theriault\/#breadcrumb\",\"itemListElement\":[{\"@type\":\"ListItem\",\"position\":1,\"name\":\"Accueil\",\"item\":\"https:\/\/acadiantest.cocompass.com\/\"},{\"@type\":\"ListItem\",\"position\":2,\"name\":\"Genealogy\",\"item\":\"https:\/\/acadiantest.cocompass.com\/genealogy\/\"},{\"@type\":\"ListItem\",\"position\":3,\"name\":\"Families\",\"item\":\"https:\/\/acadiantest.cocompass.com\/genealogy\/families\/\"},{\"@type\":\"ListItem\",\"position\":4,\"name\":\"Th\u00e9riault\"}]},{\"@type\":\"WebSite\",\"@id\":\"https:\/\/acadiantest.cocompass.com\/#website\",\"url\":\"https:\/\/acadiantest.cocompass.com\/\",\"name\":\"Acadian Genealogy - Historical Acadian-Cajun Resources\",\"description\":\"Learn About Acadians and Cajuns\",\"publisher\":{\"@id\":\"https:\/\/acadiantest.cocompass.com\/#organization\"},\"potentialAction\":[{\"@type\":\"SearchAction\",\"target\":{\"@type\":\"EntryPoint\",\"urlTemplate\":\"https:\/\/acadiantest.cocompass.com\/?s={search_term_string}\"},\"query-input\":{\"@type\":\"PropertyValueSpecification\",\"valueRequired\":true,\"valueName\":\"search_term_string\"}}],\"inLanguage\":\"fr-CA\"},{\"@type\":\"Organization\",\"@id\":\"https:\/\/acadiantest.cocompass.com\/#organization\",\"name\":\"Acadian Genealogy - Historical Acadian-Cajun Resources\",\"url\":\"https:\/\/acadiantest.cocompass.com\/\",\"logo\":{\"@type\":\"ImageObject\",\"inLanguage\":\"fr-CA\",\"@id\":\"https:\/\/acadiantest.cocompass.com\/#\/schema\/logo\/image\/\",\"url\":\"https:\/\/acadiantest.cocompass.com\/wp-content\/uploads\/logo.png\",\"contentUrl\":\"https:\/\/acadiantest.cocompass.com\/wp-content\/uploads\/logo.png\",\"width\":303,\"height\":125,\"caption\":\"Acadian Genealogy - Historical Acadian-Cajun Resources\"},\"image\":{\"@id\":\"https:\/\/acadiantest.cocompass.com\/#\/schema\/logo\/image\/\"}}]}<\/script>\n<!-- \/ Yoast SEO plugin. -->","yoast_head_json":{"title":"Th\u00e9riault - Acadian Genealogy - Historical Acadian-Cajun Resources","robots":{"index":"noindex","follow":"follow","max-snippet":"max-snippet:-1","max-image-preview":"max-image-preview:large","max-video-preview":"max-video-preview:-1"},"og_locale":"fr_CA","og_type":"article","og_title":"Th\u00e9riault - Acadian Genealogy - Historical Acadian-Cajun Resources","og_description":"Click here to view Great THERIAULT Product\/Gift Ideas! Click here for details on the THERIAULT Family Genealogy CD-ROM Les Th\u00e9riault \u00e0 L&#8217;Acadie, de 1604 \u00e0 1763 C&#8217;est en aout 1604 que Samuel de Champlain d\u00e9barque \u00e0 Port-Royal (\u00e9chancrure dans la Baie Fran\u00e7aise) avec 70 colons recrut\u00e9s en France. De ce nombre, plus de la moiti\u00e9 [&hellip;]","og_url":"https:\/\/acadiantest.cocompass.com\/fr\/genealogy\/families\/theriault\/","og_site_name":"Acadian Genealogy - Historical Acadian-Cajun Resources","article_modified_time":"2018-06-29T19:36:53+00:00","og_image":[{"url":"https:\/\/acadian.mystagingwebsite.com\/images\/theriaultheader2.jpg","type":"","width":"","height":""}],"twitter_card":"summary_large_image","twitter_misc":{"Estimation du temps de lecture":"7 minutes"},"schema":{"@context":"https:\/\/schema.org","@graph":[{"@type":"WebPage","@id":"https:\/\/acadiantest.cocompass.com\/genealogy\/families\/theriault\/","url":"https:\/\/acadiantest.cocompass.com\/genealogy\/families\/theriault\/","name":"Th\u00e9riault - Acadian Genealogy - Historical Acadian-Cajun Resources","isPartOf":{"@id":"https:\/\/acadiantest.cocompass.com\/#website"},"primaryImageOfPage":{"@id":"https:\/\/acadiantest.cocompass.com\/genealogy\/families\/theriault\/#primaryimage"},"image":{"@id":"https:\/\/acadiantest.cocompass.com\/genealogy\/families\/theriault\/#primaryimage"},"thumbnailUrl":"https:\/\/acadiantest.cocompass.com\/images\/theriaultheader2.jpg","datePublished":"2016-08-27T18:26:50+00:00","dateModified":"2018-06-29T19:36:53+00:00","breadcrumb":{"@id":"https:\/\/acadiantest.cocompass.com\/genealogy\/families\/theriault\/#breadcrumb"},"inLanguage":"fr-CA","potentialAction":[{"@type":"ReadAction","target":["https:\/\/acadiantest.cocompass.com\/genealogy\/families\/theriault\/"]}]},{"@type":"ImageObject","inLanguage":"fr-CA","@id":"https:\/\/acadiantest.cocompass.com\/genealogy\/families\/theriault\/#primaryimage","url":"https:\/\/acadiantest.cocompass.com\/images\/theriaultheader2.jpg","contentUrl":"https:\/\/acadiantest.cocompass.com\/images\/theriaultheader2.jpg"},{"@type":"BreadcrumbList","@id":"https:\/\/acadiantest.cocompass.com\/genealogy\/families\/theriault\/#breadcrumb","itemListElement":[{"@type":"ListItem","position":1,"name":"Accueil","item":"https:\/\/acadiantest.cocompass.com\/"},{"@type":"ListItem","position":2,"name":"Genealogy","item":"https:\/\/acadiantest.cocompass.com\/genealogy\/"},{"@type":"ListItem","position":3,"name":"Families","item":"https:\/\/acadiantest.cocompass.com\/genealogy\/families\/"},{"@type":"ListItem","position":4,"name":"Th\u00e9riault"}]},{"@type":"WebSite","@id":"https:\/\/acadiantest.cocompass.com\/#website","url":"https:\/\/acadiantest.cocompass.com\/","name":"Acadian Genealogy - Historical Acadian-Cajun Resources","description":"Learn About Acadians and Cajuns","publisher":{"@id":"https:\/\/acadiantest.cocompass.com\/#organization"},"potentialAction":[{"@type":"SearchAction","target":{"@type":"EntryPoint","urlTemplate":"https:\/\/acadiantest.cocompass.com\/?s={search_term_string}"},"query-input":{"@type":"PropertyValueSpecification","valueRequired":true,"valueName":"search_term_string"}}],"inLanguage":"fr-CA"},{"@type":"Organization","@id":"https:\/\/acadiantest.cocompass.com\/#organization","name":"Acadian Genealogy - Historical Acadian-Cajun Resources","url":"https:\/\/acadiantest.cocompass.com\/","logo":{"@type":"ImageObject","inLanguage":"fr-CA","@id":"https:\/\/acadiantest.cocompass.com\/#\/schema\/logo\/image\/","url":"https:\/\/acadiantest.cocompass.com\/wp-content\/uploads\/logo.png","contentUrl":"https:\/\/acadiantest.cocompass.com\/wp-content\/uploads\/logo.png","width":303,"height":125,"caption":"Acadian Genealogy - Historical Acadian-Cajun Resources"},"image":{"@id":"https:\/\/acadiantest.cocompass.com\/#\/schema\/logo\/image\/"}}]}},"_links":{"self":[{"href":"https:\/\/acadiantest.cocompass.com\/fr\/wp-json\/wp\/v2\/pages\/1179","targetHints":{"allow":["GET"]}}],"collection":[{"href":"https:\/\/acadiantest.cocompass.com\/fr\/wp-json\/wp\/v2\/pages"}],"about":[{"href":"https:\/\/acadiantest.cocompass.com\/fr\/wp-json\/wp\/v2\/types\/page"}],"author":[{"embeddable":true,"href":"https:\/\/acadiantest.cocompass.com\/fr\/wp-json\/wp\/v2\/users\/2"}],"replies":[{"embeddable":true,"href":"https:\/\/acadiantest.cocompass.com\/fr\/wp-json\/wp\/v2\/comments?post=1179"}],"version-history":[{"count":0,"href":"https:\/\/acadiantest.cocompass.com\/fr\/wp-json\/wp\/v2\/pages\/1179\/revisions"}],"up":[{"embeddable":true,"href":"https:\/\/acadiantest.cocompass.com\/fr\/wp-json\/wp\/v2\/pages\/67"}],"wp:attachment":[{"href":"https:\/\/acadiantest.cocompass.com\/fr\/wp-json\/wp\/v2\/media?parent=1179"}],"curies":[{"name":"wp","href":"https:\/\/api.w.org\/{rel}","templated":true}]}}