{"id":13066,"date":"2017-10-19T20:59:56","date_gmt":"2017-10-20T00:59:56","guid":{"rendered":"https:\/\/acadiantest.cocompass.com\/?page_id=13066"},"modified":"2018-06-22T17:11:34","modified_gmt":"2018-06-22T21:11:34","slug":"claude-t-picard-acadian-painter","status":"publish","type":"page","link":"https:\/\/acadiantest.cocompass.com\/fr\/culture\/claude-t-picard-acadian-painter\/","title":{"rendered":"Claude T. Picard &#8211; Acadian Painter"},"content":{"rendered":"<h1 align=\"CENTER\"><img fetchpriority=\"high\" decoding=\"async\" src=\"https:\/\/acadiantest.cocompass.com\/images\/picard%20header.jpg\" width=\"780\" height=\"200\" \/><\/h1>\n<div align=\"CENTER\">In July 2011 while vacationing &#8216;downeast&#8217;, I had occasion to visit the very well-known and Internationally acclaimed Acadian-scenes Painter\/Artist, Claude T. Picard (and his wonderful wife, Jeanne). While he was nursing a sore foot at the time of my visit, Claude was in the midst of reproducing one of his famous &#8216;Acadian-scene&#8217; paintings&#8230; at the ripe age of 79 years!<\/div>\n<div align=\"CENTER\">\n<p align=\"left\">Claude Picard was born in 1932 in Edmundston, New Brunswick. In 1946, when he was only 14, he won a national award in an artistic competition. He then undertook a three-year study trip in Europe from 1956-1959. Mr. Picard depicts landscapes of his region, and also portraits, murals and historical paintings. Some of his portraits are at the Senate of Canada and the National Library of Canada in Ottawa, at the Legislative Assembly of New Brunswick in Fredericton, at the University of Moncton, and at the New Brunswick Museum in Saint John.<\/p>\n<\/div>\n<div align=\"CENTER\">\n<p align=\"left\">From an &#8220;Acadian perspective&#8217;, Claude is undoubtedly best known for the six stunning historical scenes (best known as his\u00a0&#8216;Deportation Series&#8217;) which he painted of the Grand Pr\u00e9 area for Parks Canada, each depicting typical Acadian scenes such as their harvest, their refusal to take the British oath, their imprisonment, the actual deportation, the burning of their houses and fields and their resettlement after the deportation.<\/p>\n<h4 align=\"left\"><\/h4>\n<\/div>\n<div align=\"CENTER\">\n<h4 align=\"center\"><img decoding=\"async\" src=\"https:\/\/acadiantest.cocompass.com\/images\/Picard%20-%20Early%20Acadia%201635-1755-cropped.jpg\" width=\"522\" height=\"368\" \/><\/h4>\n<\/div>\n<div align=\"CENTER\">\n<p align=\"center\">Early Acadia 1635-1755<\/p>\n<\/div>\n<div align=\"CENTER\">\n<h4 align=\"center\"><\/h4>\n<\/div>\n<div align=\"CENTER\">\n<h4 align=\"center\"><img decoding=\"async\" src=\"https:\/\/acadiantest.cocompass.com\/images\/Picard%20-%20The%20Oath%20of%20Allediance%201730-cropped.jpg\" width=\"520\" height=\"371\" \/><\/h4>\n<\/div>\n<div align=\"CENTER\">\n<p align=\"center\">The Oath of Allegiance 1730<\/p>\n<\/div>\n<div align=\"CENTER\">\n<h4 align=\"center\"><\/h4>\n<\/div>\n<div align=\"CENTER\">\n<h4 align=\"center\"><img loading=\"lazy\" decoding=\"async\" src=\"https:\/\/acadiantest.cocompass.com\/images\/Picard%20-%20The%20Deportation%20Order%201755-cropped.jpg\" width=\"522\" height=\"368\" \/><\/h4>\n<\/div>\n<div align=\"CENTER\">\n<p align=\"center\">The Deportation Order 1755<\/p>\n<\/div>\n<div align=\"CENTER\">\n<h4 align=\"center\"><\/h4>\n<\/div>\n<div align=\"CENTER\">\n<h4 align=\"center\"><img loading=\"lazy\" decoding=\"async\" src=\"https:\/\/acadiantest.cocompass.com\/images\/Picard-Settlements%20Are%20Burned%201755-cropped.jpg\" width=\"523\" height=\"368\" \/><\/h4>\n<\/div>\n<div align=\"CENTER\">\n<p align=\"center\">Settlements Are Burned 1755<\/p>\n<h4 align=\"center\"><\/h4>\n<h4 align=\"center\"><img loading=\"lazy\" decoding=\"async\" src=\"https:\/\/acadiantest.cocompass.com\/images\/Picard%20-%20Ships%20Take%20Acadians%20Into%20Exile-cropped.jpg\" width=\"519\" height=\"365\" \/><\/h4>\n<p align=\"center\">Ships Take Acadians Into Exile 1755<\/p>\n<p align=\"left\">His painting\u00a0&#8216;Le d\u00e9part vers l\u2019exile 1755 &#8211; Ships take Acadians into Exile-1755&#8217;\u00a0is on the official First Day Cover of the 2005\u00a0<a href=\"https:\/\/acadiantest.cocompass.com\/fr\/acadstamp.html\/\">Acadian Deportation Stamp<\/a>, which was unveiled in Caraquet, N.B., by Canada Post.<\/p>\n<h4 align=\"center\"><\/h4>\n<h4 align=\"center\"><img loading=\"lazy\" decoding=\"async\" src=\"https:\/\/acadiantest.cocompass.com\/images\/Picard%20-%20Migration%20and%20Return%201755-1800-cropped.jpg\" width=\"520\" height=\"362\" \/><\/h4>\n<p align=\"center\">Migration and Return 1755-1800<\/p>\n<\/div>\n<p align=\"left\">In 1992, he received the Commemorative Medal for the 125th Anniversary of Confederation (of Canada). In 1990 he was awarded the Gold Professional Award by the Society of Graphic Designers of Canada for his paintings displayed on the historical map Acadie, l\u2019Odyss\u00e9e d\u2019un peuple (Acadia, the Odyssey of a People).<\/p>\n<p align=\"left\">Canada Council grants were given to him in 1982 and 1992. In 1996, he received an Honorary Doctorate degree in Visual Arts from the University of Moncton.<\/p>\n<div align=\"CENTER\">\n<p align=\"left\">In 2004, he was named \u201cPersonnalit\u00e9 Richelieu 2004\u201d by the Edmundston Richelieu Club. The same year, he was chosen the winner of the Miller Brittain Award for his excellence in visual arts offered by the New Brunswick Arts Council.<\/p>\n<p align=\"left\">In 2005, Claude was awarded\u00a0&#8220;La Petite Nyctale&#8221;\u00a0by the Association du Mus\u00e9e acadien de l\u2019\u00ce.-P.-\u00c9. of Miscouche for his involvement in the Acadian cause and in recognition of the six large historical paintings titled\u00a0&#8216;Les grandes heures du peuple acadien &#8211; Momentous Landmarks of the Acadian People&#8217;\u00a0(depicting the Acadian symbols), the originals of which are displayed at the Acadian Museum of Miscouche in P.E.I. In 2006, the Mus\u00e9e acadien de l\u2019\u00ce.-P.\u00c9. in Miscouche, P.E.I. named a room \u201cGalerie Claude Picard\u201d in his honour.<\/p>\n<h4 align=\"left\"><\/h4>\n<h4 align=\"center\"><img loading=\"lazy\" decoding=\"async\" src=\"https:\/\/acadiantest.cocompass.com\/images\/Picard%20-%201.jpg\" width=\"698\" height=\"553\" \/><\/h4>\n<p align=\"center\">A Patron Saint and a National Day for Acadie<\/p>\n<h4 align=\"center\"><\/h4>\n<h4 align=\"center\"><img loading=\"lazy\" decoding=\"async\" src=\"https:\/\/acadiantest.cocompass.com\/images\/Picard%20-%202.jpg\" width=\"631\" height=\"500\" \/><\/h4>\n<p align=\"center\">An Insignia, A Motto and a National Flag for Acadie<\/p>\n<h4 align=\"center\"><\/h4>\n<h4 align=\"center\"><img loading=\"lazy\" decoding=\"async\" src=\"https:\/\/acadiantest.cocompass.com\/images\/Picard%20-%203.jpg\" width=\"738\" height=\"578\" \/><\/h4>\n<p align=\"center\">First unfurling of the tricolore Etoile and a National Anthem for Acadie<\/p>\n<h4 align=\"center\"><\/h4>\n<h4 align=\"center\"><img loading=\"lazy\" decoding=\"async\" src=\"https:\/\/acadiantest.cocompass.com\/images\/Picard%20-%204.jpg\" width=\"711\" height=\"566\" \/><\/h4>\n<p align=\"center\">First Raising &#8216;On Land&#8217; of the National Flag of Acadie<\/p>\n<h4 align=\"center\"><\/h4>\n<h4 align=\"center\"><img loading=\"lazy\" decoding=\"async\" src=\"https:\/\/acadiantest.cocompass.com\/images\/Picard%20-%205.jpg\" width=\"717\" height=\"570\" \/><\/h4>\n<p align=\"center\">(Irony of History); England, First Nation to Salute the Acadian Flag<\/p>\n<h4 align=\"center\"><\/h4>\n<h4 align=\"center\"><img loading=\"lazy\" decoding=\"async\" src=\"https:\/\/acadiantest.cocompass.com\/images\/Picard%20-%206.jpg\" width=\"632\" height=\"499\" \/><\/h4>\n<p align=\"center\">Flag of Acadiana, French Lyrics for the Ave Maris Stella, and National Arms for Acadie<\/p>\n<p align=\"left\">Also in 2005, he was honoured by the City of Edmundston, N.B., for his involvement in promoting the arts. He received the Soci\u00e9t\u00e9 Louis-Napol\u00e9on-Dugal Award for his contribution to the valorization of French and Acadian culture in the Madawaska region and was inducted into the Edmundston Arts Hall of Fame (TRAHF Edmundston).<\/p>\n<\/div>\n<div align=\"CENTER\">\n<h4 align=\"center\"><img loading=\"lazy\" decoding=\"async\" src=\"https:\/\/acadiantest.cocompass.com\/images\/Picard%20-%20Historical%20Fresco.jpg\" width=\"735\" height=\"379\" \/><\/h4>\n<p align=\"center\">City of Edmundston, New Brunswick Mural<\/p>\n<\/div>\n<div align=\"CENTER\">\n<p align=\"left\">What is probably less known about Claude, is that the above mural was envisioned and completed in 1985 for the Madawaska Bicentennial. This historical mural pays homage to our pioneers, our settlers, our missionaries, our builders. It defines the altruism, sacrifice, courage, tenacity, loyalty and devotion to work of our ancestors. It is a brief retelling of the history of Madawaska, but this time through images. This mural, which measures approximately 2.1 m X 2.3 m (7&#8242; X 7 1\/2`), is permanently displayed in the Municipal Council Chamber in Edmundston, New Brunswick.<\/p>\n<p align=\"left\">Before accomplishing this work of art, the artist Picard had to prepare numerous pencil drafts, sometimes calling upon a live model to capture the corporal expression of each character with the most accuracy possible. When his sketch satisfied him, he cut it out and added it to a collage where the other characters, laid out in small groups, seemed to balance each other in their relationships or with the work they were accomplishing. Once the composition was determined, he redrew the entire depiction and colored it with gouache to finish his draft. Last of all, he traced the contours with charcoal and painted the details with a brush, using the draft for inspiration: the project involving several months of work, not counting the weeks of preparation leading to the result. He was inspired by Thomas Albert\u2019s book, l\u2018Histoire du Madawaska, and articles published in the publication Revue de la Soci\u00e9t\u00e9 historique du Madawaska. The artist wishes to thank Mgr. E. Lang, Mr. Oneil Clavet, Sr. Georgette Desjardins, Sr. Henriette Raymond and Mr. Conrad Soucy for their valued advice.<\/p>\n<p align=\"left\">The whole of the tableau consists of 24 scenes which speak to us through an event or a given period of our history, through the trades or professions, through the buildings or companies, the world of commerce and leisure, the world of teachers or health care workers, religious life, flora, fauna, our traditions, our customs, our folklore and our land. Many other companies, characters or events could have been depicted, but it was impossible to put all in a mural of this kind.<\/p>\n<h4 align=\"left\"><\/h4>\n<\/div>\n<h4 align=\"center\"><img loading=\"lazy\" decoding=\"async\" src=\"https:\/\/acadiantest.cocompass.com\/images\/Les%20Sucres-Claude%20Picard2.jpg\" width=\"300\" height=\"234\" \/><\/h4>\n<p align=\"center\">&#8220;Les Sucres&#8221;<\/p>\n<p align=\"center\">Size 11&#8243; x 14&#8243;<\/p>","protected":false},"excerpt":{"rendered":"<p>In July 2011 while vacationing &#8216;downeast&#8217;, I had occasion to visit the very well-known and Internationally acclaimed Acadian-scenes Painter\/Artist, Claude T. Picard (and his wonderful wife, Jeanne). While he was nursing a sore foot at the time of my visit, Claude was in the midst of reproducing one of his famous &#8216;Acadian-scene&#8217; paintings&#8230; at the [&hellip;]<\/p>","protected":false},"author":2,"featured_media":0,"parent":51,"menu_order":0,"comment_status":"closed","ping_status":"closed","template":"","meta":{"_crdt_document":"","_themeisle_gutenberg_block_has_review":false,"iawp_total_views":0,"footnotes":""},"class_list":["post-13066","page","type-page","status-publish","hentry"],"yoast_head":"<!-- This site is optimized with the Yoast SEO plugin v26.6 - https:\/\/yoast.com\/wordpress\/plugins\/seo\/ -->\n<title>Claude T. Picard - Acadian Painter - Acadian Genealogy - Historical Acadian-Cajun Resources<\/title>\n<meta name=\"robots\" content=\"noindex, follow, max-snippet:-1, max-image-preview:large, max-video-preview:-1\" \/>\n<meta property=\"og:locale\" content=\"fr_CA\" \/>\n<meta property=\"og:type\" content=\"article\" \/>\n<meta property=\"og:title\" content=\"Claude T. Picard - Acadian Painter - Acadian Genealogy - Historical Acadian-Cajun Resources\" \/>\n<meta property=\"og:description\" content=\"In July 2011 while vacationing &#8216;downeast&#8217;, I had occasion to visit the very well-known and Internationally acclaimed Acadian-scenes Painter\/Artist, Claude T. Picard (and his wonderful wife, Jeanne). While he was nursing a sore foot at the time of my visit, Claude was in the midst of reproducing one of his famous &#8216;Acadian-scene&#8217; paintings&#8230; at the [&hellip;]\" \/>\n<meta property=\"og:url\" content=\"https:\/\/acadiantest.cocompass.com\/fr\/culture\/claude-t-picard-acadian-painter\/\" \/>\n<meta property=\"og:site_name\" content=\"Acadian Genealogy - Historical Acadian-Cajun Resources\" \/>\n<meta property=\"article:modified_time\" content=\"2018-06-22T21:11:34+00:00\" \/>\n<meta property=\"og:image\" content=\"https:\/\/acadian.mystagingwebsite.com\/images\/picard%20header.jpg\" \/>\n<meta name=\"twitter:card\" content=\"summary_large_image\" \/>\n<meta name=\"twitter:label1\" content=\"Estimation du temps de lecture\" \/>\n\t<meta name=\"twitter:data1\" content=\"5 minutes\" \/>\n<script type=\"application\/ld+json\" class=\"yoast-schema-graph\">{\"@context\":\"https:\/\/schema.org\",\"@graph\":[{\"@type\":\"WebPage\",\"@id\":\"https:\/\/acadiantest.cocompass.com\/culture\/claude-t-picard-acadian-painter\/\",\"url\":\"https:\/\/acadiantest.cocompass.com\/culture\/claude-t-picard-acadian-painter\/\",\"name\":\"Claude T. Picard - Acadian Painter - Acadian Genealogy - Historical Acadian-Cajun Resources\",\"isPartOf\":{\"@id\":\"https:\/\/acadiantest.cocompass.com\/#website\"},\"primaryImageOfPage\":{\"@id\":\"https:\/\/acadiantest.cocompass.com\/culture\/claude-t-picard-acadian-painter\/#primaryimage\"},\"image\":{\"@id\":\"https:\/\/acadiantest.cocompass.com\/culture\/claude-t-picard-acadian-painter\/#primaryimage\"},\"thumbnailUrl\":\"https:\/\/acadiantest.cocompass.com\/images\/picard%20header.jpg\",\"datePublished\":\"2017-10-20T00:59:56+00:00\",\"dateModified\":\"2018-06-22T21:11:34+00:00\",\"breadcrumb\":{\"@id\":\"https:\/\/acadiantest.cocompass.com\/culture\/claude-t-picard-acadian-painter\/#breadcrumb\"},\"inLanguage\":\"fr-CA\",\"potentialAction\":[{\"@type\":\"ReadAction\",\"target\":[\"https:\/\/acadiantest.cocompass.com\/culture\/claude-t-picard-acadian-painter\/\"]}]},{\"@type\":\"ImageObject\",\"inLanguage\":\"fr-CA\",\"@id\":\"https:\/\/acadiantest.cocompass.com\/culture\/claude-t-picard-acadian-painter\/#primaryimage\",\"url\":\"https:\/\/acadiantest.cocompass.com\/images\/picard%20header.jpg\",\"contentUrl\":\"https:\/\/acadiantest.cocompass.com\/images\/picard%20header.jpg\"},{\"@type\":\"BreadcrumbList\",\"@id\":\"https:\/\/acadiantest.cocompass.com\/culture\/claude-t-picard-acadian-painter\/#breadcrumb\",\"itemListElement\":[{\"@type\":\"ListItem\",\"position\":1,\"name\":\"Accueil\",\"item\":\"https:\/\/acadiantest.cocompass.com\/\"},{\"@type\":\"ListItem\",\"position\":2,\"name\":\"Culture\",\"item\":\"https:\/\/acadiantest.cocompass.com\/culture\/\"},{\"@type\":\"ListItem\",\"position\":3,\"name\":\"Claude T. Picard &#8211; Acadian Painter\"}]},{\"@type\":\"WebSite\",\"@id\":\"https:\/\/acadiantest.cocompass.com\/#website\",\"url\":\"https:\/\/acadiantest.cocompass.com\/\",\"name\":\"Acadian Genealogy - Historical Acadian-Cajun Resources\",\"description\":\"Learn About Acadians and Cajuns\",\"publisher\":{\"@id\":\"https:\/\/acadiantest.cocompass.com\/#organization\"},\"potentialAction\":[{\"@type\":\"SearchAction\",\"target\":{\"@type\":\"EntryPoint\",\"urlTemplate\":\"https:\/\/acadiantest.cocompass.com\/?s={search_term_string}\"},\"query-input\":{\"@type\":\"PropertyValueSpecification\",\"valueRequired\":true,\"valueName\":\"search_term_string\"}}],\"inLanguage\":\"fr-CA\"},{\"@type\":\"Organization\",\"@id\":\"https:\/\/acadiantest.cocompass.com\/#organization\",\"name\":\"Acadian Genealogy - Historical Acadian-Cajun Resources\",\"url\":\"https:\/\/acadiantest.cocompass.com\/\",\"logo\":{\"@type\":\"ImageObject\",\"inLanguage\":\"fr-CA\",\"@id\":\"https:\/\/acadiantest.cocompass.com\/#\/schema\/logo\/image\/\",\"url\":\"https:\/\/acadiantest.cocompass.com\/wp-content\/uploads\/logo.png\",\"contentUrl\":\"https:\/\/acadiantest.cocompass.com\/wp-content\/uploads\/logo.png\",\"width\":303,\"height\":125,\"caption\":\"Acadian Genealogy - Historical Acadian-Cajun Resources\"},\"image\":{\"@id\":\"https:\/\/acadiantest.cocompass.com\/#\/schema\/logo\/image\/\"}}]}<\/script>\n<!-- \/ Yoast SEO plugin. -->","yoast_head_json":{"title":"Claude T. Picard - Acadian Painter - Acadian Genealogy - Historical Acadian-Cajun Resources","robots":{"index":"noindex","follow":"follow","max-snippet":"max-snippet:-1","max-image-preview":"max-image-preview:large","max-video-preview":"max-video-preview:-1"},"og_locale":"fr_CA","og_type":"article","og_title":"Claude T. Picard - Acadian Painter - Acadian Genealogy - Historical Acadian-Cajun Resources","og_description":"In July 2011 while vacationing &#8216;downeast&#8217;, I had occasion to visit the very well-known and Internationally acclaimed Acadian-scenes Painter\/Artist, Claude T. Picard (and his wonderful wife, Jeanne). While he was nursing a sore foot at the time of my visit, Claude was in the midst of reproducing one of his famous &#8216;Acadian-scene&#8217; paintings&#8230; at the [&hellip;]","og_url":"https:\/\/acadiantest.cocompass.com\/fr\/culture\/claude-t-picard-acadian-painter\/","og_site_name":"Acadian Genealogy - Historical Acadian-Cajun Resources","article_modified_time":"2018-06-22T21:11:34+00:00","og_image":[{"url":"https:\/\/acadian.mystagingwebsite.com\/images\/picard%20header.jpg","type":"","width":"","height":""}],"twitter_card":"summary_large_image","twitter_misc":{"Estimation du temps de lecture":"5 minutes"},"schema":{"@context":"https:\/\/schema.org","@graph":[{"@type":"WebPage","@id":"https:\/\/acadiantest.cocompass.com\/culture\/claude-t-picard-acadian-painter\/","url":"https:\/\/acadiantest.cocompass.com\/culture\/claude-t-picard-acadian-painter\/","name":"Claude T. Picard - Acadian Painter - Acadian Genealogy - Historical Acadian-Cajun Resources","isPartOf":{"@id":"https:\/\/acadiantest.cocompass.com\/#website"},"primaryImageOfPage":{"@id":"https:\/\/acadiantest.cocompass.com\/culture\/claude-t-picard-acadian-painter\/#primaryimage"},"image":{"@id":"https:\/\/acadiantest.cocompass.com\/culture\/claude-t-picard-acadian-painter\/#primaryimage"},"thumbnailUrl":"https:\/\/acadiantest.cocompass.com\/images\/picard%20header.jpg","datePublished":"2017-10-20T00:59:56+00:00","dateModified":"2018-06-22T21:11:34+00:00","breadcrumb":{"@id":"https:\/\/acadiantest.cocompass.com\/culture\/claude-t-picard-acadian-painter\/#breadcrumb"},"inLanguage":"fr-CA","potentialAction":[{"@type":"ReadAction","target":["https:\/\/acadiantest.cocompass.com\/culture\/claude-t-picard-acadian-painter\/"]}]},{"@type":"ImageObject","inLanguage":"fr-CA","@id":"https:\/\/acadiantest.cocompass.com\/culture\/claude-t-picard-acadian-painter\/#primaryimage","url":"https:\/\/acadiantest.cocompass.com\/images\/picard%20header.jpg","contentUrl":"https:\/\/acadiantest.cocompass.com\/images\/picard%20header.jpg"},{"@type":"BreadcrumbList","@id":"https:\/\/acadiantest.cocompass.com\/culture\/claude-t-picard-acadian-painter\/#breadcrumb","itemListElement":[{"@type":"ListItem","position":1,"name":"Accueil","item":"https:\/\/acadiantest.cocompass.com\/"},{"@type":"ListItem","position":2,"name":"Culture","item":"https:\/\/acadiantest.cocompass.com\/culture\/"},{"@type":"ListItem","position":3,"name":"Claude T. Picard &#8211; Acadian Painter"}]},{"@type":"WebSite","@id":"https:\/\/acadiantest.cocompass.com\/#website","url":"https:\/\/acadiantest.cocompass.com\/","name":"Acadian Genealogy - Historical Acadian-Cajun Resources","description":"Learn About Acadians and Cajuns","publisher":{"@id":"https:\/\/acadiantest.cocompass.com\/#organization"},"potentialAction":[{"@type":"SearchAction","target":{"@type":"EntryPoint","urlTemplate":"https:\/\/acadiantest.cocompass.com\/?s={search_term_string}"},"query-input":{"@type":"PropertyValueSpecification","valueRequired":true,"valueName":"search_term_string"}}],"inLanguage":"fr-CA"},{"@type":"Organization","@id":"https:\/\/acadiantest.cocompass.com\/#organization","name":"Acadian Genealogy - Historical Acadian-Cajun Resources","url":"https:\/\/acadiantest.cocompass.com\/","logo":{"@type":"ImageObject","inLanguage":"fr-CA","@id":"https:\/\/acadiantest.cocompass.com\/#\/schema\/logo\/image\/","url":"https:\/\/acadiantest.cocompass.com\/wp-content\/uploads\/logo.png","contentUrl":"https:\/\/acadiantest.cocompass.com\/wp-content\/uploads\/logo.png","width":303,"height":125,"caption":"Acadian Genealogy - Historical Acadian-Cajun Resources"},"image":{"@id":"https:\/\/acadiantest.cocompass.com\/#\/schema\/logo\/image\/"}}]}},"_links":{"self":[{"href":"https:\/\/acadiantest.cocompass.com\/fr\/wp-json\/wp\/v2\/pages\/13066","targetHints":{"allow":["GET"]}}],"collection":[{"href":"https:\/\/acadiantest.cocompass.com\/fr\/wp-json\/wp\/v2\/pages"}],"about":[{"href":"https:\/\/acadiantest.cocompass.com\/fr\/wp-json\/wp\/v2\/types\/page"}],"author":[{"embeddable":true,"href":"https:\/\/acadiantest.cocompass.com\/fr\/wp-json\/wp\/v2\/users\/2"}],"replies":[{"embeddable":true,"href":"https:\/\/acadiantest.cocompass.com\/fr\/wp-json\/wp\/v2\/comments?post=13066"}],"version-history":[{"count":0,"href":"https:\/\/acadiantest.cocompass.com\/fr\/wp-json\/wp\/v2\/pages\/13066\/revisions"}],"up":[{"embeddable":true,"href":"https:\/\/acadiantest.cocompass.com\/fr\/wp-json\/wp\/v2\/pages\/51"}],"wp:attachment":[{"href":"https:\/\/acadiantest.cocompass.com\/fr\/wp-json\/wp\/v2\/media?parent=13066"}],"curies":[{"name":"wp","href":"https:\/\/api.w.org\/{rel}","templated":true}]}}