{"id":13993,"date":"2018-11-27T19:30:14","date_gmt":"2018-11-28T00:30:14","guid":{"rendered":"https:\/\/acadiantest.cocompass.com\/?page_id=13993"},"modified":"2018-11-27T19:30:14","modified_gmt":"2018-11-28T00:30:14","slug":"my-mothers-cretons-du-quebec","status":"publish","type":"page","link":"https:\/\/acadiantest.cocompass.com\/fr\/culture\/popular-acadian-recipies\/my-mothers-cretons-du-quebec\/","title":{"rendered":"My Mother&#8217;s Cretons du Qu\u00e9bec"},"content":{"rendered":"<p>Cretons du Qu\u00e9bec<\/p>\n<p>1 tasse de lait homogeniser<\/p>\n<p>4 \u00e0 5 livres de porc hach\u00e9<\/p>\n<p>Un gros oignon<\/p>\n<p>Une petite gousse d&#8217;ail \u00e9cras\u00e9<\/p>\n<p>Une pinc\u00e9e de ciboulette<\/p>\n<p>Une pinc\u00e9e de fine herbes<\/p>\n<p>Une pinc\u00e9e d&#8217;\u00e9pices m\u00e9langes<\/p>\n<p>Deux pinc\u00e9e de persil<\/p>\n<p>Une pinc\u00e9e sel de c\u00e9lerie<\/p>\n<p>Un clou giroffe<\/p>\n<p>Sel\/poivre au go\u00fbt<\/p>\n<p>Placez les ingr\u00e9dients dans un chaudron le fond assez \u00e9pais, cuire<br \/>\npendant 2 \u00e0 3 heures \u00e0 un feu moyen&#8230;&#8230;brassez souvent<\/p>\n<p>Retirer du feu refroidir 5 minutes&#8230;battre le tout avec un m\u00e9lageur \u00e0<br \/>\noeuf ou mixette pour bien m\u00e9langer le gras avec la viande.<\/p>\n<p>Placer dans des petits plats au refrig\u00e9rateur avant de cong\u00e9ler&#8230;La<br \/>\nrecette donne 6 plats \u00e0 magarine<\/p>\n<p>Bonne app\u00e9tit<\/p>","protected":false},"excerpt":{"rendered":"<p>Cretons du Qu\u00e9bec 1 tasse de lait homogeniser 4 \u00e0 5 livres de porc hach\u00e9 Un gros oignon Une petite gousse d&#8217;ail \u00e9cras\u00e9 Une pinc\u00e9e de ciboulette Une pinc\u00e9e de fine herbes Une pinc\u00e9e d&#8217;\u00e9pices m\u00e9langes Deux pinc\u00e9e de persil Une pinc\u00e9e sel de c\u00e9lerie Un clou giroffe Sel\/poivre au go\u00fbt Placez les ingr\u00e9dients dans [&hellip;]<\/p>","protected":false},"author":2,"featured_media":0,"parent":262,"menu_order":0,"comment_status":"closed","ping_status":"closed","template":"","meta":{"_crdt_document":"","_themeisle_gutenberg_block_has_review":false,"iawp_total_views":0,"footnotes":""},"class_list":["post-13993","page","type-page","status-publish","hentry"],"yoast_head":"<!-- This site is optimized with the Yoast SEO plugin v26.6 - https:\/\/yoast.com\/wordpress\/plugins\/seo\/ -->\n<title>My Mother&#039;s Cretons du Qu\u00e9bec - Acadian Genealogy - Historical Acadian-Cajun Resources<\/title>\n<meta name=\"robots\" content=\"noindex, follow, max-snippet:-1, max-image-preview:large, max-video-preview:-1\" \/>\n<meta property=\"og:locale\" content=\"fr_CA\" \/>\n<meta property=\"og:type\" content=\"article\" \/>\n<meta property=\"og:title\" content=\"My Mother&#039;s Cretons du Qu\u00e9bec - Acadian Genealogy - Historical Acadian-Cajun Resources\" \/>\n<meta property=\"og:description\" content=\"Cretons du Qu\u00e9bec 1 tasse de lait homogeniser 4 \u00e0 5 livres de porc hach\u00e9 Un gros oignon Une petite gousse d&#8217;ail \u00e9cras\u00e9 Une pinc\u00e9e de ciboulette Une pinc\u00e9e de fine herbes Une pinc\u00e9e d&#8217;\u00e9pices m\u00e9langes Deux pinc\u00e9e de persil Une pinc\u00e9e sel de c\u00e9lerie Un clou giroffe Sel\/poivre au go\u00fbt Placez les ingr\u00e9dients dans [&hellip;]\" \/>\n<meta property=\"og:url\" content=\"https:\/\/acadiantest.cocompass.com\/fr\/culture\/popular-acadian-recipies\/my-mothers-cretons-du-quebec\/\" \/>\n<meta property=\"og:site_name\" content=\"Acadian Genealogy - Historical Acadian-Cajun Resources\" \/>\n<meta name=\"twitter:card\" content=\"summary_large_image\" \/>\n<meta name=\"twitter:label1\" content=\"Estimation du temps de lecture\" \/>\n\t<meta name=\"twitter:data1\" content=\"1 minute\" \/>\n<script type=\"application\/ld+json\" class=\"yoast-schema-graph\">{\"@context\":\"https:\/\/schema.org\",\"@graph\":[{\"@type\":\"WebPage\",\"@id\":\"https:\/\/acadiantest.cocompass.com\/culture\/popular-acadian-recipies\/my-mothers-cretons-du-quebec\/\",\"url\":\"https:\/\/acadiantest.cocompass.com\/culture\/popular-acadian-recipies\/my-mothers-cretons-du-quebec\/\",\"name\":\"My Mother's Cretons du Qu\u00e9bec - Acadian Genealogy - Historical Acadian-Cajun Resources\",\"isPartOf\":{\"@id\":\"https:\/\/acadiantest.cocompass.com\/#website\"},\"datePublished\":\"2018-11-28T00:30:14+00:00\",\"breadcrumb\":{\"@id\":\"https:\/\/acadiantest.cocompass.com\/culture\/popular-acadian-recipies\/my-mothers-cretons-du-quebec\/#breadcrumb\"},\"inLanguage\":\"fr-CA\",\"potentialAction\":[{\"@type\":\"ReadAction\",\"target\":[\"https:\/\/acadiantest.cocompass.com\/culture\/popular-acadian-recipies\/my-mothers-cretons-du-quebec\/\"]}]},{\"@type\":\"BreadcrumbList\",\"@id\":\"https:\/\/acadiantest.cocompass.com\/culture\/popular-acadian-recipies\/my-mothers-cretons-du-quebec\/#breadcrumb\",\"itemListElement\":[{\"@type\":\"ListItem\",\"position\":1,\"name\":\"Accueil\",\"item\":\"https:\/\/acadiantest.cocompass.com\/\"},{\"@type\":\"ListItem\",\"position\":2,\"name\":\"Culture\",\"item\":\"https:\/\/acadiantest.cocompass.com\/culture\/\"},{\"@type\":\"ListItem\",\"position\":3,\"name\":\"Recipes\",\"item\":\"https:\/\/acadiantest.cocompass.com\/culture\/popular-acadian-recipies\/\"},{\"@type\":\"ListItem\",\"position\":4,\"name\":\"My Mother&#8217;s Cretons du Qu\u00e9bec\"}]},{\"@type\":\"WebSite\",\"@id\":\"https:\/\/acadiantest.cocompass.com\/#website\",\"url\":\"https:\/\/acadiantest.cocompass.com\/\",\"name\":\"Acadian Genealogy - Historical Acadian-Cajun Resources\",\"description\":\"Learn About Acadians and Cajuns\",\"publisher\":{\"@id\":\"https:\/\/acadiantest.cocompass.com\/#organization\"},\"potentialAction\":[{\"@type\":\"SearchAction\",\"target\":{\"@type\":\"EntryPoint\",\"urlTemplate\":\"https:\/\/acadiantest.cocompass.com\/?s={search_term_string}\"},\"query-input\":{\"@type\":\"PropertyValueSpecification\",\"valueRequired\":true,\"valueName\":\"search_term_string\"}}],\"inLanguage\":\"fr-CA\"},{\"@type\":\"Organization\",\"@id\":\"https:\/\/acadiantest.cocompass.com\/#organization\",\"name\":\"Acadian Genealogy - Historical Acadian-Cajun Resources\",\"url\":\"https:\/\/acadiantest.cocompass.com\/\",\"logo\":{\"@type\":\"ImageObject\",\"inLanguage\":\"fr-CA\",\"@id\":\"https:\/\/acadiantest.cocompass.com\/#\/schema\/logo\/image\/\",\"url\":\"https:\/\/acadiantest.cocompass.com\/wp-content\/uploads\/logo.png\",\"contentUrl\":\"https:\/\/acadiantest.cocompass.com\/wp-content\/uploads\/logo.png\",\"width\":303,\"height\":125,\"caption\":\"Acadian Genealogy - Historical Acadian-Cajun Resources\"},\"image\":{\"@id\":\"https:\/\/acadiantest.cocompass.com\/#\/schema\/logo\/image\/\"}}]}<\/script>\n<!-- \/ Yoast SEO plugin. -->","yoast_head_json":{"title":"My Mother's Cretons du Qu\u00e9bec - Acadian Genealogy - Historical Acadian-Cajun Resources","robots":{"index":"noindex","follow":"follow","max-snippet":"max-snippet:-1","max-image-preview":"max-image-preview:large","max-video-preview":"max-video-preview:-1"},"og_locale":"fr_CA","og_type":"article","og_title":"My Mother's Cretons du Qu\u00e9bec - Acadian Genealogy - Historical Acadian-Cajun Resources","og_description":"Cretons du Qu\u00e9bec 1 tasse de lait homogeniser 4 \u00e0 5 livres de porc hach\u00e9 Un gros oignon Une petite gousse d&#8217;ail \u00e9cras\u00e9 Une pinc\u00e9e de ciboulette Une pinc\u00e9e de fine herbes Une pinc\u00e9e d&#8217;\u00e9pices m\u00e9langes Deux pinc\u00e9e de persil Une pinc\u00e9e sel de c\u00e9lerie Un clou giroffe Sel\/poivre au go\u00fbt Placez les ingr\u00e9dients dans [&hellip;]","og_url":"https:\/\/acadiantest.cocompass.com\/fr\/culture\/popular-acadian-recipies\/my-mothers-cretons-du-quebec\/","og_site_name":"Acadian Genealogy - Historical Acadian-Cajun Resources","twitter_card":"summary_large_image","twitter_misc":{"Estimation du temps de lecture":"1 minute"},"schema":{"@context":"https:\/\/schema.org","@graph":[{"@type":"WebPage","@id":"https:\/\/acadiantest.cocompass.com\/culture\/popular-acadian-recipies\/my-mothers-cretons-du-quebec\/","url":"https:\/\/acadiantest.cocompass.com\/culture\/popular-acadian-recipies\/my-mothers-cretons-du-quebec\/","name":"My Mother's Cretons du Qu\u00e9bec - Acadian Genealogy - Historical Acadian-Cajun Resources","isPartOf":{"@id":"https:\/\/acadiantest.cocompass.com\/#website"},"datePublished":"2018-11-28T00:30:14+00:00","breadcrumb":{"@id":"https:\/\/acadiantest.cocompass.com\/culture\/popular-acadian-recipies\/my-mothers-cretons-du-quebec\/#breadcrumb"},"inLanguage":"fr-CA","potentialAction":[{"@type":"ReadAction","target":["https:\/\/acadiantest.cocompass.com\/culture\/popular-acadian-recipies\/my-mothers-cretons-du-quebec\/"]}]},{"@type":"BreadcrumbList","@id":"https:\/\/acadiantest.cocompass.com\/culture\/popular-acadian-recipies\/my-mothers-cretons-du-quebec\/#breadcrumb","itemListElement":[{"@type":"ListItem","position":1,"name":"Accueil","item":"https:\/\/acadiantest.cocompass.com\/"},{"@type":"ListItem","position":2,"name":"Culture","item":"https:\/\/acadiantest.cocompass.com\/culture\/"},{"@type":"ListItem","position":3,"name":"Recipes","item":"https:\/\/acadiantest.cocompass.com\/culture\/popular-acadian-recipies\/"},{"@type":"ListItem","position":4,"name":"My Mother&#8217;s Cretons du Qu\u00e9bec"}]},{"@type":"WebSite","@id":"https:\/\/acadiantest.cocompass.com\/#website","url":"https:\/\/acadiantest.cocompass.com\/","name":"Acadian Genealogy - Historical Acadian-Cajun Resources","description":"Learn About Acadians and Cajuns","publisher":{"@id":"https:\/\/acadiantest.cocompass.com\/#organization"},"potentialAction":[{"@type":"SearchAction","target":{"@type":"EntryPoint","urlTemplate":"https:\/\/acadiantest.cocompass.com\/?s={search_term_string}"},"query-input":{"@type":"PropertyValueSpecification","valueRequired":true,"valueName":"search_term_string"}}],"inLanguage":"fr-CA"},{"@type":"Organization","@id":"https:\/\/acadiantest.cocompass.com\/#organization","name":"Acadian Genealogy - Historical Acadian-Cajun Resources","url":"https:\/\/acadiantest.cocompass.com\/","logo":{"@type":"ImageObject","inLanguage":"fr-CA","@id":"https:\/\/acadiantest.cocompass.com\/#\/schema\/logo\/image\/","url":"https:\/\/acadiantest.cocompass.com\/wp-content\/uploads\/logo.png","contentUrl":"https:\/\/acadiantest.cocompass.com\/wp-content\/uploads\/logo.png","width":303,"height":125,"caption":"Acadian Genealogy - Historical Acadian-Cajun Resources"},"image":{"@id":"https:\/\/acadiantest.cocompass.com\/#\/schema\/logo\/image\/"}}]}},"_links":{"self":[{"href":"https:\/\/acadiantest.cocompass.com\/fr\/wp-json\/wp\/v2\/pages\/13993","targetHints":{"allow":["GET"]}}],"collection":[{"href":"https:\/\/acadiantest.cocompass.com\/fr\/wp-json\/wp\/v2\/pages"}],"about":[{"href":"https:\/\/acadiantest.cocompass.com\/fr\/wp-json\/wp\/v2\/types\/page"}],"author":[{"embeddable":true,"href":"https:\/\/acadiantest.cocompass.com\/fr\/wp-json\/wp\/v2\/users\/2"}],"replies":[{"embeddable":true,"href":"https:\/\/acadiantest.cocompass.com\/fr\/wp-json\/wp\/v2\/comments?post=13993"}],"version-history":[{"count":0,"href":"https:\/\/acadiantest.cocompass.com\/fr\/wp-json\/wp\/v2\/pages\/13993\/revisions"}],"up":[{"embeddable":true,"href":"https:\/\/acadiantest.cocompass.com\/fr\/wp-json\/wp\/v2\/pages\/262"}],"wp:attachment":[{"href":"https:\/\/acadiantest.cocompass.com\/fr\/wp-json\/wp\/v2\/media?parent=13993"}],"curies":[{"name":"wp","href":"https:\/\/api.w.org\/{rel}","templated":true}]}}