{"id":14011,"date":"2018-11-30T16:07:42","date_gmt":"2018-11-30T21:07:42","guid":{"rendered":"https:\/\/acadiantest.cocompass.com\/?page_id=14011"},"modified":"2018-11-30T16:07:42","modified_gmt":"2018-11-30T21:07:42","slug":"pouding-chomeur","status":"publish","type":"page","link":"https:\/\/acadiantest.cocompass.com\/fr\/culture\/popular-acadian-recipies\/pouding-chomeur\/","title":{"rendered":"Pouding Ch\u00f4meur"},"content":{"rendered":"<p>Pouding Ch\u00f4meur<\/p>\n<p>Gros comme un oeuf jaune de beurre fondu<\/p>\n<p>1 tasse de sucre blanc<\/p>\n<p>1 tasse de lait<\/p>\n<p>2 tasses de farine<\/p>\n<p>2.c \u00e0 th\u00e9 de vanille sel<\/p>\n<p>Sirop<\/p>\n<p>Gros comme un oeuf jaune de beurre fondu<\/p>\n<p>2 tasses de sucre brun<\/p>\n<p>1\/12 tasse d&#8217;eau chaude<\/p>\n<p>1 cuil. \u00e0 th\u00e9 de vanille<\/p>\n<p>Mettre l&#8217;eau par dessus le g\u00e2teau<\/p>\n<p>Four 350F environ une heure&#8230;Le secret de cette recette est&#8230; quand le<br \/>\ng\u00e2teau sera cuit l&#8217;eau sera sous le g\u00e2teau qui sera votre glassage<\/p>\n<p>C&#8217;est savoureux<\/p>","protected":false},"excerpt":{"rendered":"<p>Pouding Ch\u00f4meur Gros comme un oeuf jaune de beurre fondu 1 tasse de sucre blanc 1 tasse de lait 2 tasses de farine 2.c \u00e0 th\u00e9 de vanille sel Sirop Gros comme un oeuf jaune de beurre fondu 2 tasses de sucre brun 1\/12 tasse d&#8217;eau chaude 1 cuil. \u00e0 th\u00e9 de vanille Mettre l&#8217;eau [&hellip;]<\/p>","protected":false},"author":2,"featured_media":0,"parent":262,"menu_order":0,"comment_status":"closed","ping_status":"closed","template":"","meta":{"_crdt_document":"","_themeisle_gutenberg_block_has_review":false,"iawp_total_views":0,"footnotes":""},"class_list":["post-14011","page","type-page","status-publish","hentry"],"yoast_head":"<!-- This site is optimized with the Yoast SEO plugin v26.6 - https:\/\/yoast.com\/wordpress\/plugins\/seo\/ -->\n<title>Pouding Ch\u00f4meur - Acadian Genealogy - Historical Acadian-Cajun Resources<\/title>\n<meta name=\"robots\" content=\"noindex, follow, max-snippet:-1, max-image-preview:large, max-video-preview:-1\" \/>\n<meta property=\"og:locale\" content=\"fr_CA\" \/>\n<meta property=\"og:type\" content=\"article\" \/>\n<meta property=\"og:title\" content=\"Pouding Ch\u00f4meur - Acadian Genealogy - Historical Acadian-Cajun Resources\" \/>\n<meta property=\"og:description\" content=\"Pouding Ch\u00f4meur Gros comme un oeuf jaune de beurre fondu 1 tasse de sucre blanc 1 tasse de lait 2 tasses de farine 2.c \u00e0 th\u00e9 de vanille sel Sirop Gros comme un oeuf jaune de beurre fondu 2 tasses de sucre brun 1\/12 tasse d&#8217;eau chaude 1 cuil. \u00e0 th\u00e9 de vanille Mettre l&#8217;eau [&hellip;]\" \/>\n<meta property=\"og:url\" content=\"https:\/\/acadiantest.cocompass.com\/fr\/culture\/popular-acadian-recipies\/pouding-chomeur\/\" \/>\n<meta property=\"og:site_name\" content=\"Acadian Genealogy - Historical Acadian-Cajun Resources\" \/>\n<meta name=\"twitter:card\" content=\"summary_large_image\" \/>\n<script type=\"application\/ld+json\" class=\"yoast-schema-graph\">{\"@context\":\"https:\/\/schema.org\",\"@graph\":[{\"@type\":\"WebPage\",\"@id\":\"https:\/\/acadiantest.cocompass.com\/culture\/popular-acadian-recipies\/pouding-chomeur\/\",\"url\":\"https:\/\/acadiantest.cocompass.com\/culture\/popular-acadian-recipies\/pouding-chomeur\/\",\"name\":\"Pouding Ch\u00f4meur - Acadian Genealogy - Historical Acadian-Cajun Resources\",\"isPartOf\":{\"@id\":\"https:\/\/acadiantest.cocompass.com\/#website\"},\"datePublished\":\"2018-11-30T21:07:42+00:00\",\"breadcrumb\":{\"@id\":\"https:\/\/acadiantest.cocompass.com\/culture\/popular-acadian-recipies\/pouding-chomeur\/#breadcrumb\"},\"inLanguage\":\"fr-CA\",\"potentialAction\":[{\"@type\":\"ReadAction\",\"target\":[\"https:\/\/acadiantest.cocompass.com\/culture\/popular-acadian-recipies\/pouding-chomeur\/\"]}]},{\"@type\":\"BreadcrumbList\",\"@id\":\"https:\/\/acadiantest.cocompass.com\/culture\/popular-acadian-recipies\/pouding-chomeur\/#breadcrumb\",\"itemListElement\":[{\"@type\":\"ListItem\",\"position\":1,\"name\":\"Accueil\",\"item\":\"https:\/\/acadiantest.cocompass.com\/\"},{\"@type\":\"ListItem\",\"position\":2,\"name\":\"Culture\",\"item\":\"https:\/\/acadiantest.cocompass.com\/culture\/\"},{\"@type\":\"ListItem\",\"position\":3,\"name\":\"Recipes\",\"item\":\"https:\/\/acadiantest.cocompass.com\/culture\/popular-acadian-recipies\/\"},{\"@type\":\"ListItem\",\"position\":4,\"name\":\"Pouding Ch\u00f4meur\"}]},{\"@type\":\"WebSite\",\"@id\":\"https:\/\/acadiantest.cocompass.com\/#website\",\"url\":\"https:\/\/acadiantest.cocompass.com\/\",\"name\":\"Acadian Genealogy - Historical Acadian-Cajun Resources\",\"description\":\"Learn About Acadians and Cajuns\",\"publisher\":{\"@id\":\"https:\/\/acadiantest.cocompass.com\/#organization\"},\"potentialAction\":[{\"@type\":\"SearchAction\",\"target\":{\"@type\":\"EntryPoint\",\"urlTemplate\":\"https:\/\/acadiantest.cocompass.com\/?s={search_term_string}\"},\"query-input\":{\"@type\":\"PropertyValueSpecification\",\"valueRequired\":true,\"valueName\":\"search_term_string\"}}],\"inLanguage\":\"fr-CA\"},{\"@type\":\"Organization\",\"@id\":\"https:\/\/acadiantest.cocompass.com\/#organization\",\"name\":\"Acadian Genealogy - Historical Acadian-Cajun Resources\",\"url\":\"https:\/\/acadiantest.cocompass.com\/\",\"logo\":{\"@type\":\"ImageObject\",\"inLanguage\":\"fr-CA\",\"@id\":\"https:\/\/acadiantest.cocompass.com\/#\/schema\/logo\/image\/\",\"url\":\"https:\/\/acadiantest.cocompass.com\/wp-content\/uploads\/logo.png\",\"contentUrl\":\"https:\/\/acadiantest.cocompass.com\/wp-content\/uploads\/logo.png\",\"width\":303,\"height\":125,\"caption\":\"Acadian Genealogy - Historical Acadian-Cajun Resources\"},\"image\":{\"@id\":\"https:\/\/acadiantest.cocompass.com\/#\/schema\/logo\/image\/\"}}]}<\/script>\n<!-- \/ Yoast SEO plugin. -->","yoast_head_json":{"title":"Pouding Ch\u00f4meur - Acadian Genealogy - Historical Acadian-Cajun Resources","robots":{"index":"noindex","follow":"follow","max-snippet":"max-snippet:-1","max-image-preview":"max-image-preview:large","max-video-preview":"max-video-preview:-1"},"og_locale":"fr_CA","og_type":"article","og_title":"Pouding Ch\u00f4meur - Acadian Genealogy - Historical Acadian-Cajun Resources","og_description":"Pouding Ch\u00f4meur Gros comme un oeuf jaune de beurre fondu 1 tasse de sucre blanc 1 tasse de lait 2 tasses de farine 2.c \u00e0 th\u00e9 de vanille sel Sirop Gros comme un oeuf jaune de beurre fondu 2 tasses de sucre brun 1\/12 tasse d&#8217;eau chaude 1 cuil. \u00e0 th\u00e9 de vanille Mettre l&#8217;eau [&hellip;]","og_url":"https:\/\/acadiantest.cocompass.com\/fr\/culture\/popular-acadian-recipies\/pouding-chomeur\/","og_site_name":"Acadian Genealogy - Historical Acadian-Cajun Resources","twitter_card":"summary_large_image","schema":{"@context":"https:\/\/schema.org","@graph":[{"@type":"WebPage","@id":"https:\/\/acadiantest.cocompass.com\/culture\/popular-acadian-recipies\/pouding-chomeur\/","url":"https:\/\/acadiantest.cocompass.com\/culture\/popular-acadian-recipies\/pouding-chomeur\/","name":"Pouding Ch\u00f4meur - Acadian Genealogy - Historical Acadian-Cajun Resources","isPartOf":{"@id":"https:\/\/acadiantest.cocompass.com\/#website"},"datePublished":"2018-11-30T21:07:42+00:00","breadcrumb":{"@id":"https:\/\/acadiantest.cocompass.com\/culture\/popular-acadian-recipies\/pouding-chomeur\/#breadcrumb"},"inLanguage":"fr-CA","potentialAction":[{"@type":"ReadAction","target":["https:\/\/acadiantest.cocompass.com\/culture\/popular-acadian-recipies\/pouding-chomeur\/"]}]},{"@type":"BreadcrumbList","@id":"https:\/\/acadiantest.cocompass.com\/culture\/popular-acadian-recipies\/pouding-chomeur\/#breadcrumb","itemListElement":[{"@type":"ListItem","position":1,"name":"Accueil","item":"https:\/\/acadiantest.cocompass.com\/"},{"@type":"ListItem","position":2,"name":"Culture","item":"https:\/\/acadiantest.cocompass.com\/culture\/"},{"@type":"ListItem","position":3,"name":"Recipes","item":"https:\/\/acadiantest.cocompass.com\/culture\/popular-acadian-recipies\/"},{"@type":"ListItem","position":4,"name":"Pouding Ch\u00f4meur"}]},{"@type":"WebSite","@id":"https:\/\/acadiantest.cocompass.com\/#website","url":"https:\/\/acadiantest.cocompass.com\/","name":"Acadian Genealogy - Historical Acadian-Cajun Resources","description":"Learn About Acadians and Cajuns","publisher":{"@id":"https:\/\/acadiantest.cocompass.com\/#organization"},"potentialAction":[{"@type":"SearchAction","target":{"@type":"EntryPoint","urlTemplate":"https:\/\/acadiantest.cocompass.com\/?s={search_term_string}"},"query-input":{"@type":"PropertyValueSpecification","valueRequired":true,"valueName":"search_term_string"}}],"inLanguage":"fr-CA"},{"@type":"Organization","@id":"https:\/\/acadiantest.cocompass.com\/#organization","name":"Acadian Genealogy - Historical Acadian-Cajun Resources","url":"https:\/\/acadiantest.cocompass.com\/","logo":{"@type":"ImageObject","inLanguage":"fr-CA","@id":"https:\/\/acadiantest.cocompass.com\/#\/schema\/logo\/image\/","url":"https:\/\/acadiantest.cocompass.com\/wp-content\/uploads\/logo.png","contentUrl":"https:\/\/acadiantest.cocompass.com\/wp-content\/uploads\/logo.png","width":303,"height":125,"caption":"Acadian Genealogy - Historical Acadian-Cajun Resources"},"image":{"@id":"https:\/\/acadiantest.cocompass.com\/#\/schema\/logo\/image\/"}}]}},"_links":{"self":[{"href":"https:\/\/acadiantest.cocompass.com\/fr\/wp-json\/wp\/v2\/pages\/14011","targetHints":{"allow":["GET"]}}],"collection":[{"href":"https:\/\/acadiantest.cocompass.com\/fr\/wp-json\/wp\/v2\/pages"}],"about":[{"href":"https:\/\/acadiantest.cocompass.com\/fr\/wp-json\/wp\/v2\/types\/page"}],"author":[{"embeddable":true,"href":"https:\/\/acadiantest.cocompass.com\/fr\/wp-json\/wp\/v2\/users\/2"}],"replies":[{"embeddable":true,"href":"https:\/\/acadiantest.cocompass.com\/fr\/wp-json\/wp\/v2\/comments?post=14011"}],"version-history":[{"count":0,"href":"https:\/\/acadiantest.cocompass.com\/fr\/wp-json\/wp\/v2\/pages\/14011\/revisions"}],"up":[{"embeddable":true,"href":"https:\/\/acadiantest.cocompass.com\/fr\/wp-json\/wp\/v2\/pages\/262"}],"wp:attachment":[{"href":"https:\/\/acadiantest.cocompass.com\/fr\/wp-json\/wp\/v2\/media?parent=14011"}],"curies":[{"name":"wp","href":"https:\/\/api.w.org\/{rel}","templated":true}]}}