{"id":14140,"date":"2018-12-03T16:02:21","date_gmt":"2018-12-03T21:02:21","guid":{"rendered":"https:\/\/acadiantest.cocompass.com\/?page_id=14140"},"modified":"2018-12-03T16:02:21","modified_gmt":"2018-12-03T21:02:21","slug":"biscuits-au-gruau","status":"publish","type":"page","link":"https:\/\/acadiantest.cocompass.com\/fr\/culture\/popular-acadian-recipies\/biscuits-au-gruau\/","title":{"rendered":"Biscuits au gruau"},"content":{"rendered":"<p>Biscuits au gruau<\/p>\n<p>3\/4 tasse de graisse<\/p>\n<p>1\u00a0 1\/2 tasse de sucre brun<\/p>\n<p>2 cuil. \u00e9 th\u00e9 d&#8217;eau chaude avec 1 cuil. \u00e0 th\u00e9 de soda<\/p>\n<p>1 cuil. \u00e0 th\u00e9 vanille<\/p>\n<p>2 tasses de gruau<\/p>\n<p>1 tasse de farine<\/p>\n<p>1 1\/2 cuil de sel<\/p>\n<p>Meler le gruau farine et soda ensemble&#8230;defaites le beurre et graisse,<br \/>\najout\u00e9 le sucre&#8230;.Mettez par cuiller\u00e9e dans vote casserole.<\/p>\n<p>Plaisir<\/p>","protected":false},"excerpt":{"rendered":"<p>Biscuits au gruau 3\/4 tasse de graisse 1\u00a0 1\/2 tasse de sucre brun 2 cuil. \u00e9 th\u00e9 d&#8217;eau chaude avec 1 cuil. \u00e0 th\u00e9 de soda 1 cuil. \u00e0 th\u00e9 vanille 2 tasses de gruau 1 tasse de farine 1 1\/2 cuil de sel Meler le gruau farine et soda ensemble&#8230;defaites le beurre et graisse, [&hellip;]<\/p>","protected":false},"author":2,"featured_media":0,"parent":262,"menu_order":0,"comment_status":"closed","ping_status":"closed","template":"","meta":{"_crdt_document":"","_themeisle_gutenberg_block_has_review":false,"iawp_total_views":0,"footnotes":""},"class_list":["post-14140","page","type-page","status-publish","hentry"],"yoast_head":"<!-- This site is optimized with the Yoast SEO plugin v26.6 - https:\/\/yoast.com\/wordpress\/plugins\/seo\/ -->\n<title>Biscuits au gruau - Acadian Genealogy - Historical Acadian-Cajun Resources<\/title>\n<meta name=\"robots\" content=\"noindex, follow, max-snippet:-1, max-image-preview:large, max-video-preview:-1\" \/>\n<meta property=\"og:locale\" content=\"fr_CA\" \/>\n<meta property=\"og:type\" content=\"article\" \/>\n<meta property=\"og:title\" content=\"Biscuits au gruau - Acadian Genealogy - Historical Acadian-Cajun Resources\" \/>\n<meta property=\"og:description\" content=\"Biscuits au gruau 3\/4 tasse de graisse 1\u00a0 1\/2 tasse de sucre brun 2 cuil. \u00e9 th\u00e9 d&#8217;eau chaude avec 1 cuil. \u00e0 th\u00e9 de soda 1 cuil. \u00e0 th\u00e9 vanille 2 tasses de gruau 1 tasse de farine 1 1\/2 cuil de sel Meler le gruau farine et soda ensemble&#8230;defaites le beurre et graisse, [&hellip;]\" \/>\n<meta property=\"og:url\" content=\"https:\/\/acadiantest.cocompass.com\/fr\/culture\/popular-acadian-recipies\/biscuits-au-gruau\/\" \/>\n<meta property=\"og:site_name\" content=\"Acadian Genealogy - Historical Acadian-Cajun Resources\" \/>\n<meta name=\"twitter:card\" content=\"summary_large_image\" \/>\n<script type=\"application\/ld+json\" class=\"yoast-schema-graph\">{\"@context\":\"https:\/\/schema.org\",\"@graph\":[{\"@type\":\"WebPage\",\"@id\":\"https:\/\/acadiantest.cocompass.com\/culture\/popular-acadian-recipies\/biscuits-au-gruau\/\",\"url\":\"https:\/\/acadiantest.cocompass.com\/culture\/popular-acadian-recipies\/biscuits-au-gruau\/\",\"name\":\"Biscuits au gruau - Acadian Genealogy - Historical Acadian-Cajun Resources\",\"isPartOf\":{\"@id\":\"https:\/\/acadiantest.cocompass.com\/#website\"},\"datePublished\":\"2018-12-03T21:02:21+00:00\",\"breadcrumb\":{\"@id\":\"https:\/\/acadiantest.cocompass.com\/culture\/popular-acadian-recipies\/biscuits-au-gruau\/#breadcrumb\"},\"inLanguage\":\"fr-CA\",\"potentialAction\":[{\"@type\":\"ReadAction\",\"target\":[\"https:\/\/acadiantest.cocompass.com\/culture\/popular-acadian-recipies\/biscuits-au-gruau\/\"]}]},{\"@type\":\"BreadcrumbList\",\"@id\":\"https:\/\/acadiantest.cocompass.com\/culture\/popular-acadian-recipies\/biscuits-au-gruau\/#breadcrumb\",\"itemListElement\":[{\"@type\":\"ListItem\",\"position\":1,\"name\":\"Accueil\",\"item\":\"https:\/\/acadiantest.cocompass.com\/\"},{\"@type\":\"ListItem\",\"position\":2,\"name\":\"Culture\",\"item\":\"https:\/\/acadiantest.cocompass.com\/culture\/\"},{\"@type\":\"ListItem\",\"position\":3,\"name\":\"Recipes\",\"item\":\"https:\/\/acadiantest.cocompass.com\/culture\/popular-acadian-recipies\/\"},{\"@type\":\"ListItem\",\"position\":4,\"name\":\"Biscuits au gruau\"}]},{\"@type\":\"WebSite\",\"@id\":\"https:\/\/acadiantest.cocompass.com\/#website\",\"url\":\"https:\/\/acadiantest.cocompass.com\/\",\"name\":\"Acadian Genealogy - Historical Acadian-Cajun Resources\",\"description\":\"Learn About Acadians and Cajuns\",\"publisher\":{\"@id\":\"https:\/\/acadiantest.cocompass.com\/#organization\"},\"potentialAction\":[{\"@type\":\"SearchAction\",\"target\":{\"@type\":\"EntryPoint\",\"urlTemplate\":\"https:\/\/acadiantest.cocompass.com\/?s={search_term_string}\"},\"query-input\":{\"@type\":\"PropertyValueSpecification\",\"valueRequired\":true,\"valueName\":\"search_term_string\"}}],\"inLanguage\":\"fr-CA\"},{\"@type\":\"Organization\",\"@id\":\"https:\/\/acadiantest.cocompass.com\/#organization\",\"name\":\"Acadian Genealogy - Historical Acadian-Cajun Resources\",\"url\":\"https:\/\/acadiantest.cocompass.com\/\",\"logo\":{\"@type\":\"ImageObject\",\"inLanguage\":\"fr-CA\",\"@id\":\"https:\/\/acadiantest.cocompass.com\/#\/schema\/logo\/image\/\",\"url\":\"https:\/\/acadiantest.cocompass.com\/wp-content\/uploads\/logo.png\",\"contentUrl\":\"https:\/\/acadiantest.cocompass.com\/wp-content\/uploads\/logo.png\",\"width\":303,\"height\":125,\"caption\":\"Acadian Genealogy - Historical Acadian-Cajun Resources\"},\"image\":{\"@id\":\"https:\/\/acadiantest.cocompass.com\/#\/schema\/logo\/image\/\"}}]}<\/script>\n<!-- \/ Yoast SEO plugin. -->","yoast_head_json":{"title":"Biscuits au gruau - Acadian Genealogy - Historical Acadian-Cajun Resources","robots":{"index":"noindex","follow":"follow","max-snippet":"max-snippet:-1","max-image-preview":"max-image-preview:large","max-video-preview":"max-video-preview:-1"},"og_locale":"fr_CA","og_type":"article","og_title":"Biscuits au gruau - Acadian Genealogy - Historical Acadian-Cajun Resources","og_description":"Biscuits au gruau 3\/4 tasse de graisse 1\u00a0 1\/2 tasse de sucre brun 2 cuil. \u00e9 th\u00e9 d&#8217;eau chaude avec 1 cuil. \u00e0 th\u00e9 de soda 1 cuil. \u00e0 th\u00e9 vanille 2 tasses de gruau 1 tasse de farine 1 1\/2 cuil de sel Meler le gruau farine et soda ensemble&#8230;defaites le beurre et graisse, [&hellip;]","og_url":"https:\/\/acadiantest.cocompass.com\/fr\/culture\/popular-acadian-recipies\/biscuits-au-gruau\/","og_site_name":"Acadian Genealogy - Historical Acadian-Cajun Resources","twitter_card":"summary_large_image","schema":{"@context":"https:\/\/schema.org","@graph":[{"@type":"WebPage","@id":"https:\/\/acadiantest.cocompass.com\/culture\/popular-acadian-recipies\/biscuits-au-gruau\/","url":"https:\/\/acadiantest.cocompass.com\/culture\/popular-acadian-recipies\/biscuits-au-gruau\/","name":"Biscuits au gruau - Acadian Genealogy - Historical Acadian-Cajun Resources","isPartOf":{"@id":"https:\/\/acadiantest.cocompass.com\/#website"},"datePublished":"2018-12-03T21:02:21+00:00","breadcrumb":{"@id":"https:\/\/acadiantest.cocompass.com\/culture\/popular-acadian-recipies\/biscuits-au-gruau\/#breadcrumb"},"inLanguage":"fr-CA","potentialAction":[{"@type":"ReadAction","target":["https:\/\/acadiantest.cocompass.com\/culture\/popular-acadian-recipies\/biscuits-au-gruau\/"]}]},{"@type":"BreadcrumbList","@id":"https:\/\/acadiantest.cocompass.com\/culture\/popular-acadian-recipies\/biscuits-au-gruau\/#breadcrumb","itemListElement":[{"@type":"ListItem","position":1,"name":"Accueil","item":"https:\/\/acadiantest.cocompass.com\/"},{"@type":"ListItem","position":2,"name":"Culture","item":"https:\/\/acadiantest.cocompass.com\/culture\/"},{"@type":"ListItem","position":3,"name":"Recipes","item":"https:\/\/acadiantest.cocompass.com\/culture\/popular-acadian-recipies\/"},{"@type":"ListItem","position":4,"name":"Biscuits au gruau"}]},{"@type":"WebSite","@id":"https:\/\/acadiantest.cocompass.com\/#website","url":"https:\/\/acadiantest.cocompass.com\/","name":"Acadian Genealogy - Historical Acadian-Cajun Resources","description":"Learn About Acadians and Cajuns","publisher":{"@id":"https:\/\/acadiantest.cocompass.com\/#organization"},"potentialAction":[{"@type":"SearchAction","target":{"@type":"EntryPoint","urlTemplate":"https:\/\/acadiantest.cocompass.com\/?s={search_term_string}"},"query-input":{"@type":"PropertyValueSpecification","valueRequired":true,"valueName":"search_term_string"}}],"inLanguage":"fr-CA"},{"@type":"Organization","@id":"https:\/\/acadiantest.cocompass.com\/#organization","name":"Acadian Genealogy - Historical Acadian-Cajun Resources","url":"https:\/\/acadiantest.cocompass.com\/","logo":{"@type":"ImageObject","inLanguage":"fr-CA","@id":"https:\/\/acadiantest.cocompass.com\/#\/schema\/logo\/image\/","url":"https:\/\/acadiantest.cocompass.com\/wp-content\/uploads\/logo.png","contentUrl":"https:\/\/acadiantest.cocompass.com\/wp-content\/uploads\/logo.png","width":303,"height":125,"caption":"Acadian Genealogy - Historical Acadian-Cajun Resources"},"image":{"@id":"https:\/\/acadiantest.cocompass.com\/#\/schema\/logo\/image\/"}}]}},"_links":{"self":[{"href":"https:\/\/acadiantest.cocompass.com\/fr\/wp-json\/wp\/v2\/pages\/14140","targetHints":{"allow":["GET"]}}],"collection":[{"href":"https:\/\/acadiantest.cocompass.com\/fr\/wp-json\/wp\/v2\/pages"}],"about":[{"href":"https:\/\/acadiantest.cocompass.com\/fr\/wp-json\/wp\/v2\/types\/page"}],"author":[{"embeddable":true,"href":"https:\/\/acadiantest.cocompass.com\/fr\/wp-json\/wp\/v2\/users\/2"}],"replies":[{"embeddable":true,"href":"https:\/\/acadiantest.cocompass.com\/fr\/wp-json\/wp\/v2\/comments?post=14140"}],"version-history":[{"count":0,"href":"https:\/\/acadiantest.cocompass.com\/fr\/wp-json\/wp\/v2\/pages\/14140\/revisions"}],"up":[{"embeddable":true,"href":"https:\/\/acadiantest.cocompass.com\/fr\/wp-json\/wp\/v2\/pages\/262"}],"wp:attachment":[{"href":"https:\/\/acadiantest.cocompass.com\/fr\/wp-json\/wp\/v2\/media?parent=14140"}],"curies":[{"name":"wp","href":"https:\/\/api.w.org\/{rel}","templated":true}]}}