{"id":14245,"date":"2019-02-05T10:28:29","date_gmt":"2019-02-05T15:28:29","guid":{"rendered":"https:\/\/acadiantest.cocompass.com\/?page_id=14245"},"modified":"2019-03-01T18:02:10","modified_gmt":"2019-03-01T23:02:10","slug":"histoire-de-lacadie-de-la-fondation-aux-deportations","status":"publish","type":"page","link":"https:\/\/acadiantest.cocompass.com\/fr\/culture\/books\/histoire-de-lacadie-de-la-fondation-aux-deportations\/","title":{"rendered":"Histoire de L&#8217;Acadie de la fondation aux deportations."},"content":{"rendered":"<p><img fetchpriority=\"high\" decoding=\"async\" class=\"alignnone size-medium wp-image-14246\" src=\"https:\/\/acadiantest.cocompass.com\/wp-content\/uploads\/Andre-Carl-Vachon-500x478.jpg\" alt=\"\" width=\"500\" height=\"478\" srcset=\"https:\/\/acadiantest.cocompass.com\/wp-content\/uploads\/Andre-Carl-Vachon-500x478.jpg 500w, https:\/\/acadiantest.cocompass.com\/wp-content\/uploads\/Andre-Carl-Vachon-240x229.jpg 240w, https:\/\/acadiantest.cocompass.com\/wp-content\/uploads\/Andre-Carl-Vachon-510x487.jpg 510w, https:\/\/acadiantest.cocompass.com\/wp-content\/uploads\/Andre-Carl-Vachon.jpg 600w\" sizes=\"(max-width: 500px) 100vw, 500px\" \/><\/p>\n<p>About the author (in french):<\/p>\n<p>Andr\u00e9-Carl Vachon s\u2019int\u00e9resse \u00e0 l\u2019histoire acadienne depuis 1993. Il d\u00e9tient une ma\u00eetrise en histoire acadienne (UQTR 2018). Il est l\u2019auteur de l\u2019essai Les d\u00e9portations des Acadiens et de leur arriv\u00e9e au Qu\u00e9bec, publi\u00e9 en 2014 aux \u00e9ditions La Grande Mar\u00e9e. En 2015, M. Vachon a re\u00e7u entre autres le prix intergouvernemental Acadie-Qu\u00e9bec, ainsi qu\u2019une mention du jury du prix international France-Acadie 2015. En 2016, M. Vachon publie deux essais aux \u00e9ditions La Grande Mar\u00e9e qui se sont vus d\u00e9cerner le prix Robert-Pr\u00e9vost 2018. Le premier, Les Acadiens d\u00e9port\u00e9s qui accept\u00e8rent l\u2019offre de Murray, l\u2019auteur a re\u00e7u la bourse de cr\u00e9ation des \u00c9crivains francophones d\u2019Am\u00e9rique 2016, le prix Percy-W.-Foy 2016 et le prix France-Acadie 2018. Le deuxi\u00e8me, Une petite Cadie en Martinique, l\u2019auteur a re\u00e7u la m\u00e9daille de la ville du Morne Rouge, Martinique. En 2018, l\u2019auteur a publi\u00e9 un livre publi\u00e9 \u00e9galement aux \u00e9ditions La Grande Mar\u00e9e : Histoire des Acadiens de la fondation aux d\u00e9portations, tome 1 (1603-1710). En 2019, il a publi\u00e9 son premier r\u00e9cit, Raconte-moi la D\u00e9portation des Acadiens, dans la collection jeunesse des \u00e9ditions Le petit homme.<\/p>\n<p>To purchase this french book, simply email Jacques Ouellet your information;\u00a0\u00a0<a href=\"\/fr\/jouellet@nbnet.nb.ca\/\">jouellet@nbnet.nb.ca<\/a><\/p>\n<p>For more information about this book and any other books from the author Andre-Carl Vachon, please visit;\u00a0<a href=\"http:\/\/www.lagrandemaree.ca\/\">http:\/\/www.lagrandemaree.ca\/<\/a><\/p>\n<p>Merci Andr\u00e9-Carl Vachon<\/p>","protected":false},"excerpt":{"rendered":"<p>About the author (in french): Andr\u00e9-Carl Vachon s\u2019int\u00e9resse \u00e0 l\u2019histoire acadienne depuis 1993. Il d\u00e9tient une ma\u00eetrise en histoire acadienne (UQTR 2018). Il est l\u2019auteur de l\u2019essai Les d\u00e9portations des Acadiens et de leur arriv\u00e9e au Qu\u00e9bec, publi\u00e9 en 2014 aux \u00e9ditions La Grande Mar\u00e9e. En 2015, M. Vachon a re\u00e7u entre autres le prix [&hellip;]<\/p>","protected":false},"author":2,"featured_media":0,"parent":201,"menu_order":0,"comment_status":"closed","ping_status":"closed","template":"","meta":{"_crdt_document":"","_themeisle_gutenberg_block_has_review":false,"iawp_total_views":0,"footnotes":""},"class_list":["post-14245","page","type-page","status-publish","hentry"],"yoast_head":"<!-- This site is optimized with the Yoast SEO plugin v26.6 - https:\/\/yoast.com\/wordpress\/plugins\/seo\/ -->\n<title>Histoire de L&#039;Acadie de la fondation aux deportations. - Acadian Genealogy - Historical Acadian-Cajun Resources<\/title>\n<meta name=\"robots\" content=\"noindex, follow, max-snippet:-1, max-image-preview:large, max-video-preview:-1\" \/>\n<meta property=\"og:locale\" content=\"fr_CA\" \/>\n<meta property=\"og:type\" content=\"article\" \/>\n<meta property=\"og:title\" content=\"Histoire de L&#039;Acadie de la fondation aux deportations. - Acadian Genealogy - Historical Acadian-Cajun Resources\" \/>\n<meta property=\"og:description\" content=\"About the author (in french): Andr\u00e9-Carl Vachon s\u2019int\u00e9resse \u00e0 l\u2019histoire acadienne depuis 1993. Il d\u00e9tient une ma\u00eetrise en histoire acadienne (UQTR 2018). Il est l\u2019auteur de l\u2019essai Les d\u00e9portations des Acadiens et de leur arriv\u00e9e au Qu\u00e9bec, publi\u00e9 en 2014 aux \u00e9ditions La Grande Mar\u00e9e. En 2015, M. Vachon a re\u00e7u entre autres le prix [&hellip;]\" \/>\n<meta property=\"og:url\" content=\"https:\/\/acadiantest.cocompass.com\/fr\/culture\/books\/histoire-de-lacadie-de-la-fondation-aux-deportations\/\" \/>\n<meta property=\"og:site_name\" content=\"Acadian Genealogy - Historical Acadian-Cajun Resources\" \/>\n<meta property=\"article:modified_time\" content=\"2019-03-01T23:02:10+00:00\" \/>\n<meta property=\"og:image\" content=\"https:\/\/acadian.mystagingwebsite.com\/wp-content\/uploads\/Andre-Carl-Vachon-500x478.jpg\" \/>\n<meta name=\"twitter:card\" content=\"summary_large_image\" \/>\n<meta name=\"twitter:label1\" content=\"Estimation du temps de lecture\" \/>\n\t<meta name=\"twitter:data1\" content=\"1 minute\" \/>\n<script type=\"application\/ld+json\" class=\"yoast-schema-graph\">{\"@context\":\"https:\/\/schema.org\",\"@graph\":[{\"@type\":\"WebPage\",\"@id\":\"https:\/\/acadiantest.cocompass.com\/culture\/books\/histoire-de-lacadie-de-la-fondation-aux-deportations\/\",\"url\":\"https:\/\/acadiantest.cocompass.com\/culture\/books\/histoire-de-lacadie-de-la-fondation-aux-deportations\/\",\"name\":\"Histoire de L'Acadie de la fondation aux deportations. - Acadian Genealogy - Historical Acadian-Cajun Resources\",\"isPartOf\":{\"@id\":\"https:\/\/acadiantest.cocompass.com\/#website\"},\"primaryImageOfPage\":{\"@id\":\"https:\/\/acadiantest.cocompass.com\/culture\/books\/histoire-de-lacadie-de-la-fondation-aux-deportations\/#primaryimage\"},\"image\":{\"@id\":\"https:\/\/acadiantest.cocompass.com\/culture\/books\/histoire-de-lacadie-de-la-fondation-aux-deportations\/#primaryimage\"},\"thumbnailUrl\":\"https:\/\/acadiantest.cocompass.com\/wp-content\/uploads\/Andre-Carl-Vachon-500x478.jpg\",\"datePublished\":\"2019-02-05T15:28:29+00:00\",\"dateModified\":\"2019-03-01T23:02:10+00:00\",\"breadcrumb\":{\"@id\":\"https:\/\/acadiantest.cocompass.com\/culture\/books\/histoire-de-lacadie-de-la-fondation-aux-deportations\/#breadcrumb\"},\"inLanguage\":\"fr-CA\",\"potentialAction\":[{\"@type\":\"ReadAction\",\"target\":[\"https:\/\/acadiantest.cocompass.com\/culture\/books\/histoire-de-lacadie-de-la-fondation-aux-deportations\/\"]}]},{\"@type\":\"ImageObject\",\"inLanguage\":\"fr-CA\",\"@id\":\"https:\/\/acadiantest.cocompass.com\/culture\/books\/histoire-de-lacadie-de-la-fondation-aux-deportations\/#primaryimage\",\"url\":\"https:\/\/acadiantest.cocompass.com\/wp-content\/uploads\/Andre-Carl-Vachon-500x478.jpg\",\"contentUrl\":\"https:\/\/acadiantest.cocompass.com\/wp-content\/uploads\/Andre-Carl-Vachon-500x478.jpg\"},{\"@type\":\"BreadcrumbList\",\"@id\":\"https:\/\/acadiantest.cocompass.com\/culture\/books\/histoire-de-lacadie-de-la-fondation-aux-deportations\/#breadcrumb\",\"itemListElement\":[{\"@type\":\"ListItem\",\"position\":1,\"name\":\"Accueil\",\"item\":\"https:\/\/acadiantest.cocompass.com\/\"},{\"@type\":\"ListItem\",\"position\":2,\"name\":\"Culture\",\"item\":\"https:\/\/acadiantest.cocompass.com\/culture\/\"},{\"@type\":\"ListItem\",\"position\":3,\"name\":\"Books\",\"item\":\"https:\/\/acadiantest.cocompass.com\/culture\/books\/\"},{\"@type\":\"ListItem\",\"position\":4,\"name\":\"Histoire de L&#8217;Acadie de la fondation aux deportations.\"}]},{\"@type\":\"WebSite\",\"@id\":\"https:\/\/acadiantest.cocompass.com\/#website\",\"url\":\"https:\/\/acadiantest.cocompass.com\/\",\"name\":\"Acadian Genealogy - Historical Acadian-Cajun Resources\",\"description\":\"Learn About Acadians and Cajuns\",\"publisher\":{\"@id\":\"https:\/\/acadiantest.cocompass.com\/#organization\"},\"potentialAction\":[{\"@type\":\"SearchAction\",\"target\":{\"@type\":\"EntryPoint\",\"urlTemplate\":\"https:\/\/acadiantest.cocompass.com\/?s={search_term_string}\"},\"query-input\":{\"@type\":\"PropertyValueSpecification\",\"valueRequired\":true,\"valueName\":\"search_term_string\"}}],\"inLanguage\":\"fr-CA\"},{\"@type\":\"Organization\",\"@id\":\"https:\/\/acadiantest.cocompass.com\/#organization\",\"name\":\"Acadian Genealogy - Historical Acadian-Cajun Resources\",\"url\":\"https:\/\/acadiantest.cocompass.com\/\",\"logo\":{\"@type\":\"ImageObject\",\"inLanguage\":\"fr-CA\",\"@id\":\"https:\/\/acadiantest.cocompass.com\/#\/schema\/logo\/image\/\",\"url\":\"https:\/\/acadiantest.cocompass.com\/wp-content\/uploads\/logo.png\",\"contentUrl\":\"https:\/\/acadiantest.cocompass.com\/wp-content\/uploads\/logo.png\",\"width\":303,\"height\":125,\"caption\":\"Acadian Genealogy - Historical Acadian-Cajun Resources\"},\"image\":{\"@id\":\"https:\/\/acadiantest.cocompass.com\/#\/schema\/logo\/image\/\"}}]}<\/script>\n<!-- \/ Yoast SEO plugin. -->","yoast_head_json":{"title":"Histoire de L'Acadie de la fondation aux deportations. - Acadian Genealogy - Historical Acadian-Cajun Resources","robots":{"index":"noindex","follow":"follow","max-snippet":"max-snippet:-1","max-image-preview":"max-image-preview:large","max-video-preview":"max-video-preview:-1"},"og_locale":"fr_CA","og_type":"article","og_title":"Histoire de L'Acadie de la fondation aux deportations. - Acadian Genealogy - Historical Acadian-Cajun Resources","og_description":"About the author (in french): Andr\u00e9-Carl Vachon s\u2019int\u00e9resse \u00e0 l\u2019histoire acadienne depuis 1993. Il d\u00e9tient une ma\u00eetrise en histoire acadienne (UQTR 2018). Il est l\u2019auteur de l\u2019essai Les d\u00e9portations des Acadiens et de leur arriv\u00e9e au Qu\u00e9bec, publi\u00e9 en 2014 aux \u00e9ditions La Grande Mar\u00e9e. En 2015, M. Vachon a re\u00e7u entre autres le prix [&hellip;]","og_url":"https:\/\/acadiantest.cocompass.com\/fr\/culture\/books\/histoire-de-lacadie-de-la-fondation-aux-deportations\/","og_site_name":"Acadian Genealogy - Historical Acadian-Cajun Resources","article_modified_time":"2019-03-01T23:02:10+00:00","og_image":[{"url":"https:\/\/acadian.mystagingwebsite.com\/wp-content\/uploads\/Andre-Carl-Vachon-500x478.jpg","type":"","width":"","height":""}],"twitter_card":"summary_large_image","twitter_misc":{"Estimation du temps de lecture":"1 minute"},"schema":{"@context":"https:\/\/schema.org","@graph":[{"@type":"WebPage","@id":"https:\/\/acadiantest.cocompass.com\/culture\/books\/histoire-de-lacadie-de-la-fondation-aux-deportations\/","url":"https:\/\/acadiantest.cocompass.com\/culture\/books\/histoire-de-lacadie-de-la-fondation-aux-deportations\/","name":"Histoire de L'Acadie de la fondation aux deportations. - Acadian Genealogy - Historical Acadian-Cajun Resources","isPartOf":{"@id":"https:\/\/acadiantest.cocompass.com\/#website"},"primaryImageOfPage":{"@id":"https:\/\/acadiantest.cocompass.com\/culture\/books\/histoire-de-lacadie-de-la-fondation-aux-deportations\/#primaryimage"},"image":{"@id":"https:\/\/acadiantest.cocompass.com\/culture\/books\/histoire-de-lacadie-de-la-fondation-aux-deportations\/#primaryimage"},"thumbnailUrl":"https:\/\/acadiantest.cocompass.com\/wp-content\/uploads\/Andre-Carl-Vachon-500x478.jpg","datePublished":"2019-02-05T15:28:29+00:00","dateModified":"2019-03-01T23:02:10+00:00","breadcrumb":{"@id":"https:\/\/acadiantest.cocompass.com\/culture\/books\/histoire-de-lacadie-de-la-fondation-aux-deportations\/#breadcrumb"},"inLanguage":"fr-CA","potentialAction":[{"@type":"ReadAction","target":["https:\/\/acadiantest.cocompass.com\/culture\/books\/histoire-de-lacadie-de-la-fondation-aux-deportations\/"]}]},{"@type":"ImageObject","inLanguage":"fr-CA","@id":"https:\/\/acadiantest.cocompass.com\/culture\/books\/histoire-de-lacadie-de-la-fondation-aux-deportations\/#primaryimage","url":"https:\/\/acadiantest.cocompass.com\/wp-content\/uploads\/Andre-Carl-Vachon-500x478.jpg","contentUrl":"https:\/\/acadiantest.cocompass.com\/wp-content\/uploads\/Andre-Carl-Vachon-500x478.jpg"},{"@type":"BreadcrumbList","@id":"https:\/\/acadiantest.cocompass.com\/culture\/books\/histoire-de-lacadie-de-la-fondation-aux-deportations\/#breadcrumb","itemListElement":[{"@type":"ListItem","position":1,"name":"Accueil","item":"https:\/\/acadiantest.cocompass.com\/"},{"@type":"ListItem","position":2,"name":"Culture","item":"https:\/\/acadiantest.cocompass.com\/culture\/"},{"@type":"ListItem","position":3,"name":"Books","item":"https:\/\/acadiantest.cocompass.com\/culture\/books\/"},{"@type":"ListItem","position":4,"name":"Histoire de L&#8217;Acadie de la fondation aux deportations."}]},{"@type":"WebSite","@id":"https:\/\/acadiantest.cocompass.com\/#website","url":"https:\/\/acadiantest.cocompass.com\/","name":"Acadian Genealogy - Historical Acadian-Cajun Resources","description":"Learn About Acadians and Cajuns","publisher":{"@id":"https:\/\/acadiantest.cocompass.com\/#organization"},"potentialAction":[{"@type":"SearchAction","target":{"@type":"EntryPoint","urlTemplate":"https:\/\/acadiantest.cocompass.com\/?s={search_term_string}"},"query-input":{"@type":"PropertyValueSpecification","valueRequired":true,"valueName":"search_term_string"}}],"inLanguage":"fr-CA"},{"@type":"Organization","@id":"https:\/\/acadiantest.cocompass.com\/#organization","name":"Acadian Genealogy - Historical Acadian-Cajun Resources","url":"https:\/\/acadiantest.cocompass.com\/","logo":{"@type":"ImageObject","inLanguage":"fr-CA","@id":"https:\/\/acadiantest.cocompass.com\/#\/schema\/logo\/image\/","url":"https:\/\/acadiantest.cocompass.com\/wp-content\/uploads\/logo.png","contentUrl":"https:\/\/acadiantest.cocompass.com\/wp-content\/uploads\/logo.png","width":303,"height":125,"caption":"Acadian Genealogy - Historical Acadian-Cajun Resources"},"image":{"@id":"https:\/\/acadiantest.cocompass.com\/#\/schema\/logo\/image\/"}}]}},"_links":{"self":[{"href":"https:\/\/acadiantest.cocompass.com\/fr\/wp-json\/wp\/v2\/pages\/14245","targetHints":{"allow":["GET"]}}],"collection":[{"href":"https:\/\/acadiantest.cocompass.com\/fr\/wp-json\/wp\/v2\/pages"}],"about":[{"href":"https:\/\/acadiantest.cocompass.com\/fr\/wp-json\/wp\/v2\/types\/page"}],"author":[{"embeddable":true,"href":"https:\/\/acadiantest.cocompass.com\/fr\/wp-json\/wp\/v2\/users\/2"}],"replies":[{"embeddable":true,"href":"https:\/\/acadiantest.cocompass.com\/fr\/wp-json\/wp\/v2\/comments?post=14245"}],"version-history":[{"count":0,"href":"https:\/\/acadiantest.cocompass.com\/fr\/wp-json\/wp\/v2\/pages\/14245\/revisions"}],"up":[{"embeddable":true,"href":"https:\/\/acadiantest.cocompass.com\/fr\/wp-json\/wp\/v2\/pages\/201"}],"wp:attachment":[{"href":"https:\/\/acadiantest.cocompass.com\/fr\/wp-json\/wp\/v2\/media?parent=14245"}],"curies":[{"name":"wp","href":"https:\/\/api.w.org\/{rel}","templated":true}]}}