{"id":1595,"date":"2016-09-04T13:50:55","date_gmt":"2016-09-04T17:50:55","guid":{"rendered":"https:\/\/acadiantest.cocompass.com\/?page_id=1595"},"modified":"2018-12-01T17:23:47","modified_gmt":"2018-12-01T22:23:47","slug":"le-bon-papa-acadian-passenger-list","status":"publish","type":"page","link":"https:\/\/acadiantest.cocompass.com\/fr\/culture\/louisiana\/ships-transportation-acadians-louisiana\/le-bon-papa-acadian-passenger-list\/","title":{"rendered":"&#8220;Le Bon Papa&#8221; Acadian Passenger List"},"content":{"rendered":"<p>&#8220;Le Bon Papa&#8221; Acadian Passenger List<\/p>\n<table border=\"2\" width=\"90%\" align=\"center\">\n<tbody>\n<tr>\n<td width=\"84%\">\n<h4>Passenger Names<\/h4>\n<\/td>\n<td width=\"16%\">\n<h4>Total Number of persons<\/h4>\n<\/td>\n<\/tr>\n<tr>\n<td width=\"84%\">\n<h5>1 &#8211; Joseph LEBLANC, carpenter, 54 years- Anne HEBERT, his wife &#8211; 49 years<br \/>\nChildren: Joseph 15 years, Simon 13 years, Blanche 19 years, Marie 17 years.<\/h5>\n<\/td>\n<td width=\"16%\">\n<h3>6<\/h3>\n<\/td>\n<\/tr>\n<tr>\n<td width=\"84%\">\n<h5>2 &#8211; Andr\u00e9 TEMPLE , sailor &#8211; 59 years, Marguerite LEBLANC, his wife &#8211; 48 years,<br \/>\nChildren: Jean, sailor &#8211; 24 years, Charles, sailor &#8211; 22 years, Jacques, sailor &#8211; 20 years, Servant, sailor &#8211; 15 years, Olivier &#8211; 11 years, Andr\u00e9 7 years, Isabelle 24 years, Marie Magdeleine 17 years.<\/h5>\n<\/td>\n<td width=\"16%\">\n<h3>10<\/h3>\n<\/td>\n<\/tr>\n<tr>\n<td width=\"84%\">\n<h5>3 &#8211; Joseph HENRY, carpenter &#8211; 40 years, C\u00e9cile BRAUD, his wife, 48 years<br \/>\nChildren: Jean Laurent, carpenter &#8211; 19 years, Joseph 14 years, Pierre 5 years, Marie Jos\u00e8phe 7 years, Anne Fran\u00e7oise 3 years, Magdeleine Apolline, (breast feeding).<\/h5>\n<\/td>\n<td width=\"16%\">\n<h3>8<\/h3>\n<\/td>\n<\/tr>\n<tr>\n<td width=\"84%\">\n<h5>4 &#8211; Charles LANDRY , carpenter &#8211; 50 years, Marguerite BOUDROT, his wife- 48 years<br \/>\nChildren: Firmin, sailor &#8211; 22 years, S\u00e9bastien, sailor &#8211; 18 years, Louis 14 years, Jean 11 years, Charles 8 years, Fran\u00e7ois 6 years, Marguerite 18 years.<\/h5>\n<\/td>\n<td width=\"16%\">\n<h3>9<\/h3>\n<\/td>\n<\/tr>\n<tr>\n<td width=\"84%\">\n<h5>5 &#8211; Amable HEBERT, carpenter &#8211; 43 years<br \/>\nChildren: Andr\u00e9 &#8211; 9 years, Marie &#8211; 24 years, Genevi\u00e8ve &#8211; 17 years, Isabelle &#8211; 14 years.<br \/>\nHis Mother-in-Law: (Widow) Esther COURTENAY &#8211; 60 years.<\/h5>\n<\/td>\n<td width=\"16%\">\n<h3>6<\/h3>\n<\/td>\n<\/tr>\n<tr>\n<td width=\"84%\">\n<h5>6 &#8211; Jean Charles LEBLANC , sailor &#8211; 23 years, Brigitte HEBERT, his wife &#8211; 19 years.<\/h5>\n<\/td>\n<td width=\"16%\">\n<h3>2<\/h3>\n<\/td>\n<\/tr>\n<tr>\n<td width=\"84%\">\n<h5>7 &#8211; Simon LEBLANC, farmer &#8211; 62 years, Marie TRAHAN, his wife &#8211; 51 ans<br \/>\nChildren: Joseph , sailor &#8211; 20 years, Jacques 13 years, Anne 15 years.<\/h5>\n<\/td>\n<td width=\"16%\">\n<h3>5<\/h3>\n<\/td>\n<\/tr>\n<tr>\n<td width=\"84%\">\n<h5>8 &#8211; Jean LEBLANC, boat caulker &#8211; 36 years, Th\u00e9r\u00e8se HEBERT, his wife &#8211; 35 years.<\/h5>\n<h5>Daughter: Marie, (breast feeding).<\/h5>\n<\/td>\n<td width=\"16%\">\n<h3>3<\/h3>\n<\/td>\n<\/tr>\n<tr>\n<td width=\"84%\">\n<h5>9 &#8211; Alexandre DOIRON, labourer &#8211; 47 years, Ursule HEBERT, his wife &#8211; 43 ans.<br \/>\nChildren: Isaac 16 years, Mathurin 12 years, Joseph 7 years, Jean-Baptiste 2 years, Marie-Rose 21 years, Magdeleine 19 years.<\/h5>\n<\/td>\n<td width=\"16%\">\n<h3>8<\/h3>\n<\/td>\n<\/tr>\n<tr>\n<td width=\"84%\">\n<h5>10 &#8211; Fran\u00e7ois HEBERT, carpenter &#8211; 72 ans.<\/h5>\n<\/td>\n<td width=\"16%\">\n<h3>1<\/h3>\n<\/td>\n<\/tr>\n<tr>\n<td width=\"84%\">\n<h5>11 &#8211; Anne BOUDROT, Jacques HACHE&#8217;s widow &#8211; 40 years.<br \/>\nHer &#8216;Hache&#8217; Daughters: Marie 15 years, Marguerite 11 years.<\/h5>\n<\/td>\n<td width=\"16%\">\n<h3>3<\/h3>\n<\/td>\n<\/tr>\n<tr>\n<td width=\"84%\">\n<h5>12 &#8211; C\u00e9cile BOURG, Ignace HEUZE&#8217;s widow &#8211; 48 years.<br \/>\nChildren: Pierre, labourer &#8211; 24 ans, Charles, labourer &#8211; 22 years, Jean-Baptiste, labourer &#8211; 17 years, Gr\u00e9goire, 9 years, Anne-Marie 20 years.<\/h5>\n<\/td>\n<td width=\"16%\">\n<h3>6<\/h3>\n<\/td>\n<\/tr>\n<tr>\n<td width=\"84%\">\n<h5>13 &#8211; Pierre QUINTIN, carpenter &#8211; 65 years, Marie-Magdeleine DUGAST, his wife, 50 years.<br \/>\nDaughter: Victoire Fran\u00e7oise, 14 years.<br \/>\nDaughters with first spouse (Marie-Louise Grossin): Anne, 24 years, Marie, 23 years.<\/h5>\n<\/td>\n<td width=\"16%\">\n<h3>5<\/h3>\n<\/td>\n<\/tr>\n<tr>\n<td width=\"84%\">\n<h5>14 &#8211; Paul Dominique BOUDROT, sailor &#8211; 24 years, Marie Olivie LANDRY, his wife &#8211; 18 years.<br \/>\nChild: Paul Marin &#8211; (breast feeding).<\/h5>\n<\/td>\n<td width=\"16%\">\n<h3>3<\/h3>\n<\/td>\n<\/tr>\n<tr>\n<td width=\"84%\">\n<h5>15 &#8211; Jean-Baptiste DUGAST, labourer &#8211; 49 years, Marie CLOSSINET, his wife &#8211; 43 tears.<br \/>\nChildren: Marie 11 years, Marie HACHE , adopted orphan, 18 years.<\/h5>\n<\/td>\n<td width=\"16%\">\n<h3>4<\/h3>\n<\/td>\n<\/tr>\n<tr>\n<td width=\"84%\">\n<h5>16 &#8211; Jean-Baptiste DUGAST, carpenter &#8211; 66 years. Anne BOURG , his wife &#8211; 64 years.<br \/>\nDaughter: Anne 21 years.<br \/>\nGrand-daughter: Marie BOUDROT 5 years.<\/h5>\n<\/td>\n<td width=\"16%\">\n<h3>4<\/h3>\n<\/td>\n<\/tr>\n<tr>\n<td width=\"84%\">\n<h5>17 &#8211; Joseph AUCOIN, sailor &#8211; 36 years. Elizabeth HENRY, his wife &#8211; 35 years.<br \/>\nChildren: Joseph Jean 8 years, Fran\u00e7ois Toussaint 6 years, Isabelle Jeanne 11years, Marie-Modeste 4 years, Victoire Claire 2 years.<\/h5>\n<\/td>\n<td width=\"16%\">\n<h3>7<\/h3>\n<\/td>\n<\/tr>\n<tr>\n<td width=\"84%\">\n<h5>18 &#8211; Eustache LEJEUNE, carpenter &#8211; 52 ans. Jeanne GICQUEL, his wife &#8211; 42 ans.<br \/>\nChild: Marie-Rose 2 years.<br \/>\nChildren with Marie Carret (First wife) &#8211; Servant 15 years , Fran\u00e7ois 13 years, Marie-Madeleine 23 years.<br \/>\nTheir niece: P\u00e9lagie GAUTROT 15 years.<\/h5>\n<\/td>\n<td width=\"16%\">\n<h3>7<\/h3>\n<\/td>\n<\/tr>\n<tr>\n<td width=\"84%\">\n<h5>19 &#8211; Jean Baptiste LEJEUNE, sailor &#8211; 25 years. Genevi\u00e8ve DOIRON , his wife- 19 years.<\/h5>\n<\/td>\n<td width=\"16%\">\n<h3>2<\/h3>\n<\/td>\n<\/tr>\n<tr>\n<td width=\"84%\">\n<h5>20 &#8211; Gr\u00e9goire LEJEUNE, sailor &#8211; 45 years. H\u00e9l\u00e8ne DUMONT, his wife- 36 years.<br \/>\nChildren: Gr\u00e9goire 4 years, Julien 2 years, Marie 14 years.<br \/>\nTheir niece: Marie Genevi\u00e8ve GAUTROT 19 years.<\/h5>\n<\/td>\n<td width=\"16%\">\n<h3>6<\/h3>\n<\/td>\n<\/tr>\n<tr>\n<td width=\"84%\">\n<h5>21 &#8211; Anselme LANDRY, sailor &#8211; 50 years. Agathe BARRILLOT, his wife 50 years.<\/h5>\n<\/td>\n<td width=\"16%\">\n<h3>2<\/h3>\n<\/td>\n<\/tr>\n<tr>\n<td width=\"84%\">\n<h5>22 &#8211; Jean Baptiste BOUDROT, sailor &#8211; 29 years. Marie Modeste TRAHAN, his wife &#8211; 36 ans.<br \/>\nChildren: Jean Constant 6 years, Marie F\u00e9licit\u00e9 8 years, Marguerite 2 years.<\/h5>\n<\/td>\n<td width=\"16%\">\n<h3>5<\/h3>\n<\/td>\n<\/tr>\n<tr>\n<td width=\"84%\">\n<h5>23 &#8211; Ang\u00e9lique PINET, widow of Michel LEGER &#8211; 44 years.<br \/>\nLEGER children: Louis 19 years, Jean 15 years, sailor.<\/h5>\n<\/td>\n<td width=\"16%\">\n<h3>3<\/h3>\n<\/td>\n<\/tr>\n<tr>\n<td width=\"84%\">\n<h5>24 &#8211; Charles BROUSSARD, carpenter &#8211; 42 years, Euphrosyne BARRILLOT, his wife 37 years.<br \/>\nChildren: Jean Charles 20 years, Fran\u00e7ois, sailor &#8211; 18 ans, Pierre 14 years, Dominique 12 years.<br \/>\nStep child: Paul BOUDROT, 13 years.<\/h5>\n<\/td>\n<td width=\"16%\">\n<h3>7<\/h3>\n<\/td>\n<\/tr>\n<tr>\n<td width=\"84%\">\n<h5>25 &#8211; Jean TRAHAN, sailor &#8211; 35 years.<\/h5>\n<\/td>\n<td width=\"16%\">\n<h3>1<\/h3>\n<\/td>\n<\/tr>\n<tr>\n<td width=\"84%\">\n<h5>26 &#8211; Daniel BENOIT, labourer &#8211; 36 years, Henriette LEGENDRE, his wife &#8211; 32 years.<br \/>\nChild: Henriette 7 years.<\/h5>\n<\/td>\n<td width=\"16%\">\n<h3>3<\/h3>\n<\/td>\n<\/tr>\n<tr>\n<td width=\"84%\">\n<h5>27 &#8211; Pierre LEBLANC, carpenter &#8211; 40 ans, Anne Jos\u00e8phe LEBERT, his wife &#8211; 38 years.<br \/>\nChildren: Joseph 17 years, Pierre 15 years, Jean 13 years, Victor 10 years.<\/h5>\n<\/td>\n<td width=\"16%\">\n<h3>6<\/h3>\n<\/td>\n<\/tr>\n<tr>\n<td width=\"84%\">\n<h5>28 &#8211; Jean Baptiste GUEDRY, carpenter &#8211; 36 years, Marguerite LEBERT, his wife 33 years.<br \/>\nChildren: Pierre 8 years, Fran\u00e7ois 4 years, Marguerite 14 years. Marguerite F\u00e9licit\u00e9 (breast feeding).<\/h5>\n<\/td>\n<td width=\"16%\">\n<h3>6<\/h3>\n<\/td>\n<\/tr>\n<tr>\n<td width=\"84%\">\n<h5>29 &#8211; Louis STIVRIN, sailor &#8211; 36 years. Marie BABIN, his wife &#8211; 18 years.<br \/>\nChildren of Louis and Marie Trahan: Louis 3 years and his non-baptized brother. Marie, 2 years.<br \/>\nMarie&#8217;s brother: Fran\u00e7ois BABIN, sailor &#8211; 16 years.<\/h5>\n<\/td>\n<td width=\"16%\">\n<h3>5<\/h3>\n<\/td>\n<\/tr>\n<tr>\n<td width=\"84%\">\n<h5>30 &#8211; H\u00e9l\u00e8ne HACHE 21 years, (daughter of Joseph &amp; Marie Dumont)<br \/>\nHer sisters: Marie-Jos\u00e8phe 16 years, Elisabeth 8 years.<\/h5>\n<\/td>\n<td width=\"16%\">\n<h3>3<\/h3>\n<\/td>\n<\/tr>\n<tr>\n<td width=\"84%\">\n<h5>31 &#8211; Charles DAIGRE, chicken grower &#8211; 54 years, Anne Marie VINCENT, his wife 55 years.<\/h5>\n<\/td>\n<td width=\"16%\">\n<h3>2<\/h3>\n<\/td>\n<\/tr>\n<tr>\n<td width=\"84%\" height=\"66\">\n<h5>32 &#8211; Fran\u00e7oise BOUDROT, Marin DUGAST&#8217;s widow, 45 years.<br \/>\nHer son: Pierre DUGAST 11 years.<\/h5>\n<\/td>\n<td width=\"16%\" height=\"66\">\n<h3>2<\/h3>\n<\/td>\n<\/tr>\n<tr>\n<td width=\"84%\">\n<h5>33 &#8211; Marguerite LABAUVE, Fran\u00e7ois LEGENDRE&#8217;s widow, 55 years.<br \/>\nHer children: Louis 22 years, Yves 17 years &#8211; both carpenters.<\/h5>\n<\/td>\n<td width=\"16%\">\n<h3>3<\/h3>\n<\/td>\n<\/tr>\n<tr>\n<td width=\"84%\">\n<h5>34 &#8211; Jean Baptiste LEGENDRE, carpenter &#8211; 25 years, Marie-Rose LETULLIER, his wife- 20 years<br \/>\nChild: Rose, (breast feeding).<\/h5>\n<\/td>\n<td width=\"16%\">\n<h3>3<\/h3>\n<\/td>\n<\/tr>\n<\/tbody>\n<\/table>","protected":false},"excerpt":{"rendered":"<p>&#8220;Le Bon Papa&#8221; Acadian Passenger List Passenger Names Total Number of persons 1 &#8211; Joseph LEBLANC, carpenter, 54 years- Anne HEBERT, his wife &#8211; 49 years Children: Joseph 15 years, Simon 13 years, Blanche 19 years, Marie 17 years. 6 2 &#8211; Andr\u00e9 TEMPLE , sailor &#8211; 59 years, Marguerite LEBLANC, his wife &#8211; 48 [&hellip;]<\/p>","protected":false},"author":2,"featured_media":0,"parent":1590,"menu_order":0,"comment_status":"closed","ping_status":"closed","template":"","meta":{"_crdt_document":"","_themeisle_gutenberg_block_has_review":false,"iawp_total_views":0,"footnotes":""},"class_list":["post-1595","page","type-page","status-publish","hentry"],"yoast_head":"<!-- This site is optimized with the Yoast SEO plugin v26.6 - https:\/\/yoast.com\/wordpress\/plugins\/seo\/ -->\n<title>&quot;Le Bon Papa&quot; Acadian Passenger List - Acadian Genealogy - Historical Acadian-Cajun Resources<\/title>\n<meta name=\"robots\" content=\"noindex, follow, max-snippet:-1, max-image-preview:large, max-video-preview:-1\" \/>\n<meta property=\"og:locale\" content=\"fr_CA\" \/>\n<meta property=\"og:type\" content=\"article\" \/>\n<meta property=\"og:title\" content=\"&quot;Le Bon Papa&quot; Acadian Passenger List - Acadian Genealogy - Historical Acadian-Cajun Resources\" \/>\n<meta property=\"og:description\" content=\"&#8220;Le Bon Papa&#8221; Acadian Passenger List Passenger Names Total Number of persons 1 &#8211; Joseph LEBLANC, carpenter, 54 years- Anne HEBERT, his wife &#8211; 49 years Children: Joseph 15 years, Simon 13 years, Blanche 19 years, Marie 17 years. 6 2 &#8211; Andr\u00e9 TEMPLE , sailor &#8211; 59 years, Marguerite LEBLANC, his wife &#8211; 48 [&hellip;]\" \/>\n<meta property=\"og:url\" content=\"https:\/\/acadiantest.cocompass.com\/fr\/culture\/louisiana\/ships-transportation-acadians-louisiana\/le-bon-papa-acadian-passenger-list\/\" \/>\n<meta property=\"og:site_name\" content=\"Acadian Genealogy - Historical Acadian-Cajun Resources\" \/>\n<meta property=\"article:modified_time\" content=\"2018-12-01T22:23:47+00:00\" \/>\n<meta name=\"twitter:card\" content=\"summary_large_image\" \/>\n<meta name=\"twitter:label1\" content=\"Estimation du temps de lecture\" \/>\n\t<meta name=\"twitter:data1\" content=\"4 minutes\" \/>\n<script type=\"application\/ld+json\" class=\"yoast-schema-graph\">{\"@context\":\"https:\/\/schema.org\",\"@graph\":[{\"@type\":\"WebPage\",\"@id\":\"https:\/\/acadiantest.cocompass.com\/culture\/louisiana\/ships-transportation-acadians-louisiana\/le-bon-papa-acadian-passenger-list\/\",\"url\":\"https:\/\/acadiantest.cocompass.com\/culture\/louisiana\/ships-transportation-acadians-louisiana\/le-bon-papa-acadian-passenger-list\/\",\"name\":\"\\\"Le Bon Papa\\\" Acadian Passenger List - Acadian Genealogy - Historical Acadian-Cajun Resources\",\"isPartOf\":{\"@id\":\"https:\/\/acadiantest.cocompass.com\/#website\"},\"datePublished\":\"2016-09-04T17:50:55+00:00\",\"dateModified\":\"2018-12-01T22:23:47+00:00\",\"breadcrumb\":{\"@id\":\"https:\/\/acadiantest.cocompass.com\/culture\/louisiana\/ships-transportation-acadians-louisiana\/le-bon-papa-acadian-passenger-list\/#breadcrumb\"},\"inLanguage\":\"fr-CA\",\"potentialAction\":[{\"@type\":\"ReadAction\",\"target\":[\"https:\/\/acadiantest.cocompass.com\/culture\/louisiana\/ships-transportation-acadians-louisiana\/le-bon-papa-acadian-passenger-list\/\"]}]},{\"@type\":\"BreadcrumbList\",\"@id\":\"https:\/\/acadiantest.cocompass.com\/culture\/louisiana\/ships-transportation-acadians-louisiana\/le-bon-papa-acadian-passenger-list\/#breadcrumb\",\"itemListElement\":[{\"@type\":\"ListItem\",\"position\":1,\"name\":\"Accueil\",\"item\":\"https:\/\/acadiantest.cocompass.com\/\"},{\"@type\":\"ListItem\",\"position\":2,\"name\":\"Culture\",\"item\":\"https:\/\/acadiantest.cocompass.com\/culture\/\"},{\"@type\":\"ListItem\",\"position\":3,\"name\":\"Louisiana\",\"item\":\"https:\/\/acadiantest.cocompass.com\/culture\/louisiana\/\"},{\"@type\":\"ListItem\",\"position\":4,\"name\":\"Ships Transporting Acadians to Louisiana\",\"item\":\"https:\/\/acadiantest.cocompass.com\/culture\/louisiana\/ships-transportation-acadians-louisiana\/\"},{\"@type\":\"ListItem\",\"position\":5,\"name\":\"&#8220;Le Bon Papa&#8221; Acadian Passenger List\"}]},{\"@type\":\"WebSite\",\"@id\":\"https:\/\/acadiantest.cocompass.com\/#website\",\"url\":\"https:\/\/acadiantest.cocompass.com\/\",\"name\":\"Acadian Genealogy - Historical Acadian-Cajun Resources\",\"description\":\"Learn About Acadians and Cajuns\",\"publisher\":{\"@id\":\"https:\/\/acadiantest.cocompass.com\/#organization\"},\"potentialAction\":[{\"@type\":\"SearchAction\",\"target\":{\"@type\":\"EntryPoint\",\"urlTemplate\":\"https:\/\/acadiantest.cocompass.com\/?s={search_term_string}\"},\"query-input\":{\"@type\":\"PropertyValueSpecification\",\"valueRequired\":true,\"valueName\":\"search_term_string\"}}],\"inLanguage\":\"fr-CA\"},{\"@type\":\"Organization\",\"@id\":\"https:\/\/acadiantest.cocompass.com\/#organization\",\"name\":\"Acadian Genealogy - Historical Acadian-Cajun Resources\",\"url\":\"https:\/\/acadiantest.cocompass.com\/\",\"logo\":{\"@type\":\"ImageObject\",\"inLanguage\":\"fr-CA\",\"@id\":\"https:\/\/acadiantest.cocompass.com\/#\/schema\/logo\/image\/\",\"url\":\"https:\/\/acadiantest.cocompass.com\/wp-content\/uploads\/logo.png\",\"contentUrl\":\"https:\/\/acadiantest.cocompass.com\/wp-content\/uploads\/logo.png\",\"width\":303,\"height\":125,\"caption\":\"Acadian Genealogy - Historical Acadian-Cajun Resources\"},\"image\":{\"@id\":\"https:\/\/acadiantest.cocompass.com\/#\/schema\/logo\/image\/\"}}]}<\/script>\n<!-- \/ Yoast SEO plugin. -->","yoast_head_json":{"title":"\"Le Bon Papa\" Acadian Passenger List - Acadian Genealogy - Historical Acadian-Cajun Resources","robots":{"index":"noindex","follow":"follow","max-snippet":"max-snippet:-1","max-image-preview":"max-image-preview:large","max-video-preview":"max-video-preview:-1"},"og_locale":"fr_CA","og_type":"article","og_title":"\"Le Bon Papa\" Acadian Passenger List - Acadian Genealogy - Historical Acadian-Cajun Resources","og_description":"&#8220;Le Bon Papa&#8221; Acadian Passenger List Passenger Names Total Number of persons 1 &#8211; Joseph LEBLANC, carpenter, 54 years- Anne HEBERT, his wife &#8211; 49 years Children: Joseph 15 years, Simon 13 years, Blanche 19 years, Marie 17 years. 6 2 &#8211; Andr\u00e9 TEMPLE , sailor &#8211; 59 years, Marguerite LEBLANC, his wife &#8211; 48 [&hellip;]","og_url":"https:\/\/acadiantest.cocompass.com\/fr\/culture\/louisiana\/ships-transportation-acadians-louisiana\/le-bon-papa-acadian-passenger-list\/","og_site_name":"Acadian Genealogy - Historical Acadian-Cajun Resources","article_modified_time":"2018-12-01T22:23:47+00:00","twitter_card":"summary_large_image","twitter_misc":{"Estimation du temps de lecture":"4 minutes"},"schema":{"@context":"https:\/\/schema.org","@graph":[{"@type":"WebPage","@id":"https:\/\/acadiantest.cocompass.com\/culture\/louisiana\/ships-transportation-acadians-louisiana\/le-bon-papa-acadian-passenger-list\/","url":"https:\/\/acadiantest.cocompass.com\/culture\/louisiana\/ships-transportation-acadians-louisiana\/le-bon-papa-acadian-passenger-list\/","name":"\"Le Bon Papa\" Acadian Passenger List - Acadian Genealogy - Historical Acadian-Cajun Resources","isPartOf":{"@id":"https:\/\/acadiantest.cocompass.com\/#website"},"datePublished":"2016-09-04T17:50:55+00:00","dateModified":"2018-12-01T22:23:47+00:00","breadcrumb":{"@id":"https:\/\/acadiantest.cocompass.com\/culture\/louisiana\/ships-transportation-acadians-louisiana\/le-bon-papa-acadian-passenger-list\/#breadcrumb"},"inLanguage":"fr-CA","potentialAction":[{"@type":"ReadAction","target":["https:\/\/acadiantest.cocompass.com\/culture\/louisiana\/ships-transportation-acadians-louisiana\/le-bon-papa-acadian-passenger-list\/"]}]},{"@type":"BreadcrumbList","@id":"https:\/\/acadiantest.cocompass.com\/culture\/louisiana\/ships-transportation-acadians-louisiana\/le-bon-papa-acadian-passenger-list\/#breadcrumb","itemListElement":[{"@type":"ListItem","position":1,"name":"Accueil","item":"https:\/\/acadiantest.cocompass.com\/"},{"@type":"ListItem","position":2,"name":"Culture","item":"https:\/\/acadiantest.cocompass.com\/culture\/"},{"@type":"ListItem","position":3,"name":"Louisiana","item":"https:\/\/acadiantest.cocompass.com\/culture\/louisiana\/"},{"@type":"ListItem","position":4,"name":"Ships Transporting Acadians to Louisiana","item":"https:\/\/acadiantest.cocompass.com\/culture\/louisiana\/ships-transportation-acadians-louisiana\/"},{"@type":"ListItem","position":5,"name":"&#8220;Le Bon Papa&#8221; Acadian Passenger List"}]},{"@type":"WebSite","@id":"https:\/\/acadiantest.cocompass.com\/#website","url":"https:\/\/acadiantest.cocompass.com\/","name":"Acadian Genealogy - Historical Acadian-Cajun Resources","description":"Learn About Acadians and Cajuns","publisher":{"@id":"https:\/\/acadiantest.cocompass.com\/#organization"},"potentialAction":[{"@type":"SearchAction","target":{"@type":"EntryPoint","urlTemplate":"https:\/\/acadiantest.cocompass.com\/?s={search_term_string}"},"query-input":{"@type":"PropertyValueSpecification","valueRequired":true,"valueName":"search_term_string"}}],"inLanguage":"fr-CA"},{"@type":"Organization","@id":"https:\/\/acadiantest.cocompass.com\/#organization","name":"Acadian Genealogy - Historical Acadian-Cajun Resources","url":"https:\/\/acadiantest.cocompass.com\/","logo":{"@type":"ImageObject","inLanguage":"fr-CA","@id":"https:\/\/acadiantest.cocompass.com\/#\/schema\/logo\/image\/","url":"https:\/\/acadiantest.cocompass.com\/wp-content\/uploads\/logo.png","contentUrl":"https:\/\/acadiantest.cocompass.com\/wp-content\/uploads\/logo.png","width":303,"height":125,"caption":"Acadian Genealogy - Historical Acadian-Cajun Resources"},"image":{"@id":"https:\/\/acadiantest.cocompass.com\/#\/schema\/logo\/image\/"}}]}},"_links":{"self":[{"href":"https:\/\/acadiantest.cocompass.com\/fr\/wp-json\/wp\/v2\/pages\/1595","targetHints":{"allow":["GET"]}}],"collection":[{"href":"https:\/\/acadiantest.cocompass.com\/fr\/wp-json\/wp\/v2\/pages"}],"about":[{"href":"https:\/\/acadiantest.cocompass.com\/fr\/wp-json\/wp\/v2\/types\/page"}],"author":[{"embeddable":true,"href":"https:\/\/acadiantest.cocompass.com\/fr\/wp-json\/wp\/v2\/users\/2"}],"replies":[{"embeddable":true,"href":"https:\/\/acadiantest.cocompass.com\/fr\/wp-json\/wp\/v2\/comments?post=1595"}],"version-history":[{"count":0,"href":"https:\/\/acadiantest.cocompass.com\/fr\/wp-json\/wp\/v2\/pages\/1595\/revisions"}],"up":[{"embeddable":true,"href":"https:\/\/acadiantest.cocompass.com\/fr\/wp-json\/wp\/v2\/pages\/1590"}],"wp:attachment":[{"href":"https:\/\/acadiantest.cocompass.com\/fr\/wp-json\/wp\/v2\/media?parent=1595"}],"curies":[{"name":"wp","href":"https:\/\/api.w.org\/{rel}","templated":true}]}}