{"id":1658,"date":"2016-09-05T13:14:29","date_gmt":"2016-09-05T17:14:29","guid":{"rendered":"https:\/\/acadiantest.cocompass.com\/?page_id=1658"},"modified":"2018-12-01T17:30:14","modified_gmt":"2018-12-01T22:30:14","slug":"le-beaumont-acadian-passenger-list","status":"publish","type":"page","link":"https:\/\/acadiantest.cocompass.com\/fr\/culture\/louisiana\/ships-transportation-acadians-louisiana\/le-beaumont-acadian-passenger-list\/","title":{"rendered":"&#8220;Le Beaumont&#8221; Acadian Passenger List"},"content":{"rendered":"<table border=\"2\" width=\"90%\" align=\"center\">\n<tbody>\n<tr>\n<td width=\"84%\">\n<h4>Passenger Names<\/h4>\n<\/td>\n<td width=\"16%\">\n<h4>Total Number of persons<\/h4>\n<\/td>\n<\/tr>\n<tr>\n<td width=\"84%\">1 &#8211; Simon DAIGLE, Anne MICHEL, his wife.<br \/>\nChildren: Edouard, Simon, Joseph, Marie-Marguerite, Anne Genevi\u00e8ve, Elizabeth, Marie.<\/td>\n<td width=\"16%\">\n<h3>9<\/h3>\n<\/td>\n<\/tr>\n<tr>\n<td width=\"84%\">2 &#8211; Olivier DAIGLE.<br \/>\nChildren: Victor, Fran\u00e7ois, Simon, Jean-Baptiste, Honor\u00e9, Marie, P\u00e9lagie, Eulalie.<\/td>\n<td width=\"16%\">\n<h3>9<\/h3>\n<\/td>\n<\/tr>\n<tr>\n<td width=\"84%\">3 &#8211; Charles HENRY, Marie LEBLANC, his wife.<br \/>\nChildren: Marie-Magdeleine, Rose Anastasie, Ursule.<br \/>\nSon from first wife: Charles ROBICHAUX.<\/td>\n<td width=\"16%\">\n<h3>6<\/h3>\n<\/td>\n<\/tr>\n<tr>\n<td width=\"84%\">4 &#8211; Pierre RICHARD, Fran\u00e7oise DAIGLE, his wifr.<br \/>\nChildren: Anselme, Joseph, Auguste, Marie.<\/td>\n<td width=\"16%\">\n<h3>6<\/h3>\n<\/td>\n<\/tr>\n<tr>\n<td width=\"84%\">5 &#8211; Pierre LAVERGNE.<br \/>\nChildren: Pierre, Marie-Magdeleine.<\/td>\n<td width=\"16%\">\n<h3>3<\/h3>\n<\/td>\n<\/tr>\n<tr>\n<td width=\"84%\">6 &#8211; Marie-Jos\u00e8phe GRANGER&#8217;s children (from previous marriage).<br \/>\nTRAHAN: Jean-Baptiste, Paul Raymond, Marie-Ren\u00e9e, Marie-Marguerite.<\/td>\n<td width=\"16%\">\n<h3>4<\/h3>\n<\/td>\n<\/tr>\n<tr>\n<td width=\"84%\">7 &#8211; Anne GRANGER&#8217;s children (from previous marriage).<br \/>\nTRAHAN: Joseph, Fran\u00e7ois, Marie Anne, Julie.<\/td>\n<td width=\"16%\">\n<h3>4<\/h3>\n<\/td>\n<\/tr>\n<tr>\n<td width=\"84%\">8 &#8211; Joseph GUEDRY, Magdeleine GAUMMEAU, his wife.<br \/>\nChildren: Joseph, Marie, Reine-Elizabeth.<\/td>\n<td width=\"16%\">\n<h3>5<\/h3>\n<\/td>\n<\/tr>\n<tr>\n<td width=\"84%\">9 &#8211; Charles COMMEAU, Marguerite Joseph, his wife.<\/td>\n<td width=\"16%\">\n<h3>2<\/h3>\n<\/td>\n<\/tr>\n<tr>\n<td width=\"84%\">10 &#8211; Jean Baptiste HEBERT, Anne Doroth\u00e9e DOIRON, his wife.<br \/>\nChild: Anne Marguerite (breast feeding).<\/td>\n<td width=\"16%\">\n<h3>3<\/h3>\n<\/td>\n<\/tr>\n<tr>\n<td width=\"84%\">11 &#8211; Jean DOIRON.<br \/>\nChild: Marguerite Jos\u00e8phe<\/td>\n<td width=\"16%\">\n<h3>2<\/h3>\n<\/td>\n<\/tr>\n<tr>\n<td width=\"84%\">12 &#8211; Pierre POTIEU, Agn\u00e8s BROUZARD, his wife.<br \/>\nChildren: Charles, Pierre Laurent, Fran\u00e7ois, Constance, Anne.<\/td>\n<td width=\"16%\">\n<h3>7<\/h3>\n<\/td>\n<\/tr>\n<tr>\n<td width=\"84%\">13 &#8211; Anne VENOI &#8211; (HEBERT&#8217;s widow).<\/p>\n<p>Shild: Jean Charles.<\/td>\n<td width=\"16%\">\n<h3>2<\/h3>\n<\/td>\n<\/tr>\n<tr>\n<td width=\"84%\">14 &#8211; Jean Baptiste DOUARON, Marie Blanche RAINARD, his wife.<br \/>\nChildren: Louis Toussaint, Jean Charles, Marie, Rose, Ursule.<\/td>\n<td width=\"16%\">\n<h3>7<\/h3>\n<\/td>\n<\/tr>\n<tr>\n<td width=\"84%\">15 &#8211; Fran\u00e7ois DAIGLE, Jeanne AULAI, his wife.<br \/>\nChildren: Louis, Jeanne, Ad\u00e9la\u00efde, Louise.<\/td>\n<td width=\"16%\">\n<h3>6<\/h3>\n<\/td>\n<\/tr>\n<tr>\n<td width=\"84%\">16 &#8211; Fran\u00e7ois ARBOURG, Marie HENRY, his wife.<br \/>\nChildren: Fran\u00e7ois, Jean, Fr\u00e9d\u00e9ric.<\/td>\n<td width=\"16%\">\n<h3>5<\/h3>\n<\/td>\n<\/tr>\n<tr>\n<td width=\"84%\">17 &#8211; Joseph TRAHAN, Marguerite LAVERGNE, his wife.<br \/>\nChildren: Joseph Remi, Antoinette.<\/td>\n<td width=\"16%\">\n<h3>4<\/h3>\n<\/td>\n<\/tr>\n<tr>\n<td width=\"84%\">18 &#8211; P\u00e9lagie DOIRON, &#8211; LA SENDE&#8217;s widow).<br \/>\nLA SENDE children: Jean Edouard , Emilie.<\/td>\n<td width=\"16%\">\n<h3>3<\/h3>\n<\/td>\n<\/tr>\n<tr>\n<td width=\"84%\">19 &#8211; Jean-Baptiste LAGARINE, Anne DOUARON, his wife.<\/td>\n<td width=\"16%\">\n<h3>2<\/h3>\n<\/td>\n<\/tr>\n<tr>\n<td width=\"84%\">20 &#8211; Marguerite DOUARON, (DUGATS&#8217; widow).<\/td>\n<td width=\"16%\">\n<h3>1<\/h3>\n<\/td>\n<\/tr>\n<tr>\n<td width=\"84%\">21 &#8211; Pierre HEBERT, Charlotte POITIEU, his wife.<br \/>\nChild: Pierre Joseph HEBERT, &#8211; (breast feeding).<br \/>\nCharloette&#8217;s daughter: Anne.<\/td>\n<td width=\"16%\">\n<h3>4<\/h3>\n<\/td>\n<\/tr>\n<tr>\n<td width=\"84%\">22 &#8211; Jean- Baptiste HEBERT<\/td>\n<td width=\"16%\">\n<h3>1<\/h3>\n<\/td>\n<\/tr>\n<tr>\n<td width=\"84%\">23 &#8211; Fran\u00e7ois Alexandre DAIGLE, Rose Ad\u00e9la\u00efde BOURG, his wife.<br \/>\nChildren: Emilie Ad\u00e9la\u00efde, Fran\u00e7ois Joseph 9breast feeding).<\/td>\n<td width=\"16%\">\n<h3>4<\/h3>\n<\/td>\n<\/tr>\n<tr>\n<td width=\"84%\">24 &#8211; Rose DOUARON (husband absent).<\/td>\n<td width=\"16%\">\n<h3>1<\/h3>\n<\/td>\n<\/tr>\n<tr>\n<td width=\"84%\">25 &#8211; Jean GUEDRY, Marie LEBLANC, his wife.,<br \/>\nChildren: Jean , Jacques.<br \/>\nCousin: Marie-Jos\u00e8phe BELLEME.<\/td>\n<td width=\"16%\">\n<h3>5<\/h3>\n<\/td>\n<\/tr>\n<tr>\n<td width=\"84%\">26 &#8211; Joseph LEBLANC,<br \/>\nHis brothers: Jacques, Fran\u00e7ois.<br \/>\nHis sister: Magdeleine.<\/td>\n<td width=\"16%\">\n<h3>4<\/h3>\n<\/td>\n<\/tr>\n<tr>\n<td width=\"84%\">27 &#8211; Charles GUEDRY,<br \/>\nChildren: Joseph, Jean, Anne-Laurence<\/td>\n<td width=\"16%\">\n<h3>4<\/h3>\n<\/td>\n<\/tr>\n<tr>\n<td width=\"84%\">28 &#8211; Pierre GUEDRY, Louise BLANDIN, his wife.<\/td>\n<td width=\"16%\">\n<h3>2<\/h3>\n<\/td>\n<\/tr>\n<tr>\n<td width=\"84%\">29 &#8211; Joseph BREAUD, Marie TRAHAM, his wife.<\/td>\n<td width=\"16%\">\n<h3>2<\/h3>\n<\/td>\n<\/tr>\n<tr>\n<td width=\"84%\">30 &#8211; Fran\u00e7ois-Xavier BOUDREAUD, Marguerite DUGAST, his wife.<\/td>\n<td width=\"16%\">\n<h3>2<\/h3>\n<\/td>\n<\/tr>\n<tr>\n<td width=\"84%\">31 &#8211; Jacques MOULAISON, Marie DOUAIRON, his wife.<br \/>\nChildren: Jacques, Rose , Sophie.<\/td>\n<td width=\"16%\">\n<h3>5<\/h3>\n<\/td>\n<\/tr>\n<tr>\n<td width=\"84%\">32 &#8211; Pierre GUEDRY, Marie Jos\u00e8phe HEBERT, his wife.<br \/>\nChildren: Pierre Joseph, Jean Pierre, Joseph Firmin (breast feeding), Marie-Rose.<br \/>\nNephew: Pierre HEBERT.<\/td>\n<td width=\"16%\">\n<h3>7<\/h3>\n<\/td>\n<\/tr>\n<tr>\n<td width=\"84%\">33 &#8211; Paul LEBLANC, Anne BAUDREAUD, his wife.<br \/>\nChildren: Ad\u00e9la\u00efde, Rosalie (beast feeding).<br \/>\nNiece: Rose TRAHAM.<\/td>\n<td width=\"16%\">\n<h3>5<\/h3>\n<\/td>\n<\/tr>\n<tr>\n<td width=\"84%\">34 &#8211; Marguerite Ange DUBOIS, Jean DAIGLE&#8217;s widow (Jean absent: hospitalized).<br \/>\nChild: Jean-Louis DAIGLE.<\/td>\n<td width=\"16%\">\n<h3>2<\/h3>\n<\/td>\n<\/tr>\n<tr>\n<td width=\"84%\">35 &#8211; Charles GRANGER.<br \/>\nNephew: Joseph DAIGRE.<\/td>\n<td width=\"16%\">\n<h3>2<\/h3>\n<\/td>\n<\/tr>\n<tr>\n<td width=\"84%\">36 &#8211; Jean Baptiste DAIGLE, Marie Claudine VALET, his wife &#8211; 31 years.<\/td>\n<td width=\"16%\">\n<h3>2<\/h3>\n<\/td>\n<\/tr>\n<tr>\n<td width=\"84%\">37 &#8211; Alain BOURG, Marie COMMEAU, his wife.<br \/>\nChildren: Fran\u00e7ois, Genevi\u00e8ve.<\/td>\n<td width=\"16%\">\n<h3>4<\/h3>\n<\/td>\n<\/tr>\n<tr>\n<td width=\"84%\">38 &#8211; Joseph CAILLOUET, Elizabeth LEBLANC, his wife.<br \/>\nChild: Jacques (breast feeding).<\/td>\n<td width=\"16%\">\n<h3>3<\/h3>\n<\/td>\n<\/tr>\n<tr>\n<td width=\"84%\">39 &#8211; Jean Pierre DUGATS, Juana CABOU, his wife.<\/td>\n<td width=\"16%\">\n<h3>2<\/h3>\n<\/td>\n<\/tr>\n<tr>\n<td width=\"84%\">40 &#8211; Pierre VINCENT.<\/td>\n<td width=\"16%\">\n<h3>1<\/h3>\n<\/td>\n<\/tr>\n<tr>\n<td width=\"84%\">41 &#8211; Jean Baptiste DOUHONE.<\/td>\n<td width=\"16%\">\n<h3>1<\/h3>\n<\/td>\n<\/tr>\n<tr>\n<td width=\"84%\">42 &#8211; Jean Charles RICHARD.<\/td>\n<td width=\"16%\">\n<h3>1<\/h3>\n<\/td>\n<\/tr>\n<tr>\n<td width=\"84%\">43 &#8211; Jean Marie GRANGER.<\/td>\n<td width=\"16%\">\n<h3>1<\/h3>\n<\/td>\n<\/tr>\n<tr>\n<td width=\"84%\">44 &#8211; Pierre HENRY, Marguerite TRAHAM, his wife.<br \/>\nLeur fils : Cyrille Fran\u00e7ois,<\/td>\n<td width=\"16%\">\n<h3>3<\/h3>\n<\/td>\n<\/tr>\n<tr>\n<td width=\"84%\">45 &#8211; Marie MARTINA, COURTIN&#8217;s widow.<br \/>\nChildren: Jacques, Jeanne Louise.<\/td>\n<td width=\"16%\">\n<h3>3<\/h3>\n<\/td>\n<\/tr>\n<tr>\n<td width=\"84%\">46 &#8211; Jean GARCIA, Fran\u00e7oise COURTIN his wife.<\/td>\n<td width=\"16%\">\n<h3>2<\/h3>\n<\/td>\n<\/tr>\n<tr>\n<td width=\"84%\">47 &#8211; Magdeleine LEBLANC, TRAHAN&#8217;s widow.<br \/>\nTRAHAN children: Pablo, Simon, Alexis, Marie, Rosalie.<\/td>\n<td width=\"16%\">\n<h3>6<\/h3>\n<\/td>\n<\/tr>\n<tr>\n<td width=\"84%\">48 &#8211; Joseph COSTA, Marguerite TRAHAM his wife.<\/td>\n<td width=\"16%\">\n<h3>2<\/h3>\n<\/td>\n<\/tr>\n<tr>\n<td width=\"84%\">49 &#8211; Fran\u00e7ois Michel BETANCOURT, Victoire LAVERGNE, his wife.<\/td>\n<td width=\"16%\">\n<h3>2<\/h3>\n<\/td>\n<\/tr>\n<tr>\n<td width=\"84%\">50 &#8211; Jean-Baptiste GUEDRY &#8211; (transferred from &#8220;Bon Papa&#8221;.<br \/>\nChildren: Pierre, Fran\u00e7ois, Marguerite F\u00e9licit\u00e9 (breast feeding), Marguerite (orphan) 8 years.<\/td>\n<td width=\"16%\">\n<h3>5<\/h3>\n<\/td>\n<\/tr>\n<\/tbody>\n<\/table>\n<p align=\"center\">","protected":false},"excerpt":{"rendered":"<p>Passenger Names Total Number of persons 1 &#8211; Simon DAIGLE, Anne MICHEL, his wife. Children: Edouard, Simon, Joseph, Marie-Marguerite, Anne Genevi\u00e8ve, Elizabeth, Marie. 9 2 &#8211; Olivier DAIGLE. Children: Victor, Fran\u00e7ois, Simon, Jean-Baptiste, Honor\u00e9, Marie, P\u00e9lagie, Eulalie. 9 3 &#8211; Charles HENRY, Marie LEBLANC, his wife. Children: Marie-Magdeleine, Rose Anastasie, Ursule. Son from first wife: [&hellip;]<\/p>","protected":false},"author":2,"featured_media":0,"parent":1590,"menu_order":0,"comment_status":"closed","ping_status":"closed","template":"","meta":{"_crdt_document":"","_themeisle_gutenberg_block_has_review":false,"iawp_total_views":0,"footnotes":""},"class_list":["post-1658","page","type-page","status-publish","hentry"],"yoast_head":"<!-- This site is optimized with the Yoast SEO plugin v26.6 - https:\/\/yoast.com\/wordpress\/plugins\/seo\/ -->\n<title>&quot;Le Beaumont&quot; Acadian Passenger List - Acadian Genealogy - Historical Acadian-Cajun Resources<\/title>\n<meta name=\"robots\" content=\"noindex, follow, max-snippet:-1, max-image-preview:large, max-video-preview:-1\" \/>\n<meta property=\"og:locale\" content=\"fr_CA\" \/>\n<meta property=\"og:type\" content=\"article\" \/>\n<meta property=\"og:title\" content=\"&quot;Le Beaumont&quot; Acadian Passenger List - Acadian Genealogy - Historical Acadian-Cajun Resources\" \/>\n<meta property=\"og:description\" content=\"Passenger Names Total Number of persons 1 &#8211; Simon DAIGLE, Anne MICHEL, his wife. Children: Edouard, Simon, Joseph, Marie-Marguerite, Anne Genevi\u00e8ve, Elizabeth, Marie. 9 2 &#8211; Olivier DAIGLE. Children: Victor, Fran\u00e7ois, Simon, Jean-Baptiste, Honor\u00e9, Marie, P\u00e9lagie, Eulalie. 9 3 &#8211; Charles HENRY, Marie LEBLANC, his wife. Children: Marie-Magdeleine, Rose Anastasie, Ursule. Son from first wife: [&hellip;]\" \/>\n<meta property=\"og:url\" content=\"https:\/\/acadiantest.cocompass.com\/fr\/culture\/louisiana\/ships-transportation-acadians-louisiana\/le-beaumont-acadian-passenger-list\/\" \/>\n<meta property=\"og:site_name\" content=\"Acadian Genealogy - Historical Acadian-Cajun Resources\" \/>\n<meta property=\"article:modified_time\" content=\"2018-12-01T22:30:14+00:00\" \/>\n<meta name=\"twitter:card\" content=\"summary_large_image\" \/>\n<meta name=\"twitter:label1\" content=\"Estimation du temps de lecture\" \/>\n\t<meta name=\"twitter:data1\" content=\"3 minutes\" \/>\n<script type=\"application\/ld+json\" class=\"yoast-schema-graph\">{\"@context\":\"https:\/\/schema.org\",\"@graph\":[{\"@type\":\"WebPage\",\"@id\":\"https:\/\/acadiantest.cocompass.com\/culture\/louisiana\/ships-transportation-acadians-louisiana\/le-beaumont-acadian-passenger-list\/\",\"url\":\"https:\/\/acadiantest.cocompass.com\/culture\/louisiana\/ships-transportation-acadians-louisiana\/le-beaumont-acadian-passenger-list\/\",\"name\":\"\\\"Le Beaumont\\\" Acadian Passenger List - Acadian Genealogy - Historical Acadian-Cajun Resources\",\"isPartOf\":{\"@id\":\"https:\/\/acadiantest.cocompass.com\/#website\"},\"datePublished\":\"2016-09-05T17:14:29+00:00\",\"dateModified\":\"2018-12-01T22:30:14+00:00\",\"breadcrumb\":{\"@id\":\"https:\/\/acadiantest.cocompass.com\/culture\/louisiana\/ships-transportation-acadians-louisiana\/le-beaumont-acadian-passenger-list\/#breadcrumb\"},\"inLanguage\":\"fr-CA\",\"potentialAction\":[{\"@type\":\"ReadAction\",\"target\":[\"https:\/\/acadiantest.cocompass.com\/culture\/louisiana\/ships-transportation-acadians-louisiana\/le-beaumont-acadian-passenger-list\/\"]}]},{\"@type\":\"BreadcrumbList\",\"@id\":\"https:\/\/acadiantest.cocompass.com\/culture\/louisiana\/ships-transportation-acadians-louisiana\/le-beaumont-acadian-passenger-list\/#breadcrumb\",\"itemListElement\":[{\"@type\":\"ListItem\",\"position\":1,\"name\":\"Accueil\",\"item\":\"https:\/\/acadiantest.cocompass.com\/\"},{\"@type\":\"ListItem\",\"position\":2,\"name\":\"Culture\",\"item\":\"https:\/\/acadiantest.cocompass.com\/culture\/\"},{\"@type\":\"ListItem\",\"position\":3,\"name\":\"Louisiana\",\"item\":\"https:\/\/acadiantest.cocompass.com\/culture\/louisiana\/\"},{\"@type\":\"ListItem\",\"position\":4,\"name\":\"Ships Transporting Acadians to Louisiana\",\"item\":\"https:\/\/acadiantest.cocompass.com\/culture\/louisiana\/ships-transportation-acadians-louisiana\/\"},{\"@type\":\"ListItem\",\"position\":5,\"name\":\"&#8220;Le Beaumont&#8221; Acadian Passenger List\"}]},{\"@type\":\"WebSite\",\"@id\":\"https:\/\/acadiantest.cocompass.com\/#website\",\"url\":\"https:\/\/acadiantest.cocompass.com\/\",\"name\":\"Acadian Genealogy - Historical Acadian-Cajun Resources\",\"description\":\"Learn About Acadians and Cajuns\",\"publisher\":{\"@id\":\"https:\/\/acadiantest.cocompass.com\/#organization\"},\"potentialAction\":[{\"@type\":\"SearchAction\",\"target\":{\"@type\":\"EntryPoint\",\"urlTemplate\":\"https:\/\/acadiantest.cocompass.com\/?s={search_term_string}\"},\"query-input\":{\"@type\":\"PropertyValueSpecification\",\"valueRequired\":true,\"valueName\":\"search_term_string\"}}],\"inLanguage\":\"fr-CA\"},{\"@type\":\"Organization\",\"@id\":\"https:\/\/acadiantest.cocompass.com\/#organization\",\"name\":\"Acadian Genealogy - Historical Acadian-Cajun Resources\",\"url\":\"https:\/\/acadiantest.cocompass.com\/\",\"logo\":{\"@type\":\"ImageObject\",\"inLanguage\":\"fr-CA\",\"@id\":\"https:\/\/acadiantest.cocompass.com\/#\/schema\/logo\/image\/\",\"url\":\"https:\/\/acadiantest.cocompass.com\/wp-content\/uploads\/logo.png\",\"contentUrl\":\"https:\/\/acadiantest.cocompass.com\/wp-content\/uploads\/logo.png\",\"width\":303,\"height\":125,\"caption\":\"Acadian Genealogy - Historical Acadian-Cajun Resources\"},\"image\":{\"@id\":\"https:\/\/acadiantest.cocompass.com\/#\/schema\/logo\/image\/\"}}]}<\/script>\n<!-- \/ Yoast SEO plugin. -->","yoast_head_json":{"title":"\"Le Beaumont\" Acadian Passenger List - Acadian Genealogy - Historical Acadian-Cajun Resources","robots":{"index":"noindex","follow":"follow","max-snippet":"max-snippet:-1","max-image-preview":"max-image-preview:large","max-video-preview":"max-video-preview:-1"},"og_locale":"fr_CA","og_type":"article","og_title":"\"Le Beaumont\" Acadian Passenger List - Acadian Genealogy - Historical Acadian-Cajun Resources","og_description":"Passenger Names Total Number of persons 1 &#8211; Simon DAIGLE, Anne MICHEL, his wife. Children: Edouard, Simon, Joseph, Marie-Marguerite, Anne Genevi\u00e8ve, Elizabeth, Marie. 9 2 &#8211; Olivier DAIGLE. Children: Victor, Fran\u00e7ois, Simon, Jean-Baptiste, Honor\u00e9, Marie, P\u00e9lagie, Eulalie. 9 3 &#8211; Charles HENRY, Marie LEBLANC, his wife. Children: Marie-Magdeleine, Rose Anastasie, Ursule. Son from first wife: [&hellip;]","og_url":"https:\/\/acadiantest.cocompass.com\/fr\/culture\/louisiana\/ships-transportation-acadians-louisiana\/le-beaumont-acadian-passenger-list\/","og_site_name":"Acadian Genealogy - Historical Acadian-Cajun Resources","article_modified_time":"2018-12-01T22:30:14+00:00","twitter_card":"summary_large_image","twitter_misc":{"Estimation du temps de lecture":"3 minutes"},"schema":{"@context":"https:\/\/schema.org","@graph":[{"@type":"WebPage","@id":"https:\/\/acadiantest.cocompass.com\/culture\/louisiana\/ships-transportation-acadians-louisiana\/le-beaumont-acadian-passenger-list\/","url":"https:\/\/acadiantest.cocompass.com\/culture\/louisiana\/ships-transportation-acadians-louisiana\/le-beaumont-acadian-passenger-list\/","name":"\"Le Beaumont\" Acadian Passenger List - Acadian Genealogy - Historical Acadian-Cajun Resources","isPartOf":{"@id":"https:\/\/acadiantest.cocompass.com\/#website"},"datePublished":"2016-09-05T17:14:29+00:00","dateModified":"2018-12-01T22:30:14+00:00","breadcrumb":{"@id":"https:\/\/acadiantest.cocompass.com\/culture\/louisiana\/ships-transportation-acadians-louisiana\/le-beaumont-acadian-passenger-list\/#breadcrumb"},"inLanguage":"fr-CA","potentialAction":[{"@type":"ReadAction","target":["https:\/\/acadiantest.cocompass.com\/culture\/louisiana\/ships-transportation-acadians-louisiana\/le-beaumont-acadian-passenger-list\/"]}]},{"@type":"BreadcrumbList","@id":"https:\/\/acadiantest.cocompass.com\/culture\/louisiana\/ships-transportation-acadians-louisiana\/le-beaumont-acadian-passenger-list\/#breadcrumb","itemListElement":[{"@type":"ListItem","position":1,"name":"Accueil","item":"https:\/\/acadiantest.cocompass.com\/"},{"@type":"ListItem","position":2,"name":"Culture","item":"https:\/\/acadiantest.cocompass.com\/culture\/"},{"@type":"ListItem","position":3,"name":"Louisiana","item":"https:\/\/acadiantest.cocompass.com\/culture\/louisiana\/"},{"@type":"ListItem","position":4,"name":"Ships Transporting Acadians to Louisiana","item":"https:\/\/acadiantest.cocompass.com\/culture\/louisiana\/ships-transportation-acadians-louisiana\/"},{"@type":"ListItem","position":5,"name":"&#8220;Le Beaumont&#8221; Acadian Passenger List"}]},{"@type":"WebSite","@id":"https:\/\/acadiantest.cocompass.com\/#website","url":"https:\/\/acadiantest.cocompass.com\/","name":"Acadian Genealogy - Historical Acadian-Cajun Resources","description":"Learn About Acadians and Cajuns","publisher":{"@id":"https:\/\/acadiantest.cocompass.com\/#organization"},"potentialAction":[{"@type":"SearchAction","target":{"@type":"EntryPoint","urlTemplate":"https:\/\/acadiantest.cocompass.com\/?s={search_term_string}"},"query-input":{"@type":"PropertyValueSpecification","valueRequired":true,"valueName":"search_term_string"}}],"inLanguage":"fr-CA"},{"@type":"Organization","@id":"https:\/\/acadiantest.cocompass.com\/#organization","name":"Acadian Genealogy - Historical Acadian-Cajun Resources","url":"https:\/\/acadiantest.cocompass.com\/","logo":{"@type":"ImageObject","inLanguage":"fr-CA","@id":"https:\/\/acadiantest.cocompass.com\/#\/schema\/logo\/image\/","url":"https:\/\/acadiantest.cocompass.com\/wp-content\/uploads\/logo.png","contentUrl":"https:\/\/acadiantest.cocompass.com\/wp-content\/uploads\/logo.png","width":303,"height":125,"caption":"Acadian Genealogy - Historical Acadian-Cajun Resources"},"image":{"@id":"https:\/\/acadiantest.cocompass.com\/#\/schema\/logo\/image\/"}}]}},"_links":{"self":[{"href":"https:\/\/acadiantest.cocompass.com\/fr\/wp-json\/wp\/v2\/pages\/1658","targetHints":{"allow":["GET"]}}],"collection":[{"href":"https:\/\/acadiantest.cocompass.com\/fr\/wp-json\/wp\/v2\/pages"}],"about":[{"href":"https:\/\/acadiantest.cocompass.com\/fr\/wp-json\/wp\/v2\/types\/page"}],"author":[{"embeddable":true,"href":"https:\/\/acadiantest.cocompass.com\/fr\/wp-json\/wp\/v2\/users\/2"}],"replies":[{"embeddable":true,"href":"https:\/\/acadiantest.cocompass.com\/fr\/wp-json\/wp\/v2\/comments?post=1658"}],"version-history":[{"count":0,"href":"https:\/\/acadiantest.cocompass.com\/fr\/wp-json\/wp\/v2\/pages\/1658\/revisions"}],"up":[{"embeddable":true,"href":"https:\/\/acadiantest.cocompass.com\/fr\/wp-json\/wp\/v2\/pages\/1590"}],"wp:attachment":[{"href":"https:\/\/acadiantest.cocompass.com\/fr\/wp-json\/wp\/v2\/media?parent=1658"}],"curies":[{"name":"wp","href":"https:\/\/api.w.org\/{rel}","templated":true}]}}