{"id":1662,"date":"2016-09-05T13:33:31","date_gmt":"2016-09-05T17:33:31","guid":{"rendered":"https:\/\/acadiantest.cocompass.com\/?page_id=1662"},"modified":"2018-12-01T17:32:14","modified_gmt":"2018-12-01T22:32:14","slug":"la-ville-darchangel-acadian-passenger-list","status":"publish","type":"page","link":"https:\/\/acadiantest.cocompass.com\/fr\/culture\/louisiana\/ships-transportation-acadians-louisiana\/la-ville-darchangel-acadian-passenger-list\/","title":{"rendered":"&#8220;La Ville d&#8217;Archangel&#8221; Acadian Passenger List"},"content":{"rendered":"<table border=\"2\" width=\"90%\" align=\"center\">\n<tbody>\n<tr>\n<td width=\"84%\">\n<h4>Passenger Names<\/h4>\n<\/td>\n<td width=\"16%\">\n<h4>Total Number of persons<\/h4>\n<\/td>\n<\/tr>\n<tr>\n<td width=\"84%\">1 &#8211; Marie RICHARD, Claude PITRE&#8217;s widow 42 years.<br \/>\nChild: Marie PITRE 16 years.<\/td>\n<td width=\"16%\">\n<h3>2<\/h3>\n<\/td>\n<\/tr>\n<tr>\n<td width=\"84%\">2 &#8211; Joseph AUCOIN 64 years, Anne HEBERT, his wife 48 years.<br \/>\nChildren: Fran\u00e7ois 15 years, Anne 21 years, Gabriel 13 years, Marie-Magdeleine 11 years, Fran\u00e7oise 8 years, Jacinthe (son, born april 6, 1785).<\/td>\n<td width=\"16%\">\n<h3>8<\/h3>\n<\/td>\n<\/tr>\n<tr>\n<td width=\"84%\">3 &#8211; Pierre HEBERT 50 years, Suzanne PITRE, his wife 55 years.<br \/>\nChildren: Pierre 22 years, Fran\u00e7ois 18 years, Joseph 15 years, Mathurin 13 years, Jean-Baptiste 11 years, Marie 24 years.<br \/>\nDaughter of Suzanne PITRE et Jean-Baptiste Olivier HENRY (first husband): Marguerite HENRY 35 years.<\/td>\n<td width=\"16%\">\n<h3>9<\/h3>\n<\/td>\n<\/tr>\n<tr>\n<td width=\"84%\">4 &#8211; Joseph AUCOIN 41 years.<br \/>\nChildren: Alexis 20 years, Fabien 15 years, Mathurin 14 years, Joseph 10 years, Marie-Ozitte BRAUD 40 years, (daughter of Ch\u00e9rubin BRAUD and Martine AUCOIN).<\/td>\n<td width=\"16%\">\n<h3>6<\/h3>\n<\/td>\n<\/tr>\n<tr>\n<td width=\"84%\">5 &#8211; Luce Perp\u00e9tue BOURG, Pierre HEBERT&#8217;s widow 43 years.<br \/>\nChildren: Victoire 18 years, Anne 11 years, Julienne 4 years.<\/td>\n<td width=\"16%\">\n<h3>4<\/h3>\n<\/td>\n<\/tr>\n<tr>\n<td width=\"84%\">6 &#8211; Jean BOURG. 50 years, Anne DAIGLE, his wife 40 years.<br \/>\nChildren: Marie 17 years, Fran\u00e7ois 16 years, Marguerite 15 years, Magdeleine 12 years, Jeanne 7 years, Jean 6 years, Joseph 3 years, Charlotte Fran\u00e7oise (born May 26, 1785).<\/td>\n<td width=\"16%\">\n<h3>10<\/h3>\n<\/td>\n<\/tr>\n<tr>\n<td width=\"84%\">7 &#8211; Jean BOURG 40 years, Marie DUPUIS, his wife 36 years.<br \/>\nChildren: Yves 6 years, Marguerite 16 years, Isabelle 12years, Marie 8 years, Jean-Baptiste Simon Louis 9 months.<\/td>\n<td width=\"16%\">\n<h3>7<\/h3>\n<\/td>\n<\/tr>\n<tr>\n<td width=\"84%\">8 &#8211; Marie THERIOT, Joseph COMEAUX&#8217;s widow 42 years<br \/>\nCOMEAUX children: Elie 19 years, Joseph 17 years, Simon 15 years, Jeanne 11 years, Marie 6 years.<\/td>\n<td width=\"16%\">\n<h3>6<\/h3>\n<\/td>\n<\/tr>\n<tr>\n<td width=\"84%\">9 &#8211; Louis CLOSSINET 54 years, Marie-Marguerite DAIGLE, his wife 37 years.<br \/>\nMarie Marguerite&#8217;s daughter (from previous marraiage): Genevi\u00e8ve GIROIR 16 years.<\/td>\n<td width=\"16%\">\n<h3>3<\/h3>\n<\/td>\n<\/tr>\n<tr>\n<td width=\"84%\">10 &#8211; Jean LONGUESPEE 45 years, Marie-Fran\u00e7oise BOURG, his wife 40 years.<br \/>\nChildren: Marie 20 years, Anne 18 years, Marguerite 15 years, Jean-Jacques 14 years, Pierre 12 years, Corentine 10 years, Louis 6 years, Jean-Baptiste 4 years, H\u00e9l\u00e8ne 8 months.<\/td>\n<td width=\"16%\">\n<h3>11<\/h3>\n<\/td>\n<\/tr>\n<tr>\n<td width=\"84%\">11 &#8211; Alexandre AUCOIN 45 years, Rosalie THERIOT, his wife 45 years.<br \/>\nChildren: Mathurin 4 years, Marie 20 years (absent), Marie-Jeanne 8 years, Marguerite (who died May 7, 1785 at St Servan at age 18 months).<\/td>\n<td width=\"16%\">\n<h3>4<\/h3>\n<\/td>\n<\/tr>\n<tr>\n<td width=\"84%\">12 &#8211; Victor FOREST 50 years, Marie-Jeanne RICHER, his wife 46 years, (4th wife).<br \/>\nVictor et Anne Josephe HEBERT&#8217;s children: (2nd spouse): Joseph Victor 24 years, Anne Perrine 20 years,<br \/>\nVictor et Julienne Rosereux&#8217; children (3rd spouse): Jean 11 years, Etienne 7 years, Servanne Julienne 17 years, Marie-Ad\u00e9la\u00efde 15 years, Jeanne Isabelle 12 years.<\/td>\n<td width=\"16%\">\n<h3>9<\/h3>\n<\/td>\n<\/tr>\n<tr>\n<td width=\"84%\">13 &#8211; Jacques FOREST, (#12 Victor&#8217;s father) 75 years, Ang\u00e9lique RICHET, his wife 43 years.<br \/>\nNephew Etienne FOREST 30 years.<br \/>\nMarie-Jeanne BILLERAY, Fran\u00e7ois LE SOMMER&#8217;s widow 27 years.<\/td>\n<td width=\"16%\">\n<h3>4<\/h3>\n<\/td>\n<\/tr>\n<tr>\n<td width=\"84%\">14 &#8211; Anne FOREST, Simon LEBLANC&#8217;s widow 30 years.<\/td>\n<td width=\"16%\">\n<h3>1<\/h3>\n<\/td>\n<\/tr>\n<tr>\n<td width=\"84%\">15 &#8211; Jean Jacques THERIOT 55 years.<br \/>\nChildren: Genevi\u00e8ve 21 years, Marie 19 years, Jeanne 14 years, Rosalie 12 years, Marguerite 6 years.<\/td>\n<td width=\"16%\">\n<h3>6<\/h3>\n<\/td>\n<\/tr>\n<tr>\n<td width=\"84%\">16 &#8211; Ambroise DUPUIS 43 years, Anne THERIOT, his wife 40 years.<br \/>\nChild: Marguerite 8 years.<\/td>\n<td width=\"16%\">\n<h3>3<\/h3>\n<\/td>\n<\/tr>\n<tr>\n<td width=\"84%\">17 &#8211; Jacques FOREST 55 years, Marie COMEAUX, his wife 50 years.<br \/>\nChild: Pierre 15 years.<br \/>\nMarie FOREST 21 years (daughter of Victor et Anne Josephe HEBERT).<\/td>\n<td width=\"16%\">\n<h3>4<\/h3>\n<\/td>\n<\/tr>\n<tr>\n<td width=\"84%\">18 &#8211; Jean-Baptiste AUCOIN 27 years, Marie FOREST, his wife 20 years.<br \/>\nChild: Marie-Jeanne (born February 13, 1785).<\/td>\n<td width=\"16%\">\n<h3>3<\/h3>\n<\/td>\n<\/tr>\n<tr>\n<td width=\"84%\">19 &#8211; Victor BOUDROT 55 years, Genevi\u00e8ve RICHARD, his wife 37 years.<br \/>\nChildren: No\u00ebl 9 years, Sophie 11 years, Anne Jeanne (born January 17, 1785).<br \/>\nChildren of Victor et Catherine HEBERT (1st spouse): Joseph 27 years, Marie-Rose 31 years, C\u00e9cile 15 years.<br \/>\nFran\u00e7ois Pierre LE LORRE 30 years (Marie-Rose&#8217;s husband).<br \/>\nMarguerite PITRE 17 years (daughter of Genevi\u00e8ve and her 1st husband Simon PITRE).<\/td>\n<td width=\"16%\">\n<h3>10<\/h3>\n<\/td>\n<\/tr>\n<tr>\n<td width=\"84%\">20 &#8211; Barth\u00e9lemy HENRY 41 years, Anne BOURG, his wife 39 years.<br \/>\nChildren: Fran\u00e7ois 15 years, Jacques 12 years, Barth\u00e9lemy 9 years, Marie 3 years.<\/td>\n<td width=\"16%\">\n<h3>6<\/h3>\n<\/td>\n<\/tr>\n<tr>\n<td width=\"84%\">21 &#8211; Michel AUCOIN 53 years, Isabelle HEBERT, his wife 48 years.<br \/>\nChildren: Jean 23 years, Michel 16 years, Pierre 14 years, Fran\u00e7ois 11 years, Constant 2 years, Marie 21 years, Anne 19 years, Isabelle 13 years13, Floriane 4 years, Gr\u00e9goire 18 years.<\/td>\n<td width=\"16%\">\n<h3>12<\/h3>\n<\/td>\n<\/tr>\n<tr>\n<td width=\"84%\">22 &#8211; Pierre AUCOIN 44 years, H\u00e9l\u00e8ne HEBERT, his wife 44 years.<br \/>\nChildren: Victoire 20 years, Anne 15 years, Jean 13 years, Fran\u00e7oise 11 years.<br \/>\n(This family did not embark on the ship).<\/td>\n<td width=\"16%\">\n<h3>0<\/h3>\n<\/td>\n<\/tr>\n<tr>\n<td width=\"84%\">23 &#8211; Claude AUCOIN 57 years, Marie-Joseph SAULNIER, his wife 48 years.<br \/>\nChildren: Perp\u00e9tue 22 years, Anastasie 17 years, Mathurin 13 years, Marie 12 years, Pierre 9 years.<\/td>\n<td width=\"16%\">\n<h3>6<\/h3>\n<\/td>\n<\/tr>\n<tr>\n<td width=\"84%\">24 &#8211; Charles AUCOIN 50 years, Magdeleine TRAHAN, his wife 48 years.<br \/>\nChild: Pierre 28 years.<br \/>\nCharles DAIGLE et Marie Blanche AUCOIN&#8217;s child: Marie 24 years.<br \/>\nPascal HEBERT&#8217;s widow: Fran\u00e7oise TRAHAN 38 years.<\/td>\n<td width=\"16%\">\n<h3>5<\/h3>\n<\/td>\n<\/tr>\n<tr>\n<td width=\"84%\">25 &#8211; Simon AUCOIN 53 years, Marie-Genevi\u00e8ve THERIOT, his wife 50 years.<br \/>\nChildren: Perp\u00e9tue 24 years, Marguerite Genevi\u00e8ve 16 years, Anne Olive 12 years, Rose F\u00e9licit\u00e9 11 years.<\/td>\n<td width=\"16%\">\n<h3>6<\/h3>\n<\/td>\n<\/tr>\n<tr>\n<td width=\"84%\">26 &#8211; Marin BOURG 45 years, Marie Osite DAIGLE, his wife 40 years.<br \/>\nChildren: Jean-Pierre 20 years, Marie-Luce 22 years, Marguerite Joseph 17 years, Marin Joseph 16 years, Rose Magdeleine 13 years, Pierre Jean-Baptiste 12 years, Marie-Fran\u00e7oise Magdeleine Joseph 10 years, Fran\u00e7ois George 7 years, Guillaume Jean 4 years.<\/td>\n<td width=\"16%\">\n<h3>11<\/h3>\n<\/td>\n<\/tr>\n<tr>\n<td width=\"84%\">27 &#8211; Joseph HEBERT 45 years, Marie-Magdeleine AUCOIN, his wife 44 years.<br \/>\nChildren: Marie 17 years, Victoire 14 years.<\/td>\n<td width=\"16%\">\n<h3>4<\/h3>\n<\/td>\n<\/tr>\n<tr>\n<td width=\"84%\">28 &#8211; Claude GUEDRY 60 years, Anne MOYSE, his wife 54 years.<br \/>\nChildren: Marie 21 years, Fran\u00e7ois 19 years, Suliac 17 years, Malo 15 years, Pierre 12 years, Olivier 8 years.<\/td>\n<td width=\"16%\">\n<h3>8<\/h3>\n<\/td>\n<\/tr>\n<tr>\n<td width=\"84%\">29 &#8211; Amant BOUDROT 52 years, Marie NOGUES, his wife 35 years.<br \/>\nChildren: Jean-Baptiste 15 years, Fran\u00e7ois 14 years, Marie 6 years, Joseph 4 years, H\u00e9l\u00e8ne 8 months.<\/td>\n<td width=\"16%\">\n<h3>7<\/h3>\n<\/td>\n<\/tr>\n<tr>\n<td width=\"84%\">30 &#8211; Marguerite AUCOIN, Charles TRAHAN&#8217;s widow 69 years.<br \/>\nChildren: Marie 47 years, Marguerite 40 years.<\/td>\n<td width=\"16%\">\n<h3>3<\/h3>\n<\/td>\n<\/tr>\n<tr>\n<td width=\"84%\">31 &#8211; Jean-Baptiste AUCOIN 66 years, Marguerite THERIOT, his wife- 57 years.<br \/>\nChildren: Marie 27 years, Jean-Baptiste 21 years, Pierre 11 years, Rose Magdeleine 19 years, Rose Anastasie 16 years.<\/td>\n<td width=\"16%\">\n<h3>7<\/h3>\n<\/td>\n<\/tr>\n<tr>\n<td width=\"84%\">32 &#8211; Jean PITRE 58 years, F\u00e9licit\u00e9 DAIGLE, his wife 55 years.<br \/>\nChildren: Charlotte Marie 20 years, Pierre 19 years, Jacques 18 years, Fran\u00e7ois 17 years, F\u00e9licit\u00e9 16 years, Marguerite 14 years.<\/td>\n<td width=\"16%\">\n<h3>8<\/h3>\n<\/td>\n<\/tr>\n<tr>\n<td width=\"84%\">33 &#8211; Joseph HEBERT (Son) 50 years, Marguerite DAIGLE, his wife 45 years.<br \/>\nChildren: Jean-Pierre (born February 21, 1785).<br \/>\nChildren of Joseph et Fran\u00e7oise Comeau (1st spouse): Pierre Jean 17 years, Marie-Joseph 18 years, Th\u00e9r\u00e8se Anne 12 years.<br \/>\nMarguerite DAIGLE&#8217;s child (with deceased Honore RICHARD): Marguerite RICHARD 15 years.<\/td>\n<td width=\"16%\">\n<h3>7<\/h3>\n<\/td>\n<\/tr>\n<tr>\n<td width=\"84%\">34 &#8211; Pierre HENRY 51 years, Marie-Joseph BOURG, his wife 50 years.<br \/>\nChild: Jean 21 years.<\/td>\n<td width=\"16%\">\n<h3>3<\/h3>\n<\/td>\n<\/tr>\n<tr>\n<td width=\"84%\">35 &#8211; Jean HENRY 53 years, Marie PITRE, his wife 53 years.<br \/>\nChildren: Maximilien 24 years, Isabelle 21 years, Marguerite Rose 16 years.<br \/>\nJean&#8217;s sister: Marie 55 years.<\/td>\n<td width=\"16%\">\n<h3>6<\/h3>\n<\/td>\n<\/tr>\n<tr>\n<td width=\"84%\">36 &#8211; Ambroise BOURG 53 years, Marie-Modeste MOULAISON, his wife 40 years.<br \/>\nChildren: Marie-Victoire 20 years, Modeste Aim\u00e9e 18 years, Magdeleine 16 years, Julie Th\u00e9r\u00e8se 14 years, Isabelle 12 years, Joseph 8 years, P\u00e9lagie 5 years, Modeste 3 years, Ambroise 1 year.<\/td>\n<td width=\"16%\">\n<h3>11<\/h3>\n<\/td>\n<\/tr>\n<tr>\n<td width=\"84%\">37 &#8211; Charles HENRY 49 years, Fran\u00e7oise HEBERT, his wife 47 years.<br \/>\nChildren: Charles 9 years, Fran\u00e7oise Victoire 15 years, Marguerite Toussainte 13 years.<\/td>\n<td width=\"16%\">\n<h3>5<\/h3>\n<\/td>\n<\/tr>\n<tr>\n<td width=\"84%\">38 &#8211; Pierre HENRY (Son) 28 years.<br \/>\nHis sisters: Fran\u00e7oise 23 years, Ang\u00e9lique 21 years.<\/td>\n<td width=\"16%\">\n<h3>3<\/h3>\n<\/td>\n<\/tr>\n<tr>\n<td width=\"84%\">39 &#8211; Simon COMEAUX 44 years, Marguerite AUCOIN, his wife 45 years.<br \/>\nChildren: Marie 21 years, Isabelle 19 years, Magdeleine 18 years, F\u00e9licit\u00e9 16 years, Jean-Baptiste 14 years, Alexandre 11 years, Pierre 9 years, Joseph-Marie (born March 7, 1785).<\/td>\n<td width=\"16%\">\n<h3>10<\/h3>\n<\/td>\n<\/tr>\n<tr>\n<td width=\"84%\">40 &#8211; Ambroise LONGUESPEE 52 years, Marguerite HENRY, his wife 40 years.<br \/>\nChild: Janvier 20 years.<\/td>\n<td width=\"16%\">\n<h3>3<\/h3>\n<\/td>\n<\/tr>\n<tr>\n<td width=\"84%\">41 &#8211; Anne THERIOT, Joseph GRANGER&#8217;s widow 36 years.<br \/>\nGRANGER children: Jeanne 8 years, Fran\u00e7oise Eulalie 7 years, Pierre Marie 3 years.<br \/>\nChild of first marriage: Anne LANDRY 17 years.<br \/>\nChildren of Joseph GRANGER and Marie SIRE (his first wife): Joseph 20 years, Ignace 15 years.<\/td>\n<td width=\"16%\">\n<h3>7<\/h3>\n<\/td>\n<\/tr>\n<tr>\n<td width=\"84%\">42 &#8211; Joseph Ignace GAUDET 38 years.<\/td>\n<td width=\"16%\">\n<h3>1<\/h3>\n<\/td>\n<\/tr>\n<tr>\n<td width=\"84%\">43 &#8211; Charles HENRY 49 years, Marguerite THERIOT, his wife 50 years.<br \/>\nChildren: Jean-Baptiste 18 years, Marie-Joseph 22 years, Jeanne-Fran\u00e7oise 17 years.<br \/>\nFran\u00e7ois THERIOT&#8217;s widow: Fran\u00e7oise GUERIN 79 years and her daughter: Marie THERIOT 52 years.<\/td>\n<td width=\"16%\">\n<h3>7<\/h3>\n<\/td>\n<\/tr>\n<tr>\n<td width=\"84%\">44 &#8211; Ren\u00e9 LANDRY 53 years.<br \/>\nChildren: Marie 22 years, Servane 20 years, Jean-Rapha\u00ebl 18 years, Marguerite 16 years, Anne 11 years, Pierre 9 years, Joseph 6 years, Jeanne 5 years.<br \/>\nRen\u00e9&#8217;s brother-in-law: Paul BABIN 52 years.<\/td>\n<td width=\"16%\">\n<h3>10<\/h3>\n<\/td>\n<\/tr>\n<tr>\n<td width=\"84%\">45 &#8211; Victoire DUGAS, Thomas AILLET&#8217;s widow 38 years.<br \/>\nAILLET children: Thomas 10 years, Louis 6 years.<\/td>\n<td width=\"16%\">\n<h3>3<\/h3>\n<\/td>\n<\/tr>\n<tr>\n<td width=\"84%\">46 &#8211; Anne-Joseph HENRY, Th\u00e9odore THERIOT&#8217;s widow 33 years.<br \/>\nSa fille : Ang\u00e9lique THERIOT &#8211; 4 ans,<\/td>\n<td width=\"16%\">\n<h3>2<\/h3>\n<\/td>\n<\/tr>\n<tr>\n<td width=\"84%\">47 &#8211; Charles PITRE 56 ans, Anne HENRY, his wife 52 years.<br \/>\nChildren: Joseph 19 years, Marguerite 15 years, Isabelle 11 years.<\/td>\n<td width=\"16%\">\n<h3>5<\/h3>\n<\/td>\n<\/tr>\n<tr>\n<td width=\"84%\">48 &#8211; Pierre ARCEMENT 52 years, Marie HEBERT, his wife 50 years.<br \/>\nChildren: Guillaume 13 years, Marguerite 24 years (did not embark), Marie 22 years, Victoire 18 years, Perrine 16 years, Julie 12 years, Fran\u00e7oise 9 years.<\/td>\n<td width=\"16%\">\n<h3>8<\/h3>\n<\/td>\n<\/tr>\n<tr>\n<td width=\"84%\">49 &#8211; Jacques MIUS d&#8217;ENTREMONT 29 years, Marie HERVE, his wife 30 years.<br \/>\nChild: Jacques Ferdinand 1 year.<br \/>\nChildren of Marie et de Jean Louis LANGINAIS: Jean Louis 11 years, Marie-Jeanne 9 years, Ang\u00e9lique 7 years.<br \/>\nMarguerite LANDRY, 56 years (Jacques MIUS d&#8217;ENTREMONT&#8217;s widow. (Did not embark at St Malo, but rather in Nantes).<\/td>\n<td width=\"16%\">\n<h3>7<\/h3>\n<\/td>\n<\/tr>\n<tr>\n<td width=\"84%\">50 &#8211; Joseph MELANCON 68 years, Ursule HEBERT, his wife 72 years.<\/td>\n<td width=\"16%\">\n<h3>2<\/h3>\n<\/td>\n<\/tr>\n<tr>\n<td width=\"84%\">51 &#8211; Charles THIBODEAUX 63 years, Magdeleine HENRY, his wife 58 years.<br \/>\nChildren: Pierre-Charles and Jeanne-Tarsile (twins) 20 years, Marguerite 22 years, H\u00e9l\u00e8ne 18 years, Marie-Victoire 15 years.<\/td>\n<td width=\"16%\">\n<h3>7<\/h3>\n<\/td>\n<\/tr>\n<tr>\n<td width=\"84%\">52 &#8211; Fran\u00e7ois-Xavier BOURG 44 years, Marguerite P\u00e9lagie HENRY, his wife 34 years.<br \/>\nChildren: Pierre 1 year, Anne-Victoire (born May 14, 1785).<br \/>\nChildren of Fran\u00e7ois-Xavier et Elizabeth LEBLANC (1st marriage): F\u00e9lix-Xavier 15 years, Joseph Faustin 11 years, Marie-Isabelle 8 years, Maximilien 6 years, Isabelle 4 years.<br \/>\nCharles BOURG 46 years, Marguerite LEBLANC, his wife 40 years.<\/td>\n<td width=\"16%\">\n<h3>11<\/h3>\n<\/td>\n<\/tr>\n<tr>\n<td width=\"84%\">53 &#8211; Fran\u00e7ois GALIEN 45 years, Henriette GROSSIN, his wife 36 years.<br \/>\nChildren: Marie-Jeanne 9 years, Fran\u00e7ois-Julien 6 years, Bon 4 years, Julien-Fran\u00e7ois 2 years.<br \/>\n(This family did not embark).<\/td>\n<td width=\"16%\">\n<h3>0<\/h3>\n<\/td>\n<\/tr>\n<tr>\n<td width=\"84%\">54 &#8211; Jean-Baptiste THERIOT 39 years, Anne-Ang\u00e9lique BRIAND 42 years.<br \/>\nChild: Jean-Baptiste 8 years.<\/td>\n<td width=\"16%\">\n<h3>3<\/h3>\n<\/td>\n<\/tr>\n<tr>\n<td width=\"84%\">55 &#8211; Pierre-Jean EON, Priest.<\/td>\n<td width=\"16%\">\n<h3>1<\/h3>\n<\/td>\n<\/tr>\n<\/tbody>\n<\/table>\n<p align=\"center\">","protected":false},"excerpt":{"rendered":"<p>Passenger Names Total Number of persons 1 &#8211; Marie RICHARD, Claude PITRE&#8217;s widow 42 years. Child: Marie PITRE 16 years. 2 2 &#8211; Joseph AUCOIN 64 years, Anne HEBERT, his wife 48 years. Children: Fran\u00e7ois 15 years, Anne 21 years, Gabriel 13 years, Marie-Magdeleine 11 years, Fran\u00e7oise 8 years, Jacinthe (son, born april 6, 1785). [&hellip;]<\/p>","protected":false},"author":2,"featured_media":0,"parent":1590,"menu_order":0,"comment_status":"closed","ping_status":"closed","template":"","meta":{"_crdt_document":"","_themeisle_gutenberg_block_has_review":false,"iawp_total_views":0,"footnotes":""},"class_list":["post-1662","page","type-page","status-publish","hentry"],"yoast_head":"<!-- This site is optimized with the Yoast SEO plugin v26.6 - https:\/\/yoast.com\/wordpress\/plugins\/seo\/ -->\n<title>&quot;La Ville d&#039;Archangel&quot; Acadian Passenger List - Acadian Genealogy - Historical Acadian-Cajun Resources<\/title>\n<meta name=\"robots\" content=\"noindex, follow, max-snippet:-1, max-image-preview:large, max-video-preview:-1\" \/>\n<meta property=\"og:locale\" content=\"fr_CA\" \/>\n<meta property=\"og:type\" content=\"article\" \/>\n<meta property=\"og:title\" content=\"&quot;La Ville d&#039;Archangel&quot; Acadian Passenger List - Acadian Genealogy - Historical Acadian-Cajun Resources\" \/>\n<meta property=\"og:description\" content=\"Passenger Names Total Number of persons 1 &#8211; Marie RICHARD, Claude PITRE&#8217;s widow 42 years. Child: Marie PITRE 16 years. 2 2 &#8211; Joseph AUCOIN 64 years, Anne HEBERT, his wife 48 years. Children: Fran\u00e7ois 15 years, Anne 21 years, Gabriel 13 years, Marie-Magdeleine 11 years, Fran\u00e7oise 8 years, Jacinthe (son, born april 6, 1785). [&hellip;]\" \/>\n<meta property=\"og:url\" content=\"https:\/\/acadiantest.cocompass.com\/fr\/culture\/louisiana\/ships-transportation-acadians-louisiana\/la-ville-darchangel-acadian-passenger-list\/\" \/>\n<meta property=\"og:site_name\" content=\"Acadian Genealogy - Historical Acadian-Cajun Resources\" \/>\n<meta property=\"article:modified_time\" content=\"2018-12-01T22:32:14+00:00\" \/>\n<meta name=\"twitter:card\" content=\"summary_large_image\" \/>\n<meta name=\"twitter:label1\" content=\"Estimation du temps de lecture\" \/>\n\t<meta name=\"twitter:data1\" content=\"7 minutes\" \/>\n<script type=\"application\/ld+json\" class=\"yoast-schema-graph\">{\"@context\":\"https:\/\/schema.org\",\"@graph\":[{\"@type\":\"WebPage\",\"@id\":\"https:\/\/acadiantest.cocompass.com\/culture\/louisiana\/ships-transportation-acadians-louisiana\/la-ville-darchangel-acadian-passenger-list\/\",\"url\":\"https:\/\/acadiantest.cocompass.com\/culture\/louisiana\/ships-transportation-acadians-louisiana\/la-ville-darchangel-acadian-passenger-list\/\",\"name\":\"\\\"La Ville d'Archangel\\\" Acadian Passenger List - Acadian Genealogy - Historical Acadian-Cajun Resources\",\"isPartOf\":{\"@id\":\"https:\/\/acadiantest.cocompass.com\/#website\"},\"datePublished\":\"2016-09-05T17:33:31+00:00\",\"dateModified\":\"2018-12-01T22:32:14+00:00\",\"breadcrumb\":{\"@id\":\"https:\/\/acadiantest.cocompass.com\/culture\/louisiana\/ships-transportation-acadians-louisiana\/la-ville-darchangel-acadian-passenger-list\/#breadcrumb\"},\"inLanguage\":\"fr-CA\",\"potentialAction\":[{\"@type\":\"ReadAction\",\"target\":[\"https:\/\/acadiantest.cocompass.com\/culture\/louisiana\/ships-transportation-acadians-louisiana\/la-ville-darchangel-acadian-passenger-list\/\"]}]},{\"@type\":\"BreadcrumbList\",\"@id\":\"https:\/\/acadiantest.cocompass.com\/culture\/louisiana\/ships-transportation-acadians-louisiana\/la-ville-darchangel-acadian-passenger-list\/#breadcrumb\",\"itemListElement\":[{\"@type\":\"ListItem\",\"position\":1,\"name\":\"Accueil\",\"item\":\"https:\/\/acadiantest.cocompass.com\/\"},{\"@type\":\"ListItem\",\"position\":2,\"name\":\"Culture\",\"item\":\"https:\/\/acadiantest.cocompass.com\/culture\/\"},{\"@type\":\"ListItem\",\"position\":3,\"name\":\"Louisiana\",\"item\":\"https:\/\/acadiantest.cocompass.com\/culture\/louisiana\/\"},{\"@type\":\"ListItem\",\"position\":4,\"name\":\"Ships Transporting Acadians to Louisiana\",\"item\":\"https:\/\/acadiantest.cocompass.com\/culture\/louisiana\/ships-transportation-acadians-louisiana\/\"},{\"@type\":\"ListItem\",\"position\":5,\"name\":\"&#8220;La Ville d&#8217;Archangel&#8221; Acadian Passenger List\"}]},{\"@type\":\"WebSite\",\"@id\":\"https:\/\/acadiantest.cocompass.com\/#website\",\"url\":\"https:\/\/acadiantest.cocompass.com\/\",\"name\":\"Acadian Genealogy - Historical Acadian-Cajun Resources\",\"description\":\"Learn About Acadians and Cajuns\",\"publisher\":{\"@id\":\"https:\/\/acadiantest.cocompass.com\/#organization\"},\"potentialAction\":[{\"@type\":\"SearchAction\",\"target\":{\"@type\":\"EntryPoint\",\"urlTemplate\":\"https:\/\/acadiantest.cocompass.com\/?s={search_term_string}\"},\"query-input\":{\"@type\":\"PropertyValueSpecification\",\"valueRequired\":true,\"valueName\":\"search_term_string\"}}],\"inLanguage\":\"fr-CA\"},{\"@type\":\"Organization\",\"@id\":\"https:\/\/acadiantest.cocompass.com\/#organization\",\"name\":\"Acadian Genealogy - Historical Acadian-Cajun Resources\",\"url\":\"https:\/\/acadiantest.cocompass.com\/\",\"logo\":{\"@type\":\"ImageObject\",\"inLanguage\":\"fr-CA\",\"@id\":\"https:\/\/acadiantest.cocompass.com\/#\/schema\/logo\/image\/\",\"url\":\"https:\/\/acadiantest.cocompass.com\/wp-content\/uploads\/logo.png\",\"contentUrl\":\"https:\/\/acadiantest.cocompass.com\/wp-content\/uploads\/logo.png\",\"width\":303,\"height\":125,\"caption\":\"Acadian Genealogy - Historical Acadian-Cajun Resources\"},\"image\":{\"@id\":\"https:\/\/acadiantest.cocompass.com\/#\/schema\/logo\/image\/\"}}]}<\/script>\n<!-- \/ Yoast SEO plugin. -->","yoast_head_json":{"title":"\"La Ville d'Archangel\" Acadian Passenger List - Acadian Genealogy - Historical Acadian-Cajun Resources","robots":{"index":"noindex","follow":"follow","max-snippet":"max-snippet:-1","max-image-preview":"max-image-preview:large","max-video-preview":"max-video-preview:-1"},"og_locale":"fr_CA","og_type":"article","og_title":"\"La Ville d'Archangel\" Acadian Passenger List - Acadian Genealogy - Historical Acadian-Cajun Resources","og_description":"Passenger Names Total Number of persons 1 &#8211; Marie RICHARD, Claude PITRE&#8217;s widow 42 years. Child: Marie PITRE 16 years. 2 2 &#8211; Joseph AUCOIN 64 years, Anne HEBERT, his wife 48 years. Children: Fran\u00e7ois 15 years, Anne 21 years, Gabriel 13 years, Marie-Magdeleine 11 years, Fran\u00e7oise 8 years, Jacinthe (son, born april 6, 1785). [&hellip;]","og_url":"https:\/\/acadiantest.cocompass.com\/fr\/culture\/louisiana\/ships-transportation-acadians-louisiana\/la-ville-darchangel-acadian-passenger-list\/","og_site_name":"Acadian Genealogy - Historical Acadian-Cajun Resources","article_modified_time":"2018-12-01T22:32:14+00:00","twitter_card":"summary_large_image","twitter_misc":{"Estimation du temps de lecture":"7 minutes"},"schema":{"@context":"https:\/\/schema.org","@graph":[{"@type":"WebPage","@id":"https:\/\/acadiantest.cocompass.com\/culture\/louisiana\/ships-transportation-acadians-louisiana\/la-ville-darchangel-acadian-passenger-list\/","url":"https:\/\/acadiantest.cocompass.com\/culture\/louisiana\/ships-transportation-acadians-louisiana\/la-ville-darchangel-acadian-passenger-list\/","name":"\"La Ville d'Archangel\" Acadian Passenger List - Acadian Genealogy - Historical Acadian-Cajun Resources","isPartOf":{"@id":"https:\/\/acadiantest.cocompass.com\/#website"},"datePublished":"2016-09-05T17:33:31+00:00","dateModified":"2018-12-01T22:32:14+00:00","breadcrumb":{"@id":"https:\/\/acadiantest.cocompass.com\/culture\/louisiana\/ships-transportation-acadians-louisiana\/la-ville-darchangel-acadian-passenger-list\/#breadcrumb"},"inLanguage":"fr-CA","potentialAction":[{"@type":"ReadAction","target":["https:\/\/acadiantest.cocompass.com\/culture\/louisiana\/ships-transportation-acadians-louisiana\/la-ville-darchangel-acadian-passenger-list\/"]}]},{"@type":"BreadcrumbList","@id":"https:\/\/acadiantest.cocompass.com\/culture\/louisiana\/ships-transportation-acadians-louisiana\/la-ville-darchangel-acadian-passenger-list\/#breadcrumb","itemListElement":[{"@type":"ListItem","position":1,"name":"Accueil","item":"https:\/\/acadiantest.cocompass.com\/"},{"@type":"ListItem","position":2,"name":"Culture","item":"https:\/\/acadiantest.cocompass.com\/culture\/"},{"@type":"ListItem","position":3,"name":"Louisiana","item":"https:\/\/acadiantest.cocompass.com\/culture\/louisiana\/"},{"@type":"ListItem","position":4,"name":"Ships Transporting Acadians to Louisiana","item":"https:\/\/acadiantest.cocompass.com\/culture\/louisiana\/ships-transportation-acadians-louisiana\/"},{"@type":"ListItem","position":5,"name":"&#8220;La Ville d&#8217;Archangel&#8221; Acadian Passenger List"}]},{"@type":"WebSite","@id":"https:\/\/acadiantest.cocompass.com\/#website","url":"https:\/\/acadiantest.cocompass.com\/","name":"Acadian Genealogy - Historical Acadian-Cajun Resources","description":"Learn About Acadians and Cajuns","publisher":{"@id":"https:\/\/acadiantest.cocompass.com\/#organization"},"potentialAction":[{"@type":"SearchAction","target":{"@type":"EntryPoint","urlTemplate":"https:\/\/acadiantest.cocompass.com\/?s={search_term_string}"},"query-input":{"@type":"PropertyValueSpecification","valueRequired":true,"valueName":"search_term_string"}}],"inLanguage":"fr-CA"},{"@type":"Organization","@id":"https:\/\/acadiantest.cocompass.com\/#organization","name":"Acadian Genealogy - Historical Acadian-Cajun Resources","url":"https:\/\/acadiantest.cocompass.com\/","logo":{"@type":"ImageObject","inLanguage":"fr-CA","@id":"https:\/\/acadiantest.cocompass.com\/#\/schema\/logo\/image\/","url":"https:\/\/acadiantest.cocompass.com\/wp-content\/uploads\/logo.png","contentUrl":"https:\/\/acadiantest.cocompass.com\/wp-content\/uploads\/logo.png","width":303,"height":125,"caption":"Acadian Genealogy - Historical Acadian-Cajun Resources"},"image":{"@id":"https:\/\/acadiantest.cocompass.com\/#\/schema\/logo\/image\/"}}]}},"_links":{"self":[{"href":"https:\/\/acadiantest.cocompass.com\/fr\/wp-json\/wp\/v2\/pages\/1662","targetHints":{"allow":["GET"]}}],"collection":[{"href":"https:\/\/acadiantest.cocompass.com\/fr\/wp-json\/wp\/v2\/pages"}],"about":[{"href":"https:\/\/acadiantest.cocompass.com\/fr\/wp-json\/wp\/v2\/types\/page"}],"author":[{"embeddable":true,"href":"https:\/\/acadiantest.cocompass.com\/fr\/wp-json\/wp\/v2\/users\/2"}],"replies":[{"embeddable":true,"href":"https:\/\/acadiantest.cocompass.com\/fr\/wp-json\/wp\/v2\/comments?post=1662"}],"version-history":[{"count":0,"href":"https:\/\/acadiantest.cocompass.com\/fr\/wp-json\/wp\/v2\/pages\/1662\/revisions"}],"up":[{"embeddable":true,"href":"https:\/\/acadiantest.cocompass.com\/fr\/wp-json\/wp\/v2\/pages\/1590"}],"wp:attachment":[{"href":"https:\/\/acadiantest.cocompass.com\/fr\/wp-json\/wp\/v2\/media?parent=1662"}],"curies":[{"name":"wp","href":"https:\/\/api.w.org\/{rel}","templated":true}]}}