{"id":236,"date":"2016-08-21T16:25:47","date_gmt":"2016-08-21T20:25:47","guid":{"rendered":"https:\/\/acadiantest.cocompass.com\/?page_id=236"},"modified":"2018-12-01T17:42:03","modified_gmt":"2018-12-01T22:42:03","slug":"acadians-cajuns-cd-rom","status":"publish","type":"page","link":"https:\/\/acadiantest.cocompass.com\/fr\/culture\/books\/acadians-cajuns-cd-rom\/","title":{"rendered":"ACADIANS AND CAJUNS on CD-ROM"},"content":{"rendered":"<p align=\"CENTER\"><img decoding=\"async\" src=\"https:\/\/acadiantest.cocompass.com\/images\/marriele%20photo.jpg\" width=\"166\" height=\"205\" \/><\/p>\n<p align=\"CENTER\">By <a href=\"mailto:amarielle@yahoo.com\" target=\"_blank\" rel=\"noopener\">Marielle A. Bourgeois<\/a><\/p>\n<p>The articles contained in this CD-ROM have been published in Genealogy and History Magazines, by Marielle A. Bourgeois, M.A..C.F.A. a professional genealogist and a writer, who has been awarded prizes as a thorough researcher and an entertaining writer. Marielle is a direct descendant of the first surgeon who came to the New World, from La Rochelle to Acadia, (Jacob) Jacques Bourgeois. He married Jeanne Trahan in Port Royal.<\/p>\n<p align=\"CENTER\"><img fetchpriority=\"high\" decoding=\"async\" src=\"https:\/\/acadiantest.cocompass.com\/images\/Acadia_Map.gif\" width=\"395\" height=\"308\" \/><\/p>\n<p>The articles are presented with superb color illustrations. Some of them show paintings of the Deportation of the Acadians, found in Acadia (today Nova Scotia). The articles &#8220;Who are the Acadians?&#8221; and &#8220;A New Life in the Louisiana Wilderness &#8211; the Cajuns&#8221; are primarily historical in nature with some genealogy information of Acadian families. The articles &#8220;Brick Walls&#8221; and &#8220;A Search for Canadian Roots&#8221; are mostly genealogical in content combined with a profound touch of history. The last two articles address the important question of Acadian name changes when the deportees, or descendants of the deportees, came to the areas later known as the United States.<\/p>\n<p>The movements of the Acadians before, during, and after the Deportation are covered in depth and over sixty Acadian names are mentioned. An added bonus to many people is that the articles in the CD-ROM are written in English and in French, allowing many individuals to improve their second language. A CD-ROM sells for $25.00 US, mailing cost to US included. Add $2.00 US for mailing to Canada or $3.00 US to other countries. Special rate for orders of 4 copies. Money order or check only.<\/p>\n<p>Send your order to Marielle A. Bourgeois,<br \/>\nP.O. Box 31172, Santa Barbara,<br \/>\nCalifornia 93130, USA,<br \/>\nTel. (805) 683-7768, Fax (815) 461-8655,<br \/>\nEmail <a href=\"mailto:amarielle@yahoo.com\" target=\"_blank\" rel=\"noopener\">amarielle@yahoo.com<\/a><br \/>\nwebsite <a href=\"http:\/\/www.searchancestors.com\" target=\"_blank\" rel=\"noopener\">http:\/\/www.searchancestors.com<\/a><\/p>\n<p style=\"text-align: left;\" align=\"CENTER\">Marielle A. Bourgeois has been published in Everton&#8217;s Family History Magazine; Heritage Quest Magazine; Family Tree Magazine; The Genealogist, Je me Souviens; L&#8217;Anc\u00eatre, the Global Gazette electronic site; and Le Bourgeois newsletter from New Brunswick, Canada. In addition, she was chosen the Personality of the Month by the editor of G\u00e9n\u00e9alogistes Sans Fronti\u00e8res, a genealogy and history electronic site.<\/p>\n<p align=\"CENTER\">","protected":false},"excerpt":{"rendered":"<p>By Marielle A. Bourgeois The articles contained in this CD-ROM have been published in Genealogy and History Magazines, by Marielle A. Bourgeois, M.A..C.F.A. a professional genealogist and a writer, who has been awarded prizes as a thorough researcher and an entertaining writer. Marielle is a direct descendant of the first surgeon who came to the [&hellip;]<\/p>","protected":false},"author":2,"featured_media":0,"parent":201,"menu_order":0,"comment_status":"closed","ping_status":"closed","template":"","meta":{"_crdt_document":"","_themeisle_gutenberg_block_has_review":false,"iawp_total_views":0,"footnotes":""},"class_list":["post-236","page","type-page","status-publish","hentry"],"yoast_head":"<!-- This site is optimized with the Yoast SEO plugin v26.6 - https:\/\/yoast.com\/wordpress\/plugins\/seo\/ -->\n<title>ACADIANS AND CAJUNS on CD-ROM - Acadian Genealogy - Historical Acadian-Cajun Resources<\/title>\n<meta name=\"robots\" content=\"noindex, follow, max-snippet:-1, max-image-preview:large, max-video-preview:-1\" \/>\n<meta property=\"og:locale\" content=\"fr_CA\" \/>\n<meta property=\"og:type\" content=\"article\" \/>\n<meta property=\"og:title\" content=\"ACADIANS AND CAJUNS on CD-ROM - Acadian Genealogy - Historical Acadian-Cajun Resources\" \/>\n<meta property=\"og:description\" content=\"By Marielle A. Bourgeois The articles contained in this CD-ROM have been published in Genealogy and History Magazines, by Marielle A. Bourgeois, M.A..C.F.A. a professional genealogist and a writer, who has been awarded prizes as a thorough researcher and an entertaining writer. Marielle is a direct descendant of the first surgeon who came to the [&hellip;]\" \/>\n<meta property=\"og:url\" content=\"https:\/\/acadiantest.cocompass.com\/fr\/culture\/books\/acadians-cajuns-cd-rom\/\" \/>\n<meta property=\"og:site_name\" content=\"Acadian Genealogy - Historical Acadian-Cajun Resources\" \/>\n<meta property=\"article:modified_time\" content=\"2018-12-01T22:42:03+00:00\" \/>\n<meta property=\"og:image\" content=\"https:\/\/acadian.mystagingwebsite.com\/images\/marriele%20photo.jpg\" \/>\n<meta name=\"twitter:card\" content=\"summary_large_image\" \/>\n<meta name=\"twitter:label1\" content=\"Estimation du temps de lecture\" \/>\n\t<meta name=\"twitter:data1\" content=\"2 minutes\" \/>\n<script type=\"application\/ld+json\" class=\"yoast-schema-graph\">{\"@context\":\"https:\/\/schema.org\",\"@graph\":[{\"@type\":\"WebPage\",\"@id\":\"https:\/\/acadiantest.cocompass.com\/culture\/books\/acadians-cajuns-cd-rom\/\",\"url\":\"https:\/\/acadiantest.cocompass.com\/culture\/books\/acadians-cajuns-cd-rom\/\",\"name\":\"ACADIANS AND CAJUNS on CD-ROM - Acadian Genealogy - Historical Acadian-Cajun Resources\",\"isPartOf\":{\"@id\":\"https:\/\/acadiantest.cocompass.com\/#website\"},\"primaryImageOfPage\":{\"@id\":\"https:\/\/acadiantest.cocompass.com\/culture\/books\/acadians-cajuns-cd-rom\/#primaryimage\"},\"image\":{\"@id\":\"https:\/\/acadiantest.cocompass.com\/culture\/books\/acadians-cajuns-cd-rom\/#primaryimage\"},\"thumbnailUrl\":\"https:\/\/acadiantest.cocompass.com\/images\/marriele%20photo.jpg\",\"datePublished\":\"2016-08-21T20:25:47+00:00\",\"dateModified\":\"2018-12-01T22:42:03+00:00\",\"breadcrumb\":{\"@id\":\"https:\/\/acadiantest.cocompass.com\/culture\/books\/acadians-cajuns-cd-rom\/#breadcrumb\"},\"inLanguage\":\"fr-CA\",\"potentialAction\":[{\"@type\":\"ReadAction\",\"target\":[\"https:\/\/acadiantest.cocompass.com\/culture\/books\/acadians-cajuns-cd-rom\/\"]}]},{\"@type\":\"ImageObject\",\"inLanguage\":\"fr-CA\",\"@id\":\"https:\/\/acadiantest.cocompass.com\/culture\/books\/acadians-cajuns-cd-rom\/#primaryimage\",\"url\":\"https:\/\/acadiantest.cocompass.com\/images\/marriele%20photo.jpg\",\"contentUrl\":\"https:\/\/acadiantest.cocompass.com\/images\/marriele%20photo.jpg\"},{\"@type\":\"BreadcrumbList\",\"@id\":\"https:\/\/acadiantest.cocompass.com\/culture\/books\/acadians-cajuns-cd-rom\/#breadcrumb\",\"itemListElement\":[{\"@type\":\"ListItem\",\"position\":1,\"name\":\"Accueil\",\"item\":\"https:\/\/acadiantest.cocompass.com\/\"},{\"@type\":\"ListItem\",\"position\":2,\"name\":\"Culture\",\"item\":\"https:\/\/acadiantest.cocompass.com\/culture\/\"},{\"@type\":\"ListItem\",\"position\":3,\"name\":\"Books\",\"item\":\"https:\/\/acadiantest.cocompass.com\/culture\/books\/\"},{\"@type\":\"ListItem\",\"position\":4,\"name\":\"ACADIANS AND CAJUNS on CD-ROM\"}]},{\"@type\":\"WebSite\",\"@id\":\"https:\/\/acadiantest.cocompass.com\/#website\",\"url\":\"https:\/\/acadiantest.cocompass.com\/\",\"name\":\"Acadian Genealogy - Historical Acadian-Cajun Resources\",\"description\":\"Learn About Acadians and Cajuns\",\"publisher\":{\"@id\":\"https:\/\/acadiantest.cocompass.com\/#organization\"},\"potentialAction\":[{\"@type\":\"SearchAction\",\"target\":{\"@type\":\"EntryPoint\",\"urlTemplate\":\"https:\/\/acadiantest.cocompass.com\/?s={search_term_string}\"},\"query-input\":{\"@type\":\"PropertyValueSpecification\",\"valueRequired\":true,\"valueName\":\"search_term_string\"}}],\"inLanguage\":\"fr-CA\"},{\"@type\":\"Organization\",\"@id\":\"https:\/\/acadiantest.cocompass.com\/#organization\",\"name\":\"Acadian Genealogy - Historical Acadian-Cajun Resources\",\"url\":\"https:\/\/acadiantest.cocompass.com\/\",\"logo\":{\"@type\":\"ImageObject\",\"inLanguage\":\"fr-CA\",\"@id\":\"https:\/\/acadiantest.cocompass.com\/#\/schema\/logo\/image\/\",\"url\":\"https:\/\/acadiantest.cocompass.com\/wp-content\/uploads\/logo.png\",\"contentUrl\":\"https:\/\/acadiantest.cocompass.com\/wp-content\/uploads\/logo.png\",\"width\":303,\"height\":125,\"caption\":\"Acadian Genealogy - Historical Acadian-Cajun Resources\"},\"image\":{\"@id\":\"https:\/\/acadiantest.cocompass.com\/#\/schema\/logo\/image\/\"}}]}<\/script>\n<!-- \/ Yoast SEO plugin. -->","yoast_head_json":{"title":"ACADIANS AND CAJUNS on CD-ROM - Acadian Genealogy - Historical Acadian-Cajun Resources","robots":{"index":"noindex","follow":"follow","max-snippet":"max-snippet:-1","max-image-preview":"max-image-preview:large","max-video-preview":"max-video-preview:-1"},"og_locale":"fr_CA","og_type":"article","og_title":"ACADIANS AND CAJUNS on CD-ROM - Acadian Genealogy - Historical Acadian-Cajun Resources","og_description":"By Marielle A. Bourgeois The articles contained in this CD-ROM have been published in Genealogy and History Magazines, by Marielle A. Bourgeois, M.A..C.F.A. a professional genealogist and a writer, who has been awarded prizes as a thorough researcher and an entertaining writer. Marielle is a direct descendant of the first surgeon who came to the [&hellip;]","og_url":"https:\/\/acadiantest.cocompass.com\/fr\/culture\/books\/acadians-cajuns-cd-rom\/","og_site_name":"Acadian Genealogy - Historical Acadian-Cajun Resources","article_modified_time":"2018-12-01T22:42:03+00:00","og_image":[{"url":"https:\/\/acadian.mystagingwebsite.com\/images\/marriele%20photo.jpg","type":"","width":"","height":""}],"twitter_card":"summary_large_image","twitter_misc":{"Estimation du temps de lecture":"2 minutes"},"schema":{"@context":"https:\/\/schema.org","@graph":[{"@type":"WebPage","@id":"https:\/\/acadiantest.cocompass.com\/culture\/books\/acadians-cajuns-cd-rom\/","url":"https:\/\/acadiantest.cocompass.com\/culture\/books\/acadians-cajuns-cd-rom\/","name":"ACADIANS AND CAJUNS on CD-ROM - Acadian Genealogy - Historical Acadian-Cajun Resources","isPartOf":{"@id":"https:\/\/acadiantest.cocompass.com\/#website"},"primaryImageOfPage":{"@id":"https:\/\/acadiantest.cocompass.com\/culture\/books\/acadians-cajuns-cd-rom\/#primaryimage"},"image":{"@id":"https:\/\/acadiantest.cocompass.com\/culture\/books\/acadians-cajuns-cd-rom\/#primaryimage"},"thumbnailUrl":"https:\/\/acadiantest.cocompass.com\/images\/marriele%20photo.jpg","datePublished":"2016-08-21T20:25:47+00:00","dateModified":"2018-12-01T22:42:03+00:00","breadcrumb":{"@id":"https:\/\/acadiantest.cocompass.com\/culture\/books\/acadians-cajuns-cd-rom\/#breadcrumb"},"inLanguage":"fr-CA","potentialAction":[{"@type":"ReadAction","target":["https:\/\/acadiantest.cocompass.com\/culture\/books\/acadians-cajuns-cd-rom\/"]}]},{"@type":"ImageObject","inLanguage":"fr-CA","@id":"https:\/\/acadiantest.cocompass.com\/culture\/books\/acadians-cajuns-cd-rom\/#primaryimage","url":"https:\/\/acadiantest.cocompass.com\/images\/marriele%20photo.jpg","contentUrl":"https:\/\/acadiantest.cocompass.com\/images\/marriele%20photo.jpg"},{"@type":"BreadcrumbList","@id":"https:\/\/acadiantest.cocompass.com\/culture\/books\/acadians-cajuns-cd-rom\/#breadcrumb","itemListElement":[{"@type":"ListItem","position":1,"name":"Accueil","item":"https:\/\/acadiantest.cocompass.com\/"},{"@type":"ListItem","position":2,"name":"Culture","item":"https:\/\/acadiantest.cocompass.com\/culture\/"},{"@type":"ListItem","position":3,"name":"Books","item":"https:\/\/acadiantest.cocompass.com\/culture\/books\/"},{"@type":"ListItem","position":4,"name":"ACADIANS AND CAJUNS on CD-ROM"}]},{"@type":"WebSite","@id":"https:\/\/acadiantest.cocompass.com\/#website","url":"https:\/\/acadiantest.cocompass.com\/","name":"Acadian Genealogy - Historical Acadian-Cajun Resources","description":"Learn About Acadians and Cajuns","publisher":{"@id":"https:\/\/acadiantest.cocompass.com\/#organization"},"potentialAction":[{"@type":"SearchAction","target":{"@type":"EntryPoint","urlTemplate":"https:\/\/acadiantest.cocompass.com\/?s={search_term_string}"},"query-input":{"@type":"PropertyValueSpecification","valueRequired":true,"valueName":"search_term_string"}}],"inLanguage":"fr-CA"},{"@type":"Organization","@id":"https:\/\/acadiantest.cocompass.com\/#organization","name":"Acadian Genealogy - Historical Acadian-Cajun Resources","url":"https:\/\/acadiantest.cocompass.com\/","logo":{"@type":"ImageObject","inLanguage":"fr-CA","@id":"https:\/\/acadiantest.cocompass.com\/#\/schema\/logo\/image\/","url":"https:\/\/acadiantest.cocompass.com\/wp-content\/uploads\/logo.png","contentUrl":"https:\/\/acadiantest.cocompass.com\/wp-content\/uploads\/logo.png","width":303,"height":125,"caption":"Acadian Genealogy - Historical Acadian-Cajun Resources"},"image":{"@id":"https:\/\/acadiantest.cocompass.com\/#\/schema\/logo\/image\/"}}]}},"_links":{"self":[{"href":"https:\/\/acadiantest.cocompass.com\/fr\/wp-json\/wp\/v2\/pages\/236","targetHints":{"allow":["GET"]}}],"collection":[{"href":"https:\/\/acadiantest.cocompass.com\/fr\/wp-json\/wp\/v2\/pages"}],"about":[{"href":"https:\/\/acadiantest.cocompass.com\/fr\/wp-json\/wp\/v2\/types\/page"}],"author":[{"embeddable":true,"href":"https:\/\/acadiantest.cocompass.com\/fr\/wp-json\/wp\/v2\/users\/2"}],"replies":[{"embeddable":true,"href":"https:\/\/acadiantest.cocompass.com\/fr\/wp-json\/wp\/v2\/comments?post=236"}],"version-history":[{"count":0,"href":"https:\/\/acadiantest.cocompass.com\/fr\/wp-json\/wp\/v2\/pages\/236\/revisions"}],"up":[{"embeddable":true,"href":"https:\/\/acadiantest.cocompass.com\/fr\/wp-json\/wp\/v2\/pages\/201"}],"wp:attachment":[{"href":"https:\/\/acadiantest.cocompass.com\/fr\/wp-json\/wp\/v2\/media?parent=236"}],"curies":[{"name":"wp","href":"https:\/\/api.w.org\/{rel}","templated":true}]}}