{"id":2414,"date":"2017-01-26T16:34:45","date_gmt":"2017-01-26T21:34:45","guid":{"rendered":"https:\/\/acadiantest.cocompass.com\/?page_id=2414"},"modified":"2023-06-30T10:10:41","modified_gmt":"2023-06-30T14:10:41","slug":"links","status":"publish","type":"page","link":"https:\/\/acadiantest.cocompass.com\/fr\/links\/","title":{"rendered":"Links"},"content":{"rendered":"<div class=\"wp-block-columns is-layout-flex wp-container-core-columns-is-layout-28f84493 wp-block-columns-is-layout-flex\">\n<div class=\"wp-block-column is-layout-flow wp-block-column-is-layout-flow\">\n<figure class=\"wp-block-image aligncenter size-full\"><img fetchpriority=\"high\" decoding=\"async\" width=\"500\" height=\"348\" src=\"https:\/\/acadiantest.cocompass.com\/wp-content\/uploads\/wp-links-page\/NewBrunswickGenealogicalSocietyInc1688076333.jpg\" alt=\"\" class=\"wp-image-18339\" srcset=\"https:\/\/acadiantest.cocompass.com\/wp-content\/uploads\/wp-links-page\/NewBrunswickGenealogicalSocietyInc1688076333.jpg 500w, https:\/\/acadiantest.cocompass.com\/wp-content\/uploads\/wp-links-page\/NewBrunswickGenealogicalSocietyInc1688076333-240x167.jpg 240w, https:\/\/acadiantest.cocompass.com\/wp-content\/uploads\/wp-links-page\/NewBrunswickGenealogicalSocietyInc1688076333-480x334.jpg 480w\" sizes=\"(max-width: 500px) 100vw, 500px\" \/><\/figure>\n\n\n\n<p class=\"wp-block-paragraph\"><a href=\"https:\/\/nbgs.ca\/index.php\">New Brunswick Genealogical Society, Inc.<\/a><\/p>\n<\/div>\n\n\n\n<div class=\"wp-block-column is-layout-flow wp-block-column-is-layout-flow\">\n<figure class=\"wp-block-image aligncenter size-full\"><img decoding=\"async\" width=\"500\" height=\"348\" src=\"https:\/\/acadiantest.cocompass.com\/wp-content\/uploads\/wp-links-page\/MaineAcadian1679004004.jpg\" alt=\"\" class=\"wp-image-18085\" srcset=\"https:\/\/acadiantest.cocompass.com\/wp-content\/uploads\/wp-links-page\/MaineAcadian1679004004.jpg 500w, https:\/\/acadiantest.cocompass.com\/wp-content\/uploads\/wp-links-page\/MaineAcadian1679004004-240x167.jpg 240w, https:\/\/acadiantest.cocompass.com\/wp-content\/uploads\/wp-links-page\/MaineAcadian1679004004-480x334.jpg 480w\" sizes=\"(max-width: 500px) 100vw, 500px\" \/><\/figure>\n\n\n\n<p class=\"wp-block-paragraph\"><a href=\"http:\/\/www.maineacadian.org\/home.html\">Maine Acadian<\/a><\/p>\n<\/div>\n<\/div>\n\n\n\n<div class=\"wp-block-columns is-layout-flex wp-container-core-columns-is-layout-28f84493 wp-block-columns-is-layout-flex\">\n<div class=\"wp-block-column is-layout-flow wp-block-column-is-layout-flow\">\n<figure class=\"wp-block-image aligncenter size-large\"><img decoding=\"async\" width=\"800\" height=\"800\" src=\"https:\/\/acadiantest.cocompass.com\/wp-content\/uploads\/johnson-800x800.png\" alt=\"\" class=\"wp-image-17242\" srcset=\"https:\/\/acadiantest.cocompass.com\/wp-content\/uploads\/johnson-800x800.png 800w, https:\/\/acadiantest.cocompass.com\/wp-content\/uploads\/johnson-400x400.png 400w, https:\/\/acadiantest.cocompass.com\/wp-content\/uploads\/johnson-100x100.png 100w, https:\/\/acadiantest.cocompass.com\/wp-content\/uploads\/johnson-500x500.png 500w, https:\/\/acadiantest.cocompass.com\/wp-content\/uploads\/johnson-240x240.png 240w, https:\/\/acadiantest.cocompass.com\/wp-content\/uploads\/johnson-768x768.png 768w, https:\/\/acadiantest.cocompass.com\/wp-content\/uploads\/johnson-1080x1080.png 1080w, https:\/\/acadiantest.cocompass.com\/wp-content\/uploads\/johnson-980x980.png 980w, https:\/\/acadiantest.cocompass.com\/wp-content\/uploads\/johnson-480x480.png 480w, https:\/\/acadiantest.cocompass.com\/wp-content\/uploads\/johnson-510x510.png 510w, https:\/\/acadiantest.cocompass.com\/wp-content\/uploads\/johnson.png 1280w\" sizes=\"(max-width: 800px) 100vw, 800px\" \/><\/figure>\n\n\n\n<p class=\"wp-block-paragraph\"><a href=\"https:\/\/acadian-johnson-books.ca\/\">Acadian Johnson Books<\/a><\/p>\n<\/div>\n\n\n\n<div class=\"wp-block-column is-layout-flow wp-block-column-is-layout-flow\">\n<figure class=\"wp-block-image aligncenter size-large\"><img loading=\"lazy\" decoding=\"async\" width=\"800\" height=\"558\" src=\"https:\/\/acadiantest.cocompass.com\/wp-content\/uploads\/gene2-800x558.png\" alt=\"\" class=\"wp-image-17220\" srcset=\"https:\/\/acadiantest.cocompass.com\/wp-content\/uploads\/gene2-800x558.png 800w, https:\/\/acadiantest.cocompass.com\/wp-content\/uploads\/gene2-500x348.png 500w, https:\/\/acadiantest.cocompass.com\/wp-content\/uploads\/gene2-240x167.png 240w, https:\/\/acadiantest.cocompass.com\/wp-content\/uploads\/gene2-768x535.png 768w, https:\/\/acadiantest.cocompass.com\/wp-content\/uploads\/gene2-980x683.png 980w, https:\/\/acadiantest.cocompass.com\/wp-content\/uploads\/gene2-480x335.png 480w, https:\/\/acadiantest.cocompass.com\/wp-content\/uploads\/gene2-510x355.png 510w, https:\/\/acadiantest.cocompass.com\/wp-content\/uploads\/gene2.png 1003w\" sizes=\"(max-width: 800px) 100vw, 800px\" \/><\/figure>\n\n\n\n<p class=\"wp-block-paragraph\"><a href=\"https:\/\/www.genealogiequebec.com\/\">G\u00e9n\u00e9alogie Qu\u00e9bec<\/a><\/p>\n<\/div>\n<\/div>\n\n\n\n<div class=\"wp-block-columns is-layout-flex wp-container-core-columns-is-layout-28f84493 wp-block-columns-is-layout-flex\">\n<div class=\"wp-block-column is-layout-flow wp-block-column-is-layout-flow\">\n<figure class=\"wp-block-image aligncenter size-full\"><img loading=\"lazy\" decoding=\"async\" width=\"500\" height=\"348\" src=\"https:\/\/acadiantest.cocompass.com\/wp-content\/uploads\/wp-links-page\/UploadYourFamilyTreetoMyHeritage1688076198.jpg\" alt=\"\" class=\"wp-image-18338\" srcset=\"https:\/\/acadiantest.cocompass.com\/wp-content\/uploads\/wp-links-page\/UploadYourFamilyTreetoMyHeritage1688076198.jpg 500w, https:\/\/acadiantest.cocompass.com\/wp-content\/uploads\/wp-links-page\/UploadYourFamilyTreetoMyHeritage1688076198-240x167.jpg 240w, https:\/\/acadiantest.cocompass.com\/wp-content\/uploads\/wp-links-page\/UploadYourFamilyTreetoMyHeritage1688076198-480x334.jpg 480w\" sizes=\"(max-width: 500px) 100vw, 500px\" \/><\/figure>\n\n\n\n<p class=\"wp-block-paragraph\"><a href=\"https:\/\/www.myheritage.com\/?utm_source=partner_acadian&#038;utm_medium=partner&#038;utm_campaign=acadian_homepage&#038;tr_country=&#038;tr_device=&#038;tr_funnel=web\">Upload Your Family Tree to MyHeritage<\/a><\/p>\n<\/div>\n\n\n\n<div class=\"wp-block-column is-layout-flow wp-block-column-is-layout-flow\">\n<figure class=\"wp-block-image aligncenter size-full\"><img loading=\"lazy\" decoding=\"async\" width=\"500\" height=\"348\" src=\"https:\/\/acadiantest.cocompass.com\/wp-content\/uploads\/wp-links-page\/TheMelansonStory1688076147.jpg\" alt=\"\" class=\"wp-image-18335\" srcset=\"https:\/\/acadiantest.cocompass.com\/wp-content\/uploads\/wp-links-page\/TheMelansonStory1688076147.jpg 500w, https:\/\/acadiantest.cocompass.com\/wp-content\/uploads\/wp-links-page\/TheMelansonStory1688076147-240x167.jpg 240w, https:\/\/acadiantest.cocompass.com\/wp-content\/uploads\/wp-links-page\/TheMelansonStory1688076147-480x334.jpg 480w\" sizes=\"(max-width: 500px) 100vw, 500px\" \/><\/figure>\n\n\n\n<p class=\"wp-block-paragraph\"><a href=\"https:\/\/gregors-gathering.ca\/Acadia\/Melanson\/the-melanson-story.htm\">The Melanson Story<\/a><\/p>\n<\/div>\n<\/div>\n\n\n\n<div class=\"wp-block-columns is-layout-flex wp-container-core-columns-is-layout-28f84493 wp-block-columns-is-layout-flex\">\n<div class=\"wp-block-column is-layout-flow wp-block-column-is-layout-flow\">\n<figure class=\"wp-block-image aligncenter size-full\"><img loading=\"lazy\" decoding=\"async\" width=\"500\" height=\"348\" src=\"https:\/\/acadiantest.cocompass.com\/wp-content\/uploads\/wp-links-page\/AcadianMuseum1688076181.jpg\" alt=\"\" class=\"wp-image-18337\" srcset=\"https:\/\/acadiantest.cocompass.com\/wp-content\/uploads\/wp-links-page\/AcadianMuseum1688076181.jpg 500w, https:\/\/acadiantest.cocompass.com\/wp-content\/uploads\/wp-links-page\/AcadianMuseum1688076181-240x167.jpg 240w, https:\/\/acadiantest.cocompass.com\/wp-content\/uploads\/wp-links-page\/AcadianMuseum1688076181-480x334.jpg 480w\" sizes=\"(max-width: 500px) 100vw, 500px\" \/><\/figure>\n\n\n\n<p class=\"wp-block-paragraph\"><a href=\"https:\/\/www.acadianmuseum.com\/\">Acadian Museum<\/a><\/p>\n<\/div>\n\n\n\n<div class=\"wp-block-column is-layout-flow wp-block-column-is-layout-flow\">\n<figure class=\"wp-block-image aligncenter size-full\"><img loading=\"lazy\" decoding=\"async\" width=\"500\" height=\"348\" src=\"https:\/\/acadiantest.cocompass.com\/wp-content\/uploads\/wp-links-page\/MuseeAcadien1688076162.jpg\" alt=\"\" class=\"wp-image-18336\" srcset=\"https:\/\/acadiantest.cocompass.com\/wp-content\/uploads\/wp-links-page\/MuseeAcadien1688076162.jpg 500w, https:\/\/acadiantest.cocompass.com\/wp-content\/uploads\/wp-links-page\/MuseeAcadien1688076162-240x167.jpg 240w, https:\/\/acadiantest.cocompass.com\/wp-content\/uploads\/wp-links-page\/MuseeAcadien1688076162-480x334.jpg 480w\" sizes=\"(max-width: 500px) 100vw, 500px\" \/><\/figure>\n\n\n\n<p class=\"wp-block-paragraph\"><a href=\"https:\/\/www.museeacadien.org\/?lang=en\">Musee Acadien<\/a><\/p>\n<\/div>\n<\/div>\n\n\n\n<div class=\"wp-block-columns is-layout-flex wp-container-core-columns-is-layout-28f84493 wp-block-columns-is-layout-flex\">\n<div class=\"wp-block-column is-layout-flow wp-block-column-is-layout-flow\">\n<figure class=\"wp-block-image aligncenter size-full\"><img loading=\"lazy\" decoding=\"async\" width=\"500\" height=\"348\" src=\"https:\/\/acadiantest.cocompass.com\/wp-content\/uploads\/wp-links-page\/SeitzTravel1688076131.jpg\" alt=\"\" class=\"wp-image-18334\" srcset=\"https:\/\/acadiantest.cocompass.com\/wp-content\/uploads\/wp-links-page\/SeitzTravel1688076131.jpg 500w, https:\/\/acadiantest.cocompass.com\/wp-content\/uploads\/wp-links-page\/SeitzTravel1688076131-240x167.jpg 240w, https:\/\/acadiantest.cocompass.com\/wp-content\/uploads\/wp-links-page\/SeitzTravel1688076131-480x334.jpg 480w\" sizes=\"(max-width: 500px) 100vw, 500px\" \/><\/figure>\n\n\n\n<p class=\"wp-block-paragraph\"><a href=\"https:\/\/www.seitztravel.com\">Seitz Travel<\/a><\/p>\n<\/div>\n\n\n\n<div class=\"wp-block-column is-layout-flow wp-block-column-is-layout-flow\">\n<figure class=\"wp-block-image aligncenter size-full\"><img loading=\"lazy\" decoding=\"async\" width=\"500\" height=\"348\" src=\"https:\/\/acadiantest.cocompass.com\/wp-content\/uploads\/wp-links-page\/CMA20241688076099.jpg\" alt=\"\" class=\"wp-image-18333\" srcset=\"https:\/\/acadiantest.cocompass.com\/wp-content\/uploads\/wp-links-page\/CMA20241688076099.jpg 500w, https:\/\/acadiantest.cocompass.com\/wp-content\/uploads\/wp-links-page\/CMA20241688076099-240x167.jpg 240w, https:\/\/acadiantest.cocompass.com\/wp-content\/uploads\/wp-links-page\/CMA20241688076099-480x334.jpg 480w\" sizes=\"(max-width: 500px) 100vw, 500px\" \/><\/figure>\n\n\n\n<p class=\"wp-block-paragraph\"><a href=\"https:\/\/www.cma2024.ca\">CMA 2024<\/a><\/p>\n<\/div>\n<\/div>","protected":false},"excerpt":{"rendered":"<p>New Brunswick Genealogical Society, Inc. Maine Acadian Acadian Johnson Books G\u00e9n\u00e9alogie Qu\u00e9bec Upload Your Family Tree to MyHeritage The Melanson Story Acadian Museum Musee Acadien Seitz Travel CMA 2024<\/p>","protected":false},"author":1,"featured_media":0,"parent":0,"menu_order":0,"comment_status":"closed","ping_status":"closed","template":"","meta":{"_crdt_document":"","_themeisle_gutenberg_block_has_review":false,"iawp_total_views":0,"footnotes":""},"class_list":["post-2414","page","type-page","status-publish","hentry"],"yoast_head":"<!-- This site is optimized with the Yoast SEO plugin v26.6 - https:\/\/yoast.com\/wordpress\/plugins\/seo\/ -->\n<title>Links - Acadian Genealogy - Historical Acadian-Cajun Resources<\/title>\n<meta name=\"robots\" content=\"noindex, follow, max-snippet:-1, max-image-preview:large, max-video-preview:-1\" \/>\n<meta property=\"og:locale\" content=\"fr_CA\" \/>\n<meta property=\"og:type\" content=\"article\" \/>\n<meta property=\"og:title\" content=\"Links - Acadian Genealogy - Historical Acadian-Cajun Resources\" \/>\n<meta property=\"og:description\" content=\"New Brunswick Genealogical Society, Inc. Maine Acadian Acadian Johnson Books G\u00e9n\u00e9alogie Qu\u00e9bec Upload Your Family Tree to MyHeritage The Melanson Story Acadian Museum Musee Acadien Seitz Travel CMA 2024\" \/>\n<meta property=\"og:url\" content=\"https:\/\/acadiantest.cocompass.com\/fr\/links\/\" \/>\n<meta property=\"og:site_name\" content=\"Acadian Genealogy - Historical Acadian-Cajun Resources\" \/>\n<meta property=\"article:modified_time\" content=\"2023-06-30T14:10:41+00:00\" \/>\n<meta property=\"og:image\" content=\"https:\/\/acadian.mystagingwebsite.com\/wp-content\/uploads\/wp-links-page\/NewBrunswickGenealogicalSocietyInc1688076333.jpg\" \/>\n<meta name=\"twitter:card\" content=\"summary_large_image\" \/>\n<meta name=\"twitter:label1\" content=\"Estimation du temps de lecture\" \/>\n\t<meta name=\"twitter:data1\" content=\"3 minutes\" \/>\n<script type=\"application\/ld+json\" class=\"yoast-schema-graph\">{\"@context\":\"https:\/\/schema.org\",\"@graph\":[{\"@type\":\"WebPage\",\"@id\":\"https:\/\/acadiantest.cocompass.com\/links\/\",\"url\":\"https:\/\/acadiantest.cocompass.com\/links\/\",\"name\":\"Links - Acadian Genealogy - Historical Acadian-Cajun Resources\",\"isPartOf\":{\"@id\":\"https:\/\/acadiantest.cocompass.com\/#website\"},\"primaryImageOfPage\":{\"@id\":\"https:\/\/acadiantest.cocompass.com\/links\/#primaryimage\"},\"image\":{\"@id\":\"https:\/\/acadiantest.cocompass.com\/links\/#primaryimage\"},\"thumbnailUrl\":\"https:\/\/acadiantest.cocompass.com\/wp-content\/uploads\/wp-links-page\/NewBrunswickGenealogicalSocietyInc1688076333.jpg\",\"datePublished\":\"2017-01-26T21:34:45+00:00\",\"dateModified\":\"2023-06-30T14:10:41+00:00\",\"breadcrumb\":{\"@id\":\"https:\/\/acadiantest.cocompass.com\/links\/#breadcrumb\"},\"inLanguage\":\"fr-CA\",\"potentialAction\":[{\"@type\":\"ReadAction\",\"target\":[\"https:\/\/acadiantest.cocompass.com\/links\/\"]}]},{\"@type\":\"ImageObject\",\"inLanguage\":\"fr-CA\",\"@id\":\"https:\/\/acadiantest.cocompass.com\/links\/#primaryimage\",\"url\":\"https:\/\/acadiantest.cocompass.com\/wp-content\/uploads\/wp-links-page\/NewBrunswickGenealogicalSocietyInc1688076333.jpg\",\"contentUrl\":\"https:\/\/acadiantest.cocompass.com\/wp-content\/uploads\/wp-links-page\/NewBrunswickGenealogicalSocietyInc1688076333.jpg\"},{\"@type\":\"BreadcrumbList\",\"@id\":\"https:\/\/acadiantest.cocompass.com\/links\/#breadcrumb\",\"itemListElement\":[{\"@type\":\"ListItem\",\"position\":1,\"name\":\"Accueil\",\"item\":\"https:\/\/acadiantest.cocompass.com\/\"},{\"@type\":\"ListItem\",\"position\":2,\"name\":\"Links\"}]},{\"@type\":\"WebSite\",\"@id\":\"https:\/\/acadiantest.cocompass.com\/#website\",\"url\":\"https:\/\/acadiantest.cocompass.com\/\",\"name\":\"Acadian Genealogy - Historical Acadian-Cajun Resources\",\"description\":\"Learn About Acadians and Cajuns\",\"publisher\":{\"@id\":\"https:\/\/acadiantest.cocompass.com\/#organization\"},\"potentialAction\":[{\"@type\":\"SearchAction\",\"target\":{\"@type\":\"EntryPoint\",\"urlTemplate\":\"https:\/\/acadiantest.cocompass.com\/?s={search_term_string}\"},\"query-input\":{\"@type\":\"PropertyValueSpecification\",\"valueRequired\":true,\"valueName\":\"search_term_string\"}}],\"inLanguage\":\"fr-CA\"},{\"@type\":\"Organization\",\"@id\":\"https:\/\/acadiantest.cocompass.com\/#organization\",\"name\":\"Acadian Genealogy - Historical Acadian-Cajun Resources\",\"url\":\"https:\/\/acadiantest.cocompass.com\/\",\"logo\":{\"@type\":\"ImageObject\",\"inLanguage\":\"fr-CA\",\"@id\":\"https:\/\/acadiantest.cocompass.com\/#\/schema\/logo\/image\/\",\"url\":\"https:\/\/acadiantest.cocompass.com\/wp-content\/uploads\/logo.png\",\"contentUrl\":\"https:\/\/acadiantest.cocompass.com\/wp-content\/uploads\/logo.png\",\"width\":303,\"height\":125,\"caption\":\"Acadian Genealogy - Historical Acadian-Cajun Resources\"},\"image\":{\"@id\":\"https:\/\/acadiantest.cocompass.com\/#\/schema\/logo\/image\/\"}}]}<\/script>\n<!-- \/ Yoast SEO plugin. -->","yoast_head_json":{"title":"Links - Acadian Genealogy - Historical Acadian-Cajun Resources","robots":{"index":"noindex","follow":"follow","max-snippet":"max-snippet:-1","max-image-preview":"max-image-preview:large","max-video-preview":"max-video-preview:-1"},"og_locale":"fr_CA","og_type":"article","og_title":"Links - Acadian Genealogy - Historical Acadian-Cajun Resources","og_description":"New Brunswick Genealogical Society, Inc. Maine Acadian Acadian Johnson Books G\u00e9n\u00e9alogie Qu\u00e9bec Upload Your Family Tree to MyHeritage The Melanson Story Acadian Museum Musee Acadien Seitz Travel CMA 2024","og_url":"https:\/\/acadiantest.cocompass.com\/fr\/links\/","og_site_name":"Acadian Genealogy - Historical Acadian-Cajun Resources","article_modified_time":"2023-06-30T14:10:41+00:00","og_image":[{"url":"https:\/\/acadian.mystagingwebsite.com\/wp-content\/uploads\/wp-links-page\/NewBrunswickGenealogicalSocietyInc1688076333.jpg","type":"","width":"","height":""}],"twitter_card":"summary_large_image","twitter_misc":{"Estimation du temps de lecture":"3 minutes"},"schema":{"@context":"https:\/\/schema.org","@graph":[{"@type":"WebPage","@id":"https:\/\/acadiantest.cocompass.com\/links\/","url":"https:\/\/acadiantest.cocompass.com\/links\/","name":"Links - Acadian Genealogy - Historical Acadian-Cajun Resources","isPartOf":{"@id":"https:\/\/acadiantest.cocompass.com\/#website"},"primaryImageOfPage":{"@id":"https:\/\/acadiantest.cocompass.com\/links\/#primaryimage"},"image":{"@id":"https:\/\/acadiantest.cocompass.com\/links\/#primaryimage"},"thumbnailUrl":"https:\/\/acadiantest.cocompass.com\/wp-content\/uploads\/wp-links-page\/NewBrunswickGenealogicalSocietyInc1688076333.jpg","datePublished":"2017-01-26T21:34:45+00:00","dateModified":"2023-06-30T14:10:41+00:00","breadcrumb":{"@id":"https:\/\/acadiantest.cocompass.com\/links\/#breadcrumb"},"inLanguage":"fr-CA","potentialAction":[{"@type":"ReadAction","target":["https:\/\/acadiantest.cocompass.com\/links\/"]}]},{"@type":"ImageObject","inLanguage":"fr-CA","@id":"https:\/\/acadiantest.cocompass.com\/links\/#primaryimage","url":"https:\/\/acadiantest.cocompass.com\/wp-content\/uploads\/wp-links-page\/NewBrunswickGenealogicalSocietyInc1688076333.jpg","contentUrl":"https:\/\/acadiantest.cocompass.com\/wp-content\/uploads\/wp-links-page\/NewBrunswickGenealogicalSocietyInc1688076333.jpg"},{"@type":"BreadcrumbList","@id":"https:\/\/acadiantest.cocompass.com\/links\/#breadcrumb","itemListElement":[{"@type":"ListItem","position":1,"name":"Accueil","item":"https:\/\/acadiantest.cocompass.com\/"},{"@type":"ListItem","position":2,"name":"Links"}]},{"@type":"WebSite","@id":"https:\/\/acadiantest.cocompass.com\/#website","url":"https:\/\/acadiantest.cocompass.com\/","name":"Acadian Genealogy - Historical Acadian-Cajun Resources","description":"Learn About Acadians and Cajuns","publisher":{"@id":"https:\/\/acadiantest.cocompass.com\/#organization"},"potentialAction":[{"@type":"SearchAction","target":{"@type":"EntryPoint","urlTemplate":"https:\/\/acadiantest.cocompass.com\/?s={search_term_string}"},"query-input":{"@type":"PropertyValueSpecification","valueRequired":true,"valueName":"search_term_string"}}],"inLanguage":"fr-CA"},{"@type":"Organization","@id":"https:\/\/acadiantest.cocompass.com\/#organization","name":"Acadian Genealogy - Historical Acadian-Cajun Resources","url":"https:\/\/acadiantest.cocompass.com\/","logo":{"@type":"ImageObject","inLanguage":"fr-CA","@id":"https:\/\/acadiantest.cocompass.com\/#\/schema\/logo\/image\/","url":"https:\/\/acadiantest.cocompass.com\/wp-content\/uploads\/logo.png","contentUrl":"https:\/\/acadiantest.cocompass.com\/wp-content\/uploads\/logo.png","width":303,"height":125,"caption":"Acadian Genealogy - Historical Acadian-Cajun Resources"},"image":{"@id":"https:\/\/acadiantest.cocompass.com\/#\/schema\/logo\/image\/"}}]}},"_links":{"self":[{"href":"https:\/\/acadiantest.cocompass.com\/fr\/wp-json\/wp\/v2\/pages\/2414","targetHints":{"allow":["GET"]}}],"collection":[{"href":"https:\/\/acadiantest.cocompass.com\/fr\/wp-json\/wp\/v2\/pages"}],"about":[{"href":"https:\/\/acadiantest.cocompass.com\/fr\/wp-json\/wp\/v2\/types\/page"}],"author":[{"embeddable":true,"href":"https:\/\/acadiantest.cocompass.com\/fr\/wp-json\/wp\/v2\/users\/1"}],"replies":[{"embeddable":true,"href":"https:\/\/acadiantest.cocompass.com\/fr\/wp-json\/wp\/v2\/comments?post=2414"}],"version-history":[{"count":0,"href":"https:\/\/acadiantest.cocompass.com\/fr\/wp-json\/wp\/v2\/pages\/2414\/revisions"}],"wp:attachment":[{"href":"https:\/\/acadiantest.cocompass.com\/fr\/wp-json\/wp\/v2\/media?parent=2414"}],"curies":[{"name":"wp","href":"https:\/\/api.w.org\/{rel}","templated":true}]}}