{"id":288,"date":"2016-08-21T17:08:39","date_gmt":"2016-08-21T21:08:39","guid":{"rendered":"https:\/\/acadiantest.cocompass.com\/?page_id=288"},"modified":"2018-06-11T20:15:12","modified_gmt":"2018-06-12T00:15:12","slug":"la-petite-rochelle-village","status":"publish","type":"page","link":"https:\/\/acadiantest.cocompass.com\/fr\/history\/la-petite-rochelle-village\/","title":{"rendered":"La Petite Rochelle Village"},"content":{"rendered":"<p>HISTORY: COMMODORE BYRON&#8217;S CONQUEST<br \/>\nSurveyors say they&#8217;ve found Acadian settlement<\/p>\n<p>The Canadian Press<br \/>\nJuly 19, 2008<\/p>\n<p>SAINT JOHN, N.B. &#8212; It&#8217;s a modern-day treasure hunt using ancient documents and, to some, the prize is much more valuable than gold or jewels.<\/p>\n<p>Following an 18th-century English map and the journals of British Commodore John Byron &#8211; the man who led the English conquest against the Acadians &#8211; a Quebec archeologist thinks he might have found the village of La Petite-Rochelle, the last settlement that Cmdre. Byron burned to the ground.<\/p>\n<p>&#8220;We&#8217;re pretty confident that we&#8217;ve located the village that the Acadians had fled to, to get away from the deportation,&#8221; said Michel Goudreau, vice-president of Quebec-based La Soci\u00e9t\u00e9 Historique Machault, the organization that sponsored the survey.<\/p>\n<p>&#8220;These are the people who did get away, and they&#8217;re why we still have an Acadian population in northern New Brunswick.&#8221;<br \/>\nLocated in Quebec, just across the Restigouche River from Campbellton, N.B., La Petite-Rochelle was a community of about 200 houses, founded after the expulsion of the Acadians, an event that has since become known to history as the Great Upheaval.<\/p>\n<p>Coming at a time of serious animosity between the French and English, the Great Upheaval resulted in the expulsion of Acadians from Nova Scotia and Prince Edward Island between 1755 and 1763.<\/p>\n<p>In the end, more than 10,000 Acadians were deported from the Maritimes and those who escaped deportation fled into Quebec and New Brunswick.<\/p>\n<h4 align=\"CENTER\"><img decoding=\"async\" src=\"https:\/\/acadiantest.cocompass.com\/images\/LaPetiteRochelle_john_byron.jpg\" width=\"106\" height=\"128\" \/><\/h4>\n<h5 align=\"CENTER\">Commodore John Byron<\/h5>\n<h3 align=\"center\">Le site de La Petite-Rochelle a 250 ans<\/h3>\n<p>Des fouilles arch\u00e9ologiques pourraient \u00eatre amorc\u00e9es cet \u00e9t\u00e9 (2008) sur le site de l&#8217;ancien village acadien de La Petite-Rochelle. Une demande de financement a \u00e9t\u00e9 achemin\u00e9e au gouvernement du Qu\u00e9bec dans le cadre du 250e anniversaire de la fondation du village.<\/p>\n<p align=\"left\">De 1758 \u00e0 1760 pr\u00e8s de 1000 Acadiens, fuyant la d\u00e9portation, ont trouv\u00e9 refuge dans la partie fran\u00e7aise de la Baie-des-Chaleurs, sur un site situ\u00e9 quelque peu \u00e0 l&#8217;est de la municipalit\u00e9 actuelle de Pointe-\u00e0-la-Croix. Le village abritait aussi 500 autochtones.<\/p>\n<p align=\"left\">Les soldats anglais ont br\u00fbl\u00e9 les maisons du village au d\u00e9but du mois de juillet 1760 lors de la bataille de la Ristigouche. Les habitants de La Petite-Rochelle se sont ensuite dispers\u00e9s sur les deux rives de la baie des Chaleurs.<\/p>\n<p align=\"left\">Le vice-pr\u00e9sident de la Soci\u00e9t\u00e9 historique Machault, Michel Goudreault, explique que l&#8217;organisme travaille depuis pr\u00e8s d&#8217;une quinzaine d&#8217;ann\u00e9es \u00e0 la mise en valeur du site. \u00ab Mais l\u00e0, il semble qu&#8217;il y ait une ouverture de la part du minist\u00e8re \u00bb, indique M. Goudreault.<\/p>\n<h4 align=\"center\"><img decoding=\"async\" src=\"https:\/\/acadiantest.cocompass.com\/images\/LaPetiteRochelle_archeologie-fouilles-site.jpg\" width=\"180\" height=\"135\" \/><\/h4>\n<p>Selon des \u00e9tudes effectu\u00e9es dans les ann\u00e9es 90, les fouilles pourraient mettre au jour de nombreuses pi\u00e8ces. \u00ab Il y a beaucoup de choses qui ont \u00e9t\u00e9 trouv\u00e9es au fil des ans sur les terrains que ce soit des ba\u00efonnettes, des vestiges de fondations \u00bb, souligne le vice-pr\u00e9sident de la Soci\u00e9t\u00e9 historique Machault.<\/p>\n<p align=\"left\">L&#8217;organisme esp\u00e8re recevoir le financement du minist\u00e8re de la Culture et des Communications au printemps.<\/p>\n<div align=\"CENTER\">Si tel est le cas, des travaux de sondages pourraient \u00eatre effectu\u00e9s durant l&#8217;\u00e9t\u00e9, au moment m\u00eame o\u00f9 se d\u00e9rouleront les festivit\u00e9s entourant le 250e anniversaire.<\/div>","protected":false},"excerpt":{"rendered":"<p>HISTORY: COMMODORE BYRON&#8217;S CONQUEST Surveyors say they&#8217;ve found Acadian settlement The Canadian Press July 19, 2008 SAINT JOHN, N.B. &#8212; It&#8217;s a modern-day treasure hunt using ancient documents and, to some, the prize is much more valuable than gold or jewels. Following an 18th-century English map and the journals of British Commodore John Byron &#8211; [&hellip;]<\/p>","protected":false},"author":1,"featured_media":0,"parent":49,"menu_order":0,"comment_status":"closed","ping_status":"closed","template":"","meta":{"_crdt_document":"","_themeisle_gutenberg_block_has_review":false,"iawp_total_views":0,"footnotes":""},"class_list":["post-288","page","type-page","status-publish","hentry"],"yoast_head":"<!-- This site is optimized with the Yoast SEO plugin v26.6 - https:\/\/yoast.com\/wordpress\/plugins\/seo\/ -->\n<title>La Petite Rochelle Village - Acadian Genealogy - Historical Acadian-Cajun Resources<\/title>\n<meta name=\"robots\" content=\"noindex, follow, max-snippet:-1, max-image-preview:large, max-video-preview:-1\" \/>\n<meta property=\"og:locale\" content=\"fr_CA\" \/>\n<meta property=\"og:type\" content=\"article\" \/>\n<meta property=\"og:title\" content=\"La Petite Rochelle Village - Acadian Genealogy - Historical Acadian-Cajun Resources\" \/>\n<meta property=\"og:description\" content=\"HISTORY: COMMODORE BYRON&#8217;S CONQUEST Surveyors say they&#8217;ve found Acadian settlement The Canadian Press July 19, 2008 SAINT JOHN, N.B. &#8212; It&#8217;s a modern-day treasure hunt using ancient documents and, to some, the prize is much more valuable than gold or jewels. Following an 18th-century English map and the journals of British Commodore John Byron &#8211; [&hellip;]\" \/>\n<meta property=\"og:url\" content=\"https:\/\/acadiantest.cocompass.com\/fr\/history\/la-petite-rochelle-village\/\" \/>\n<meta property=\"og:site_name\" content=\"Acadian Genealogy - Historical Acadian-Cajun Resources\" \/>\n<meta property=\"article:modified_time\" content=\"2018-06-12T00:15:12+00:00\" \/>\n<meta property=\"og:image\" content=\"https:\/\/acadian.mystagingwebsite.com\/images\/LaPetiteRochelle_john_byron.jpg\" \/>\n<meta name=\"twitter:card\" content=\"summary_large_image\" \/>\n<meta name=\"twitter:label1\" content=\"Estimation du temps de lecture\" \/>\n\t<meta name=\"twitter:data1\" content=\"3 minutes\" \/>\n<script type=\"application\/ld+json\" class=\"yoast-schema-graph\">{\"@context\":\"https:\/\/schema.org\",\"@graph\":[{\"@type\":\"WebPage\",\"@id\":\"https:\/\/acadiantest.cocompass.com\/history\/la-petite-rochelle-village\/\",\"url\":\"https:\/\/acadiantest.cocompass.com\/history\/la-petite-rochelle-village\/\",\"name\":\"La Petite Rochelle Village - Acadian Genealogy - Historical Acadian-Cajun Resources\",\"isPartOf\":{\"@id\":\"https:\/\/acadiantest.cocompass.com\/#website\"},\"primaryImageOfPage\":{\"@id\":\"https:\/\/acadiantest.cocompass.com\/history\/la-petite-rochelle-village\/#primaryimage\"},\"image\":{\"@id\":\"https:\/\/acadiantest.cocompass.com\/history\/la-petite-rochelle-village\/#primaryimage\"},\"thumbnailUrl\":\"https:\/\/acadiantest.cocompass.com\/images\/LaPetiteRochelle_john_byron.jpg\",\"datePublished\":\"2016-08-21T21:08:39+00:00\",\"dateModified\":\"2018-06-12T00:15:12+00:00\",\"breadcrumb\":{\"@id\":\"https:\/\/acadiantest.cocompass.com\/history\/la-petite-rochelle-village\/#breadcrumb\"},\"inLanguage\":\"fr-CA\",\"potentialAction\":[{\"@type\":\"ReadAction\",\"target\":[\"https:\/\/acadiantest.cocompass.com\/history\/la-petite-rochelle-village\/\"]}]},{\"@type\":\"ImageObject\",\"inLanguage\":\"fr-CA\",\"@id\":\"https:\/\/acadiantest.cocompass.com\/history\/la-petite-rochelle-village\/#primaryimage\",\"url\":\"https:\/\/acadiantest.cocompass.com\/images\/LaPetiteRochelle_john_byron.jpg\",\"contentUrl\":\"https:\/\/acadiantest.cocompass.com\/images\/LaPetiteRochelle_john_byron.jpg\"},{\"@type\":\"BreadcrumbList\",\"@id\":\"https:\/\/acadiantest.cocompass.com\/history\/la-petite-rochelle-village\/#breadcrumb\",\"itemListElement\":[{\"@type\":\"ListItem\",\"position\":1,\"name\":\"Accueil\",\"item\":\"https:\/\/acadiantest.cocompass.com\/\"},{\"@type\":\"ListItem\",\"position\":2,\"name\":\"History\",\"item\":\"https:\/\/acadiantest.cocompass.com\/history\/\"},{\"@type\":\"ListItem\",\"position\":3,\"name\":\"La Petite Rochelle Village\"}]},{\"@type\":\"WebSite\",\"@id\":\"https:\/\/acadiantest.cocompass.com\/#website\",\"url\":\"https:\/\/acadiantest.cocompass.com\/\",\"name\":\"Acadian Genealogy - Historical Acadian-Cajun Resources\",\"description\":\"Learn About Acadians and Cajuns\",\"publisher\":{\"@id\":\"https:\/\/acadiantest.cocompass.com\/#organization\"},\"potentialAction\":[{\"@type\":\"SearchAction\",\"target\":{\"@type\":\"EntryPoint\",\"urlTemplate\":\"https:\/\/acadiantest.cocompass.com\/?s={search_term_string}\"},\"query-input\":{\"@type\":\"PropertyValueSpecification\",\"valueRequired\":true,\"valueName\":\"search_term_string\"}}],\"inLanguage\":\"fr-CA\"},{\"@type\":\"Organization\",\"@id\":\"https:\/\/acadiantest.cocompass.com\/#organization\",\"name\":\"Acadian Genealogy - Historical Acadian-Cajun Resources\",\"url\":\"https:\/\/acadiantest.cocompass.com\/\",\"logo\":{\"@type\":\"ImageObject\",\"inLanguage\":\"fr-CA\",\"@id\":\"https:\/\/acadiantest.cocompass.com\/#\/schema\/logo\/image\/\",\"url\":\"https:\/\/acadiantest.cocompass.com\/wp-content\/uploads\/logo.png\",\"contentUrl\":\"https:\/\/acadiantest.cocompass.com\/wp-content\/uploads\/logo.png\",\"width\":303,\"height\":125,\"caption\":\"Acadian Genealogy - Historical Acadian-Cajun Resources\"},\"image\":{\"@id\":\"https:\/\/acadiantest.cocompass.com\/#\/schema\/logo\/image\/\"}}]}<\/script>\n<!-- \/ Yoast SEO plugin. -->","yoast_head_json":{"title":"La Petite Rochelle Village - Acadian Genealogy - Historical Acadian-Cajun Resources","robots":{"index":"noindex","follow":"follow","max-snippet":"max-snippet:-1","max-image-preview":"max-image-preview:large","max-video-preview":"max-video-preview:-1"},"og_locale":"fr_CA","og_type":"article","og_title":"La Petite Rochelle Village - Acadian Genealogy - Historical Acadian-Cajun Resources","og_description":"HISTORY: COMMODORE BYRON&#8217;S CONQUEST Surveyors say they&#8217;ve found Acadian settlement The Canadian Press July 19, 2008 SAINT JOHN, N.B. &#8212; It&#8217;s a modern-day treasure hunt using ancient documents and, to some, the prize is much more valuable than gold or jewels. Following an 18th-century English map and the journals of British Commodore John Byron &#8211; [&hellip;]","og_url":"https:\/\/acadiantest.cocompass.com\/fr\/history\/la-petite-rochelle-village\/","og_site_name":"Acadian Genealogy - Historical Acadian-Cajun Resources","article_modified_time":"2018-06-12T00:15:12+00:00","og_image":[{"url":"https:\/\/acadian.mystagingwebsite.com\/images\/LaPetiteRochelle_john_byron.jpg","type":"","width":"","height":""}],"twitter_card":"summary_large_image","twitter_misc":{"Estimation du temps de lecture":"3 minutes"},"schema":{"@context":"https:\/\/schema.org","@graph":[{"@type":"WebPage","@id":"https:\/\/acadiantest.cocompass.com\/history\/la-petite-rochelle-village\/","url":"https:\/\/acadiantest.cocompass.com\/history\/la-petite-rochelle-village\/","name":"La Petite Rochelle Village - Acadian Genealogy - Historical Acadian-Cajun Resources","isPartOf":{"@id":"https:\/\/acadiantest.cocompass.com\/#website"},"primaryImageOfPage":{"@id":"https:\/\/acadiantest.cocompass.com\/history\/la-petite-rochelle-village\/#primaryimage"},"image":{"@id":"https:\/\/acadiantest.cocompass.com\/history\/la-petite-rochelle-village\/#primaryimage"},"thumbnailUrl":"https:\/\/acadiantest.cocompass.com\/images\/LaPetiteRochelle_john_byron.jpg","datePublished":"2016-08-21T21:08:39+00:00","dateModified":"2018-06-12T00:15:12+00:00","breadcrumb":{"@id":"https:\/\/acadiantest.cocompass.com\/history\/la-petite-rochelle-village\/#breadcrumb"},"inLanguage":"fr-CA","potentialAction":[{"@type":"ReadAction","target":["https:\/\/acadiantest.cocompass.com\/history\/la-petite-rochelle-village\/"]}]},{"@type":"ImageObject","inLanguage":"fr-CA","@id":"https:\/\/acadiantest.cocompass.com\/history\/la-petite-rochelle-village\/#primaryimage","url":"https:\/\/acadiantest.cocompass.com\/images\/LaPetiteRochelle_john_byron.jpg","contentUrl":"https:\/\/acadiantest.cocompass.com\/images\/LaPetiteRochelle_john_byron.jpg"},{"@type":"BreadcrumbList","@id":"https:\/\/acadiantest.cocompass.com\/history\/la-petite-rochelle-village\/#breadcrumb","itemListElement":[{"@type":"ListItem","position":1,"name":"Accueil","item":"https:\/\/acadiantest.cocompass.com\/"},{"@type":"ListItem","position":2,"name":"History","item":"https:\/\/acadiantest.cocompass.com\/history\/"},{"@type":"ListItem","position":3,"name":"La Petite Rochelle Village"}]},{"@type":"WebSite","@id":"https:\/\/acadiantest.cocompass.com\/#website","url":"https:\/\/acadiantest.cocompass.com\/","name":"Acadian Genealogy - Historical Acadian-Cajun Resources","description":"Learn About Acadians and Cajuns","publisher":{"@id":"https:\/\/acadiantest.cocompass.com\/#organization"},"potentialAction":[{"@type":"SearchAction","target":{"@type":"EntryPoint","urlTemplate":"https:\/\/acadiantest.cocompass.com\/?s={search_term_string}"},"query-input":{"@type":"PropertyValueSpecification","valueRequired":true,"valueName":"search_term_string"}}],"inLanguage":"fr-CA"},{"@type":"Organization","@id":"https:\/\/acadiantest.cocompass.com\/#organization","name":"Acadian Genealogy - Historical Acadian-Cajun Resources","url":"https:\/\/acadiantest.cocompass.com\/","logo":{"@type":"ImageObject","inLanguage":"fr-CA","@id":"https:\/\/acadiantest.cocompass.com\/#\/schema\/logo\/image\/","url":"https:\/\/acadiantest.cocompass.com\/wp-content\/uploads\/logo.png","contentUrl":"https:\/\/acadiantest.cocompass.com\/wp-content\/uploads\/logo.png","width":303,"height":125,"caption":"Acadian Genealogy - Historical Acadian-Cajun Resources"},"image":{"@id":"https:\/\/acadiantest.cocompass.com\/#\/schema\/logo\/image\/"}}]}},"_links":{"self":[{"href":"https:\/\/acadiantest.cocompass.com\/fr\/wp-json\/wp\/v2\/pages\/288","targetHints":{"allow":["GET"]}}],"collection":[{"href":"https:\/\/acadiantest.cocompass.com\/fr\/wp-json\/wp\/v2\/pages"}],"about":[{"href":"https:\/\/acadiantest.cocompass.com\/fr\/wp-json\/wp\/v2\/types\/page"}],"author":[{"embeddable":true,"href":"https:\/\/acadiantest.cocompass.com\/fr\/wp-json\/wp\/v2\/users\/1"}],"replies":[{"embeddable":true,"href":"https:\/\/acadiantest.cocompass.com\/fr\/wp-json\/wp\/v2\/comments?post=288"}],"version-history":[{"count":0,"href":"https:\/\/acadiantest.cocompass.com\/fr\/wp-json\/wp\/v2\/pages\/288\/revisions"}],"up":[{"embeddable":true,"href":"https:\/\/acadiantest.cocompass.com\/fr\/wp-json\/wp\/v2\/pages\/49"}],"wp:attachment":[{"href":"https:\/\/acadiantest.cocompass.com\/fr\/wp-json\/wp\/v2\/media?parent=288"}],"curies":[{"name":"wp","href":"https:\/\/api.w.org\/{rel}","templated":true}]}}