{"id":318,"date":"2016-08-21T17:21:40","date_gmt":"2016-08-21T21:21:40","guid":{"rendered":"https:\/\/acadiantest.cocompass.com\/?page_id=318"},"modified":"2018-09-12T16:31:10","modified_gmt":"2018-09-12T20:31:10","slug":"unfinished-dreams-contemporary-poetry-acadie","status":"publish","type":"page","link":"https:\/\/acadiantest.cocompass.com\/fr\/culture\/books\/gooselane-acadian-book-distributers\/unfinished-dreams-contemporary-poetry-acadie\/","title":{"rendered":"Unfinished Dreams: Contemporary Poetry of Acadie"},"content":{"rendered":"<p align=\"CENTER\"><img decoding=\"async\" src=\"https:\/\/acadiantest.cocompass.com\/images\/Unfinished%20Dreams.jpg\" width=\"144\" height=\"218\" \/><\/p>\n<p align=\"CENTER\">Unfinished Dreams: Contemporary Poetry of Acadie<br \/>\nEdited by Fred Cogswell and Jo-Anne Elder<br \/>\n0-86492-132-2 \/ $16.95 CDN \/ $14.95 US pb<\/p>\n<p align=\"LEFT\">Acadie is a country which exists in the imagination and words of its people. Its literature is young; its poetry has emerged from sheer experimentation with language &#8211; both in its form and its content. But the poetry of Acadie is more than simply experimentation: it is also a political expression, an insistence on the very existence of an imaginative country. For this anthology, the first ever to be published in English, Fred Cogswell and Jo-Anne Elder have selected and translated poems by Herm\u00e9n\u00e9gilde Chiasson, Anne Cloutier, France Daigle, Ronald Despr\u00e9s, G\u00e9rald Leblanc, Ronald Leblanc, Dyane L\u00e9ger, Rom\u00e9o Savoie and more than 20 other Acadian poets to put together a collection of the most contemporary of Acadian poetry.<\/p>\n<p>Fred Cogswell, a widely published poet, translator, anthologist, reviewer, and critic, was the founder of Fiddlehead Poetry Books. Jo-Anne Elder is a writer, translator, and publisher of Ellipse magazine.<\/p>\n<p align=\"CENTER\"><a href=\"http:\/\/www.amazon.ca\/exec\/obidos\/ASIN\/0864921322\/qid=1118240734\/sr=1-2\/ref=sr_1_2_2\/701-1159853-3053154\" target=\"_blank\" rel=\"noopener\">Click here to order Online from Amazon<\/a><\/p>\n<p align=\"CENTER\"><a href=\"http:\/\/www.chapters.indigo.ca\/item.asp?Item=978086492132&amp;Catalog=Books&amp;Ntt=unfinished%2Bdreams&amp;N=35&amp;Lang=en&amp;Section=books&amp;zxac=1\" target=\"_blank\" rel=\"noopener\">Click here to order Online from Chapters-Indigo<\/a><\/p>\n<p align=\"CENTER\">Scroll just below, to order directly from Distributors\/Publisher<\/p>\n<p align=\"CENTER\">","protected":false},"excerpt":{"rendered":"<p>Unfinished Dreams: Contemporary Poetry of Acadie Edited by Fred Cogswell and Jo-Anne Elder 0-86492-132-2 \/ $16.95 CDN \/ $14.95 US pb Acadie is a country which exists in the imagination and words of its people. Its literature is young; its poetry has emerged from sheer experimentation with language &#8211; both in its form and its [&hellip;]<\/p>","protected":false},"author":2,"featured_media":0,"parent":259,"menu_order":0,"comment_status":"closed","ping_status":"closed","template":"","meta":{"_crdt_document":"","_themeisle_gutenberg_block_has_review":false,"iawp_total_views":0,"footnotes":""},"class_list":["post-318","page","type-page","status-publish","hentry"],"yoast_head":"<!-- This site is optimized with the Yoast SEO plugin v26.6 - https:\/\/yoast.com\/wordpress\/plugins\/seo\/ -->\n<title>Unfinished Dreams: Contemporary Poetry of Acadie - Acadian Genealogy - Historical Acadian-Cajun Resources<\/title>\n<meta name=\"robots\" content=\"noindex, follow, max-snippet:-1, max-image-preview:large, max-video-preview:-1\" \/>\n<meta property=\"og:locale\" content=\"fr_CA\" \/>\n<meta property=\"og:type\" content=\"article\" \/>\n<meta property=\"og:title\" content=\"Unfinished Dreams: Contemporary Poetry of Acadie - Acadian Genealogy - Historical Acadian-Cajun Resources\" \/>\n<meta property=\"og:description\" content=\"Unfinished Dreams: Contemporary Poetry of Acadie Edited by Fred Cogswell and Jo-Anne Elder 0-86492-132-2 \/ $16.95 CDN \/ $14.95 US pb Acadie is a country which exists in the imagination and words of its people. Its literature is young; its poetry has emerged from sheer experimentation with language &#8211; both in its form and its [&hellip;]\" \/>\n<meta property=\"og:url\" content=\"https:\/\/acadiantest.cocompass.com\/fr\/culture\/books\/gooselane-acadian-book-distributers\/unfinished-dreams-contemporary-poetry-acadie\/\" \/>\n<meta property=\"og:site_name\" content=\"Acadian Genealogy - Historical Acadian-Cajun Resources\" \/>\n<meta property=\"article:modified_time\" content=\"2018-09-12T20:31:10+00:00\" \/>\n<meta property=\"og:image\" content=\"https:\/\/acadian.mystagingwebsite.com\/images\/Unfinished%20Dreams.jpg\" \/>\n<meta name=\"twitter:card\" content=\"summary_large_image\" \/>\n<meta name=\"twitter:label1\" content=\"Estimation du temps de lecture\" \/>\n\t<meta name=\"twitter:data1\" content=\"1 minute\" \/>\n<script type=\"application\/ld+json\" class=\"yoast-schema-graph\">{\"@context\":\"https:\/\/schema.org\",\"@graph\":[{\"@type\":\"WebPage\",\"@id\":\"https:\/\/acadiantest.cocompass.com\/culture\/books\/gooselane-acadian-book-distributers\/unfinished-dreams-contemporary-poetry-acadie\/\",\"url\":\"https:\/\/acadiantest.cocompass.com\/culture\/books\/gooselane-acadian-book-distributers\/unfinished-dreams-contemporary-poetry-acadie\/\",\"name\":\"Unfinished Dreams: Contemporary Poetry of Acadie - Acadian Genealogy - Historical Acadian-Cajun Resources\",\"isPartOf\":{\"@id\":\"https:\/\/acadiantest.cocompass.com\/#website\"},\"primaryImageOfPage\":{\"@id\":\"https:\/\/acadiantest.cocompass.com\/culture\/books\/gooselane-acadian-book-distributers\/unfinished-dreams-contemporary-poetry-acadie\/#primaryimage\"},\"image\":{\"@id\":\"https:\/\/acadiantest.cocompass.com\/culture\/books\/gooselane-acadian-book-distributers\/unfinished-dreams-contemporary-poetry-acadie\/#primaryimage\"},\"thumbnailUrl\":\"https:\/\/acadiantest.cocompass.com\/images\/Unfinished%20Dreams.jpg\",\"datePublished\":\"2016-08-21T21:21:40+00:00\",\"dateModified\":\"2018-09-12T20:31:10+00:00\",\"breadcrumb\":{\"@id\":\"https:\/\/acadiantest.cocompass.com\/culture\/books\/gooselane-acadian-book-distributers\/unfinished-dreams-contemporary-poetry-acadie\/#breadcrumb\"},\"inLanguage\":\"fr-CA\",\"potentialAction\":[{\"@type\":\"ReadAction\",\"target\":[\"https:\/\/acadiantest.cocompass.com\/culture\/books\/gooselane-acadian-book-distributers\/unfinished-dreams-contemporary-poetry-acadie\/\"]}]},{\"@type\":\"ImageObject\",\"inLanguage\":\"fr-CA\",\"@id\":\"https:\/\/acadiantest.cocompass.com\/culture\/books\/gooselane-acadian-book-distributers\/unfinished-dreams-contemporary-poetry-acadie\/#primaryimage\",\"url\":\"https:\/\/acadiantest.cocompass.com\/images\/Unfinished%20Dreams.jpg\",\"contentUrl\":\"https:\/\/acadiantest.cocompass.com\/images\/Unfinished%20Dreams.jpg\"},{\"@type\":\"BreadcrumbList\",\"@id\":\"https:\/\/acadiantest.cocompass.com\/culture\/books\/gooselane-acadian-book-distributers\/unfinished-dreams-contemporary-poetry-acadie\/#breadcrumb\",\"itemListElement\":[{\"@type\":\"ListItem\",\"position\":1,\"name\":\"Accueil\",\"item\":\"https:\/\/acadiantest.cocompass.com\/\"},{\"@type\":\"ListItem\",\"position\":2,\"name\":\"Culture\",\"item\":\"https:\/\/acadiantest.cocompass.com\/culture\/\"},{\"@type\":\"ListItem\",\"position\":3,\"name\":\"Books\",\"item\":\"https:\/\/acadiantest.cocompass.com\/culture\/books\/\"},{\"@type\":\"ListItem\",\"position\":4,\"name\":\"Goose Lane Acadian Book Distributers\",\"item\":\"https:\/\/acadiantest.cocompass.com\/culture\/books\/gooselane-acadian-book-distributers\/\"},{\"@type\":\"ListItem\",\"position\":5,\"name\":\"Unfinished Dreams: Contemporary Poetry of Acadie\"}]},{\"@type\":\"WebSite\",\"@id\":\"https:\/\/acadiantest.cocompass.com\/#website\",\"url\":\"https:\/\/acadiantest.cocompass.com\/\",\"name\":\"Acadian Genealogy - Historical Acadian-Cajun Resources\",\"description\":\"Learn About Acadians and Cajuns\",\"publisher\":{\"@id\":\"https:\/\/acadiantest.cocompass.com\/#organization\"},\"potentialAction\":[{\"@type\":\"SearchAction\",\"target\":{\"@type\":\"EntryPoint\",\"urlTemplate\":\"https:\/\/acadiantest.cocompass.com\/?s={search_term_string}\"},\"query-input\":{\"@type\":\"PropertyValueSpecification\",\"valueRequired\":true,\"valueName\":\"search_term_string\"}}],\"inLanguage\":\"fr-CA\"},{\"@type\":\"Organization\",\"@id\":\"https:\/\/acadiantest.cocompass.com\/#organization\",\"name\":\"Acadian Genealogy - Historical Acadian-Cajun Resources\",\"url\":\"https:\/\/acadiantest.cocompass.com\/\",\"logo\":{\"@type\":\"ImageObject\",\"inLanguage\":\"fr-CA\",\"@id\":\"https:\/\/acadiantest.cocompass.com\/#\/schema\/logo\/image\/\",\"url\":\"https:\/\/acadiantest.cocompass.com\/wp-content\/uploads\/logo.png\",\"contentUrl\":\"https:\/\/acadiantest.cocompass.com\/wp-content\/uploads\/logo.png\",\"width\":303,\"height\":125,\"caption\":\"Acadian Genealogy - Historical Acadian-Cajun Resources\"},\"image\":{\"@id\":\"https:\/\/acadiantest.cocompass.com\/#\/schema\/logo\/image\/\"}}]}<\/script>\n<!-- \/ Yoast SEO plugin. -->","yoast_head_json":{"title":"Unfinished Dreams: Contemporary Poetry of Acadie - Acadian Genealogy - Historical Acadian-Cajun Resources","robots":{"index":"noindex","follow":"follow","max-snippet":"max-snippet:-1","max-image-preview":"max-image-preview:large","max-video-preview":"max-video-preview:-1"},"og_locale":"fr_CA","og_type":"article","og_title":"Unfinished Dreams: Contemporary Poetry of Acadie - Acadian Genealogy - Historical Acadian-Cajun Resources","og_description":"Unfinished Dreams: Contemporary Poetry of Acadie Edited by Fred Cogswell and Jo-Anne Elder 0-86492-132-2 \/ $16.95 CDN \/ $14.95 US pb Acadie is a country which exists in the imagination and words of its people. Its literature is young; its poetry has emerged from sheer experimentation with language &#8211; both in its form and its [&hellip;]","og_url":"https:\/\/acadiantest.cocompass.com\/fr\/culture\/books\/gooselane-acadian-book-distributers\/unfinished-dreams-contemporary-poetry-acadie\/","og_site_name":"Acadian Genealogy - Historical Acadian-Cajun Resources","article_modified_time":"2018-09-12T20:31:10+00:00","og_image":[{"url":"https:\/\/acadian.mystagingwebsite.com\/images\/Unfinished%20Dreams.jpg","type":"","width":"","height":""}],"twitter_card":"summary_large_image","twitter_misc":{"Estimation du temps de lecture":"1 minute"},"schema":{"@context":"https:\/\/schema.org","@graph":[{"@type":"WebPage","@id":"https:\/\/acadiantest.cocompass.com\/culture\/books\/gooselane-acadian-book-distributers\/unfinished-dreams-contemporary-poetry-acadie\/","url":"https:\/\/acadiantest.cocompass.com\/culture\/books\/gooselane-acadian-book-distributers\/unfinished-dreams-contemporary-poetry-acadie\/","name":"Unfinished Dreams: Contemporary Poetry of Acadie - Acadian Genealogy - Historical Acadian-Cajun Resources","isPartOf":{"@id":"https:\/\/acadiantest.cocompass.com\/#website"},"primaryImageOfPage":{"@id":"https:\/\/acadiantest.cocompass.com\/culture\/books\/gooselane-acadian-book-distributers\/unfinished-dreams-contemporary-poetry-acadie\/#primaryimage"},"image":{"@id":"https:\/\/acadiantest.cocompass.com\/culture\/books\/gooselane-acadian-book-distributers\/unfinished-dreams-contemporary-poetry-acadie\/#primaryimage"},"thumbnailUrl":"https:\/\/acadiantest.cocompass.com\/images\/Unfinished%20Dreams.jpg","datePublished":"2016-08-21T21:21:40+00:00","dateModified":"2018-09-12T20:31:10+00:00","breadcrumb":{"@id":"https:\/\/acadiantest.cocompass.com\/culture\/books\/gooselane-acadian-book-distributers\/unfinished-dreams-contemporary-poetry-acadie\/#breadcrumb"},"inLanguage":"fr-CA","potentialAction":[{"@type":"ReadAction","target":["https:\/\/acadiantest.cocompass.com\/culture\/books\/gooselane-acadian-book-distributers\/unfinished-dreams-contemporary-poetry-acadie\/"]}]},{"@type":"ImageObject","inLanguage":"fr-CA","@id":"https:\/\/acadiantest.cocompass.com\/culture\/books\/gooselane-acadian-book-distributers\/unfinished-dreams-contemporary-poetry-acadie\/#primaryimage","url":"https:\/\/acadiantest.cocompass.com\/images\/Unfinished%20Dreams.jpg","contentUrl":"https:\/\/acadiantest.cocompass.com\/images\/Unfinished%20Dreams.jpg"},{"@type":"BreadcrumbList","@id":"https:\/\/acadiantest.cocompass.com\/culture\/books\/gooselane-acadian-book-distributers\/unfinished-dreams-contemporary-poetry-acadie\/#breadcrumb","itemListElement":[{"@type":"ListItem","position":1,"name":"Accueil","item":"https:\/\/acadiantest.cocompass.com\/"},{"@type":"ListItem","position":2,"name":"Culture","item":"https:\/\/acadiantest.cocompass.com\/culture\/"},{"@type":"ListItem","position":3,"name":"Books","item":"https:\/\/acadiantest.cocompass.com\/culture\/books\/"},{"@type":"ListItem","position":4,"name":"Goose Lane Acadian Book Distributers","item":"https:\/\/acadiantest.cocompass.com\/culture\/books\/gooselane-acadian-book-distributers\/"},{"@type":"ListItem","position":5,"name":"Unfinished Dreams: Contemporary Poetry of Acadie"}]},{"@type":"WebSite","@id":"https:\/\/acadiantest.cocompass.com\/#website","url":"https:\/\/acadiantest.cocompass.com\/","name":"Acadian Genealogy - Historical Acadian-Cajun Resources","description":"Learn About Acadians and Cajuns","publisher":{"@id":"https:\/\/acadiantest.cocompass.com\/#organization"},"potentialAction":[{"@type":"SearchAction","target":{"@type":"EntryPoint","urlTemplate":"https:\/\/acadiantest.cocompass.com\/?s={search_term_string}"},"query-input":{"@type":"PropertyValueSpecification","valueRequired":true,"valueName":"search_term_string"}}],"inLanguage":"fr-CA"},{"@type":"Organization","@id":"https:\/\/acadiantest.cocompass.com\/#organization","name":"Acadian Genealogy - Historical Acadian-Cajun Resources","url":"https:\/\/acadiantest.cocompass.com\/","logo":{"@type":"ImageObject","inLanguage":"fr-CA","@id":"https:\/\/acadiantest.cocompass.com\/#\/schema\/logo\/image\/","url":"https:\/\/acadiantest.cocompass.com\/wp-content\/uploads\/logo.png","contentUrl":"https:\/\/acadiantest.cocompass.com\/wp-content\/uploads\/logo.png","width":303,"height":125,"caption":"Acadian Genealogy - Historical Acadian-Cajun Resources"},"image":{"@id":"https:\/\/acadiantest.cocompass.com\/#\/schema\/logo\/image\/"}}]}},"_links":{"self":[{"href":"https:\/\/acadiantest.cocompass.com\/fr\/wp-json\/wp\/v2\/pages\/318","targetHints":{"allow":["GET"]}}],"collection":[{"href":"https:\/\/acadiantest.cocompass.com\/fr\/wp-json\/wp\/v2\/pages"}],"about":[{"href":"https:\/\/acadiantest.cocompass.com\/fr\/wp-json\/wp\/v2\/types\/page"}],"author":[{"embeddable":true,"href":"https:\/\/acadiantest.cocompass.com\/fr\/wp-json\/wp\/v2\/users\/2"}],"replies":[{"embeddable":true,"href":"https:\/\/acadiantest.cocompass.com\/fr\/wp-json\/wp\/v2\/comments?post=318"}],"version-history":[{"count":0,"href":"https:\/\/acadiantest.cocompass.com\/fr\/wp-json\/wp\/v2\/pages\/318\/revisions"}],"up":[{"embeddable":true,"href":"https:\/\/acadiantest.cocompass.com\/fr\/wp-json\/wp\/v2\/pages\/259"}],"wp:attachment":[{"href":"https:\/\/acadiantest.cocompass.com\/fr\/wp-json\/wp\/v2\/media?parent=318"}],"curies":[{"name":"wp","href":"https:\/\/api.w.org\/{rel}","templated":true}]}}