{"id":338,"date":"2016-08-21T17:36:24","date_gmt":"2016-08-21T21:36:24","guid":{"rendered":"https:\/\/acadiantest.cocompass.com\/?page_id=338"},"modified":"2018-09-12T16:34:35","modified_gmt":"2018-09-12T20:34:35","slug":"jean-hache-helene-boudreau-book-gaby-burke-vienneau","status":"publish","type":"page","link":"https:\/\/acadiantest.cocompass.com\/fr\/culture\/books\/jean-hache-helene-boudreau-book-gaby-burke-vienneau\/","title":{"rendered":"Jean Hach\u00e9 &#038; H\u00e9l\u00e8ne Boudreau Book, by &#8220;Gaby&#8221; Burke-Vienneau"},"content":{"rendered":"<h4 align=\"CENTER\"><\/h4>\n<p align=\"CENTER\">\u00a0<img fetchpriority=\"high\" decoding=\"async\" src=\"https:\/\/acadiantest.cocompass.com\/images\/gabybook.gif\" width=\"389\" height=\"590\" \/><\/p>\n<p align=\"CENTER\"><a href=\"https:\/\/acadiantest.cocompass.com\/fr\/shop\/\">Click here for details on the &#8220;Acadian-Cajun Family Genealogy&#8221; CD<\/a><\/p>\n<p align=\"CENTER\">This most interesting book contains:<\/p>\n<ul>\n<li>The 368 pages is made up of seven chapters. The first section shows a beautiful overview of life in Acadia before, during, and after the Expulsion.<\/li>\n<li>The second part presents the history of our ancestor Michel Hach\u00e9-Gallant, including his descendants.<\/li>\n<li>Many interesting personal stories, including that of Isa\u00efe Hach\u00e9 and his descendants make up the third unit. The fourth slice is designed for my English readers.<\/li>\n<li>Genealogy, being the most important, is the longest division listing 2,030 persons having 290 different family names.<\/li>\n<li>An interesting index, indicating the names of the numerous persons, along with some pertinent information make up the sixth part.<\/li>\n<li>The 47 pages of chapter six contain 350 precious photos (370 in the whole book)!<\/li>\n<li>An extensive bibliography concludes the volume.<\/li>\n<\/ul>\n<p>From our common ancestor, Michel Hach\u00e9-Gallant, down to the last, there are thirteen generations, and, counting Pierre Larch\u00e9, from France, adds up to fourteen beautiful generations.<\/p>\n<p>This book is available for $35.00 Canadian, plus shipping.<\/p>\n<p>E-mail: <a href=\"mailto:burkegab@bellaliant.net\" target=\"_blank\" rel=\"noopener\">burkegab@bellaliant.net<\/a><\/p>\n<p>Internet: Je vous invite \u00e0 visionner mon site fran\u00e7ais.<br \/>\n<a href=\"http:\/\/www.gabriellevienneau.bravehost.com\/main.html\" target=\"_blank\" rel=\"noopener\">http:\/\/www.gabriellevienneau.bravehost.com\/main.html<\/a><\/p>\n<p>I invite you to visit my English web.<br \/>\n<a href=\"http:\/\/www.gabriellevienneau.bravehost.com\/\" target=\"_blank\" rel=\"noopener\">http:\/\/www.gabriellevienneau.bravehost.com\/<\/a><\/p>\n<p align=\"center\"><img decoding=\"async\" src=\"https:\/\/acadiantest.cocompass.com\/images\/gabyvienneau.gif\" width=\"265\" height=\"399\" \/><\/p>\n<p align=\"center\">Author, Gabrielle &#8220;Gaby&#8221; Burke-Vienneau<\/p>\n<p align=\"CENTER\"><a href=\"https:\/\/acadiantest.cocompass.com\/fr\/shop\/\">Click here for details on the BOUDREAU(X) Family Genealogy CD<\/a><\/p>\n<p align=\"CENTER\"><a href=\"https:\/\/acadiantest.cocompass.com\/fr\/shop\/\">Click here for details on the ACHEE\/HACHE Family Genealogy CD<\/a><\/p>","protected":false},"excerpt":{"rendered":"<p>\u00a0 Click here for details on the &#8220;Acadian-Cajun Family Genealogy&#8221; CD This most interesting book contains: The 368 pages is made up of seven chapters. The first section shows a beautiful overview of life in Acadia before, during, and after the Expulsion. The second part presents the history of our ancestor Michel Hach\u00e9-Gallant, including his [&hellip;]<\/p>","protected":false},"author":2,"featured_media":0,"parent":201,"menu_order":0,"comment_status":"closed","ping_status":"closed","template":"","meta":{"_crdt_document":"","_themeisle_gutenberg_block_has_review":false,"iawp_total_views":0,"footnotes":""},"class_list":["post-338","page","type-page","status-publish","hentry"],"yoast_head":"<!-- This site is optimized with the Yoast SEO plugin v26.6 - https:\/\/yoast.com\/wordpress\/plugins\/seo\/ -->\n<title>Jean Hach\u00e9 &amp; H\u00e9l\u00e8ne Boudreau Book, by &quot;Gaby&quot; Burke-Vienneau - Acadian Genealogy - Historical Acadian-Cajun Resources<\/title>\n<meta name=\"robots\" content=\"noindex, follow, max-snippet:-1, max-image-preview:large, max-video-preview:-1\" \/>\n<meta property=\"og:locale\" content=\"fr_CA\" \/>\n<meta property=\"og:type\" content=\"article\" \/>\n<meta property=\"og:title\" content=\"Jean Hach\u00e9 &amp; H\u00e9l\u00e8ne Boudreau Book, by &quot;Gaby&quot; Burke-Vienneau - Acadian Genealogy - Historical Acadian-Cajun Resources\" \/>\n<meta property=\"og:description\" content=\"\u00a0 Click here for details on the &#8220;Acadian-Cajun Family Genealogy&#8221; CD This most interesting book contains: The 368 pages is made up of seven chapters. The first section shows a beautiful overview of life in Acadia before, during, and after the Expulsion. The second part presents the history of our ancestor Michel Hach\u00e9-Gallant, including his [&hellip;]\" \/>\n<meta property=\"og:url\" content=\"https:\/\/acadiantest.cocompass.com\/fr\/culture\/books\/jean-hache-helene-boudreau-book-gaby-burke-vienneau\/\" \/>\n<meta property=\"og:site_name\" content=\"Acadian Genealogy - Historical Acadian-Cajun Resources\" \/>\n<meta property=\"article:modified_time\" content=\"2018-09-12T20:34:35+00:00\" \/>\n<meta property=\"og:image\" content=\"https:\/\/acadian.mystagingwebsite.com\/images\/gabybook.gif\" \/>\n<meta name=\"twitter:card\" content=\"summary_large_image\" \/>\n<meta name=\"twitter:label1\" content=\"Estimation du temps de lecture\" \/>\n\t<meta name=\"twitter:data1\" content=\"1 minute\" \/>\n<script type=\"application\/ld+json\" class=\"yoast-schema-graph\">{\"@context\":\"https:\/\/schema.org\",\"@graph\":[{\"@type\":\"WebPage\",\"@id\":\"https:\/\/acadiantest.cocompass.com\/culture\/books\/jean-hache-helene-boudreau-book-gaby-burke-vienneau\/\",\"url\":\"https:\/\/acadiantest.cocompass.com\/culture\/books\/jean-hache-helene-boudreau-book-gaby-burke-vienneau\/\",\"name\":\"Jean Hach\u00e9 & H\u00e9l\u00e8ne Boudreau Book, by \\\"Gaby\\\" Burke-Vienneau - Acadian Genealogy - Historical Acadian-Cajun Resources\",\"isPartOf\":{\"@id\":\"https:\/\/acadiantest.cocompass.com\/#website\"},\"primaryImageOfPage\":{\"@id\":\"https:\/\/acadiantest.cocompass.com\/culture\/books\/jean-hache-helene-boudreau-book-gaby-burke-vienneau\/#primaryimage\"},\"image\":{\"@id\":\"https:\/\/acadiantest.cocompass.com\/culture\/books\/jean-hache-helene-boudreau-book-gaby-burke-vienneau\/#primaryimage\"},\"thumbnailUrl\":\"https:\/\/acadiantest.cocompass.com\/images\/gabybook.gif\",\"datePublished\":\"2016-08-21T21:36:24+00:00\",\"dateModified\":\"2018-09-12T20:34:35+00:00\",\"breadcrumb\":{\"@id\":\"https:\/\/acadiantest.cocompass.com\/culture\/books\/jean-hache-helene-boudreau-book-gaby-burke-vienneau\/#breadcrumb\"},\"inLanguage\":\"fr-CA\",\"potentialAction\":[{\"@type\":\"ReadAction\",\"target\":[\"https:\/\/acadiantest.cocompass.com\/culture\/books\/jean-hache-helene-boudreau-book-gaby-burke-vienneau\/\"]}]},{\"@type\":\"ImageObject\",\"inLanguage\":\"fr-CA\",\"@id\":\"https:\/\/acadiantest.cocompass.com\/culture\/books\/jean-hache-helene-boudreau-book-gaby-burke-vienneau\/#primaryimage\",\"url\":\"https:\/\/acadiantest.cocompass.com\/images\/gabybook.gif\",\"contentUrl\":\"https:\/\/acadiantest.cocompass.com\/images\/gabybook.gif\"},{\"@type\":\"BreadcrumbList\",\"@id\":\"https:\/\/acadiantest.cocompass.com\/culture\/books\/jean-hache-helene-boudreau-book-gaby-burke-vienneau\/#breadcrumb\",\"itemListElement\":[{\"@type\":\"ListItem\",\"position\":1,\"name\":\"Accueil\",\"item\":\"https:\/\/acadiantest.cocompass.com\/\"},{\"@type\":\"ListItem\",\"position\":2,\"name\":\"Culture\",\"item\":\"https:\/\/acadiantest.cocompass.com\/culture\/\"},{\"@type\":\"ListItem\",\"position\":3,\"name\":\"Books\",\"item\":\"https:\/\/acadiantest.cocompass.com\/culture\/books\/\"},{\"@type\":\"ListItem\",\"position\":4,\"name\":\"Jean Hach\u00e9 &#038; H\u00e9l\u00e8ne Boudreau Book, by &#8220;Gaby&#8221; Burke-Vienneau\"}]},{\"@type\":\"WebSite\",\"@id\":\"https:\/\/acadiantest.cocompass.com\/#website\",\"url\":\"https:\/\/acadiantest.cocompass.com\/\",\"name\":\"Acadian Genealogy - Historical Acadian-Cajun Resources\",\"description\":\"Learn About Acadians and Cajuns\",\"publisher\":{\"@id\":\"https:\/\/acadiantest.cocompass.com\/#organization\"},\"potentialAction\":[{\"@type\":\"SearchAction\",\"target\":{\"@type\":\"EntryPoint\",\"urlTemplate\":\"https:\/\/acadiantest.cocompass.com\/?s={search_term_string}\"},\"query-input\":{\"@type\":\"PropertyValueSpecification\",\"valueRequired\":true,\"valueName\":\"search_term_string\"}}],\"inLanguage\":\"fr-CA\"},{\"@type\":\"Organization\",\"@id\":\"https:\/\/acadiantest.cocompass.com\/#organization\",\"name\":\"Acadian Genealogy - Historical Acadian-Cajun Resources\",\"url\":\"https:\/\/acadiantest.cocompass.com\/\",\"logo\":{\"@type\":\"ImageObject\",\"inLanguage\":\"fr-CA\",\"@id\":\"https:\/\/acadiantest.cocompass.com\/#\/schema\/logo\/image\/\",\"url\":\"https:\/\/acadiantest.cocompass.com\/wp-content\/uploads\/logo.png\",\"contentUrl\":\"https:\/\/acadiantest.cocompass.com\/wp-content\/uploads\/logo.png\",\"width\":303,\"height\":125,\"caption\":\"Acadian Genealogy - Historical Acadian-Cajun Resources\"},\"image\":{\"@id\":\"https:\/\/acadiantest.cocompass.com\/#\/schema\/logo\/image\/\"}}]}<\/script>\n<!-- \/ Yoast SEO plugin. -->","yoast_head_json":{"title":"Jean Hach\u00e9 & H\u00e9l\u00e8ne Boudreau Book, by \"Gaby\" Burke-Vienneau - Acadian Genealogy - Historical Acadian-Cajun Resources","robots":{"index":"noindex","follow":"follow","max-snippet":"max-snippet:-1","max-image-preview":"max-image-preview:large","max-video-preview":"max-video-preview:-1"},"og_locale":"fr_CA","og_type":"article","og_title":"Jean Hach\u00e9 & H\u00e9l\u00e8ne Boudreau Book, by \"Gaby\" Burke-Vienneau - Acadian Genealogy - Historical Acadian-Cajun Resources","og_description":"\u00a0 Click here for details on the &#8220;Acadian-Cajun Family Genealogy&#8221; CD This most interesting book contains: The 368 pages is made up of seven chapters. The first section shows a beautiful overview of life in Acadia before, during, and after the Expulsion. The second part presents the history of our ancestor Michel Hach\u00e9-Gallant, including his [&hellip;]","og_url":"https:\/\/acadiantest.cocompass.com\/fr\/culture\/books\/jean-hache-helene-boudreau-book-gaby-burke-vienneau\/","og_site_name":"Acadian Genealogy - Historical Acadian-Cajun Resources","article_modified_time":"2018-09-12T20:34:35+00:00","og_image":[{"url":"https:\/\/acadian.mystagingwebsite.com\/images\/gabybook.gif","type":"","width":"","height":""}],"twitter_card":"summary_large_image","twitter_misc":{"Estimation du temps de lecture":"1 minute"},"schema":{"@context":"https:\/\/schema.org","@graph":[{"@type":"WebPage","@id":"https:\/\/acadiantest.cocompass.com\/culture\/books\/jean-hache-helene-boudreau-book-gaby-burke-vienneau\/","url":"https:\/\/acadiantest.cocompass.com\/culture\/books\/jean-hache-helene-boudreau-book-gaby-burke-vienneau\/","name":"Jean Hach\u00e9 & H\u00e9l\u00e8ne Boudreau Book, by \"Gaby\" Burke-Vienneau - Acadian Genealogy - Historical Acadian-Cajun Resources","isPartOf":{"@id":"https:\/\/acadiantest.cocompass.com\/#website"},"primaryImageOfPage":{"@id":"https:\/\/acadiantest.cocompass.com\/culture\/books\/jean-hache-helene-boudreau-book-gaby-burke-vienneau\/#primaryimage"},"image":{"@id":"https:\/\/acadiantest.cocompass.com\/culture\/books\/jean-hache-helene-boudreau-book-gaby-burke-vienneau\/#primaryimage"},"thumbnailUrl":"https:\/\/acadiantest.cocompass.com\/images\/gabybook.gif","datePublished":"2016-08-21T21:36:24+00:00","dateModified":"2018-09-12T20:34:35+00:00","breadcrumb":{"@id":"https:\/\/acadiantest.cocompass.com\/culture\/books\/jean-hache-helene-boudreau-book-gaby-burke-vienneau\/#breadcrumb"},"inLanguage":"fr-CA","potentialAction":[{"@type":"ReadAction","target":["https:\/\/acadiantest.cocompass.com\/culture\/books\/jean-hache-helene-boudreau-book-gaby-burke-vienneau\/"]}]},{"@type":"ImageObject","inLanguage":"fr-CA","@id":"https:\/\/acadiantest.cocompass.com\/culture\/books\/jean-hache-helene-boudreau-book-gaby-burke-vienneau\/#primaryimage","url":"https:\/\/acadiantest.cocompass.com\/images\/gabybook.gif","contentUrl":"https:\/\/acadiantest.cocompass.com\/images\/gabybook.gif"},{"@type":"BreadcrumbList","@id":"https:\/\/acadiantest.cocompass.com\/culture\/books\/jean-hache-helene-boudreau-book-gaby-burke-vienneau\/#breadcrumb","itemListElement":[{"@type":"ListItem","position":1,"name":"Accueil","item":"https:\/\/acadiantest.cocompass.com\/"},{"@type":"ListItem","position":2,"name":"Culture","item":"https:\/\/acadiantest.cocompass.com\/culture\/"},{"@type":"ListItem","position":3,"name":"Books","item":"https:\/\/acadiantest.cocompass.com\/culture\/books\/"},{"@type":"ListItem","position":4,"name":"Jean Hach\u00e9 &#038; H\u00e9l\u00e8ne Boudreau Book, by &#8220;Gaby&#8221; Burke-Vienneau"}]},{"@type":"WebSite","@id":"https:\/\/acadiantest.cocompass.com\/#website","url":"https:\/\/acadiantest.cocompass.com\/","name":"Acadian Genealogy - Historical Acadian-Cajun Resources","description":"Learn About Acadians and Cajuns","publisher":{"@id":"https:\/\/acadiantest.cocompass.com\/#organization"},"potentialAction":[{"@type":"SearchAction","target":{"@type":"EntryPoint","urlTemplate":"https:\/\/acadiantest.cocompass.com\/?s={search_term_string}"},"query-input":{"@type":"PropertyValueSpecification","valueRequired":true,"valueName":"search_term_string"}}],"inLanguage":"fr-CA"},{"@type":"Organization","@id":"https:\/\/acadiantest.cocompass.com\/#organization","name":"Acadian Genealogy - Historical Acadian-Cajun Resources","url":"https:\/\/acadiantest.cocompass.com\/","logo":{"@type":"ImageObject","inLanguage":"fr-CA","@id":"https:\/\/acadiantest.cocompass.com\/#\/schema\/logo\/image\/","url":"https:\/\/acadiantest.cocompass.com\/wp-content\/uploads\/logo.png","contentUrl":"https:\/\/acadiantest.cocompass.com\/wp-content\/uploads\/logo.png","width":303,"height":125,"caption":"Acadian Genealogy - Historical Acadian-Cajun Resources"},"image":{"@id":"https:\/\/acadiantest.cocompass.com\/#\/schema\/logo\/image\/"}}]}},"_links":{"self":[{"href":"https:\/\/acadiantest.cocompass.com\/fr\/wp-json\/wp\/v2\/pages\/338","targetHints":{"allow":["GET"]}}],"collection":[{"href":"https:\/\/acadiantest.cocompass.com\/fr\/wp-json\/wp\/v2\/pages"}],"about":[{"href":"https:\/\/acadiantest.cocompass.com\/fr\/wp-json\/wp\/v2\/types\/page"}],"author":[{"embeddable":true,"href":"https:\/\/acadiantest.cocompass.com\/fr\/wp-json\/wp\/v2\/users\/2"}],"replies":[{"embeddable":true,"href":"https:\/\/acadiantest.cocompass.com\/fr\/wp-json\/wp\/v2\/comments?post=338"}],"version-history":[{"count":0,"href":"https:\/\/acadiantest.cocompass.com\/fr\/wp-json\/wp\/v2\/pages\/338\/revisions"}],"up":[{"embeddable":true,"href":"https:\/\/acadiantest.cocompass.com\/fr\/wp-json\/wp\/v2\/pages\/201"}],"wp:attachment":[{"href":"https:\/\/acadiantest.cocompass.com\/fr\/wp-json\/wp\/v2\/media?parent=338"}],"curies":[{"name":"wp","href":"https:\/\/api.w.org\/{rel}","templated":true}]}}