{"id":395,"date":"2016-08-21T18:11:55","date_gmt":"2016-08-21T22:11:55","guid":{"rendered":"https:\/\/acadiantest.cocompass.com\/?page_id=395"},"modified":"2018-12-01T17:57:52","modified_gmt":"2018-12-01T22:57:52","slug":"publications-winston-de-ville-louisiana","status":"publish","type":"page","link":"https:\/\/acadiantest.cocompass.com\/fr\/culture\/books\/publications-winston-de-ville-louisiana\/","title":{"rendered":"Publications by Winston De Ville of Louisiana"},"content":{"rendered":"<div align=\"CENTER\">\n<div align=\"CENTER\">\n<p>&nbsp;<\/p>\n<p><img fetchpriority=\"high\" decoding=\"async\" src=\"https:\/\/acadiantest.cocompass.com\/images\/EastCoastofAcadiacover-DeVille.jpg\" width=\"400\" height=\"518\" \/><\/p>\n<\/div>\n<\/div>\n<div align=\"CENTER\">\n<h4 align=\"center\">THE EAST COAST OF ACADIA IN 1708<\/h4>\n<p align=\"left\">A Census of the Indian and French Inhabitants of Port Royal, Cap Sable, La H\u00eave, Les Mines, Mousecoudabouet, Cap Breton, Chiquenietou, Pintagouet, Canibeky, Port Rasoirs and the St. John River; translated and edited by Winston De Ville. Enumerated are families of Babin, Bertrand, Boutin, Gaudet, Guidry, Melan\u00e7on, Petit\/Petitpas, Picou, Pitre, Robert, St. Aubin, Thibodeau(x), Vig\u00e9 and Vincent among other well-known names of Acadia.<\/p>\n<p align=\"left\">An important, but generally overlooked aspect of Acadian genealogy is marriage between European settlers and Indians. Throughout the colonial period, there are examples of Acadians taking brides from the Abenaki and MicMac nations.<\/p>\n<p align=\"left\">A new and rich field for genealogists is tracing Acadian ancestry into medieval times. The ground-breaking introductions addresses Acadian descendants from seventeenth-century European aristocracy even from Emperor Charlemagne. Notes provide sources for additional research on the intriguing subject.<\/p>\n<p align=\"left\">Ordering Information: Ordering Information: First edition; 60 pages; Index; 8 1\/2&#8243; x 11&#8243;; Wrappers; Item No. A5; $28.50 USA. (See below).<\/p>\n<p align=\"left\">Author: <a href=\"mailto:deville@provincialpress.us\">Winston De Ville<\/a><\/p>\n<h4 align=\"left\"><\/h4>\n<h4 align=\"center\"><\/h4>\n<h4 align=\"left\"><\/h4>\n<h3 align=\"center\"><img decoding=\"async\" src=\"https:\/\/acadiantest.cocompass.com\/images\/acadianfamilies-DeVille.jpg\" width=\"400\" height=\"525\" \/><\/h3>\n<h4 align=\"center\">ACADIAN FAMILIES IN 1714<\/h4>\n<p align=\"left\">An Ecclesiastical Census of Port Royal, Les Mines, Rivi\u00e8res des Gaspards, Rivi\u00e8re de Pigiguit, Rivi\u00e8re des Habitants, Rivi\u00e8re des Canards, Rivi\u00e8re de la Vielle Habitation, Beaulieu, Cobeguit and Beaubassin.<\/p>\n<p align=\"left\">Winston&#8217;s version of the 1714 Acadian census comes from both an expected source and an unusual source; the original and a copy of the original. This is due to what researchers had to use prior to microfilm and photocopy machines.<\/p>\n<p align=\"left\">The 1714 census itself gives a key to understanding the rift that grew steadily between the Acadians and their British &#8216;masters&#8217;, enabled by the 1713 Treaty of Utrecht. A French Recollect, P\u00e8re Felix Pain and not the British government undertook this census. Father Pain did so at the request of the governor of Ile Royale and when he wrote to the governor in 1713, he explained that one-fourth of the Acadian population was elderly, and that moving large families into a new area devoid of housing and cleared fields, was tantamount to mass suicide!<\/p>\n<p align=\"left\">Ordering Information:<\/p>\n<\/div>\n<div align=\"CENTER\">\n<p align=\"left\">IN CANADA: Cost of book &#8211; $27.50 (U.S.); P&amp;H: $12.50 for the first book; $4.00 for each additional book. Total for 1 copy: $38.85, Customer is responsible for any other charges.<\/p>\n<\/div>\n<p align=\"left\">IN THE U.S.: Cost of book: $27.50 P&amp;H: $2.50 for the first book; $0.50 for each additional book.<\/p>\n<p align=\"left\">Note: Louisiana residents are obliged to add four percent sales tax. Residents of East Baton Rouge Parish are obliged to add an additional five percent sales tax. In the United States, add $2.00 USA economy shipping, or $5.50 for Priority Mail. Orders from Canada, add $12.50 USA Priority Mail, or $7.50 USA for economy postage.<br \/>\nPurchase-orders from libraries and other tax-exempt institutions are honored. Provincial Press, the publisher, accepts credit cards only on their web site catalogues with the use of PayPal at http:\/\/www.claitlors.com. Allow 2-3 weeks (3-4 weeks to Canada) for delivery by economy mail.<\/p>\n<div align=\"CENTER\">\n<p align=\"center\">Provincial Press books are available exclusively from<\/p>\n<p>Claitor&#8217;s Publishing Division<br \/>\nPost Office Box 261333 Baton Rouge, La. 70826<\/p>\n<\/div>\n<p align=\"left\">Author: <a href=\"mailto:deville@provincialpress.us\">Winston De Ville<\/a><\/p>\n<div align=\"CENTER\">\n<p align=\"center\">\n<\/div>","protected":false},"excerpt":{"rendered":"<p>&nbsp; THE EAST COAST OF ACADIA IN 1708 A Census of the Indian and French Inhabitants of Port Royal, Cap Sable, La H\u00eave, Les Mines, Mousecoudabouet, Cap Breton, Chiquenietou, Pintagouet, Canibeky, Port Rasoirs and the St. John River; translated and edited by Winston De Ville. Enumerated are families of Babin, Bertrand, Boutin, Gaudet, Guidry, Melan\u00e7on, [&hellip;]<\/p>","protected":false},"author":2,"featured_media":0,"parent":201,"menu_order":0,"comment_status":"closed","ping_status":"closed","template":"","meta":{"_crdt_document":"","_themeisle_gutenberg_block_has_review":false,"iawp_total_views":0,"footnotes":""},"class_list":["post-395","page","type-page","status-publish","hentry"],"yoast_head":"<!-- This site is optimized with the Yoast SEO plugin v26.6 - https:\/\/yoast.com\/wordpress\/plugins\/seo\/ -->\n<title>Publications by Winston De Ville of Louisiana - Acadian Genealogy - Historical Acadian-Cajun Resources<\/title>\n<meta name=\"robots\" content=\"noindex, follow, max-snippet:-1, max-image-preview:large, max-video-preview:-1\" \/>\n<meta property=\"og:locale\" content=\"fr_CA\" \/>\n<meta property=\"og:type\" content=\"article\" \/>\n<meta property=\"og:title\" content=\"Publications by Winston De Ville of Louisiana - Acadian Genealogy - Historical Acadian-Cajun Resources\" \/>\n<meta property=\"og:description\" content=\"&nbsp; THE EAST COAST OF ACADIA IN 1708 A Census of the Indian and French Inhabitants of Port Royal, Cap Sable, La H\u00eave, Les Mines, Mousecoudabouet, Cap Breton, Chiquenietou, Pintagouet, Canibeky, Port Rasoirs and the St. John River; translated and edited by Winston De Ville. Enumerated are families of Babin, Bertrand, Boutin, Gaudet, Guidry, Melan\u00e7on, [&hellip;]\" \/>\n<meta property=\"og:url\" content=\"https:\/\/acadiantest.cocompass.com\/fr\/culture\/books\/publications-winston-de-ville-louisiana\/\" \/>\n<meta property=\"og:site_name\" content=\"Acadian Genealogy - Historical Acadian-Cajun Resources\" \/>\n<meta property=\"article:modified_time\" content=\"2018-12-01T22:57:52+00:00\" \/>\n<meta property=\"og:image\" content=\"https:\/\/acadian.mystagingwebsite.com\/images\/EastCoastofAcadiacover-DeVille.jpg\" \/>\n<meta name=\"twitter:card\" content=\"summary_large_image\" \/>\n<meta name=\"twitter:label1\" content=\"Estimation du temps de lecture\" \/>\n\t<meta name=\"twitter:data1\" content=\"2 minutes\" \/>\n<script type=\"application\/ld+json\" class=\"yoast-schema-graph\">{\"@context\":\"https:\/\/schema.org\",\"@graph\":[{\"@type\":\"WebPage\",\"@id\":\"https:\/\/acadiantest.cocompass.com\/culture\/books\/publications-winston-de-ville-louisiana\/\",\"url\":\"https:\/\/acadiantest.cocompass.com\/culture\/books\/publications-winston-de-ville-louisiana\/\",\"name\":\"Publications by Winston De Ville of Louisiana - Acadian Genealogy - Historical Acadian-Cajun Resources\",\"isPartOf\":{\"@id\":\"https:\/\/acadiantest.cocompass.com\/#website\"},\"primaryImageOfPage\":{\"@id\":\"https:\/\/acadiantest.cocompass.com\/culture\/books\/publications-winston-de-ville-louisiana\/#primaryimage\"},\"image\":{\"@id\":\"https:\/\/acadiantest.cocompass.com\/culture\/books\/publications-winston-de-ville-louisiana\/#primaryimage\"},\"thumbnailUrl\":\"https:\/\/acadiantest.cocompass.com\/images\/EastCoastofAcadiacover-DeVille.jpg\",\"datePublished\":\"2016-08-21T22:11:55+00:00\",\"dateModified\":\"2018-12-01T22:57:52+00:00\",\"breadcrumb\":{\"@id\":\"https:\/\/acadiantest.cocompass.com\/culture\/books\/publications-winston-de-ville-louisiana\/#breadcrumb\"},\"inLanguage\":\"fr-CA\",\"potentialAction\":[{\"@type\":\"ReadAction\",\"target\":[\"https:\/\/acadiantest.cocompass.com\/culture\/books\/publications-winston-de-ville-louisiana\/\"]}]},{\"@type\":\"ImageObject\",\"inLanguage\":\"fr-CA\",\"@id\":\"https:\/\/acadiantest.cocompass.com\/culture\/books\/publications-winston-de-ville-louisiana\/#primaryimage\",\"url\":\"https:\/\/acadiantest.cocompass.com\/images\/EastCoastofAcadiacover-DeVille.jpg\",\"contentUrl\":\"https:\/\/acadiantest.cocompass.com\/images\/EastCoastofAcadiacover-DeVille.jpg\"},{\"@type\":\"BreadcrumbList\",\"@id\":\"https:\/\/acadiantest.cocompass.com\/culture\/books\/publications-winston-de-ville-louisiana\/#breadcrumb\",\"itemListElement\":[{\"@type\":\"ListItem\",\"position\":1,\"name\":\"Accueil\",\"item\":\"https:\/\/acadiantest.cocompass.com\/\"},{\"@type\":\"ListItem\",\"position\":2,\"name\":\"Culture\",\"item\":\"https:\/\/acadiantest.cocompass.com\/culture\/\"},{\"@type\":\"ListItem\",\"position\":3,\"name\":\"Books\",\"item\":\"https:\/\/acadiantest.cocompass.com\/culture\/books\/\"},{\"@type\":\"ListItem\",\"position\":4,\"name\":\"Publications by Winston De Ville of Louisiana\"}]},{\"@type\":\"WebSite\",\"@id\":\"https:\/\/acadiantest.cocompass.com\/#website\",\"url\":\"https:\/\/acadiantest.cocompass.com\/\",\"name\":\"Acadian Genealogy - Historical Acadian-Cajun Resources\",\"description\":\"Learn About Acadians and Cajuns\",\"publisher\":{\"@id\":\"https:\/\/acadiantest.cocompass.com\/#organization\"},\"potentialAction\":[{\"@type\":\"SearchAction\",\"target\":{\"@type\":\"EntryPoint\",\"urlTemplate\":\"https:\/\/acadiantest.cocompass.com\/?s={search_term_string}\"},\"query-input\":{\"@type\":\"PropertyValueSpecification\",\"valueRequired\":true,\"valueName\":\"search_term_string\"}}],\"inLanguage\":\"fr-CA\"},{\"@type\":\"Organization\",\"@id\":\"https:\/\/acadiantest.cocompass.com\/#organization\",\"name\":\"Acadian Genealogy - Historical Acadian-Cajun Resources\",\"url\":\"https:\/\/acadiantest.cocompass.com\/\",\"logo\":{\"@type\":\"ImageObject\",\"inLanguage\":\"fr-CA\",\"@id\":\"https:\/\/acadiantest.cocompass.com\/#\/schema\/logo\/image\/\",\"url\":\"https:\/\/acadiantest.cocompass.com\/wp-content\/uploads\/logo.png\",\"contentUrl\":\"https:\/\/acadiantest.cocompass.com\/wp-content\/uploads\/logo.png\",\"width\":303,\"height\":125,\"caption\":\"Acadian Genealogy - Historical Acadian-Cajun Resources\"},\"image\":{\"@id\":\"https:\/\/acadiantest.cocompass.com\/#\/schema\/logo\/image\/\"}}]}<\/script>\n<!-- \/ Yoast SEO plugin. -->","yoast_head_json":{"title":"Publications by Winston De Ville of Louisiana - Acadian Genealogy - Historical Acadian-Cajun Resources","robots":{"index":"noindex","follow":"follow","max-snippet":"max-snippet:-1","max-image-preview":"max-image-preview:large","max-video-preview":"max-video-preview:-1"},"og_locale":"fr_CA","og_type":"article","og_title":"Publications by Winston De Ville of Louisiana - Acadian Genealogy - Historical Acadian-Cajun Resources","og_description":"&nbsp; THE EAST COAST OF ACADIA IN 1708 A Census of the Indian and French Inhabitants of Port Royal, Cap Sable, La H\u00eave, Les Mines, Mousecoudabouet, Cap Breton, Chiquenietou, Pintagouet, Canibeky, Port Rasoirs and the St. John River; translated and edited by Winston De Ville. Enumerated are families of Babin, Bertrand, Boutin, Gaudet, Guidry, Melan\u00e7on, [&hellip;]","og_url":"https:\/\/acadiantest.cocompass.com\/fr\/culture\/books\/publications-winston-de-ville-louisiana\/","og_site_name":"Acadian Genealogy - Historical Acadian-Cajun Resources","article_modified_time":"2018-12-01T22:57:52+00:00","og_image":[{"url":"https:\/\/acadian.mystagingwebsite.com\/images\/EastCoastofAcadiacover-DeVille.jpg","type":"","width":"","height":""}],"twitter_card":"summary_large_image","twitter_misc":{"Estimation du temps de lecture":"2 minutes"},"schema":{"@context":"https:\/\/schema.org","@graph":[{"@type":"WebPage","@id":"https:\/\/acadiantest.cocompass.com\/culture\/books\/publications-winston-de-ville-louisiana\/","url":"https:\/\/acadiantest.cocompass.com\/culture\/books\/publications-winston-de-ville-louisiana\/","name":"Publications by Winston De Ville of Louisiana - Acadian Genealogy - Historical Acadian-Cajun Resources","isPartOf":{"@id":"https:\/\/acadiantest.cocompass.com\/#website"},"primaryImageOfPage":{"@id":"https:\/\/acadiantest.cocompass.com\/culture\/books\/publications-winston-de-ville-louisiana\/#primaryimage"},"image":{"@id":"https:\/\/acadiantest.cocompass.com\/culture\/books\/publications-winston-de-ville-louisiana\/#primaryimage"},"thumbnailUrl":"https:\/\/acadiantest.cocompass.com\/images\/EastCoastofAcadiacover-DeVille.jpg","datePublished":"2016-08-21T22:11:55+00:00","dateModified":"2018-12-01T22:57:52+00:00","breadcrumb":{"@id":"https:\/\/acadiantest.cocompass.com\/culture\/books\/publications-winston-de-ville-louisiana\/#breadcrumb"},"inLanguage":"fr-CA","potentialAction":[{"@type":"ReadAction","target":["https:\/\/acadiantest.cocompass.com\/culture\/books\/publications-winston-de-ville-louisiana\/"]}]},{"@type":"ImageObject","inLanguage":"fr-CA","@id":"https:\/\/acadiantest.cocompass.com\/culture\/books\/publications-winston-de-ville-louisiana\/#primaryimage","url":"https:\/\/acadiantest.cocompass.com\/images\/EastCoastofAcadiacover-DeVille.jpg","contentUrl":"https:\/\/acadiantest.cocompass.com\/images\/EastCoastofAcadiacover-DeVille.jpg"},{"@type":"BreadcrumbList","@id":"https:\/\/acadiantest.cocompass.com\/culture\/books\/publications-winston-de-ville-louisiana\/#breadcrumb","itemListElement":[{"@type":"ListItem","position":1,"name":"Accueil","item":"https:\/\/acadiantest.cocompass.com\/"},{"@type":"ListItem","position":2,"name":"Culture","item":"https:\/\/acadiantest.cocompass.com\/culture\/"},{"@type":"ListItem","position":3,"name":"Books","item":"https:\/\/acadiantest.cocompass.com\/culture\/books\/"},{"@type":"ListItem","position":4,"name":"Publications by Winston De Ville of Louisiana"}]},{"@type":"WebSite","@id":"https:\/\/acadiantest.cocompass.com\/#website","url":"https:\/\/acadiantest.cocompass.com\/","name":"Acadian Genealogy - Historical Acadian-Cajun Resources","description":"Learn About Acadians and Cajuns","publisher":{"@id":"https:\/\/acadiantest.cocompass.com\/#organization"},"potentialAction":[{"@type":"SearchAction","target":{"@type":"EntryPoint","urlTemplate":"https:\/\/acadiantest.cocompass.com\/?s={search_term_string}"},"query-input":{"@type":"PropertyValueSpecification","valueRequired":true,"valueName":"search_term_string"}}],"inLanguage":"fr-CA"},{"@type":"Organization","@id":"https:\/\/acadiantest.cocompass.com\/#organization","name":"Acadian Genealogy - Historical Acadian-Cajun Resources","url":"https:\/\/acadiantest.cocompass.com\/","logo":{"@type":"ImageObject","inLanguage":"fr-CA","@id":"https:\/\/acadiantest.cocompass.com\/#\/schema\/logo\/image\/","url":"https:\/\/acadiantest.cocompass.com\/wp-content\/uploads\/logo.png","contentUrl":"https:\/\/acadiantest.cocompass.com\/wp-content\/uploads\/logo.png","width":303,"height":125,"caption":"Acadian Genealogy - Historical Acadian-Cajun Resources"},"image":{"@id":"https:\/\/acadiantest.cocompass.com\/#\/schema\/logo\/image\/"}}]}},"_links":{"self":[{"href":"https:\/\/acadiantest.cocompass.com\/fr\/wp-json\/wp\/v2\/pages\/395","targetHints":{"allow":["GET"]}}],"collection":[{"href":"https:\/\/acadiantest.cocompass.com\/fr\/wp-json\/wp\/v2\/pages"}],"about":[{"href":"https:\/\/acadiantest.cocompass.com\/fr\/wp-json\/wp\/v2\/types\/page"}],"author":[{"embeddable":true,"href":"https:\/\/acadiantest.cocompass.com\/fr\/wp-json\/wp\/v2\/users\/2"}],"replies":[{"embeddable":true,"href":"https:\/\/acadiantest.cocompass.com\/fr\/wp-json\/wp\/v2\/comments?post=395"}],"version-history":[{"count":0,"href":"https:\/\/acadiantest.cocompass.com\/fr\/wp-json\/wp\/v2\/pages\/395\/revisions"}],"up":[{"embeddable":true,"href":"https:\/\/acadiantest.cocompass.com\/fr\/wp-json\/wp\/v2\/pages\/201"}],"wp:attachment":[{"href":"https:\/\/acadiantest.cocompass.com\/fr\/wp-json\/wp\/v2\/media?parent=395"}],"curies":[{"name":"wp","href":"https:\/\/api.w.org\/{rel}","templated":true}]}}