{"id":53,"date":"2016-07-09T13:56:33","date_gmt":"2016-07-09T17:56:33","guid":{"rendered":"https:\/\/acadiantest.cocompass.com\/?page_id=53"},"modified":"2023-07-28T15:50:02","modified_gmt":"2023-07-28T19:50:02","slug":"genealogy","status":"publish","type":"page","link":"https:\/\/acadiantest.cocompass.com\/fr\/genealogy\/","title":{"rendered":"Genealogy"},"content":{"rendered":"<figure class=\"wp-block-image alignright\"><img fetchpriority=\"high\" decoding=\"async\" width=\"500\" height=\"389\" src=\"https:\/\/acadiantest.cocompass.com\/wp-content\/uploads\/National_Acadian_Day-500x389.jpg\" alt=\"\" class=\"wp-image-2539\" srcset=\"https:\/\/acadiantest.cocompass.com\/wp-content\/uploads\/National_Acadian_Day-500x389.jpg 500w, https:\/\/acadiantest.cocompass.com\/wp-content\/uploads\/National_Acadian_Day-240x187.jpg 240w, https:\/\/acadiantest.cocompass.com\/wp-content\/uploads\/National_Acadian_Day-510x396.jpg 510w, https:\/\/acadiantest.cocompass.com\/wp-content\/uploads\/National_Acadian_Day.jpg 714w\" sizes=\"(max-width: 500px) 100vw, 500px\" \/><\/figure>\n\n\n\n<p class=\"wp-block-paragraph\"><em>National Acadian Day, Shediac, New Brunswick, Canada<\/em><br><em>August 15, 1909<\/em><\/p>\n\n\n\n<p class=\"wp-block-paragraph\">Visit the links below to dig deeper into Acadian History.<\/p>\n\n\n<ul class=\"wp-block-page-list\"><li class=\"wp-block-pages-list__item\"><a class=\"wp-block-pages-list__item__link\" href=\"https:\/\/acadiantest.cocompass.com\/fr\/genealogy\/acadian-family-names-18th-century\/\">Acadian Family Names of the 18th Century<\/a><\/li><li class=\"wp-block-pages-list__item has-child\"><a class=\"wp-block-pages-list__item__link\" href=\"https:\/\/acadiantest.cocompass.com\/fr\/genealogy\/families\/\">Families<\/a><ul class=\"wp-block-navigation__submenu-container\"><li class=\"wp-block-pages-list__item has-child\"><a class=\"wp-block-pages-list__item__link\" href=\"https:\/\/acadiantest.cocompass.com\/fr\/genealogy\/families\/acadian-family-names\/\">Acadian Family Names 1700 to 1755 and Variations<\/a><ul class=\"wp-block-navigation__submenu-container\"><li class=\"wp-block-pages-list__item\"><a class=\"wp-block-pages-list__item__link\" href=\"https:\/\/acadiantest.cocompass.com\/fr\/genealogy\/families\/acadian-family-names\/those-who-disappeared\/\">Those Who Disappeared<\/a><\/li><\/ul><\/li><li class=\"wp-block-pages-list__item\"><a class=\"wp-block-pages-list__item__link\" href=\"https:\/\/acadiantest.cocompass.com\/fr\/genealogy\/families\/acadian-french-canadian-name-variations\/\">Acadian French-Canadian Name Variations<\/a><\/li><li class=\"wp-block-pages-list__item\"><a class=\"wp-block-pages-list__item__link\" href=\"https:\/\/acadiantest.cocompass.com\/fr\/genealogy\/families\/baudrau-dit-graveline\/\">Baudrau dit Graveline<\/a><\/li><li class=\"wp-block-pages-list__item\"><a class=\"wp-block-pages-list__item__link\" href=\"https:\/\/acadiantest.cocompass.com\/fr\/genealogy\/families\/bernard-family-francais\/\">Bernard Family &#8211; fran\u00e7ais<\/a><\/li><li class=\"wp-block-pages-list__item\"><a class=\"wp-block-pages-list__item__link\" href=\"https:\/\/acadiantest.cocompass.com\/fr\/genealogy\/families\/bourgeois\/\">Bourgeois<\/a><\/li><li class=\"wp-block-pages-list__item\"><a class=\"wp-block-pages-list__item__link\" href=\"https:\/\/acadiantest.cocompass.com\/fr\/genealogy\/families\/comeau\/\">Comeau<\/a><\/li><li class=\"wp-block-pages-list__item has-child\"><a class=\"wp-block-pages-list__item__link\" href=\"https:\/\/acadiantest.cocompass.com\/fr\/genealogy\/families\/cyr\/\">Cyr<\/a><ul class=\"wp-block-navigation__submenu-container\"><li class=\"wp-block-pages-list__item\"><a class=\"wp-block-pages-list__item__link\" href=\"https:\/\/acadiantest.cocompass.com\/fr\/genealogy\/families\/cyr\/cyr-marie-heliodore\/\">Cyr; Marie and Heliodore<\/a><\/li><li class=\"wp-block-pages-list__item\"><a class=\"wp-block-pages-list__item__link\" href=\"https:\/\/acadiantest.cocompass.com\/fr\/genealogy\/families\/cyr\/louis-cyr\/\">Louis Cyr<\/a><\/li><li class=\"wp-block-pages-list__item has-child\"><a class=\"wp-block-pages-list__item__link\" href=\"https:\/\/acadiantest.cocompass.com\/fr\/genealogy\/families\/cyr\/origins-cyr-name\/\">Origins of the Cyr Name<\/a><ul class=\"wp-block-navigation__submenu-container\"><li class=\"wp-block-pages-list__item\"><a class=\"wp-block-pages-list__item__link\" href=\"https:\/\/acadiantest.cocompass.com\/fr\/genealogy\/families\/cyr\/origins-cyr-name\/pierre-andre-cyr-brothers\/\">Were Pierre and Andr\u00e9 brothers?<\/a><\/li><\/ul><\/li><li class=\"wp-block-pages-list__item\"><a class=\"wp-block-pages-list__item__link\" href=\"https:\/\/acadiantest.cocompass.com\/fr\/genealogy\/families\/cyr\/pierre-sire\/\">Pierre Sire<\/a><\/li><\/ul><\/li><li class=\"wp-block-pages-list__item\"><a class=\"wp-block-pages-list__item__link\" href=\"https:\/\/acadiantest.cocompass.com\/fr\/genealogy\/families\/descendants-antoine-babin\/\">Descendants of Antoine Babin<\/a><\/li><li class=\"wp-block-pages-list__item\"><a class=\"wp-block-pages-list__item__link\" href=\"https:\/\/acadiantest.cocompass.com\/fr\/genealogy\/families\/family-names-nicknames-colonial-quebec\/\">Family Names and Nicknames in Colonial Qu\u00e9bec<\/a><\/li><li class=\"wp-block-pages-list__item\"><a class=\"wp-block-pages-list__item__link\" href=\"https:\/\/acadiantest.cocompass.com\/fr\/genealogy\/families\/first-names\/\">French first\/given names (pr\u00e9noms fran\u00e7ais)<\/a><\/li><li class=\"wp-block-pages-list__item\"><a class=\"wp-block-pages-list__item__link\" href=\"https:\/\/acadiantest.cocompass.com\/fr\/genealogy\/families\/gallant-article-by-nicole-nunes\/\">Gallant article by Nicole Nunes<\/a><\/li><li class=\"wp-block-pages-list__item\"><a class=\"wp-block-pages-list__item__link\" href=\"https:\/\/acadiantest.cocompass.com\/fr\/genealogy\/families\/gaudet\/\">Gaudet<\/a><\/li><li class=\"wp-block-pages-list__item\"><a class=\"wp-block-pages-list__item__link\" href=\"https:\/\/acadiantest.cocompass.com\/fr\/genealogy\/families\/jousset-dit-laloire\/\">Jousset Dit Laloire<\/a><\/li><li class=\"wp-block-pages-list__item\"><a class=\"wp-block-pages-list__item__link\" href=\"https:\/\/acadiantest.cocompass.com\/fr\/genealogy\/families\/leblanc\/\">LeBlanc<\/a><\/li><li class=\"wp-block-pages-list__item\"><a class=\"wp-block-pages-list__item__link\" href=\"https:\/\/acadiantest.cocompass.com\/fr\/genealogy\/families\/lejeune\/\">LeJeune<\/a><\/li><li class=\"wp-block-pages-list__item\"><a class=\"wp-block-pages-list__item__link\" href=\"https:\/\/acadiantest.cocompass.com\/fr\/genealogy\/families\/louisiana-judge-put-x-cajun-names\/\">Louisiana judge put the \u2018x\u2019 in Cajun names<\/a><\/li><li class=\"wp-block-pages-list__item\"><a class=\"wp-block-pages-list__item__link\" href=\"https:\/\/acadiantest.cocompass.com\/fr\/genealogy\/families\/martin\/\">Martin<\/a><\/li><li class=\"wp-block-pages-list__item\"><a class=\"wp-block-pages-list__item__link\" href=\"https:\/\/acadiantest.cocompass.com\/fr\/genealogy\/families\/melanson\/\">Melanson<\/a><\/li><li class=\"wp-block-pages-list__item\"><a class=\"wp-block-pages-list__item__link\" href=\"https:\/\/acadiantest.cocompass.com\/fr\/genealogy\/families\/michaud\/\">Michaud<\/a><\/li><li class=\"wp-block-pages-list__item has-child\"><a class=\"wp-block-pages-list__item__link\" href=\"https:\/\/acadiantest.cocompass.com\/fr\/genealogy\/families\/1055-2\/\">Nicknames (&#8220;Dit&#8221; Names)<\/a><ul class=\"wp-block-navigation__submenu-container\"><li class=\"wp-block-pages-list__item\"><a class=\"wp-block-pages-list__item__link\" href=\"https:\/\/acadiantest.cocompass.com\/fr\/genealogy\/families\/1055-2\/dit-name-nom-de-guerre\/\">&#8220;Dit name&#8221; &amp; &#8220;Nom de Guerre&#8221;<\/a><\/li><\/ul><\/li><li class=\"wp-block-pages-list__item\"><a class=\"wp-block-pages-list__item__link\" href=\"https:\/\/acadiantest.cocompass.com\/fr\/genealogy\/families\/saucier\/\">Saucier<\/a><\/li><li class=\"wp-block-pages-list__item\"><a class=\"wp-block-pages-list__item__link\" href=\"https:\/\/acadiantest.cocompass.com\/fr\/genealogy\/families\/first-bergeron-damboises-americas\/\">The First Bergeron d&#8217;Amboises in The Americas<\/a><\/li><li class=\"wp-block-pages-list__item has-child\"><a class=\"wp-block-pages-list__item__link\" href=\"https:\/\/acadiantest.cocompass.com\/fr\/genealogy\/families\/theriault\/\">Th\u00e9riault<\/a><ul class=\"wp-block-navigation__submenu-container\"><li class=\"wp-block-pages-list__item\"><a class=\"wp-block-pages-list__item__link\" href=\"https:\/\/acadiantest.cocompass.com\/fr\/genealogy\/families\/theriault\/la-famille-deugene-theriault-alice-michaud-theriault\/\">La Famille d&#8217;Eug\u00e8ne Th\u00e9riault and Alice (Michaud) Th\u00e9riault<\/a><\/li><\/ul><\/li><li class=\"wp-block-pages-list__item\"><a class=\"wp-block-pages-list__item__link\" href=\"https:\/\/acadiantest.cocompass.com\/fr\/genealogy\/families\/thibodeau-tante-blanche\/\">Thibodeau; &#8220;Tante Blanche&#8221;<\/a><\/li><li class=\"wp-block-pages-list__item\"><a class=\"wp-block-pages-list__item__link\" href=\"https:\/\/acadiantest.cocompass.com\/fr\/genealogy\/families\/thibodos\/\">Thibodos<\/a><\/li><li class=\"wp-block-pages-list__item\"><a class=\"wp-block-pages-list__item__link\" href=\"https:\/\/acadiantest.cocompass.com\/fr\/genealogy\/families\/trahan\/\">Trahan<\/a><\/li><li class=\"wp-block-pages-list__item\"><a class=\"wp-block-pages-list__item__link\" href=\"https:\/\/acadiantest.cocompass.com\/fr\/genealogy\/families\/violet\/\">Violet<\/a><\/li><\/ul><\/li><li class=\"wp-block-pages-list__item has-child\"><a class=\"wp-block-pages-list__item__link\" href=\"https:\/\/acadiantest.cocompass.com\/fr\/genealogy\/genealogy-and-dna\/\">Genealogy and DNA<\/a><ul class=\"wp-block-navigation__submenu-container\"><li class=\"wp-block-pages-list__item\"><a class=\"wp-block-pages-list__item__link\" href=\"https:\/\/acadiantest.cocompass.com\/fr\/genealogy\/genealogy-and-dna\/basic-explanation-genetic-dna-applies-genealogy\/\">A Basic Explanation of Genetic DNA as it Applies to Genealogy<\/a><\/li><\/ul><\/li><li class=\"wp-block-pages-list__item has-child\"><a class=\"wp-block-pages-list__item__link\" href=\"https:\/\/acadiantest.cocompass.com\/fr\/genealogy\/surnames-appearing-cds\/\">Surnames Appearing on USBs<\/a><ul class=\"wp-block-navigation__submenu-container\"><li class=\"wp-block-pages-list__item\"><a class=\"wp-block-pages-list__item__link\" href=\"https:\/\/acadiantest.cocompass.com\/fr\/genealogy\/surnames-appearing-cds\/surnames-beginning-letter\/\">Surnames beginning with the letter &#8220;A&#8221;:<\/a><\/li><li class=\"wp-block-pages-list__item\"><a class=\"wp-block-pages-list__item__link\" href=\"https:\/\/acadiantest.cocompass.com\/fr\/genealogy\/surnames-appearing-cds\/surnames-beginning-letter-b\/\">Surnames beginning with the letter &#8220;B&#8221;:<\/a><\/li><li class=\"wp-block-pages-list__item\"><a class=\"wp-block-pages-list__item__link\" href=\"https:\/\/acadiantest.cocompass.com\/fr\/genealogy\/surnames-appearing-cds\/surnames-beginning-letter-c\/\">Surnames beginning with the letter &#8220;C&#8221;:<\/a><\/li><li class=\"wp-block-pages-list__item\"><a class=\"wp-block-pages-list__item__link\" href=\"https:\/\/acadiantest.cocompass.com\/fr\/genealogy\/surnames-appearing-cds\/surnames-beginning-letter-d\/\">Surnames beginning with the letter &#8220;D&#8221;:<\/a><\/li><li class=\"wp-block-pages-list__item\"><a class=\"wp-block-pages-list__item__link\" href=\"https:\/\/acadiantest.cocompass.com\/fr\/genealogy\/surnames-appearing-cds\/surnames-beginning-letter-e-f-g\/\">Surnames beginning with the letter &#8220;E to G&#8221;<\/a><\/li><li class=\"wp-block-pages-list__item\"><a class=\"wp-block-pages-list__item__link\" href=\"https:\/\/acadiantest.cocompass.com\/fr\/genealogy\/surnames-appearing-cds\/surnames-beginning-letter-h-j-k\/\">Surnames beginning with the letter &#8220;H to K&#8221;<\/a><\/li><li class=\"wp-block-pages-list__item\"><a class=\"wp-block-pages-list__item__link\" href=\"https:\/\/acadiantest.cocompass.com\/fr\/genealogy\/surnames-appearing-cds\/surnames-beginning-letter-l-m\/\">Surnames beginning with the letter &#8220;L to M&#8221;<\/a><\/li><li class=\"wp-block-pages-list__item\"><a class=\"wp-block-pages-list__item__link\" href=\"https:\/\/acadiantest.cocompass.com\/fr\/genealogy\/surnames-appearing-cds\/surnames-beginning-letter-n-o-p-q\/\">Surnames beginning with the letter &#8220;N to Q&#8221;<\/a><\/li><li class=\"wp-block-pages-list__item\"><a class=\"wp-block-pages-list__item__link\" href=\"https:\/\/acadiantest.cocompass.com\/fr\/genealogy\/surnames-appearing-cds\/surnames-beginning-letter-r-s-t\/\">Surnames beginning with the letter &#8220;R to T&#8221;<\/a><\/li><li class=\"wp-block-pages-list__item\"><a class=\"wp-block-pages-list__item__link\" href=\"https:\/\/acadiantest.cocompass.com\/fr\/genealogy\/surnames-appearing-cds\/surnames-beginning-letter-u-v-w-x-y-z\/\">Surnames beginning with the letter &#8220;U to Z&#8221;<\/a><\/li><\/ul><\/li><\/ul>","protected":false},"excerpt":{"rendered":"<p>National Acadian Day, Shediac, New Brunswick, CanadaAugust 15, 1909 Visit the links below to dig deeper into Acadian History.<\/p>","protected":false},"author":1,"featured_media":0,"parent":0,"menu_order":0,"comment_status":"closed","ping_status":"closed","template":"","meta":{"_crdt_document":"","_themeisle_gutenberg_block_has_review":false,"iawp_total_views":1,"footnotes":""},"class_list":["post-53","page","type-page","status-publish","hentry"],"yoast_head":"<!-- This site is optimized with the Yoast SEO plugin v26.6 - https:\/\/yoast.com\/wordpress\/plugins\/seo\/ -->\n<title>Genealogy - Acadian Genealogy - Historical Acadian-Cajun Resources<\/title>\n<meta name=\"robots\" content=\"noindex, follow, max-snippet:-1, max-image-preview:large, max-video-preview:-1\" \/>\n<meta property=\"og:locale\" content=\"fr_CA\" \/>\n<meta property=\"og:type\" content=\"article\" \/>\n<meta property=\"og:title\" content=\"Genealogy - Acadian Genealogy - Historical Acadian-Cajun Resources\" \/>\n<meta property=\"og:description\" content=\"National Acadian Day, Shediac, New Brunswick, CanadaAugust 15, 1909 Visit the links below to dig deeper into Acadian History.\" \/>\n<meta property=\"og:url\" content=\"https:\/\/acadiantest.cocompass.com\/fr\/genealogy\/\" \/>\n<meta property=\"og:site_name\" content=\"Acadian Genealogy - Historical Acadian-Cajun Resources\" \/>\n<meta property=\"article:modified_time\" content=\"2023-07-28T19:50:02+00:00\" \/>\n<meta property=\"og:image\" content=\"https:\/\/acadian.mystagingwebsite.com\/wp-content\/uploads\/National_Acadian_Day-500x389.jpg\" \/>\n<meta name=\"twitter:card\" content=\"summary_large_image\" \/>\n<meta name=\"twitter:label1\" content=\"Estimation du temps de lecture\" \/>\n\t<meta name=\"twitter:data1\" content=\"1 minute\" \/>\n<script type=\"application\/ld+json\" class=\"yoast-schema-graph\">{\"@context\":\"https:\/\/schema.org\",\"@graph\":[{\"@type\":\"WebPage\",\"@id\":\"https:\/\/acadiantest.cocompass.com\/genealogy\/\",\"url\":\"https:\/\/acadiantest.cocompass.com\/genealogy\/\",\"name\":\"Genealogy - Acadian Genealogy - Historical Acadian-Cajun Resources\",\"isPartOf\":{\"@id\":\"https:\/\/acadiantest.cocompass.com\/#website\"},\"primaryImageOfPage\":{\"@id\":\"https:\/\/acadiantest.cocompass.com\/genealogy\/#primaryimage\"},\"image\":{\"@id\":\"https:\/\/acadiantest.cocompass.com\/genealogy\/#primaryimage\"},\"thumbnailUrl\":\"https:\/\/acadiantest.cocompass.com\/wp-content\/uploads\/National_Acadian_Day-500x389.jpg\",\"datePublished\":\"2016-07-09T17:56:33+00:00\",\"dateModified\":\"2023-07-28T19:50:02+00:00\",\"breadcrumb\":{\"@id\":\"https:\/\/acadiantest.cocompass.com\/genealogy\/#breadcrumb\"},\"inLanguage\":\"fr-CA\",\"potentialAction\":[{\"@type\":\"ReadAction\",\"target\":[\"https:\/\/acadiantest.cocompass.com\/genealogy\/\"]}]},{\"@type\":\"ImageObject\",\"inLanguage\":\"fr-CA\",\"@id\":\"https:\/\/acadiantest.cocompass.com\/genealogy\/#primaryimage\",\"url\":\"https:\/\/acadiantest.cocompass.com\/wp-content\/uploads\/National_Acadian_Day-500x389.jpg\",\"contentUrl\":\"https:\/\/acadiantest.cocompass.com\/wp-content\/uploads\/National_Acadian_Day-500x389.jpg\"},{\"@type\":\"BreadcrumbList\",\"@id\":\"https:\/\/acadiantest.cocompass.com\/genealogy\/#breadcrumb\",\"itemListElement\":[{\"@type\":\"ListItem\",\"position\":1,\"name\":\"Accueil\",\"item\":\"https:\/\/acadiantest.cocompass.com\/\"},{\"@type\":\"ListItem\",\"position\":2,\"name\":\"Genealogy\"}]},{\"@type\":\"WebSite\",\"@id\":\"https:\/\/acadiantest.cocompass.com\/#website\",\"url\":\"https:\/\/acadiantest.cocompass.com\/\",\"name\":\"Acadian Genealogy - Historical Acadian-Cajun Resources\",\"description\":\"Learn About Acadians and Cajuns\",\"publisher\":{\"@id\":\"https:\/\/acadiantest.cocompass.com\/#organization\"},\"potentialAction\":[{\"@type\":\"SearchAction\",\"target\":{\"@type\":\"EntryPoint\",\"urlTemplate\":\"https:\/\/acadiantest.cocompass.com\/?s={search_term_string}\"},\"query-input\":{\"@type\":\"PropertyValueSpecification\",\"valueRequired\":true,\"valueName\":\"search_term_string\"}}],\"inLanguage\":\"fr-CA\"},{\"@type\":\"Organization\",\"@id\":\"https:\/\/acadiantest.cocompass.com\/#organization\",\"name\":\"Acadian Genealogy - Historical Acadian-Cajun Resources\",\"url\":\"https:\/\/acadiantest.cocompass.com\/\",\"logo\":{\"@type\":\"ImageObject\",\"inLanguage\":\"fr-CA\",\"@id\":\"https:\/\/acadiantest.cocompass.com\/#\/schema\/logo\/image\/\",\"url\":\"https:\/\/acadiantest.cocompass.com\/wp-content\/uploads\/logo.png\",\"contentUrl\":\"https:\/\/acadiantest.cocompass.com\/wp-content\/uploads\/logo.png\",\"width\":303,\"height\":125,\"caption\":\"Acadian Genealogy - Historical Acadian-Cajun Resources\"},\"image\":{\"@id\":\"https:\/\/acadiantest.cocompass.com\/#\/schema\/logo\/image\/\"}}]}<\/script>\n<!-- \/ Yoast SEO plugin. -->","yoast_head_json":{"title":"Genealogy - Acadian Genealogy - Historical Acadian-Cajun Resources","robots":{"index":"noindex","follow":"follow","max-snippet":"max-snippet:-1","max-image-preview":"max-image-preview:large","max-video-preview":"max-video-preview:-1"},"og_locale":"fr_CA","og_type":"article","og_title":"Genealogy - Acadian Genealogy - Historical Acadian-Cajun Resources","og_description":"National Acadian Day, Shediac, New Brunswick, CanadaAugust 15, 1909 Visit the links below to dig deeper into Acadian History.","og_url":"https:\/\/acadiantest.cocompass.com\/fr\/genealogy\/","og_site_name":"Acadian Genealogy - Historical Acadian-Cajun Resources","article_modified_time":"2023-07-28T19:50:02+00:00","og_image":[{"url":"https:\/\/acadian.mystagingwebsite.com\/wp-content\/uploads\/National_Acadian_Day-500x389.jpg","type":"","width":"","height":""}],"twitter_card":"summary_large_image","twitter_misc":{"Estimation du temps de lecture":"1 minute"},"schema":{"@context":"https:\/\/schema.org","@graph":[{"@type":"WebPage","@id":"https:\/\/acadiantest.cocompass.com\/genealogy\/","url":"https:\/\/acadiantest.cocompass.com\/genealogy\/","name":"Genealogy - Acadian Genealogy - Historical Acadian-Cajun Resources","isPartOf":{"@id":"https:\/\/acadiantest.cocompass.com\/#website"},"primaryImageOfPage":{"@id":"https:\/\/acadiantest.cocompass.com\/genealogy\/#primaryimage"},"image":{"@id":"https:\/\/acadiantest.cocompass.com\/genealogy\/#primaryimage"},"thumbnailUrl":"https:\/\/acadiantest.cocompass.com\/wp-content\/uploads\/National_Acadian_Day-500x389.jpg","datePublished":"2016-07-09T17:56:33+00:00","dateModified":"2023-07-28T19:50:02+00:00","breadcrumb":{"@id":"https:\/\/acadiantest.cocompass.com\/genealogy\/#breadcrumb"},"inLanguage":"fr-CA","potentialAction":[{"@type":"ReadAction","target":["https:\/\/acadiantest.cocompass.com\/genealogy\/"]}]},{"@type":"ImageObject","inLanguage":"fr-CA","@id":"https:\/\/acadiantest.cocompass.com\/genealogy\/#primaryimage","url":"https:\/\/acadiantest.cocompass.com\/wp-content\/uploads\/National_Acadian_Day-500x389.jpg","contentUrl":"https:\/\/acadiantest.cocompass.com\/wp-content\/uploads\/National_Acadian_Day-500x389.jpg"},{"@type":"BreadcrumbList","@id":"https:\/\/acadiantest.cocompass.com\/genealogy\/#breadcrumb","itemListElement":[{"@type":"ListItem","position":1,"name":"Accueil","item":"https:\/\/acadiantest.cocompass.com\/"},{"@type":"ListItem","position":2,"name":"Genealogy"}]},{"@type":"WebSite","@id":"https:\/\/acadiantest.cocompass.com\/#website","url":"https:\/\/acadiantest.cocompass.com\/","name":"Acadian Genealogy - Historical Acadian-Cajun Resources","description":"Learn About Acadians and Cajuns","publisher":{"@id":"https:\/\/acadiantest.cocompass.com\/#organization"},"potentialAction":[{"@type":"SearchAction","target":{"@type":"EntryPoint","urlTemplate":"https:\/\/acadiantest.cocompass.com\/?s={search_term_string}"},"query-input":{"@type":"PropertyValueSpecification","valueRequired":true,"valueName":"search_term_string"}}],"inLanguage":"fr-CA"},{"@type":"Organization","@id":"https:\/\/acadiantest.cocompass.com\/#organization","name":"Acadian Genealogy - Historical Acadian-Cajun Resources","url":"https:\/\/acadiantest.cocompass.com\/","logo":{"@type":"ImageObject","inLanguage":"fr-CA","@id":"https:\/\/acadiantest.cocompass.com\/#\/schema\/logo\/image\/","url":"https:\/\/acadiantest.cocompass.com\/wp-content\/uploads\/logo.png","contentUrl":"https:\/\/acadiantest.cocompass.com\/wp-content\/uploads\/logo.png","width":303,"height":125,"caption":"Acadian Genealogy - Historical Acadian-Cajun Resources"},"image":{"@id":"https:\/\/acadiantest.cocompass.com\/#\/schema\/logo\/image\/"}}]}},"_links":{"self":[{"href":"https:\/\/acadiantest.cocompass.com\/fr\/wp-json\/wp\/v2\/pages\/53","targetHints":{"allow":["GET"]}}],"collection":[{"href":"https:\/\/acadiantest.cocompass.com\/fr\/wp-json\/wp\/v2\/pages"}],"about":[{"href":"https:\/\/acadiantest.cocompass.com\/fr\/wp-json\/wp\/v2\/types\/page"}],"author":[{"embeddable":true,"href":"https:\/\/acadiantest.cocompass.com\/fr\/wp-json\/wp\/v2\/users\/1"}],"replies":[{"embeddable":true,"href":"https:\/\/acadiantest.cocompass.com\/fr\/wp-json\/wp\/v2\/comments?post=53"}],"version-history":[{"count":2,"href":"https:\/\/acadiantest.cocompass.com\/fr\/wp-json\/wp\/v2\/pages\/53\/revisions"}],"predecessor-version":[{"id":18440,"href":"https:\/\/acadiantest.cocompass.com\/fr\/wp-json\/wp\/v2\/pages\/53\/revisions\/18440"}],"wp:attachment":[{"href":"https:\/\/acadiantest.cocompass.com\/fr\/wp-json\/wp\/v2\/media?parent=53"}],"curies":[{"name":"wp","href":"https:\/\/api.w.org\/{rel}","templated":true}]}}