{"id":623,"date":"2016-08-22T16:08:51","date_gmt":"2016-08-22T20:08:51","guid":{"rendered":"https:\/\/acadiantest.cocompass.com\/?page_id=623"},"modified":"2018-11-02T20:39:34","modified_gmt":"2018-11-03T00:39:34","slug":"cheticamp","status":"publish","type":"page","link":"https:\/\/acadiantest.cocompass.com\/fr\/cheticamp\/","title":{"rendered":"Ch\u00e9ticamp"},"content":{"rendered":"<p align=\"CENTER\">Census of Ch\u00e9ticamp by Father Lejamtel, Missionary, (Dated August 1809)<\/p>\n<h5 align=\"CENTER\">Village of Grand-\u00c9tang<\/h5>\n<p>Fran\u00e7ois CORMIER and Anne HACHET, his wife; Cyprien, Barbe, Fran\u00e7ois.<\/p>\n<p>Joseph CORMIER and Susanne LEBLANC, his wife.<\/p>\n<p>Simon DOUCET and Scholastique CORMIER, his wife; Simon, Henriette, Marie, Fran\u00e7ois, Marguerite, Barbe, F\u00e9licit\u00e9, C\u00e9leste, Sophie, Scolastique. \u00c9tienne Raimbeau and Louise Cormier, his wife; Fran\u00e7ois.<\/p>\n<p>David CHIASSON and Celeste CORMIER, his wife; Matilde, Charles, Celeste.<\/p>\n<h4 align=\"CENTER\">Le Platin<\/h4>\n<p>Louis DOUCET and Magdeleine AUCOIN, his wife; Joseph, Magdeleine, Marie Judith, Dominique.<\/p>\n<p>Jean BOURGEOIS and Ang\u00e9lique POIRIER, his wife; Laurent, Jean Charlotte, Marie, Raimond, Thomas, Genevieve, Eustache, Charles, Sophie, Gervaise, Anne, C\u00e9leste.<\/p>\n<p>Maximin GODET and Genevieve BOIS, his wife; Ang\u00e9lique, Jean, Marie, Elisabeth, Ursule, Marguerite.<\/p>\n<p>Anne RICHARD, widow of Joseph GODET.<\/p>\n<p>Fran\u00e7ois Marie LEFORT and Anne GODET, his wife; Joseph.<\/p>\n<p>Louis BRUYARD, widower of Marie Magdeleine DEVEAUX, Charles, Marie, Marguerite, Rosalie.<\/p>\n<p>Joseph BOUDROT and Anne CHIASSON, his wife; Charles, Luce Aucoin (domestic).<\/p>\n<p>Anselme AUCOIN and Rose CHIASSON, his wife; Marie, Hubert, Raphael, Pierre, Magdeleine, Agnes, Joseph, Thomas, Susanne.<\/p>\n<p>Simon AUCOIN and \u00c9lisabeth POIRIER, his wife.<\/p>\n<p>Joseph AUCOIN and Marie HEBERT, his wife.<\/p>\n<p>Cyriac ROCHE and Rosalie HARNOIS, his wife; Modeste, Joseph, Hubert, Marie.<\/p>\n<p>Genevieve GODET.<\/p>\n<p>Pierre AUCOIN, widower of F\u00e9licit\u00e9 LEBLANC.<br \/>\nJoseph AUCOIN and Ysabelle LEBLANC, his wife; Joseph Charles, Pierre, Luce.<\/p>\n<p>Augustin DEVAUX and Marie POIRIER, his wife; Joseph, Fr\u00e9d\u00e9ric, widower of Th\u00e9otiste LEBLANC, Jean Baptiste.<\/p>\n<p>Joseph GODET and Ysabelle AUCOIN, his wife; Osithe, Ysabelle, Marguerite, Henriette, Victoire, Fran\u00e7oise, Joseph.<\/p>\n<p>Jeanne DUGAS, widow of Pierre BOIS.<\/p>\n<p>R\u00e9gis BOIS and Apolline ARSENAUX, his wife; Marie-Magdeleine, Genevieve, H\u00e9l\u00e8ne.<\/p>\n<p>Joseph DEVAUX, widower of Ang\u00e9lique HEBERT.<\/p>\n<p>Bruno POIRIER and Marie DEVAUX, his wife; Renauld, Moyses, F\u00e9lix, Meloine.<\/p>\n<p>Pierre DEVAUX and Marie AUCOIN, his wife; Marie, Luce.<\/p>\n<p>Jean DEVAUX and Eulalie POIRIER, his wife; Susanne.<\/p>\n<p>Raimond POIRIER and Marie BOIS, his wife; Raimond, Henriette.<\/p>\n<p>Jean LELI\u00c8VRE and Marie Ang\u00e9lique DEVAUX, his wife; Marie, Susanne, Jean, Ester, Elisabeth.<\/p>\n<p>Ysaac LEBLANC and Genevieve AUCOIN, his wife; Alexis, Julienne, Simon, Henriette, Catherine, F\u00e9licit\u00e9, Genevieve.<\/p>\n<p>Anastasie GIROUARD, widow of Jean ROMARD; Magdeleine Olive, Jean Fran\u00e7ois, Marguerite Rose, Anne Marie, Anastasie Ang\u00e9lique, Sophie, Julie Rosalie, Julien Alexandre.<\/p>\n<h4 align=\"CENTER\">Village of Petit-\u00c9tang<\/h4>\n<p>Elisabeth BOUDROT, widow of Jean CHIASSON.<\/p>\n<p>Lazare LEBLANC and Modeste CHIASSON, his wife; Cyprien, Jean, Simon, Lazare, Euphrosine, Marie.<\/p>\n<p>\u00c9tienne CHIASSON and Monique GODET, his wife; Urbain, Charles, Anastasie, Michel, Joseph, Prosper.<\/p>\n<p>Joseph LEBLANC and Marie CHIASSON, his wife; Jean, Joseph, Lazare, Placide, Marie Gr\u00e9goire, Sophie.<\/p>\n<p>Jean Baptiste MAILLET and Fran\u00e7oise CHIASSON, his wife; Marie, Michel.<\/p>\n<p>Anne LEBLANC, widow of Gr\u00e9goire MAILLET.<\/p>\n<p>Joseph CHIASSON and Marie MAILLET, his wife; Joseph, Charles, Magdeleine.<\/p>\n<p>Rosalie MAILLET, widow of Simon CORMIER; Simon.<\/p>\n<p>Pierre AUCOIN and Luce BABIN, his wife; Magdeleine, Barbe, Pierre, Marguerite, Simon, Charles, F\u00e9licit\u00e9, Marie, Joseph.<\/p>\n<p>Joseph DEVAUX and Euphrosine GODET, his wife; Magdeleine, Anastasie, Ysidore, Ester, Marie, Ysabelle, Ang\u00e9lique, Joseph, Fran\u00e7oise, Susanne.<\/p>\n<p>Joseph CHIASSON and Doroth\u00e9 POIRIER, his wife; Hubert, Ursule, C\u00e9leste.<\/p>\n<h4 align=\"CENTER\">Ch\u00e9ticamp Island<\/h4>\n<p>Basile CHIASSON and Anne ARSENAUX, his wife; Thomas, Jean, Marguerite, Basile.<\/p>\n<p>Firmin CHIASSON and H\u00e9l\u00e8ne POIRIER, his wife; Susanne, Jean, H\u00e9l\u00e8ne.<\/p>\n<p>Marie PITRE, widow of Germain CHIASSON; Maturin, Charlemagne, Laurent, Polycarpe, Marie Barbe, Charlotte, Germain.<\/p>\n<p>Pierre DEVAUX and Marguerite GODET, his wife; Agn\u00e8s, Pierre, Rosalie, Charles, Marie, Joseph, Marguerite.<\/p>\n<p>Andr\u00e9 POIRIER and Marie Blandine BENOIT; Andr\u00e9, Marie, Casimir, Benjamin, Henriette.<\/p>\n<p>Joseph POIRIER and Euphrosine DEVAUX, his wife.<\/p>\n<p>Thomas DOODY and Marie POWER, his wife; Thomas, Brijitte.<\/p>\n<p>Joseph MATHE and Marie ZACE, his wife; Marie, Emilie.<\/p>\n<p>Alexandre MCDONALD and &#8230;, his wife; his children.<\/p>\n<p align=\"CENTER\">I am grateful to Joe Crochet who provided the above-noted information for the&#8230; &#8220;<a href=\"https:\/\/acadiantest.cocompass.com\/fr\/download-or-cd\/\">In Search of Our Acadian Roots&#8221; CD-ROM<\/a> \u00a91994 <a href=\"https:\/\/acadiantest.cocompass.com\/fr\/summary.html\/\" target=\"mainFrame\">(now available in Windows Version)<\/a>.<\/p>\n<p align=\"CENTER\">A) Source for Ch\u00e9ticamp Census: Archives of Archbishop of Qu\u00e9bec, Nova Scotia, VII-22<\/p>\n<p>B) Secondary source: Ch\u00e9ticamp by Father Anselme Chiasson &#8211; ISBN 1-895415-29-2.<br \/>\nHe has also written the History of the Acadians at Cape Breton and the Magdalen Islands.<\/p>\n<p align=\"CENTER\">* with corrections by <a href=\"mailto:cajun@acadian.org\" target=\"_blank\" rel=\"noopener\">Yvon Cyr<\/a><\/p>","protected":false},"excerpt":{"rendered":"<p>Census of Ch\u00e9ticamp by Father Lejamtel, Missionary, (Dated August 1809) Village of Grand-\u00c9tang Fran\u00e7ois CORMIER and Anne HACHET, his wife; Cyprien, Barbe, Fran\u00e7ois. Joseph CORMIER and Susanne LEBLANC, his wife. Simon DOUCET and Scholastique CORMIER, his wife; Simon, Henriette, Marie, Fran\u00e7ois, Marguerite, Barbe, F\u00e9licit\u00e9, C\u00e9leste, Sophie, Scolastique. \u00c9tienne Raimbeau and Louise Cormier, his wife; Fran\u00e7ois. [&hellip;]<\/p>","protected":false},"author":2,"featured_media":0,"parent":0,"menu_order":0,"comment_status":"closed","ping_status":"closed","template":"","meta":{"_crdt_document":"","_themeisle_gutenberg_block_has_review":false,"iawp_total_views":0,"footnotes":""},"class_list":["post-623","page","type-page","status-publish","hentry"],"yoast_head":"<!-- This site is optimized with the Yoast SEO plugin v26.6 - https:\/\/yoast.com\/wordpress\/plugins\/seo\/ -->\n<title>Ch\u00e9ticamp - Acadian Genealogy - Historical Acadian-Cajun Resources<\/title>\n<meta name=\"robots\" content=\"noindex, follow, max-snippet:-1, max-image-preview:large, max-video-preview:-1\" \/>\n<meta property=\"og:locale\" content=\"fr_CA\" \/>\n<meta property=\"og:type\" content=\"article\" \/>\n<meta property=\"og:title\" content=\"Ch\u00e9ticamp - Acadian Genealogy - Historical Acadian-Cajun Resources\" \/>\n<meta property=\"og:description\" content=\"Census of Ch\u00e9ticamp by Father Lejamtel, Missionary, (Dated August 1809) Village of Grand-\u00c9tang Fran\u00e7ois CORMIER and Anne HACHET, his wife; Cyprien, Barbe, Fran\u00e7ois. Joseph CORMIER and Susanne LEBLANC, his wife. Simon DOUCET and Scholastique CORMIER, his wife; Simon, Henriette, Marie, Fran\u00e7ois, Marguerite, Barbe, F\u00e9licit\u00e9, C\u00e9leste, Sophie, Scolastique. \u00c9tienne Raimbeau and Louise Cormier, his wife; Fran\u00e7ois. [&hellip;]\" \/>\n<meta property=\"og:url\" content=\"https:\/\/acadiantest.cocompass.com\/fr\/cheticamp\/\" \/>\n<meta property=\"og:site_name\" content=\"Acadian Genealogy - Historical Acadian-Cajun Resources\" \/>\n<meta property=\"article:modified_time\" content=\"2018-11-03T00:39:34+00:00\" \/>\n<meta name=\"twitter:card\" content=\"summary_large_image\" \/>\n<meta name=\"twitter:label1\" content=\"Estimation du temps de lecture\" \/>\n\t<meta name=\"twitter:data1\" content=\"3 minutes\" \/>\n<script type=\"application\/ld+json\" class=\"yoast-schema-graph\">{\"@context\":\"https:\/\/schema.org\",\"@graph\":[{\"@type\":\"WebPage\",\"@id\":\"https:\/\/acadiantest.cocompass.com\/cheticamp\/\",\"url\":\"https:\/\/acadiantest.cocompass.com\/cheticamp\/\",\"name\":\"Ch\u00e9ticamp - Acadian Genealogy - Historical Acadian-Cajun Resources\",\"isPartOf\":{\"@id\":\"https:\/\/acadiantest.cocompass.com\/#website\"},\"datePublished\":\"2016-08-22T20:08:51+00:00\",\"dateModified\":\"2018-11-03T00:39:34+00:00\",\"breadcrumb\":{\"@id\":\"https:\/\/acadiantest.cocompass.com\/cheticamp\/#breadcrumb\"},\"inLanguage\":\"fr-CA\",\"potentialAction\":[{\"@type\":\"ReadAction\",\"target\":[\"https:\/\/acadiantest.cocompass.com\/cheticamp\/\"]}]},{\"@type\":\"BreadcrumbList\",\"@id\":\"https:\/\/acadiantest.cocompass.com\/cheticamp\/#breadcrumb\",\"itemListElement\":[{\"@type\":\"ListItem\",\"position\":1,\"name\":\"Accueil\",\"item\":\"https:\/\/acadiantest.cocompass.com\/\"},{\"@type\":\"ListItem\",\"position\":2,\"name\":\"Ch\u00e9ticamp\"}]},{\"@type\":\"WebSite\",\"@id\":\"https:\/\/acadiantest.cocompass.com\/#website\",\"url\":\"https:\/\/acadiantest.cocompass.com\/\",\"name\":\"Acadian Genealogy - Historical Acadian-Cajun Resources\",\"description\":\"Learn About Acadians and Cajuns\",\"publisher\":{\"@id\":\"https:\/\/acadiantest.cocompass.com\/#organization\"},\"potentialAction\":[{\"@type\":\"SearchAction\",\"target\":{\"@type\":\"EntryPoint\",\"urlTemplate\":\"https:\/\/acadiantest.cocompass.com\/?s={search_term_string}\"},\"query-input\":{\"@type\":\"PropertyValueSpecification\",\"valueRequired\":true,\"valueName\":\"search_term_string\"}}],\"inLanguage\":\"fr-CA\"},{\"@type\":\"Organization\",\"@id\":\"https:\/\/acadiantest.cocompass.com\/#organization\",\"name\":\"Acadian Genealogy - Historical Acadian-Cajun Resources\",\"url\":\"https:\/\/acadiantest.cocompass.com\/\",\"logo\":{\"@type\":\"ImageObject\",\"inLanguage\":\"fr-CA\",\"@id\":\"https:\/\/acadiantest.cocompass.com\/#\/schema\/logo\/image\/\",\"url\":\"https:\/\/acadiantest.cocompass.com\/wp-content\/uploads\/logo.png\",\"contentUrl\":\"https:\/\/acadiantest.cocompass.com\/wp-content\/uploads\/logo.png\",\"width\":303,\"height\":125,\"caption\":\"Acadian Genealogy - Historical Acadian-Cajun Resources\"},\"image\":{\"@id\":\"https:\/\/acadiantest.cocompass.com\/#\/schema\/logo\/image\/\"}}]}<\/script>\n<!-- \/ Yoast SEO plugin. -->","yoast_head_json":{"title":"Ch\u00e9ticamp - Acadian Genealogy - Historical Acadian-Cajun Resources","robots":{"index":"noindex","follow":"follow","max-snippet":"max-snippet:-1","max-image-preview":"max-image-preview:large","max-video-preview":"max-video-preview:-1"},"og_locale":"fr_CA","og_type":"article","og_title":"Ch\u00e9ticamp - Acadian Genealogy - Historical Acadian-Cajun Resources","og_description":"Census of Ch\u00e9ticamp by Father Lejamtel, Missionary, (Dated August 1809) Village of Grand-\u00c9tang Fran\u00e7ois CORMIER and Anne HACHET, his wife; Cyprien, Barbe, Fran\u00e7ois. Joseph CORMIER and Susanne LEBLANC, his wife. Simon DOUCET and Scholastique CORMIER, his wife; Simon, Henriette, Marie, Fran\u00e7ois, Marguerite, Barbe, F\u00e9licit\u00e9, C\u00e9leste, Sophie, Scolastique. \u00c9tienne Raimbeau and Louise Cormier, his wife; Fran\u00e7ois. [&hellip;]","og_url":"https:\/\/acadiantest.cocompass.com\/fr\/cheticamp\/","og_site_name":"Acadian Genealogy - Historical Acadian-Cajun Resources","article_modified_time":"2018-11-03T00:39:34+00:00","twitter_card":"summary_large_image","twitter_misc":{"Estimation du temps de lecture":"3 minutes"},"schema":{"@context":"https:\/\/schema.org","@graph":[{"@type":"WebPage","@id":"https:\/\/acadiantest.cocompass.com\/cheticamp\/","url":"https:\/\/acadiantest.cocompass.com\/cheticamp\/","name":"Ch\u00e9ticamp - Acadian Genealogy - Historical Acadian-Cajun Resources","isPartOf":{"@id":"https:\/\/acadiantest.cocompass.com\/#website"},"datePublished":"2016-08-22T20:08:51+00:00","dateModified":"2018-11-03T00:39:34+00:00","breadcrumb":{"@id":"https:\/\/acadiantest.cocompass.com\/cheticamp\/#breadcrumb"},"inLanguage":"fr-CA","potentialAction":[{"@type":"ReadAction","target":["https:\/\/acadiantest.cocompass.com\/cheticamp\/"]}]},{"@type":"BreadcrumbList","@id":"https:\/\/acadiantest.cocompass.com\/cheticamp\/#breadcrumb","itemListElement":[{"@type":"ListItem","position":1,"name":"Accueil","item":"https:\/\/acadiantest.cocompass.com\/"},{"@type":"ListItem","position":2,"name":"Ch\u00e9ticamp"}]},{"@type":"WebSite","@id":"https:\/\/acadiantest.cocompass.com\/#website","url":"https:\/\/acadiantest.cocompass.com\/","name":"Acadian Genealogy - Historical Acadian-Cajun Resources","description":"Learn About Acadians and Cajuns","publisher":{"@id":"https:\/\/acadiantest.cocompass.com\/#organization"},"potentialAction":[{"@type":"SearchAction","target":{"@type":"EntryPoint","urlTemplate":"https:\/\/acadiantest.cocompass.com\/?s={search_term_string}"},"query-input":{"@type":"PropertyValueSpecification","valueRequired":true,"valueName":"search_term_string"}}],"inLanguage":"fr-CA"},{"@type":"Organization","@id":"https:\/\/acadiantest.cocompass.com\/#organization","name":"Acadian Genealogy - Historical Acadian-Cajun Resources","url":"https:\/\/acadiantest.cocompass.com\/","logo":{"@type":"ImageObject","inLanguage":"fr-CA","@id":"https:\/\/acadiantest.cocompass.com\/#\/schema\/logo\/image\/","url":"https:\/\/acadiantest.cocompass.com\/wp-content\/uploads\/logo.png","contentUrl":"https:\/\/acadiantest.cocompass.com\/wp-content\/uploads\/logo.png","width":303,"height":125,"caption":"Acadian Genealogy - Historical Acadian-Cajun Resources"},"image":{"@id":"https:\/\/acadiantest.cocompass.com\/#\/schema\/logo\/image\/"}}]}},"_links":{"self":[{"href":"https:\/\/acadiantest.cocompass.com\/fr\/wp-json\/wp\/v2\/pages\/623","targetHints":{"allow":["GET"]}}],"collection":[{"href":"https:\/\/acadiantest.cocompass.com\/fr\/wp-json\/wp\/v2\/pages"}],"about":[{"href":"https:\/\/acadiantest.cocompass.com\/fr\/wp-json\/wp\/v2\/types\/page"}],"author":[{"embeddable":true,"href":"https:\/\/acadiantest.cocompass.com\/fr\/wp-json\/wp\/v2\/users\/2"}],"replies":[{"embeddable":true,"href":"https:\/\/acadiantest.cocompass.com\/fr\/wp-json\/wp\/v2\/comments?post=623"}],"version-history":[{"count":0,"href":"https:\/\/acadiantest.cocompass.com\/fr\/wp-json\/wp\/v2\/pages\/623\/revisions"}],"wp:attachment":[{"href":"https:\/\/acadiantest.cocompass.com\/fr\/wp-json\/wp\/v2\/media?parent=623"}],"curies":[{"name":"wp","href":"https:\/\/api.w.org\/{rel}","templated":true}]}}