{"id":626,"date":"2016-08-22T16:14:12","date_gmt":"2016-08-22T20:14:12","guid":{"rendered":"https:\/\/acadiantest.cocompass.com\/?page_id=626"},"modified":"2018-11-02T20:41:53","modified_gmt":"2018-11-03T00:41:53","slug":"cape-breton","status":"publish","type":"page","link":"https:\/\/acadiantest.cocompass.com\/fr\/cape-breton\/","title":{"rendered":"Cape Breton"},"content":{"rendered":"<p align=\"CENTER\">1809 ACADIAN CENSUS of Margaree in Cape Breton<\/p>\n<p align=\"CENTER\">(by Father Lejamtel, Missionary; Dated August 1809)<\/p>\n<p>Joseph CORMIER and Osithe LEBLANC, his wife; Laurent, Henriette, P\u00e9lagie, Charlotte, Marguerite, Th\u00e9otiste, Joseph, Pierre.<\/p>\n<p>Joseph CHIASSON and Marguerite LEBLANC, his wife; Henriette, Luc, Isabelle, Dominique, Jean-Baptiste, Jean, Placide.<\/p>\n<p>Isidore CHIASSON and Marie Madeleine LEBLANC, his wife; Marie-Modeste, Armand, Simon, Isidore, Isabelle, Charles, Marguerite.<\/p>\n<p>Prosper LEBLANC and Marguerite POIRIER, his wife.<\/p>\n<p>Pierre CORMIER and F\u00e9licit\u00e9 LEBLANC, his wife; Firmin, Edesse, Marie.<\/p>\n<p>Joseph LEBLANC and Martine ARSENAUX, his wife.<\/p>\n<p>Paul LEBLANC and Marguerite HACH\u00c9, his wife.<\/p>\n<p>B\u00e9noni LEBLANC and Joseph BOURG, his wife; Euphrasine, widow of Lazare Doucet, Marie Jardin (domestic).<\/p>\n<p>Jacques LEBLANC and Ang\u00e9line LEBLANC, his wife; Catherine.<\/p>\n<p>Marguerite LEBLANC, widow of Joseph LEBLANC; Rufine, Anastasie, Marie, Suzanne (married), Joseph.<\/p>\n<p>Hilaire LEBLANC and Scolastique LEBLANC, his wife; \u00c9tienne, C\u00e9lestin, Simon, Maturin, Paul, Charlotte.<\/p>\n<p>Charles HACH\u00c9 and F\u00e9licit\u00e9 GAUTREAU, his wife; Marthe, Maturin, Jacques, Simon, Euphrozine, Charles, Marie, Joseph, Pierre.<\/p>\n<p>Honor\u00e9 MUCHEL, widower of&#8230;<\/p>\n<p>Felix HACH\u00c9 and Luce LEBLANC, his wife; Gilbert.<\/p>\n<p>Fran\u00e7oise HACH\u00c9, widow of Jean BLANCHARD; Charles, Judith, Jean.<\/p>\n<p>Paul DOUCET, widower of F\u00e9licit\u00e9 MICHEL; Anne-Marguerite.<\/p>\n<p>Paul DOUCET and Tarsilde LEBLANC, his wife; Martin, Simon, Marie.<\/p>\n<p>Marie DOUCET, widow of Martin LARADE; Marie, Madeleine, F\u00e9licit\u00e9, Henriette, Pierre, Simon, Lazare, Barbe, Osithe, Joseph.<\/p>\n<p>Pierre ARSENAUX and Marie LEBLANC, his wife; Luc, Barbe, Simon, Madeleine, Thadd\u00e9e, Anne, M\u00e9lanie, Ang\u00e9lique, Suzanne.<\/p>\n<p>Jean-Baptiste LEBLANC and Marguerite BOURG, his wife; Honor\u00e9, Jean, Ang\u00e9lique.<\/p>\n<p>Paul DAIGLE and Osithe ARSENAUX, his wife, widow of Simon LEBLANC; Bibiane LEBLANC, Ursule DAIGLE (mentally defective), Nicolas DAIGLE.<\/p>\n<p>Fran\u00e7ois LEBLANC and Osothe LEBLANC, his wife; Marie.<\/p>\n<p>Marguerite DAIGLE, widow of Jean-Baptiste CHAVARY; Prosper, Jean, Ester, Isidore, Firmin, Simon.<\/p>\n<p>Ange MUCE and Ursule CHAVARY, his wife; Pierre, Charles.<\/p>\n<p>Madeleine BOURG, widow of Barth\u00e9l\u00e9my MUCE; Marie, Fran\u00e7oise, Pierre, Sifroy, Rosalie.<\/p>\n<p>Isabelle BOUDROT, widow of Guillaume CORMIER; Urbain, Guillaume, Isidore, Jean, Anne-Marie, Marie-Modeste.<\/p>\n<p>Marin LEBLANC and Marie CORMIER, his wife; Marie, C\u00e9l\u00e9ste, Luce.<\/p>\n<p>Germain LEBLANC and Madeleine CORMIER, his wife.<\/p>\n<p>Lazare LEBLANC and Th\u00e9otiste CORMIER, his wife; Polycarpe, Dominique, Henriette.<\/p>\n<p>Jean CHIASSON and Anastasie CORMIER, his wife; David, Germain, Basile.<\/p>\n<p>B\u00e9noni LEBLANC and Marguerite CORMIER, his wife; Sophie, Fran\u00e7ois, Julien, Suzanne, Placide.<\/p>\n<p>Basile CORMIER and Marguerite ARSENAUX, his wife.<\/p>\n<p>Georges LEBLANC and Marie DOUCET, his wife; Madeleine, H\u00e9l\u00e8ne, Georges, Lazare.<\/p>\n<p>Simon LEBLANC and Scolastique DOUCET, his wife; Charles.<\/p>\n<p>Charles LEBLANC and Apolline CORMIER, his wife; Germain, Charles.<\/p>\n<p>Bertrand DERASPE and Marie LEBLANC, his wife; Fran\u00e7oise, Bertrand.<\/p>\n<p>Jacques MOORE and Flore MCNEILL, his wife; Catherine.<\/p>\n<p align=\"CENTER\">BETWEEN MARGAREE AND CH\u00c9TICAMP<\/p>\n<p>Joseph RYAN and Elizabeth DARABIE, his wife; Basile, Joseph, Brigitte, Marie, Jean, Catherine, Thomas, Louise.<\/p>\n<p align=\"CENTER\">I am grateful to Joe Crochet who provided the above-noted information for the&#8230; &#8220;<a href=\"https:\/\/acadiantest.cocompass.com\/fr\/download-or-cd\/\">In Search of Our Acadian Roots&#8221; CD-ROM<\/a> \u00a91994 <a href=\"https:\/\/acadiantest.cocompass.com\/fr\/summary.html\/\">(now available in Windows Version)<\/a>.<\/p>\n<p align=\"CENTER\">A) Source for Margaree Census: Archives of Archbishop of Qu\u00e9bec, Nova Scotia, VII-22<\/p>\n<p>B) Secondary source: Ch\u00e9ticamp by Father Anselme Chiasson &#8211; ISBN 1-895415-29-2.<br \/>\nHe has also written the History of the Acadians at Cape Breton and the Magdalen Islands.<\/p>\n<p align=\"CENTER\">* with corrections by <a href=\"mailto:cajun@acadian.org\">Yvon Cyr<\/a><\/p>","protected":false},"excerpt":{"rendered":"<p>1809 ACADIAN CENSUS of Margaree in Cape Breton (by Father Lejamtel, Missionary; Dated August 1809) Joseph CORMIER and Osithe LEBLANC, his wife; Laurent, Henriette, P\u00e9lagie, Charlotte, Marguerite, Th\u00e9otiste, Joseph, Pierre. Joseph CHIASSON and Marguerite LEBLANC, his wife; Henriette, Luc, Isabelle, Dominique, Jean-Baptiste, Jean, Placide. Isidore CHIASSON and Marie Madeleine LEBLANC, his wife; Marie-Modeste, Armand, Simon, [&hellip;]<\/p>","protected":false},"author":2,"featured_media":0,"parent":0,"menu_order":0,"comment_status":"closed","ping_status":"closed","template":"","meta":{"_crdt_document":"","_themeisle_gutenberg_block_has_review":false,"iawp_total_views":0,"footnotes":""},"class_list":["post-626","page","type-page","status-publish","hentry"],"yoast_head":"<!-- This site is optimized with the Yoast SEO plugin v26.6 - https:\/\/yoast.com\/wordpress\/plugins\/seo\/ -->\n<title>Cape Breton - Acadian Genealogy - Historical Acadian-Cajun Resources<\/title>\n<meta name=\"robots\" content=\"noindex, follow, max-snippet:-1, max-image-preview:large, max-video-preview:-1\" \/>\n<meta property=\"og:locale\" content=\"fr_CA\" \/>\n<meta property=\"og:type\" content=\"article\" \/>\n<meta property=\"og:title\" content=\"Cape Breton - Acadian Genealogy - Historical Acadian-Cajun Resources\" \/>\n<meta property=\"og:description\" content=\"1809 ACADIAN CENSUS of Margaree in Cape Breton (by Father Lejamtel, Missionary; Dated August 1809) Joseph CORMIER and Osithe LEBLANC, his wife; Laurent, Henriette, P\u00e9lagie, Charlotte, Marguerite, Th\u00e9otiste, Joseph, Pierre. Joseph CHIASSON and Marguerite LEBLANC, his wife; Henriette, Luc, Isabelle, Dominique, Jean-Baptiste, Jean, Placide. Isidore CHIASSON and Marie Madeleine LEBLANC, his wife; Marie-Modeste, Armand, Simon, [&hellip;]\" \/>\n<meta property=\"og:url\" content=\"https:\/\/acadiantest.cocompass.com\/fr\/cape-breton\/\" \/>\n<meta property=\"og:site_name\" content=\"Acadian Genealogy - Historical Acadian-Cajun Resources\" \/>\n<meta property=\"article:modified_time\" content=\"2018-11-03T00:41:53+00:00\" \/>\n<meta name=\"twitter:card\" content=\"summary_large_image\" \/>\n<meta name=\"twitter:label1\" content=\"Estimation du temps de lecture\" \/>\n\t<meta name=\"twitter:data1\" content=\"3 minutes\" \/>\n<script type=\"application\/ld+json\" class=\"yoast-schema-graph\">{\"@context\":\"https:\/\/schema.org\",\"@graph\":[{\"@type\":\"WebPage\",\"@id\":\"https:\/\/acadiantest.cocompass.com\/cape-breton\/\",\"url\":\"https:\/\/acadiantest.cocompass.com\/cape-breton\/\",\"name\":\"Cape Breton - Acadian Genealogy - Historical Acadian-Cajun Resources\",\"isPartOf\":{\"@id\":\"https:\/\/acadiantest.cocompass.com\/#website\"},\"datePublished\":\"2016-08-22T20:14:12+00:00\",\"dateModified\":\"2018-11-03T00:41:53+00:00\",\"breadcrumb\":{\"@id\":\"https:\/\/acadiantest.cocompass.com\/cape-breton\/#breadcrumb\"},\"inLanguage\":\"fr-CA\",\"potentialAction\":[{\"@type\":\"ReadAction\",\"target\":[\"https:\/\/acadiantest.cocompass.com\/cape-breton\/\"]}]},{\"@type\":\"BreadcrumbList\",\"@id\":\"https:\/\/acadiantest.cocompass.com\/cape-breton\/#breadcrumb\",\"itemListElement\":[{\"@type\":\"ListItem\",\"position\":1,\"name\":\"Accueil\",\"item\":\"https:\/\/acadiantest.cocompass.com\/\"},{\"@type\":\"ListItem\",\"position\":2,\"name\":\"Cape Breton\"}]},{\"@type\":\"WebSite\",\"@id\":\"https:\/\/acadiantest.cocompass.com\/#website\",\"url\":\"https:\/\/acadiantest.cocompass.com\/\",\"name\":\"Acadian Genealogy - Historical Acadian-Cajun Resources\",\"description\":\"Learn About Acadians and Cajuns\",\"publisher\":{\"@id\":\"https:\/\/acadiantest.cocompass.com\/#organization\"},\"potentialAction\":[{\"@type\":\"SearchAction\",\"target\":{\"@type\":\"EntryPoint\",\"urlTemplate\":\"https:\/\/acadiantest.cocompass.com\/?s={search_term_string}\"},\"query-input\":{\"@type\":\"PropertyValueSpecification\",\"valueRequired\":true,\"valueName\":\"search_term_string\"}}],\"inLanguage\":\"fr-CA\"},{\"@type\":\"Organization\",\"@id\":\"https:\/\/acadiantest.cocompass.com\/#organization\",\"name\":\"Acadian Genealogy - Historical Acadian-Cajun Resources\",\"url\":\"https:\/\/acadiantest.cocompass.com\/\",\"logo\":{\"@type\":\"ImageObject\",\"inLanguage\":\"fr-CA\",\"@id\":\"https:\/\/acadiantest.cocompass.com\/#\/schema\/logo\/image\/\",\"url\":\"https:\/\/acadiantest.cocompass.com\/wp-content\/uploads\/logo.png\",\"contentUrl\":\"https:\/\/acadiantest.cocompass.com\/wp-content\/uploads\/logo.png\",\"width\":303,\"height\":125,\"caption\":\"Acadian Genealogy - Historical Acadian-Cajun Resources\"},\"image\":{\"@id\":\"https:\/\/acadiantest.cocompass.com\/#\/schema\/logo\/image\/\"}}]}<\/script>\n<!-- \/ Yoast SEO plugin. -->","yoast_head_json":{"title":"Cape Breton - Acadian Genealogy - Historical Acadian-Cajun Resources","robots":{"index":"noindex","follow":"follow","max-snippet":"max-snippet:-1","max-image-preview":"max-image-preview:large","max-video-preview":"max-video-preview:-1"},"og_locale":"fr_CA","og_type":"article","og_title":"Cape Breton - Acadian Genealogy - Historical Acadian-Cajun Resources","og_description":"1809 ACADIAN CENSUS of Margaree in Cape Breton (by Father Lejamtel, Missionary; Dated August 1809) Joseph CORMIER and Osithe LEBLANC, his wife; Laurent, Henriette, P\u00e9lagie, Charlotte, Marguerite, Th\u00e9otiste, Joseph, Pierre. Joseph CHIASSON and Marguerite LEBLANC, his wife; Henriette, Luc, Isabelle, Dominique, Jean-Baptiste, Jean, Placide. Isidore CHIASSON and Marie Madeleine LEBLANC, his wife; Marie-Modeste, Armand, Simon, [&hellip;]","og_url":"https:\/\/acadiantest.cocompass.com\/fr\/cape-breton\/","og_site_name":"Acadian Genealogy - Historical Acadian-Cajun Resources","article_modified_time":"2018-11-03T00:41:53+00:00","twitter_card":"summary_large_image","twitter_misc":{"Estimation du temps de lecture":"3 minutes"},"schema":{"@context":"https:\/\/schema.org","@graph":[{"@type":"WebPage","@id":"https:\/\/acadiantest.cocompass.com\/cape-breton\/","url":"https:\/\/acadiantest.cocompass.com\/cape-breton\/","name":"Cape Breton - Acadian Genealogy - Historical Acadian-Cajun Resources","isPartOf":{"@id":"https:\/\/acadiantest.cocompass.com\/#website"},"datePublished":"2016-08-22T20:14:12+00:00","dateModified":"2018-11-03T00:41:53+00:00","breadcrumb":{"@id":"https:\/\/acadiantest.cocompass.com\/cape-breton\/#breadcrumb"},"inLanguage":"fr-CA","potentialAction":[{"@type":"ReadAction","target":["https:\/\/acadiantest.cocompass.com\/cape-breton\/"]}]},{"@type":"BreadcrumbList","@id":"https:\/\/acadiantest.cocompass.com\/cape-breton\/#breadcrumb","itemListElement":[{"@type":"ListItem","position":1,"name":"Accueil","item":"https:\/\/acadiantest.cocompass.com\/"},{"@type":"ListItem","position":2,"name":"Cape Breton"}]},{"@type":"WebSite","@id":"https:\/\/acadiantest.cocompass.com\/#website","url":"https:\/\/acadiantest.cocompass.com\/","name":"Acadian Genealogy - Historical Acadian-Cajun Resources","description":"Learn About Acadians and Cajuns","publisher":{"@id":"https:\/\/acadiantest.cocompass.com\/#organization"},"potentialAction":[{"@type":"SearchAction","target":{"@type":"EntryPoint","urlTemplate":"https:\/\/acadiantest.cocompass.com\/?s={search_term_string}"},"query-input":{"@type":"PropertyValueSpecification","valueRequired":true,"valueName":"search_term_string"}}],"inLanguage":"fr-CA"},{"@type":"Organization","@id":"https:\/\/acadiantest.cocompass.com\/#organization","name":"Acadian Genealogy - Historical Acadian-Cajun Resources","url":"https:\/\/acadiantest.cocompass.com\/","logo":{"@type":"ImageObject","inLanguage":"fr-CA","@id":"https:\/\/acadiantest.cocompass.com\/#\/schema\/logo\/image\/","url":"https:\/\/acadiantest.cocompass.com\/wp-content\/uploads\/logo.png","contentUrl":"https:\/\/acadiantest.cocompass.com\/wp-content\/uploads\/logo.png","width":303,"height":125,"caption":"Acadian Genealogy - Historical Acadian-Cajun Resources"},"image":{"@id":"https:\/\/acadiantest.cocompass.com\/#\/schema\/logo\/image\/"}}]}},"_links":{"self":[{"href":"https:\/\/acadiantest.cocompass.com\/fr\/wp-json\/wp\/v2\/pages\/626","targetHints":{"allow":["GET"]}}],"collection":[{"href":"https:\/\/acadiantest.cocompass.com\/fr\/wp-json\/wp\/v2\/pages"}],"about":[{"href":"https:\/\/acadiantest.cocompass.com\/fr\/wp-json\/wp\/v2\/types\/page"}],"author":[{"embeddable":true,"href":"https:\/\/acadiantest.cocompass.com\/fr\/wp-json\/wp\/v2\/users\/2"}],"replies":[{"embeddable":true,"href":"https:\/\/acadiantest.cocompass.com\/fr\/wp-json\/wp\/v2\/comments?post=626"}],"version-history":[{"count":0,"href":"https:\/\/acadiantest.cocompass.com\/fr\/wp-json\/wp\/v2\/pages\/626\/revisions"}],"wp:attachment":[{"href":"https:\/\/acadiantest.cocompass.com\/fr\/wp-json\/wp\/v2\/media?parent=626"}],"curies":[{"name":"wp","href":"https:\/\/api.w.org\/{rel}","templated":true}]}}