{"id":67,"date":"2016-07-13T19:42:30","date_gmt":"2016-07-13T23:42:30","guid":{"rendered":"https:\/\/acadiantest.cocompass.com\/?page_id=67"},"modified":"2022-05-08T12:45:13","modified_gmt":"2022-05-08T16:45:13","slug":"families","status":"publish","type":"page","link":"https:\/\/acadiantest.cocompass.com\/fr\/genealogy\/families\/","title":{"rendered":"Families"},"content":{"rendered":"<p><strong>Acadian<\/strong> Family List<\/p>\n\n<ul class=\"wpb_page_list\"><li class=\"page_item page-item-1049 page_item_has_children\"><a href=\"https:\/\/acadiantest.cocompass.com\/fr\/genealogy\/families\/acadian-family-names\/\">Acadian Family Names 1700 to 1755 and Variations<\/a>\n<ul class='children'>\n\t<li class=\"page_item page-item-1061\"><a href=\"https:\/\/acadiantest.cocompass.com\/fr\/genealogy\/families\/acadian-family-names\/those-who-disappeared\/\">Those Who Disappeared<\/a><\/li>\n<\/ul>\n<\/li>\n<li class=\"page_item page-item-1055 page_item_has_children\"><a href=\"https:\/\/acadiantest.cocompass.com\/fr\/genealogy\/families\/1055-2\/\">Nicknames (&#8220;Dit&#8221; Names)<\/a>\n<ul class='children'>\n\t<li class=\"page_item page-item-1063\"><a href=\"https:\/\/acadiantest.cocompass.com\/fr\/genealogy\/families\/1055-2\/dit-name-nom-de-guerre\/\">&#8220;Dit name&#8221; &#038; &#8220;Nom de Guerre&#8221;<\/a><\/li>\n<\/ul>\n<\/li>\n<li class=\"page_item page-item-1576\"><a href=\"https:\/\/acadiantest.cocompass.com\/fr\/genealogy\/families\/louisiana-judge-put-x-cajun-names\/\">Louisiana judge put the \u2018x\u2019 in Cajun names<\/a><\/li>\n<li class=\"page_item page-item-1065\"><a href=\"https:\/\/acadiantest.cocompass.com\/fr\/genealogy\/families\/family-names-nicknames-colonial-quebec\/\">Family Names and Nicknames in Colonial Qu\u00e9bec<\/a><\/li>\n<li class=\"page_item page-item-1069\"><a href=\"https:\/\/acadiantest.cocompass.com\/fr\/genealogy\/families\/first-names\/\">French first\/given names (pr\u00e9noms fran\u00e7ais)<\/a><\/li>\n<li class=\"page_item page-item-1103\"><a href=\"https:\/\/acadiantest.cocompass.com\/fr\/genealogy\/families\/acadian-french-canadian-name-variations\/\">Acadian French-Canadian Name Variations<\/a><\/li>\n<li class=\"page_item page-item-1107\"><a href=\"https:\/\/acadiantest.cocompass.com\/fr\/genealogy\/families\/descendants-antoine-babin\/\">Descendants of Antoine Babin<\/a><\/li>\n<li class=\"page_item page-item-1110\"><a href=\"https:\/\/acadiantest.cocompass.com\/fr\/genealogy\/families\/baudrau-dit-graveline\/\">Baudrau dit Graveline<\/a><\/li>\n<li class=\"page_item page-item-1114\"><a href=\"https:\/\/acadiantest.cocompass.com\/fr\/genealogy\/families\/first-bergeron-damboises-americas\/\">The First Bergeron d&#8217;Amboises in The Americas<\/a><\/li>\n<li class=\"page_item page-item-1116\"><a href=\"https:\/\/acadiantest.cocompass.com\/fr\/genealogy\/families\/bernard-family-francais\/\">Bernard Family &#8211; fran\u00e7ais<\/a><\/li>\n<li class=\"page_item page-item-1118\"><a href=\"https:\/\/acadiantest.cocompass.com\/fr\/genealogy\/families\/bourgeois\/\">Bourgeois<\/a><\/li>\n<li class=\"page_item page-item-1120\"><a href=\"https:\/\/acadiantest.cocompass.com\/fr\/genealogy\/families\/comeau\/\">Comeau<\/a><\/li>\n<li class=\"page_item page-item-1122 page_item_has_children\"><a href=\"https:\/\/acadiantest.cocompass.com\/fr\/genealogy\/families\/cyr\/\">Cyr<\/a>\n<ul class='children'>\n\t<li class=\"page_item page-item-1125\"><a href=\"https:\/\/acadiantest.cocompass.com\/fr\/genealogy\/families\/cyr\/cyr-marie-heliodore\/\">Cyr; Marie and Heliodore<\/a><\/li>\n\t<li class=\"page_item page-item-1129\"><a href=\"https:\/\/acadiantest.cocompass.com\/fr\/genealogy\/families\/cyr\/louis-cyr\/\">Louis Cyr<\/a><\/li>\n\t<li class=\"page_item page-item-1132\"><a href=\"https:\/\/acadiantest.cocompass.com\/fr\/genealogy\/families\/cyr\/pierre-sire\/\">Pierre Sire<\/a><\/li>\n\t<li class=\"page_item page-item-1135 page_item_has_children\"><a href=\"https:\/\/acadiantest.cocompass.com\/fr\/genealogy\/families\/cyr\/origins-cyr-name\/\">Origins of the Cyr Name<\/a>\n\t<ul class='children'>\n\t\t<li class=\"page_item page-item-1141\"><a href=\"https:\/\/acadiantest.cocompass.com\/fr\/genealogy\/families\/cyr\/origins-cyr-name\/pierre-andre-cyr-brothers\/\">Were Pierre and Andr\u00e9 brothers?<\/a><\/li>\n\t<\/ul>\n<\/li>\n<\/ul>\n<\/li>\n<li class=\"page_item page-item-1160\"><a href=\"https:\/\/acadiantest.cocompass.com\/fr\/genealogy\/families\/gaudet\/\">Gaudet<\/a><\/li>\n<li class=\"page_item page-item-1163\"><a href=\"https:\/\/acadiantest.cocompass.com\/fr\/genealogy\/families\/jousset-dit-laloire\/\">Jousset Dit Laloire<\/a><\/li>\n<li class=\"page_item page-item-1165\"><a href=\"https:\/\/acadiantest.cocompass.com\/fr\/genealogy\/families\/leblanc\/\">LeBlanc<\/a><\/li>\n<li class=\"page_item page-item-1167\"><a href=\"https:\/\/acadiantest.cocompass.com\/fr\/genealogy\/families\/lejeune\/\">LeJeune<\/a><\/li>\n<li class=\"page_item page-item-1169\"><a href=\"https:\/\/acadiantest.cocompass.com\/fr\/genealogy\/families\/martin\/\">Martin<\/a><\/li>\n<li class=\"page_item page-item-1171\"><a href=\"https:\/\/acadiantest.cocompass.com\/fr\/genealogy\/families\/melanson\/\">Melanson<\/a><\/li>\n<li class=\"page_item page-item-1173\"><a href=\"https:\/\/acadiantest.cocompass.com\/fr\/genealogy\/families\/michaud\/\">Michaud<\/a><\/li>\n<li class=\"page_item page-item-1175\"><a href=\"https:\/\/acadiantest.cocompass.com\/fr\/genealogy\/families\/saucier\/\">Saucier<\/a><\/li>\n<li class=\"page_item page-item-1179 page_item_has_children\"><a href=\"https:\/\/acadiantest.cocompass.com\/fr\/genealogy\/families\/theriault\/\">Th\u00e9riault<\/a>\n<ul class='children'>\n\t<li class=\"page_item page-item-1181\"><a href=\"https:\/\/acadiantest.cocompass.com\/fr\/genealogy\/families\/theriault\/la-famille-deugene-theriault-alice-michaud-theriault\/\">La Famille d&#8217;Eug\u00e8ne Th\u00e9riault and Alice (Michaud) Th\u00e9riault<\/a><\/li>\n<\/ul>\n<\/li>\n<li class=\"page_item page-item-1183\"><a href=\"https:\/\/acadiantest.cocompass.com\/fr\/genealogy\/families\/thibodeau-tante-blanche\/\">Thibodeau; &#8220;Tante Blanche&#8221;<\/a><\/li>\n<li class=\"page_item page-item-1186\"><a href=\"https:\/\/acadiantest.cocompass.com\/fr\/genealogy\/families\/thibodos\/\">Thibodos<\/a><\/li>\n<li class=\"page_item page-item-1189\"><a href=\"https:\/\/acadiantest.cocompass.com\/fr\/genealogy\/families\/trahan\/\">Trahan<\/a><\/li>\n<li class=\"page_item page-item-1191\"><a href=\"https:\/\/acadiantest.cocompass.com\/fr\/genealogy\/families\/violet\/\">Violet<\/a><\/li>\n<li class=\"page_item page-item-17328\"><a href=\"https:\/\/acadiantest.cocompass.com\/fr\/genealogy\/families\/gallant-article-by-nicole-nunes\/\">Gallant article by Nicole Nunes<\/a><\/li>\n<\/ul>","protected":false},"excerpt":{"rendered":"<p>Acadian Family List<\/p>","protected":false},"author":1,"featured_media":0,"parent":53,"menu_order":0,"comment_status":"closed","ping_status":"closed","template":"","meta":{"_crdt_document":"","_themeisle_gutenberg_block_has_review":false,"iawp_total_views":0,"footnotes":""},"class_list":["post-67","page","type-page","status-publish","hentry"],"yoast_head":"<!-- This site is optimized with the Yoast SEO plugin v26.6 - https:\/\/yoast.com\/wordpress\/plugins\/seo\/ -->\n<title>Families - Acadian Genealogy - Historical Acadian-Cajun Resources<\/title>\n<meta name=\"robots\" content=\"noindex, follow, max-snippet:-1, max-image-preview:large, max-video-preview:-1\" \/>\n<meta property=\"og:locale\" content=\"fr_CA\" \/>\n<meta property=\"og:type\" content=\"article\" \/>\n<meta property=\"og:title\" content=\"Families - Acadian Genealogy - Historical Acadian-Cajun Resources\" \/>\n<meta property=\"og:description\" content=\"Acadian Family List\" \/>\n<meta property=\"og:url\" content=\"https:\/\/acadiantest.cocompass.com\/fr\/genealogy\/families\/\" \/>\n<meta property=\"og:site_name\" content=\"Acadian Genealogy - Historical Acadian-Cajun Resources\" \/>\n<meta property=\"article:modified_time\" content=\"2022-05-08T16:45:13+00:00\" \/>\n<meta name=\"twitter:card\" content=\"summary_large_image\" \/>\n<meta name=\"twitter:label1\" content=\"Estimation du temps de lecture\" \/>\n\t<meta name=\"twitter:data1\" content=\"1 minute\" \/>\n<script type=\"application\/ld+json\" class=\"yoast-schema-graph\">{\"@context\":\"https:\/\/schema.org\",\"@graph\":[{\"@type\":\"WebPage\",\"@id\":\"https:\/\/acadiantest.cocompass.com\/genealogy\/families\/\",\"url\":\"https:\/\/acadiantest.cocompass.com\/genealogy\/families\/\",\"name\":\"Families - Acadian Genealogy - Historical Acadian-Cajun Resources\",\"isPartOf\":{\"@id\":\"https:\/\/acadiantest.cocompass.com\/#website\"},\"datePublished\":\"2016-07-13T23:42:30+00:00\",\"dateModified\":\"2022-05-08T16:45:13+00:00\",\"breadcrumb\":{\"@id\":\"https:\/\/acadiantest.cocompass.com\/genealogy\/families\/#breadcrumb\"},\"inLanguage\":\"fr-CA\",\"potentialAction\":[{\"@type\":\"ReadAction\",\"target\":[\"https:\/\/acadiantest.cocompass.com\/genealogy\/families\/\"]}]},{\"@type\":\"BreadcrumbList\",\"@id\":\"https:\/\/acadiantest.cocompass.com\/genealogy\/families\/#breadcrumb\",\"itemListElement\":[{\"@type\":\"ListItem\",\"position\":1,\"name\":\"Accueil\",\"item\":\"https:\/\/acadiantest.cocompass.com\/\"},{\"@type\":\"ListItem\",\"position\":2,\"name\":\"Genealogy\",\"item\":\"https:\/\/acadiantest.cocompass.com\/genealogy\/\"},{\"@type\":\"ListItem\",\"position\":3,\"name\":\"Families\"}]},{\"@type\":\"WebSite\",\"@id\":\"https:\/\/acadiantest.cocompass.com\/#website\",\"url\":\"https:\/\/acadiantest.cocompass.com\/\",\"name\":\"Acadian Genealogy - Historical Acadian-Cajun Resources\",\"description\":\"Learn About Acadians and Cajuns\",\"publisher\":{\"@id\":\"https:\/\/acadiantest.cocompass.com\/#organization\"},\"potentialAction\":[{\"@type\":\"SearchAction\",\"target\":{\"@type\":\"EntryPoint\",\"urlTemplate\":\"https:\/\/acadiantest.cocompass.com\/?s={search_term_string}\"},\"query-input\":{\"@type\":\"PropertyValueSpecification\",\"valueRequired\":true,\"valueName\":\"search_term_string\"}}],\"inLanguage\":\"fr-CA\"},{\"@type\":\"Organization\",\"@id\":\"https:\/\/acadiantest.cocompass.com\/#organization\",\"name\":\"Acadian Genealogy - Historical Acadian-Cajun Resources\",\"url\":\"https:\/\/acadiantest.cocompass.com\/\",\"logo\":{\"@type\":\"ImageObject\",\"inLanguage\":\"fr-CA\",\"@id\":\"https:\/\/acadiantest.cocompass.com\/#\/schema\/logo\/image\/\",\"url\":\"https:\/\/acadiantest.cocompass.com\/wp-content\/uploads\/logo.png\",\"contentUrl\":\"https:\/\/acadiantest.cocompass.com\/wp-content\/uploads\/logo.png\",\"width\":303,\"height\":125,\"caption\":\"Acadian Genealogy - Historical Acadian-Cajun Resources\"},\"image\":{\"@id\":\"https:\/\/acadiantest.cocompass.com\/#\/schema\/logo\/image\/\"}}]}<\/script>\n<!-- \/ Yoast SEO plugin. -->","yoast_head_json":{"title":"Families - Acadian Genealogy - Historical Acadian-Cajun Resources","robots":{"index":"noindex","follow":"follow","max-snippet":"max-snippet:-1","max-image-preview":"max-image-preview:large","max-video-preview":"max-video-preview:-1"},"og_locale":"fr_CA","og_type":"article","og_title":"Families - Acadian Genealogy - Historical Acadian-Cajun Resources","og_description":"Acadian Family List","og_url":"https:\/\/acadiantest.cocompass.com\/fr\/genealogy\/families\/","og_site_name":"Acadian Genealogy - Historical Acadian-Cajun Resources","article_modified_time":"2022-05-08T16:45:13+00:00","twitter_card":"summary_large_image","twitter_misc":{"Estimation du temps de lecture":"1 minute"},"schema":{"@context":"https:\/\/schema.org","@graph":[{"@type":"WebPage","@id":"https:\/\/acadiantest.cocompass.com\/genealogy\/families\/","url":"https:\/\/acadiantest.cocompass.com\/genealogy\/families\/","name":"Families - Acadian Genealogy - Historical Acadian-Cajun Resources","isPartOf":{"@id":"https:\/\/acadiantest.cocompass.com\/#website"},"datePublished":"2016-07-13T23:42:30+00:00","dateModified":"2022-05-08T16:45:13+00:00","breadcrumb":{"@id":"https:\/\/acadiantest.cocompass.com\/genealogy\/families\/#breadcrumb"},"inLanguage":"fr-CA","potentialAction":[{"@type":"ReadAction","target":["https:\/\/acadiantest.cocompass.com\/genealogy\/families\/"]}]},{"@type":"BreadcrumbList","@id":"https:\/\/acadiantest.cocompass.com\/genealogy\/families\/#breadcrumb","itemListElement":[{"@type":"ListItem","position":1,"name":"Accueil","item":"https:\/\/acadiantest.cocompass.com\/"},{"@type":"ListItem","position":2,"name":"Genealogy","item":"https:\/\/acadiantest.cocompass.com\/genealogy\/"},{"@type":"ListItem","position":3,"name":"Families"}]},{"@type":"WebSite","@id":"https:\/\/acadiantest.cocompass.com\/#website","url":"https:\/\/acadiantest.cocompass.com\/","name":"Acadian Genealogy - Historical Acadian-Cajun Resources","description":"Learn About Acadians and Cajuns","publisher":{"@id":"https:\/\/acadiantest.cocompass.com\/#organization"},"potentialAction":[{"@type":"SearchAction","target":{"@type":"EntryPoint","urlTemplate":"https:\/\/acadiantest.cocompass.com\/?s={search_term_string}"},"query-input":{"@type":"PropertyValueSpecification","valueRequired":true,"valueName":"search_term_string"}}],"inLanguage":"fr-CA"},{"@type":"Organization","@id":"https:\/\/acadiantest.cocompass.com\/#organization","name":"Acadian Genealogy - Historical Acadian-Cajun Resources","url":"https:\/\/acadiantest.cocompass.com\/","logo":{"@type":"ImageObject","inLanguage":"fr-CA","@id":"https:\/\/acadiantest.cocompass.com\/#\/schema\/logo\/image\/","url":"https:\/\/acadiantest.cocompass.com\/wp-content\/uploads\/logo.png","contentUrl":"https:\/\/acadiantest.cocompass.com\/wp-content\/uploads\/logo.png","width":303,"height":125,"caption":"Acadian Genealogy - Historical Acadian-Cajun Resources"},"image":{"@id":"https:\/\/acadiantest.cocompass.com\/#\/schema\/logo\/image\/"}}]}},"_links":{"self":[{"href":"https:\/\/acadiantest.cocompass.com\/fr\/wp-json\/wp\/v2\/pages\/67","targetHints":{"allow":["GET"]}}],"collection":[{"href":"https:\/\/acadiantest.cocompass.com\/fr\/wp-json\/wp\/v2\/pages"}],"about":[{"href":"https:\/\/acadiantest.cocompass.com\/fr\/wp-json\/wp\/v2\/types\/page"}],"author":[{"embeddable":true,"href":"https:\/\/acadiantest.cocompass.com\/fr\/wp-json\/wp\/v2\/users\/1"}],"replies":[{"embeddable":true,"href":"https:\/\/acadiantest.cocompass.com\/fr\/wp-json\/wp\/v2\/comments?post=67"}],"version-history":[{"count":0,"href":"https:\/\/acadiantest.cocompass.com\/fr\/wp-json\/wp\/v2\/pages\/67\/revisions"}],"up":[{"embeddable":true,"href":"https:\/\/acadiantest.cocompass.com\/fr\/wp-json\/wp\/v2\/pages\/53"}],"wp:attachment":[{"href":"https:\/\/acadiantest.cocompass.com\/fr\/wp-json\/wp\/v2\/media?parent=67"}],"curies":[{"name":"wp","href":"https:\/\/api.w.org\/{rel}","templated":true}]}}