{"id":724,"date":"2016-08-23T13:34:05","date_gmt":"2016-08-23T17:34:05","guid":{"rendered":"https:\/\/acadiantest.cocompass.com\/?page_id=724"},"modified":"2018-11-10T21:30:27","modified_gmt":"2018-11-11T02:30:27","slug":"may-27-1998-issue-times-acadiana","status":"publish","type":"page","link":"https:\/\/acadiantest.cocompass.com\/fr\/culture\/acadian-world-congresscongres-mondial-acadien\/1999-acadian-world-congress\/news-releases-cma-louisiane-1999\/may-27-1998-issue-times-acadiana\/","title":{"rendered":"May 27, 1998 issue of Times of Acadiana"},"content":{"rendered":"<p>The following articles is a reprint (with thanks) from the May 27, 1998 issue of Times of Acadiana:<br \/>\nIn 1999, Acadiana will take part in FrancoF\u00eate and Congr\u00e8s Mondial Acadien, two distinct celebrations with one common goal &#8211; sharing Louisiana&#8217;s cultural heritage with a worldwide audience.<\/p>\n<p>The founding of Louisiana could not have occurred on a more appropriate day. On Mardi Gras 1699, the French explorer Iberville founded a temporary outpost at the mouth of the Mississippi River and christened it Point Mardi Gras.<\/p>\n<p>Although the land had been claimed for King Louis XIV by LaSalle 17 years earlier, Point Mardi Gras represented the beginning of the colonization of the enormous French territory that included all lands drained by the Mississippi River. It also represented the biginning of a distinctive French way of life that persisted through the Spanish and American colonial periods. Decades later, Acadian exiles arrived in Louisiana after being forced from their homes when the British took control of Nova Scotia from France in 1755. To this day, Louisiana<br \/>\nbears the indelible marks of its French history and heritage.<\/p>\n<p>In 1999, the state of Louisiana will celebrate the 300th anniversary of its founding. Using the establishment of Point Mardi Gras as the start of Louisiana&#8217;s French colonial period, the Department of Culture, Recreation and Tourism &#8211; headed by Lt. Gov. Kathleen Babineaux Blanco &#8211; is preparing a tricentennial celebration for 1999. Dubbed FrancoF\u00eate &#8217;99, the year-long, statewide commemoration of Louisiana&#8217;s French heritage boasts nearly 600 fairs, festivals, exhibits and events.<\/p>\n<p>One of the biggest component of FrancoF\u00eate will be the two-week Congr\u00e8s Mondial Acadien scheduled for August 1999. The second reunion of its kind, Congr\u00e8s gathers Acadian descendants from all overthe world in commemoration of Le Grand D\u00e9rangement. Congr\u00e8s festivities will include family reunions and twon twinning celebrations in addition to a line-up of cultural activities all its own. Chosen as one of FrancoF\u00eate&#8217;s major events, Congr\u00e8s 1999 will attempt to rekindle the scope and impact of the inaugural Congr\u00e8s which was held in various<br \/>\ncommunities throughout the province of New Brunswick in 1994.<\/p>\n<p>Led by Blanco, state tourism officials are using Louisiana&#8217;s tricentennial celebration to showcase the state&#8217;s tourism industry. In 1999, officials hope to draw as many as 28 million visitors &#8211; three million more than usual &#8211; with an economic impact of $8 billion dollars. But if the emotionally charged reunion of 1994 Congr\u00e8s are any indication, the Acadian celebration will be less tourism promotion and more cultural reaffirmation.<\/p>\n<p>&#8220;It&#8217;s an awesome feeling to see that your ancestral trails branch out in so many directions,&#8221; says Blanco, who traveled to Sh\u00e9diac, New Brunswick, in 1994 to attend the Babineau family reunion. Hosting a second Congr\u00e8s in south Louisiana seemed only natural to those who attended the first one. &#8220;I think it naturally occurred to a lot of people simultaneously. We were constatly bumping into people we knew, and everyone was saying we&#8217;ve got to do this at home,&#8221; Blanco says.<\/p>\n<p>&#8220;While it always enhances a pleople to explore cultural influences, FrancoF\u00eate will be a wonderful cultural and tourism event,&#8221; Blanco says. Organizers hope that touting a year-long schedule with a distinct French twist will reap big benefits &#8211; and not just for 1999. In the competitive world of tourism &#8211; where anything that makes you different makes you a more attractive destination &#8211; Louisiana&#8217;s French heritage is seen as a blessing from the past, and one the state needs to emphasize. While FrancoF\u00eate may be a tricentennial celebration, it is also a media blitz designed to capture international attention and international tourist dollars for years to come.<\/p>\n<p>&#8220;FrancoF\u00eate is the umbrella over all the activities taking place in &#8217;99,&#8221; says FrancoF\u00eate administrator Curtis Joubert. &#8220;We mesh every fair, festival and attraction into one giant, year-long celebration.&#8221; The idea is<br \/>\nto get the visitors to Louisiana &#8211; whether in 1999 or subsequent years &#8211; and then help them seek out various areas of interest, Joubert says. Rather than focusing solely on a slate of special events like Congr\u00e8s or<br \/>\nBaton Rouge&#8217;s Bonne F\u00eate birthday celebration, FrancoF\u00eate&#8217;s emphasis is on festivals, attractions and activities throughout the state that would normally be held anyway.<\/p>\n<p>&#8220;Louisiana has a new found attitude about tourism, and Acadiana is leading the way,&#8221; Joubert says. &#8220;Everyone wants to show off their particular area of the state; that&#8217;s a great change from 20 years ago.&#8221; And FrancoF\u00eate is just the beginning. &#8220;It isn&#8217;t going to end in &#8217;99,&#8221; Joubert says. The tricentennial is just the perfect time to get the<br \/>\nmachinery in place, both for larger efforts, like the approaching anniversary of the Louisiana Purchase, and the more everyday efforts, like offering bilingual signage and services.<\/p>\n<p>Major Festivals and events aren&#8217;t the only things to qualify as part of the FrancoF\u00eate agenda. The emphasis is on the little things that Louisiana can do to highlight its distinctive culture, like erecting bilingual signage at state lines and encouraging welcome center employees to learn a few basic French phrases. A major goal for FrancoF\u00eate is for Louisiana to become more French-friendly &#8211; and by doing so to become more attractive to tourists, wherever they may originate.<\/p>\n<p>Joubert, who now spends his days traveling the state preaching the gospel of FrancoF\u00eate, emphasizes that organizing the tricentennial in this manner will enable smaller towns and events to market themselves to the world. &#8220;I tell them that if no one comes, we&#8217;ve failed, but if no one comes, they&#8217;ve probably failed, too.<\/p>\n<p>The French emphasis of the tricentennial does not exclude any part of the state, Joubert insists. While it might seem to favor south Louisiana, other areas ofthe state are discovering their own French connections. &#8220;Cajuns have attracted the most attention,&#8221; Joubert says, &#8220;but they are only one small group of French settlers, only part of the French base. Every part of Louisiana was touched by French influence &#8211; whether direct or indirect.<\/p>","protected":false},"excerpt":{"rendered":"<p>The following articles is a reprint (with thanks) from the May 27, 1998 issue of Times of Acadiana: In 1999, Acadiana will take part in FrancoF\u00eate and Congr\u00e8s Mondial Acadien, two distinct celebrations with one common goal &#8211; sharing Louisiana&#8217;s cultural heritage with a worldwide audience. The founding of Louisiana could not have occurred on [&hellip;]<\/p>","protected":false},"author":2,"featured_media":0,"parent":738,"menu_order":0,"comment_status":"closed","ping_status":"closed","template":"","meta":{"_crdt_document":"","_themeisle_gutenberg_block_has_review":false,"iawp_total_views":0,"footnotes":""},"class_list":["post-724","page","type-page","status-publish","hentry"],"yoast_head":"<!-- This site is optimized with the Yoast SEO plugin v26.6 - https:\/\/yoast.com\/wordpress\/plugins\/seo\/ -->\n<title>May 27, 1998 issue of Times of Acadiana - Acadian Genealogy - Historical Acadian-Cajun Resources<\/title>\n<meta name=\"robots\" content=\"noindex, follow, max-snippet:-1, max-image-preview:large, max-video-preview:-1\" \/>\n<meta property=\"og:locale\" content=\"fr_CA\" \/>\n<meta property=\"og:type\" content=\"article\" \/>\n<meta property=\"og:title\" content=\"May 27, 1998 issue of Times of Acadiana - Acadian Genealogy - Historical Acadian-Cajun Resources\" \/>\n<meta property=\"og:description\" content=\"The following articles is a reprint (with thanks) from the May 27, 1998 issue of Times of Acadiana: In 1999, Acadiana will take part in FrancoF\u00eate and Congr\u00e8s Mondial Acadien, two distinct celebrations with one common goal &#8211; sharing Louisiana&#8217;s cultural heritage with a worldwide audience. The founding of Louisiana could not have occurred on [&hellip;]\" \/>\n<meta property=\"og:url\" content=\"https:\/\/acadiantest.cocompass.com\/fr\/culture\/acadian-world-congresscongres-mondial-acadien\/1999-acadian-world-congress\/news-releases-cma-louisiane-1999\/may-27-1998-issue-times-acadiana\/\" \/>\n<meta property=\"og:site_name\" content=\"Acadian Genealogy - Historical Acadian-Cajun Resources\" \/>\n<meta property=\"article:modified_time\" content=\"2018-11-11T02:30:27+00:00\" \/>\n<meta name=\"twitter:card\" content=\"summary_large_image\" \/>\n<meta name=\"twitter:label1\" content=\"Estimation du temps de lecture\" \/>\n\t<meta name=\"twitter:data1\" content=\"5 minutes\" \/>\n<script type=\"application\/ld+json\" class=\"yoast-schema-graph\">{\"@context\":\"https:\/\/schema.org\",\"@graph\":[{\"@type\":\"WebPage\",\"@id\":\"https:\/\/acadiantest.cocompass.com\/culture\/acadian-world-congresscongres-mondial-acadien\/1999-acadian-world-congress\/news-releases-cma-louisiane-1999\/may-27-1998-issue-times-acadiana\/\",\"url\":\"https:\/\/acadiantest.cocompass.com\/culture\/acadian-world-congresscongres-mondial-acadien\/1999-acadian-world-congress\/news-releases-cma-louisiane-1999\/may-27-1998-issue-times-acadiana\/\",\"name\":\"May 27, 1998 issue of Times of Acadiana - Acadian Genealogy - Historical Acadian-Cajun Resources\",\"isPartOf\":{\"@id\":\"https:\/\/acadiantest.cocompass.com\/#website\"},\"datePublished\":\"2016-08-23T17:34:05+00:00\",\"dateModified\":\"2018-11-11T02:30:27+00:00\",\"breadcrumb\":{\"@id\":\"https:\/\/acadiantest.cocompass.com\/culture\/acadian-world-congresscongres-mondial-acadien\/1999-acadian-world-congress\/news-releases-cma-louisiane-1999\/may-27-1998-issue-times-acadiana\/#breadcrumb\"},\"inLanguage\":\"fr-CA\",\"potentialAction\":[{\"@type\":\"ReadAction\",\"target\":[\"https:\/\/acadiantest.cocompass.com\/culture\/acadian-world-congresscongres-mondial-acadien\/1999-acadian-world-congress\/news-releases-cma-louisiane-1999\/may-27-1998-issue-times-acadiana\/\"]}]},{\"@type\":\"BreadcrumbList\",\"@id\":\"https:\/\/acadiantest.cocompass.com\/culture\/acadian-world-congresscongres-mondial-acadien\/1999-acadian-world-congress\/news-releases-cma-louisiane-1999\/may-27-1998-issue-times-acadiana\/#breadcrumb\",\"itemListElement\":[{\"@type\":\"ListItem\",\"position\":1,\"name\":\"Accueil\",\"item\":\"https:\/\/acadiantest.cocompass.com\/\"},{\"@type\":\"ListItem\",\"position\":2,\"name\":\"Culture\",\"item\":\"https:\/\/acadiantest.cocompass.com\/culture\/\"},{\"@type\":\"ListItem\",\"position\":3,\"name\":\"Acadian World Congress\/Congr\u00e8s Mondial Acadien\",\"item\":\"https:\/\/acadiantest.cocompass.com\/culture\/acadian-world-congresscongres-mondial-acadien\/\"},{\"@type\":\"ListItem\",\"position\":4,\"name\":\"1999 Acadian World Congress\",\"item\":\"https:\/\/acadiantest.cocompass.com\/culture\/acadian-world-congresscongres-mondial-acadien\/1999-acadian-world-congress\/\"},{\"@type\":\"ListItem\",\"position\":5,\"name\":\"News Releases from CMA; Louisiane 1999\",\"item\":\"https:\/\/acadiantest.cocompass.com\/culture\/acadian-world-congresscongres-mondial-acadien\/1999-acadian-world-congress\/news-releases-cma-louisiane-1999\/\"},{\"@type\":\"ListItem\",\"position\":6,\"name\":\"May 27, 1998 issue of Times of Acadiana\"}]},{\"@type\":\"WebSite\",\"@id\":\"https:\/\/acadiantest.cocompass.com\/#website\",\"url\":\"https:\/\/acadiantest.cocompass.com\/\",\"name\":\"Acadian Genealogy - Historical Acadian-Cajun Resources\",\"description\":\"Learn About Acadians and Cajuns\",\"publisher\":{\"@id\":\"https:\/\/acadiantest.cocompass.com\/#organization\"},\"potentialAction\":[{\"@type\":\"SearchAction\",\"target\":{\"@type\":\"EntryPoint\",\"urlTemplate\":\"https:\/\/acadiantest.cocompass.com\/?s={search_term_string}\"},\"query-input\":{\"@type\":\"PropertyValueSpecification\",\"valueRequired\":true,\"valueName\":\"search_term_string\"}}],\"inLanguage\":\"fr-CA\"},{\"@type\":\"Organization\",\"@id\":\"https:\/\/acadiantest.cocompass.com\/#organization\",\"name\":\"Acadian Genealogy - Historical Acadian-Cajun Resources\",\"url\":\"https:\/\/acadiantest.cocompass.com\/\",\"logo\":{\"@type\":\"ImageObject\",\"inLanguage\":\"fr-CA\",\"@id\":\"https:\/\/acadiantest.cocompass.com\/#\/schema\/logo\/image\/\",\"url\":\"https:\/\/acadiantest.cocompass.com\/wp-content\/uploads\/logo.png\",\"contentUrl\":\"https:\/\/acadiantest.cocompass.com\/wp-content\/uploads\/logo.png\",\"width\":303,\"height\":125,\"caption\":\"Acadian Genealogy - Historical Acadian-Cajun Resources\"},\"image\":{\"@id\":\"https:\/\/acadiantest.cocompass.com\/#\/schema\/logo\/image\/\"}}]}<\/script>\n<!-- \/ Yoast SEO plugin. -->","yoast_head_json":{"title":"May 27, 1998 issue of Times of Acadiana - Acadian Genealogy - Historical Acadian-Cajun Resources","robots":{"index":"noindex","follow":"follow","max-snippet":"max-snippet:-1","max-image-preview":"max-image-preview:large","max-video-preview":"max-video-preview:-1"},"og_locale":"fr_CA","og_type":"article","og_title":"May 27, 1998 issue of Times of Acadiana - Acadian Genealogy - Historical Acadian-Cajun Resources","og_description":"The following articles is a reprint (with thanks) from the May 27, 1998 issue of Times of Acadiana: In 1999, Acadiana will take part in FrancoF\u00eate and Congr\u00e8s Mondial Acadien, two distinct celebrations with one common goal &#8211; sharing Louisiana&#8217;s cultural heritage with a worldwide audience. The founding of Louisiana could not have occurred on [&hellip;]","og_url":"https:\/\/acadiantest.cocompass.com\/fr\/culture\/acadian-world-congresscongres-mondial-acadien\/1999-acadian-world-congress\/news-releases-cma-louisiane-1999\/may-27-1998-issue-times-acadiana\/","og_site_name":"Acadian Genealogy - Historical Acadian-Cajun Resources","article_modified_time":"2018-11-11T02:30:27+00:00","twitter_card":"summary_large_image","twitter_misc":{"Estimation du temps de lecture":"5 minutes"},"schema":{"@context":"https:\/\/schema.org","@graph":[{"@type":"WebPage","@id":"https:\/\/acadiantest.cocompass.com\/culture\/acadian-world-congresscongres-mondial-acadien\/1999-acadian-world-congress\/news-releases-cma-louisiane-1999\/may-27-1998-issue-times-acadiana\/","url":"https:\/\/acadiantest.cocompass.com\/culture\/acadian-world-congresscongres-mondial-acadien\/1999-acadian-world-congress\/news-releases-cma-louisiane-1999\/may-27-1998-issue-times-acadiana\/","name":"May 27, 1998 issue of Times of Acadiana - Acadian Genealogy - Historical Acadian-Cajun Resources","isPartOf":{"@id":"https:\/\/acadiantest.cocompass.com\/#website"},"datePublished":"2016-08-23T17:34:05+00:00","dateModified":"2018-11-11T02:30:27+00:00","breadcrumb":{"@id":"https:\/\/acadiantest.cocompass.com\/culture\/acadian-world-congresscongres-mondial-acadien\/1999-acadian-world-congress\/news-releases-cma-louisiane-1999\/may-27-1998-issue-times-acadiana\/#breadcrumb"},"inLanguage":"fr-CA","potentialAction":[{"@type":"ReadAction","target":["https:\/\/acadiantest.cocompass.com\/culture\/acadian-world-congresscongres-mondial-acadien\/1999-acadian-world-congress\/news-releases-cma-louisiane-1999\/may-27-1998-issue-times-acadiana\/"]}]},{"@type":"BreadcrumbList","@id":"https:\/\/acadiantest.cocompass.com\/culture\/acadian-world-congresscongres-mondial-acadien\/1999-acadian-world-congress\/news-releases-cma-louisiane-1999\/may-27-1998-issue-times-acadiana\/#breadcrumb","itemListElement":[{"@type":"ListItem","position":1,"name":"Accueil","item":"https:\/\/acadiantest.cocompass.com\/"},{"@type":"ListItem","position":2,"name":"Culture","item":"https:\/\/acadiantest.cocompass.com\/culture\/"},{"@type":"ListItem","position":3,"name":"Acadian World Congress\/Congr\u00e8s Mondial Acadien","item":"https:\/\/acadiantest.cocompass.com\/culture\/acadian-world-congresscongres-mondial-acadien\/"},{"@type":"ListItem","position":4,"name":"1999 Acadian World Congress","item":"https:\/\/acadiantest.cocompass.com\/culture\/acadian-world-congresscongres-mondial-acadien\/1999-acadian-world-congress\/"},{"@type":"ListItem","position":5,"name":"News Releases from CMA; Louisiane 1999","item":"https:\/\/acadiantest.cocompass.com\/culture\/acadian-world-congresscongres-mondial-acadien\/1999-acadian-world-congress\/news-releases-cma-louisiane-1999\/"},{"@type":"ListItem","position":6,"name":"May 27, 1998 issue of Times of Acadiana"}]},{"@type":"WebSite","@id":"https:\/\/acadiantest.cocompass.com\/#website","url":"https:\/\/acadiantest.cocompass.com\/","name":"Acadian Genealogy - Historical Acadian-Cajun Resources","description":"Learn About Acadians and Cajuns","publisher":{"@id":"https:\/\/acadiantest.cocompass.com\/#organization"},"potentialAction":[{"@type":"SearchAction","target":{"@type":"EntryPoint","urlTemplate":"https:\/\/acadiantest.cocompass.com\/?s={search_term_string}"},"query-input":{"@type":"PropertyValueSpecification","valueRequired":true,"valueName":"search_term_string"}}],"inLanguage":"fr-CA"},{"@type":"Organization","@id":"https:\/\/acadiantest.cocompass.com\/#organization","name":"Acadian Genealogy - Historical Acadian-Cajun Resources","url":"https:\/\/acadiantest.cocompass.com\/","logo":{"@type":"ImageObject","inLanguage":"fr-CA","@id":"https:\/\/acadiantest.cocompass.com\/#\/schema\/logo\/image\/","url":"https:\/\/acadiantest.cocompass.com\/wp-content\/uploads\/logo.png","contentUrl":"https:\/\/acadiantest.cocompass.com\/wp-content\/uploads\/logo.png","width":303,"height":125,"caption":"Acadian Genealogy - Historical Acadian-Cajun Resources"},"image":{"@id":"https:\/\/acadiantest.cocompass.com\/#\/schema\/logo\/image\/"}}]}},"_links":{"self":[{"href":"https:\/\/acadiantest.cocompass.com\/fr\/wp-json\/wp\/v2\/pages\/724","targetHints":{"allow":["GET"]}}],"collection":[{"href":"https:\/\/acadiantest.cocompass.com\/fr\/wp-json\/wp\/v2\/pages"}],"about":[{"href":"https:\/\/acadiantest.cocompass.com\/fr\/wp-json\/wp\/v2\/types\/page"}],"author":[{"embeddable":true,"href":"https:\/\/acadiantest.cocompass.com\/fr\/wp-json\/wp\/v2\/users\/2"}],"replies":[{"embeddable":true,"href":"https:\/\/acadiantest.cocompass.com\/fr\/wp-json\/wp\/v2\/comments?post=724"}],"version-history":[{"count":0,"href":"https:\/\/acadiantest.cocompass.com\/fr\/wp-json\/wp\/v2\/pages\/724\/revisions"}],"up":[{"embeddable":true,"href":"https:\/\/acadiantest.cocompass.com\/fr\/wp-json\/wp\/v2\/pages\/738"}],"wp:attachment":[{"href":"https:\/\/acadiantest.cocompass.com\/fr\/wp-json\/wp\/v2\/media?parent=724"}],"curies":[{"name":"wp","href":"https:\/\/api.w.org\/{rel}","templated":true}]}}