{"id":772,"date":"2016-08-24T13:44:54","date_gmt":"2016-08-24T17:44:54","guid":{"rendered":"https:\/\/acadiantest.cocompass.com\/?page_id=772"},"modified":"2018-11-11T10:12:35","modified_gmt":"2018-11-11T15:12:35","slug":"press-releasse-one-year-countdown-3rd-congres-mondial-acadien","status":"publish","type":"page","link":"https:\/\/acadiantest.cocompass.com\/fr\/culture\/acadian-world-congresscongres-mondial-acadien\/2004-acadian-world-congress\/news-releases-cma-2004\/press-releasse-one-year-countdown-3rd-congres-mondial-acadien\/","title":{"rendered":"Press Releasse: One-Year Countdown to the 3rd Congr\u00e8s Mondial Acadien"},"content":{"rendered":"<p style=\"text-align: left;\" align=\"center\">August 1, 2003<\/p>\n<p>July 31st marks the official one-year countdown to Congr\u00e8s mondial acadien 2004. The Acadians communities in Nova Scotia consider this years Acadian National Holiday, August 15, a sneak preview for the events scheduled for next years great celebration. This year, the festivities should be even more memorable since the Canadian government has officially named August 15, journ\u00e9e nationale des acadiens et acadiennes. (National Acadian Day).<br \/>\nWe encourage everyone to participate in their local celebrations, whether they are in Atlantic Canada, Quebec, Louisiana or anywhere else in the world. In Nova Scotia, activities are planned for Par-en-Bas (Argyle region), Clare, Petit-de-Grat, Ch\u00e9ticamp and Halifax.<br \/>\nTo learn more about the activities going on in Nova Scotia on August 15, please visit the CMA website at:<\/p>\n<p><a href=\"http:\/\/www.cma2004.com\/en\/august15.cfm\" target=\"_blank\" rel=\"noopener\">http:\/\/www.cma2004.com\/en\/august15.cfm<\/a><\/p>\n<p>Le premier Ao\u00fbt, 2003<\/p>\n<p>LE COMPTE \u00c0 REBOURS EST LANC\u00c9 : UN AN AVANT LE 3e CONGR\u00c8S MONDIAL ACADIEN<br \/>\nLe 31 juillet 2003 lance officiellement le compte \u00e0 rebours de la derni\u00e8re ann\u00e9e pr\u00e9c\u00e9dant le 3e Congr\u00e8s mondial acadien. Les communaut\u00e9s de la Nouvelle-\u00c9cosse voient le 15 ao\u00fbt 2003 comme un pr\u00e9paratif important pour la grande c\u00e9l\u00e9bration qui aura lieu \u00e0 travers leur province en 2004. Cette ann\u00e9e, les c\u00e9l\u00e9brations se feront encore plus vives depuis que le 15 ao\u00fbt a \u00e9t\u00e9 officiellement reconnu par le gouvernement du Canada comme Journ\u00e9e nationale des Acadiens et Acadiennes.<br \/>\nNous vous encourageons \u00e0 participer activement aux \u00e9v\u00e9nements pr\u00e9vus dans vos communaut\u00e9s. Surtout ne manquez pas les activit\u00e9s qui sont organis\u00e9es dans les r\u00e9gions acadiennes de Par-en-Bas, Clare, Petit-de-Grat, Ch\u00e9ticamp et Halifax en vue des c\u00e9l\u00e9brations de la F\u00eate nationale de l&#8217;Acadie.<br \/>\nPour conna\u00eetre les activit\u00e9s pr\u00e9vues en Nouvelle-\u00c9cosse, veuillez visiter le lien ci-dessous :<\/p>\n<p><a href=\"http:\/\/www.cma2004.com\/fr\/15aout.cfm\" target=\"_blank\" rel=\"noopener\">http:\/\/www.cma2004.com\/fr\/15aout.cfm<\/a><\/p>\n<p align=\"CENTER\">","protected":false},"excerpt":{"rendered":"<p>August 1, 2003 July 31st marks the official one-year countdown to Congr\u00e8s mondial acadien 2004. The Acadians communities in Nova Scotia consider this years Acadian National Holiday, August 15, a sneak preview for the events scheduled for next years great celebration. This year, the festivities should be even more memorable since the Canadian government has [&hellip;]<\/p>","protected":false},"author":2,"featured_media":0,"parent":754,"menu_order":0,"comment_status":"closed","ping_status":"closed","template":"","meta":{"_crdt_document":"","_themeisle_gutenberg_block_has_review":false,"iawp_total_views":0,"footnotes":""},"class_list":["post-772","page","type-page","status-publish","hentry"],"yoast_head":"<!-- This site is optimized with the Yoast SEO plugin v26.6 - https:\/\/yoast.com\/wordpress\/plugins\/seo\/ -->\n<title>Press Releasse: One-Year Countdown to the 3rd Congr\u00e8s Mondial Acadien - Acadian Genealogy - Historical Acadian-Cajun Resources<\/title>\n<meta name=\"robots\" content=\"noindex, follow, max-snippet:-1, max-image-preview:large, max-video-preview:-1\" \/>\n<meta property=\"og:locale\" content=\"fr_CA\" \/>\n<meta property=\"og:type\" content=\"article\" \/>\n<meta property=\"og:title\" content=\"Press Releasse: One-Year Countdown to the 3rd Congr\u00e8s Mondial Acadien - Acadian Genealogy - Historical Acadian-Cajun Resources\" \/>\n<meta property=\"og:description\" content=\"August 1, 2003 July 31st marks the official one-year countdown to Congr\u00e8s mondial acadien 2004. The Acadians communities in Nova Scotia consider this years Acadian National Holiday, August 15, a sneak preview for the events scheduled for next years great celebration. This year, the festivities should be even more memorable since the Canadian government has [&hellip;]\" \/>\n<meta property=\"og:url\" content=\"https:\/\/acadiantest.cocompass.com\/fr\/culture\/acadian-world-congresscongres-mondial-acadien\/2004-acadian-world-congress\/news-releases-cma-2004\/press-releasse-one-year-countdown-3rd-congres-mondial-acadien\/\" \/>\n<meta property=\"og:site_name\" content=\"Acadian Genealogy - Historical Acadian-Cajun Resources\" \/>\n<meta property=\"article:modified_time\" content=\"2018-11-11T15:12:35+00:00\" \/>\n<meta name=\"twitter:card\" content=\"summary_large_image\" \/>\n<meta name=\"twitter:label1\" content=\"Estimation du temps de lecture\" \/>\n\t<meta name=\"twitter:data1\" content=\"2 minutes\" \/>\n<script type=\"application\/ld+json\" class=\"yoast-schema-graph\">{\"@context\":\"https:\/\/schema.org\",\"@graph\":[{\"@type\":\"WebPage\",\"@id\":\"https:\/\/acadiantest.cocompass.com\/culture\/acadian-world-congresscongres-mondial-acadien\/2004-acadian-world-congress\/news-releases-cma-2004\/press-releasse-one-year-countdown-3rd-congres-mondial-acadien\/\",\"url\":\"https:\/\/acadiantest.cocompass.com\/culture\/acadian-world-congresscongres-mondial-acadien\/2004-acadian-world-congress\/news-releases-cma-2004\/press-releasse-one-year-countdown-3rd-congres-mondial-acadien\/\",\"name\":\"Press Releasse: One-Year Countdown to the 3rd Congr\u00e8s Mondial Acadien - Acadian Genealogy - Historical Acadian-Cajun Resources\",\"isPartOf\":{\"@id\":\"https:\/\/acadiantest.cocompass.com\/#website\"},\"datePublished\":\"2016-08-24T17:44:54+00:00\",\"dateModified\":\"2018-11-11T15:12:35+00:00\",\"breadcrumb\":{\"@id\":\"https:\/\/acadiantest.cocompass.com\/culture\/acadian-world-congresscongres-mondial-acadien\/2004-acadian-world-congress\/news-releases-cma-2004\/press-releasse-one-year-countdown-3rd-congres-mondial-acadien\/#breadcrumb\"},\"inLanguage\":\"fr-CA\",\"potentialAction\":[{\"@type\":\"ReadAction\",\"target\":[\"https:\/\/acadiantest.cocompass.com\/culture\/acadian-world-congresscongres-mondial-acadien\/2004-acadian-world-congress\/news-releases-cma-2004\/press-releasse-one-year-countdown-3rd-congres-mondial-acadien\/\"]}]},{\"@type\":\"BreadcrumbList\",\"@id\":\"https:\/\/acadiantest.cocompass.com\/culture\/acadian-world-congresscongres-mondial-acadien\/2004-acadian-world-congress\/news-releases-cma-2004\/press-releasse-one-year-countdown-3rd-congres-mondial-acadien\/#breadcrumb\",\"itemListElement\":[{\"@type\":\"ListItem\",\"position\":1,\"name\":\"Accueil\",\"item\":\"https:\/\/acadiantest.cocompass.com\/\"},{\"@type\":\"ListItem\",\"position\":2,\"name\":\"Culture\",\"item\":\"https:\/\/acadiantest.cocompass.com\/culture\/\"},{\"@type\":\"ListItem\",\"position\":3,\"name\":\"Acadian World Congress\/Congr\u00e8s Mondial Acadien\",\"item\":\"https:\/\/acadiantest.cocompass.com\/culture\/acadian-world-congresscongres-mondial-acadien\/\"},{\"@type\":\"ListItem\",\"position\":4,\"name\":\"2004 Acadian World Congress\",\"item\":\"https:\/\/acadiantest.cocompass.com\/culture\/acadian-world-congresscongres-mondial-acadien\/2004-acadian-world-congress\/\"},{\"@type\":\"ListItem\",\"position\":5,\"name\":\"News Releases CMA 2004\",\"item\":\"https:\/\/acadiantest.cocompass.com\/culture\/acadian-world-congresscongres-mondial-acadien\/2004-acadian-world-congress\/news-releases-cma-2004\/\"},{\"@type\":\"ListItem\",\"position\":6,\"name\":\"Press Releasse: One-Year Countdown to the 3rd Congr\u00e8s Mondial Acadien\"}]},{\"@type\":\"WebSite\",\"@id\":\"https:\/\/acadiantest.cocompass.com\/#website\",\"url\":\"https:\/\/acadiantest.cocompass.com\/\",\"name\":\"Acadian Genealogy - Historical Acadian-Cajun Resources\",\"description\":\"Learn About Acadians and Cajuns\",\"publisher\":{\"@id\":\"https:\/\/acadiantest.cocompass.com\/#organization\"},\"potentialAction\":[{\"@type\":\"SearchAction\",\"target\":{\"@type\":\"EntryPoint\",\"urlTemplate\":\"https:\/\/acadiantest.cocompass.com\/?s={search_term_string}\"},\"query-input\":{\"@type\":\"PropertyValueSpecification\",\"valueRequired\":true,\"valueName\":\"search_term_string\"}}],\"inLanguage\":\"fr-CA\"},{\"@type\":\"Organization\",\"@id\":\"https:\/\/acadiantest.cocompass.com\/#organization\",\"name\":\"Acadian Genealogy - Historical Acadian-Cajun Resources\",\"url\":\"https:\/\/acadiantest.cocompass.com\/\",\"logo\":{\"@type\":\"ImageObject\",\"inLanguage\":\"fr-CA\",\"@id\":\"https:\/\/acadiantest.cocompass.com\/#\/schema\/logo\/image\/\",\"url\":\"https:\/\/acadiantest.cocompass.com\/wp-content\/uploads\/logo.png\",\"contentUrl\":\"https:\/\/acadiantest.cocompass.com\/wp-content\/uploads\/logo.png\",\"width\":303,\"height\":125,\"caption\":\"Acadian Genealogy - Historical Acadian-Cajun Resources\"},\"image\":{\"@id\":\"https:\/\/acadiantest.cocompass.com\/#\/schema\/logo\/image\/\"}}]}<\/script>\n<!-- \/ Yoast SEO plugin. -->","yoast_head_json":{"title":"Press Releasse: One-Year Countdown to the 3rd Congr\u00e8s Mondial Acadien - Acadian Genealogy - Historical Acadian-Cajun Resources","robots":{"index":"noindex","follow":"follow","max-snippet":"max-snippet:-1","max-image-preview":"max-image-preview:large","max-video-preview":"max-video-preview:-1"},"og_locale":"fr_CA","og_type":"article","og_title":"Press Releasse: One-Year Countdown to the 3rd Congr\u00e8s Mondial Acadien - Acadian Genealogy - Historical Acadian-Cajun Resources","og_description":"August 1, 2003 July 31st marks the official one-year countdown to Congr\u00e8s mondial acadien 2004. The Acadians communities in Nova Scotia consider this years Acadian National Holiday, August 15, a sneak preview for the events scheduled for next years great celebration. This year, the festivities should be even more memorable since the Canadian government has [&hellip;]","og_url":"https:\/\/acadiantest.cocompass.com\/fr\/culture\/acadian-world-congresscongres-mondial-acadien\/2004-acadian-world-congress\/news-releases-cma-2004\/press-releasse-one-year-countdown-3rd-congres-mondial-acadien\/","og_site_name":"Acadian Genealogy - Historical Acadian-Cajun Resources","article_modified_time":"2018-11-11T15:12:35+00:00","twitter_card":"summary_large_image","twitter_misc":{"Estimation du temps de lecture":"2 minutes"},"schema":{"@context":"https:\/\/schema.org","@graph":[{"@type":"WebPage","@id":"https:\/\/acadiantest.cocompass.com\/culture\/acadian-world-congresscongres-mondial-acadien\/2004-acadian-world-congress\/news-releases-cma-2004\/press-releasse-one-year-countdown-3rd-congres-mondial-acadien\/","url":"https:\/\/acadiantest.cocompass.com\/culture\/acadian-world-congresscongres-mondial-acadien\/2004-acadian-world-congress\/news-releases-cma-2004\/press-releasse-one-year-countdown-3rd-congres-mondial-acadien\/","name":"Press Releasse: One-Year Countdown to the 3rd Congr\u00e8s Mondial Acadien - Acadian Genealogy - Historical Acadian-Cajun Resources","isPartOf":{"@id":"https:\/\/acadiantest.cocompass.com\/#website"},"datePublished":"2016-08-24T17:44:54+00:00","dateModified":"2018-11-11T15:12:35+00:00","breadcrumb":{"@id":"https:\/\/acadiantest.cocompass.com\/culture\/acadian-world-congresscongres-mondial-acadien\/2004-acadian-world-congress\/news-releases-cma-2004\/press-releasse-one-year-countdown-3rd-congres-mondial-acadien\/#breadcrumb"},"inLanguage":"fr-CA","potentialAction":[{"@type":"ReadAction","target":["https:\/\/acadiantest.cocompass.com\/culture\/acadian-world-congresscongres-mondial-acadien\/2004-acadian-world-congress\/news-releases-cma-2004\/press-releasse-one-year-countdown-3rd-congres-mondial-acadien\/"]}]},{"@type":"BreadcrumbList","@id":"https:\/\/acadiantest.cocompass.com\/culture\/acadian-world-congresscongres-mondial-acadien\/2004-acadian-world-congress\/news-releases-cma-2004\/press-releasse-one-year-countdown-3rd-congres-mondial-acadien\/#breadcrumb","itemListElement":[{"@type":"ListItem","position":1,"name":"Accueil","item":"https:\/\/acadiantest.cocompass.com\/"},{"@type":"ListItem","position":2,"name":"Culture","item":"https:\/\/acadiantest.cocompass.com\/culture\/"},{"@type":"ListItem","position":3,"name":"Acadian World Congress\/Congr\u00e8s Mondial Acadien","item":"https:\/\/acadiantest.cocompass.com\/culture\/acadian-world-congresscongres-mondial-acadien\/"},{"@type":"ListItem","position":4,"name":"2004 Acadian World Congress","item":"https:\/\/acadiantest.cocompass.com\/culture\/acadian-world-congresscongres-mondial-acadien\/2004-acadian-world-congress\/"},{"@type":"ListItem","position":5,"name":"News Releases CMA 2004","item":"https:\/\/acadiantest.cocompass.com\/culture\/acadian-world-congresscongres-mondial-acadien\/2004-acadian-world-congress\/news-releases-cma-2004\/"},{"@type":"ListItem","position":6,"name":"Press Releasse: One-Year Countdown to the 3rd Congr\u00e8s Mondial Acadien"}]},{"@type":"WebSite","@id":"https:\/\/acadiantest.cocompass.com\/#website","url":"https:\/\/acadiantest.cocompass.com\/","name":"Acadian Genealogy - Historical Acadian-Cajun Resources","description":"Learn About Acadians and Cajuns","publisher":{"@id":"https:\/\/acadiantest.cocompass.com\/#organization"},"potentialAction":[{"@type":"SearchAction","target":{"@type":"EntryPoint","urlTemplate":"https:\/\/acadiantest.cocompass.com\/?s={search_term_string}"},"query-input":{"@type":"PropertyValueSpecification","valueRequired":true,"valueName":"search_term_string"}}],"inLanguage":"fr-CA"},{"@type":"Organization","@id":"https:\/\/acadiantest.cocompass.com\/#organization","name":"Acadian Genealogy - Historical Acadian-Cajun Resources","url":"https:\/\/acadiantest.cocompass.com\/","logo":{"@type":"ImageObject","inLanguage":"fr-CA","@id":"https:\/\/acadiantest.cocompass.com\/#\/schema\/logo\/image\/","url":"https:\/\/acadiantest.cocompass.com\/wp-content\/uploads\/logo.png","contentUrl":"https:\/\/acadiantest.cocompass.com\/wp-content\/uploads\/logo.png","width":303,"height":125,"caption":"Acadian Genealogy - Historical Acadian-Cajun Resources"},"image":{"@id":"https:\/\/acadiantest.cocompass.com\/#\/schema\/logo\/image\/"}}]}},"_links":{"self":[{"href":"https:\/\/acadiantest.cocompass.com\/fr\/wp-json\/wp\/v2\/pages\/772","targetHints":{"allow":["GET"]}}],"collection":[{"href":"https:\/\/acadiantest.cocompass.com\/fr\/wp-json\/wp\/v2\/pages"}],"about":[{"href":"https:\/\/acadiantest.cocompass.com\/fr\/wp-json\/wp\/v2\/types\/page"}],"author":[{"embeddable":true,"href":"https:\/\/acadiantest.cocompass.com\/fr\/wp-json\/wp\/v2\/users\/2"}],"replies":[{"embeddable":true,"href":"https:\/\/acadiantest.cocompass.com\/fr\/wp-json\/wp\/v2\/comments?post=772"}],"version-history":[{"count":0,"href":"https:\/\/acadiantest.cocompass.com\/fr\/wp-json\/wp\/v2\/pages\/772\/revisions"}],"up":[{"embeddable":true,"href":"https:\/\/acadiantest.cocompass.com\/fr\/wp-json\/wp\/v2\/pages\/754"}],"wp:attachment":[{"href":"https:\/\/acadiantest.cocompass.com\/fr\/wp-json\/wp\/v2\/media?parent=772"}],"curies":[{"name":"wp","href":"https:\/\/api.w.org\/{rel}","templated":true}]}}