{"id":776,"date":"2016-08-24T13:50:41","date_gmt":"2016-08-24T17:50:41","guid":{"rendered":"https:\/\/acadiantest.cocompass.com\/?page_id=776"},"modified":"2018-11-11T10:14:43","modified_gmt":"2018-11-11T15:14:43","slug":"en-route-avec-lequipe-du-congres-mondial-acadien-2004","status":"publish","type":"page","link":"https:\/\/acadiantest.cocompass.com\/fr\/culture\/acadian-world-congresscongres-mondial-acadien\/2004-acadian-world-congress\/en-route-avec-lequipe-du-congres-mondial-acadien-2004\/","title":{"rendered":"En route \/ On the Road with Congr\u00e8s mondial acadien 2004"},"content":{"rendered":"<p>April 16, 2002<\/p>\n<p>The Congr\u00e8s mondial acadien 2004 team will promote its event in various markets over the next few weeks.<\/p>\n<p>In fact, representatives were in Montreal during the tourism show Salon Vacances et Loisirs d&#8217;\u00e9t\u00e9, from April 16 to April 18. They were participating in the event as part of a Nova Scotia delegation promoting the entire province. A second group will participate in a similar show in Quebec City, from April 26 to April 28, 2002. Salon Vacances is Qu\u00e9bec&#8217;s largest consumer vacation show with approximately 75,000 visitors.<\/p>\n<p>Congr\u00e8s mondial acadien 2004 is also targeting markets in the United States. A team from CMA 2004 will be in Louisiana to participate in &#8220;Festival International de la Louisiane&#8221; in Lafayette, from April 23 to April 28. As a Festival sponsor, CMA 2004 is aiming for high visibility in Louisiana, in addition to showcasing the music of Nova Scotia&#8217;s Acadian group Grand D\u00e9rangement to the Festivals 200,000 participants. While in Louisiana, CMA 2004 will also visit with community organizations, various media and municipalities to invite them to visit Nova Scotia, the ancestral land of Acadians.<\/p>\n<p>In May, representatives of CMA 2004 will make their way to Boston as part of Nova Scotia&#8217;s Cat Sail. North America&#8217;s fastest car ferry, The Cat, which runs from Bar Harbour to Yarmouth, will be transformed into a Nova Scotian floating travel fair from May 16 to May 20 in a high-profile promotion reaching 18,000 people from New England<\/p>\n<p>For more information on Congr\u00e8s mondial acadien 2004 visit our website <a href=\"http:\/\/www.cma2004.com\/\" target=\"_blank\" rel=\"noopener\">www.cma2004.com<\/a>. To schedule a meeting with the Congr\u00e8s team while in your region, please contact:<\/p>\n<p>Danielle LeBlanc<br \/>\nCommunications Director<br \/>\nCongr\u00e8s mondial acadien 2004<br \/>\nTel: (902) 424-2220<br \/>\nE-mail: <a href=\"mailto:dleblanc@cma2004.com\">dleblanc@cma2004.com<\/a><\/p>\n<p>&nbsp;<\/p>\n<p>Le 16 avril, 2002<\/p>\n<p>L&#8217;\u00e9quipe du Congr\u00e8s mondial acadien 2004 fera la promotion de son projet dans ses march\u00e9s cibles au cours des prochaines semaines.<\/p>\n<p>Une d\u00e9l\u00e9gation s&#8217;est rendu \u00e0 Montr\u00e9al \u00e0 l&#8217;occasion du Salon vacances et loisirs d&#8217;\u00e9t\u00e9 du 12 au 14 avril dernier. Les membres faisaient partie d&#8217;un groupe de la Nouvelle-\u00c9cosse faisant la promotion de la province comme destination touristique par excellence. Une deuxi\u00e8me d\u00e9l\u00e9gation participera \u00e0 un Salon Vacances similaire \u00e0 Qu\u00e9bec du 26 au 28 avril prochain. Ces salons sont les plus grands foires touristiques au Qu\u00e9bec et permettent de rejoindre 75 000 consommateurs potentiels.<\/p>\n<p>Les march\u00e9s cibles du Congr\u00e8s s&#8217;\u00e9tendent aussi jusqu&#8217;aux \u00c9tats-Unis. Une \u00e9quipe du CMA 2004 participera ainsi au Festival International de la Louisiane \u00e0 Lafayette du 23 au 28 avril. Afin d&#8217;assurer une visibilit\u00e9 de haut niveau, le CMA 2004 est commanditaire du festival, ce qui permet \u00e9galement au groupe acadien Grand D\u00e9rangement de se faire conna\u00eetre aupr\u00e8s des 200 000 individus qui prennent part au Festival. L&#8217;\u00e9quipe visitera aussi des organismes communautaires, des m\u00e9dias louisianais et des municipalit\u00e9s pendant son s\u00e9jour en Louisiane afin de les inviter en Nouvelle-\u00c9cosse, terre ancestrale des Acadiens.<\/p>\n<p>Au mois de mai, des repr\u00e9sentants du Congr\u00e8s mondial acadien 2004 se rendront \u00e0 Boston avec une \u00e9quipe de la Nouvelle-\u00c9cosse \u00e0 l&#8217;occasion du Cat Sail. Le Cat, le traversier le plus rapide en Am\u00e9rique du Nord, sera alors transform\u00e9 en foire touristique flottante du 16 au 20 mai. Cette promotion d&#8217;envergure en Nouvelle-Angleterre attire chaque ann\u00e9e plus de 18 000 personnes sur les quais de Boston.<\/p>\n<p>Pour plus d&#8217;information sur le Congr\u00e8s mondial acadien 2004 veuillez visiter notre site web : <a href=\"http:\/\/www.cma2004.com\/\" target=\"_blank\" rel=\"noopener\">www.cma2004.com<\/a>. Pour fixer une rencontre avec un membre de l&#8217;\u00e9quipe lors de leur tourn\u00e9e dans votre r\u00e9gion, communiquez avec :<\/p>\n<p>Danielle LeBlanc<br \/>\nDirectrice des communications<br \/>\nCongr\u00e8s mondial acadien 2004<br \/>\nT\u00e9l\u00e9phone : (902) 424-2220<br \/>\nCourriel : <a href=\"mailto:dleblanc@cma2004.com\">dleblanc@cma2004.com<\/a><\/p>","protected":false},"excerpt":{"rendered":"<p>April 16, 2002 The Congr\u00e8s mondial acadien 2004 team will promote its event in various markets over the next few weeks. In fact, representatives were in Montreal during the tourism show Salon Vacances et Loisirs d&#8217;\u00e9t\u00e9, from April 16 to April 18. They were participating in the event as part of a Nova Scotia delegation [&hellip;]<\/p>","protected":false},"author":2,"featured_media":0,"parent":750,"menu_order":0,"comment_status":"closed","ping_status":"closed","template":"","meta":{"_crdt_document":"","_themeisle_gutenberg_block_has_review":false,"iawp_total_views":0,"footnotes":""},"class_list":["post-776","page","type-page","status-publish","hentry"],"yoast_head":"<!-- This site is optimized with the Yoast SEO plugin v26.6 - https:\/\/yoast.com\/wordpress\/plugins\/seo\/ -->\n<title>En route \/ On the Road with Congr\u00e8s mondial acadien 2004 - Acadian Genealogy - Historical Acadian-Cajun Resources<\/title>\n<meta name=\"robots\" content=\"noindex, follow, max-snippet:-1, max-image-preview:large, max-video-preview:-1\" \/>\n<meta property=\"og:locale\" content=\"fr_CA\" \/>\n<meta property=\"og:type\" content=\"article\" \/>\n<meta property=\"og:title\" content=\"En route \/ On the Road with Congr\u00e8s mondial acadien 2004 - Acadian Genealogy - Historical Acadian-Cajun Resources\" \/>\n<meta property=\"og:description\" content=\"April 16, 2002 The Congr\u00e8s mondial acadien 2004 team will promote its event in various markets over the next few weeks. In fact, representatives were in Montreal during the tourism show Salon Vacances et Loisirs d&#8217;\u00e9t\u00e9, from April 16 to April 18. They were participating in the event as part of a Nova Scotia delegation [&hellip;]\" \/>\n<meta property=\"og:url\" content=\"https:\/\/acadiantest.cocompass.com\/fr\/culture\/acadian-world-congresscongres-mondial-acadien\/2004-acadian-world-congress\/en-route-avec-lequipe-du-congres-mondial-acadien-2004\/\" \/>\n<meta property=\"og:site_name\" content=\"Acadian Genealogy - Historical Acadian-Cajun Resources\" \/>\n<meta property=\"article:modified_time\" content=\"2018-11-11T15:14:43+00:00\" \/>\n<meta name=\"twitter:card\" content=\"summary_large_image\" \/>\n<meta name=\"twitter:label1\" content=\"Estimation du temps de lecture\" \/>\n\t<meta name=\"twitter:data1\" content=\"3 minutes\" \/>\n<script type=\"application\/ld+json\" class=\"yoast-schema-graph\">{\"@context\":\"https:\/\/schema.org\",\"@graph\":[{\"@type\":\"WebPage\",\"@id\":\"https:\/\/acadiantest.cocompass.com\/culture\/acadian-world-congresscongres-mondial-acadien\/2004-acadian-world-congress\/en-route-avec-lequipe-du-congres-mondial-acadien-2004\/\",\"url\":\"https:\/\/acadiantest.cocompass.com\/culture\/acadian-world-congresscongres-mondial-acadien\/2004-acadian-world-congress\/en-route-avec-lequipe-du-congres-mondial-acadien-2004\/\",\"name\":\"En route \/ On the Road with Congr\u00e8s mondial acadien 2004 - Acadian Genealogy - Historical Acadian-Cajun Resources\",\"isPartOf\":{\"@id\":\"https:\/\/acadiantest.cocompass.com\/#website\"},\"datePublished\":\"2016-08-24T17:50:41+00:00\",\"dateModified\":\"2018-11-11T15:14:43+00:00\",\"breadcrumb\":{\"@id\":\"https:\/\/acadiantest.cocompass.com\/culture\/acadian-world-congresscongres-mondial-acadien\/2004-acadian-world-congress\/en-route-avec-lequipe-du-congres-mondial-acadien-2004\/#breadcrumb\"},\"inLanguage\":\"fr-CA\",\"potentialAction\":[{\"@type\":\"ReadAction\",\"target\":[\"https:\/\/acadiantest.cocompass.com\/culture\/acadian-world-congresscongres-mondial-acadien\/2004-acadian-world-congress\/en-route-avec-lequipe-du-congres-mondial-acadien-2004\/\"]}]},{\"@type\":\"BreadcrumbList\",\"@id\":\"https:\/\/acadiantest.cocompass.com\/culture\/acadian-world-congresscongres-mondial-acadien\/2004-acadian-world-congress\/en-route-avec-lequipe-du-congres-mondial-acadien-2004\/#breadcrumb\",\"itemListElement\":[{\"@type\":\"ListItem\",\"position\":1,\"name\":\"Accueil\",\"item\":\"https:\/\/acadiantest.cocompass.com\/\"},{\"@type\":\"ListItem\",\"position\":2,\"name\":\"Culture\",\"item\":\"https:\/\/acadiantest.cocompass.com\/culture\/\"},{\"@type\":\"ListItem\",\"position\":3,\"name\":\"Acadian World Congress\/Congr\u00e8s Mondial Acadien\",\"item\":\"https:\/\/acadiantest.cocompass.com\/culture\/acadian-world-congresscongres-mondial-acadien\/\"},{\"@type\":\"ListItem\",\"position\":4,\"name\":\"2004 Acadian World Congress\",\"item\":\"https:\/\/acadiantest.cocompass.com\/culture\/acadian-world-congresscongres-mondial-acadien\/2004-acadian-world-congress\/\"},{\"@type\":\"ListItem\",\"position\":5,\"name\":\"En route \/ On the Road with Congr\u00e8s mondial acadien 2004\"}]},{\"@type\":\"WebSite\",\"@id\":\"https:\/\/acadiantest.cocompass.com\/#website\",\"url\":\"https:\/\/acadiantest.cocompass.com\/\",\"name\":\"Acadian Genealogy - Historical Acadian-Cajun Resources\",\"description\":\"Learn About Acadians and Cajuns\",\"publisher\":{\"@id\":\"https:\/\/acadiantest.cocompass.com\/#organization\"},\"potentialAction\":[{\"@type\":\"SearchAction\",\"target\":{\"@type\":\"EntryPoint\",\"urlTemplate\":\"https:\/\/acadiantest.cocompass.com\/?s={search_term_string}\"},\"query-input\":{\"@type\":\"PropertyValueSpecification\",\"valueRequired\":true,\"valueName\":\"search_term_string\"}}],\"inLanguage\":\"fr-CA\"},{\"@type\":\"Organization\",\"@id\":\"https:\/\/acadiantest.cocompass.com\/#organization\",\"name\":\"Acadian Genealogy - Historical Acadian-Cajun Resources\",\"url\":\"https:\/\/acadiantest.cocompass.com\/\",\"logo\":{\"@type\":\"ImageObject\",\"inLanguage\":\"fr-CA\",\"@id\":\"https:\/\/acadiantest.cocompass.com\/#\/schema\/logo\/image\/\",\"url\":\"https:\/\/acadiantest.cocompass.com\/wp-content\/uploads\/logo.png\",\"contentUrl\":\"https:\/\/acadiantest.cocompass.com\/wp-content\/uploads\/logo.png\",\"width\":303,\"height\":125,\"caption\":\"Acadian Genealogy - Historical Acadian-Cajun Resources\"},\"image\":{\"@id\":\"https:\/\/acadiantest.cocompass.com\/#\/schema\/logo\/image\/\"}}]}<\/script>\n<!-- \/ Yoast SEO plugin. -->","yoast_head_json":{"title":"En route \/ On the Road with Congr\u00e8s mondial acadien 2004 - Acadian Genealogy - Historical Acadian-Cajun Resources","robots":{"index":"noindex","follow":"follow","max-snippet":"max-snippet:-1","max-image-preview":"max-image-preview:large","max-video-preview":"max-video-preview:-1"},"og_locale":"fr_CA","og_type":"article","og_title":"En route \/ On the Road with Congr\u00e8s mondial acadien 2004 - Acadian Genealogy - Historical Acadian-Cajun Resources","og_description":"April 16, 2002 The Congr\u00e8s mondial acadien 2004 team will promote its event in various markets over the next few weeks. In fact, representatives were in Montreal during the tourism show Salon Vacances et Loisirs d&#8217;\u00e9t\u00e9, from April 16 to April 18. They were participating in the event as part of a Nova Scotia delegation [&hellip;]","og_url":"https:\/\/acadiantest.cocompass.com\/fr\/culture\/acadian-world-congresscongres-mondial-acadien\/2004-acadian-world-congress\/en-route-avec-lequipe-du-congres-mondial-acadien-2004\/","og_site_name":"Acadian Genealogy - Historical Acadian-Cajun Resources","article_modified_time":"2018-11-11T15:14:43+00:00","twitter_card":"summary_large_image","twitter_misc":{"Estimation du temps de lecture":"3 minutes"},"schema":{"@context":"https:\/\/schema.org","@graph":[{"@type":"WebPage","@id":"https:\/\/acadiantest.cocompass.com\/culture\/acadian-world-congresscongres-mondial-acadien\/2004-acadian-world-congress\/en-route-avec-lequipe-du-congres-mondial-acadien-2004\/","url":"https:\/\/acadiantest.cocompass.com\/culture\/acadian-world-congresscongres-mondial-acadien\/2004-acadian-world-congress\/en-route-avec-lequipe-du-congres-mondial-acadien-2004\/","name":"En route \/ On the Road with Congr\u00e8s mondial acadien 2004 - Acadian Genealogy - Historical Acadian-Cajun Resources","isPartOf":{"@id":"https:\/\/acadiantest.cocompass.com\/#website"},"datePublished":"2016-08-24T17:50:41+00:00","dateModified":"2018-11-11T15:14:43+00:00","breadcrumb":{"@id":"https:\/\/acadiantest.cocompass.com\/culture\/acadian-world-congresscongres-mondial-acadien\/2004-acadian-world-congress\/en-route-avec-lequipe-du-congres-mondial-acadien-2004\/#breadcrumb"},"inLanguage":"fr-CA","potentialAction":[{"@type":"ReadAction","target":["https:\/\/acadiantest.cocompass.com\/culture\/acadian-world-congresscongres-mondial-acadien\/2004-acadian-world-congress\/en-route-avec-lequipe-du-congres-mondial-acadien-2004\/"]}]},{"@type":"BreadcrumbList","@id":"https:\/\/acadiantest.cocompass.com\/culture\/acadian-world-congresscongres-mondial-acadien\/2004-acadian-world-congress\/en-route-avec-lequipe-du-congres-mondial-acadien-2004\/#breadcrumb","itemListElement":[{"@type":"ListItem","position":1,"name":"Accueil","item":"https:\/\/acadiantest.cocompass.com\/"},{"@type":"ListItem","position":2,"name":"Culture","item":"https:\/\/acadiantest.cocompass.com\/culture\/"},{"@type":"ListItem","position":3,"name":"Acadian World Congress\/Congr\u00e8s Mondial Acadien","item":"https:\/\/acadiantest.cocompass.com\/culture\/acadian-world-congresscongres-mondial-acadien\/"},{"@type":"ListItem","position":4,"name":"2004 Acadian World Congress","item":"https:\/\/acadiantest.cocompass.com\/culture\/acadian-world-congresscongres-mondial-acadien\/2004-acadian-world-congress\/"},{"@type":"ListItem","position":5,"name":"En route \/ On the Road with Congr\u00e8s mondial acadien 2004"}]},{"@type":"WebSite","@id":"https:\/\/acadiantest.cocompass.com\/#website","url":"https:\/\/acadiantest.cocompass.com\/","name":"Acadian Genealogy - Historical Acadian-Cajun Resources","description":"Learn About Acadians and Cajuns","publisher":{"@id":"https:\/\/acadiantest.cocompass.com\/#organization"},"potentialAction":[{"@type":"SearchAction","target":{"@type":"EntryPoint","urlTemplate":"https:\/\/acadiantest.cocompass.com\/?s={search_term_string}"},"query-input":{"@type":"PropertyValueSpecification","valueRequired":true,"valueName":"search_term_string"}}],"inLanguage":"fr-CA"},{"@type":"Organization","@id":"https:\/\/acadiantest.cocompass.com\/#organization","name":"Acadian Genealogy - Historical Acadian-Cajun Resources","url":"https:\/\/acadiantest.cocompass.com\/","logo":{"@type":"ImageObject","inLanguage":"fr-CA","@id":"https:\/\/acadiantest.cocompass.com\/#\/schema\/logo\/image\/","url":"https:\/\/acadiantest.cocompass.com\/wp-content\/uploads\/logo.png","contentUrl":"https:\/\/acadiantest.cocompass.com\/wp-content\/uploads\/logo.png","width":303,"height":125,"caption":"Acadian Genealogy - Historical Acadian-Cajun Resources"},"image":{"@id":"https:\/\/acadiantest.cocompass.com\/#\/schema\/logo\/image\/"}}]}},"_links":{"self":[{"href":"https:\/\/acadiantest.cocompass.com\/fr\/wp-json\/wp\/v2\/pages\/776","targetHints":{"allow":["GET"]}}],"collection":[{"href":"https:\/\/acadiantest.cocompass.com\/fr\/wp-json\/wp\/v2\/pages"}],"about":[{"href":"https:\/\/acadiantest.cocompass.com\/fr\/wp-json\/wp\/v2\/types\/page"}],"author":[{"embeddable":true,"href":"https:\/\/acadiantest.cocompass.com\/fr\/wp-json\/wp\/v2\/users\/2"}],"replies":[{"embeddable":true,"href":"https:\/\/acadiantest.cocompass.com\/fr\/wp-json\/wp\/v2\/comments?post=776"}],"version-history":[{"count":0,"href":"https:\/\/acadiantest.cocompass.com\/fr\/wp-json\/wp\/v2\/pages\/776\/revisions"}],"up":[{"embeddable":true,"href":"https:\/\/acadiantest.cocompass.com\/fr\/wp-json\/wp\/v2\/pages\/750"}],"wp:attachment":[{"href":"https:\/\/acadiantest.cocompass.com\/fr\/wp-json\/wp\/v2\/media?parent=776"}],"curies":[{"name":"wp","href":"https:\/\/api.w.org\/{rel}","templated":true}]}}