{"id":780,"date":"2016-08-24T13:56:53","date_gmt":"2016-08-24T17:56:53","guid":{"rendered":"https:\/\/acadiantest.cocompass.com\/?page_id=780"},"modified":"2018-11-11T10:15:50","modified_gmt":"2018-11-11T15:15:50","slug":"new-logo-new-look","status":"publish","type":"page","link":"https:\/\/acadiantest.cocompass.com\/fr\/culture\/acadian-world-congresscongres-mondial-acadien\/2004-acadian-world-congress\/new-logo-new-look\/","title":{"rendered":"A New Logo; A new Look"},"content":{"rendered":"<p>&nbsp;<\/p>\n<p>February 22, 2002<\/p>\n<p align=\"CENTER\">A NEW LOGO; A NEW LOOK.<\/p>\n<p>In the spirit of our common journey towards the 3rd Congr\u00e8s mondial acadien, to be held from July 31st to August 15th 2004 throughout Nova Scotia, we invite you to visit our website <a href=\"http:\/\/www.cma2004.com\/\" target=\"_blank\" rel=\"noopener\">www.cma2004.com<\/a> and discover our logo.<\/p>\n<p>Added to our website since January, the logo truly defines the Congr\u00e8s of 2004. We wanted to distinguish this Congr\u00e8s by emphasizing the return of Acadians to the birthplace of Acadie. It was also important for us to emphasize the dynamism of the Acadian and francophone communities throughout the world and the celebration associated with this world-class event.<\/p>\n<p>The focal point of the logo is a yellow star, recognized as a significant icon of the Acadian community. The star with its open arms is surrounded by a swirl. The swirl represents the return to the birthplace of Acadie. The logo also includes a few colored ribbons representing the joy and festivities surrounding the event.<\/p>\n<p>We recognize your enthusiasm for Congr\u00e8s and its images. However, the use of the Congr\u00e8s mondial acadien 2004 logo is reserved for the activities, products, advertisements, Web site and promotional material of CMA 2004. Certain external organizations can obtain a license of usage. Please contact us in order to receive a copy of our policies pertaining to the CMA 2004 logo. Your cooperation is greatly appreciated!<\/p>\n<p>You will also discover on our website a preliminary program, as well as recent information on family reunions. We are planning a lot of important changes and additions for our website in the coming months so visit it often to ensure you won&#8217;t miss anything!<\/p>\n<p>For more information on Nova Scotia, visit the province&#8217;s web site at <a href=\"http:\/\/www.novascotia.com\/\" target=\"_blank\" rel=\"noopener\">www.novascotia.com<\/a>. Those of you living outside the province can go online to order your free Nova Scotia travel guide.<\/p>\n<p>If you know of individuals who would like to receive updated newsletters via e-mail, keeping them informed and involved on our journey towards the 3rd Congr\u00e8s mondial acadien, simply send a message indicating their name and e-mail address to be added to our electronic mailing list. We also encourage you to forward this message to your colleagues, family and friends.<\/p>\n<p>Please feel free to contact us if you have questions or comments. Here&#8217;s how to reach us:<\/p>\n<p>&nbsp;<\/p>\n<p align=\"CENTER\">UN NOUVEAU LOGO; UNE NOUVELLE IMAGE.<\/p>\n<p>C&#8217;est dans le but de vous inviter \u00e0 vivre avec nous le cheminement vers le 3e Congr\u00e8s mondial acadien, qui aura lieu du 31 juillet au 15 ao\u00fbt 2004 partout en Nouvelle-\u00c9cosse, que nous vous invitons \u00e0 visiter notre site Internet <a href=\"http:\/\/www.cma2004.com\/\" target=\"_blank\" rel=\"noopener\">www.cma2004.com<\/a> et \u00e0 y d\u00e9couvrir notre logo.<\/p>\n<p>Sur notre site Web depuis le mois de janvier, le logo repr\u00e9sente bien le Congr\u00e8s de 2004. Nous avons voulu que ce Congr\u00e8s se d\u00e9marque des autres par le fait qu&#8217;il soulignera le retour des Acadiens et des Acadiennes vers leur terre d&#8217;origine, l&#8217;Acadie. De plus, il \u00e9tait important pour nous de mettre l&#8217;accent sur le dynamisme des communaut\u00e9s acadiennes et francophones partout dans le monde ainsi que sur les c\u00e9l\u00e9brations associ\u00e9es \u00e0 cette manifestation internationale.<\/p>\n<p>L&#8217;\u00e9l\u00e9ment fondamental de ce nouveau logo est une \u00e9toile jaune, reconnue comme un symbole important chez les Acadiens et Acadiennes. L&#8217;\u00e9toile, dont les pointes, comme des bras, s&#8217;ouvrent toutes grandes, est entour\u00e9e d&#8217;un tourbillon \u00e0 sa base. Le tourbillon symbolise le retour \u00e0 la terre ancestrale. Le logo contient aussi quelques rubans color\u00e9s, symboles de dynamisme et de f\u00eate.<\/p>\n<p>Nous sommes conscients de votre enthousiasme \u00e0 l&#8217;endroit du Congr\u00e8s et de ses images. Toutefois, l&#8217;utilisation du logo du Congr\u00e8s mondial acadien 2004 est r\u00e9serv\u00e9e aux activit\u00e9s, produits, publicit\u00e9s, site Web et outils promotionnels du CMA 2004. Certains organismes externes peuvent obtenir un permis d&#8217;utilisation. Veuillez communiquer avec nous afin de conna\u00eetre nos politiques \u00e0 cet \u00e9gard. Nous vous remercions tr\u00e8s sinc\u00e8rement de votre collaboration !<\/p>\n<p>Vous d\u00e9couvrirez aussi sur notre site le programme pr\u00e9liminaire du Congr\u00e8s mondial acadien 2004 et de l&#8217;information sur les r\u00e9unions de familles. Nous pr\u00e9voyons de grands changements et des ajouts au site au cours des prochains mois, alors visitez-le souvent pour ne rien manquer !<\/p>\n<p>Pour plus de renseignements sur la Nouvelle-\u00c9cosse, visitez le site Internet de la province au <a href=\"http:\/\/www.nouvelle-ecosse.com\/\" target=\"_blank\" rel=\"noopener\">www.nouvelle-ecosse.com<\/a> ou <a href=\"http:\/\/www.novascotia.com\/\" target=\"_blank\" rel=\"noopener\">www.novascotia.com<\/a>. Pour ceux et celles qui habitent \u00e0 l&#8217;ext\u00e9rieur de la province, vous pouvez commander en ligne votre guide gratuit de planification des vacances en Nouvelle-\u00c9cosse.<\/p>\n<p>Si vous connaissez d&#8217;autres gens qui aimeraient recevoir nos bulletins \u00e9lectroniques p\u00e9riodiques, vous n&#8217;avez qu&#8217;\u00e0 envoyer un courriel pour demander qu&#8217;on ajoute leur nom \u00e0 la liste d&#8217;envoi. Nous vous encourageons aussi \u00e0 faire suivre ce message \u00e0 vos coll\u00e8gues, parents et amis.<\/p>\n<p>N&#8217;h\u00e9sitez surtout pas \u00e0 communiquer avec nous si vous avez des questions ou des commentaires. Voici nos coordonn\u00e9es :<\/p>\n<p>Congr\u00e8s mondial acadien 2004<br \/>\n\u00c9difice Roy, pi\u00e8ce 106<br \/>\n1657, rue Barrington<br \/>\nHalifax (N.-\u00c9.) B3J 2A1<\/p>\n<p><a href=\"mailto:info@cma2004.com\">info@cma2004.com<\/a><br \/>\n<a href=\"http:\/\/www.cma2004.com\/\" target=\"_blank\" rel=\"noopener\">www.cma2004.com<\/a><\/p>","protected":false},"excerpt":{"rendered":"<p>&nbsp; February 22, 2002 A NEW LOGO; A NEW LOOK. In the spirit of our common journey towards the 3rd Congr\u00e8s mondial acadien, to be held from July 31st to August 15th 2004 throughout Nova Scotia, we invite you to visit our website www.cma2004.com and discover our logo. Added to our website since January, the [&hellip;]<\/p>","protected":false},"author":2,"featured_media":0,"parent":750,"menu_order":0,"comment_status":"closed","ping_status":"closed","template":"","meta":{"_crdt_document":"","_themeisle_gutenberg_block_has_review":false,"iawp_total_views":0,"footnotes":""},"class_list":["post-780","page","type-page","status-publish","hentry"],"yoast_head":"<!-- This site is optimized with the Yoast SEO plugin v26.6 - https:\/\/yoast.com\/wordpress\/plugins\/seo\/ -->\n<title>A New Logo; A new Look - Acadian Genealogy - Historical Acadian-Cajun Resources<\/title>\n<meta name=\"robots\" content=\"noindex, follow, max-snippet:-1, max-image-preview:large, max-video-preview:-1\" \/>\n<meta property=\"og:locale\" content=\"fr_CA\" \/>\n<meta property=\"og:type\" content=\"article\" \/>\n<meta property=\"og:title\" content=\"A New Logo; A new Look - Acadian Genealogy - Historical Acadian-Cajun Resources\" \/>\n<meta property=\"og:description\" content=\"&nbsp; February 22, 2002 A NEW LOGO; A NEW LOOK. In the spirit of our common journey towards the 3rd Congr\u00e8s mondial acadien, to be held from July 31st to August 15th 2004 throughout Nova Scotia, we invite you to visit our website www.cma2004.com and discover our logo. Added to our website since January, the [&hellip;]\" \/>\n<meta property=\"og:url\" content=\"https:\/\/acadiantest.cocompass.com\/fr\/culture\/acadian-world-congresscongres-mondial-acadien\/2004-acadian-world-congress\/new-logo-new-look\/\" \/>\n<meta property=\"og:site_name\" content=\"Acadian Genealogy - Historical Acadian-Cajun Resources\" \/>\n<meta property=\"article:modified_time\" content=\"2018-11-11T15:15:50+00:00\" \/>\n<meta name=\"twitter:card\" content=\"summary_large_image\" \/>\n<meta name=\"twitter:label1\" content=\"Estimation du temps de lecture\" \/>\n\t<meta name=\"twitter:data1\" content=\"4 minutes\" \/>\n<script type=\"application\/ld+json\" class=\"yoast-schema-graph\">{\"@context\":\"https:\/\/schema.org\",\"@graph\":[{\"@type\":\"WebPage\",\"@id\":\"https:\/\/acadiantest.cocompass.com\/culture\/acadian-world-congresscongres-mondial-acadien\/2004-acadian-world-congress\/new-logo-new-look\/\",\"url\":\"https:\/\/acadiantest.cocompass.com\/culture\/acadian-world-congresscongres-mondial-acadien\/2004-acadian-world-congress\/new-logo-new-look\/\",\"name\":\"A New Logo; A new Look - Acadian Genealogy - Historical Acadian-Cajun Resources\",\"isPartOf\":{\"@id\":\"https:\/\/acadiantest.cocompass.com\/#website\"},\"datePublished\":\"2016-08-24T17:56:53+00:00\",\"dateModified\":\"2018-11-11T15:15:50+00:00\",\"breadcrumb\":{\"@id\":\"https:\/\/acadiantest.cocompass.com\/culture\/acadian-world-congresscongres-mondial-acadien\/2004-acadian-world-congress\/new-logo-new-look\/#breadcrumb\"},\"inLanguage\":\"fr-CA\",\"potentialAction\":[{\"@type\":\"ReadAction\",\"target\":[\"https:\/\/acadiantest.cocompass.com\/culture\/acadian-world-congresscongres-mondial-acadien\/2004-acadian-world-congress\/new-logo-new-look\/\"]}]},{\"@type\":\"BreadcrumbList\",\"@id\":\"https:\/\/acadiantest.cocompass.com\/culture\/acadian-world-congresscongres-mondial-acadien\/2004-acadian-world-congress\/new-logo-new-look\/#breadcrumb\",\"itemListElement\":[{\"@type\":\"ListItem\",\"position\":1,\"name\":\"Accueil\",\"item\":\"https:\/\/acadiantest.cocompass.com\/\"},{\"@type\":\"ListItem\",\"position\":2,\"name\":\"Culture\",\"item\":\"https:\/\/acadiantest.cocompass.com\/culture\/\"},{\"@type\":\"ListItem\",\"position\":3,\"name\":\"Acadian World Congress\/Congr\u00e8s Mondial Acadien\",\"item\":\"https:\/\/acadiantest.cocompass.com\/culture\/acadian-world-congresscongres-mondial-acadien\/\"},{\"@type\":\"ListItem\",\"position\":4,\"name\":\"2004 Acadian World Congress\",\"item\":\"https:\/\/acadiantest.cocompass.com\/culture\/acadian-world-congresscongres-mondial-acadien\/2004-acadian-world-congress\/\"},{\"@type\":\"ListItem\",\"position\":5,\"name\":\"A New Logo; A new Look\"}]},{\"@type\":\"WebSite\",\"@id\":\"https:\/\/acadiantest.cocompass.com\/#website\",\"url\":\"https:\/\/acadiantest.cocompass.com\/\",\"name\":\"Acadian Genealogy - Historical Acadian-Cajun Resources\",\"description\":\"Learn About Acadians and Cajuns\",\"publisher\":{\"@id\":\"https:\/\/acadiantest.cocompass.com\/#organization\"},\"potentialAction\":[{\"@type\":\"SearchAction\",\"target\":{\"@type\":\"EntryPoint\",\"urlTemplate\":\"https:\/\/acadiantest.cocompass.com\/?s={search_term_string}\"},\"query-input\":{\"@type\":\"PropertyValueSpecification\",\"valueRequired\":true,\"valueName\":\"search_term_string\"}}],\"inLanguage\":\"fr-CA\"},{\"@type\":\"Organization\",\"@id\":\"https:\/\/acadiantest.cocompass.com\/#organization\",\"name\":\"Acadian Genealogy - Historical Acadian-Cajun Resources\",\"url\":\"https:\/\/acadiantest.cocompass.com\/\",\"logo\":{\"@type\":\"ImageObject\",\"inLanguage\":\"fr-CA\",\"@id\":\"https:\/\/acadiantest.cocompass.com\/#\/schema\/logo\/image\/\",\"url\":\"https:\/\/acadiantest.cocompass.com\/wp-content\/uploads\/logo.png\",\"contentUrl\":\"https:\/\/acadiantest.cocompass.com\/wp-content\/uploads\/logo.png\",\"width\":303,\"height\":125,\"caption\":\"Acadian Genealogy - Historical Acadian-Cajun Resources\"},\"image\":{\"@id\":\"https:\/\/acadiantest.cocompass.com\/#\/schema\/logo\/image\/\"}}]}<\/script>\n<!-- \/ Yoast SEO plugin. -->","yoast_head_json":{"title":"A New Logo; A new Look - Acadian Genealogy - Historical Acadian-Cajun Resources","robots":{"index":"noindex","follow":"follow","max-snippet":"max-snippet:-1","max-image-preview":"max-image-preview:large","max-video-preview":"max-video-preview:-1"},"og_locale":"fr_CA","og_type":"article","og_title":"A New Logo; A new Look - Acadian Genealogy - Historical Acadian-Cajun Resources","og_description":"&nbsp; February 22, 2002 A NEW LOGO; A NEW LOOK. In the spirit of our common journey towards the 3rd Congr\u00e8s mondial acadien, to be held from July 31st to August 15th 2004 throughout Nova Scotia, we invite you to visit our website www.cma2004.com and discover our logo. Added to our website since January, the [&hellip;]","og_url":"https:\/\/acadiantest.cocompass.com\/fr\/culture\/acadian-world-congresscongres-mondial-acadien\/2004-acadian-world-congress\/new-logo-new-look\/","og_site_name":"Acadian Genealogy - Historical Acadian-Cajun Resources","article_modified_time":"2018-11-11T15:15:50+00:00","twitter_card":"summary_large_image","twitter_misc":{"Estimation du temps de lecture":"4 minutes"},"schema":{"@context":"https:\/\/schema.org","@graph":[{"@type":"WebPage","@id":"https:\/\/acadiantest.cocompass.com\/culture\/acadian-world-congresscongres-mondial-acadien\/2004-acadian-world-congress\/new-logo-new-look\/","url":"https:\/\/acadiantest.cocompass.com\/culture\/acadian-world-congresscongres-mondial-acadien\/2004-acadian-world-congress\/new-logo-new-look\/","name":"A New Logo; A new Look - Acadian Genealogy - Historical Acadian-Cajun Resources","isPartOf":{"@id":"https:\/\/acadiantest.cocompass.com\/#website"},"datePublished":"2016-08-24T17:56:53+00:00","dateModified":"2018-11-11T15:15:50+00:00","breadcrumb":{"@id":"https:\/\/acadiantest.cocompass.com\/culture\/acadian-world-congresscongres-mondial-acadien\/2004-acadian-world-congress\/new-logo-new-look\/#breadcrumb"},"inLanguage":"fr-CA","potentialAction":[{"@type":"ReadAction","target":["https:\/\/acadiantest.cocompass.com\/culture\/acadian-world-congresscongres-mondial-acadien\/2004-acadian-world-congress\/new-logo-new-look\/"]}]},{"@type":"BreadcrumbList","@id":"https:\/\/acadiantest.cocompass.com\/culture\/acadian-world-congresscongres-mondial-acadien\/2004-acadian-world-congress\/new-logo-new-look\/#breadcrumb","itemListElement":[{"@type":"ListItem","position":1,"name":"Accueil","item":"https:\/\/acadiantest.cocompass.com\/"},{"@type":"ListItem","position":2,"name":"Culture","item":"https:\/\/acadiantest.cocompass.com\/culture\/"},{"@type":"ListItem","position":3,"name":"Acadian World Congress\/Congr\u00e8s Mondial Acadien","item":"https:\/\/acadiantest.cocompass.com\/culture\/acadian-world-congresscongres-mondial-acadien\/"},{"@type":"ListItem","position":4,"name":"2004 Acadian World Congress","item":"https:\/\/acadiantest.cocompass.com\/culture\/acadian-world-congresscongres-mondial-acadien\/2004-acadian-world-congress\/"},{"@type":"ListItem","position":5,"name":"A New Logo; A new Look"}]},{"@type":"WebSite","@id":"https:\/\/acadiantest.cocompass.com\/#website","url":"https:\/\/acadiantest.cocompass.com\/","name":"Acadian Genealogy - Historical Acadian-Cajun Resources","description":"Learn About Acadians and Cajuns","publisher":{"@id":"https:\/\/acadiantest.cocompass.com\/#organization"},"potentialAction":[{"@type":"SearchAction","target":{"@type":"EntryPoint","urlTemplate":"https:\/\/acadiantest.cocompass.com\/?s={search_term_string}"},"query-input":{"@type":"PropertyValueSpecification","valueRequired":true,"valueName":"search_term_string"}}],"inLanguage":"fr-CA"},{"@type":"Organization","@id":"https:\/\/acadiantest.cocompass.com\/#organization","name":"Acadian Genealogy - Historical Acadian-Cajun Resources","url":"https:\/\/acadiantest.cocompass.com\/","logo":{"@type":"ImageObject","inLanguage":"fr-CA","@id":"https:\/\/acadiantest.cocompass.com\/#\/schema\/logo\/image\/","url":"https:\/\/acadiantest.cocompass.com\/wp-content\/uploads\/logo.png","contentUrl":"https:\/\/acadiantest.cocompass.com\/wp-content\/uploads\/logo.png","width":303,"height":125,"caption":"Acadian Genealogy - Historical Acadian-Cajun Resources"},"image":{"@id":"https:\/\/acadiantest.cocompass.com\/#\/schema\/logo\/image\/"}}]}},"_links":{"self":[{"href":"https:\/\/acadiantest.cocompass.com\/fr\/wp-json\/wp\/v2\/pages\/780","targetHints":{"allow":["GET"]}}],"collection":[{"href":"https:\/\/acadiantest.cocompass.com\/fr\/wp-json\/wp\/v2\/pages"}],"about":[{"href":"https:\/\/acadiantest.cocompass.com\/fr\/wp-json\/wp\/v2\/types\/page"}],"author":[{"embeddable":true,"href":"https:\/\/acadiantest.cocompass.com\/fr\/wp-json\/wp\/v2\/users\/2"}],"replies":[{"embeddable":true,"href":"https:\/\/acadiantest.cocompass.com\/fr\/wp-json\/wp\/v2\/comments?post=780"}],"version-history":[{"count":0,"href":"https:\/\/acadiantest.cocompass.com\/fr\/wp-json\/wp\/v2\/pages\/780\/revisions"}],"up":[{"embeddable":true,"href":"https:\/\/acadiantest.cocompass.com\/fr\/wp-json\/wp\/v2\/pages\/750"}],"wp:attachment":[{"href":"https:\/\/acadiantest.cocompass.com\/fr\/wp-json\/wp\/v2\/media?parent=780"}],"curies":[{"name":"wp","href":"https:\/\/api.w.org\/{rel}","templated":true}]}}