{"id":783,"date":"2016-08-24T14:00:50","date_gmt":"2016-08-24T18:00:50","guid":{"rendered":"https:\/\/acadiantest.cocompass.com\/?page_id=783"},"modified":"2018-11-11T10:18:15","modified_gmt":"2018-11-11T15:18:15","slug":"celebration-four-centuries-making","status":"publish","type":"page","link":"https:\/\/acadiantest.cocompass.com\/fr\/culture\/acadian-world-congresscongres-mondial-acadien\/2004-acadian-world-congress\/celebration-four-centuries-making\/","title":{"rendered":"A Celebration, Four Centuries in the Making"},"content":{"rendered":"<p>November 28, 2001<\/p>\n<p>&#8220;This is the dream we offer you in anticipation of the year 2004, when we will truly celebrate our four centuries. If you think tonight is a party, just wait until you see the real one. This is merely a dress rehearsal for what we will be preparing for you over the next ten years.&#8221;<br \/>\n&#8211; Antonine Maillet, 1994<\/p>\n<p align=\"CENTER\">A CELEBRATION, FOUR CENTURIES IN THE MAKING!<\/p>\n<p>Here is the first in a series of messages you will receive from the CMA 2004 team. These messages are meant to keep you informed and involve you on our journey towards the 3rd Congr\u00e8s mondial acadien.<\/p>\n<p>This international gathering of Acadians and their friends represents a return to their roots, as Nova Scotia is the ancestral land of many Acadian families.<\/p>\n<p>Many celebrations, conferences, concerts, family reunions as well as other celebrations and gatherings are now in the first stages of development.<\/p>\n<p>You can now visit the Congr\u00e8s mondial acadien 2004 web site at <a href=\"http:\/\/www.cma2004.com\/\" target=\"_blank\" rel=\"noopener\">www.cma2004.com<\/a>. Learn about the Acadian regions and other communities which will host the events from July 31 to August 15, 2004.<\/p>\n<p>For more information on Nova Scotia, visit the province&#8217;s web site at <a href=\"http:\/\/www.novascotia.com\/\" target=\"_blank\" rel=\"noopener\">www.novascotia.com.<\/a> Those of you living outside the province can go online to order your free Nova Scotia travel guide.<\/p>\n<p>Le 28 novembre, 2001<\/p>\n<p>&#8220;C&#8217;est ce r\u00eave que nous vous offrons, en attendant l&#8217;an 2004, quand nous f\u00eaterons pour de vrai nos quatre si\u00e8cles. Si vous pensez que ce soir vous assistez \u00e0 la f\u00eate, attendez de voir la vraie, celle dont ces retrouvailles ne sont que la r\u00e9p\u00e9tition g\u00e9n\u00e9rale, celle que nous pr\u00e9parerons pour vous pendant les dix ans \u00e0 venir.&#8221;<br \/>\n&#8211; Antonine Maillet, 1994<\/p>\n<p align=\"CENTER\">LA F\u00caTE DE NOS QUATRE SI\u00c8CLES SE PR\u00c9PARE!<\/p>\n<p>Voici le premier d&#8217;une s\u00e9rie de messages que l&#8217;\u00e9quipe du Congr\u00e8s mondial acadien 2004 vous fera parvenir par courriel pour vous renseigner et vous permettre de vivre avec nous le cheminement vers le 3e Congr\u00e8s mondial acadien.<\/p>\n<p>Ce rassemblement international des Acadiennes, des Acadiens et de leurs ami(es) repr\u00e9sente un v\u00e9ritable retour aux sources, car c&#8217;est en Nouvelle-\u00c9cosse que l&#8217;on trouve les terres ancestrales de nombreuses familles acadiennes.<\/p>\n<p>Des f\u00eates, des conf\u00e9rences, des spectacles, des rencontres de familles et bien d&#8217;autres occasions de c\u00e9l\u00e9brations et de rassemblements sont encore \u00e0 l&#8217;\u00e9tape des pr\u00e9paratifs. .<\/p>\n<p>Vous pouvez maintenant visiter le site Internet du Congr\u00e8s mondial acadien 2004 au <a href=\"http:\/\/www.cma2004.com\/\" target=\"_blank\" rel=\"noopener\">www.cma2004.com<\/a>. D\u00e9couvrez les r\u00e9gions acadiennes ainsi que les communaut\u00e9s de la Nouvelle-\u00c9cosse qui vous accueilleront du 31 juillet au 15 ao\u00fbt 2004.<\/p>\n<p>Pour plus de renseignements sur la Nouvelle-\u00c9cosse, visitez le site Internet de la province au <a href=\"http:\/\/www.novascotia.com\/\" target=\"_blank\" rel=\"noopener\">www.novascotia.com<\/a>. Pour ceux et celles qui habitent \u00e0 l&#8217;ext\u00e9rieur de la province, vous pouvez commander en ligne votre guide gratuit de planification des vacances en Nouvelle-\u00c9cosse .<\/p>\n<p>N&#8217;h\u00e9sitez surtout pas \u00e0 communiquer avec nous si vous avez des questions ou des commentaires.<\/p>\n<p>Voici nos coordonn\u00e9es :<\/p>\n<p>Please feel free to contact us if you have questions or comments<\/p>\n<p>Here&#8217;s how to reach us:<\/p>\n<p>Congr\u00e8s mondial acadien 2004<br \/>\n\u00c9difice Roy, pi\u00e8ce 106<br \/>\n1657, rue Barrington<br \/>\nHalifax (N.-\u00c9.) B3J 2A1<\/p>\n<p><a href=\"mailto:info@cma2004.com\">info@cma2004.com<\/a><br \/>\n<a href=\"http:\/\/www.cma2004.com\/\" target=\"_blank\" rel=\"noopener\">www.cma2004.com<\/a><\/p>\n<p align=\"CENTER\">","protected":false},"excerpt":{"rendered":"<p>November 28, 2001 &#8220;This is the dream we offer you in anticipation of the year 2004, when we will truly celebrate our four centuries. If you think tonight is a party, just wait until you see the real one. This is merely a dress rehearsal for what we will be preparing for you over the [&hellip;]<\/p>","protected":false},"author":2,"featured_media":0,"parent":750,"menu_order":0,"comment_status":"closed","ping_status":"closed","template":"","meta":{"_crdt_document":"","_themeisle_gutenberg_block_has_review":false,"iawp_total_views":0,"footnotes":""},"class_list":["post-783","page","type-page","status-publish","hentry"],"yoast_head":"<!-- This site is optimized with the Yoast SEO plugin v26.6 - https:\/\/yoast.com\/wordpress\/plugins\/seo\/ -->\n<title>A Celebration, Four Centuries in the Making - Acadian Genealogy - Historical Acadian-Cajun Resources<\/title>\n<meta name=\"robots\" content=\"noindex, follow, max-snippet:-1, max-image-preview:large, max-video-preview:-1\" \/>\n<meta property=\"og:locale\" content=\"fr_CA\" \/>\n<meta property=\"og:type\" content=\"article\" \/>\n<meta property=\"og:title\" content=\"A Celebration, Four Centuries in the Making - Acadian Genealogy - Historical Acadian-Cajun Resources\" \/>\n<meta property=\"og:description\" content=\"November 28, 2001 &#8220;This is the dream we offer you in anticipation of the year 2004, when we will truly celebrate our four centuries. If you think tonight is a party, just wait until you see the real one. This is merely a dress rehearsal for what we will be preparing for you over the [&hellip;]\" \/>\n<meta property=\"og:url\" content=\"https:\/\/acadiantest.cocompass.com\/fr\/culture\/acadian-world-congresscongres-mondial-acadien\/2004-acadian-world-congress\/celebration-four-centuries-making\/\" \/>\n<meta property=\"og:site_name\" content=\"Acadian Genealogy - Historical Acadian-Cajun Resources\" \/>\n<meta property=\"article:modified_time\" content=\"2018-11-11T15:18:15+00:00\" \/>\n<meta name=\"twitter:card\" content=\"summary_large_image\" \/>\n<meta name=\"twitter:label1\" content=\"Estimation du temps de lecture\" \/>\n\t<meta name=\"twitter:data1\" content=\"3 minutes\" \/>\n<script type=\"application\/ld+json\" class=\"yoast-schema-graph\">{\"@context\":\"https:\/\/schema.org\",\"@graph\":[{\"@type\":\"WebPage\",\"@id\":\"https:\/\/acadiantest.cocompass.com\/culture\/acadian-world-congresscongres-mondial-acadien\/2004-acadian-world-congress\/celebration-four-centuries-making\/\",\"url\":\"https:\/\/acadiantest.cocompass.com\/culture\/acadian-world-congresscongres-mondial-acadien\/2004-acadian-world-congress\/celebration-four-centuries-making\/\",\"name\":\"A Celebration, Four Centuries in the Making - Acadian Genealogy - Historical Acadian-Cajun Resources\",\"isPartOf\":{\"@id\":\"https:\/\/acadiantest.cocompass.com\/#website\"},\"datePublished\":\"2016-08-24T18:00:50+00:00\",\"dateModified\":\"2018-11-11T15:18:15+00:00\",\"breadcrumb\":{\"@id\":\"https:\/\/acadiantest.cocompass.com\/culture\/acadian-world-congresscongres-mondial-acadien\/2004-acadian-world-congress\/celebration-four-centuries-making\/#breadcrumb\"},\"inLanguage\":\"fr-CA\",\"potentialAction\":[{\"@type\":\"ReadAction\",\"target\":[\"https:\/\/acadiantest.cocompass.com\/culture\/acadian-world-congresscongres-mondial-acadien\/2004-acadian-world-congress\/celebration-four-centuries-making\/\"]}]},{\"@type\":\"BreadcrumbList\",\"@id\":\"https:\/\/acadiantest.cocompass.com\/culture\/acadian-world-congresscongres-mondial-acadien\/2004-acadian-world-congress\/celebration-four-centuries-making\/#breadcrumb\",\"itemListElement\":[{\"@type\":\"ListItem\",\"position\":1,\"name\":\"Accueil\",\"item\":\"https:\/\/acadiantest.cocompass.com\/\"},{\"@type\":\"ListItem\",\"position\":2,\"name\":\"Culture\",\"item\":\"https:\/\/acadiantest.cocompass.com\/culture\/\"},{\"@type\":\"ListItem\",\"position\":3,\"name\":\"Acadian World Congress\/Congr\u00e8s Mondial Acadien\",\"item\":\"https:\/\/acadiantest.cocompass.com\/culture\/acadian-world-congresscongres-mondial-acadien\/\"},{\"@type\":\"ListItem\",\"position\":4,\"name\":\"2004 Acadian World Congress\",\"item\":\"https:\/\/acadiantest.cocompass.com\/culture\/acadian-world-congresscongres-mondial-acadien\/2004-acadian-world-congress\/\"},{\"@type\":\"ListItem\",\"position\":5,\"name\":\"A Celebration, Four Centuries in the Making\"}]},{\"@type\":\"WebSite\",\"@id\":\"https:\/\/acadiantest.cocompass.com\/#website\",\"url\":\"https:\/\/acadiantest.cocompass.com\/\",\"name\":\"Acadian Genealogy - Historical Acadian-Cajun Resources\",\"description\":\"Learn About Acadians and Cajuns\",\"publisher\":{\"@id\":\"https:\/\/acadiantest.cocompass.com\/#organization\"},\"potentialAction\":[{\"@type\":\"SearchAction\",\"target\":{\"@type\":\"EntryPoint\",\"urlTemplate\":\"https:\/\/acadiantest.cocompass.com\/?s={search_term_string}\"},\"query-input\":{\"@type\":\"PropertyValueSpecification\",\"valueRequired\":true,\"valueName\":\"search_term_string\"}}],\"inLanguage\":\"fr-CA\"},{\"@type\":\"Organization\",\"@id\":\"https:\/\/acadiantest.cocompass.com\/#organization\",\"name\":\"Acadian Genealogy - Historical Acadian-Cajun Resources\",\"url\":\"https:\/\/acadiantest.cocompass.com\/\",\"logo\":{\"@type\":\"ImageObject\",\"inLanguage\":\"fr-CA\",\"@id\":\"https:\/\/acadiantest.cocompass.com\/#\/schema\/logo\/image\/\",\"url\":\"https:\/\/acadiantest.cocompass.com\/wp-content\/uploads\/logo.png\",\"contentUrl\":\"https:\/\/acadiantest.cocompass.com\/wp-content\/uploads\/logo.png\",\"width\":303,\"height\":125,\"caption\":\"Acadian Genealogy - Historical Acadian-Cajun Resources\"},\"image\":{\"@id\":\"https:\/\/acadiantest.cocompass.com\/#\/schema\/logo\/image\/\"}}]}<\/script>\n<!-- \/ Yoast SEO plugin. -->","yoast_head_json":{"title":"A Celebration, Four Centuries in the Making - Acadian Genealogy - Historical Acadian-Cajun Resources","robots":{"index":"noindex","follow":"follow","max-snippet":"max-snippet:-1","max-image-preview":"max-image-preview:large","max-video-preview":"max-video-preview:-1"},"og_locale":"fr_CA","og_type":"article","og_title":"A Celebration, Four Centuries in the Making - Acadian Genealogy - Historical Acadian-Cajun Resources","og_description":"November 28, 2001 &#8220;This is the dream we offer you in anticipation of the year 2004, when we will truly celebrate our four centuries. If you think tonight is a party, just wait until you see the real one. This is merely a dress rehearsal for what we will be preparing for you over the [&hellip;]","og_url":"https:\/\/acadiantest.cocompass.com\/fr\/culture\/acadian-world-congresscongres-mondial-acadien\/2004-acadian-world-congress\/celebration-four-centuries-making\/","og_site_name":"Acadian Genealogy - Historical Acadian-Cajun Resources","article_modified_time":"2018-11-11T15:18:15+00:00","twitter_card":"summary_large_image","twitter_misc":{"Estimation du temps de lecture":"3 minutes"},"schema":{"@context":"https:\/\/schema.org","@graph":[{"@type":"WebPage","@id":"https:\/\/acadiantest.cocompass.com\/culture\/acadian-world-congresscongres-mondial-acadien\/2004-acadian-world-congress\/celebration-four-centuries-making\/","url":"https:\/\/acadiantest.cocompass.com\/culture\/acadian-world-congresscongres-mondial-acadien\/2004-acadian-world-congress\/celebration-four-centuries-making\/","name":"A Celebration, Four Centuries in the Making - Acadian Genealogy - Historical Acadian-Cajun Resources","isPartOf":{"@id":"https:\/\/acadiantest.cocompass.com\/#website"},"datePublished":"2016-08-24T18:00:50+00:00","dateModified":"2018-11-11T15:18:15+00:00","breadcrumb":{"@id":"https:\/\/acadiantest.cocompass.com\/culture\/acadian-world-congresscongres-mondial-acadien\/2004-acadian-world-congress\/celebration-four-centuries-making\/#breadcrumb"},"inLanguage":"fr-CA","potentialAction":[{"@type":"ReadAction","target":["https:\/\/acadiantest.cocompass.com\/culture\/acadian-world-congresscongres-mondial-acadien\/2004-acadian-world-congress\/celebration-four-centuries-making\/"]}]},{"@type":"BreadcrumbList","@id":"https:\/\/acadiantest.cocompass.com\/culture\/acadian-world-congresscongres-mondial-acadien\/2004-acadian-world-congress\/celebration-four-centuries-making\/#breadcrumb","itemListElement":[{"@type":"ListItem","position":1,"name":"Accueil","item":"https:\/\/acadiantest.cocompass.com\/"},{"@type":"ListItem","position":2,"name":"Culture","item":"https:\/\/acadiantest.cocompass.com\/culture\/"},{"@type":"ListItem","position":3,"name":"Acadian World Congress\/Congr\u00e8s Mondial Acadien","item":"https:\/\/acadiantest.cocompass.com\/culture\/acadian-world-congresscongres-mondial-acadien\/"},{"@type":"ListItem","position":4,"name":"2004 Acadian World Congress","item":"https:\/\/acadiantest.cocompass.com\/culture\/acadian-world-congresscongres-mondial-acadien\/2004-acadian-world-congress\/"},{"@type":"ListItem","position":5,"name":"A Celebration, Four Centuries in the Making"}]},{"@type":"WebSite","@id":"https:\/\/acadiantest.cocompass.com\/#website","url":"https:\/\/acadiantest.cocompass.com\/","name":"Acadian Genealogy - Historical Acadian-Cajun Resources","description":"Learn About Acadians and Cajuns","publisher":{"@id":"https:\/\/acadiantest.cocompass.com\/#organization"},"potentialAction":[{"@type":"SearchAction","target":{"@type":"EntryPoint","urlTemplate":"https:\/\/acadiantest.cocompass.com\/?s={search_term_string}"},"query-input":{"@type":"PropertyValueSpecification","valueRequired":true,"valueName":"search_term_string"}}],"inLanguage":"fr-CA"},{"@type":"Organization","@id":"https:\/\/acadiantest.cocompass.com\/#organization","name":"Acadian Genealogy - Historical Acadian-Cajun Resources","url":"https:\/\/acadiantest.cocompass.com\/","logo":{"@type":"ImageObject","inLanguage":"fr-CA","@id":"https:\/\/acadiantest.cocompass.com\/#\/schema\/logo\/image\/","url":"https:\/\/acadiantest.cocompass.com\/wp-content\/uploads\/logo.png","contentUrl":"https:\/\/acadiantest.cocompass.com\/wp-content\/uploads\/logo.png","width":303,"height":125,"caption":"Acadian Genealogy - Historical Acadian-Cajun Resources"},"image":{"@id":"https:\/\/acadiantest.cocompass.com\/#\/schema\/logo\/image\/"}}]}},"_links":{"self":[{"href":"https:\/\/acadiantest.cocompass.com\/fr\/wp-json\/wp\/v2\/pages\/783","targetHints":{"allow":["GET"]}}],"collection":[{"href":"https:\/\/acadiantest.cocompass.com\/fr\/wp-json\/wp\/v2\/pages"}],"about":[{"href":"https:\/\/acadiantest.cocompass.com\/fr\/wp-json\/wp\/v2\/types\/page"}],"author":[{"embeddable":true,"href":"https:\/\/acadiantest.cocompass.com\/fr\/wp-json\/wp\/v2\/users\/2"}],"replies":[{"embeddable":true,"href":"https:\/\/acadiantest.cocompass.com\/fr\/wp-json\/wp\/v2\/comments?post=783"}],"version-history":[{"count":0,"href":"https:\/\/acadiantest.cocompass.com\/fr\/wp-json\/wp\/v2\/pages\/783\/revisions"}],"up":[{"embeddable":true,"href":"https:\/\/acadiantest.cocompass.com\/fr\/wp-json\/wp\/v2\/pages\/750"}],"wp:attachment":[{"href":"https:\/\/acadiantest.cocompass.com\/fr\/wp-json\/wp\/v2\/media?parent=783"}],"curies":[{"name":"wp","href":"https:\/\/api.w.org\/{rel}","templated":true}]}}