{"id":878,"date":"2016-08-26T10:40:17","date_gmt":"2016-08-26T14:40:17","guid":{"rendered":"https:\/\/acadiantest.cocompass.com\/?page_id=878"},"modified":"2018-11-18T22:14:13","modified_gmt":"2018-11-19T03:14:13","slug":"creation-m-r-acadie-display-cmas-colors-summer-2009","status":"publish","type":"page","link":"https:\/\/acadiantest.cocompass.com\/fr\/culture\/acadian-world-congresscongres-mondial-acadien\/2009-acadian-world-congress\/news-releases-cma-2004\/creation-m-r-acadie-display-cmas-colors-summer-2009\/","title":{"rendered":"Cr\u00e9ation M.R.: Acadie display CMA\u2019s Colors during the Summer of 2009"},"content":{"rendered":"<p align=\"left\">April 3, 2008<\/p>\n<p align=\"left\">Cr\u00e9ation M.R. will help Acadie display the Congr\u00e8s mondial acadien\u2019s colors during the summer of 2009<\/p>\n<p>By Carol Doucet<\/p>\n<p>It won\u2019t take all the cousins and visitors long to realize they are in a celebrating area when they get to the P\u00e9ninsule acadienne in August of 2009. Cr\u00e9ation M.R. won the Congr\u00e8s\u2019 bid to be the official supplier of all the event&#8217;s merchandising and they plan on helping the community show their colors.<\/p>\n<p>The hundred or so small and large localities involved will be decorated in the Acadian colors for the summer of 2009. With the collaboration of the Congr\u00e8s mondial acadien team, the merchandise manufacturer will make sure that all the locals can get the best products to decorate their homes and towns. They will also have lots of souvenirs in stock for the visitors can take back home to remember the biggest event ever organized in this region of Northeast New Brunswick.<\/p>\n<p>Based in Tracadie-Sheila on P\u00e9ninsule acadienne, Cr\u00e9ation M.R. has been specializing in Acadian souvenirs, clothes, and other promotional items as well as commercial signage since 1995. The company\u2019s team can now produce all sorts of material on-site in their facility in Tracadie. This technology lets them create and print almost anything from small embroidery on a jacket to huge road signs. These new sewing machines and printers are really impressive!<\/p>\n<p>Cr\u00e9ation M.R. also owns a dozen mobile boutiques that can be brought anywhere they like. Who hasn\u2019t noticed a mobile Boutique acadienne in an event in the Maritimes? They are everywhere! Surprisingly, Cr\u00e9ation M.R. can even print personalized products in a matter of seconds directly in the mobile boutiques. This means that they don\u2019t have to mass-produce items that might not be a popular sell. This process is mostly used for personalized items featuring family names or crests.<\/p>\n<p>At the last Congr\u00e8s mondial acadien in 2004 in Nova Scotia, the Acadian company was the official supplier and distributor of promotional items for the event and actually had mobile boutiques at 61 of the 68 family reunions.<\/p>\n<p>Cr\u00e9ation M.R. was also the exclusive supplier for the 1999 Sommet de la Francophonie in Moncton and Dieppe, the 400th anniversary of Acadie in 2004, the Jeux de l\u2019Acadie in 2006 and numerous others. Some might remember that the company received a lot of attention from the press at the Sommet in 1999 when they presented then French President, Jacques Chirac, with a t-shirt featuring his family name.<\/p>\n<p>The year 2000 marked the beginning of a new era for the company because they were now able to sell items online from their new website. This service increased their potential market and made it easier for Acadians all over the world to easily and quickly get products that showcased their cultural identity.<\/p>\n<p>Cr\u00e9ation MR has 5 trademarks registered with the Canadian Intellectual Property Office. Today, these symbols are recognized as representative of Acadian culture.<\/p>\n<p>More information on Cr\u00e9ation M.R. can be found on their website at <a href=\"http:\/\/www.acadiemr.com\/\" target=\"_blank\" rel=\"noopener\">www.acadiemr.com<\/a>. All information on the Congr\u00e8s mondial acadien is available on<a href=\"http:\/\/www.cma2009.ca\/\" target=\"_blank\" rel=\"noopener\">www.cma2009.ca<\/a>.<\/p>","protected":false},"excerpt":{"rendered":"<p>April 3, 2008 Cr\u00e9ation M.R. will help Acadie display the Congr\u00e8s mondial acadien\u2019s colors during the summer of 2009 By Carol Doucet It won\u2019t take all the cousins and visitors long to realize they are in a celebrating area when they get to the P\u00e9ninsule acadienne in August of 2009. Cr\u00e9ation M.R. won the Congr\u00e8s\u2019 [&hellip;]<\/p>","protected":false},"author":2,"featured_media":0,"parent":863,"menu_order":0,"comment_status":"closed","ping_status":"closed","template":"","meta":{"_crdt_document":"","_themeisle_gutenberg_block_has_review":false,"iawp_total_views":0,"footnotes":""},"class_list":["post-878","page","type-page","status-publish","hentry"],"yoast_head":"<!-- This site is optimized with the Yoast SEO plugin v26.6 - https:\/\/yoast.com\/wordpress\/plugins\/seo\/ -->\n<title>Cr\u00e9ation M.R.: Acadie display CMA\u2019s Colors during the Summer of 2009 - Acadian Genealogy - Historical Acadian-Cajun Resources<\/title>\n<meta name=\"robots\" content=\"noindex, follow, max-snippet:-1, max-image-preview:large, max-video-preview:-1\" \/>\n<meta property=\"og:locale\" content=\"fr_CA\" \/>\n<meta property=\"og:type\" content=\"article\" \/>\n<meta property=\"og:title\" content=\"Cr\u00e9ation M.R.: Acadie display CMA\u2019s Colors during the Summer of 2009 - Acadian Genealogy - Historical Acadian-Cajun Resources\" \/>\n<meta property=\"og:description\" content=\"April 3, 2008 Cr\u00e9ation M.R. will help Acadie display the Congr\u00e8s mondial acadien\u2019s colors during the summer of 2009 By Carol Doucet It won\u2019t take all the cousins and visitors long to realize they are in a celebrating area when they get to the P\u00e9ninsule acadienne in August of 2009. Cr\u00e9ation M.R. won the Congr\u00e8s\u2019 [&hellip;]\" \/>\n<meta property=\"og:url\" content=\"https:\/\/acadiantest.cocompass.com\/fr\/culture\/acadian-world-congresscongres-mondial-acadien\/2009-acadian-world-congress\/news-releases-cma-2004\/creation-m-r-acadie-display-cmas-colors-summer-2009\/\" \/>\n<meta property=\"og:site_name\" content=\"Acadian Genealogy - Historical Acadian-Cajun Resources\" \/>\n<meta property=\"article:modified_time\" content=\"2018-11-19T03:14:13+00:00\" \/>\n<meta name=\"twitter:card\" content=\"summary_large_image\" \/>\n<meta name=\"twitter:label1\" content=\"Estimation du temps de lecture\" \/>\n\t<meta name=\"twitter:data1\" content=\"3 minutes\" \/>\n<script type=\"application\/ld+json\" class=\"yoast-schema-graph\">{\"@context\":\"https:\/\/schema.org\",\"@graph\":[{\"@type\":\"WebPage\",\"@id\":\"https:\/\/acadiantest.cocompass.com\/culture\/acadian-world-congresscongres-mondial-acadien\/2009-acadian-world-congress\/news-releases-cma-2004\/creation-m-r-acadie-display-cmas-colors-summer-2009\/\",\"url\":\"https:\/\/acadiantest.cocompass.com\/culture\/acadian-world-congresscongres-mondial-acadien\/2009-acadian-world-congress\/news-releases-cma-2004\/creation-m-r-acadie-display-cmas-colors-summer-2009\/\",\"name\":\"Cr\u00e9ation M.R.: Acadie display CMA\u2019s Colors during the Summer of 2009 - Acadian Genealogy - Historical Acadian-Cajun Resources\",\"isPartOf\":{\"@id\":\"https:\/\/acadiantest.cocompass.com\/#website\"},\"datePublished\":\"2016-08-26T14:40:17+00:00\",\"dateModified\":\"2018-11-19T03:14:13+00:00\",\"breadcrumb\":{\"@id\":\"https:\/\/acadiantest.cocompass.com\/culture\/acadian-world-congresscongres-mondial-acadien\/2009-acadian-world-congress\/news-releases-cma-2004\/creation-m-r-acadie-display-cmas-colors-summer-2009\/#breadcrumb\"},\"inLanguage\":\"fr-CA\",\"potentialAction\":[{\"@type\":\"ReadAction\",\"target\":[\"https:\/\/acadiantest.cocompass.com\/culture\/acadian-world-congresscongres-mondial-acadien\/2009-acadian-world-congress\/news-releases-cma-2004\/creation-m-r-acadie-display-cmas-colors-summer-2009\/\"]}]},{\"@type\":\"BreadcrumbList\",\"@id\":\"https:\/\/acadiantest.cocompass.com\/culture\/acadian-world-congresscongres-mondial-acadien\/2009-acadian-world-congress\/news-releases-cma-2004\/creation-m-r-acadie-display-cmas-colors-summer-2009\/#breadcrumb\",\"itemListElement\":[{\"@type\":\"ListItem\",\"position\":1,\"name\":\"Accueil\",\"item\":\"https:\/\/acadiantest.cocompass.com\/\"},{\"@type\":\"ListItem\",\"position\":2,\"name\":\"Culture\",\"item\":\"https:\/\/acadiantest.cocompass.com\/culture\/\"},{\"@type\":\"ListItem\",\"position\":3,\"name\":\"Acadian World Congress\/Congr\u00e8s Mondial Acadien\",\"item\":\"https:\/\/acadiantest.cocompass.com\/culture\/acadian-world-congresscongres-mondial-acadien\/\"},{\"@type\":\"ListItem\",\"position\":4,\"name\":\"2009 Acadian World Congress\",\"item\":\"https:\/\/acadiantest.cocompass.com\/culture\/acadian-world-congresscongres-mondial-acadien\/2009-acadian-world-congress\/\"},{\"@type\":\"ListItem\",\"position\":5,\"name\":\"News Releases CMA 2009\",\"item\":\"https:\/\/acadiantest.cocompass.com\/culture\/acadian-world-congresscongres-mondial-acadien\/2009-acadian-world-congress\/news-releases-cma-2004\/\"},{\"@type\":\"ListItem\",\"position\":6,\"name\":\"Cr\u00e9ation M.R.: Acadie display CMA\u2019s Colors during the Summer of 2009\"}]},{\"@type\":\"WebSite\",\"@id\":\"https:\/\/acadiantest.cocompass.com\/#website\",\"url\":\"https:\/\/acadiantest.cocompass.com\/\",\"name\":\"Acadian Genealogy - Historical Acadian-Cajun Resources\",\"description\":\"Learn About Acadians and Cajuns\",\"publisher\":{\"@id\":\"https:\/\/acadiantest.cocompass.com\/#organization\"},\"potentialAction\":[{\"@type\":\"SearchAction\",\"target\":{\"@type\":\"EntryPoint\",\"urlTemplate\":\"https:\/\/acadiantest.cocompass.com\/?s={search_term_string}\"},\"query-input\":{\"@type\":\"PropertyValueSpecification\",\"valueRequired\":true,\"valueName\":\"search_term_string\"}}],\"inLanguage\":\"fr-CA\"},{\"@type\":\"Organization\",\"@id\":\"https:\/\/acadiantest.cocompass.com\/#organization\",\"name\":\"Acadian Genealogy - Historical Acadian-Cajun Resources\",\"url\":\"https:\/\/acadiantest.cocompass.com\/\",\"logo\":{\"@type\":\"ImageObject\",\"inLanguage\":\"fr-CA\",\"@id\":\"https:\/\/acadiantest.cocompass.com\/#\/schema\/logo\/image\/\",\"url\":\"https:\/\/acadiantest.cocompass.com\/wp-content\/uploads\/logo.png\",\"contentUrl\":\"https:\/\/acadiantest.cocompass.com\/wp-content\/uploads\/logo.png\",\"width\":303,\"height\":125,\"caption\":\"Acadian Genealogy - Historical Acadian-Cajun Resources\"},\"image\":{\"@id\":\"https:\/\/acadiantest.cocompass.com\/#\/schema\/logo\/image\/\"}}]}<\/script>\n<!-- \/ Yoast SEO plugin. -->","yoast_head_json":{"title":"Cr\u00e9ation M.R.: Acadie display CMA\u2019s Colors during the Summer of 2009 - Acadian Genealogy - Historical Acadian-Cajun Resources","robots":{"index":"noindex","follow":"follow","max-snippet":"max-snippet:-1","max-image-preview":"max-image-preview:large","max-video-preview":"max-video-preview:-1"},"og_locale":"fr_CA","og_type":"article","og_title":"Cr\u00e9ation M.R.: Acadie display CMA\u2019s Colors during the Summer of 2009 - Acadian Genealogy - Historical Acadian-Cajun Resources","og_description":"April 3, 2008 Cr\u00e9ation M.R. will help Acadie display the Congr\u00e8s mondial acadien\u2019s colors during the summer of 2009 By Carol Doucet It won\u2019t take all the cousins and visitors long to realize they are in a celebrating area when they get to the P\u00e9ninsule acadienne in August of 2009. Cr\u00e9ation M.R. won the Congr\u00e8s\u2019 [&hellip;]","og_url":"https:\/\/acadiantest.cocompass.com\/fr\/culture\/acadian-world-congresscongres-mondial-acadien\/2009-acadian-world-congress\/news-releases-cma-2004\/creation-m-r-acadie-display-cmas-colors-summer-2009\/","og_site_name":"Acadian Genealogy - Historical Acadian-Cajun Resources","article_modified_time":"2018-11-19T03:14:13+00:00","twitter_card":"summary_large_image","twitter_misc":{"Estimation du temps de lecture":"3 minutes"},"schema":{"@context":"https:\/\/schema.org","@graph":[{"@type":"WebPage","@id":"https:\/\/acadiantest.cocompass.com\/culture\/acadian-world-congresscongres-mondial-acadien\/2009-acadian-world-congress\/news-releases-cma-2004\/creation-m-r-acadie-display-cmas-colors-summer-2009\/","url":"https:\/\/acadiantest.cocompass.com\/culture\/acadian-world-congresscongres-mondial-acadien\/2009-acadian-world-congress\/news-releases-cma-2004\/creation-m-r-acadie-display-cmas-colors-summer-2009\/","name":"Cr\u00e9ation M.R.: Acadie display CMA\u2019s Colors during the Summer of 2009 - Acadian Genealogy - Historical Acadian-Cajun Resources","isPartOf":{"@id":"https:\/\/acadiantest.cocompass.com\/#website"},"datePublished":"2016-08-26T14:40:17+00:00","dateModified":"2018-11-19T03:14:13+00:00","breadcrumb":{"@id":"https:\/\/acadiantest.cocompass.com\/culture\/acadian-world-congresscongres-mondial-acadien\/2009-acadian-world-congress\/news-releases-cma-2004\/creation-m-r-acadie-display-cmas-colors-summer-2009\/#breadcrumb"},"inLanguage":"fr-CA","potentialAction":[{"@type":"ReadAction","target":["https:\/\/acadiantest.cocompass.com\/culture\/acadian-world-congresscongres-mondial-acadien\/2009-acadian-world-congress\/news-releases-cma-2004\/creation-m-r-acadie-display-cmas-colors-summer-2009\/"]}]},{"@type":"BreadcrumbList","@id":"https:\/\/acadiantest.cocompass.com\/culture\/acadian-world-congresscongres-mondial-acadien\/2009-acadian-world-congress\/news-releases-cma-2004\/creation-m-r-acadie-display-cmas-colors-summer-2009\/#breadcrumb","itemListElement":[{"@type":"ListItem","position":1,"name":"Accueil","item":"https:\/\/acadiantest.cocompass.com\/"},{"@type":"ListItem","position":2,"name":"Culture","item":"https:\/\/acadiantest.cocompass.com\/culture\/"},{"@type":"ListItem","position":3,"name":"Acadian World Congress\/Congr\u00e8s Mondial Acadien","item":"https:\/\/acadiantest.cocompass.com\/culture\/acadian-world-congresscongres-mondial-acadien\/"},{"@type":"ListItem","position":4,"name":"2009 Acadian World Congress","item":"https:\/\/acadiantest.cocompass.com\/culture\/acadian-world-congresscongres-mondial-acadien\/2009-acadian-world-congress\/"},{"@type":"ListItem","position":5,"name":"News Releases CMA 2009","item":"https:\/\/acadiantest.cocompass.com\/culture\/acadian-world-congresscongres-mondial-acadien\/2009-acadian-world-congress\/news-releases-cma-2004\/"},{"@type":"ListItem","position":6,"name":"Cr\u00e9ation M.R.: Acadie display CMA\u2019s Colors during the Summer of 2009"}]},{"@type":"WebSite","@id":"https:\/\/acadiantest.cocompass.com\/#website","url":"https:\/\/acadiantest.cocompass.com\/","name":"Acadian Genealogy - Historical Acadian-Cajun Resources","description":"Learn About Acadians and Cajuns","publisher":{"@id":"https:\/\/acadiantest.cocompass.com\/#organization"},"potentialAction":[{"@type":"SearchAction","target":{"@type":"EntryPoint","urlTemplate":"https:\/\/acadiantest.cocompass.com\/?s={search_term_string}"},"query-input":{"@type":"PropertyValueSpecification","valueRequired":true,"valueName":"search_term_string"}}],"inLanguage":"fr-CA"},{"@type":"Organization","@id":"https:\/\/acadiantest.cocompass.com\/#organization","name":"Acadian Genealogy - Historical Acadian-Cajun Resources","url":"https:\/\/acadiantest.cocompass.com\/","logo":{"@type":"ImageObject","inLanguage":"fr-CA","@id":"https:\/\/acadiantest.cocompass.com\/#\/schema\/logo\/image\/","url":"https:\/\/acadiantest.cocompass.com\/wp-content\/uploads\/logo.png","contentUrl":"https:\/\/acadiantest.cocompass.com\/wp-content\/uploads\/logo.png","width":303,"height":125,"caption":"Acadian Genealogy - Historical Acadian-Cajun Resources"},"image":{"@id":"https:\/\/acadiantest.cocompass.com\/#\/schema\/logo\/image\/"}}]}},"_links":{"self":[{"href":"https:\/\/acadiantest.cocompass.com\/fr\/wp-json\/wp\/v2\/pages\/878","targetHints":{"allow":["GET"]}}],"collection":[{"href":"https:\/\/acadiantest.cocompass.com\/fr\/wp-json\/wp\/v2\/pages"}],"about":[{"href":"https:\/\/acadiantest.cocompass.com\/fr\/wp-json\/wp\/v2\/types\/page"}],"author":[{"embeddable":true,"href":"https:\/\/acadiantest.cocompass.com\/fr\/wp-json\/wp\/v2\/users\/2"}],"replies":[{"embeddable":true,"href":"https:\/\/acadiantest.cocompass.com\/fr\/wp-json\/wp\/v2\/comments?post=878"}],"version-history":[{"count":0,"href":"https:\/\/acadiantest.cocompass.com\/fr\/wp-json\/wp\/v2\/pages\/878\/revisions"}],"up":[{"embeddable":true,"href":"https:\/\/acadiantest.cocompass.com\/fr\/wp-json\/wp\/v2\/pages\/863"}],"wp:attachment":[{"href":"https:\/\/acadiantest.cocompass.com\/fr\/wp-json\/wp\/v2\/media?parent=878"}],"curies":[{"name":"wp","href":"https:\/\/api.w.org\/{rel}","templated":true}]}}