{"id":883,"date":"2016-08-26T10:43:46","date_gmt":"2016-08-26T14:43:46","guid":{"rendered":"https:\/\/acadiantest.cocompass.com\/?page_id=883"},"modified":"2018-11-18T22:16:24","modified_gmt":"2018-11-19T03:16:24","slug":"community-driven-programming-heart-2009-congres-mondial-acadien","status":"publish","type":"page","link":"https:\/\/acadiantest.cocompass.com\/fr\/culture\/acadian-world-congresscongres-mondial-acadien\/2004-acadian-world-congress\/news-releases-cma-2004\/community-driven-programming-heart-2009-congres-mondial-acadien\/","title":{"rendered":"Community-driven programming is at the heart of the 2009 Congr\u00e8s mondial acadien"},"content":{"rendered":"<p align=\"left\">February 13, 2008<\/p>\n<p align=\"center\">By Carol Doucet<\/p>\n<p>The upcoming Congr\u00e8s mondial acadien being held August 7 to 23, 2009 will span throughout the Acadian Peninsula. In this northeastern New Brunswick area there are over 100 LSDs (Local Service Districts), villages and cities, most of which will have something to offer to the visitors and locals during the summer of 2009!<\/p>\n<p>Some localities have joined their neighbors to get their programming under way. As of now, there are sixty (solo or combination) localities that have registered activities in the community programming. The Peninsular territory is perfect for this big event because of the short distance separating the extremities of the area. To get from Neguac, the most southern point, to the northwestern limit of Miscou or the northern peak of Grande-Anse takes a maximum of 90 minutes! This also means that when you are in Pokemouche, the center of the P\u00e9ninsule, you only have to drive forty-five minutes to get to the farthest village.<\/p>\n<p>The Congr\u00e8s mondial acadien will be a unique opportunity for the people of the Acadian Peninsula to promote who they are, what they do and the great places they live. This promotion will not only be focused on the visitors but also residents themselves who, even if they have lived there all their lives, might not know all the treasures the region has to offer.<\/p>\n<p>Director of Programming, Jocelyne Th\u00e9riault, has been working with every community in the P\u00e9ninsule to build a diverse and representative community-driven program. \u201cIn the Acadian Peninsula we are known for our legendary and unique hospitality and visitors always feel welcome anywhere they go. Those coming to the 2009 CMA will discover a variety of activities and places, big and small, that make these communities proud. Often, tourists don\u2019t go passed the well-know urban areas and forget to even take look at the smaller towns and villages close by. The CMA will be a stepping-stone for these less-known localities.\u201d She explains.<\/p>\n<p>Whether it\u2019s an exhibit on the forced landing of a Russian plane in Miscou, lobster diners in Pigeon Hill, clam pie in Saint-Simon, eels in \u00c9vangeline, going out on the water with fishermen in Anse-Bleue, cruises on the river in Tracadie-Sheila or an exhibit on the first settlers of Val-Comeau, the activities are extremely varied. Other examples include the Village of Great Food in Lam\u00e8que, an Hermenegilde Chiasson art exhibit in his hometown of St-Simon, ATV and horse-drawn carriage rides in St-L\u00e9olin, a presentation of historic documents in Bois-Blanc, birdwatching in Maisonette, Bertrand and Bas-Caraquet, a m\u00e9choui (pig roast) in Saint-Sauveur, canoeing down the river in Burnsville, Acadian food tastings in Tracadie-Sheila and in Port-Lafrance, a kitchen party with the raconteur Dominique Breau in St-Isidor, boat tours and seal watching in Tabusintac-Covedell, outdoor activities in Canton des Basque and Saumarez, and songwriter\/talent nights in Shippagan\u2026<\/p>\n<p>On top of this amazing community programming, participants will also be able to attend events that cover the entire Peninsula (art exhibits, nature walks, bike rides, sports, school projects, radio, music, film, etc.), shows, family reunions, Espace 2009, workshops and conferences, the Grand rassemblement jeunesse (Youth forum), the Women\u2019s Summit, Business Routes, etc.<\/p>\n<p>To reach Jocelyne Th\u00e9riault, Program Director, call 506.336.2009 or 1.866.370.2009, email <a href=\"mailto:jocelyne.theriault@cma2009.ca\">jocelyne.theriault@cma2009.ca<\/a> More details are available at<a href=\"http:\/\/www.cma2009.ca\/\" target=\"_blank\" rel=\"noopener\">www.cma2009.ca<\/a><\/p>","protected":false},"excerpt":{"rendered":"<p>February 13, 2008 By Carol Doucet The upcoming Congr\u00e8s mondial acadien being held August 7 to 23, 2009 will span throughout the Acadian Peninsula. In this northeastern New Brunswick area there are over 100 LSDs (Local Service Districts), villages and cities, most of which will have something to offer to the visitors and locals during [&hellip;]<\/p>","protected":false},"author":2,"featured_media":0,"parent":754,"menu_order":0,"comment_status":"closed","ping_status":"closed","template":"","meta":{"_crdt_document":"","_themeisle_gutenberg_block_has_review":false,"iawp_total_views":0,"footnotes":""},"class_list":["post-883","page","type-page","status-publish","hentry"],"yoast_head":"<!-- This site is optimized with the Yoast SEO plugin v26.6 - https:\/\/yoast.com\/wordpress\/plugins\/seo\/ -->\n<title>Community-driven programming is at the heart of the 2009 Congr\u00e8s mondial acadien - Acadian Genealogy - Historical Acadian-Cajun Resources<\/title>\n<meta name=\"robots\" content=\"noindex, follow, max-snippet:-1, max-image-preview:large, max-video-preview:-1\" \/>\n<meta property=\"og:locale\" content=\"fr_CA\" \/>\n<meta property=\"og:type\" content=\"article\" \/>\n<meta property=\"og:title\" content=\"Community-driven programming is at the heart of the 2009 Congr\u00e8s mondial acadien - Acadian Genealogy - Historical Acadian-Cajun Resources\" \/>\n<meta property=\"og:description\" content=\"February 13, 2008 By Carol Doucet The upcoming Congr\u00e8s mondial acadien being held August 7 to 23, 2009 will span throughout the Acadian Peninsula. In this northeastern New Brunswick area there are over 100 LSDs (Local Service Districts), villages and cities, most of which will have something to offer to the visitors and locals during [&hellip;]\" \/>\n<meta property=\"og:url\" content=\"https:\/\/acadiantest.cocompass.com\/fr\/culture\/acadian-world-congresscongres-mondial-acadien\/2004-acadian-world-congress\/news-releases-cma-2004\/community-driven-programming-heart-2009-congres-mondial-acadien\/\" \/>\n<meta property=\"og:site_name\" content=\"Acadian Genealogy - Historical Acadian-Cajun Resources\" \/>\n<meta property=\"article:modified_time\" content=\"2018-11-19T03:16:24+00:00\" \/>\n<meta name=\"twitter:card\" content=\"summary_large_image\" \/>\n<meta name=\"twitter:label1\" content=\"Estimation du temps de lecture\" \/>\n\t<meta name=\"twitter:data1\" content=\"3 minutes\" \/>\n<script type=\"application\/ld+json\" class=\"yoast-schema-graph\">{\"@context\":\"https:\/\/schema.org\",\"@graph\":[{\"@type\":\"WebPage\",\"@id\":\"https:\/\/acadiantest.cocompass.com\/culture\/acadian-world-congresscongres-mondial-acadien\/2004-acadian-world-congress\/news-releases-cma-2004\/community-driven-programming-heart-2009-congres-mondial-acadien\/\",\"url\":\"https:\/\/acadiantest.cocompass.com\/culture\/acadian-world-congresscongres-mondial-acadien\/2004-acadian-world-congress\/news-releases-cma-2004\/community-driven-programming-heart-2009-congres-mondial-acadien\/\",\"name\":\"Community-driven programming is at the heart of the 2009 Congr\u00e8s mondial acadien - Acadian Genealogy - Historical Acadian-Cajun Resources\",\"isPartOf\":{\"@id\":\"https:\/\/acadiantest.cocompass.com\/#website\"},\"datePublished\":\"2016-08-26T14:43:46+00:00\",\"dateModified\":\"2018-11-19T03:16:24+00:00\",\"breadcrumb\":{\"@id\":\"https:\/\/acadiantest.cocompass.com\/culture\/acadian-world-congresscongres-mondial-acadien\/2004-acadian-world-congress\/news-releases-cma-2004\/community-driven-programming-heart-2009-congres-mondial-acadien\/#breadcrumb\"},\"inLanguage\":\"fr-CA\",\"potentialAction\":[{\"@type\":\"ReadAction\",\"target\":[\"https:\/\/acadiantest.cocompass.com\/culture\/acadian-world-congresscongres-mondial-acadien\/2004-acadian-world-congress\/news-releases-cma-2004\/community-driven-programming-heart-2009-congres-mondial-acadien\/\"]}]},{\"@type\":\"BreadcrumbList\",\"@id\":\"https:\/\/acadiantest.cocompass.com\/culture\/acadian-world-congresscongres-mondial-acadien\/2004-acadian-world-congress\/news-releases-cma-2004\/community-driven-programming-heart-2009-congres-mondial-acadien\/#breadcrumb\",\"itemListElement\":[{\"@type\":\"ListItem\",\"position\":1,\"name\":\"Accueil\",\"item\":\"https:\/\/acadiantest.cocompass.com\/\"},{\"@type\":\"ListItem\",\"position\":2,\"name\":\"Culture\",\"item\":\"https:\/\/acadiantest.cocompass.com\/culture\/\"},{\"@type\":\"ListItem\",\"position\":3,\"name\":\"Acadian World Congress\/Congr\u00e8s Mondial Acadien\",\"item\":\"https:\/\/acadiantest.cocompass.com\/culture\/acadian-world-congresscongres-mondial-acadien\/\"},{\"@type\":\"ListItem\",\"position\":4,\"name\":\"2004 Acadian World Congress\",\"item\":\"https:\/\/acadiantest.cocompass.com\/culture\/acadian-world-congresscongres-mondial-acadien\/2004-acadian-world-congress\/\"},{\"@type\":\"ListItem\",\"position\":5,\"name\":\"News Releases CMA 2004\",\"item\":\"https:\/\/acadiantest.cocompass.com\/culture\/acadian-world-congresscongres-mondial-acadien\/2004-acadian-world-congress\/news-releases-cma-2004\/\"},{\"@type\":\"ListItem\",\"position\":6,\"name\":\"Community-driven programming is at the heart of the 2009 Congr\u00e8s mondial acadien\"}]},{\"@type\":\"WebSite\",\"@id\":\"https:\/\/acadiantest.cocompass.com\/#website\",\"url\":\"https:\/\/acadiantest.cocompass.com\/\",\"name\":\"Acadian Genealogy - Historical Acadian-Cajun Resources\",\"description\":\"Learn About Acadians and Cajuns\",\"publisher\":{\"@id\":\"https:\/\/acadiantest.cocompass.com\/#organization\"},\"potentialAction\":[{\"@type\":\"SearchAction\",\"target\":{\"@type\":\"EntryPoint\",\"urlTemplate\":\"https:\/\/acadiantest.cocompass.com\/?s={search_term_string}\"},\"query-input\":{\"@type\":\"PropertyValueSpecification\",\"valueRequired\":true,\"valueName\":\"search_term_string\"}}],\"inLanguage\":\"fr-CA\"},{\"@type\":\"Organization\",\"@id\":\"https:\/\/acadiantest.cocompass.com\/#organization\",\"name\":\"Acadian Genealogy - Historical Acadian-Cajun Resources\",\"url\":\"https:\/\/acadiantest.cocompass.com\/\",\"logo\":{\"@type\":\"ImageObject\",\"inLanguage\":\"fr-CA\",\"@id\":\"https:\/\/acadiantest.cocompass.com\/#\/schema\/logo\/image\/\",\"url\":\"https:\/\/acadiantest.cocompass.com\/wp-content\/uploads\/logo.png\",\"contentUrl\":\"https:\/\/acadiantest.cocompass.com\/wp-content\/uploads\/logo.png\",\"width\":303,\"height\":125,\"caption\":\"Acadian Genealogy - Historical Acadian-Cajun Resources\"},\"image\":{\"@id\":\"https:\/\/acadiantest.cocompass.com\/#\/schema\/logo\/image\/\"}}]}<\/script>\n<!-- \/ Yoast SEO plugin. -->","yoast_head_json":{"title":"Community-driven programming is at the heart of the 2009 Congr\u00e8s mondial acadien - Acadian Genealogy - Historical Acadian-Cajun Resources","robots":{"index":"noindex","follow":"follow","max-snippet":"max-snippet:-1","max-image-preview":"max-image-preview:large","max-video-preview":"max-video-preview:-1"},"og_locale":"fr_CA","og_type":"article","og_title":"Community-driven programming is at the heart of the 2009 Congr\u00e8s mondial acadien - Acadian Genealogy - Historical Acadian-Cajun Resources","og_description":"February 13, 2008 By Carol Doucet The upcoming Congr\u00e8s mondial acadien being held August 7 to 23, 2009 will span throughout the Acadian Peninsula. In this northeastern New Brunswick area there are over 100 LSDs (Local Service Districts), villages and cities, most of which will have something to offer to the visitors and locals during [&hellip;]","og_url":"https:\/\/acadiantest.cocompass.com\/fr\/culture\/acadian-world-congresscongres-mondial-acadien\/2004-acadian-world-congress\/news-releases-cma-2004\/community-driven-programming-heart-2009-congres-mondial-acadien\/","og_site_name":"Acadian Genealogy - Historical Acadian-Cajun Resources","article_modified_time":"2018-11-19T03:16:24+00:00","twitter_card":"summary_large_image","twitter_misc":{"Estimation du temps de lecture":"3 minutes"},"schema":{"@context":"https:\/\/schema.org","@graph":[{"@type":"WebPage","@id":"https:\/\/acadiantest.cocompass.com\/culture\/acadian-world-congresscongres-mondial-acadien\/2004-acadian-world-congress\/news-releases-cma-2004\/community-driven-programming-heart-2009-congres-mondial-acadien\/","url":"https:\/\/acadiantest.cocompass.com\/culture\/acadian-world-congresscongres-mondial-acadien\/2004-acadian-world-congress\/news-releases-cma-2004\/community-driven-programming-heart-2009-congres-mondial-acadien\/","name":"Community-driven programming is at the heart of the 2009 Congr\u00e8s mondial acadien - Acadian Genealogy - Historical Acadian-Cajun Resources","isPartOf":{"@id":"https:\/\/acadiantest.cocompass.com\/#website"},"datePublished":"2016-08-26T14:43:46+00:00","dateModified":"2018-11-19T03:16:24+00:00","breadcrumb":{"@id":"https:\/\/acadiantest.cocompass.com\/culture\/acadian-world-congresscongres-mondial-acadien\/2004-acadian-world-congress\/news-releases-cma-2004\/community-driven-programming-heart-2009-congres-mondial-acadien\/#breadcrumb"},"inLanguage":"fr-CA","potentialAction":[{"@type":"ReadAction","target":["https:\/\/acadiantest.cocompass.com\/culture\/acadian-world-congresscongres-mondial-acadien\/2004-acadian-world-congress\/news-releases-cma-2004\/community-driven-programming-heart-2009-congres-mondial-acadien\/"]}]},{"@type":"BreadcrumbList","@id":"https:\/\/acadiantest.cocompass.com\/culture\/acadian-world-congresscongres-mondial-acadien\/2004-acadian-world-congress\/news-releases-cma-2004\/community-driven-programming-heart-2009-congres-mondial-acadien\/#breadcrumb","itemListElement":[{"@type":"ListItem","position":1,"name":"Accueil","item":"https:\/\/acadiantest.cocompass.com\/"},{"@type":"ListItem","position":2,"name":"Culture","item":"https:\/\/acadiantest.cocompass.com\/culture\/"},{"@type":"ListItem","position":3,"name":"Acadian World Congress\/Congr\u00e8s Mondial Acadien","item":"https:\/\/acadiantest.cocompass.com\/culture\/acadian-world-congresscongres-mondial-acadien\/"},{"@type":"ListItem","position":4,"name":"2004 Acadian World Congress","item":"https:\/\/acadiantest.cocompass.com\/culture\/acadian-world-congresscongres-mondial-acadien\/2004-acadian-world-congress\/"},{"@type":"ListItem","position":5,"name":"News Releases CMA 2004","item":"https:\/\/acadiantest.cocompass.com\/culture\/acadian-world-congresscongres-mondial-acadien\/2004-acadian-world-congress\/news-releases-cma-2004\/"},{"@type":"ListItem","position":6,"name":"Community-driven programming is at the heart of the 2009 Congr\u00e8s mondial acadien"}]},{"@type":"WebSite","@id":"https:\/\/acadiantest.cocompass.com\/#website","url":"https:\/\/acadiantest.cocompass.com\/","name":"Acadian Genealogy - Historical Acadian-Cajun Resources","description":"Learn About Acadians and Cajuns","publisher":{"@id":"https:\/\/acadiantest.cocompass.com\/#organization"},"potentialAction":[{"@type":"SearchAction","target":{"@type":"EntryPoint","urlTemplate":"https:\/\/acadiantest.cocompass.com\/?s={search_term_string}"},"query-input":{"@type":"PropertyValueSpecification","valueRequired":true,"valueName":"search_term_string"}}],"inLanguage":"fr-CA"},{"@type":"Organization","@id":"https:\/\/acadiantest.cocompass.com\/#organization","name":"Acadian Genealogy - Historical Acadian-Cajun Resources","url":"https:\/\/acadiantest.cocompass.com\/","logo":{"@type":"ImageObject","inLanguage":"fr-CA","@id":"https:\/\/acadiantest.cocompass.com\/#\/schema\/logo\/image\/","url":"https:\/\/acadiantest.cocompass.com\/wp-content\/uploads\/logo.png","contentUrl":"https:\/\/acadiantest.cocompass.com\/wp-content\/uploads\/logo.png","width":303,"height":125,"caption":"Acadian Genealogy - Historical Acadian-Cajun Resources"},"image":{"@id":"https:\/\/acadiantest.cocompass.com\/#\/schema\/logo\/image\/"}}]}},"_links":{"self":[{"href":"https:\/\/acadiantest.cocompass.com\/fr\/wp-json\/wp\/v2\/pages\/883","targetHints":{"allow":["GET"]}}],"collection":[{"href":"https:\/\/acadiantest.cocompass.com\/fr\/wp-json\/wp\/v2\/pages"}],"about":[{"href":"https:\/\/acadiantest.cocompass.com\/fr\/wp-json\/wp\/v2\/types\/page"}],"author":[{"embeddable":true,"href":"https:\/\/acadiantest.cocompass.com\/fr\/wp-json\/wp\/v2\/users\/2"}],"replies":[{"embeddable":true,"href":"https:\/\/acadiantest.cocompass.com\/fr\/wp-json\/wp\/v2\/comments?post=883"}],"version-history":[{"count":0,"href":"https:\/\/acadiantest.cocompass.com\/fr\/wp-json\/wp\/v2\/pages\/883\/revisions"}],"up":[{"embeddable":true,"href":"https:\/\/acadiantest.cocompass.com\/fr\/wp-json\/wp\/v2\/pages\/754"}],"wp:attachment":[{"href":"https:\/\/acadiantest.cocompass.com\/fr\/wp-json\/wp\/v2\/media?parent=883"}],"curies":[{"name":"wp","href":"https:\/\/api.w.org\/{rel}","templated":true}]}}