{"id":885,"date":"2016-08-26T10:45:14","date_gmt":"2016-08-26T14:45:14","guid":{"rendered":"https:\/\/acadiantest.cocompass.com\/?page_id=885"},"modified":"2018-11-18T22:17:42","modified_gmt":"2018-11-19T03:17:42","slug":"families-invited-2009-congres-mondial-acadien-family-registered","status":"publish","type":"page","link":"https:\/\/acadiantest.cocompass.com\/fr\/culture\/acadian-world-congresscongres-mondial-acadien\/2009-acadian-world-congress\/news-releases-cma-2004\/families-invited-2009-congres-mondial-acadien-family-registered\/","title":{"rendered":"All families invited to 2009 Congr\u00e8s mondial acadien!! Is your family registered?"},"content":{"rendered":"<p align=\"left\">February 7, 2008<\/p>\n<p align=\"center\">Not just for families with Acadian roots! The Congr\u00e8s mondial acadien family reunions are for all families interested in Acadie.<\/p>\n<p align=\"center\">By CAROL DOUCET<\/p>\n<p>Numerous families are planning to get together during the next Congr\u00e8s mondial acadien (World Acadian Congress) set for August 7 to 23, 2009 in New Brunswick\u2019s Acadian Peninsula. Some Acadian families will not only be hosting their own members but will also welcome families interested in Acadie.<\/p>\n<p>As of today, more than sixty families have officially registered for the event and twenty more are expected to do so in the coming months. Themed \u201cThey\u2019re Here!\u201d these reunions will be celebrated on different dates and in different locations throughout the P\u00e9ninsule Acadienne.<\/p>\n<p>A 2009 Congr\u00e8s mondial acadien (CMA) Guide to Family Reunions has been produced to help support the people responsible for planning and implementing of the reunions. The CMA website (www.cma2009.ca) is the place to get all relevant information such as the list of registered families (dates and locations included), non-registered families, the planning guide, the schedule of reunions, meeting summaries, tips for organizing your family reunion as well as e-postcards for registered families that can be sent anywhere in the world to invite your relatives.<\/p>\n<p>Two lists of family names are available on the website. The first list is composed of 18th century families and the second of popular P\u00e9ninsule family names that weren\u2019t on the initial 18th century list. Please note that the Congr\u00e8s mondial acadien family reunions do not exclude non-Acadian families but are rather inclusive of all families interested in Acadie.<br \/>\nRegistered Families<\/p>\n<p>Numerous families are already registered and have decided on their dates and locations : Arseneau-Arseneault-Arseneaux-Arsenault, Babineau &amp; Granger , Basque-Bastarache-Bastrash, Belliveau, Blanchard, Boudreau, Bourgeois, Bourque, Breau-Breault-Breaux, Chevarie, Chiasson, David, Doiron, Dozois, Dugas, Duguay, Elward, Ferron, Finn, Forest, Frigault, Gautreau, Gauvin, Gionet, Girouard-Giroir-Gerrior, Godin, Guedry-Labine-Petitpas, Hach\u00e9 &amp; Gallant, Landry, Lanteigne, L\u00e9ger &amp; Trahan, Losier-Lausier-Lauzier-Lozier, Maillet, Mallet, Martin, Mazerolle, Morais, No\u00ebl, Paulin-Poulin, Pinet-Pinette, Plourde, Power, Prince, Richard, Rioux, Robichaud, Saindon-Sindon, Saulnier-Sonier, Savoie, Th\u00e9riault and Thibodeau.<\/p>\n<p>Other families have shown an interest to meet but have yet to create an organizing team. This is the case for the Allain, Babin, Barriault, Boucher, Butler, Cormier, Daigle, Dupuis, Gagnon, H\u00e9bert, Larocque, Lebreton, Lumbsdun, MacLaughlin, Roussel and Roy families. While the purpose is not to exclude any families, the CMA team is actively looking for information on some specific families. Therefore, they are calling for people who would be interested in organizing the following reunions: Albert, Benoit, Bordage, Brideau, Brun, Caissie, Cl\u00e9ment, Collette, Comeau, Dignard-Guignard, Doiron, Doucet, Gaudet, Gosselin, Jean, Kenny, Leblanc, Lebouthillier, McGraw, Melanson, Pallot, Pellerin, Poirier, St-Pierre, Surette, Vautour and Ward.<\/p>\n<p>These reunions can be simple one-day events or elaborate two or three day extravaganzas. It\u2019s up to you to decide what best suits your family. Lots of families still haven\u2019t started getting organized and to increase the participation of more families, there is no deadline to register. We are constantly recruiting and want all to know that everyone is welcome. If a family wants to be matched with another that\u2019s no problem! Any form of alliance is accepted and do-able!<\/p>\n<p>Interested individuals looking for more information are invited to communicate with Lisette Cormier No\u00ebl at (506) 336-2099, 1-866-370-2009 or by email at\u00a0<a href=\"mailto:lisette.cormier-noel@cma2009.ca\">lisette.cormier-noel@cma2009.ca<\/a><\/p>","protected":false},"excerpt":{"rendered":"<p>February 7, 2008 Not just for families with Acadian roots! The Congr\u00e8s mondial acadien family reunions are for all families interested in Acadie. By CAROL DOUCET Numerous families are planning to get together during the next Congr\u00e8s mondial acadien (World Acadian Congress) set for August 7 to 23, 2009 in New Brunswick\u2019s Acadian Peninsula. Some [&hellip;]<\/p>","protected":false},"author":2,"featured_media":0,"parent":863,"menu_order":0,"comment_status":"closed","ping_status":"closed","template":"","meta":{"_crdt_document":"","_themeisle_gutenberg_block_has_review":false,"iawp_total_views":0,"footnotes":""},"class_list":["post-885","page","type-page","status-publish","hentry"],"yoast_head":"<!-- This site is optimized with the Yoast SEO plugin v26.6 - https:\/\/yoast.com\/wordpress\/plugins\/seo\/ -->\n<title>All families invited to 2009 Congr\u00e8s mondial acadien!! Is your family registered? - Acadian Genealogy - Historical Acadian-Cajun Resources<\/title>\n<meta name=\"robots\" content=\"noindex, follow, max-snippet:-1, max-image-preview:large, max-video-preview:-1\" \/>\n<meta property=\"og:locale\" content=\"fr_CA\" \/>\n<meta property=\"og:type\" content=\"article\" \/>\n<meta property=\"og:title\" content=\"All families invited to 2009 Congr\u00e8s mondial acadien!! Is your family registered? - Acadian Genealogy - Historical Acadian-Cajun Resources\" \/>\n<meta property=\"og:description\" content=\"February 7, 2008 Not just for families with Acadian roots! The Congr\u00e8s mondial acadien family reunions are for all families interested in Acadie. By CAROL DOUCET Numerous families are planning to get together during the next Congr\u00e8s mondial acadien (World Acadian Congress) set for August 7 to 23, 2009 in New Brunswick\u2019s Acadian Peninsula. Some [&hellip;]\" \/>\n<meta property=\"og:url\" content=\"https:\/\/acadiantest.cocompass.com\/fr\/culture\/acadian-world-congresscongres-mondial-acadien\/2009-acadian-world-congress\/news-releases-cma-2004\/families-invited-2009-congres-mondial-acadien-family-registered\/\" \/>\n<meta property=\"og:site_name\" content=\"Acadian Genealogy - Historical Acadian-Cajun Resources\" \/>\n<meta property=\"article:modified_time\" content=\"2018-11-19T03:17:42+00:00\" \/>\n<meta name=\"twitter:card\" content=\"summary_large_image\" \/>\n<meta name=\"twitter:label1\" content=\"Estimation du temps de lecture\" \/>\n\t<meta name=\"twitter:data1\" content=\"3 minutes\" \/>\n<script type=\"application\/ld+json\" class=\"yoast-schema-graph\">{\"@context\":\"https:\/\/schema.org\",\"@graph\":[{\"@type\":\"WebPage\",\"@id\":\"https:\/\/acadiantest.cocompass.com\/culture\/acadian-world-congresscongres-mondial-acadien\/2009-acadian-world-congress\/news-releases-cma-2004\/families-invited-2009-congres-mondial-acadien-family-registered\/\",\"url\":\"https:\/\/acadiantest.cocompass.com\/culture\/acadian-world-congresscongres-mondial-acadien\/2009-acadian-world-congress\/news-releases-cma-2004\/families-invited-2009-congres-mondial-acadien-family-registered\/\",\"name\":\"All families invited to 2009 Congr\u00e8s mondial acadien!! Is your family registered? - Acadian Genealogy - Historical Acadian-Cajun Resources\",\"isPartOf\":{\"@id\":\"https:\/\/acadiantest.cocompass.com\/#website\"},\"datePublished\":\"2016-08-26T14:45:14+00:00\",\"dateModified\":\"2018-11-19T03:17:42+00:00\",\"breadcrumb\":{\"@id\":\"https:\/\/acadiantest.cocompass.com\/culture\/acadian-world-congresscongres-mondial-acadien\/2009-acadian-world-congress\/news-releases-cma-2004\/families-invited-2009-congres-mondial-acadien-family-registered\/#breadcrumb\"},\"inLanguage\":\"fr-CA\",\"potentialAction\":[{\"@type\":\"ReadAction\",\"target\":[\"https:\/\/acadiantest.cocompass.com\/culture\/acadian-world-congresscongres-mondial-acadien\/2009-acadian-world-congress\/news-releases-cma-2004\/families-invited-2009-congres-mondial-acadien-family-registered\/\"]}]},{\"@type\":\"BreadcrumbList\",\"@id\":\"https:\/\/acadiantest.cocompass.com\/culture\/acadian-world-congresscongres-mondial-acadien\/2009-acadian-world-congress\/news-releases-cma-2004\/families-invited-2009-congres-mondial-acadien-family-registered\/#breadcrumb\",\"itemListElement\":[{\"@type\":\"ListItem\",\"position\":1,\"name\":\"Accueil\",\"item\":\"https:\/\/acadiantest.cocompass.com\/\"},{\"@type\":\"ListItem\",\"position\":2,\"name\":\"Culture\",\"item\":\"https:\/\/acadiantest.cocompass.com\/culture\/\"},{\"@type\":\"ListItem\",\"position\":3,\"name\":\"Acadian World Congress\/Congr\u00e8s Mondial Acadien\",\"item\":\"https:\/\/acadiantest.cocompass.com\/culture\/acadian-world-congresscongres-mondial-acadien\/\"},{\"@type\":\"ListItem\",\"position\":4,\"name\":\"2009 Acadian World Congress\",\"item\":\"https:\/\/acadiantest.cocompass.com\/culture\/acadian-world-congresscongres-mondial-acadien\/2009-acadian-world-congress\/\"},{\"@type\":\"ListItem\",\"position\":5,\"name\":\"News Releases CMA 2009\",\"item\":\"https:\/\/acadiantest.cocompass.com\/culture\/acadian-world-congresscongres-mondial-acadien\/2009-acadian-world-congress\/news-releases-cma-2004\/\"},{\"@type\":\"ListItem\",\"position\":6,\"name\":\"All families invited to 2009 Congr\u00e8s mondial acadien!! Is your family registered?\"}]},{\"@type\":\"WebSite\",\"@id\":\"https:\/\/acadiantest.cocompass.com\/#website\",\"url\":\"https:\/\/acadiantest.cocompass.com\/\",\"name\":\"Acadian Genealogy - Historical Acadian-Cajun Resources\",\"description\":\"Learn About Acadians and Cajuns\",\"publisher\":{\"@id\":\"https:\/\/acadiantest.cocompass.com\/#organization\"},\"potentialAction\":[{\"@type\":\"SearchAction\",\"target\":{\"@type\":\"EntryPoint\",\"urlTemplate\":\"https:\/\/acadiantest.cocompass.com\/?s={search_term_string}\"},\"query-input\":{\"@type\":\"PropertyValueSpecification\",\"valueRequired\":true,\"valueName\":\"search_term_string\"}}],\"inLanguage\":\"fr-CA\"},{\"@type\":\"Organization\",\"@id\":\"https:\/\/acadiantest.cocompass.com\/#organization\",\"name\":\"Acadian Genealogy - Historical Acadian-Cajun Resources\",\"url\":\"https:\/\/acadiantest.cocompass.com\/\",\"logo\":{\"@type\":\"ImageObject\",\"inLanguage\":\"fr-CA\",\"@id\":\"https:\/\/acadiantest.cocompass.com\/#\/schema\/logo\/image\/\",\"url\":\"https:\/\/acadiantest.cocompass.com\/wp-content\/uploads\/logo.png\",\"contentUrl\":\"https:\/\/acadiantest.cocompass.com\/wp-content\/uploads\/logo.png\",\"width\":303,\"height\":125,\"caption\":\"Acadian Genealogy - Historical Acadian-Cajun Resources\"},\"image\":{\"@id\":\"https:\/\/acadiantest.cocompass.com\/#\/schema\/logo\/image\/\"}}]}<\/script>\n<!-- \/ Yoast SEO plugin. -->","yoast_head_json":{"title":"All families invited to 2009 Congr\u00e8s mondial acadien!! Is your family registered? - Acadian Genealogy - Historical Acadian-Cajun Resources","robots":{"index":"noindex","follow":"follow","max-snippet":"max-snippet:-1","max-image-preview":"max-image-preview:large","max-video-preview":"max-video-preview:-1"},"og_locale":"fr_CA","og_type":"article","og_title":"All families invited to 2009 Congr\u00e8s mondial acadien!! Is your family registered? - Acadian Genealogy - Historical Acadian-Cajun Resources","og_description":"February 7, 2008 Not just for families with Acadian roots! The Congr\u00e8s mondial acadien family reunions are for all families interested in Acadie. By CAROL DOUCET Numerous families are planning to get together during the next Congr\u00e8s mondial acadien (World Acadian Congress) set for August 7 to 23, 2009 in New Brunswick\u2019s Acadian Peninsula. Some [&hellip;]","og_url":"https:\/\/acadiantest.cocompass.com\/fr\/culture\/acadian-world-congresscongres-mondial-acadien\/2009-acadian-world-congress\/news-releases-cma-2004\/families-invited-2009-congres-mondial-acadien-family-registered\/","og_site_name":"Acadian Genealogy - Historical Acadian-Cajun Resources","article_modified_time":"2018-11-19T03:17:42+00:00","twitter_card":"summary_large_image","twitter_misc":{"Estimation du temps de lecture":"3 minutes"},"schema":{"@context":"https:\/\/schema.org","@graph":[{"@type":"WebPage","@id":"https:\/\/acadiantest.cocompass.com\/culture\/acadian-world-congresscongres-mondial-acadien\/2009-acadian-world-congress\/news-releases-cma-2004\/families-invited-2009-congres-mondial-acadien-family-registered\/","url":"https:\/\/acadiantest.cocompass.com\/culture\/acadian-world-congresscongres-mondial-acadien\/2009-acadian-world-congress\/news-releases-cma-2004\/families-invited-2009-congres-mondial-acadien-family-registered\/","name":"All families invited to 2009 Congr\u00e8s mondial acadien!! Is your family registered? - Acadian Genealogy - Historical Acadian-Cajun Resources","isPartOf":{"@id":"https:\/\/acadiantest.cocompass.com\/#website"},"datePublished":"2016-08-26T14:45:14+00:00","dateModified":"2018-11-19T03:17:42+00:00","breadcrumb":{"@id":"https:\/\/acadiantest.cocompass.com\/culture\/acadian-world-congresscongres-mondial-acadien\/2009-acadian-world-congress\/news-releases-cma-2004\/families-invited-2009-congres-mondial-acadien-family-registered\/#breadcrumb"},"inLanguage":"fr-CA","potentialAction":[{"@type":"ReadAction","target":["https:\/\/acadiantest.cocompass.com\/culture\/acadian-world-congresscongres-mondial-acadien\/2009-acadian-world-congress\/news-releases-cma-2004\/families-invited-2009-congres-mondial-acadien-family-registered\/"]}]},{"@type":"BreadcrumbList","@id":"https:\/\/acadiantest.cocompass.com\/culture\/acadian-world-congresscongres-mondial-acadien\/2009-acadian-world-congress\/news-releases-cma-2004\/families-invited-2009-congres-mondial-acadien-family-registered\/#breadcrumb","itemListElement":[{"@type":"ListItem","position":1,"name":"Accueil","item":"https:\/\/acadiantest.cocompass.com\/"},{"@type":"ListItem","position":2,"name":"Culture","item":"https:\/\/acadiantest.cocompass.com\/culture\/"},{"@type":"ListItem","position":3,"name":"Acadian World Congress\/Congr\u00e8s Mondial Acadien","item":"https:\/\/acadiantest.cocompass.com\/culture\/acadian-world-congresscongres-mondial-acadien\/"},{"@type":"ListItem","position":4,"name":"2009 Acadian World Congress","item":"https:\/\/acadiantest.cocompass.com\/culture\/acadian-world-congresscongres-mondial-acadien\/2009-acadian-world-congress\/"},{"@type":"ListItem","position":5,"name":"News Releases CMA 2009","item":"https:\/\/acadiantest.cocompass.com\/culture\/acadian-world-congresscongres-mondial-acadien\/2009-acadian-world-congress\/news-releases-cma-2004\/"},{"@type":"ListItem","position":6,"name":"All families invited to 2009 Congr\u00e8s mondial acadien!! Is your family registered?"}]},{"@type":"WebSite","@id":"https:\/\/acadiantest.cocompass.com\/#website","url":"https:\/\/acadiantest.cocompass.com\/","name":"Acadian Genealogy - Historical Acadian-Cajun Resources","description":"Learn About Acadians and Cajuns","publisher":{"@id":"https:\/\/acadiantest.cocompass.com\/#organization"},"potentialAction":[{"@type":"SearchAction","target":{"@type":"EntryPoint","urlTemplate":"https:\/\/acadiantest.cocompass.com\/?s={search_term_string}"},"query-input":{"@type":"PropertyValueSpecification","valueRequired":true,"valueName":"search_term_string"}}],"inLanguage":"fr-CA"},{"@type":"Organization","@id":"https:\/\/acadiantest.cocompass.com\/#organization","name":"Acadian Genealogy - Historical Acadian-Cajun Resources","url":"https:\/\/acadiantest.cocompass.com\/","logo":{"@type":"ImageObject","inLanguage":"fr-CA","@id":"https:\/\/acadiantest.cocompass.com\/#\/schema\/logo\/image\/","url":"https:\/\/acadiantest.cocompass.com\/wp-content\/uploads\/logo.png","contentUrl":"https:\/\/acadiantest.cocompass.com\/wp-content\/uploads\/logo.png","width":303,"height":125,"caption":"Acadian Genealogy - Historical Acadian-Cajun Resources"},"image":{"@id":"https:\/\/acadiantest.cocompass.com\/#\/schema\/logo\/image\/"}}]}},"_links":{"self":[{"href":"https:\/\/acadiantest.cocompass.com\/fr\/wp-json\/wp\/v2\/pages\/885","targetHints":{"allow":["GET"]}}],"collection":[{"href":"https:\/\/acadiantest.cocompass.com\/fr\/wp-json\/wp\/v2\/pages"}],"about":[{"href":"https:\/\/acadiantest.cocompass.com\/fr\/wp-json\/wp\/v2\/types\/page"}],"author":[{"embeddable":true,"href":"https:\/\/acadiantest.cocompass.com\/fr\/wp-json\/wp\/v2\/users\/2"}],"replies":[{"embeddable":true,"href":"https:\/\/acadiantest.cocompass.com\/fr\/wp-json\/wp\/v2\/comments?post=885"}],"version-history":[{"count":0,"href":"https:\/\/acadiantest.cocompass.com\/fr\/wp-json\/wp\/v2\/pages\/885\/revisions"}],"up":[{"embeddable":true,"href":"https:\/\/acadiantest.cocompass.com\/fr\/wp-json\/wp\/v2\/pages\/863"}],"wp:attachment":[{"href":"https:\/\/acadiantest.cocompass.com\/fr\/wp-json\/wp\/v2\/media?parent=885"}],"curies":[{"name":"wp","href":"https:\/\/api.w.org\/{rel}","templated":true}]}}