{"id":906,"date":"2016-08-26T11:36:17","date_gmt":"2016-08-26T15:36:17","guid":{"rendered":"https:\/\/acadiantest.cocompass.com\/?page_id=906"},"modified":"2018-11-20T20:15:21","modified_gmt":"2018-11-21T01:15:21","slug":"points-interest-acadian-peninsula","status":"publish","type":"page","link":"https:\/\/acadiantest.cocompass.com\/fr\/culture\/acadian-world-congresscongres-mondial-acadien\/2009-acadian-world-congress\/2009-cma-events\/points-interest-acadian-peninsula\/","title":{"rendered":"Points of Interest: Acadian Peninsula"},"content":{"rendered":"<p>The Acadian Peninsula: The Host Region<\/p>\n<p>The Acadian Peninsula, located in northern New Brunswick, is an area privileged with arts and culture, attractions and hospitality.<\/p>\n<p>Photo contest<br \/>\nAcadian Peninsula residents are encouraged to photograph your area. The World Acadian Congress, in collaboration with photographer Yvon Cormier, invite you to participate in its digital photo contest. The goal: develop virtual and physical displays of photos representing the beauty of the Peninsula. The best photos will be posted on the World Acadian Congress&#8217; website. Some will even be published in the WAC&#8217;s final program! Details to come. Get ready!<\/p>\n<p>An area known for its large events\u2026<br \/>\nThe Acadian Peninsula is an area privileged with arts and culture, attractions and hospitality. Throughout the year, but especially during the summer, all kinds of festivals and events take place pretty much everywhere in the area. For example: the Festival acadien de Caraquet, Lameque International Baroque Music Festival, Festival des arts visuels en Atlantique, Festival des p\u00eaches et de l&#8217;aquaculture de Shippagan, Festival Moisson d&#8217;art and the Ru\u00e9e de Tracadie-Sheila, FestiVin, the Festival provincial de la tourbe de Lam\u00e8que, Salon du livre de la P\u00e9ninsule acadienne, Festival acadien de po\u00e9sie and a number of other festivals that take place in practically every village in the area, such as the Festival marin de Bas-Caraquet, Homard Moto Weekend, F\u00eate des vents de Shippagan-les \u00celes, Festival country western and Exposition agricole de Saint-Isidore, Festival du bl\u00e9 d&#8217;inde de Saint-L\u00e9olin, oysters from Maisonnette, clams from Miscou, Rendez-vous de Neguac&#8230; not to mention the Ode \u00e0 l&#8217;Acadie show presented during the summer on the Peninsula, plays, Bot&#8217;\u00e0 chansons de Donat Lacroix, concerts, dinner theatres, amateur nights, shows in various art galleries and public areas, etc.<\/p>\n<p>\u2026 its variety of attractions and activities for all tastes!<\/p>\n<p>The Peninsula is also a place where tourist attractions enjoy an enviable reputation\u2026 whether they be the Village Historique Acadien located near Caraquet, Mus\u00e9e des Papes in Grande-Anse, New Brunswick Aquarium and Marine Centre in Shippagan, Lam\u00e8que Eco-Parc, the Cajun, a paddle boat in Tracadie-Sheila, the Miscou Island lighthouse, the \u00c9co-mus\u00e9e de l&#8217;hu\u00eetre in Caraquet or the Mus\u00e9e historique de Tracadie, among others, the places to visit are numerous and impressive!<\/p>\n<p>Along its many kilometres of coastline can be found beautiful beaches, warm waters, deep-sea diving, windsurfing, the best sites in the country for kitesurf, boat and kayak excursions, fishing expeditions, whale watching\u2026 or walk on the wharf and chat with a fisherman to hear his stories!<\/p>\n<p>And there&#8217;s more\u2026 breathtaking sunsets, bird watching, tours of peat bogs, hikes, bicycle trails, golf courses\u2026<\/p>\n<p>Not to mention the large amount of fresh seafood served throughout the summer season! There are many good restaurants throughout the area.<br \/>\nCommunity Programming<br \/>\nLam\u00e8que \/ Shippagan \/ Miscou Area<\/p>\n<p>MISCOU ISLAND<br \/>\nMiscou Harbour<br \/>\nWilson&#8217;s Point<br \/>\nMiscou Plains<br \/>\nMiscou Centre<br \/>\nCongress opening ceremony \/ Heritage and tourist circuit \/ Fishing equipment demonstration \/ History of Russian plane crash \/ Collectables display \/ Visits to cemeteries with headstones dating back to the 1700s \/ Visit to the Miscou lighthouse built in 1856 \/ Peat bog tours \/ Observation of arrivals and departures of ships \/ Seafood tasting<\/p>\n<p>Petit-Shippagan<br \/>\nActivities at port<\/p>\n<p>Petite-Rivi\u00e8re-de-l&#8217;\u00cele<br \/>\nSainte-C\u00e9cile<br \/>\nTreasure hunt \/ Country-style dinner \/ Activities surrounding the International Baroque Music Festival at Sainte-C\u00e9cile Church<\/p>\n<p>Pointe-Canot<br \/>\nTreasure hunt \/ Kite festival<\/p>\n<p>Petite-Lam\u00e8que<br \/>\nVarious activities \/ Activities at campground<\/p>\n<p>Pointe-Alexandre<br \/>\nFireworks \/ Phantom ship \/ Opening day \/ Celebration in the village<\/p>\n<p>Lam\u00e8que<br \/>\nAcadian islands food village \/ Art work \/ Heritage and tourist circuit \/ Pilgrimage to Sanctuaire Dina-B\u00e9langer \/ Mass in Latin with the Chorale Sormany \/ Peat festival, Tam Tam Day, activities for people aged 15 to 35 \/ Chorale Sormany choir \/ Dinner theatre with Les Voix de la Mer \/ Visit to the Maison \u00e0 Dosith\u00e9 \u00e0 Joseph \u00e0 Jean-Chrysost\u00f4me Chiasson \/ Concert featuring classic 1960s music \/ Activities at the port<\/p>\n<p>Coteau Road<br \/>\nGuided tours of peat bogs<\/p>\n<p>Pigeon Hill<br \/>\nBazaar \/ Capstan contest \/ Lobster supper \/ Illuminated ships parade \/ Dance \/ Memorial Day \/ Activities at the port<\/p>\n<p>Cap-Bateau<br \/>\nHikes on the capes and coastal areas \/ Exhibit<\/p>\n<p>Sainte-Marie-Saint-Rapha\u00ebl<br \/>\nSpecial mass \/ Brunch featuring music \/ Dance \/ Family Day \/ Giant bingo \/ Exhibit on historical trades \/ Historical photo exhibit on the life of the village \/ Activities at the port<\/p>\n<p>Haut-Lam\u00e8que<\/p>\n<p>Chiasson Office<br \/>\nKite festival \/ Tours of coastal areas \/ Tours of cranberry bogs<\/p>\n<p>Savoy Landing<br \/>\nActivities at the port \/ Galerie d&#8217;art Huguette Plourde<\/p>\n<p>Shippagan<br \/>\nCongress opening day show \/ Activities related to the theme &#8220;Tracking our Ancestors&#8221; in various interpretive sites \/ The return of Coqueron, a place for music and celebration \/ Tree planting by families \/ Seafood suppers \/ Photo exhibits \/ Boat tours \/ Theatre \/ Live art \/ Soccer tournament<\/p>\n<p>Pointe-Br\u00fbl\u00e9e<\/p>\n<p>Haut-Shippagan<\/p>\n<p>Baie de Petit-Pokemouche<\/p>\n<p>Le Goulet<br \/>\nSupper \/ Sand castle contest<\/p>\n<p>Pointe-Sauvage<br \/>\nCommunity Programming<br \/>\nGreater Caraquet Area<\/p>\n<p>Village Blanchard<br \/>\nRadio-controlled airplanes \/ Horse riding \/ Outside dances<\/p>\n<p>Saint-Simon<br \/>\nTours of the R\u00e9jean H\u00e9bert property, winner of national landscaping awards \/ Captain Saint-Simon activities \/ History of the Saint-Simon oyster \/ Tours of the largest wooden church in New Brunswick \/ Exhibit of the works of Herm\u00e9n\u00e9gilde Chiasson \/ Clam pie supper \/ Bazaar<\/p>\n<p>Pokesudie<br \/>\nPeat and cranberry bog tours \/ Clam and quahog fishing \/ Seafood dinner \/ Interpretive centre for seine smelt fishing \/ Smelt supper<\/p>\n<p>Bas-Caraquet<br \/>\nTours of a schooner under construction \/ Interpretive centre for naval production \/ Marine museum (artifacts, photos) \/ Demonstrations of Ovatek capsule \/ Guided tours of crab fishing boat \/ Bird observation centre with Ducks Unlimited \/ Guided tours of marshes that are the only habitat in the world of a unique butterfly \/ Exhibits of insects, birds, plants, etc. \/ Activities at weather station \/ Activities at Park Gabriel-Giraud (first French presence in New Brunswick in 1731)<\/p>\n<p>Caraquet<br \/>\nHeritage and community discovery tours (cemeteries, museums, wharfs) \/ Tintamarre and August 15th show, Acadian national holiday \/ Activities at the Vieux-Couvent<\/p>\n<p>Bertrand<br \/>\nExhibit of paintings by Acadian artists \/ Beer museum \/ Exhibits of postcards, miniature houses and dolls \/ Bird watching<\/p>\n<p>Saint-L\u00e9olin<br \/>\nATV trail excursions \/ Film on ATV winter trails \/ Activities at former train station and at the community centre \/ Horse riding \/ Various games \/ Country activities \/ Corn festival<\/p>\n<p>Grande-Anse<br \/>\nNotre-Dame-de-l&#8217;Assomption procession \/ Art exhibit \/ Breakfast at the Chapiteau (wharf) \/ Show<\/p>\n<p>Dugas<\/p>\n<p>Maisonnette<br \/>\nVillage des Poirier<br \/>\nArt exhibits\/ Plays \/ Duck watching \/ Film on winter fishing using nigogs \/ Oyster feast<\/p>\n<p>Anse-Bleue<br \/>\nRichard Landry photo exhibit \/ Fish tasting \/ Deep-sea diving \/ Portrait of Vincent Th\u00e9riault, inventor of the lifesaving capsule Esperanto (Ovatek) and exhibit \/ Boat trips with fishermen<br \/>\nCommunity Programming<br \/>\nCentral Peninsula Area<\/p>\n<p>Burnsville<br \/>\n&#8220;The House Under the Trees&#8221; (presentation on the woodworking trade) \/ Canoe trips down the river \/ Exhibit on photos of mills, train station, hotel and other industries in the region at the beginning of the 20th century<\/p>\n<p>Paquetville<br \/>\nRang St-Georges<br \/>\nBas et Haut Rang St-Georges<br \/>\nTrudel \/ Saint-Amateur<br \/>\nHaut Paquetville<br \/>\nPetit Paquetville<br \/>\nPresentations on the value of the maple grove and blueberry industries \/ Square dancing \/ Hall of Fame (Edith Pinet, Edith Butler, Jean-Yves Th\u00e9riault, etc.) \/ Midnight mass \/ Brunch at the maple grove<\/p>\n<p>Bas-Paquetville<br \/>\nTour of a century-old maple grove<\/p>\n<p>Notre-Dame-des-\u00c9rables<\/p>\n<p>Rocheville<\/p>\n<p>Val-Doucet<br \/>\nGuided tours of a blueberry farm<\/p>\n<p>Maltempec<br \/>\nInterpretive centre for shad net fishing \/ Portrait of Albert Boucher, Canadian sawing champion (1950-1990) \/ Sawing contest<\/p>\n<p>Landry Office<\/p>\n<p>Pokemouche<br \/>\nSpace 2009 \/ Bazaar \/ Donald McGraw art gallery<\/p>\n<p>\u00c9vang\u00e9line<br \/>\nInterpretive centre for eel fishing and night eel fishing \/ Eel supper \/ Square dancing<\/p>\n<p>Inkerman \/ Inkerman Ferry<br \/>\nGregorian mass \/ History of founding families \/ Local talent \/ Picnic<\/p>\n<p>Four Roads<\/p>\n<p>Six Roads<\/p>\n<p>Sainte-Rose<br \/>\nTours of sod field \/ Evening square dancing<\/p>\n<p>Saint-Isidore<br \/>\n&#8220;Come plant your roots&#8221;: Plant a tree (future park) \/ Artists gallery \/ Dinner theatre \/ Guided tours \/ Open houses<\/p>\n<p>Losier Settlement<\/p>\n<p>Pont-Landry<br \/>\nHooked rug exhibit \/ Hikes along river \/ Guided tour of a tidal lock<\/p>\n<p>Petit Gaspareau<\/p>\n<p>Boish\u00e9bert<\/p>\n<p>Duguayville<br \/>\nExhibit of historic photos and paintings<\/p>\n<p>Bois-Blanc<br \/>\nInterpretive centre and activities \/ Homecoming for former Bois-Blanc residents<\/p>\n<p>Hacheyville<br \/>\nPresentation on strawberry farming and tours \/ Portrait of Ovila Rioux \/ Line fishing exhibit<\/p>\n<p>Tilley Road<br \/>\nTours of orchards and large high-tech blueberry plant \/ Guided tours: strawberry farming \/ Roland Mallet painting exhibit<\/p>\n<p>Bois-Gagnon<br \/>\nSylviculture (past and present)<\/p>\n<p>Saint-Sauveur<br \/>\nMechoui \/ Horseshoes, washers and snake tournaments \/ Grand bazaar \/ Workshops on<br \/>\nfabrication of snowshoes, Christmas trees, maple products, traps, fishing, hunting, wood industry, furs \/ Tours of hunting and fishing sites \/ Local foods including rabbit, partridge, bear, deer, moose, trout, salmon<br \/>\nCommunity Programming<br \/>\nTracadie-Sheila and Neguac Area<\/p>\n<p>Gauvreau \/ Petit-Tracadie<br \/>\nTrout fishing \/ Hiking<\/p>\n<p>Tracadie-Sheila<br \/>\nMuseum &#8211; permanent exhibit \/ Tours of the Acad\u00e9mie Ste-Famille \/ Cruises \/ Story time \/ Various exhibits \/ Theatre \/ Conferences \/ History of the lazaretto \/ Cinema<\/p>\n<p>Rivi\u00e8re-\u00e0-la-Truite<\/p>\n<p>Saumarez<br \/>\nSculpture exhibit \/ Public celebration \/ Dance<\/p>\n<p>Canton des Basques<\/p>\n<p>Saint-Ir\u00e9n\u00e9e \/ Alderwood<br \/>\nExhibit of the works of Raynald Basque<\/p>\n<p>Benoit<br \/>\nBazaar \/ Exhibit of historic photos \/ Square dancing \/ Workshop on fabrication of buoys for lobster traps or nets \/ Axe handle fabrication \/ Exhibit of historic items and quilts<\/p>\n<p>Saint-Pons<br \/>\nProduction of flies for trout and salmon fishing \/ Window portraits<\/p>\n<p>Haut-Sheila<\/p>\n<p>Pointe-\u00e0-Tom<\/p>\n<p>Leech<br \/>\nCountry-style day on military camp site \/ ATV tour with interpreter \/ Live art \/ Canoe trips<\/p>\n<p>Pont-Lafrance<br \/>\nInterpretive centre for village of Charnacy (village expropriated for the construction of the military camp)<\/p>\n<p>Pointe-\u00e0-Bouleau<br \/>\nRowboat trips \/ History of the development of the Lien des Deux Rivi\u00e8res<\/p>\n<p>Pointe-des-Robichaud<\/p>\n<p>Val-Comeau<br \/>\nSanta Claus Village \/ Interpretive centre for lobster traps \/ Exhibit of old boat \/ Exhibit on first settlers<\/p>\n<p>Tracadie Beach<\/p>\n<p>Rivi\u00e8re-du-Portage<br \/>\nSailboat races \/ Rowboat races \/ Horse rides \/ Musician competitions<\/p>\n<p>Haut-Rivi\u00e8re-du-Portage<\/p>\n<p>Brantville<br \/>\nInterpretive centre for eel and lobster fishing \/ Fishing boat<\/p>\n<p>Tabusintac \/ Covedell \/ Comeau Settlement<br \/>\nCanoe, swimming and bicycle races \/ Seal observation boat tours \/ Quilts<\/p>\n<p>Neguac<br \/>\nTour of Otto Robichaud House \/ Tours of l&#8217;\u00cele aux foins and boat rides \/ Oyster eating \/ Show<\/p>\n<p>Fairisle \/ Chemin des Caissie<br \/>\nWorkshop on Christmas wreaths \/ Film production \/ Exhibit of historic photos<\/p>\n<p>Stymiest Road<br \/>\nArt work \/ Guided tours \/ Blueberry picking<\/p>\n<p>Robichaud Settlement<\/p>\n<p>Chemin des Breau<\/p>\n<p>Saint-Wilfred \/ Lavilette<br \/>\nAllainville<br \/>\nQuilt stained glass window exhibits<\/p>\n<p>Lagac\u00e9ville<br \/>\nReligious history of the Soeurs Sal\u00e9siennes \/ Museum of miniature objects from logging camps<\/p>\n<p>Saint-Laurent<\/p>\n<p>Burnt Church<br \/>\n218 J.D. Gauthier Blvd., Suite 128<br \/>\nShippagan, New Brunswick<br \/>\nE8S 1P6 Canada<\/p>\n<p>Telephone: (506) 336-2009 or 1-866-370-2009<br \/>\nFax: (506) 336-2002<\/p>\n<p>E-mail: <a href=\"mailto:info@cma2009.ca\">info@cma2009.ca<\/a><br \/>\n<a href=\"http:\/\/info@cma2009.ca\/\" target=\"_blank\" rel=\"noopener\">www.cma2009.ca<\/a><\/p>","protected":false},"excerpt":{"rendered":"<p>The Acadian Peninsula: The Host Region The Acadian Peninsula, located in northern New Brunswick, is an area privileged with arts and culture, attractions and hospitality. Photo contest Acadian Peninsula residents are encouraged to photograph your area. The World Acadian Congress, in collaboration with photographer Yvon Cormier, invite you to participate in its digital photo contest. [&hellip;]<\/p>","protected":false},"author":2,"featured_media":0,"parent":852,"menu_order":0,"comment_status":"closed","ping_status":"closed","template":"","meta":{"_crdt_document":"","_themeisle_gutenberg_block_has_review":false,"iawp_total_views":0,"footnotes":""},"class_list":["post-906","page","type-page","status-publish","hentry"],"yoast_head":"<!-- This site is optimized with the Yoast SEO plugin v26.6 - https:\/\/yoast.com\/wordpress\/plugins\/seo\/ -->\n<title>Points of Interest: Acadian Peninsula - Acadian Genealogy - Historical Acadian-Cajun Resources<\/title>\n<meta name=\"robots\" content=\"noindex, follow, max-snippet:-1, max-image-preview:large, max-video-preview:-1\" \/>\n<meta property=\"og:locale\" content=\"fr_CA\" \/>\n<meta property=\"og:type\" content=\"article\" \/>\n<meta property=\"og:title\" content=\"Points of Interest: Acadian Peninsula - Acadian Genealogy - Historical Acadian-Cajun Resources\" \/>\n<meta property=\"og:description\" content=\"The Acadian Peninsula: The Host Region The Acadian Peninsula, located in northern New Brunswick, is an area privileged with arts and culture, attractions and hospitality. Photo contest Acadian Peninsula residents are encouraged to photograph your area. The World Acadian Congress, in collaboration with photographer Yvon Cormier, invite you to participate in its digital photo contest. [&hellip;]\" \/>\n<meta property=\"og:url\" content=\"https:\/\/acadiantest.cocompass.com\/fr\/culture\/acadian-world-congresscongres-mondial-acadien\/2009-acadian-world-congress\/2009-cma-events\/points-interest-acadian-peninsula\/\" \/>\n<meta property=\"og:site_name\" content=\"Acadian Genealogy - Historical Acadian-Cajun Resources\" \/>\n<meta property=\"article:modified_time\" content=\"2018-11-21T01:15:21+00:00\" \/>\n<meta name=\"twitter:card\" content=\"summary_large_image\" \/>\n<meta name=\"twitter:label1\" content=\"Estimation du temps de lecture\" \/>\n\t<meta name=\"twitter:data1\" content=\"8 minutes\" \/>\n<script type=\"application\/ld+json\" class=\"yoast-schema-graph\">{\"@context\":\"https:\/\/schema.org\",\"@graph\":[{\"@type\":\"WebPage\",\"@id\":\"https:\/\/acadiantest.cocompass.com\/culture\/acadian-world-congresscongres-mondial-acadien\/2009-acadian-world-congress\/2009-cma-events\/points-interest-acadian-peninsula\/\",\"url\":\"https:\/\/acadiantest.cocompass.com\/culture\/acadian-world-congresscongres-mondial-acadien\/2009-acadian-world-congress\/2009-cma-events\/points-interest-acadian-peninsula\/\",\"name\":\"Points of Interest: Acadian Peninsula - Acadian Genealogy - Historical Acadian-Cajun Resources\",\"isPartOf\":{\"@id\":\"https:\/\/acadiantest.cocompass.com\/#website\"},\"datePublished\":\"2016-08-26T15:36:17+00:00\",\"dateModified\":\"2018-11-21T01:15:21+00:00\",\"breadcrumb\":{\"@id\":\"https:\/\/acadiantest.cocompass.com\/culture\/acadian-world-congresscongres-mondial-acadien\/2009-acadian-world-congress\/2009-cma-events\/points-interest-acadian-peninsula\/#breadcrumb\"},\"inLanguage\":\"fr-CA\",\"potentialAction\":[{\"@type\":\"ReadAction\",\"target\":[\"https:\/\/acadiantest.cocompass.com\/culture\/acadian-world-congresscongres-mondial-acadien\/2009-acadian-world-congress\/2009-cma-events\/points-interest-acadian-peninsula\/\"]}]},{\"@type\":\"BreadcrumbList\",\"@id\":\"https:\/\/acadiantest.cocompass.com\/culture\/acadian-world-congresscongres-mondial-acadien\/2009-acadian-world-congress\/2009-cma-events\/points-interest-acadian-peninsula\/#breadcrumb\",\"itemListElement\":[{\"@type\":\"ListItem\",\"position\":1,\"name\":\"Accueil\",\"item\":\"https:\/\/acadiantest.cocompass.com\/\"},{\"@type\":\"ListItem\",\"position\":2,\"name\":\"Culture\",\"item\":\"https:\/\/acadiantest.cocompass.com\/culture\/\"},{\"@type\":\"ListItem\",\"position\":3,\"name\":\"Acadian World Congress\/Congr\u00e8s Mondial Acadien\",\"item\":\"https:\/\/acadiantest.cocompass.com\/culture\/acadian-world-congresscongres-mondial-acadien\/\"},{\"@type\":\"ListItem\",\"position\":4,\"name\":\"2009 Acadian World Congress\",\"item\":\"https:\/\/acadiantest.cocompass.com\/culture\/acadian-world-congresscongres-mondial-acadien\/2009-acadian-world-congress\/\"},{\"@type\":\"ListItem\",\"position\":5,\"name\":\"2009 CMA Events\",\"item\":\"https:\/\/acadiantest.cocompass.com\/culture\/acadian-world-congresscongres-mondial-acadien\/2009-acadian-world-congress\/2009-cma-events\/\"},{\"@type\":\"ListItem\",\"position\":6,\"name\":\"Points of Interest: Acadian Peninsula\"}]},{\"@type\":\"WebSite\",\"@id\":\"https:\/\/acadiantest.cocompass.com\/#website\",\"url\":\"https:\/\/acadiantest.cocompass.com\/\",\"name\":\"Acadian Genealogy - Historical Acadian-Cajun Resources\",\"description\":\"Learn About Acadians and Cajuns\",\"publisher\":{\"@id\":\"https:\/\/acadiantest.cocompass.com\/#organization\"},\"potentialAction\":[{\"@type\":\"SearchAction\",\"target\":{\"@type\":\"EntryPoint\",\"urlTemplate\":\"https:\/\/acadiantest.cocompass.com\/?s={search_term_string}\"},\"query-input\":{\"@type\":\"PropertyValueSpecification\",\"valueRequired\":true,\"valueName\":\"search_term_string\"}}],\"inLanguage\":\"fr-CA\"},{\"@type\":\"Organization\",\"@id\":\"https:\/\/acadiantest.cocompass.com\/#organization\",\"name\":\"Acadian Genealogy - Historical Acadian-Cajun Resources\",\"url\":\"https:\/\/acadiantest.cocompass.com\/\",\"logo\":{\"@type\":\"ImageObject\",\"inLanguage\":\"fr-CA\",\"@id\":\"https:\/\/acadiantest.cocompass.com\/#\/schema\/logo\/image\/\",\"url\":\"https:\/\/acadiantest.cocompass.com\/wp-content\/uploads\/logo.png\",\"contentUrl\":\"https:\/\/acadiantest.cocompass.com\/wp-content\/uploads\/logo.png\",\"width\":303,\"height\":125,\"caption\":\"Acadian Genealogy - Historical Acadian-Cajun Resources\"},\"image\":{\"@id\":\"https:\/\/acadiantest.cocompass.com\/#\/schema\/logo\/image\/\"}}]}<\/script>\n<!-- \/ Yoast SEO plugin. -->","yoast_head_json":{"title":"Points of Interest: Acadian Peninsula - Acadian Genealogy - Historical Acadian-Cajun Resources","robots":{"index":"noindex","follow":"follow","max-snippet":"max-snippet:-1","max-image-preview":"max-image-preview:large","max-video-preview":"max-video-preview:-1"},"og_locale":"fr_CA","og_type":"article","og_title":"Points of Interest: Acadian Peninsula - Acadian Genealogy - Historical Acadian-Cajun Resources","og_description":"The Acadian Peninsula: The Host Region The Acadian Peninsula, located in northern New Brunswick, is an area privileged with arts and culture, attractions and hospitality. Photo contest Acadian Peninsula residents are encouraged to photograph your area. The World Acadian Congress, in collaboration with photographer Yvon Cormier, invite you to participate in its digital photo contest. [&hellip;]","og_url":"https:\/\/acadiantest.cocompass.com\/fr\/culture\/acadian-world-congresscongres-mondial-acadien\/2009-acadian-world-congress\/2009-cma-events\/points-interest-acadian-peninsula\/","og_site_name":"Acadian Genealogy - Historical Acadian-Cajun Resources","article_modified_time":"2018-11-21T01:15:21+00:00","twitter_card":"summary_large_image","twitter_misc":{"Estimation du temps de lecture":"8 minutes"},"schema":{"@context":"https:\/\/schema.org","@graph":[{"@type":"WebPage","@id":"https:\/\/acadiantest.cocompass.com\/culture\/acadian-world-congresscongres-mondial-acadien\/2009-acadian-world-congress\/2009-cma-events\/points-interest-acadian-peninsula\/","url":"https:\/\/acadiantest.cocompass.com\/culture\/acadian-world-congresscongres-mondial-acadien\/2009-acadian-world-congress\/2009-cma-events\/points-interest-acadian-peninsula\/","name":"Points of Interest: Acadian Peninsula - Acadian Genealogy - Historical Acadian-Cajun Resources","isPartOf":{"@id":"https:\/\/acadiantest.cocompass.com\/#website"},"datePublished":"2016-08-26T15:36:17+00:00","dateModified":"2018-11-21T01:15:21+00:00","breadcrumb":{"@id":"https:\/\/acadiantest.cocompass.com\/culture\/acadian-world-congresscongres-mondial-acadien\/2009-acadian-world-congress\/2009-cma-events\/points-interest-acadian-peninsula\/#breadcrumb"},"inLanguage":"fr-CA","potentialAction":[{"@type":"ReadAction","target":["https:\/\/acadiantest.cocompass.com\/culture\/acadian-world-congresscongres-mondial-acadien\/2009-acadian-world-congress\/2009-cma-events\/points-interest-acadian-peninsula\/"]}]},{"@type":"BreadcrumbList","@id":"https:\/\/acadiantest.cocompass.com\/culture\/acadian-world-congresscongres-mondial-acadien\/2009-acadian-world-congress\/2009-cma-events\/points-interest-acadian-peninsula\/#breadcrumb","itemListElement":[{"@type":"ListItem","position":1,"name":"Accueil","item":"https:\/\/acadiantest.cocompass.com\/"},{"@type":"ListItem","position":2,"name":"Culture","item":"https:\/\/acadiantest.cocompass.com\/culture\/"},{"@type":"ListItem","position":3,"name":"Acadian World Congress\/Congr\u00e8s Mondial Acadien","item":"https:\/\/acadiantest.cocompass.com\/culture\/acadian-world-congresscongres-mondial-acadien\/"},{"@type":"ListItem","position":4,"name":"2009 Acadian World Congress","item":"https:\/\/acadiantest.cocompass.com\/culture\/acadian-world-congresscongres-mondial-acadien\/2009-acadian-world-congress\/"},{"@type":"ListItem","position":5,"name":"2009 CMA Events","item":"https:\/\/acadiantest.cocompass.com\/culture\/acadian-world-congresscongres-mondial-acadien\/2009-acadian-world-congress\/2009-cma-events\/"},{"@type":"ListItem","position":6,"name":"Points of Interest: Acadian Peninsula"}]},{"@type":"WebSite","@id":"https:\/\/acadiantest.cocompass.com\/#website","url":"https:\/\/acadiantest.cocompass.com\/","name":"Acadian Genealogy - Historical Acadian-Cajun Resources","description":"Learn About Acadians and Cajuns","publisher":{"@id":"https:\/\/acadiantest.cocompass.com\/#organization"},"potentialAction":[{"@type":"SearchAction","target":{"@type":"EntryPoint","urlTemplate":"https:\/\/acadiantest.cocompass.com\/?s={search_term_string}"},"query-input":{"@type":"PropertyValueSpecification","valueRequired":true,"valueName":"search_term_string"}}],"inLanguage":"fr-CA"},{"@type":"Organization","@id":"https:\/\/acadiantest.cocompass.com\/#organization","name":"Acadian Genealogy - Historical Acadian-Cajun Resources","url":"https:\/\/acadiantest.cocompass.com\/","logo":{"@type":"ImageObject","inLanguage":"fr-CA","@id":"https:\/\/acadiantest.cocompass.com\/#\/schema\/logo\/image\/","url":"https:\/\/acadiantest.cocompass.com\/wp-content\/uploads\/logo.png","contentUrl":"https:\/\/acadiantest.cocompass.com\/wp-content\/uploads\/logo.png","width":303,"height":125,"caption":"Acadian Genealogy - Historical Acadian-Cajun Resources"},"image":{"@id":"https:\/\/acadiantest.cocompass.com\/#\/schema\/logo\/image\/"}}]}},"_links":{"self":[{"href":"https:\/\/acadiantest.cocompass.com\/fr\/wp-json\/wp\/v2\/pages\/906","targetHints":{"allow":["GET"]}}],"collection":[{"href":"https:\/\/acadiantest.cocompass.com\/fr\/wp-json\/wp\/v2\/pages"}],"about":[{"href":"https:\/\/acadiantest.cocompass.com\/fr\/wp-json\/wp\/v2\/types\/page"}],"author":[{"embeddable":true,"href":"https:\/\/acadiantest.cocompass.com\/fr\/wp-json\/wp\/v2\/users\/2"}],"replies":[{"embeddable":true,"href":"https:\/\/acadiantest.cocompass.com\/fr\/wp-json\/wp\/v2\/comments?post=906"}],"version-history":[{"count":0,"href":"https:\/\/acadiantest.cocompass.com\/fr\/wp-json\/wp\/v2\/pages\/906\/revisions"}],"up":[{"embeddable":true,"href":"https:\/\/acadiantest.cocompass.com\/fr\/wp-json\/wp\/v2\/pages\/852"}],"wp:attachment":[{"href":"https:\/\/acadiantest.cocompass.com\/fr\/wp-json\/wp\/v2\/media?parent=906"}],"curies":[{"name":"wp","href":"https:\/\/api.w.org\/{rel}","templated":true}]}}