{"id":938,"date":"2016-08-26T14:41:02","date_gmt":"2016-08-26T18:41:02","guid":{"rendered":"https:\/\/acadiantest.cocompass.com\/?page_id=938"},"modified":"2018-11-24T20:58:38","modified_gmt":"2018-11-25T01:58:38","slug":"leaders-cma-2014","status":"publish","type":"page","link":"https:\/\/acadiantest.cocompass.com\/fr\/culture\/acadian-world-congresscongres-mondial-acadien\/2014-acadian-world-congress\/leaders-cma-2014\/","title":{"rendered":"Leaders of the CMA 2014"},"content":{"rendered":"<p align=\"left\">8 August 2012<\/p>\n<h4 align=\"center\"><img fetchpriority=\"high\" decoding=\"async\" src=\"https:\/\/acadiantest.cocompass.com\/images\/CMA2014-%20Family%20Reunions.jpg\" width=\"287\" height=\"400\" \/><\/h4>\n<h5 align=\"center\">From left to right : Jason Parent, Emilien Nadeau and L\u00e9o-Paul Charest<\/h5>\n<p>ST. DAVID &#8211; Leaders of the CMA 2014 were at the Acadian Cross Landing Site in St. David Wednesday for the announcement of 28 new families that will take part in the 2014 World Acadian Congress family reunions. To date, a total of 89 families have registered, and 48 of these families are from Maine, according to CMA 2014 Maine coordinator Lorraine Pelletier-Marston. From left, above, are Maine International President Jason Parent, along with \u00c9milien Nadeau, president of the 2014 World Acadian Congress&#8217; Organizing Committee, and Leo-Paul Charest, executive director for CMA 2014.<\/p>\n<p align=\"left\">The 28 newest families and reunion locations are Alard (reunion location not yet noted); B\u00e9langer (Fort Kent); Beaupr\u00e9 (Grand Isle); Blanchette (Eagle Lake); Bouchard (Fort Kent); Boudreault (Notre-Dame-sur-le-Lac, Qu\u00e9.); Beaulieu (Portage Lake); Bourgeois (Edmundston, N.B.); Carrier (Grand Isle); Chevarie\/Chavarie\/Cheverie (Madawaska); C\u00f4t\u00e9 (Grand Isle); Corbin (Grand Isle); Cormier (Edmundston); Doucette (Grand Isle); Dub\u00e9 (Saint-Juste-du-Lac, Qu\u00e9.); Geudry\/Labine\/Petitpas (Van Buren); Gendreau (Grand Isle); Hachez (T\u00e9micouata-sur-le-Lac, Qu\u00e9.); Lajoie (Cyr Plantation); Lavertu (Lavertu Settlement); Lavoie (Saint-Louis-du-Ha-Ha, Qu\u00e9.); L\u00e9ger\/L\u00e9g\u00e8re\/Trahan (St-Jacques and\/or Edmundston, N.B.); Lejeune (T\u00e9micouata, Qu\u00e9.); Lizotte (Grand Isle); Morrow (Grand Isle); Pellerin (Saint-Eus\u00e8be, Qu\u00e9.); Querry\/Turcotte (Saint-Quentin, N.B.); and Therrien (Rivi\u00e9re-Verte, N.B.).<\/p>\n<p align=\"left\">The Congress will take place from Aug. 8 to Aug. 24, 2014 throughout Maine, New Brunswick, and T\u00e9micouata region of Quebec.<\/p>\n<p align=\"left\">Read more: <a href=\"http:\/\/www.sjvalley-times.com\/\" target=\"_blank\" rel=\"noopener\">St. John Valley Times<\/a> &#8211; 28 new families registered for 2014 World Acadian Congress<\/p>","protected":false},"excerpt":{"rendered":"<p>8 August 2012 From left to right : Jason Parent, Emilien Nadeau and L\u00e9o-Paul Charest ST. DAVID &#8211; Leaders of the CMA 2014 were at the Acadian Cross Landing Site in St. David Wednesday for the announcement of 28 new families that will take part in the 2014 World Acadian Congress family reunions. To date, [&hellip;]<\/p>","protected":false},"author":2,"featured_media":0,"parent":930,"menu_order":0,"comment_status":"closed","ping_status":"closed","template":"","meta":{"_crdt_document":"","_themeisle_gutenberg_block_has_review":false,"iawp_total_views":0,"footnotes":""},"class_list":["post-938","page","type-page","status-publish","hentry"],"yoast_head":"<!-- This site is optimized with the Yoast SEO plugin v26.6 - https:\/\/yoast.com\/wordpress\/plugins\/seo\/ -->\n<title>Leaders of the CMA 2014 - Acadian Genealogy - Historical Acadian-Cajun Resources<\/title>\n<meta name=\"robots\" content=\"noindex, follow, max-snippet:-1, max-image-preview:large, max-video-preview:-1\" \/>\n<meta property=\"og:locale\" content=\"fr_CA\" \/>\n<meta property=\"og:type\" content=\"article\" \/>\n<meta property=\"og:title\" content=\"Leaders of the CMA 2014 - Acadian Genealogy - Historical Acadian-Cajun Resources\" \/>\n<meta property=\"og:description\" content=\"8 August 2012 From left to right : Jason Parent, Emilien Nadeau and L\u00e9o-Paul Charest ST. DAVID &#8211; Leaders of the CMA 2014 were at the Acadian Cross Landing Site in St. David Wednesday for the announcement of 28 new families that will take part in the 2014 World Acadian Congress family reunions. To date, [&hellip;]\" \/>\n<meta property=\"og:url\" content=\"https:\/\/acadiantest.cocompass.com\/fr\/culture\/acadian-world-congresscongres-mondial-acadien\/2014-acadian-world-congress\/leaders-cma-2014\/\" \/>\n<meta property=\"og:site_name\" content=\"Acadian Genealogy - Historical Acadian-Cajun Resources\" \/>\n<meta property=\"article:modified_time\" content=\"2018-11-25T01:58:38+00:00\" \/>\n<meta property=\"og:image\" content=\"https:\/\/acadian.mystagingwebsite.com\/images\/CMA2014-%20Family%20Reunions.jpg\" \/>\n<meta name=\"twitter:card\" content=\"summary_large_image\" \/>\n<meta name=\"twitter:label1\" content=\"Estimation du temps de lecture\" \/>\n\t<meta name=\"twitter:data1\" content=\"1 minute\" \/>\n<script type=\"application\/ld+json\" class=\"yoast-schema-graph\">{\"@context\":\"https:\/\/schema.org\",\"@graph\":[{\"@type\":\"WebPage\",\"@id\":\"https:\/\/acadiantest.cocompass.com\/culture\/acadian-world-congresscongres-mondial-acadien\/2014-acadian-world-congress\/leaders-cma-2014\/\",\"url\":\"https:\/\/acadiantest.cocompass.com\/culture\/acadian-world-congresscongres-mondial-acadien\/2014-acadian-world-congress\/leaders-cma-2014\/\",\"name\":\"Leaders of the CMA 2014 - Acadian Genealogy - Historical Acadian-Cajun Resources\",\"isPartOf\":{\"@id\":\"https:\/\/acadiantest.cocompass.com\/#website\"},\"primaryImageOfPage\":{\"@id\":\"https:\/\/acadiantest.cocompass.com\/culture\/acadian-world-congresscongres-mondial-acadien\/2014-acadian-world-congress\/leaders-cma-2014\/#primaryimage\"},\"image\":{\"@id\":\"https:\/\/acadiantest.cocompass.com\/culture\/acadian-world-congresscongres-mondial-acadien\/2014-acadian-world-congress\/leaders-cma-2014\/#primaryimage\"},\"thumbnailUrl\":\"https:\/\/acadiantest.cocompass.com\/images\/CMA2014-%20Family%20Reunions.jpg\",\"datePublished\":\"2016-08-26T18:41:02+00:00\",\"dateModified\":\"2018-11-25T01:58:38+00:00\",\"breadcrumb\":{\"@id\":\"https:\/\/acadiantest.cocompass.com\/culture\/acadian-world-congresscongres-mondial-acadien\/2014-acadian-world-congress\/leaders-cma-2014\/#breadcrumb\"},\"inLanguage\":\"fr-CA\",\"potentialAction\":[{\"@type\":\"ReadAction\",\"target\":[\"https:\/\/acadiantest.cocompass.com\/culture\/acadian-world-congresscongres-mondial-acadien\/2014-acadian-world-congress\/leaders-cma-2014\/\"]}]},{\"@type\":\"ImageObject\",\"inLanguage\":\"fr-CA\",\"@id\":\"https:\/\/acadiantest.cocompass.com\/culture\/acadian-world-congresscongres-mondial-acadien\/2014-acadian-world-congress\/leaders-cma-2014\/#primaryimage\",\"url\":\"https:\/\/acadiantest.cocompass.com\/images\/CMA2014-%20Family%20Reunions.jpg\",\"contentUrl\":\"https:\/\/acadiantest.cocompass.com\/images\/CMA2014-%20Family%20Reunions.jpg\"},{\"@type\":\"BreadcrumbList\",\"@id\":\"https:\/\/acadiantest.cocompass.com\/culture\/acadian-world-congresscongres-mondial-acadien\/2014-acadian-world-congress\/leaders-cma-2014\/#breadcrumb\",\"itemListElement\":[{\"@type\":\"ListItem\",\"position\":1,\"name\":\"Accueil\",\"item\":\"https:\/\/acadiantest.cocompass.com\/\"},{\"@type\":\"ListItem\",\"position\":2,\"name\":\"Culture\",\"item\":\"https:\/\/acadiantest.cocompass.com\/culture\/\"},{\"@type\":\"ListItem\",\"position\":3,\"name\":\"Acadian World Congress\/Congr\u00e8s Mondial Acadien\",\"item\":\"https:\/\/acadiantest.cocompass.com\/culture\/acadian-world-congresscongres-mondial-acadien\/\"},{\"@type\":\"ListItem\",\"position\":4,\"name\":\"2014 Acadian World Congress\",\"item\":\"https:\/\/acadiantest.cocompass.com\/culture\/acadian-world-congresscongres-mondial-acadien\/2014-acadian-world-congress\/\"},{\"@type\":\"ListItem\",\"position\":5,\"name\":\"Leaders of the CMA 2014\"}]},{\"@type\":\"WebSite\",\"@id\":\"https:\/\/acadiantest.cocompass.com\/#website\",\"url\":\"https:\/\/acadiantest.cocompass.com\/\",\"name\":\"Acadian Genealogy - Historical Acadian-Cajun Resources\",\"description\":\"Learn About Acadians and Cajuns\",\"publisher\":{\"@id\":\"https:\/\/acadiantest.cocompass.com\/#organization\"},\"potentialAction\":[{\"@type\":\"SearchAction\",\"target\":{\"@type\":\"EntryPoint\",\"urlTemplate\":\"https:\/\/acadiantest.cocompass.com\/?s={search_term_string}\"},\"query-input\":{\"@type\":\"PropertyValueSpecification\",\"valueRequired\":true,\"valueName\":\"search_term_string\"}}],\"inLanguage\":\"fr-CA\"},{\"@type\":\"Organization\",\"@id\":\"https:\/\/acadiantest.cocompass.com\/#organization\",\"name\":\"Acadian Genealogy - Historical Acadian-Cajun Resources\",\"url\":\"https:\/\/acadiantest.cocompass.com\/\",\"logo\":{\"@type\":\"ImageObject\",\"inLanguage\":\"fr-CA\",\"@id\":\"https:\/\/acadiantest.cocompass.com\/#\/schema\/logo\/image\/\",\"url\":\"https:\/\/acadiantest.cocompass.com\/wp-content\/uploads\/logo.png\",\"contentUrl\":\"https:\/\/acadiantest.cocompass.com\/wp-content\/uploads\/logo.png\",\"width\":303,\"height\":125,\"caption\":\"Acadian Genealogy - Historical Acadian-Cajun Resources\"},\"image\":{\"@id\":\"https:\/\/acadiantest.cocompass.com\/#\/schema\/logo\/image\/\"}}]}<\/script>\n<!-- \/ Yoast SEO plugin. -->","yoast_head_json":{"title":"Leaders of the CMA 2014 - Acadian Genealogy - Historical Acadian-Cajun Resources","robots":{"index":"noindex","follow":"follow","max-snippet":"max-snippet:-1","max-image-preview":"max-image-preview:large","max-video-preview":"max-video-preview:-1"},"og_locale":"fr_CA","og_type":"article","og_title":"Leaders of the CMA 2014 - Acadian Genealogy - Historical Acadian-Cajun Resources","og_description":"8 August 2012 From left to right : Jason Parent, Emilien Nadeau and L\u00e9o-Paul Charest ST. DAVID &#8211; Leaders of the CMA 2014 were at the Acadian Cross Landing Site in St. David Wednesday for the announcement of 28 new families that will take part in the 2014 World Acadian Congress family reunions. To date, [&hellip;]","og_url":"https:\/\/acadiantest.cocompass.com\/fr\/culture\/acadian-world-congresscongres-mondial-acadien\/2014-acadian-world-congress\/leaders-cma-2014\/","og_site_name":"Acadian Genealogy - Historical Acadian-Cajun Resources","article_modified_time":"2018-11-25T01:58:38+00:00","og_image":[{"url":"https:\/\/acadian.mystagingwebsite.com\/images\/CMA2014-%20Family%20Reunions.jpg","type":"","width":"","height":""}],"twitter_card":"summary_large_image","twitter_misc":{"Estimation du temps de lecture":"1 minute"},"schema":{"@context":"https:\/\/schema.org","@graph":[{"@type":"WebPage","@id":"https:\/\/acadiantest.cocompass.com\/culture\/acadian-world-congresscongres-mondial-acadien\/2014-acadian-world-congress\/leaders-cma-2014\/","url":"https:\/\/acadiantest.cocompass.com\/culture\/acadian-world-congresscongres-mondial-acadien\/2014-acadian-world-congress\/leaders-cma-2014\/","name":"Leaders of the CMA 2014 - Acadian Genealogy - Historical Acadian-Cajun Resources","isPartOf":{"@id":"https:\/\/acadiantest.cocompass.com\/#website"},"primaryImageOfPage":{"@id":"https:\/\/acadiantest.cocompass.com\/culture\/acadian-world-congresscongres-mondial-acadien\/2014-acadian-world-congress\/leaders-cma-2014\/#primaryimage"},"image":{"@id":"https:\/\/acadiantest.cocompass.com\/culture\/acadian-world-congresscongres-mondial-acadien\/2014-acadian-world-congress\/leaders-cma-2014\/#primaryimage"},"thumbnailUrl":"https:\/\/acadiantest.cocompass.com\/images\/CMA2014-%20Family%20Reunions.jpg","datePublished":"2016-08-26T18:41:02+00:00","dateModified":"2018-11-25T01:58:38+00:00","breadcrumb":{"@id":"https:\/\/acadiantest.cocompass.com\/culture\/acadian-world-congresscongres-mondial-acadien\/2014-acadian-world-congress\/leaders-cma-2014\/#breadcrumb"},"inLanguage":"fr-CA","potentialAction":[{"@type":"ReadAction","target":["https:\/\/acadiantest.cocompass.com\/culture\/acadian-world-congresscongres-mondial-acadien\/2014-acadian-world-congress\/leaders-cma-2014\/"]}]},{"@type":"ImageObject","inLanguage":"fr-CA","@id":"https:\/\/acadiantest.cocompass.com\/culture\/acadian-world-congresscongres-mondial-acadien\/2014-acadian-world-congress\/leaders-cma-2014\/#primaryimage","url":"https:\/\/acadiantest.cocompass.com\/images\/CMA2014-%20Family%20Reunions.jpg","contentUrl":"https:\/\/acadiantest.cocompass.com\/images\/CMA2014-%20Family%20Reunions.jpg"},{"@type":"BreadcrumbList","@id":"https:\/\/acadiantest.cocompass.com\/culture\/acadian-world-congresscongres-mondial-acadien\/2014-acadian-world-congress\/leaders-cma-2014\/#breadcrumb","itemListElement":[{"@type":"ListItem","position":1,"name":"Accueil","item":"https:\/\/acadiantest.cocompass.com\/"},{"@type":"ListItem","position":2,"name":"Culture","item":"https:\/\/acadiantest.cocompass.com\/culture\/"},{"@type":"ListItem","position":3,"name":"Acadian World Congress\/Congr\u00e8s Mondial Acadien","item":"https:\/\/acadiantest.cocompass.com\/culture\/acadian-world-congresscongres-mondial-acadien\/"},{"@type":"ListItem","position":4,"name":"2014 Acadian World Congress","item":"https:\/\/acadiantest.cocompass.com\/culture\/acadian-world-congresscongres-mondial-acadien\/2014-acadian-world-congress\/"},{"@type":"ListItem","position":5,"name":"Leaders of the CMA 2014"}]},{"@type":"WebSite","@id":"https:\/\/acadiantest.cocompass.com\/#website","url":"https:\/\/acadiantest.cocompass.com\/","name":"Acadian Genealogy - Historical Acadian-Cajun Resources","description":"Learn About Acadians and Cajuns","publisher":{"@id":"https:\/\/acadiantest.cocompass.com\/#organization"},"potentialAction":[{"@type":"SearchAction","target":{"@type":"EntryPoint","urlTemplate":"https:\/\/acadiantest.cocompass.com\/?s={search_term_string}"},"query-input":{"@type":"PropertyValueSpecification","valueRequired":true,"valueName":"search_term_string"}}],"inLanguage":"fr-CA"},{"@type":"Organization","@id":"https:\/\/acadiantest.cocompass.com\/#organization","name":"Acadian Genealogy - Historical Acadian-Cajun Resources","url":"https:\/\/acadiantest.cocompass.com\/","logo":{"@type":"ImageObject","inLanguage":"fr-CA","@id":"https:\/\/acadiantest.cocompass.com\/#\/schema\/logo\/image\/","url":"https:\/\/acadiantest.cocompass.com\/wp-content\/uploads\/logo.png","contentUrl":"https:\/\/acadiantest.cocompass.com\/wp-content\/uploads\/logo.png","width":303,"height":125,"caption":"Acadian Genealogy - Historical Acadian-Cajun Resources"},"image":{"@id":"https:\/\/acadiantest.cocompass.com\/#\/schema\/logo\/image\/"}}]}},"_links":{"self":[{"href":"https:\/\/acadiantest.cocompass.com\/fr\/wp-json\/wp\/v2\/pages\/938","targetHints":{"allow":["GET"]}}],"collection":[{"href":"https:\/\/acadiantest.cocompass.com\/fr\/wp-json\/wp\/v2\/pages"}],"about":[{"href":"https:\/\/acadiantest.cocompass.com\/fr\/wp-json\/wp\/v2\/types\/page"}],"author":[{"embeddable":true,"href":"https:\/\/acadiantest.cocompass.com\/fr\/wp-json\/wp\/v2\/users\/2"}],"replies":[{"embeddable":true,"href":"https:\/\/acadiantest.cocompass.com\/fr\/wp-json\/wp\/v2\/comments?post=938"}],"version-history":[{"count":0,"href":"https:\/\/acadiantest.cocompass.com\/fr\/wp-json\/wp\/v2\/pages\/938\/revisions"}],"up":[{"embeddable":true,"href":"https:\/\/acadiantest.cocompass.com\/fr\/wp-json\/wp\/v2\/pages\/930"}],"wp:attachment":[{"href":"https:\/\/acadiantest.cocompass.com\/fr\/wp-json\/wp\/v2\/media?parent=938"}],"curies":[{"name":"wp","href":"https:\/\/api.w.org\/{rel}","templated":true}]}}