{"id":945,"date":"2016-08-26T14:52:17","date_gmt":"2016-08-26T18:52:17","guid":{"rendered":"https:\/\/acadiantest.cocompass.com\/?page_id=945"},"modified":"2018-11-24T21:01:56","modified_gmt":"2018-11-25T02:01:56","slug":"artcadie-exhibition-2014","status":"publish","type":"page","link":"https:\/\/acadiantest.cocompass.com\/fr\/culture\/acadian-world-congresscongres-mondial-acadien\/2014-acadian-world-congress\/news-releases-cma-2014\/artcadie-exhibition-2014\/","title":{"rendered":"ArtCADIE Exhibition 2014"},"content":{"rendered":"<p align=\"center\">ArtCADIE exhibition, coming soon in Acadia of the Lands and Forests<\/p>\n<p>June 15, 2012<\/p>\n<p>Edmundston (NB) &#8211; The renowned travelling exhibition, ArtCADIE is touring in Acadia of the Lands and Forests in the coming months. This prestigious visual arts exhibition brings together works by thirty-two professional artists and reflects the culture, history and Acadian life through time. It will be presented in thethree regions that constitute the Acadia of the Lands and Forests, host of the 2014 World Acadian Congress.<\/p>\n<p>\u00b7 From June 29th to August 15th -Acadian Archives Gallery at the University of Maine in Fort Kent<br \/>\n\u00b7 From August 24th to September 23th &#8211; Church of Saint-Elzear-de-T\u00e9miscouata in Qu\u00e9bec<br \/>\n\u00b7 From October 5th to December 2nd &#8211; Gallery Colline at the University of Moncton, Edmundston Campus in New-Brunswick<\/p>\n<p>From October 5th to December 2nd &#8211; Gallery Colline at the University of Moncton, Edmundston Campus in New-Brunswick. With ArtCADIE, artistic expression takes the environment of the maritime, agricultural, riparian, islands or urban landscape to tell its &#8220;acadiennet\u00e9&#8221;. The artists&#8217; origin is diversified: New-Brunswick, Nova Scotia, Prince-Edward-Island, Iles-de-la-Madeleine and Gasp\u00e9sie. Their works were selected after a competition, inviting them to submit a creative painting or sculpture project by the theme &#8220;Visions of Acadian Space&#8221;. Works of a guest artist from Louisiana and works from the Acadian artist N\u00e9r\u00e9e DeGr\u00e2ce are also part of the exhibition. Created in 2004 in commemoration of the 400th anniversary of Acadia&#8217; founding, ArtCADIE is the result of the association between the Acadian Museum in Bonaventure Quebec, the Acadian Festival of Caraquet and the Marine Musuem of Iles de-le-Madeleine and Celebrations Canada. The exhibition has already been presented in Normandy, Britain, France and in several places in Canada.<\/p>\n<p>This is a great way to discover an important part of our Acadian&#8217; culture and pride! For more information, call 506-737-2014<\/p>","protected":false},"excerpt":{"rendered":"<p>ArtCADIE exhibition, coming soon in Acadia of the Lands and Forests June 15, 2012 Edmundston (NB) &#8211; The renowned travelling exhibition, ArtCADIE is touring in Acadia of the Lands and Forests in the coming months. This prestigious visual arts exhibition brings together works by thirty-two professional artists and reflects the culture, history and Acadian life [&hellip;]<\/p>","protected":false},"author":2,"featured_media":0,"parent":940,"menu_order":0,"comment_status":"closed","ping_status":"closed","template":"","meta":{"_crdt_document":"","_themeisle_gutenberg_block_has_review":false,"iawp_total_views":0,"footnotes":""},"class_list":["post-945","page","type-page","status-publish","hentry"],"yoast_head":"<!-- This site is optimized with the Yoast SEO plugin v26.6 - https:\/\/yoast.com\/wordpress\/plugins\/seo\/ -->\n<title>ArtCADIE Exhibition 2014 - Acadian Genealogy - Historical Acadian-Cajun Resources<\/title>\n<meta name=\"robots\" content=\"noindex, follow, max-snippet:-1, max-image-preview:large, max-video-preview:-1\" \/>\n<meta property=\"og:locale\" content=\"fr_CA\" \/>\n<meta property=\"og:type\" content=\"article\" \/>\n<meta property=\"og:title\" content=\"ArtCADIE Exhibition 2014 - Acadian Genealogy - Historical Acadian-Cajun Resources\" \/>\n<meta property=\"og:description\" content=\"ArtCADIE exhibition, coming soon in Acadia of the Lands and Forests June 15, 2012 Edmundston (NB) &#8211; The renowned travelling exhibition, ArtCADIE is touring in Acadia of the Lands and Forests in the coming months. This prestigious visual arts exhibition brings together works by thirty-two professional artists and reflects the culture, history and Acadian life [&hellip;]\" \/>\n<meta property=\"og:url\" content=\"https:\/\/acadiantest.cocompass.com\/fr\/culture\/acadian-world-congresscongres-mondial-acadien\/2014-acadian-world-congress\/news-releases-cma-2014\/artcadie-exhibition-2014\/\" \/>\n<meta property=\"og:site_name\" content=\"Acadian Genealogy - Historical Acadian-Cajun Resources\" \/>\n<meta property=\"article:modified_time\" content=\"2018-11-25T02:01:56+00:00\" \/>\n<meta name=\"twitter:card\" content=\"summary_large_image\" \/>\n<meta name=\"twitter:label1\" content=\"Estimation du temps de lecture\" \/>\n\t<meta name=\"twitter:data1\" content=\"2 minutes\" \/>\n<script type=\"application\/ld+json\" class=\"yoast-schema-graph\">{\"@context\":\"https:\/\/schema.org\",\"@graph\":[{\"@type\":\"WebPage\",\"@id\":\"https:\/\/acadiantest.cocompass.com\/culture\/acadian-world-congresscongres-mondial-acadien\/2014-acadian-world-congress\/news-releases-cma-2014\/artcadie-exhibition-2014\/\",\"url\":\"https:\/\/acadiantest.cocompass.com\/culture\/acadian-world-congresscongres-mondial-acadien\/2014-acadian-world-congress\/news-releases-cma-2014\/artcadie-exhibition-2014\/\",\"name\":\"ArtCADIE Exhibition 2014 - Acadian Genealogy - Historical Acadian-Cajun Resources\",\"isPartOf\":{\"@id\":\"https:\/\/acadiantest.cocompass.com\/#website\"},\"datePublished\":\"2016-08-26T18:52:17+00:00\",\"dateModified\":\"2018-11-25T02:01:56+00:00\",\"breadcrumb\":{\"@id\":\"https:\/\/acadiantest.cocompass.com\/culture\/acadian-world-congresscongres-mondial-acadien\/2014-acadian-world-congress\/news-releases-cma-2014\/artcadie-exhibition-2014\/#breadcrumb\"},\"inLanguage\":\"fr-CA\",\"potentialAction\":[{\"@type\":\"ReadAction\",\"target\":[\"https:\/\/acadiantest.cocompass.com\/culture\/acadian-world-congresscongres-mondial-acadien\/2014-acadian-world-congress\/news-releases-cma-2014\/artcadie-exhibition-2014\/\"]}]},{\"@type\":\"BreadcrumbList\",\"@id\":\"https:\/\/acadiantest.cocompass.com\/culture\/acadian-world-congresscongres-mondial-acadien\/2014-acadian-world-congress\/news-releases-cma-2014\/artcadie-exhibition-2014\/#breadcrumb\",\"itemListElement\":[{\"@type\":\"ListItem\",\"position\":1,\"name\":\"Accueil\",\"item\":\"https:\/\/acadiantest.cocompass.com\/\"},{\"@type\":\"ListItem\",\"position\":2,\"name\":\"Culture\",\"item\":\"https:\/\/acadiantest.cocompass.com\/culture\/\"},{\"@type\":\"ListItem\",\"position\":3,\"name\":\"Acadian World Congress\/Congr\u00e8s Mondial Acadien\",\"item\":\"https:\/\/acadiantest.cocompass.com\/culture\/acadian-world-congresscongres-mondial-acadien\/\"},{\"@type\":\"ListItem\",\"position\":4,\"name\":\"2014 Acadian World Congress\",\"item\":\"https:\/\/acadiantest.cocompass.com\/culture\/acadian-world-congresscongres-mondial-acadien\/2014-acadian-world-congress\/\"},{\"@type\":\"ListItem\",\"position\":5,\"name\":\"News Releases CMA 2014\",\"item\":\"https:\/\/acadiantest.cocompass.com\/culture\/acadian-world-congresscongres-mondial-acadien\/2014-acadian-world-congress\/news-releases-cma-2014\/\"},{\"@type\":\"ListItem\",\"position\":6,\"name\":\"ArtCADIE Exhibition 2014\"}]},{\"@type\":\"WebSite\",\"@id\":\"https:\/\/acadiantest.cocompass.com\/#website\",\"url\":\"https:\/\/acadiantest.cocompass.com\/\",\"name\":\"Acadian Genealogy - Historical Acadian-Cajun Resources\",\"description\":\"Learn About Acadians and Cajuns\",\"publisher\":{\"@id\":\"https:\/\/acadiantest.cocompass.com\/#organization\"},\"potentialAction\":[{\"@type\":\"SearchAction\",\"target\":{\"@type\":\"EntryPoint\",\"urlTemplate\":\"https:\/\/acadiantest.cocompass.com\/?s={search_term_string}\"},\"query-input\":{\"@type\":\"PropertyValueSpecification\",\"valueRequired\":true,\"valueName\":\"search_term_string\"}}],\"inLanguage\":\"fr-CA\"},{\"@type\":\"Organization\",\"@id\":\"https:\/\/acadiantest.cocompass.com\/#organization\",\"name\":\"Acadian Genealogy - Historical Acadian-Cajun Resources\",\"url\":\"https:\/\/acadiantest.cocompass.com\/\",\"logo\":{\"@type\":\"ImageObject\",\"inLanguage\":\"fr-CA\",\"@id\":\"https:\/\/acadiantest.cocompass.com\/#\/schema\/logo\/image\/\",\"url\":\"https:\/\/acadiantest.cocompass.com\/wp-content\/uploads\/logo.png\",\"contentUrl\":\"https:\/\/acadiantest.cocompass.com\/wp-content\/uploads\/logo.png\",\"width\":303,\"height\":125,\"caption\":\"Acadian Genealogy - Historical Acadian-Cajun Resources\"},\"image\":{\"@id\":\"https:\/\/acadiantest.cocompass.com\/#\/schema\/logo\/image\/\"}}]}<\/script>\n<!-- \/ Yoast SEO plugin. -->","yoast_head_json":{"title":"ArtCADIE Exhibition 2014 - Acadian Genealogy - Historical Acadian-Cajun Resources","robots":{"index":"noindex","follow":"follow","max-snippet":"max-snippet:-1","max-image-preview":"max-image-preview:large","max-video-preview":"max-video-preview:-1"},"og_locale":"fr_CA","og_type":"article","og_title":"ArtCADIE Exhibition 2014 - Acadian Genealogy - Historical Acadian-Cajun Resources","og_description":"ArtCADIE exhibition, coming soon in Acadia of the Lands and Forests June 15, 2012 Edmundston (NB) &#8211; The renowned travelling exhibition, ArtCADIE is touring in Acadia of the Lands and Forests in the coming months. This prestigious visual arts exhibition brings together works by thirty-two professional artists and reflects the culture, history and Acadian life [&hellip;]","og_url":"https:\/\/acadiantest.cocompass.com\/fr\/culture\/acadian-world-congresscongres-mondial-acadien\/2014-acadian-world-congress\/news-releases-cma-2014\/artcadie-exhibition-2014\/","og_site_name":"Acadian Genealogy - Historical Acadian-Cajun Resources","article_modified_time":"2018-11-25T02:01:56+00:00","twitter_card":"summary_large_image","twitter_misc":{"Estimation du temps de lecture":"2 minutes"},"schema":{"@context":"https:\/\/schema.org","@graph":[{"@type":"WebPage","@id":"https:\/\/acadiantest.cocompass.com\/culture\/acadian-world-congresscongres-mondial-acadien\/2014-acadian-world-congress\/news-releases-cma-2014\/artcadie-exhibition-2014\/","url":"https:\/\/acadiantest.cocompass.com\/culture\/acadian-world-congresscongres-mondial-acadien\/2014-acadian-world-congress\/news-releases-cma-2014\/artcadie-exhibition-2014\/","name":"ArtCADIE Exhibition 2014 - Acadian Genealogy - Historical Acadian-Cajun Resources","isPartOf":{"@id":"https:\/\/acadiantest.cocompass.com\/#website"},"datePublished":"2016-08-26T18:52:17+00:00","dateModified":"2018-11-25T02:01:56+00:00","breadcrumb":{"@id":"https:\/\/acadiantest.cocompass.com\/culture\/acadian-world-congresscongres-mondial-acadien\/2014-acadian-world-congress\/news-releases-cma-2014\/artcadie-exhibition-2014\/#breadcrumb"},"inLanguage":"fr-CA","potentialAction":[{"@type":"ReadAction","target":["https:\/\/acadiantest.cocompass.com\/culture\/acadian-world-congresscongres-mondial-acadien\/2014-acadian-world-congress\/news-releases-cma-2014\/artcadie-exhibition-2014\/"]}]},{"@type":"BreadcrumbList","@id":"https:\/\/acadiantest.cocompass.com\/culture\/acadian-world-congresscongres-mondial-acadien\/2014-acadian-world-congress\/news-releases-cma-2014\/artcadie-exhibition-2014\/#breadcrumb","itemListElement":[{"@type":"ListItem","position":1,"name":"Accueil","item":"https:\/\/acadiantest.cocompass.com\/"},{"@type":"ListItem","position":2,"name":"Culture","item":"https:\/\/acadiantest.cocompass.com\/culture\/"},{"@type":"ListItem","position":3,"name":"Acadian World Congress\/Congr\u00e8s Mondial Acadien","item":"https:\/\/acadiantest.cocompass.com\/culture\/acadian-world-congresscongres-mondial-acadien\/"},{"@type":"ListItem","position":4,"name":"2014 Acadian World Congress","item":"https:\/\/acadiantest.cocompass.com\/culture\/acadian-world-congresscongres-mondial-acadien\/2014-acadian-world-congress\/"},{"@type":"ListItem","position":5,"name":"News Releases CMA 2014","item":"https:\/\/acadiantest.cocompass.com\/culture\/acadian-world-congresscongres-mondial-acadien\/2014-acadian-world-congress\/news-releases-cma-2014\/"},{"@type":"ListItem","position":6,"name":"ArtCADIE Exhibition 2014"}]},{"@type":"WebSite","@id":"https:\/\/acadiantest.cocompass.com\/#website","url":"https:\/\/acadiantest.cocompass.com\/","name":"Acadian Genealogy - Historical Acadian-Cajun Resources","description":"Learn About Acadians and Cajuns","publisher":{"@id":"https:\/\/acadiantest.cocompass.com\/#organization"},"potentialAction":[{"@type":"SearchAction","target":{"@type":"EntryPoint","urlTemplate":"https:\/\/acadiantest.cocompass.com\/?s={search_term_string}"},"query-input":{"@type":"PropertyValueSpecification","valueRequired":true,"valueName":"search_term_string"}}],"inLanguage":"fr-CA"},{"@type":"Organization","@id":"https:\/\/acadiantest.cocompass.com\/#organization","name":"Acadian Genealogy - Historical Acadian-Cajun Resources","url":"https:\/\/acadiantest.cocompass.com\/","logo":{"@type":"ImageObject","inLanguage":"fr-CA","@id":"https:\/\/acadiantest.cocompass.com\/#\/schema\/logo\/image\/","url":"https:\/\/acadiantest.cocompass.com\/wp-content\/uploads\/logo.png","contentUrl":"https:\/\/acadiantest.cocompass.com\/wp-content\/uploads\/logo.png","width":303,"height":125,"caption":"Acadian Genealogy - Historical Acadian-Cajun Resources"},"image":{"@id":"https:\/\/acadiantest.cocompass.com\/#\/schema\/logo\/image\/"}}]}},"_links":{"self":[{"href":"https:\/\/acadiantest.cocompass.com\/fr\/wp-json\/wp\/v2\/pages\/945","targetHints":{"allow":["GET"]}}],"collection":[{"href":"https:\/\/acadiantest.cocompass.com\/fr\/wp-json\/wp\/v2\/pages"}],"about":[{"href":"https:\/\/acadiantest.cocompass.com\/fr\/wp-json\/wp\/v2\/types\/page"}],"author":[{"embeddable":true,"href":"https:\/\/acadiantest.cocompass.com\/fr\/wp-json\/wp\/v2\/users\/2"}],"replies":[{"embeddable":true,"href":"https:\/\/acadiantest.cocompass.com\/fr\/wp-json\/wp\/v2\/comments?post=945"}],"version-history":[{"count":0,"href":"https:\/\/acadiantest.cocompass.com\/fr\/wp-json\/wp\/v2\/pages\/945\/revisions"}],"up":[{"embeddable":true,"href":"https:\/\/acadiantest.cocompass.com\/fr\/wp-json\/wp\/v2\/pages\/940"}],"wp:attachment":[{"href":"https:\/\/acadiantest.cocompass.com\/fr\/wp-json\/wp\/v2\/media?parent=945"}],"curies":[{"name":"wp","href":"https:\/\/api.w.org\/{rel}","templated":true}]}}