{"id":954,"date":"2016-08-26T14:58:32","date_gmt":"2016-08-26T18:58:32","guid":{"rendered":"https:\/\/acadiantest.cocompass.com\/?page_id=954"},"modified":"2018-11-24T21:06:00","modified_gmt":"2018-11-25T02:06:00","slug":"local-entreneur-will-lead-cma-2014-economical-component","status":"publish","type":"page","link":"https:\/\/acadiantest.cocompass.com\/fr\/culture\/acadian-world-congresscongres-mondial-acadien\/2014-acadian-world-congress\/news-releases-cma-2014\/local-entreneur-will-lead-cma-2014-economical-component\/","title":{"rendered":"A Local Entreneur will Lead the CMA 2014 Economical Component"},"content":{"rendered":"<p>&nbsp;<\/p>\n<p align=\"left\">April 3, 2012 CMA Press Release<\/p>\n<p align=\"left\">A well-known entrepreneur in the New Brunswick and regional business community is appointed coordinator for the economical component of the CMA 2014. In the past few years, Mrs. Francine Landry was awarded many distinctions recognizing her sense of business. She held many important positions in her career including Assistant Director and Economic Development Officer for the Northwest Industrial Commission during 14 years<\/p>\n<p>The Executive Director for CMA 2014, Leo-Paul Charest is pleased to announce this new acquisition for the event. &#8220;The CMA 2014 organization welcomes the partnership with the R\u00e9seau de d\u00e9veloppement \u00e9conomique et d&#8217;employabilit\u00e9 du Nouveau-Brunswick (RD\u00c9E NB) and especially the fact that we managed to attract a person of the calibre of Francine Landry to lead the economic component. With a projected economic impact of more than $55 millions in the region, we aim to make a pillar of the Congress out of the economic component and a major contributor to its success.<\/p>\n<p>Johanne L\u00e9vesque, RD\u00c9E NB manager, believes that Ms. Landry represents a good element to fully realize the expectations and foster the necessary partnerships to contribute to the success of the economic component.<\/p>\n<p>As coordinator, Francine Landry will focus on encouraging and building the economic initiatives in relation with CMA 2014. She will be working closely with economic organisations on the Acadia of the Lands and Forest territory (i.e parts of Maine, New-Brunswick and Quebec).<\/p>\n<p>Francine Landry who officially started as coordinator on April 2nd, is looking forward to meeting the challenges in front of her: &#8220;The 2014 World Acadian Congress is a unique opportunity to develop permanent links between our regions, demonstrate our creativity, promote our quality of life, create business opportunities and collaboration between entrepreneurs and other leaders in our communities.&#8221;<\/p>\n<p>About\u2026<br \/>\nThe World Acadian Congress is an event that happens every five years and brings together the Acadian diaspora throughout the world. Activities will be delivered throughout the Acadia of the Lands and Forests region during 17 days, from August 8th to 24th, 2014. The event is community based with the intention of showing the heritage, the culture and other regional charm.<\/p>","protected":false},"excerpt":{"rendered":"<p>&nbsp; April 3, 2012 CMA Press Release A well-known entrepreneur in the New Brunswick and regional business community is appointed coordinator for the economical component of the CMA 2014. In the past few years, Mrs. Francine Landry was awarded many distinctions recognizing her sense of business. She held many important positions in her career including [&hellip;]<\/p>","protected":false},"author":2,"featured_media":0,"parent":940,"menu_order":0,"comment_status":"closed","ping_status":"closed","template":"","meta":{"_crdt_document":"","_themeisle_gutenberg_block_has_review":false,"iawp_total_views":0,"footnotes":""},"class_list":["post-954","page","type-page","status-publish","hentry"],"yoast_head":"<!-- This site is optimized with the Yoast SEO plugin v26.6 - https:\/\/yoast.com\/wordpress\/plugins\/seo\/ -->\n<title>A Local Entreneur will Lead the CMA 2014 Economical Component - Acadian Genealogy - Historical Acadian-Cajun Resources<\/title>\n<meta name=\"robots\" content=\"noindex, follow, max-snippet:-1, max-image-preview:large, max-video-preview:-1\" \/>\n<meta property=\"og:locale\" content=\"fr_CA\" \/>\n<meta property=\"og:type\" content=\"article\" \/>\n<meta property=\"og:title\" content=\"A Local Entreneur will Lead the CMA 2014 Economical Component - Acadian Genealogy - Historical Acadian-Cajun Resources\" \/>\n<meta property=\"og:description\" content=\"&nbsp; April 3, 2012 CMA Press Release A well-known entrepreneur in the New Brunswick and regional business community is appointed coordinator for the economical component of the CMA 2014. In the past few years, Mrs. Francine Landry was awarded many distinctions recognizing her sense of business. She held many important positions in her career including [&hellip;]\" \/>\n<meta property=\"og:url\" content=\"https:\/\/acadiantest.cocompass.com\/fr\/culture\/acadian-world-congresscongres-mondial-acadien\/2014-acadian-world-congress\/news-releases-cma-2014\/local-entreneur-will-lead-cma-2014-economical-component\/\" \/>\n<meta property=\"og:site_name\" content=\"Acadian Genealogy - Historical Acadian-Cajun Resources\" \/>\n<meta property=\"article:modified_time\" content=\"2018-11-25T02:06:00+00:00\" \/>\n<meta name=\"twitter:card\" content=\"summary_large_image\" \/>\n<meta name=\"twitter:label1\" content=\"Estimation du temps de lecture\" \/>\n\t<meta name=\"twitter:data1\" content=\"2 minutes\" \/>\n<script type=\"application\/ld+json\" class=\"yoast-schema-graph\">{\"@context\":\"https:\/\/schema.org\",\"@graph\":[{\"@type\":\"WebPage\",\"@id\":\"https:\/\/acadiantest.cocompass.com\/culture\/acadian-world-congresscongres-mondial-acadien\/2014-acadian-world-congress\/news-releases-cma-2014\/local-entreneur-will-lead-cma-2014-economical-component\/\",\"url\":\"https:\/\/acadiantest.cocompass.com\/culture\/acadian-world-congresscongres-mondial-acadien\/2014-acadian-world-congress\/news-releases-cma-2014\/local-entreneur-will-lead-cma-2014-economical-component\/\",\"name\":\"A Local Entreneur will Lead the CMA 2014 Economical Component - Acadian Genealogy - Historical Acadian-Cajun Resources\",\"isPartOf\":{\"@id\":\"https:\/\/acadiantest.cocompass.com\/#website\"},\"datePublished\":\"2016-08-26T18:58:32+00:00\",\"dateModified\":\"2018-11-25T02:06:00+00:00\",\"breadcrumb\":{\"@id\":\"https:\/\/acadiantest.cocompass.com\/culture\/acadian-world-congresscongres-mondial-acadien\/2014-acadian-world-congress\/news-releases-cma-2014\/local-entreneur-will-lead-cma-2014-economical-component\/#breadcrumb\"},\"inLanguage\":\"fr-CA\",\"potentialAction\":[{\"@type\":\"ReadAction\",\"target\":[\"https:\/\/acadiantest.cocompass.com\/culture\/acadian-world-congresscongres-mondial-acadien\/2014-acadian-world-congress\/news-releases-cma-2014\/local-entreneur-will-lead-cma-2014-economical-component\/\"]}]},{\"@type\":\"BreadcrumbList\",\"@id\":\"https:\/\/acadiantest.cocompass.com\/culture\/acadian-world-congresscongres-mondial-acadien\/2014-acadian-world-congress\/news-releases-cma-2014\/local-entreneur-will-lead-cma-2014-economical-component\/#breadcrumb\",\"itemListElement\":[{\"@type\":\"ListItem\",\"position\":1,\"name\":\"Accueil\",\"item\":\"https:\/\/acadiantest.cocompass.com\/\"},{\"@type\":\"ListItem\",\"position\":2,\"name\":\"Culture\",\"item\":\"https:\/\/acadiantest.cocompass.com\/culture\/\"},{\"@type\":\"ListItem\",\"position\":3,\"name\":\"Acadian World Congress\/Congr\u00e8s Mondial Acadien\",\"item\":\"https:\/\/acadiantest.cocompass.com\/culture\/acadian-world-congresscongres-mondial-acadien\/\"},{\"@type\":\"ListItem\",\"position\":4,\"name\":\"2014 Acadian World Congress\",\"item\":\"https:\/\/acadiantest.cocompass.com\/culture\/acadian-world-congresscongres-mondial-acadien\/2014-acadian-world-congress\/\"},{\"@type\":\"ListItem\",\"position\":5,\"name\":\"News Releases CMA 2014\",\"item\":\"https:\/\/acadiantest.cocompass.com\/culture\/acadian-world-congresscongres-mondial-acadien\/2014-acadian-world-congress\/news-releases-cma-2014\/\"},{\"@type\":\"ListItem\",\"position\":6,\"name\":\"A Local Entreneur will Lead the CMA 2014 Economical Component\"}]},{\"@type\":\"WebSite\",\"@id\":\"https:\/\/acadiantest.cocompass.com\/#website\",\"url\":\"https:\/\/acadiantest.cocompass.com\/\",\"name\":\"Acadian Genealogy - Historical Acadian-Cajun Resources\",\"description\":\"Learn About Acadians and Cajuns\",\"publisher\":{\"@id\":\"https:\/\/acadiantest.cocompass.com\/#organization\"},\"potentialAction\":[{\"@type\":\"SearchAction\",\"target\":{\"@type\":\"EntryPoint\",\"urlTemplate\":\"https:\/\/acadiantest.cocompass.com\/?s={search_term_string}\"},\"query-input\":{\"@type\":\"PropertyValueSpecification\",\"valueRequired\":true,\"valueName\":\"search_term_string\"}}],\"inLanguage\":\"fr-CA\"},{\"@type\":\"Organization\",\"@id\":\"https:\/\/acadiantest.cocompass.com\/#organization\",\"name\":\"Acadian Genealogy - Historical Acadian-Cajun Resources\",\"url\":\"https:\/\/acadiantest.cocompass.com\/\",\"logo\":{\"@type\":\"ImageObject\",\"inLanguage\":\"fr-CA\",\"@id\":\"https:\/\/acadiantest.cocompass.com\/#\/schema\/logo\/image\/\",\"url\":\"https:\/\/acadiantest.cocompass.com\/wp-content\/uploads\/logo.png\",\"contentUrl\":\"https:\/\/acadiantest.cocompass.com\/wp-content\/uploads\/logo.png\",\"width\":303,\"height\":125,\"caption\":\"Acadian Genealogy - Historical Acadian-Cajun Resources\"},\"image\":{\"@id\":\"https:\/\/acadiantest.cocompass.com\/#\/schema\/logo\/image\/\"}}]}<\/script>\n<!-- \/ Yoast SEO plugin. -->","yoast_head_json":{"title":"A Local Entreneur will Lead the CMA 2014 Economical Component - Acadian Genealogy - Historical Acadian-Cajun Resources","robots":{"index":"noindex","follow":"follow","max-snippet":"max-snippet:-1","max-image-preview":"max-image-preview:large","max-video-preview":"max-video-preview:-1"},"og_locale":"fr_CA","og_type":"article","og_title":"A Local Entreneur will Lead the CMA 2014 Economical Component - Acadian Genealogy - Historical Acadian-Cajun Resources","og_description":"&nbsp; April 3, 2012 CMA Press Release A well-known entrepreneur in the New Brunswick and regional business community is appointed coordinator for the economical component of the CMA 2014. In the past few years, Mrs. Francine Landry was awarded many distinctions recognizing her sense of business. She held many important positions in her career including [&hellip;]","og_url":"https:\/\/acadiantest.cocompass.com\/fr\/culture\/acadian-world-congresscongres-mondial-acadien\/2014-acadian-world-congress\/news-releases-cma-2014\/local-entreneur-will-lead-cma-2014-economical-component\/","og_site_name":"Acadian Genealogy - Historical Acadian-Cajun Resources","article_modified_time":"2018-11-25T02:06:00+00:00","twitter_card":"summary_large_image","twitter_misc":{"Estimation du temps de lecture":"2 minutes"},"schema":{"@context":"https:\/\/schema.org","@graph":[{"@type":"WebPage","@id":"https:\/\/acadiantest.cocompass.com\/culture\/acadian-world-congresscongres-mondial-acadien\/2014-acadian-world-congress\/news-releases-cma-2014\/local-entreneur-will-lead-cma-2014-economical-component\/","url":"https:\/\/acadiantest.cocompass.com\/culture\/acadian-world-congresscongres-mondial-acadien\/2014-acadian-world-congress\/news-releases-cma-2014\/local-entreneur-will-lead-cma-2014-economical-component\/","name":"A Local Entreneur will Lead the CMA 2014 Economical Component - Acadian Genealogy - Historical Acadian-Cajun Resources","isPartOf":{"@id":"https:\/\/acadiantest.cocompass.com\/#website"},"datePublished":"2016-08-26T18:58:32+00:00","dateModified":"2018-11-25T02:06:00+00:00","breadcrumb":{"@id":"https:\/\/acadiantest.cocompass.com\/culture\/acadian-world-congresscongres-mondial-acadien\/2014-acadian-world-congress\/news-releases-cma-2014\/local-entreneur-will-lead-cma-2014-economical-component\/#breadcrumb"},"inLanguage":"fr-CA","potentialAction":[{"@type":"ReadAction","target":["https:\/\/acadiantest.cocompass.com\/culture\/acadian-world-congresscongres-mondial-acadien\/2014-acadian-world-congress\/news-releases-cma-2014\/local-entreneur-will-lead-cma-2014-economical-component\/"]}]},{"@type":"BreadcrumbList","@id":"https:\/\/acadiantest.cocompass.com\/culture\/acadian-world-congresscongres-mondial-acadien\/2014-acadian-world-congress\/news-releases-cma-2014\/local-entreneur-will-lead-cma-2014-economical-component\/#breadcrumb","itemListElement":[{"@type":"ListItem","position":1,"name":"Accueil","item":"https:\/\/acadiantest.cocompass.com\/"},{"@type":"ListItem","position":2,"name":"Culture","item":"https:\/\/acadiantest.cocompass.com\/culture\/"},{"@type":"ListItem","position":3,"name":"Acadian World Congress\/Congr\u00e8s Mondial Acadien","item":"https:\/\/acadiantest.cocompass.com\/culture\/acadian-world-congresscongres-mondial-acadien\/"},{"@type":"ListItem","position":4,"name":"2014 Acadian World Congress","item":"https:\/\/acadiantest.cocompass.com\/culture\/acadian-world-congresscongres-mondial-acadien\/2014-acadian-world-congress\/"},{"@type":"ListItem","position":5,"name":"News Releases CMA 2014","item":"https:\/\/acadiantest.cocompass.com\/culture\/acadian-world-congresscongres-mondial-acadien\/2014-acadian-world-congress\/news-releases-cma-2014\/"},{"@type":"ListItem","position":6,"name":"A Local Entreneur will Lead the CMA 2014 Economical Component"}]},{"@type":"WebSite","@id":"https:\/\/acadiantest.cocompass.com\/#website","url":"https:\/\/acadiantest.cocompass.com\/","name":"Acadian Genealogy - Historical Acadian-Cajun Resources","description":"Learn About Acadians and Cajuns","publisher":{"@id":"https:\/\/acadiantest.cocompass.com\/#organization"},"potentialAction":[{"@type":"SearchAction","target":{"@type":"EntryPoint","urlTemplate":"https:\/\/acadiantest.cocompass.com\/?s={search_term_string}"},"query-input":{"@type":"PropertyValueSpecification","valueRequired":true,"valueName":"search_term_string"}}],"inLanguage":"fr-CA"},{"@type":"Organization","@id":"https:\/\/acadiantest.cocompass.com\/#organization","name":"Acadian Genealogy - Historical Acadian-Cajun Resources","url":"https:\/\/acadiantest.cocompass.com\/","logo":{"@type":"ImageObject","inLanguage":"fr-CA","@id":"https:\/\/acadiantest.cocompass.com\/#\/schema\/logo\/image\/","url":"https:\/\/acadiantest.cocompass.com\/wp-content\/uploads\/logo.png","contentUrl":"https:\/\/acadiantest.cocompass.com\/wp-content\/uploads\/logo.png","width":303,"height":125,"caption":"Acadian Genealogy - Historical Acadian-Cajun Resources"},"image":{"@id":"https:\/\/acadiantest.cocompass.com\/#\/schema\/logo\/image\/"}}]}},"_links":{"self":[{"href":"https:\/\/acadiantest.cocompass.com\/fr\/wp-json\/wp\/v2\/pages\/954","targetHints":{"allow":["GET"]}}],"collection":[{"href":"https:\/\/acadiantest.cocompass.com\/fr\/wp-json\/wp\/v2\/pages"}],"about":[{"href":"https:\/\/acadiantest.cocompass.com\/fr\/wp-json\/wp\/v2\/types\/page"}],"author":[{"embeddable":true,"href":"https:\/\/acadiantest.cocompass.com\/fr\/wp-json\/wp\/v2\/users\/2"}],"replies":[{"embeddable":true,"href":"https:\/\/acadiantest.cocompass.com\/fr\/wp-json\/wp\/v2\/comments?post=954"}],"version-history":[{"count":0,"href":"https:\/\/acadiantest.cocompass.com\/fr\/wp-json\/wp\/v2\/pages\/954\/revisions"}],"up":[{"embeddable":true,"href":"https:\/\/acadiantest.cocompass.com\/fr\/wp-json\/wp\/v2\/pages\/940"}],"wp:attachment":[{"href":"https:\/\/acadiantest.cocompass.com\/fr\/wp-json\/wp\/v2\/media?parent=954"}],"curies":[{"name":"wp","href":"https:\/\/api.w.org\/{rel}","templated":true}]}}