{"id":956,"date":"2016-08-26T15:00:27","date_gmt":"2016-08-26T19:00:27","guid":{"rendered":"https:\/\/acadiantest.cocompass.com\/?page_id=956"},"modified":"2018-11-24T21:10:38","modified_gmt":"2018-11-25T02:10:38","slug":"umfk-play-integral-role-congres-mondial-acadien-2014","status":"publish","type":"page","link":"https:\/\/acadiantest.cocompass.com\/fr\/culture\/acadian-world-congresscongres-mondial-acadien\/2014-acadian-world-congress\/news-releases-cma-2014\/umfk-play-integral-role-congres-mondial-acadien-2014\/","title":{"rendered":"UMFK to Play Integral Role in Congres Mondial Acadien 2014"},"content":{"rendered":"<p align=\"left\">23 February 2012<\/p>\n<p align=\"center\">[ As Posted on <a href=\"http:\/\/www.fiddleheadfocus.com\/\" target=\"_blank\" rel=\"noopener\">Fiddlehead Focus<\/a> ]<\/p>\n<p align=\"left\">FORT KENT &#8211; The University of Maine at Fort Kent will play a major role in the organization of the scientific and intellectual conferences to be held during the Congr\u00e8s Mondial Acadien\/World Acadian Congress, which Acadia of the Lands and Forests will host throughout August 2014.<\/p>\n<table border=\"1\" width=\"57%\" align=\"center\">\n<tbody>\n<tr>\n<td>\n<p align=\"center\"><img fetchpriority=\"high\" decoding=\"async\" src=\"https:\/\/acadiantest.cocompass.com\/images\/CMA2014.jpg\" width=\"500\" height=\"375\" \/><\/p>\n<\/td>\n<\/tr>\n<tr>\n<td>\n<h5>LAYING FOUNDATIONS &#8211; Members of the CMA conference organization committee came together in December to lay the foundation of the intellectual conferences. The committee consists of professors and researchers from UMFK, Universit\u00e9 de Moncton, campus d&#8217;Edmundston (UMCE), and the L&#8217;Universit\u00e9 du Qu\u00e9bec \u00e0 Rimouski campus (UQAR). Members of the committee shown here are, seated (l to r), Dr. Nicole Boudreau, assistant professor of French, UMFK, Jacques Paul Couturier, academic vice-president UMCE, and \u00c9ric Mathieu Doucet, director of the National Society of Acadia. Standing are (l to r) Marie-\u00c9laine Lebel, adjunct professor of French, UMCE, Jean-Ren\u00e9 Thuot, professor of history, UQAR, L\u00e9o Paul Charest, executive director CMA, Nicole Lang, professor of History, UMCE, Dr. Paul Buck, assistant professor of history and education, UMFK, Lise Pelletier, director of the Acadian Archives, and member of the international organizing committee of the CMA, UMFK, Andr\u00e9 Leclerc, professor of economics, UMCE. Missing from the photo is Anthony Gauvin, associate professor of electronic commerce, UMFK. &#8211;<\/h5>\n<\/td>\n<\/tr>\n<\/tbody>\n<\/table>\n<p align=\"left\">The international collaborative will unite the UMFK with the Universit\u00e9 de Moncton, campus d&#8217;Edmundston (UMCE) and the L&#8217;Universit\u00e9 du Qu\u00e9bec \u00e0 Rimouski campus (UQAR). Professors and researchers from the three institutions met in December with L\u00e9o-Paul Charest, executive director of the Congr\u00e8s Mondial Acadien (CMA) 2014, and with the director of the National Society of Acadia (SNA) \u00c9ric Mathieu Doucet.<\/p>\n<p>&#8220;The first meeting&#8217;s objective was to create a partnership in order to lay the foundation of the intellectual conferences. Discussion focused on establishing themes, the format, and the sequence of events&#8221; stated Jacques Paul Couturier, UMCE&#8217;s academic vice-president.<\/p>\n<p>&#8220;I&#8217;m delighted with the results of our meeting. There is an excellent spirit of collaboration amongst the researchers of the three universities and the project is eliciting much enthusiasm, which is a great predictor of the success of our joint venture. The next step involves presenting a detailed program to the COCMA for approval,&#8221; Couturier added.<\/p>\n<p>UMFK&#8217;s Assistant Professor of French Nicole Boudreau said, &#8220;I&#8217;m very happy to be part of the 2014 CMA conference organization committee. I&#8217;ve participated in past congresses as a presenter, but it will be interesting to see behind the scenes and play a part in shaping the themes and questions to be explored in 2014.&#8221;<\/p>\n<p>Lise Pelletier, director of UMFK&#8217;s Acadian Archives added, &#8220;Conferences are an essential part of every Acadian Congress. They have two important components: the academic conferences and the community-based conferences. Speakers from all over the world will address issues such as the economic future of Acadia of the Lands and Forests, sustainability, the forest industry, shared governance, education, culture and heritage. These conferences will be free and the public is invited to attend any and all.&#8221;<\/p>","protected":false},"excerpt":{"rendered":"<p>23 February 2012 [ As Posted on Fiddlehead Focus ] FORT KENT &#8211; The University of Maine at Fort Kent will play a major role in the organization of the scientific and intellectual conferences to be held during the Congr\u00e8s Mondial Acadien\/World Acadian Congress, which Acadia of the Lands and Forests will host throughout August [&hellip;]<\/p>","protected":false},"author":2,"featured_media":0,"parent":940,"menu_order":0,"comment_status":"closed","ping_status":"closed","template":"","meta":{"_crdt_document":"","_themeisle_gutenberg_block_has_review":false,"iawp_total_views":0,"footnotes":""},"class_list":["post-956","page","type-page","status-publish","hentry"],"yoast_head":"<!-- This site is optimized with the Yoast SEO plugin v26.6 - https:\/\/yoast.com\/wordpress\/plugins\/seo\/ -->\n<title>UMFK to Play Integral Role in Congres Mondial Acadien 2014 - Acadian Genealogy - Historical Acadian-Cajun Resources<\/title>\n<meta name=\"robots\" content=\"noindex, follow, max-snippet:-1, max-image-preview:large, max-video-preview:-1\" \/>\n<meta property=\"og:locale\" content=\"fr_CA\" \/>\n<meta property=\"og:type\" content=\"article\" \/>\n<meta property=\"og:title\" content=\"UMFK to Play Integral Role in Congres Mondial Acadien 2014 - Acadian Genealogy - Historical Acadian-Cajun Resources\" \/>\n<meta property=\"og:description\" content=\"23 February 2012 [ As Posted on Fiddlehead Focus ] FORT KENT &#8211; The University of Maine at Fort Kent will play a major role in the organization of the scientific and intellectual conferences to be held during the Congr\u00e8s Mondial Acadien\/World Acadian Congress, which Acadia of the Lands and Forests will host throughout August [&hellip;]\" \/>\n<meta property=\"og:url\" content=\"https:\/\/acadiantest.cocompass.com\/fr\/culture\/acadian-world-congresscongres-mondial-acadien\/2014-acadian-world-congress\/news-releases-cma-2014\/umfk-play-integral-role-congres-mondial-acadien-2014\/\" \/>\n<meta property=\"og:site_name\" content=\"Acadian Genealogy - Historical Acadian-Cajun Resources\" \/>\n<meta property=\"article:modified_time\" content=\"2018-11-25T02:10:38+00:00\" \/>\n<meta property=\"og:image\" content=\"https:\/\/acadian.mystagingwebsite.com\/images\/CMA2014.jpg\" \/>\n<meta name=\"twitter:card\" content=\"summary_large_image\" \/>\n<meta name=\"twitter:label1\" content=\"Estimation du temps de lecture\" \/>\n\t<meta name=\"twitter:data1\" content=\"2 minutes\" \/>\n<script type=\"application\/ld+json\" class=\"yoast-schema-graph\">{\"@context\":\"https:\/\/schema.org\",\"@graph\":[{\"@type\":\"WebPage\",\"@id\":\"https:\/\/acadiantest.cocompass.com\/culture\/acadian-world-congresscongres-mondial-acadien\/2014-acadian-world-congress\/news-releases-cma-2014\/umfk-play-integral-role-congres-mondial-acadien-2014\/\",\"url\":\"https:\/\/acadiantest.cocompass.com\/culture\/acadian-world-congresscongres-mondial-acadien\/2014-acadian-world-congress\/news-releases-cma-2014\/umfk-play-integral-role-congres-mondial-acadien-2014\/\",\"name\":\"UMFK to Play Integral Role in Congres Mondial Acadien 2014 - Acadian Genealogy - Historical Acadian-Cajun Resources\",\"isPartOf\":{\"@id\":\"https:\/\/acadiantest.cocompass.com\/#website\"},\"primaryImageOfPage\":{\"@id\":\"https:\/\/acadiantest.cocompass.com\/culture\/acadian-world-congresscongres-mondial-acadien\/2014-acadian-world-congress\/news-releases-cma-2014\/umfk-play-integral-role-congres-mondial-acadien-2014\/#primaryimage\"},\"image\":{\"@id\":\"https:\/\/acadiantest.cocompass.com\/culture\/acadian-world-congresscongres-mondial-acadien\/2014-acadian-world-congress\/news-releases-cma-2014\/umfk-play-integral-role-congres-mondial-acadien-2014\/#primaryimage\"},\"thumbnailUrl\":\"https:\/\/acadiantest.cocompass.com\/images\/CMA2014.jpg\",\"datePublished\":\"2016-08-26T19:00:27+00:00\",\"dateModified\":\"2018-11-25T02:10:38+00:00\",\"breadcrumb\":{\"@id\":\"https:\/\/acadiantest.cocompass.com\/culture\/acadian-world-congresscongres-mondial-acadien\/2014-acadian-world-congress\/news-releases-cma-2014\/umfk-play-integral-role-congres-mondial-acadien-2014\/#breadcrumb\"},\"inLanguage\":\"fr-CA\",\"potentialAction\":[{\"@type\":\"ReadAction\",\"target\":[\"https:\/\/acadiantest.cocompass.com\/culture\/acadian-world-congresscongres-mondial-acadien\/2014-acadian-world-congress\/news-releases-cma-2014\/umfk-play-integral-role-congres-mondial-acadien-2014\/\"]}]},{\"@type\":\"ImageObject\",\"inLanguage\":\"fr-CA\",\"@id\":\"https:\/\/acadiantest.cocompass.com\/culture\/acadian-world-congresscongres-mondial-acadien\/2014-acadian-world-congress\/news-releases-cma-2014\/umfk-play-integral-role-congres-mondial-acadien-2014\/#primaryimage\",\"url\":\"https:\/\/acadiantest.cocompass.com\/images\/CMA2014.jpg\",\"contentUrl\":\"https:\/\/acadiantest.cocompass.com\/images\/CMA2014.jpg\"},{\"@type\":\"BreadcrumbList\",\"@id\":\"https:\/\/acadiantest.cocompass.com\/culture\/acadian-world-congresscongres-mondial-acadien\/2014-acadian-world-congress\/news-releases-cma-2014\/umfk-play-integral-role-congres-mondial-acadien-2014\/#breadcrumb\",\"itemListElement\":[{\"@type\":\"ListItem\",\"position\":1,\"name\":\"Accueil\",\"item\":\"https:\/\/acadiantest.cocompass.com\/\"},{\"@type\":\"ListItem\",\"position\":2,\"name\":\"Culture\",\"item\":\"https:\/\/acadiantest.cocompass.com\/culture\/\"},{\"@type\":\"ListItem\",\"position\":3,\"name\":\"Acadian World Congress\/Congr\u00e8s Mondial Acadien\",\"item\":\"https:\/\/acadiantest.cocompass.com\/culture\/acadian-world-congresscongres-mondial-acadien\/\"},{\"@type\":\"ListItem\",\"position\":4,\"name\":\"2014 Acadian World Congress\",\"item\":\"https:\/\/acadiantest.cocompass.com\/culture\/acadian-world-congresscongres-mondial-acadien\/2014-acadian-world-congress\/\"},{\"@type\":\"ListItem\",\"position\":5,\"name\":\"News Releases CMA 2014\",\"item\":\"https:\/\/acadiantest.cocompass.com\/culture\/acadian-world-congresscongres-mondial-acadien\/2014-acadian-world-congress\/news-releases-cma-2014\/\"},{\"@type\":\"ListItem\",\"position\":6,\"name\":\"UMFK to Play Integral Role in Congres Mondial Acadien 2014\"}]},{\"@type\":\"WebSite\",\"@id\":\"https:\/\/acadiantest.cocompass.com\/#website\",\"url\":\"https:\/\/acadiantest.cocompass.com\/\",\"name\":\"Acadian Genealogy - Historical Acadian-Cajun Resources\",\"description\":\"Learn About Acadians and Cajuns\",\"publisher\":{\"@id\":\"https:\/\/acadiantest.cocompass.com\/#organization\"},\"potentialAction\":[{\"@type\":\"SearchAction\",\"target\":{\"@type\":\"EntryPoint\",\"urlTemplate\":\"https:\/\/acadiantest.cocompass.com\/?s={search_term_string}\"},\"query-input\":{\"@type\":\"PropertyValueSpecification\",\"valueRequired\":true,\"valueName\":\"search_term_string\"}}],\"inLanguage\":\"fr-CA\"},{\"@type\":\"Organization\",\"@id\":\"https:\/\/acadiantest.cocompass.com\/#organization\",\"name\":\"Acadian Genealogy - Historical Acadian-Cajun Resources\",\"url\":\"https:\/\/acadiantest.cocompass.com\/\",\"logo\":{\"@type\":\"ImageObject\",\"inLanguage\":\"fr-CA\",\"@id\":\"https:\/\/acadiantest.cocompass.com\/#\/schema\/logo\/image\/\",\"url\":\"https:\/\/acadiantest.cocompass.com\/wp-content\/uploads\/logo.png\",\"contentUrl\":\"https:\/\/acadiantest.cocompass.com\/wp-content\/uploads\/logo.png\",\"width\":303,\"height\":125,\"caption\":\"Acadian Genealogy - Historical Acadian-Cajun Resources\"},\"image\":{\"@id\":\"https:\/\/acadiantest.cocompass.com\/#\/schema\/logo\/image\/\"}}]}<\/script>\n<!-- \/ Yoast SEO plugin. -->","yoast_head_json":{"title":"UMFK to Play Integral Role in Congres Mondial Acadien 2014 - Acadian Genealogy - Historical Acadian-Cajun Resources","robots":{"index":"noindex","follow":"follow","max-snippet":"max-snippet:-1","max-image-preview":"max-image-preview:large","max-video-preview":"max-video-preview:-1"},"og_locale":"fr_CA","og_type":"article","og_title":"UMFK to Play Integral Role in Congres Mondial Acadien 2014 - Acadian Genealogy - Historical Acadian-Cajun Resources","og_description":"23 February 2012 [ As Posted on Fiddlehead Focus ] FORT KENT &#8211; The University of Maine at Fort Kent will play a major role in the organization of the scientific and intellectual conferences to be held during the Congr\u00e8s Mondial Acadien\/World Acadian Congress, which Acadia of the Lands and Forests will host throughout August [&hellip;]","og_url":"https:\/\/acadiantest.cocompass.com\/fr\/culture\/acadian-world-congresscongres-mondial-acadien\/2014-acadian-world-congress\/news-releases-cma-2014\/umfk-play-integral-role-congres-mondial-acadien-2014\/","og_site_name":"Acadian Genealogy - Historical Acadian-Cajun Resources","article_modified_time":"2018-11-25T02:10:38+00:00","og_image":[{"url":"https:\/\/acadian.mystagingwebsite.com\/images\/CMA2014.jpg","type":"","width":"","height":""}],"twitter_card":"summary_large_image","twitter_misc":{"Estimation du temps de lecture":"2 minutes"},"schema":{"@context":"https:\/\/schema.org","@graph":[{"@type":"WebPage","@id":"https:\/\/acadiantest.cocompass.com\/culture\/acadian-world-congresscongres-mondial-acadien\/2014-acadian-world-congress\/news-releases-cma-2014\/umfk-play-integral-role-congres-mondial-acadien-2014\/","url":"https:\/\/acadiantest.cocompass.com\/culture\/acadian-world-congresscongres-mondial-acadien\/2014-acadian-world-congress\/news-releases-cma-2014\/umfk-play-integral-role-congres-mondial-acadien-2014\/","name":"UMFK to Play Integral Role in Congres Mondial Acadien 2014 - Acadian Genealogy - Historical Acadian-Cajun Resources","isPartOf":{"@id":"https:\/\/acadiantest.cocompass.com\/#website"},"primaryImageOfPage":{"@id":"https:\/\/acadiantest.cocompass.com\/culture\/acadian-world-congresscongres-mondial-acadien\/2014-acadian-world-congress\/news-releases-cma-2014\/umfk-play-integral-role-congres-mondial-acadien-2014\/#primaryimage"},"image":{"@id":"https:\/\/acadiantest.cocompass.com\/culture\/acadian-world-congresscongres-mondial-acadien\/2014-acadian-world-congress\/news-releases-cma-2014\/umfk-play-integral-role-congres-mondial-acadien-2014\/#primaryimage"},"thumbnailUrl":"https:\/\/acadiantest.cocompass.com\/images\/CMA2014.jpg","datePublished":"2016-08-26T19:00:27+00:00","dateModified":"2018-11-25T02:10:38+00:00","breadcrumb":{"@id":"https:\/\/acadiantest.cocompass.com\/culture\/acadian-world-congresscongres-mondial-acadien\/2014-acadian-world-congress\/news-releases-cma-2014\/umfk-play-integral-role-congres-mondial-acadien-2014\/#breadcrumb"},"inLanguage":"fr-CA","potentialAction":[{"@type":"ReadAction","target":["https:\/\/acadiantest.cocompass.com\/culture\/acadian-world-congresscongres-mondial-acadien\/2014-acadian-world-congress\/news-releases-cma-2014\/umfk-play-integral-role-congres-mondial-acadien-2014\/"]}]},{"@type":"ImageObject","inLanguage":"fr-CA","@id":"https:\/\/acadiantest.cocompass.com\/culture\/acadian-world-congresscongres-mondial-acadien\/2014-acadian-world-congress\/news-releases-cma-2014\/umfk-play-integral-role-congres-mondial-acadien-2014\/#primaryimage","url":"https:\/\/acadiantest.cocompass.com\/images\/CMA2014.jpg","contentUrl":"https:\/\/acadiantest.cocompass.com\/images\/CMA2014.jpg"},{"@type":"BreadcrumbList","@id":"https:\/\/acadiantest.cocompass.com\/culture\/acadian-world-congresscongres-mondial-acadien\/2014-acadian-world-congress\/news-releases-cma-2014\/umfk-play-integral-role-congres-mondial-acadien-2014\/#breadcrumb","itemListElement":[{"@type":"ListItem","position":1,"name":"Accueil","item":"https:\/\/acadiantest.cocompass.com\/"},{"@type":"ListItem","position":2,"name":"Culture","item":"https:\/\/acadiantest.cocompass.com\/culture\/"},{"@type":"ListItem","position":3,"name":"Acadian World Congress\/Congr\u00e8s Mondial Acadien","item":"https:\/\/acadiantest.cocompass.com\/culture\/acadian-world-congresscongres-mondial-acadien\/"},{"@type":"ListItem","position":4,"name":"2014 Acadian World Congress","item":"https:\/\/acadiantest.cocompass.com\/culture\/acadian-world-congresscongres-mondial-acadien\/2014-acadian-world-congress\/"},{"@type":"ListItem","position":5,"name":"News Releases CMA 2014","item":"https:\/\/acadiantest.cocompass.com\/culture\/acadian-world-congresscongres-mondial-acadien\/2014-acadian-world-congress\/news-releases-cma-2014\/"},{"@type":"ListItem","position":6,"name":"UMFK to Play Integral Role in Congres Mondial Acadien 2014"}]},{"@type":"WebSite","@id":"https:\/\/acadiantest.cocompass.com\/#website","url":"https:\/\/acadiantest.cocompass.com\/","name":"Acadian Genealogy - Historical Acadian-Cajun Resources","description":"Learn About Acadians and Cajuns","publisher":{"@id":"https:\/\/acadiantest.cocompass.com\/#organization"},"potentialAction":[{"@type":"SearchAction","target":{"@type":"EntryPoint","urlTemplate":"https:\/\/acadiantest.cocompass.com\/?s={search_term_string}"},"query-input":{"@type":"PropertyValueSpecification","valueRequired":true,"valueName":"search_term_string"}}],"inLanguage":"fr-CA"},{"@type":"Organization","@id":"https:\/\/acadiantest.cocompass.com\/#organization","name":"Acadian Genealogy - Historical Acadian-Cajun Resources","url":"https:\/\/acadiantest.cocompass.com\/","logo":{"@type":"ImageObject","inLanguage":"fr-CA","@id":"https:\/\/acadiantest.cocompass.com\/#\/schema\/logo\/image\/","url":"https:\/\/acadiantest.cocompass.com\/wp-content\/uploads\/logo.png","contentUrl":"https:\/\/acadiantest.cocompass.com\/wp-content\/uploads\/logo.png","width":303,"height":125,"caption":"Acadian Genealogy - Historical Acadian-Cajun Resources"},"image":{"@id":"https:\/\/acadiantest.cocompass.com\/#\/schema\/logo\/image\/"}}]}},"_links":{"self":[{"href":"https:\/\/acadiantest.cocompass.com\/fr\/wp-json\/wp\/v2\/pages\/956","targetHints":{"allow":["GET"]}}],"collection":[{"href":"https:\/\/acadiantest.cocompass.com\/fr\/wp-json\/wp\/v2\/pages"}],"about":[{"href":"https:\/\/acadiantest.cocompass.com\/fr\/wp-json\/wp\/v2\/types\/page"}],"author":[{"embeddable":true,"href":"https:\/\/acadiantest.cocompass.com\/fr\/wp-json\/wp\/v2\/users\/2"}],"replies":[{"embeddable":true,"href":"https:\/\/acadiantest.cocompass.com\/fr\/wp-json\/wp\/v2\/comments?post=956"}],"version-history":[{"count":0,"href":"https:\/\/acadiantest.cocompass.com\/fr\/wp-json\/wp\/v2\/pages\/956\/revisions"}],"up":[{"embeddable":true,"href":"https:\/\/acadiantest.cocompass.com\/fr\/wp-json\/wp\/v2\/pages\/940"}],"wp:attachment":[{"href":"https:\/\/acadiantest.cocompass.com\/fr\/wp-json\/wp\/v2\/media?parent=956"}],"curies":[{"name":"wp","href":"https:\/\/api.w.org\/{rel}","templated":true}]}}