{"id":999,"date":"2016-08-26T16:56:46","date_gmt":"2016-08-26T20:56:46","guid":{"rendered":"https:\/\/acadiantest.cocompass.com\/?page_id=999"},"modified":"2018-11-25T15:16:20","modified_gmt":"2018-11-25T20:16:20","slug":"press-release-invitation-organizing-family-gatherings","status":"publish","type":"page","link":"https:\/\/acadiantest.cocompass.com\/fr\/culture\/acadian-world-congresscongres-mondial-acadien\/2014-acadian-world-congress\/family-reunions\/press-release-invitation-organizing-family-gatherings\/","title":{"rendered":"Press Release:  Invitation for Organizing Family Gatherings"},"content":{"rendered":"<p align=\"left\">November 8, 2011;<\/p>\n<p align=\"left\">Congr\u00e8s mondial acadien 2014<br \/>\nThe organizing committee of the 2014 CMA invites you to an information session on family gatherings.<\/p>\n<p>Ms. Lisette Cormier No\u00ebl, in charge for the case of meetings families during the 2009 conference, will be the host of the evening. Mrs. No\u00ebl will share her experiences, shed light on the steps and preparation for the success of a family gathering. Finally, she will answer to your questions.<\/p>\n<p>Whether you have already submitted a form to arrange a meeting of family or not, this evening is for you. Invite members of your family and come meet us this Thursday, November 10th 7 PM @ the Madawaska Museum.<\/p>\n<p>For more information: Michelle Daigle, Coordinator of NB<br \/>\n737-5431<\/p>\n<p align=\"center\"><img fetchpriority=\"high\" decoding=\"async\" src=\"https:\/\/acadiantest.cocompass.com\/images\/cma-2014photo3-edited.jpg\" width=\"823\" height=\"564\" \/><\/p>\n<p align=\"left\">Soci\u00e9t\u00e9 Nationale de l&#8217;Acadie; La pr\u00e9sidente de la SNA en compagnie de L\u00e9o-Paul Charest, directeur g\u00e9n\u00e9ral du CMA 2014, Monsieur Ray Trahan, pr\u00e9sident du conseil ex\u00e9cutif du GRA 2011, Monsieur Jason Parent, co-pr\u00e9sident CMA 2014 &#8211; r\u00e9gion du Maine et Madame Brenda Trahan, directrice du GRA 2011. [Photo taken in St. Martinville, Louisiana at the Acadian Memorial Museum].<\/p>\n<p align=\"left\">October 14, 2011;<\/p>\n<p align=\"left\">Congres Mondial Acadien 2014<\/p>\n<p align=\"left\">High interest in Family Reunions during World Congress prompts Maine officials to schedule two additional information sessions in Fort Kent and Van Biren.<\/p>\n<p align=\"left\">Acadia of the Lands and Forests &#8211; For those interested in hosting a family reunion during the World Acadian Congress 2014, mark your calendar.. We&#8217;ll be giving you the background of the World Acadian Congress and what it takes to &#8230;put on a family gathering during the event. We&#8217;ll be in Fort Kent at the Town Office on the 20th of October at 6pm and in Van Buren at the Town Office on the 25th of October Office at 6pm.<\/p>\n<p>Contact<\/p>\n<p>World Acadian Congress<br \/>\nMaine Regional Coordinator<br \/>\nPhone: 207-551-2014<br \/>\nEmail: <a href=\"mailto:lpelletier@nmdc.org\">lpelletier@nmdc.org<\/a><br \/>\nP.O. Box 214<br \/>\nMadawaska, Maine 04756<\/p>","protected":false},"excerpt":{"rendered":"<p>November 8, 2011; Congr\u00e8s mondial acadien 2014 The organizing committee of the 2014 CMA invites you to an information session on family gatherings. Ms. Lisette Cormier No\u00ebl, in charge for the case of meetings families during the 2009 conference, will be the host of the evening. Mrs. No\u00ebl will share her experiences, shed light on [&hellip;]<\/p>","protected":false},"author":2,"featured_media":0,"parent":965,"menu_order":0,"comment_status":"closed","ping_status":"closed","template":"","meta":{"_crdt_document":"","_themeisle_gutenberg_block_has_review":false,"iawp_total_views":0,"footnotes":""},"class_list":["post-999","page","type-page","status-publish","hentry"],"yoast_head":"<!-- This site is optimized with the Yoast SEO plugin v26.6 - https:\/\/yoast.com\/wordpress\/plugins\/seo\/ -->\n<title>Press Release: Invitation for Organizing Family Gatherings - Acadian Genealogy - Historical Acadian-Cajun Resources<\/title>\n<meta name=\"robots\" content=\"noindex, follow, max-snippet:-1, max-image-preview:large, max-video-preview:-1\" \/>\n<meta property=\"og:locale\" content=\"fr_CA\" \/>\n<meta property=\"og:type\" content=\"article\" \/>\n<meta property=\"og:title\" content=\"Press Release: Invitation for Organizing Family Gatherings - Acadian Genealogy - Historical Acadian-Cajun Resources\" \/>\n<meta property=\"og:description\" content=\"November 8, 2011; Congr\u00e8s mondial acadien 2014 The organizing committee of the 2014 CMA invites you to an information session on family gatherings. Ms. Lisette Cormier No\u00ebl, in charge for the case of meetings families during the 2009 conference, will be the host of the evening. Mrs. No\u00ebl will share her experiences, shed light on [&hellip;]\" \/>\n<meta property=\"og:url\" content=\"https:\/\/acadiantest.cocompass.com\/fr\/culture\/acadian-world-congresscongres-mondial-acadien\/2014-acadian-world-congress\/family-reunions\/press-release-invitation-organizing-family-gatherings\/\" \/>\n<meta property=\"og:site_name\" content=\"Acadian Genealogy - Historical Acadian-Cajun Resources\" \/>\n<meta property=\"article:modified_time\" content=\"2018-11-25T20:16:20+00:00\" \/>\n<meta property=\"og:image\" content=\"https:\/\/acadian.mystagingwebsite.com\/images\/cma-2014photo3-edited.jpg\" \/>\n<meta name=\"twitter:card\" content=\"summary_large_image\" \/>\n<meta name=\"twitter:label1\" content=\"Estimation du temps de lecture\" \/>\n\t<meta name=\"twitter:data1\" content=\"2 minutes\" \/>\n<script type=\"application\/ld+json\" class=\"yoast-schema-graph\">{\"@context\":\"https:\/\/schema.org\",\"@graph\":[{\"@type\":\"WebPage\",\"@id\":\"https:\/\/acadiantest.cocompass.com\/culture\/acadian-world-congresscongres-mondial-acadien\/2014-acadian-world-congress\/family-reunions\/press-release-invitation-organizing-family-gatherings\/\",\"url\":\"https:\/\/acadiantest.cocompass.com\/culture\/acadian-world-congresscongres-mondial-acadien\/2014-acadian-world-congress\/family-reunions\/press-release-invitation-organizing-family-gatherings\/\",\"name\":\"Press Release: Invitation for Organizing Family Gatherings - Acadian Genealogy - Historical Acadian-Cajun Resources\",\"isPartOf\":{\"@id\":\"https:\/\/acadiantest.cocompass.com\/#website\"},\"primaryImageOfPage\":{\"@id\":\"https:\/\/acadiantest.cocompass.com\/culture\/acadian-world-congresscongres-mondial-acadien\/2014-acadian-world-congress\/family-reunions\/press-release-invitation-organizing-family-gatherings\/#primaryimage\"},\"image\":{\"@id\":\"https:\/\/acadiantest.cocompass.com\/culture\/acadian-world-congresscongres-mondial-acadien\/2014-acadian-world-congress\/family-reunions\/press-release-invitation-organizing-family-gatherings\/#primaryimage\"},\"thumbnailUrl\":\"https:\/\/acadiantest.cocompass.com\/images\/cma-2014photo3-edited.jpg\",\"datePublished\":\"2016-08-26T20:56:46+00:00\",\"dateModified\":\"2018-11-25T20:16:20+00:00\",\"breadcrumb\":{\"@id\":\"https:\/\/acadiantest.cocompass.com\/culture\/acadian-world-congresscongres-mondial-acadien\/2014-acadian-world-congress\/family-reunions\/press-release-invitation-organizing-family-gatherings\/#breadcrumb\"},\"inLanguage\":\"fr-CA\",\"potentialAction\":[{\"@type\":\"ReadAction\",\"target\":[\"https:\/\/acadiantest.cocompass.com\/culture\/acadian-world-congresscongres-mondial-acadien\/2014-acadian-world-congress\/family-reunions\/press-release-invitation-organizing-family-gatherings\/\"]}]},{\"@type\":\"ImageObject\",\"inLanguage\":\"fr-CA\",\"@id\":\"https:\/\/acadiantest.cocompass.com\/culture\/acadian-world-congresscongres-mondial-acadien\/2014-acadian-world-congress\/family-reunions\/press-release-invitation-organizing-family-gatherings\/#primaryimage\",\"url\":\"https:\/\/acadiantest.cocompass.com\/images\/cma-2014photo3-edited.jpg\",\"contentUrl\":\"https:\/\/acadiantest.cocompass.com\/images\/cma-2014photo3-edited.jpg\"},{\"@type\":\"BreadcrumbList\",\"@id\":\"https:\/\/acadiantest.cocompass.com\/culture\/acadian-world-congresscongres-mondial-acadien\/2014-acadian-world-congress\/family-reunions\/press-release-invitation-organizing-family-gatherings\/#breadcrumb\",\"itemListElement\":[{\"@type\":\"ListItem\",\"position\":1,\"name\":\"Accueil\",\"item\":\"https:\/\/acadiantest.cocompass.com\/\"},{\"@type\":\"ListItem\",\"position\":2,\"name\":\"Culture\",\"item\":\"https:\/\/acadiantest.cocompass.com\/culture\/\"},{\"@type\":\"ListItem\",\"position\":3,\"name\":\"Acadian World Congress\/Congr\u00e8s Mondial Acadien\",\"item\":\"https:\/\/acadiantest.cocompass.com\/culture\/acadian-world-congresscongres-mondial-acadien\/\"},{\"@type\":\"ListItem\",\"position\":4,\"name\":\"2014 Acadian World Congress\",\"item\":\"https:\/\/acadiantest.cocompass.com\/culture\/acadian-world-congresscongres-mondial-acadien\/2014-acadian-world-congress\/\"},{\"@type\":\"ListItem\",\"position\":5,\"name\":\"Family Reunions\",\"item\":\"https:\/\/acadiantest.cocompass.com\/culture\/acadian-world-congresscongres-mondial-acadien\/2014-acadian-world-congress\/family-reunions\/\"},{\"@type\":\"ListItem\",\"position\":6,\"name\":\"Press Release: Invitation for Organizing Family Gatherings\"}]},{\"@type\":\"WebSite\",\"@id\":\"https:\/\/acadiantest.cocompass.com\/#website\",\"url\":\"https:\/\/acadiantest.cocompass.com\/\",\"name\":\"Acadian Genealogy - Historical Acadian-Cajun Resources\",\"description\":\"Learn About Acadians and Cajuns\",\"publisher\":{\"@id\":\"https:\/\/acadiantest.cocompass.com\/#organization\"},\"potentialAction\":[{\"@type\":\"SearchAction\",\"target\":{\"@type\":\"EntryPoint\",\"urlTemplate\":\"https:\/\/acadiantest.cocompass.com\/?s={search_term_string}\"},\"query-input\":{\"@type\":\"PropertyValueSpecification\",\"valueRequired\":true,\"valueName\":\"search_term_string\"}}],\"inLanguage\":\"fr-CA\"},{\"@type\":\"Organization\",\"@id\":\"https:\/\/acadiantest.cocompass.com\/#organization\",\"name\":\"Acadian Genealogy - Historical Acadian-Cajun Resources\",\"url\":\"https:\/\/acadiantest.cocompass.com\/\",\"logo\":{\"@type\":\"ImageObject\",\"inLanguage\":\"fr-CA\",\"@id\":\"https:\/\/acadiantest.cocompass.com\/#\/schema\/logo\/image\/\",\"url\":\"https:\/\/acadiantest.cocompass.com\/wp-content\/uploads\/logo.png\",\"contentUrl\":\"https:\/\/acadiantest.cocompass.com\/wp-content\/uploads\/logo.png\",\"width\":303,\"height\":125,\"caption\":\"Acadian Genealogy - Historical Acadian-Cajun Resources\"},\"image\":{\"@id\":\"https:\/\/acadiantest.cocompass.com\/#\/schema\/logo\/image\/\"}}]}<\/script>\n<!-- \/ Yoast SEO plugin. -->","yoast_head_json":{"title":"Press Release: Invitation for Organizing Family Gatherings - Acadian Genealogy - Historical Acadian-Cajun Resources","robots":{"index":"noindex","follow":"follow","max-snippet":"max-snippet:-1","max-image-preview":"max-image-preview:large","max-video-preview":"max-video-preview:-1"},"og_locale":"fr_CA","og_type":"article","og_title":"Press Release: Invitation for Organizing Family Gatherings - Acadian Genealogy - Historical Acadian-Cajun Resources","og_description":"November 8, 2011; Congr\u00e8s mondial acadien 2014 The organizing committee of the 2014 CMA invites you to an information session on family gatherings. Ms. Lisette Cormier No\u00ebl, in charge for the case of meetings families during the 2009 conference, will be the host of the evening. Mrs. No\u00ebl will share her experiences, shed light on [&hellip;]","og_url":"https:\/\/acadiantest.cocompass.com\/fr\/culture\/acadian-world-congresscongres-mondial-acadien\/2014-acadian-world-congress\/family-reunions\/press-release-invitation-organizing-family-gatherings\/","og_site_name":"Acadian Genealogy - Historical Acadian-Cajun Resources","article_modified_time":"2018-11-25T20:16:20+00:00","og_image":[{"url":"https:\/\/acadian.mystagingwebsite.com\/images\/cma-2014photo3-edited.jpg","type":"","width":"","height":""}],"twitter_card":"summary_large_image","twitter_misc":{"Estimation du temps de lecture":"2 minutes"},"schema":{"@context":"https:\/\/schema.org","@graph":[{"@type":"WebPage","@id":"https:\/\/acadiantest.cocompass.com\/culture\/acadian-world-congresscongres-mondial-acadien\/2014-acadian-world-congress\/family-reunions\/press-release-invitation-organizing-family-gatherings\/","url":"https:\/\/acadiantest.cocompass.com\/culture\/acadian-world-congresscongres-mondial-acadien\/2014-acadian-world-congress\/family-reunions\/press-release-invitation-organizing-family-gatherings\/","name":"Press Release: Invitation for Organizing Family Gatherings - Acadian Genealogy - Historical Acadian-Cajun Resources","isPartOf":{"@id":"https:\/\/acadiantest.cocompass.com\/#website"},"primaryImageOfPage":{"@id":"https:\/\/acadiantest.cocompass.com\/culture\/acadian-world-congresscongres-mondial-acadien\/2014-acadian-world-congress\/family-reunions\/press-release-invitation-organizing-family-gatherings\/#primaryimage"},"image":{"@id":"https:\/\/acadiantest.cocompass.com\/culture\/acadian-world-congresscongres-mondial-acadien\/2014-acadian-world-congress\/family-reunions\/press-release-invitation-organizing-family-gatherings\/#primaryimage"},"thumbnailUrl":"https:\/\/acadiantest.cocompass.com\/images\/cma-2014photo3-edited.jpg","datePublished":"2016-08-26T20:56:46+00:00","dateModified":"2018-11-25T20:16:20+00:00","breadcrumb":{"@id":"https:\/\/acadiantest.cocompass.com\/culture\/acadian-world-congresscongres-mondial-acadien\/2014-acadian-world-congress\/family-reunions\/press-release-invitation-organizing-family-gatherings\/#breadcrumb"},"inLanguage":"fr-CA","potentialAction":[{"@type":"ReadAction","target":["https:\/\/acadiantest.cocompass.com\/culture\/acadian-world-congresscongres-mondial-acadien\/2014-acadian-world-congress\/family-reunions\/press-release-invitation-organizing-family-gatherings\/"]}]},{"@type":"ImageObject","inLanguage":"fr-CA","@id":"https:\/\/acadiantest.cocompass.com\/culture\/acadian-world-congresscongres-mondial-acadien\/2014-acadian-world-congress\/family-reunions\/press-release-invitation-organizing-family-gatherings\/#primaryimage","url":"https:\/\/acadiantest.cocompass.com\/images\/cma-2014photo3-edited.jpg","contentUrl":"https:\/\/acadiantest.cocompass.com\/images\/cma-2014photo3-edited.jpg"},{"@type":"BreadcrumbList","@id":"https:\/\/acadiantest.cocompass.com\/culture\/acadian-world-congresscongres-mondial-acadien\/2014-acadian-world-congress\/family-reunions\/press-release-invitation-organizing-family-gatherings\/#breadcrumb","itemListElement":[{"@type":"ListItem","position":1,"name":"Accueil","item":"https:\/\/acadiantest.cocompass.com\/"},{"@type":"ListItem","position":2,"name":"Culture","item":"https:\/\/acadiantest.cocompass.com\/culture\/"},{"@type":"ListItem","position":3,"name":"Acadian World Congress\/Congr\u00e8s Mondial Acadien","item":"https:\/\/acadiantest.cocompass.com\/culture\/acadian-world-congresscongres-mondial-acadien\/"},{"@type":"ListItem","position":4,"name":"2014 Acadian World Congress","item":"https:\/\/acadiantest.cocompass.com\/culture\/acadian-world-congresscongres-mondial-acadien\/2014-acadian-world-congress\/"},{"@type":"ListItem","position":5,"name":"Family Reunions","item":"https:\/\/acadiantest.cocompass.com\/culture\/acadian-world-congresscongres-mondial-acadien\/2014-acadian-world-congress\/family-reunions\/"},{"@type":"ListItem","position":6,"name":"Press Release: Invitation for Organizing Family Gatherings"}]},{"@type":"WebSite","@id":"https:\/\/acadiantest.cocompass.com\/#website","url":"https:\/\/acadiantest.cocompass.com\/","name":"Acadian Genealogy - Historical Acadian-Cajun Resources","description":"Learn About Acadians and Cajuns","publisher":{"@id":"https:\/\/acadiantest.cocompass.com\/#organization"},"potentialAction":[{"@type":"SearchAction","target":{"@type":"EntryPoint","urlTemplate":"https:\/\/acadiantest.cocompass.com\/?s={search_term_string}"},"query-input":{"@type":"PropertyValueSpecification","valueRequired":true,"valueName":"search_term_string"}}],"inLanguage":"fr-CA"},{"@type":"Organization","@id":"https:\/\/acadiantest.cocompass.com\/#organization","name":"Acadian Genealogy - Historical Acadian-Cajun Resources","url":"https:\/\/acadiantest.cocompass.com\/","logo":{"@type":"ImageObject","inLanguage":"fr-CA","@id":"https:\/\/acadiantest.cocompass.com\/#\/schema\/logo\/image\/","url":"https:\/\/acadiantest.cocompass.com\/wp-content\/uploads\/logo.png","contentUrl":"https:\/\/acadiantest.cocompass.com\/wp-content\/uploads\/logo.png","width":303,"height":125,"caption":"Acadian Genealogy - Historical Acadian-Cajun Resources"},"image":{"@id":"https:\/\/acadiantest.cocompass.com\/#\/schema\/logo\/image\/"}}]}},"_links":{"self":[{"href":"https:\/\/acadiantest.cocompass.com\/fr\/wp-json\/wp\/v2\/pages\/999","targetHints":{"allow":["GET"]}}],"collection":[{"href":"https:\/\/acadiantest.cocompass.com\/fr\/wp-json\/wp\/v2\/pages"}],"about":[{"href":"https:\/\/acadiantest.cocompass.com\/fr\/wp-json\/wp\/v2\/types\/page"}],"author":[{"embeddable":true,"href":"https:\/\/acadiantest.cocompass.com\/fr\/wp-json\/wp\/v2\/users\/2"}],"replies":[{"embeddable":true,"href":"https:\/\/acadiantest.cocompass.com\/fr\/wp-json\/wp\/v2\/comments?post=999"}],"version-history":[{"count":0,"href":"https:\/\/acadiantest.cocompass.com\/fr\/wp-json\/wp\/v2\/pages\/999\/revisions"}],"up":[{"embeddable":true,"href":"https:\/\/acadiantest.cocompass.com\/fr\/wp-json\/wp\/v2\/pages\/965"}],"wp:attachment":[{"href":"https:\/\/acadiantest.cocompass.com\/fr\/wp-json\/wp\/v2\/media?parent=999"}],"curies":[{"name":"wp","href":"https:\/\/api.w.org\/{rel}","templated":true}]}}